{"id":8488,"date":"2021-05-13T16:15:38","date_gmt":"2021-05-13T14:15:38","guid":{"rendered":"https:\/\/bolting.eu\/?post_type=product&#038;p=8488"},"modified":"2025-02-20T18:05:58","modified_gmt":"2025-02-20T17:05:58","slug":"singing-rock-monty-bag","status":"publish","type":"product","link":"https:\/\/bolting.eu\/en\/shop\/singing-rock-monty-bag\/","title":{"rendered":"Singing Rock Monty Bag"},"content":{"rendered":"<p>Der Singing Rock Monty Bag ist eine universelle Bouldertasche. D.h. sie kann genauso als Arbeitstasche oder Materialtasche verwendet werden, wie eben zum Einpacken eurer <a href=\"https:\/\/bolting.eu\/boulderausruestung\/\">Boulderausr\u00fcstung<\/a>.<\/p>\n<p>Dieser Boulderbag punktet vor allem durch ein Feature. Sein extrem robustes Polymar. Das ist ein Material, welches ihr vielleicht als &#8220;Zeltplane&#8221; oder &#8220;LKW Plane&#8221; kennt.<\/p>\n<p>Es ist wasserdicht, enorm abriebfest und hat somit eine extreme Langlebigkeit. Mit 6,5 Liter Volumen f\u00e4llt diese Tasche leider etwas klein aus. Einerseits passt sie somit zwar zwischen fast jede beliebige Bouldermatte. Andererseits haben neben Kletterschuhen, Chalkbag und ein paar Accessoires nicht viele andere Sachen Platz. Eine Trinkflasche, Boulderf\u00fchrer und Tape, dann ist leider Schluss.<\/p>\n<p>Als langlebige Arbeitstasche fasst der Singing Rock Monty Bag hingegen locker einen 13&#8243; Laptop und jede Menge Unterlagen.<\/p>\n<p>Eine zus\u00e4tzliche Innentasche hat dieser Boulderbag micht.<\/p>\n<p>Kurzum. Wer eine unverw\u00fcstliche, kleine Bouldertasche sucht, der ist hier richtig!<\/p>\n<h2>Eigenschaften Singing Rock Monty Bag<\/h2>\n<ul>\n<li>Hersteller: Singing Rock<\/li>\n<li>Material: <a href=\"https:\/\/www.mehler-texnologies.com\/?productline=polymar\" target=\"_blank\" rel=\"noopener\">Polymar<\/a> (&#8220;Zeltplane&#8221;)<\/li>\n<li>Gewicht: 390 Gramm<\/li>\n<li>Volumen: 6,5 Liter<\/li>\n<li>max. Ladegewicht: 10 kg<\/li>\n<li>verstellbarer Schulterriemen<\/li>\n<li>extrem langlebig<\/li>\n<li>Farben: gelb und rot<\/li>\n<\/ul>\n<h3>Kleine feine Bouldertasche<\/h3>\n<p>Zugegeben! 6,5 Liter Volumen sind nicht viel f\u00fcr den Singing Rock Monty Bag. Aber Gr\u00f6\u00dfe stand bei dieser Bouldertasche nie im Vordergrund. Was die Tschechen bei dieser Tasche erreichen wollten, war Basic Funktion bei extremer Lebensdauer.<\/p>\n<p>Herausgekommen ist eben dieser Boulderbag mit geringem Volumen. Somit passt er zwischen jede Bouldermatte. Oder besser gesagt zwischen jede Bouldermatte unabh\u00e4ngig von der Gr\u00f6\u00dfe.<\/p>\n<p>Denn sehr gro\u00dfe Taschen k\u00f6nnen nur au\u00dfen auf die Pads geschnallt werden. Oder sie m\u00fcssen separat getragen werden. Der Monty Bag jedoch kann fast immer zwischen die Pad H\u00e4lften gesteckt werden.<\/p>\n<p>Da wird auch klar, weshalb man hier auf viele weitere tAschen verzichtet hat. Denn man wollte die reine Funktion als robuste Stautasche.<\/p>\n<h3>Singing Rock Monty Bag &#8211; coole Arbeitstasche<\/h3>\n<p>Diese Bouldertasche macht sich auch im Alltag etxrem gut. Denn sie hat wohl nicht ganz unabsichtlich perfekte Ma\u00dfe als Messenger Bag bzw. Arbeitstasche. Egal ob f\u00fcr das B\u00fcro, das Studium oder auf Reisen.<\/p>\n<p>Dieser Bag kommt in den Farben grelles Gelb und knalliges Rot daher. Damit sieht diese Tasche wirklich sehr gut aus. Hinzu kommt das wasserdichte und extrem abriebfeste Material. Et Voila! Schon hat man eine Tasche mit der man viele, viele Jahre eine Freude haben wird.<\/p>\n","protected":false},"excerpt":{"rendered":"<ul>\n<li>Hersteller: Singing Rock<\/li>\n<li>Material: Polymar (&#8220;Zeltplane&#8221;)<\/li>\n<li>Gewicht: 390 Gramm<\/li>\n<li>Volumen: 6,5 Liter<\/li>\n<li>max. Ladegewicht: 10 kg<\/li>\n<li>verstellbarer Schulterriemen<\/li>\n<li>extrem langlebig<\/li>\n<li>Farben: gelb und rot<\/li>\n<\/ul>\n","protected":false},"featured_media":8492,"comment_status":"open","ping_status":"closed","template":"","meta":[],"product_brand":[],"product_cat":[1210,5284,9226,10937,12141],"product_tag":[],"class_list":{"0":"post-8488","1":"product","2":"type-product","3":"status-publish","4":"has-post-thumbnail","6":"product_cat-einbohrartikel","7":"product_cat-boulder-ausruestung","8":"product_cat-materialtaschen-werkzeugtaschen","9":"product_cat-bouldertaschen","10":"product_cat-singing-rock","12":"first","13":"instock","14":"taxable","15":"shipping-taxable","16":"purchasable","17":"product-type-variable"},"yoast_head":"<!-- This site is optimized with the Yoast SEO Premium plugin v26.9 (Yoast SEO v26.9) - https:\/\/yoast.com\/product\/yoast-seo-premium-wordpress\/ -->\n<title>Singing Rock Monty Bag - Bouldertasche aus LKW Plane | bolting.eu<\/title>\n<meta name=\"description\" content=\"Hier findest Du den Singing Rock Monty Bag. Eine 6,5 Liter gro\u00dfe Bouldertasche aus unkaputtbarer LKW Plane mit extremer Lebensdauer!\" \/>\n<meta name=\"robots\" content=\"index, follow, max-snippet:-1, max-image-preview:large, max-video-preview:-1\" \/>\n<link rel=\"canonical\" href=\"https:\/\/bolting.eu\/en\/shop\/singing-rock-monty-bag\/\" \/>\n<meta property=\"og:locale\" content=\"en_US\" \/>\n<meta property=\"og:type\" content=\"article\" \/>\n<meta property=\"og:title\" content=\"Singing Rock Monty Bag\" \/>\n<meta property=\"og:description\" content=\"Hier findest Du den Singing Rock Monty Bag. Eine 6,5 Liter gro\u00dfe Bouldertasche aus unkaputtbarer LKW Plane mit extremer Lebensdauer!\" \/>\n<meta property=\"og:url\" content=\"https:\/\/bolting.eu\/en\/shop\/singing-rock-monty-bag\/\" \/>\n<meta property=\"og:site_name\" content=\"bolting.eu\" \/>\n<meta property=\"article:publisher\" content=\"https:\/\/www.facebook.com\/bolting.eu\" \/>\n<meta property=\"article:modified_time\" content=\"2025-02-20T17:05:58+00:00\" \/>\n<meta property=\"og:image\" content=\"https:\/\/bolting.eu\/wp-content\/uploads\/2021\/05\/Singing-Rock-Monty-Bag-gelb.jpg\" \/>\n\t<meta property=\"og:image:width\" content=\"700\" \/>\n\t<meta property=\"og:image:height\" content=\"700\" \/>\n\t<meta property=\"og:image:type\" content=\"image\/jpeg\" \/>\n<meta name=\"twitter:card\" content=\"summary_large_image\" \/>\n<meta name=\"twitter:label1\" content=\"Availability\" \/>\n\t<meta name=\"twitter:data1\" content=\"In stock\" \/>\n<script type=\"application\/ld+json\" class=\"yoast-schema-graph\">{\"@context\":\"https:\/\/schema.org\",\"@graph\":[{\"@type\":[\"WebPage\",\"ItemPage\"],\"@id\":\"https:\/\/bolting.eu\/en\/shop\/singing-rock-monty-bag\/\",\"url\":\"https:\/\/bolting.eu\/en\/shop\/singing-rock-monty-bag\/\",\"name\":\"Singing Rock Monty Bag - Bouldertasche aus LKW Plane | bolting.eu\",\"isPartOf\":{\"@id\":\"https:\/\/bolting.eu\/en\/#website\"},\"primaryImageOfPage\":{\"@id\":\"https:\/\/bolting.eu\/en\/shop\/singing-rock-monty-bag\/#primaryimage\"},\"image\":{\"@id\":\"https:\/\/bolting.eu\/en\/shop\/singing-rock-monty-bag\/#primaryimage\"},\"thumbnailUrl\":\"https:\/\/bolting.eu\/wp-content\/uploads\/2021\/05\/Singing-Rock-Monty-Bag-gelb.jpg\",\"datePublished\":\"2021-05-13T14:15:38+00:00\",\"dateModified\":\"2025-02-20T17:05:58+00:00\",\"description\":\"Hier findest Du den Singing Rock Monty Bag. Eine 6,5 Liter gro\u00dfe Bouldertasche aus unkaputtbarer LKW Plane mit extremer Lebensdauer!\",\"breadcrumb\":{\"@id\":\"https:\/\/bolting.eu\/en\/shop\/singing-rock-monty-bag\/#breadcrumb\"},\"inLanguage\":\"en-US\",\"potentialAction\":[{\"@type\":\"ReadAction\",\"target\":[\"https:\/\/bolting.eu\/en\/shop\/singing-rock-monty-bag\/\"]}]},{\"@type\":\"ImageObject\",\"inLanguage\":\"en-US\",\"@id\":\"https:\/\/bolting.eu\/en\/shop\/singing-rock-monty-bag\/#primaryimage\",\"url\":\"https:\/\/bolting.eu\/wp-content\/uploads\/2021\/05\/Singing-Rock-Monty-Bag-gelb.jpg\",\"contentUrl\":\"https:\/\/bolting.eu\/wp-content\/uploads\/2021\/05\/Singing-Rock-Monty-Bag-gelb.jpg\",\"width\":700,\"height\":700,\"caption\":\"Das Bild zeigt die Singing Rock Monty Bag Bouldertasche in gelb mit schwarzem Logo Schriftzug.\"},{\"@type\":\"BreadcrumbList\",\"@id\":\"https:\/\/bolting.eu\/en\/shop\/singing-rock-monty-bag\/#breadcrumb\",\"itemListElement\":[{\"@type\":\"ListItem\",\"position\":1,\"name\":\"Shop\",\"item\":\"https:\/\/bolting.eu\/en\/shop\/\"},{\"@type\":\"ListItem\",\"position\":2,\"name\":\"Boulder Ausr\u00fcstung\",\"item\":\"https:\/\/bolting.eu\/produkt-kategorie\/boulder-ausruestung\/\"},{\"@type\":\"ListItem\",\"position\":3,\"name\":\"Bouldertaschen\",\"item\":\"https:\/\/bolting.eu\/produkt-kategorie\/boulder-ausruestung\/bouldertaschen\/\"},{\"@type\":\"ListItem\",\"position\":4,\"name\":\"Singing Rock Monty Bag\"}]},{\"@type\":\"WebSite\",\"@id\":\"https:\/\/bolting.eu\/en\/#website\",\"url\":\"https:\/\/bolting.eu\/en\/\",\"name\":\"bolting.eu\",\"description\":\"we make climbs happen\",\"publisher\":{\"@id\":\"https:\/\/bolting.eu\/en\/#organization\"},\"potentialAction\":[{\"@type\":\"SearchAction\",\"target\":{\"@type\":\"EntryPoint\",\"urlTemplate\":\"https:\/\/bolting.eu\/en\/?s={search_term_string}\"},\"query-input\":{\"@type\":\"PropertyValueSpecification\",\"valueRequired\":true,\"valueName\":\"search_term_string\"}}],\"inLanguage\":\"en-US\"},{\"@type\":[\"Organization\",\"Place\",\"SportingGoodsStore\"],\"@id\":\"https:\/\/bolting.eu\/en\/#organization\",\"name\":\"bolting.eu\",\"url\":\"https:\/\/bolting.eu\/en\/\",\"logo\":{\"@id\":\"https:\/\/bolting.eu\/en\/shop\/singing-rock-monty-bag\/#local-main-organization-logo\"},\"image\":{\"@id\":\"https:\/\/bolting.eu\/en\/shop\/singing-rock-monty-bag\/#local-main-organization-logo\"},\"sameAs\":[\"https:\/\/www.facebook.com\/bolting.eu\",\"https:\/\/www.instagram.com\/bolting.eu\/\"],\"address\":{\"@id\":\"https:\/\/bolting.eu\/en\/shop\/singing-rock-monty-bag\/#local-main-place-address\"},\"geo\":{\"@type\":\"GeoCoordinates\",\"latitude\":\"47.264176340396226\",\"longitude\":\"11.380109057672346\"},\"telephone\":[\"+43 699 19083372\"],\"openingHoursSpecification\":[{\"@type\":\"OpeningHoursSpecification\",\"dayOfWeek\":[\"Monday\",\"Wednesday\",\"Friday\"],\"opens\":\"14:00\",\"closes\":\"18:00\"},{\"@type\":\"OpeningHoursSpecification\",\"dayOfWeek\":[\"Tuesday\",\"Thursday\",\"Saturday\",\"Sunday\"],\"opens\":\"00:00\",\"closes\":\"00:00\"}],\"email\":\"office@bolting.eu\",\"vatID\":\"ATU59999728\",\"priceRange\":\"$$\",\"currenciesAccepted\":\"Euro\"},{\"@type\":\"PostalAddress\",\"@id\":\"https:\/\/bolting.eu\/en\/shop\/singing-rock-monty-bag\/#local-main-place-address\",\"streetAddress\":\"Fischnalerstra\u00dfe 4\",\"addressLocality\":\"Innsbruck\",\"postalCode\":\"6020\",\"addressRegion\":\"Tirol\",\"addressCountry\":\"AT\"},{\"@type\":\"ImageObject\",\"inLanguage\":\"en-US\",\"@id\":\"https:\/\/bolting.eu\/en\/shop\/singing-rock-monty-bag\/#local-main-organization-logo\",\"url\":\"https:\/\/bolting.eu\/wp-content\/uploads\/2019\/09\/bolting-logo.png\",\"contentUrl\":\"https:\/\/bolting.eu\/wp-content\/uploads\/2019\/09\/bolting-logo.png\",\"width\":400,\"height\":211,\"caption\":\"bolting.eu\"}]}<\/script>\n<meta property=\"og:availability\" content=\"instock\" \/>\n<meta property=\"product:availability\" content=\"instock\" \/>\n<meta property=\"product:condition\" content=\"new\" \/>\n<meta name=\"geo.placename\" content=\"Innsbruck\" \/>\n<meta name=\"geo.position\" content=\"47.264176340396226;11.380109057672346\" \/>\n<meta name=\"geo.region\" content=\"Austria\" \/>\n<!-- \/ Yoast SEO Premium plugin. -->","yoast_head_json":{"title":"Singing Rock Monty Bag - Bouldertasche aus LKW Plane | bolting.eu","description":"Hier findest Du den Singing Rock Monty Bag. Eine 6,5 Liter gro\u00dfe Bouldertasche aus unkaputtbarer LKW Plane mit extremer Lebensdauer!","robots":{"index":"index","follow":"follow","max-snippet":"max-snippet:-1","max-image-preview":"max-image-preview:large","max-video-preview":"max-video-preview:-1"},"canonical":"https:\/\/bolting.eu\/en\/shop\/singing-rock-monty-bag\/","og_locale":"en_US","og_type":"article","og_title":"Singing Rock Monty Bag","og_description":"Hier findest Du den Singing Rock Monty Bag. Eine 6,5 Liter gro\u00dfe Bouldertasche aus unkaputtbarer LKW Plane mit extremer Lebensdauer!","og_url":"https:\/\/bolting.eu\/en\/shop\/singing-rock-monty-bag\/","og_site_name":"bolting.eu","article_publisher":"https:\/\/www.facebook.com\/bolting.eu","article_modified_time":"2025-02-20T17:05:58+00:00","og_image":[{"width":700,"height":700,"url":"https:\/\/bolting.eu\/wp-content\/uploads\/2021\/05\/Singing-Rock-Monty-Bag-gelb.jpg","type":"image\/jpeg"}],"twitter_card":"summary_large_image","twitter_misc":{"Availability":"In stock"},"schema":{"@context":"https:\/\/schema.org","@graph":[{"@type":["WebPage","ItemPage"],"@id":"https:\/\/bolting.eu\/en\/shop\/singing-rock-monty-bag\/","url":"https:\/\/bolting.eu\/en\/shop\/singing-rock-monty-bag\/","name":"Singing Rock Monty Bag - Bouldertasche aus LKW Plane | bolting.eu","isPartOf":{"@id":"https:\/\/bolting.eu\/en\/#website"},"primaryImageOfPage":{"@id":"https:\/\/bolting.eu\/en\/shop\/singing-rock-monty-bag\/#primaryimage"},"image":{"@id":"https:\/\/bolting.eu\/en\/shop\/singing-rock-monty-bag\/#primaryimage"},"thumbnailUrl":"https:\/\/bolting.eu\/wp-content\/uploads\/2021\/05\/Singing-Rock-Monty-Bag-gelb.jpg","datePublished":"2021-05-13T14:15:38+00:00","dateModified":"2025-02-20T17:05:58+00:00","description":"Hier findest Du den Singing Rock Monty Bag. Eine 6,5 Liter gro\u00dfe Bouldertasche aus unkaputtbarer LKW Plane mit extremer Lebensdauer!","breadcrumb":{"@id":"https:\/\/bolting.eu\/en\/shop\/singing-rock-monty-bag\/#breadcrumb"},"inLanguage":"en-US","potentialAction":[{"@type":"ReadAction","target":["https:\/\/bolting.eu\/en\/shop\/singing-rock-monty-bag\/"]}]},{"@type":"ImageObject","inLanguage":"en-US","@id":"https:\/\/bolting.eu\/en\/shop\/singing-rock-monty-bag\/#primaryimage","url":"https:\/\/bolting.eu\/wp-content\/uploads\/2021\/05\/Singing-Rock-Monty-Bag-gelb.jpg","contentUrl":"https:\/\/bolting.eu\/wp-content\/uploads\/2021\/05\/Singing-Rock-Monty-Bag-gelb.jpg","width":700,"height":700,"caption":"Das Bild zeigt die Singing Rock Monty Bag Bouldertasche in gelb mit schwarzem Logo Schriftzug."},{"@type":"BreadcrumbList","@id":"https:\/\/bolting.eu\/en\/shop\/singing-rock-monty-bag\/#breadcrumb","itemListElement":[{"@type":"ListItem","position":1,"name":"Shop","item":"https:\/\/bolting.eu\/en\/shop\/"},{"@type":"ListItem","position":2,"name":"Boulder Ausr\u00fcstung","item":"https:\/\/bolting.eu\/produkt-kategorie\/boulder-ausruestung\/"},{"@type":"ListItem","position":3,"name":"Bouldertaschen","item":"https:\/\/bolting.eu\/produkt-kategorie\/boulder-ausruestung\/bouldertaschen\/"},{"@type":"ListItem","position":4,"name":"Singing Rock Monty Bag"}]},{"@type":"WebSite","@id":"https:\/\/bolting.eu\/en\/#website","url":"https:\/\/bolting.eu\/en\/","name":"bolting.eu","description":"we make climbs happen","publisher":{"@id":"https:\/\/bolting.eu\/en\/#organization"},"potentialAction":[{"@type":"SearchAction","target":{"@type":"EntryPoint","urlTemplate":"https:\/\/bolting.eu\/en\/?s={search_term_string}"},"query-input":{"@type":"PropertyValueSpecification","valueRequired":true,"valueName":"search_term_string"}}],"inLanguage":"en-US"},{"@type":["Organization","Place","SportingGoodsStore"],"@id":"https:\/\/bolting.eu\/en\/#organization","name":"bolting.eu","url":"https:\/\/bolting.eu\/en\/","logo":{"@id":"https:\/\/bolting.eu\/en\/shop\/singing-rock-monty-bag\/#local-main-organization-logo"},"image":{"@id":"https:\/\/bolting.eu\/en\/shop\/singing-rock-monty-bag\/#local-main-organization-logo"},"sameAs":["https:\/\/www.facebook.com\/bolting.eu","https:\/\/www.instagram.com\/bolting.eu\/"],"address":{"@id":"https:\/\/bolting.eu\/en\/shop\/singing-rock-monty-bag\/#local-main-place-address"},"geo":{"@type":"GeoCoordinates","latitude":"47.264176340396226","longitude":"11.380109057672346"},"telephone":["+43 699 19083372"],"openingHoursSpecification":[{"@type":"OpeningHoursSpecification","dayOfWeek":["Monday","Wednesday","Friday"],"opens":"14:00","closes":"18:00"},{"@type":"OpeningHoursSpecification","dayOfWeek":["Tuesday","Thursday","Saturday","Sunday"],"opens":"00:00","closes":"00:00"}],"email":"office@bolting.eu","vatID":"ATU59999728","priceRange":"$$","currenciesAccepted":"Euro"},{"@type":"PostalAddress","@id":"https:\/\/bolting.eu\/en\/shop\/singing-rock-monty-bag\/#local-main-place-address","streetAddress":"Fischnalerstra\u00dfe 4","addressLocality":"Innsbruck","postalCode":"6020","addressRegion":"Tirol","addressCountry":"AT"},{"@type":"ImageObject","inLanguage":"en-US","@id":"https:\/\/bolting.eu\/en\/shop\/singing-rock-monty-bag\/#local-main-organization-logo","url":"https:\/\/bolting.eu\/wp-content\/uploads\/2019\/09\/bolting-logo.png","contentUrl":"https:\/\/bolting.eu\/wp-content\/uploads\/2019\/09\/bolting-logo.png","width":400,"height":211,"caption":"bolting.eu"}]},"og_availability":"instock","product_availability":"instock","product_condition":"new","geo.placename":"Innsbruck","geo.position":{"lat":"47.264176340396226","long":"11.380109057672346"},"geo.region":"Austria"},"_links":{"self":[{"href":"https:\/\/bolting.eu\/en\/wp-json\/wp\/v2\/product\/8488","targetHints":{"allow":["GET"]}}],"collection":[{"href":"https:\/\/bolting.eu\/en\/wp-json\/wp\/v2\/product"}],"about":[{"href":"https:\/\/bolting.eu\/en\/wp-json\/wp\/v2\/types\/product"}],"replies":[{"embeddable":true,"href":"https:\/\/bolting.eu\/en\/wp-json\/wp\/v2\/comments?post=8488"}],"wp:featuredmedia":[{"embeddable":true,"href":"https:\/\/bolting.eu\/en\/wp-json\/wp\/v2\/media\/8492"}],"wp:attachment":[{"href":"https:\/\/bolting.eu\/en\/wp-json\/wp\/v2\/media?parent=8488"}],"wp:term":[{"taxonomy":"product_brand","embeddable":true,"href":"https:\/\/bolting.eu\/en\/wp-json\/wp\/v2\/product_brand?post=8488"},{"taxonomy":"product_cat","embeddable":true,"href":"https:\/\/bolting.eu\/en\/wp-json\/wp\/v2\/product_cat?post=8488"},{"taxonomy":"product_tag","embeddable":true,"href":"https:\/\/bolting.eu\/en\/wp-json\/wp\/v2\/product_tag?post=8488"}],"curies":[{"name":"wp","href":"https:\/\/api.w.org\/{rel}","templated":true}]}}