{"id":8481,"date":"2021-05-13T10:25:34","date_gmt":"2021-05-13T08:25:34","guid":{"rendered":"https:\/\/bolting.eu\/?post_type=product&#038;p=8481"},"modified":"2025-03-14T19:27:41","modified_gmt":"2025-03-14T18:27:41","slug":"austrialpin-rockit-express-set","status":"publish","type":"product","link":"https:\/\/bolting.eu\/en\/shop\/austrialpin-rockit-express-set\/","title":{"rendered":"Austrialpin Rockit Express Set"},"content":{"rendered":"<p>Das Austrialpin Rockit Express Set ist einer unserer Bestseller. Denn diese preiswerte Sportkletter Express bietet ein tolles Preis-Leistungsverh\u00e4ltnis sowie eine lange Lebensdauer.<\/p>\n<p>Dieses Produkt hat zudem ein richtig gutes Handling. Dieses basiert auf der 11cm langen und 16mm breiten Schlinge. D.h. sie l\u00e4sst sich beim Rasten super einhalten und man kann sich perfekt daran hochziehen.<\/p>\n<p>Die weiteren Features sind rasch erkl\u00e4rt. Erstens zwei polierte Schnappkarabiner mit stimmigen \u00d6ffnungsbreiten der <a href=\"https:\/\/bolting.eu\/produkt-kategorie\/kletterausruestung\/karabiner-kletterkarabiner\/schnappkarabiner\/\">Schnapperkarabiner<\/a>. Soll hei\u00dfen 22mm bzw. 24mm. Der felsseitige Karabiner ist gerade. Der seilseitige Karabiner ist gebogen f\u00fcr ein leichtes Seileinh\u00e4ngen. Das gibt dem Austrialpin Rockit Express Set ein sehr gutes Handling.<\/p>\n<p>Die <a href=\"https:\/\/bolting.eu\/produkt-kategorie\/kletterausruestung\/bandschlinge\/\">Bandschlinge<\/a> selbst ist felsseitig weit gen\u00e4ht. Folglich kann hier die Schlinge sehr gut &#8220;herum baumeln&#8221;. Dadurch dreht sich die gesamte Schlinge immer sch\u00f6n mit. Seilseitig ist sie ganz eng vern\u00e4ht. Hier steckt der Karabiner richtig fest und kann somit beim Seileinh\u00e4ngen nicht mehr verrutschen.<\/p>\n<p>Kurzum. Diese Express ist etwas f\u00fcr preisbewusste Kletterer. Wer im Klettergarten eine grundsolide Express sucht, der kann hier nichts falsch machen!<\/p>\n<h2>Eigenschaften Austrialpin Rockit Express Set<\/h2>\n<ul>\n<li>Hersteller:\u00a0<a href=\"https:\/\/bolting.eu\/produkt-kategorie\/austrialpin\/\">Austrialpin<\/a><\/li>\n<li>Material: Aluminium poliert<\/li>\n<li>L\u00e4nge Bandschlingen: 11cm und 20cm<\/li>\n<li>Gesamtl\u00e4nge: 21cm und 30cm<\/li>\n<li>Gewicht: 108 Gramm bzw. 118 Gramm<\/li>\n<li>Bruchlast Karabiner: 26kN l\u00e4ngs \/ 10kN quer \/ 10kN offen<\/li>\n<li>Bruchlast Expressschlinge: 22kN<\/li>\n<li>Normen: EN 12275, UIAA 123, EN 566<\/li>\n<li>Schnapper\u00f6ffnung: 22mm und 24mm<\/li>\n<\/ul>\n<h3>Express erh\u00e4ltlich in zwei L\u00e4ngen<\/h3>\n<p>Das Austrialpin Rockit Express Set ist bei uns in zwei L\u00e4ngen erh\u00e4ltlich.<\/p>\n<p>Erstens mit einer 11cm langen Schlinge bzw. 21cm Gesamtl\u00e4nge. Dieses Modell ist perfekt f\u00fcr den Klettergarten.<br \/>\nDenn zum einen ist Gewicht relativ gering. Und zum anderen bietet diese Express ein super Handling beim Rasten. Soll hei\u00dfen, mann kann sich super an der 16mm breiten Schlinge einhalten und daran hoch ziehen. Wie z.B. beim Rasten, Prpjektieren, usw&#8230;<\/p>\n<p>Zweitens gibt es diese Rockit Expressschlinge mit einer 20cm Schlinge. Die Gesamtl\u00e4nge betr\u00e4gt dann 30cm. Dieses Modell ist einerseits als Erg\u00e4nzung f\u00fcr das Klettergarten Rack gedacht. Hier kann man sie ideal bei Routen mit Zick-Zack Verlauf verwenden. Zwei bis vier St\u00fcck Austrialpin Rockit Express Set sind in diesem Fall ausreichend<br \/>\nUnd andererseits als &#8220;Alpinschlinge&#8221; f\u00fcr Mehrseill\u00e4ngenrouten. Hier sorgt sie durch ihre L\u00e4nge ebenfalls f\u00fcr eine Verminderung der Seilreibung. F\u00fcr euer Alpinrack empfehlen wir euch 6 -10 Stk. der langen Variante.<\/p>\n<h3>Austrialpin Rockit Express Set = nachhaltig<\/h3>\n<p>Durch die Produktion im Tiroler Stubaital haben wir es hier mit einem nachhaltigen Produkt zu tun.<\/p>\n<p>Denn &#8220;Made in Austria&#8221; bedeutet erstens geringe Transportwege. Zweitens ordentliche \u00f6kologische und soziale Standards. Und drittens Wertsch\u00f6pfung in \u00d6sterreich.<\/p>\n<p>Ihr wollt beim Kauf der Kletterausr\u00fcstung auf diese Dinge achten? Dann seid ihr mit diesem Produkt sehr gut beraten!<\/p>\n<h3>Weitere Rockit\u00a0Modelle<\/h3>\n<p>Ihr sucht ein anderes Austrialpin Rockit Express Set? Dann seid ihr bei uns ebenfalls richtig. Denn wir bieten alle Varianten dieses Klassikers des \u00d6sterreichischen Qualit\u00e4tsproduzenten.<\/p>\n<p>Da w\u00e4re ertsnes das &#8220;light&#8221; Modell mit den Drahtschnappern. Dann zweitens das &#8220;eloxierte&#8221; Modell in blau &#8211; gelb. Und drittens die &#8220;mixed&#8221; Variante mit blauem hakenseitigen Schnapper und einem Drahtb\u00fcgel seilseitig.<\/p>\n<p>Ihr habt die Wahl!<\/p>\n<h4><strong>Link Tipp<\/strong><\/h4>\n<p>Kommt mit euren neuen Austrialpin Rockit Express Set doch mal zum <a href=\"https:\/\/maltatal.rocks\/\" target=\"_blank\" rel=\"noopener\">Klettern in K\u00e4rnten<\/a>!<\/p>\n","protected":false},"excerpt":{"rendered":"<ul>\n<li>Material: Aluminium poliert<\/li>\n<li>L\u00e4nge Bandschlingen: 11cm und 20cm<\/li>\n<li>Gesamtl\u00e4nge: 21cm und 30cm<\/li>\n<li>Gewicht: 108 Gramm bzw. 118 Gramm<\/li>\n<li>Bruchlast Karabiner: 26kN l\u00e4ngs \/ 10kN quer \/ 10kN offen<\/li>\n<li>Bruchlast Expressschlinge: 22kN<\/li>\n<li>Normen: EN 12275, UIAA 123, EN 566<\/li>\n<li>Schnapper\u00f6ffnung: 22mm und 24mm<\/li>\n<\/ul>\n","protected":false},"featured_media":8485,"comment_status":"open","ping_status":"closed","template":"","meta":[],"product_brand":[],"product_cat":[4649,13923,29,220],"product_tag":[],"class_list":{"0":"post-8481","1":"product","2":"type-product","3":"status-publish","4":"has-post-thumbnail","6":"product_cat-austrialpin","7":"product_cat-austrialpin-rockit","8":"product_cat-kletterausruestung","9":"product_cat-expressschlingen","11":"first","12":"instock","13":"sale","14":"taxable","15":"shipping-taxable","16":"purchasable","17":"product-type-variable"},"yoast_head":"<!-- This site is optimized with the Yoast SEO Premium plugin v26.9 (Yoast SEO v26.9) - https:\/\/yoast.com\/product\/yoast-seo-premium-wordpress\/ -->\n<title>Austrialpin Rockit Express Set g\u00fcnstig online kaufen | bolting.eu<\/title>\n<meta name=\"description\" content=\"Hier findest Du das AUSTRIALPIN ROCKIT EXPRESS SET in 11cm bzw. 20cm L\u00e4nge. DER Expressen Klassiker aus \u00d6sterreich zum Top Preis!\" \/>\n<meta name=\"robots\" content=\"index, follow, max-snippet:-1, max-image-preview:large, max-video-preview:-1\" \/>\n<link rel=\"canonical\" href=\"https:\/\/bolting.eu\/en\/shop\/austrialpin-rockit-express-set\/\" \/>\n<meta property=\"og:locale\" content=\"en_US\" \/>\n<meta property=\"og:type\" content=\"article\" \/>\n<meta property=\"og:title\" content=\"Austrialpin Rockit Express Set\" \/>\n<meta property=\"og:description\" content=\"Hier findest Du das AUSTRIALPIN ROCKIT EXPRESS SET in 11cm bzw. 20cm L\u00e4nge. DER Expressen Klassiker aus \u00d6sterreich zum Top Preis!\" \/>\n<meta property=\"og:url\" content=\"https:\/\/bolting.eu\/en\/shop\/austrialpin-rockit-express-set\/\" \/>\n<meta property=\"og:site_name\" content=\"bolting.eu\" \/>\n<meta property=\"article:publisher\" content=\"https:\/\/www.facebook.com\/bolting.eu\" \/>\n<meta property=\"article:modified_time\" content=\"2025-03-14T18:27:41+00:00\" \/>\n<meta property=\"og:image\" content=\"https:\/\/bolting.eu\/wp-content\/uploads\/2021\/05\/Austrialpin-Rockit-Express-Set-1.jpg\" \/>\n\t<meta property=\"og:image:width\" content=\"700\" \/>\n\t<meta property=\"og:image:height\" content=\"700\" \/>\n\t<meta property=\"og:image:type\" content=\"image\/jpeg\" \/>\n<meta name=\"twitter:card\" content=\"summary_large_image\" \/>\n<meta name=\"twitter:label1\" content=\"Availability\" \/>\n\t<meta name=\"twitter:data1\" content=\"In stock\" \/>\n<script type=\"application\/ld+json\" class=\"yoast-schema-graph\">{\"@context\":\"https:\/\/schema.org\",\"@graph\":[{\"@type\":[\"WebPage\",\"ItemPage\"],\"@id\":\"https:\/\/bolting.eu\/en\/shop\/austrialpin-rockit-express-set\/\",\"url\":\"https:\/\/bolting.eu\/en\/shop\/austrialpin-rockit-express-set\/\",\"name\":\"Austrialpin Rockit Express Set g\u00fcnstig online kaufen | bolting.eu\",\"isPartOf\":{\"@id\":\"https:\/\/bolting.eu\/en\/#website\"},\"primaryImageOfPage\":{\"@id\":\"https:\/\/bolting.eu\/en\/shop\/austrialpin-rockit-express-set\/#primaryimage\"},\"image\":{\"@id\":\"https:\/\/bolting.eu\/en\/shop\/austrialpin-rockit-express-set\/#primaryimage\"},\"thumbnailUrl\":\"https:\/\/bolting.eu\/wp-content\/uploads\/2021\/05\/Austrialpin-Rockit-Express-Set-1.jpg\",\"datePublished\":\"2021-05-13T08:25:34+00:00\",\"dateModified\":\"2025-03-14T18:27:41+00:00\",\"description\":\"Hier findest Du das AUSTRIALPIN ROCKIT EXPRESS SET in 11cm bzw. 20cm L\u00e4nge. DER Expressen Klassiker aus \u00d6sterreich zum Top Preis!\",\"breadcrumb\":{\"@id\":\"https:\/\/bolting.eu\/en\/shop\/austrialpin-rockit-express-set\/#breadcrumb\"},\"inLanguage\":\"en-US\",\"potentialAction\":[{\"@type\":\"ReadAction\",\"target\":[\"https:\/\/bolting.eu\/en\/shop\/austrialpin-rockit-express-set\/\"]}]},{\"@type\":\"ImageObject\",\"inLanguage\":\"en-US\",\"@id\":\"https:\/\/bolting.eu\/en\/shop\/austrialpin-rockit-express-set\/#primaryimage\",\"url\":\"https:\/\/bolting.eu\/wp-content\/uploads\/2021\/05\/Austrialpin-Rockit-Express-Set-1.jpg\",\"contentUrl\":\"https:\/\/bolting.eu\/wp-content\/uploads\/2021\/05\/Austrialpin-Rockit-Express-Set-1.jpg\",\"width\":700,\"height\":700,\"caption\":\"Das Bild zeigt zwei Austrialpin Rockit Express Set in vertikaler Lage direkt nebeneinander.\"},{\"@type\":\"BreadcrumbList\",\"@id\":\"https:\/\/bolting.eu\/en\/shop\/austrialpin-rockit-express-set\/#breadcrumb\",\"itemListElement\":[{\"@type\":\"ListItem\",\"position\":1,\"name\":\"Shop\",\"item\":\"https:\/\/bolting.eu\/en\/shop\/\"},{\"@type\":\"ListItem\",\"position\":2,\"name\":\"climbing equipment\",\"item\":\"https:\/\/bolting.eu\/en\/produkt-kategorie\/climbing-equipment\/\"},{\"@type\":\"ListItem\",\"position\":3,\"name\":\"Quickdraws\",\"item\":\"https:\/\/bolting.eu\/en\/produkt-kategorie\/quickdraws\/\"},{\"@type\":\"ListItem\",\"position\":4,\"name\":\"Austrialpin Rockit Express Set\"}]},{\"@type\":\"WebSite\",\"@id\":\"https:\/\/bolting.eu\/en\/#website\",\"url\":\"https:\/\/bolting.eu\/en\/\",\"name\":\"bolting.eu\",\"description\":\"we make climbs happen\",\"publisher\":{\"@id\":\"https:\/\/bolting.eu\/en\/#organization\"},\"potentialAction\":[{\"@type\":\"SearchAction\",\"target\":{\"@type\":\"EntryPoint\",\"urlTemplate\":\"https:\/\/bolting.eu\/en\/?s={search_term_string}\"},\"query-input\":{\"@type\":\"PropertyValueSpecification\",\"valueRequired\":true,\"valueName\":\"search_term_string\"}}],\"inLanguage\":\"en-US\"},{\"@type\":[\"Organization\",\"Place\",\"SportingGoodsStore\"],\"@id\":\"https:\/\/bolting.eu\/en\/#organization\",\"name\":\"bolting.eu\",\"url\":\"https:\/\/bolting.eu\/en\/\",\"logo\":{\"@id\":\"https:\/\/bolting.eu\/en\/shop\/austrialpin-rockit-express-set\/#local-main-organization-logo\"},\"image\":{\"@id\":\"https:\/\/bolting.eu\/en\/shop\/austrialpin-rockit-express-set\/#local-main-organization-logo\"},\"sameAs\":[\"https:\/\/www.facebook.com\/bolting.eu\",\"https:\/\/www.instagram.com\/bolting.eu\/\"],\"address\":{\"@id\":\"https:\/\/bolting.eu\/en\/shop\/austrialpin-rockit-express-set\/#local-main-place-address\"},\"geo\":{\"@type\":\"GeoCoordinates\",\"latitude\":\"47.264176340396226\",\"longitude\":\"11.380109057672346\"},\"telephone\":[\"+43 699 19083372\"],\"openingHoursSpecification\":[{\"@type\":\"OpeningHoursSpecification\",\"dayOfWeek\":[\"Monday\",\"Wednesday\",\"Friday\"],\"opens\":\"14:00\",\"closes\":\"18:00\"},{\"@type\":\"OpeningHoursSpecification\",\"dayOfWeek\":[\"Tuesday\",\"Thursday\",\"Saturday\",\"Sunday\"],\"opens\":\"00:00\",\"closes\":\"00:00\"}],\"email\":\"office@bolting.eu\",\"vatID\":\"ATU59999728\",\"priceRange\":\"$$\",\"currenciesAccepted\":\"Euro\"},{\"@type\":\"PostalAddress\",\"@id\":\"https:\/\/bolting.eu\/en\/shop\/austrialpin-rockit-express-set\/#local-main-place-address\",\"streetAddress\":\"Fischnalerstra\u00dfe 4\",\"addressLocality\":\"Innsbruck\",\"postalCode\":\"6020\",\"addressRegion\":\"Tirol\",\"addressCountry\":\"AT\"},{\"@type\":\"ImageObject\",\"inLanguage\":\"en-US\",\"@id\":\"https:\/\/bolting.eu\/en\/shop\/austrialpin-rockit-express-set\/#local-main-organization-logo\",\"url\":\"https:\/\/bolting.eu\/wp-content\/uploads\/2019\/09\/bolting-logo.png\",\"contentUrl\":\"https:\/\/bolting.eu\/wp-content\/uploads\/2019\/09\/bolting-logo.png\",\"width\":400,\"height\":211,\"caption\":\"bolting.eu\"}]}<\/script>\n<meta property=\"og:availability\" content=\"instock\" \/>\n<meta property=\"product:availability\" content=\"instock\" \/>\n<meta property=\"product:condition\" content=\"new\" \/>\n<meta name=\"geo.placename\" content=\"Innsbruck\" \/>\n<meta name=\"geo.position\" content=\"47.264176340396226;11.380109057672346\" \/>\n<meta name=\"geo.region\" content=\"Austria\" \/>\n<!-- \/ Yoast SEO Premium plugin. -->","yoast_head_json":{"title":"Austrialpin Rockit Express Set g\u00fcnstig online kaufen | bolting.eu","description":"Hier findest Du das AUSTRIALPIN ROCKIT EXPRESS SET in 11cm bzw. 20cm L\u00e4nge. DER Expressen Klassiker aus \u00d6sterreich zum Top Preis!","robots":{"index":"index","follow":"follow","max-snippet":"max-snippet:-1","max-image-preview":"max-image-preview:large","max-video-preview":"max-video-preview:-1"},"canonical":"https:\/\/bolting.eu\/en\/shop\/austrialpin-rockit-express-set\/","og_locale":"en_US","og_type":"article","og_title":"Austrialpin Rockit Express Set","og_description":"Hier findest Du das AUSTRIALPIN ROCKIT EXPRESS SET in 11cm bzw. 20cm L\u00e4nge. DER Expressen Klassiker aus \u00d6sterreich zum Top Preis!","og_url":"https:\/\/bolting.eu\/en\/shop\/austrialpin-rockit-express-set\/","og_site_name":"bolting.eu","article_publisher":"https:\/\/www.facebook.com\/bolting.eu","article_modified_time":"2025-03-14T18:27:41+00:00","og_image":[{"width":700,"height":700,"url":"https:\/\/bolting.eu\/wp-content\/uploads\/2021\/05\/Austrialpin-Rockit-Express-Set-1.jpg","type":"image\/jpeg"}],"twitter_card":"summary_large_image","twitter_misc":{"Availability":"In stock"},"schema":{"@context":"https:\/\/schema.org","@graph":[{"@type":["WebPage","ItemPage"],"@id":"https:\/\/bolting.eu\/en\/shop\/austrialpin-rockit-express-set\/","url":"https:\/\/bolting.eu\/en\/shop\/austrialpin-rockit-express-set\/","name":"Austrialpin Rockit Express Set g\u00fcnstig online kaufen | bolting.eu","isPartOf":{"@id":"https:\/\/bolting.eu\/en\/#website"},"primaryImageOfPage":{"@id":"https:\/\/bolting.eu\/en\/shop\/austrialpin-rockit-express-set\/#primaryimage"},"image":{"@id":"https:\/\/bolting.eu\/en\/shop\/austrialpin-rockit-express-set\/#primaryimage"},"thumbnailUrl":"https:\/\/bolting.eu\/wp-content\/uploads\/2021\/05\/Austrialpin-Rockit-Express-Set-1.jpg","datePublished":"2021-05-13T08:25:34+00:00","dateModified":"2025-03-14T18:27:41+00:00","description":"Hier findest Du das AUSTRIALPIN ROCKIT EXPRESS SET in 11cm bzw. 20cm L\u00e4nge. DER Expressen Klassiker aus \u00d6sterreich zum Top Preis!","breadcrumb":{"@id":"https:\/\/bolting.eu\/en\/shop\/austrialpin-rockit-express-set\/#breadcrumb"},"inLanguage":"en-US","potentialAction":[{"@type":"ReadAction","target":["https:\/\/bolting.eu\/en\/shop\/austrialpin-rockit-express-set\/"]}]},{"@type":"ImageObject","inLanguage":"en-US","@id":"https:\/\/bolting.eu\/en\/shop\/austrialpin-rockit-express-set\/#primaryimage","url":"https:\/\/bolting.eu\/wp-content\/uploads\/2021\/05\/Austrialpin-Rockit-Express-Set-1.jpg","contentUrl":"https:\/\/bolting.eu\/wp-content\/uploads\/2021\/05\/Austrialpin-Rockit-Express-Set-1.jpg","width":700,"height":700,"caption":"Das Bild zeigt zwei Austrialpin Rockit Express Set in vertikaler Lage direkt nebeneinander."},{"@type":"BreadcrumbList","@id":"https:\/\/bolting.eu\/en\/shop\/austrialpin-rockit-express-set\/#breadcrumb","itemListElement":[{"@type":"ListItem","position":1,"name":"Shop","item":"https:\/\/bolting.eu\/en\/shop\/"},{"@type":"ListItem","position":2,"name":"climbing equipment","item":"https:\/\/bolting.eu\/en\/produkt-kategorie\/climbing-equipment\/"},{"@type":"ListItem","position":3,"name":"Quickdraws","item":"https:\/\/bolting.eu\/en\/produkt-kategorie\/quickdraws\/"},{"@type":"ListItem","position":4,"name":"Austrialpin Rockit Express Set"}]},{"@type":"WebSite","@id":"https:\/\/bolting.eu\/en\/#website","url":"https:\/\/bolting.eu\/en\/","name":"bolting.eu","description":"we make climbs happen","publisher":{"@id":"https:\/\/bolting.eu\/en\/#organization"},"potentialAction":[{"@type":"SearchAction","target":{"@type":"EntryPoint","urlTemplate":"https:\/\/bolting.eu\/en\/?s={search_term_string}"},"query-input":{"@type":"PropertyValueSpecification","valueRequired":true,"valueName":"search_term_string"}}],"inLanguage":"en-US"},{"@type":["Organization","Place","SportingGoodsStore"],"@id":"https:\/\/bolting.eu\/en\/#organization","name":"bolting.eu","url":"https:\/\/bolting.eu\/en\/","logo":{"@id":"https:\/\/bolting.eu\/en\/shop\/austrialpin-rockit-express-set\/#local-main-organization-logo"},"image":{"@id":"https:\/\/bolting.eu\/en\/shop\/austrialpin-rockit-express-set\/#local-main-organization-logo"},"sameAs":["https:\/\/www.facebook.com\/bolting.eu","https:\/\/www.instagram.com\/bolting.eu\/"],"address":{"@id":"https:\/\/bolting.eu\/en\/shop\/austrialpin-rockit-express-set\/#local-main-place-address"},"geo":{"@type":"GeoCoordinates","latitude":"47.264176340396226","longitude":"11.380109057672346"},"telephone":["+43 699 19083372"],"openingHoursSpecification":[{"@type":"OpeningHoursSpecification","dayOfWeek":["Monday","Wednesday","Friday"],"opens":"14:00","closes":"18:00"},{"@type":"OpeningHoursSpecification","dayOfWeek":["Tuesday","Thursday","Saturday","Sunday"],"opens":"00:00","closes":"00:00"}],"email":"office@bolting.eu","vatID":"ATU59999728","priceRange":"$$","currenciesAccepted":"Euro"},{"@type":"PostalAddress","@id":"https:\/\/bolting.eu\/en\/shop\/austrialpin-rockit-express-set\/#local-main-place-address","streetAddress":"Fischnalerstra\u00dfe 4","addressLocality":"Innsbruck","postalCode":"6020","addressRegion":"Tirol","addressCountry":"AT"},{"@type":"ImageObject","inLanguage":"en-US","@id":"https:\/\/bolting.eu\/en\/shop\/austrialpin-rockit-express-set\/#local-main-organization-logo","url":"https:\/\/bolting.eu\/wp-content\/uploads\/2019\/09\/bolting-logo.png","contentUrl":"https:\/\/bolting.eu\/wp-content\/uploads\/2019\/09\/bolting-logo.png","width":400,"height":211,"caption":"bolting.eu"}]},"og_availability":"instock","product_availability":"instock","product_condition":"new","geo.placename":"Innsbruck","geo.position":{"lat":"47.264176340396226","long":"11.380109057672346"},"geo.region":"Austria"},"_links":{"self":[{"href":"https:\/\/bolting.eu\/en\/wp-json\/wp\/v2\/product\/8481","targetHints":{"allow":["GET"]}}],"collection":[{"href":"https:\/\/bolting.eu\/en\/wp-json\/wp\/v2\/product"}],"about":[{"href":"https:\/\/bolting.eu\/en\/wp-json\/wp\/v2\/types\/product"}],"replies":[{"embeddable":true,"href":"https:\/\/bolting.eu\/en\/wp-json\/wp\/v2\/comments?post=8481"}],"wp:featuredmedia":[{"embeddable":true,"href":"https:\/\/bolting.eu\/en\/wp-json\/wp\/v2\/media\/8485"}],"wp:attachment":[{"href":"https:\/\/bolting.eu\/en\/wp-json\/wp\/v2\/media?parent=8481"}],"wp:term":[{"taxonomy":"product_brand","embeddable":true,"href":"https:\/\/bolting.eu\/en\/wp-json\/wp\/v2\/product_brand?post=8481"},{"taxonomy":"product_cat","embeddable":true,"href":"https:\/\/bolting.eu\/en\/wp-json\/wp\/v2\/product_cat?post=8481"},{"taxonomy":"product_tag","embeddable":true,"href":"https:\/\/bolting.eu\/en\/wp-json\/wp\/v2\/product_tag?post=8481"}],"curies":[{"name":"wp","href":"https:\/\/api.w.org\/{rel}","templated":true}]}}