{"id":8402,"date":"2021-04-23T14:39:33","date_gmt":"2021-04-23T12:39:33","guid":{"rendered":"https:\/\/bolting.eu\/?post_type=product&#038;p=8402"},"modified":"2026-02-11T19:03:49","modified_gmt":"2026-02-11T18:03:49","slug":"dyneema-expressschlinge-26cm","status":"publish","type":"product","link":"https:\/\/bolting.eu\/en\/shop\/dyneema-expressschlinge-26cm\/","title":{"rendered":"Dyneema Expressschlinge 26cm"},"content":{"rendered":"<p>Unsere Dyneema Expressschlinge 26cm ist vom Hersteller Kong. Sie ist eine klassische &#8220;d\u00fcnne&#8221; Dyneema Schlinge und aufgrund ihrer Dimension perfekt als lange &#8220;Alpinschlinge&#8221;.<\/p>\n<p>Der Vorteil von Dyneema gegen\u00fcber Nylon (a.k.a. Polyamid) ist einerseits, dass dieses Material kein Wasser aufnimmt. Somit k\u00f6nnen diese Schlingen im Winter z.B. nicht gefrieren oder bei Regen mit Wasser vollsaugen.<\/p>\n<p>Und andererseits ist Dyneema extrem belastbar. D.h. die Dyneema Expressschlinge 26cm ist d\u00fcnner und folglich auch leichter. In unserem vorliegenden Fall hat die Schlinge eine Gr\u00f6\u00dfe von 21cm x 13mm, sowie ein Gewicht von gerade einmal 10 Gramm.<\/p>\n<p>Wie es sich f\u00fcr eine lange Express geh\u00f6rt ist eine Schlaufe sehr eng und eine &#8220;locker&#8221;. Dadurch kann der seilseitige Karabiner fest fixiert werden. Am hakenseitigen Ende schlenkert die Schlinge wie erw\u00fcnscht sch\u00f6n um den Karabinerschenkel.<\/p>\n<p>Diese Dyneema Schlinge nimmt \u00fcbrigens jeden <a href=\"https:\/\/bolting.eu\/produkt-kategorie\/kletterausruestung\/karabiner-kletterkarabiner\/schnappkarabiner\/\">Schnappkarabiner<\/a> auf. Wer aber auch hier Gewicht sparen will, dem empfehlen wir kleine, leichte Drahtschnapper.<\/p>\n<h2>Eigenschaften Dyneema Expressschlinge 21cm<\/h2>\n<ul>\n<li>Hersteller: <a href=\"https:\/\/bolting.eu\/produkt-kategorie\/kong\/\">Kong<\/a><\/li>\n<li>L\u00e4nge: 26cm<\/li>\n<li>Breite: 13mm<\/li>\n<li>Gewicht: 10 Gramm<\/li>\n<li>Bruchlast: 22kN<\/li>\n<li>Norm: EN 566<\/li>\n<li>Material: Dyneema<\/li>\n<li>ideal als &#8220;lange Schlinge&#8221; bzw. &#8220;Alpinschlinge&#8221;<\/li>\n<li>nimmt alle g\u00e4ngigen Schnappkarabiner auf<\/li>\n<\/ul>\n<h3>Dyneema &#8211; leicht und extrem belastbar<\/h3>\n<p>Die Dyneema Expressschlinge 26cm bringt alle Vorteile dieses genialen Materials mit sich. Erstens ist es extrem leicht. Zweitens ist es enorm belastbar. Und drittens nimmt es kein Wasser auf. Das bringt bei Regen bzw. im Winter einige Vorteile.<\/p>\n<h3>Dyneema Expressschlinge 21cm &#8211; ideale &#8220;Alpinschlinge&#8221;<\/h3>\n<p>Kennt ihr diese Situation?<\/p>\n<p>Ihr klettert eine alpine Route die leicht zick-zack verl\u00e4uft. Und nach wenigen Haken beginnt euch der starke Seilzug bereits zu st\u00f6ren. Genau f\u00fcr diese Situation(en) sind die langen Expressschlingen da. Sie helfen den starken Seilzug abzufedern.<\/p>\n<p>Einerseits durch ihre L\u00e4nge. Und andererseits durch das &#8220;Schlenkern&#8221; um den hakenseitigen Karabiner. Hierf\u00fcr ist die Schlaufe an der Dyneema Expressschlinge 26cm &#8220;locker&#8221;. So kann sich das Band der Express sch\u00f6n um den Karabinerschenkel drehen und mit dem Seilzug mit wandern.<\/p>\n<h4><strong>Link Tipp<\/strong><\/h4>\n<p>Hier geht es zur <a href=\"https:\/\/www.kong.it\/media\/Component\/CatalogProduct\/p219-express-dyneema\/attachments\/I_KONG_SLINGS.pdf\" target=\"_blank\" rel=\"noopener\">Bedienungsanleitung<\/a>.<\/p>\n","protected":false},"excerpt":{"rendered":"<ul>\n<li>Hersteller: Kong<\/li>\n<li>L\u00e4nge: 26cm<\/li>\n<li>Breite: 13mm<\/li>\n<li>Gewicht: 10 ramm<\/li>\n<li>Bruchlast: 22kN<\/li>\n<li>Norm: EN 566<\/li>\n<li>Material: Dyneema<\/li>\n<li>ideal als &#8220;lange Schlinge&#8221; bzw. &#8220;Alpinschlinge&#8221;<\/li>\n<li>nimmt alle g\u00e4ngigen Schnappkarabiner auf<\/li>\n<\/ul>\n","protected":false},"featured_media":8403,"comment_status":"open","ping_status":"closed","template":"","meta":[],"product_brand":[],"product_cat":[29,220,4651],"product_tag":[],"class_list":{"0":"post-8402","1":"product","2":"type-product","3":"status-publish","4":"has-post-thumbnail","6":"product_cat-kletterausruestung","7":"product_cat-expressschlingen","8":"product_cat-kong","10":"first","11":"instock","12":"taxable","13":"shipping-taxable","14":"purchasable","15":"product-type-simple"},"yoast_head":"<!-- This site is optimized with the Yoast SEO Premium plugin v26.9 (Yoast SEO v26.9) - https:\/\/yoast.com\/product\/yoast-seo-premium-wordpress\/ -->\n<title>Dyneema Expressschlinge 26cm Kong - g\u00fcnstig online kaufen | bolting.eu<\/title>\n<meta name=\"description\" content=\"Hier findest Du die DYNEEMA EXPRESSSCHLINGE 26cm von Kong. Eine super leichte &quot;lange Express&quot; f\u00fcr dein Sportkletter- und Alpinrack!\" \/>\n<meta name=\"robots\" content=\"index, follow, max-snippet:-1, max-image-preview:large, max-video-preview:-1\" \/>\n<link rel=\"canonical\" href=\"https:\/\/bolting.eu\/en\/shop\/dyneema-expressschlinge-26cm\/\" \/>\n<meta property=\"og:locale\" content=\"en_US\" \/>\n<meta property=\"og:type\" content=\"article\" \/>\n<meta property=\"og:title\" content=\"Dyneema Expressschlinge 26cm\" \/>\n<meta property=\"og:description\" content=\"Hier findest Du die DYNEEMA EXPRESSSCHLINGE 26cm von Kong. Eine super leichte &quot;lange Express&quot; f\u00fcr dein Sportkletter- und Alpinrack!\" \/>\n<meta property=\"og:url\" content=\"https:\/\/bolting.eu\/en\/shop\/dyneema-expressschlinge-26cm\/\" \/>\n<meta property=\"og:site_name\" content=\"bolting.eu\" \/>\n<meta property=\"article:publisher\" content=\"https:\/\/www.facebook.com\/bolting.eu\" \/>\n<meta property=\"article:modified_time\" content=\"2026-02-11T18:03:49+00:00\" \/>\n<meta property=\"og:image\" content=\"https:\/\/bolting.eu\/wp-content\/uploads\/2021\/04\/Dyneema-Expressschlinge-26cm-2.jpg\" \/>\n\t<meta property=\"og:image:width\" content=\"700\" \/>\n\t<meta property=\"og:image:height\" content=\"700\" \/>\n\t<meta property=\"og:image:type\" content=\"image\/jpeg\" \/>\n<meta name=\"twitter:card\" content=\"summary_large_image\" \/>\n<meta name=\"twitter:label1\" content=\"Price\" \/>\n\t<meta name=\"twitter:data1\" content=\"&euro;&nbsp;4,99\" \/>\n\t<meta name=\"twitter:label2\" content=\"Availability\" \/>\n\t<meta name=\"twitter:data2\" content=\"In stock\" \/>\n<script type=\"application\/ld+json\" class=\"yoast-schema-graph\">{\"@context\":\"https:\/\/schema.org\",\"@graph\":[{\"@type\":[\"WebPage\",\"ItemPage\"],\"@id\":\"https:\/\/bolting.eu\/en\/shop\/dyneema-expressschlinge-26cm\/\",\"url\":\"https:\/\/bolting.eu\/en\/shop\/dyneema-expressschlinge-26cm\/\",\"name\":\"Dyneema Expressschlinge 26cm Kong - g\u00fcnstig online kaufen | bolting.eu\",\"isPartOf\":{\"@id\":\"https:\/\/bolting.eu\/en\/#website\"},\"primaryImageOfPage\":{\"@id\":\"https:\/\/bolting.eu\/en\/shop\/dyneema-expressschlinge-26cm\/#primaryimage\"},\"image\":{\"@id\":\"https:\/\/bolting.eu\/en\/shop\/dyneema-expressschlinge-26cm\/#primaryimage\"},\"thumbnailUrl\":\"https:\/\/bolting.eu\/wp-content\/uploads\/2021\/04\/Dyneema-Expressschlinge-26cm-2.jpg\",\"datePublished\":\"2021-04-23T12:39:33+00:00\",\"dateModified\":\"2026-02-11T18:03:49+00:00\",\"description\":\"Hier findest Du die DYNEEMA EXPRESSSCHLINGE 26cm von Kong. Eine super leichte \\\"lange Express\\\" f\u00fcr dein Sportkletter- und Alpinrack!\",\"breadcrumb\":{\"@id\":\"https:\/\/bolting.eu\/en\/shop\/dyneema-expressschlinge-26cm\/#breadcrumb\"},\"inLanguage\":\"en-US\",\"potentialAction\":[{\"@type\":\"ReadAction\",\"target\":[\"https:\/\/bolting.eu\/en\/shop\/dyneema-expressschlinge-26cm\/\"]}]},{\"@type\":\"ImageObject\",\"inLanguage\":\"en-US\",\"@id\":\"https:\/\/bolting.eu\/en\/shop\/dyneema-expressschlinge-26cm\/#primaryimage\",\"url\":\"https:\/\/bolting.eu\/wp-content\/uploads\/2021\/04\/Dyneema-Expressschlinge-26cm-2.jpg\",\"contentUrl\":\"https:\/\/bolting.eu\/wp-content\/uploads\/2021\/04\/Dyneema-Expressschlinge-26cm-2.jpg\",\"width\":700,\"height\":700,\"caption\":\"Das Bild zeigt eine wei\u00df-schwarze Dyneema Expressschlinge 26cm auf einem wei\u00dfem Quadrat.\"},{\"@type\":\"BreadcrumbList\",\"@id\":\"https:\/\/bolting.eu\/en\/shop\/dyneema-expressschlinge-26cm\/#breadcrumb\",\"itemListElement\":[{\"@type\":\"ListItem\",\"position\":1,\"name\":\"Shop\",\"item\":\"https:\/\/bolting.eu\/en\/shop\/\"},{\"@type\":\"ListItem\",\"position\":2,\"name\":\"climbing equipment\",\"item\":\"https:\/\/bolting.eu\/en\/produkt-kategorie\/climbing-equipment\/\"},{\"@type\":\"ListItem\",\"position\":3,\"name\":\"Quickdraws\",\"item\":\"https:\/\/bolting.eu\/en\/produkt-kategorie\/quickdraws\/\"},{\"@type\":\"ListItem\",\"position\":4,\"name\":\"Dyneema Expressschlinge 26cm\"}]},{\"@type\":\"WebSite\",\"@id\":\"https:\/\/bolting.eu\/en\/#website\",\"url\":\"https:\/\/bolting.eu\/en\/\",\"name\":\"bolting.eu\",\"description\":\"we make climbs happen\",\"publisher\":{\"@id\":\"https:\/\/bolting.eu\/en\/#organization\"},\"potentialAction\":[{\"@type\":\"SearchAction\",\"target\":{\"@type\":\"EntryPoint\",\"urlTemplate\":\"https:\/\/bolting.eu\/en\/?s={search_term_string}\"},\"query-input\":{\"@type\":\"PropertyValueSpecification\",\"valueRequired\":true,\"valueName\":\"search_term_string\"}}],\"inLanguage\":\"en-US\"},{\"@type\":[\"Organization\",\"Place\",\"SportingGoodsStore\"],\"@id\":\"https:\/\/bolting.eu\/en\/#organization\",\"name\":\"bolting.eu\",\"url\":\"https:\/\/bolting.eu\/en\/\",\"logo\":{\"@id\":\"https:\/\/bolting.eu\/en\/shop\/dyneema-expressschlinge-26cm\/#local-main-organization-logo\"},\"image\":{\"@id\":\"https:\/\/bolting.eu\/en\/shop\/dyneema-expressschlinge-26cm\/#local-main-organization-logo\"},\"sameAs\":[\"https:\/\/www.facebook.com\/bolting.eu\",\"https:\/\/www.instagram.com\/bolting.eu\/\"],\"address\":{\"@id\":\"https:\/\/bolting.eu\/en\/shop\/dyneema-expressschlinge-26cm\/#local-main-place-address\"},\"geo\":{\"@type\":\"GeoCoordinates\",\"latitude\":\"47.264176340396226\",\"longitude\":\"11.380109057672346\"},\"telephone\":[\"+43 699 19083372\"],\"openingHoursSpecification\":[{\"@type\":\"OpeningHoursSpecification\",\"dayOfWeek\":[\"Monday\",\"Wednesday\",\"Friday\"],\"opens\":\"14:00\",\"closes\":\"18:00\"},{\"@type\":\"OpeningHoursSpecification\",\"dayOfWeek\":[\"Tuesday\",\"Thursday\",\"Saturday\",\"Sunday\"],\"opens\":\"00:00\",\"closes\":\"00:00\"}],\"email\":\"office@bolting.eu\",\"vatID\":\"ATU59999728\",\"priceRange\":\"$$\",\"currenciesAccepted\":\"Euro\"},{\"@type\":\"PostalAddress\",\"@id\":\"https:\/\/bolting.eu\/en\/shop\/dyneema-expressschlinge-26cm\/#local-main-place-address\",\"streetAddress\":\"Fischnalerstra\u00dfe 4\",\"addressLocality\":\"Innsbruck\",\"postalCode\":\"6020\",\"addressRegion\":\"Tirol\",\"addressCountry\":\"AT\"},{\"@type\":\"ImageObject\",\"inLanguage\":\"en-US\",\"@id\":\"https:\/\/bolting.eu\/en\/shop\/dyneema-expressschlinge-26cm\/#local-main-organization-logo\",\"url\":\"https:\/\/bolting.eu\/wp-content\/uploads\/2019\/09\/bolting-logo.png\",\"contentUrl\":\"https:\/\/bolting.eu\/wp-content\/uploads\/2019\/09\/bolting-logo.png\",\"width\":400,\"height\":211,\"caption\":\"bolting.eu\"}]}<\/script>\n<meta property=\"product:price:amount\" content=\"4.99\" \/>\n<meta property=\"product:price:currency\" content=\"EUR\" \/>\n<meta property=\"og:availability\" content=\"instock\" \/>\n<meta property=\"product:availability\" content=\"instock\" \/>\n<meta property=\"product:retailer_item_id\" content=\"270D026B0KK\" \/>\n<meta property=\"product:condition\" content=\"new\" \/>\n<meta name=\"geo.placename\" content=\"Innsbruck\" \/>\n<meta name=\"geo.position\" content=\"47.264176340396226;11.380109057672346\" \/>\n<meta name=\"geo.region\" content=\"Austria\" \/>\n<!-- \/ Yoast SEO Premium plugin. -->","yoast_head_json":{"title":"Dyneema Expressschlinge 26cm Kong - g\u00fcnstig online kaufen | bolting.eu","description":"Hier findest Du die DYNEEMA EXPRESSSCHLINGE 26cm von Kong. Eine super leichte \"lange Express\" f\u00fcr dein Sportkletter- und Alpinrack!","robots":{"index":"index","follow":"follow","max-snippet":"max-snippet:-1","max-image-preview":"max-image-preview:large","max-video-preview":"max-video-preview:-1"},"canonical":"https:\/\/bolting.eu\/en\/shop\/dyneema-expressschlinge-26cm\/","og_locale":"en_US","og_type":"article","og_title":"Dyneema Expressschlinge 26cm","og_description":"Hier findest Du die DYNEEMA EXPRESSSCHLINGE 26cm von Kong. Eine super leichte \"lange Express\" f\u00fcr dein Sportkletter- und Alpinrack!","og_url":"https:\/\/bolting.eu\/en\/shop\/dyneema-expressschlinge-26cm\/","og_site_name":"bolting.eu","article_publisher":"https:\/\/www.facebook.com\/bolting.eu","article_modified_time":"2026-02-11T18:03:49+00:00","og_image":[{"width":700,"height":700,"url":"https:\/\/bolting.eu\/wp-content\/uploads\/2021\/04\/Dyneema-Expressschlinge-26cm-2.jpg","type":"image\/jpeg"}],"twitter_card":"summary_large_image","twitter_misc":{"Price":"&euro;&nbsp;4,99","Availability":"In stock"},"schema":{"@context":"https:\/\/schema.org","@graph":[{"@type":["WebPage","ItemPage"],"@id":"https:\/\/bolting.eu\/en\/shop\/dyneema-expressschlinge-26cm\/","url":"https:\/\/bolting.eu\/en\/shop\/dyneema-expressschlinge-26cm\/","name":"Dyneema Expressschlinge 26cm Kong - g\u00fcnstig online kaufen | bolting.eu","isPartOf":{"@id":"https:\/\/bolting.eu\/en\/#website"},"primaryImageOfPage":{"@id":"https:\/\/bolting.eu\/en\/shop\/dyneema-expressschlinge-26cm\/#primaryimage"},"image":{"@id":"https:\/\/bolting.eu\/en\/shop\/dyneema-expressschlinge-26cm\/#primaryimage"},"thumbnailUrl":"https:\/\/bolting.eu\/wp-content\/uploads\/2021\/04\/Dyneema-Expressschlinge-26cm-2.jpg","datePublished":"2021-04-23T12:39:33+00:00","dateModified":"2026-02-11T18:03:49+00:00","description":"Hier findest Du die DYNEEMA EXPRESSSCHLINGE 26cm von Kong. Eine super leichte \"lange Express\" f\u00fcr dein Sportkletter- und Alpinrack!","breadcrumb":{"@id":"https:\/\/bolting.eu\/en\/shop\/dyneema-expressschlinge-26cm\/#breadcrumb"},"inLanguage":"en-US","potentialAction":[{"@type":"ReadAction","target":["https:\/\/bolting.eu\/en\/shop\/dyneema-expressschlinge-26cm\/"]}]},{"@type":"ImageObject","inLanguage":"en-US","@id":"https:\/\/bolting.eu\/en\/shop\/dyneema-expressschlinge-26cm\/#primaryimage","url":"https:\/\/bolting.eu\/wp-content\/uploads\/2021\/04\/Dyneema-Expressschlinge-26cm-2.jpg","contentUrl":"https:\/\/bolting.eu\/wp-content\/uploads\/2021\/04\/Dyneema-Expressschlinge-26cm-2.jpg","width":700,"height":700,"caption":"Das Bild zeigt eine wei\u00df-schwarze Dyneema Expressschlinge 26cm auf einem wei\u00dfem Quadrat."},{"@type":"BreadcrumbList","@id":"https:\/\/bolting.eu\/en\/shop\/dyneema-expressschlinge-26cm\/#breadcrumb","itemListElement":[{"@type":"ListItem","position":1,"name":"Shop","item":"https:\/\/bolting.eu\/en\/shop\/"},{"@type":"ListItem","position":2,"name":"climbing equipment","item":"https:\/\/bolting.eu\/en\/produkt-kategorie\/climbing-equipment\/"},{"@type":"ListItem","position":3,"name":"Quickdraws","item":"https:\/\/bolting.eu\/en\/produkt-kategorie\/quickdraws\/"},{"@type":"ListItem","position":4,"name":"Dyneema Expressschlinge 26cm"}]},{"@type":"WebSite","@id":"https:\/\/bolting.eu\/en\/#website","url":"https:\/\/bolting.eu\/en\/","name":"bolting.eu","description":"we make climbs happen","publisher":{"@id":"https:\/\/bolting.eu\/en\/#organization"},"potentialAction":[{"@type":"SearchAction","target":{"@type":"EntryPoint","urlTemplate":"https:\/\/bolting.eu\/en\/?s={search_term_string}"},"query-input":{"@type":"PropertyValueSpecification","valueRequired":true,"valueName":"search_term_string"}}],"inLanguage":"en-US"},{"@type":["Organization","Place","SportingGoodsStore"],"@id":"https:\/\/bolting.eu\/en\/#organization","name":"bolting.eu","url":"https:\/\/bolting.eu\/en\/","logo":{"@id":"https:\/\/bolting.eu\/en\/shop\/dyneema-expressschlinge-26cm\/#local-main-organization-logo"},"image":{"@id":"https:\/\/bolting.eu\/en\/shop\/dyneema-expressschlinge-26cm\/#local-main-organization-logo"},"sameAs":["https:\/\/www.facebook.com\/bolting.eu","https:\/\/www.instagram.com\/bolting.eu\/"],"address":{"@id":"https:\/\/bolting.eu\/en\/shop\/dyneema-expressschlinge-26cm\/#local-main-place-address"},"geo":{"@type":"GeoCoordinates","latitude":"47.264176340396226","longitude":"11.380109057672346"},"telephone":["+43 699 19083372"],"openingHoursSpecification":[{"@type":"OpeningHoursSpecification","dayOfWeek":["Monday","Wednesday","Friday"],"opens":"14:00","closes":"18:00"},{"@type":"OpeningHoursSpecification","dayOfWeek":["Tuesday","Thursday","Saturday","Sunday"],"opens":"00:00","closes":"00:00"}],"email":"office@bolting.eu","vatID":"ATU59999728","priceRange":"$$","currenciesAccepted":"Euro"},{"@type":"PostalAddress","@id":"https:\/\/bolting.eu\/en\/shop\/dyneema-expressschlinge-26cm\/#local-main-place-address","streetAddress":"Fischnalerstra\u00dfe 4","addressLocality":"Innsbruck","postalCode":"6020","addressRegion":"Tirol","addressCountry":"AT"},{"@type":"ImageObject","inLanguage":"en-US","@id":"https:\/\/bolting.eu\/en\/shop\/dyneema-expressschlinge-26cm\/#local-main-organization-logo","url":"https:\/\/bolting.eu\/wp-content\/uploads\/2019\/09\/bolting-logo.png","contentUrl":"https:\/\/bolting.eu\/wp-content\/uploads\/2019\/09\/bolting-logo.png","width":400,"height":211,"caption":"bolting.eu"}]},"product_price_amount":"4.99","product_price_currency":"EUR","og_availability":"instock","product_availability":"instock","product_retailer_item_id":"270D026B0KK","product_condition":"new","geo.placename":"Innsbruck","geo.position":{"lat":"47.264176340396226","long":"11.380109057672346"},"geo.region":"Austria"},"_links":{"self":[{"href":"https:\/\/bolting.eu\/en\/wp-json\/wp\/v2\/product\/8402","targetHints":{"allow":["GET"]}}],"collection":[{"href":"https:\/\/bolting.eu\/en\/wp-json\/wp\/v2\/product"}],"about":[{"href":"https:\/\/bolting.eu\/en\/wp-json\/wp\/v2\/types\/product"}],"replies":[{"embeddable":true,"href":"https:\/\/bolting.eu\/en\/wp-json\/wp\/v2\/comments?post=8402"}],"wp:featuredmedia":[{"embeddable":true,"href":"https:\/\/bolting.eu\/en\/wp-json\/wp\/v2\/media\/8403"}],"wp:attachment":[{"href":"https:\/\/bolting.eu\/en\/wp-json\/wp\/v2\/media?parent=8402"}],"wp:term":[{"taxonomy":"product_brand","embeddable":true,"href":"https:\/\/bolting.eu\/en\/wp-json\/wp\/v2\/product_brand?post=8402"},{"taxonomy":"product_cat","embeddable":true,"href":"https:\/\/bolting.eu\/en\/wp-json\/wp\/v2\/product_cat?post=8402"},{"taxonomy":"product_tag","embeddable":true,"href":"https:\/\/bolting.eu\/en\/wp-json\/wp\/v2\/product_tag?post=8402"}],"curies":[{"name":"wp","href":"https:\/\/api.w.org\/{rel}","templated":true}]}}