{"id":8395,"date":"2021-04-23T13:41:34","date_gmt":"2021-04-23T11:41:34","guid":{"rendered":"https:\/\/bolting.eu\/?post_type=product&#038;p=8395"},"modified":"2026-05-06T15:35:16","modified_gmt":"2026-05-06T13:35:16","slug":"kong-expressschlinge-nylon-26cm","status":"publish","type":"product","link":"https:\/\/bolting.eu\/en\/shop\/kong-expressschlinge-nylon-26cm\/","title":{"rendered":"Kong Expressschlinge Nylon 26cm"},"content":{"rendered":"<p>Die Kong Expressschlinge Nylon 26cm ist eine klassische Schlinge aus Nylon. Sie ist 15mm breit und hat eine Bruchlast von 23kN.<\/p>\n<p>Die Expressschlinge ist mit einer &#8220;engen&#8221; und einer &#8220;lockeren&#8221; Schlaufe ausgestattet. Somit ist der seilseitige Karabiner zum Klippen richtig sch\u00f6n fest fixiert bzw. der hakenseitige Karabiner locker. Das macht sie in Kombination mit ihrer L\u00e4nge von 26cm zu einer idealen &#8220;Alpinschlinge&#8221;.<\/p>\n<p>Es kann jeder beliebige <a href=\"https:\/\/bolting.eu\/produkt-kategorie\/kletterausruestung\/karabiner-kletterkarabiner\/schnappkarabiner\/\">Schnappkarabiner<\/a> in der Express eingeh\u00e4ngt werden. Folglich ist diese Express ideal um seine Sportkletterschlingen regelm\u00e4\u00dfig auszutauschen. Denn Bandschlingen sollten lt. DAV Sicherheitsforschung alle drei Jahre erneuert werden.<\/p>\n<h2>Eigenschaften Kong Expressschlinge Nylon 26cm<\/h2>\n<ul>\n<li>Hersteller: <a href=\"https:\/\/bolting.eu\/produkt-kategorie\/kong\/\">Kong<\/a><\/li>\n<li>L\u00e4nge: 26cm<\/li>\n<li>Breite: 15mm<\/li>\n<li>Material: Nylon<\/li>\n<li>Bruchlast: 23kN<\/li>\n<li>Norm: EN 566<\/li>\n<li>Gewicht: 19 Gramm<\/li>\n<li>f\u00fcr alle g\u00e4ngigen Schnappkarabiner geeignet<\/li>\n<li>feste Schlaufe seilseitiger Karabiner<\/li>\n<li>lockere Schlaufe hakenseitiger Karabiner<\/li>\n<li>durch L\u00e4nge ideal als Alpinschlinge<\/li>\n<\/ul>\n<h3>Preiswerte &#8220;Alpinschlinge&#8221;<\/h3>\n<p>Wir haben die Kong Modelle in unser Sortiment aufgenommen, weil sie ein paar wichtige Kriterien erf\u00fcllen.<\/p>\n<p>Erstens wollten wir euch eine preisg\u00fcnstige Alternative bieten. Durch unser hohes Einkaufsvolumen an Kong Produkten ist es m\u00f6glich die Kong Expressschlinge Nylon 26cm g\u00fcnstig anzubieten.<\/p>\n<p>Zweitens produziert Kong zur G\u00e4nze in Italien. D.h. ordentliche soziale und \u00f6kologische Standards sowie Wertsch\u00f6pfung in der EU.<\/p>\n<p>Und drittens erf\u00fcllt dieses Produkt alle Anforderungen hinsichtlich Sicherheit, Handling und Performance. Im konkreten Fall kann man diese Schlinge ideal als sogenannte &#8220;Alpinschlinge&#8221; verwenden. So bezeichnen Kletterer diese Dimension der Expressen, denn sie sorgen durch die &#8220;lockere Schlaufe&#8221; und ihre L\u00e4nge f\u00fcr weniger Seilreibung bei einem zick-zack Routenverlauf.<\/p>\n<p>Wir w\u00fcrden jedem Sportkletterer raten, mindestens zwei St\u00fcck solcher &#8220;langen&#8221; Schlingen im Sortiment zu haben. Sie k\u00f6nnen dann extrem hilfreich sein, wenn eine Route hin und her verl\u00e4uft. Denn dann &#8220;schlenkern&#8221; die Expressen fein mit und verringern die Seillreibung mitunter ganz enorm.<\/p>\n<p>F\u00fcr Euer Alpin-Arsenal empfehlen wir sogar 4-6 Stk. und ein paar &#8220;verl\u00e4ngerbaren&#8221; Expressen mit 60cm Bandschlingen.<\/p>\n<p><strong>Link Tipp<\/strong><\/p>\n<p>Hier geht es zur <a href=\"https:\/\/www.kong.it\/media\/Component\/CatalogProduct\/p221-express\/attachments\/I_KONG_SLINGS.pdf\" target=\"_blank\" rel=\"noopener\">Bedienungsanleitung<\/a>.<\/p>\n","protected":false},"excerpt":{"rendered":"<p>26cm Standard Expressschlinge aus 15mm Polyamid Band.<\/p>\n<p>EN 566 Norm, h\u00e4lt 22kN und hat eine weite bzw. eine enge Schlaufe. Ideal f\u00fcr den Bau von &#8220;Alpinschlingen&#8221; f\u00fcr wenig Seilreibung.<\/p>\n<p>Versandkostenfrei bis 2kg in <img decoding=\"async\" class=\"emoji\" role=\"img\" draggable=\"false\" src=\"https:\/\/s.w.org\/images\/core\/emoji\/13.1.0\/svg\/1f1e6-1f1f9.svg\" alt=\"\ud83c\udde6\ud83c\uddf9\" \/> ab \u20ac 100,- und <img decoding=\"async\" class=\"emoji\" role=\"img\" draggable=\"false\" src=\"https:\/\/s.w.org\/images\/core\/emoji\/13.1.0\/svg\/1f1e9-1f1ea.svg\" alt=\"\ud83c\udde9\ud83c\uddea\" \/> ab \u20ac 200,-!<\/p>\n","protected":false},"featured_media":8397,"comment_status":"open","ping_status":"closed","template":"","meta":[],"product_brand":[],"product_cat":[4651,29,220],"product_tag":[],"class_list":{"0":"post-8395","1":"product","2":"type-product","3":"status-publish","4":"has-post-thumbnail","6":"product_cat-kong","7":"product_cat-kletterausruestung","8":"product_cat-expressschlingen","10":"first","11":"instock","12":"taxable","13":"shipping-taxable","14":"purchasable","15":"product-type-simple"},"yoast_head":"<!-- This site is optimized with the Yoast SEO Premium plugin v26.9 (Yoast SEO v26.9) - https:\/\/yoast.com\/product\/yoast-seo-premium-wordpress\/ -->\n<title>Kong Expressschlinge Nylon 26cm g\u00fcnstig online kaufen | bolting.eu<\/title>\n<meta name=\"description\" content=\"Hier findest Du die KONG EXPRESSSCHLINGE NYLON 26cm. Eine preiswerte Schlinge zum Bau von &quot;Alpinschlingen&quot; f\u00fcr weniger Seilreibung!\" \/>\n<meta name=\"robots\" content=\"index, follow, max-snippet:-1, max-image-preview:large, max-video-preview:-1\" \/>\n<link rel=\"canonical\" href=\"https:\/\/bolting.eu\/en\/shop\/kong-expressschlinge-nylon-26cm\/\" \/>\n<meta property=\"og:locale\" content=\"en_US\" \/>\n<meta property=\"og:type\" content=\"article\" \/>\n<meta property=\"og:title\" content=\"Kong Expressschlinge Nylon 26cm\" \/>\n<meta property=\"og:description\" content=\"Hier findest Du die KONG EXPRESSSCHLINGE NYLON 26cm. Eine preiswerte Schlinge zum Bau von &quot;Alpinschlingen&quot; f\u00fcr weniger Seilreibung!\" \/>\n<meta property=\"og:url\" content=\"https:\/\/bolting.eu\/en\/shop\/kong-expressschlinge-nylon-26cm\/\" \/>\n<meta property=\"og:site_name\" content=\"bolting.eu\" \/>\n<meta property=\"article:publisher\" content=\"https:\/\/www.facebook.com\/bolting.eu\" \/>\n<meta property=\"article:modified_time\" content=\"2026-05-06T13:35:16+00:00\" \/>\n<meta property=\"og:image\" content=\"https:\/\/bolting.eu\/wp-content\/uploads\/2021\/04\/Kong-Expressschlinge-Nylon-26cm-2.jpg\" \/>\n\t<meta property=\"og:image:width\" content=\"700\" \/>\n\t<meta property=\"og:image:height\" content=\"700\" \/>\n\t<meta property=\"og:image:type\" content=\"image\/jpeg\" \/>\n<meta name=\"twitter:card\" content=\"summary_large_image\" \/>\n<meta name=\"twitter:label1\" content=\"Price\" \/>\n\t<meta name=\"twitter:data1\" content=\"&euro;&nbsp;3,99\" \/>\n\t<meta name=\"twitter:label2\" content=\"Availability\" \/>\n\t<meta name=\"twitter:data2\" content=\"In stock\" \/>\n<script type=\"application\/ld+json\" class=\"yoast-schema-graph\">{\"@context\":\"https:\/\/schema.org\",\"@graph\":[{\"@type\":[\"WebPage\",\"ItemPage\"],\"@id\":\"https:\/\/bolting.eu\/en\/shop\/kong-expressschlinge-nylon-26cm\/\",\"url\":\"https:\/\/bolting.eu\/en\/shop\/kong-expressschlinge-nylon-26cm\/\",\"name\":\"Kong Expressschlinge Nylon 26cm g\u00fcnstig online kaufen | bolting.eu\",\"isPartOf\":{\"@id\":\"https:\/\/bolting.eu\/en\/#website\"},\"primaryImageOfPage\":{\"@id\":\"https:\/\/bolting.eu\/en\/shop\/kong-expressschlinge-nylon-26cm\/#primaryimage\"},\"image\":{\"@id\":\"https:\/\/bolting.eu\/en\/shop\/kong-expressschlinge-nylon-26cm\/#primaryimage\"},\"thumbnailUrl\":\"https:\/\/bolting.eu\/wp-content\/uploads\/2021\/04\/Kong-Expressschlinge-Nylon-26cm-2.jpg\",\"datePublished\":\"2021-04-23T11:41:34+00:00\",\"dateModified\":\"2026-05-06T13:35:16+00:00\",\"description\":\"Hier findest Du die KONG EXPRESSSCHLINGE NYLON 26cm. Eine preiswerte Schlinge zum Bau von \\\"Alpinschlingen\\\" f\u00fcr weniger Seilreibung!\",\"breadcrumb\":{\"@id\":\"https:\/\/bolting.eu\/en\/shop\/kong-expressschlinge-nylon-26cm\/#breadcrumb\"},\"inLanguage\":\"en-US\",\"potentialAction\":[{\"@type\":\"ReadAction\",\"target\":[\"https:\/\/bolting.eu\/en\/shop\/kong-expressschlinge-nylon-26cm\/\"]}]},{\"@type\":\"ImageObject\",\"inLanguage\":\"en-US\",\"@id\":\"https:\/\/bolting.eu\/en\/shop\/kong-expressschlinge-nylon-26cm\/#primaryimage\",\"url\":\"https:\/\/bolting.eu\/wp-content\/uploads\/2021\/04\/Kong-Expressschlinge-Nylon-26cm-2.jpg\",\"contentUrl\":\"https:\/\/bolting.eu\/wp-content\/uploads\/2021\/04\/Kong-Expressschlinge-Nylon-26cm-2.jpg\",\"width\":700,\"height\":700,\"caption\":\"Das Bild zeigt eine schwarz-orange Expressschlinge Nylon 26cm auf einem wei\u00dfem Quadrat.\"},{\"@type\":\"BreadcrumbList\",\"@id\":\"https:\/\/bolting.eu\/en\/shop\/kong-expressschlinge-nylon-26cm\/#breadcrumb\",\"itemListElement\":[{\"@type\":\"ListItem\",\"position\":1,\"name\":\"Shop\",\"item\":\"https:\/\/bolting.eu\/en\/shop\/\"},{\"@type\":\"ListItem\",\"position\":2,\"name\":\"climbing equipment\",\"item\":\"https:\/\/bolting.eu\/en\/produkt-kategorie\/climbing-equipment\/\"},{\"@type\":\"ListItem\",\"position\":3,\"name\":\"Quickdraws\",\"item\":\"https:\/\/bolting.eu\/en\/produkt-kategorie\/quickdraws\/\"},{\"@type\":\"ListItem\",\"position\":4,\"name\":\"Kong Expressschlinge Nylon 26cm\"}]},{\"@type\":\"WebSite\",\"@id\":\"https:\/\/bolting.eu\/en\/#website\",\"url\":\"https:\/\/bolting.eu\/en\/\",\"name\":\"bolting.eu\",\"description\":\"we make climbs happen\",\"publisher\":{\"@id\":\"https:\/\/bolting.eu\/en\/#organization\"},\"potentialAction\":[{\"@type\":\"SearchAction\",\"target\":{\"@type\":\"EntryPoint\",\"urlTemplate\":\"https:\/\/bolting.eu\/en\/?s={search_term_string}\"},\"query-input\":{\"@type\":\"PropertyValueSpecification\",\"valueRequired\":true,\"valueName\":\"search_term_string\"}}],\"inLanguage\":\"en-US\"},{\"@type\":[\"Organization\",\"Place\",\"SportingGoodsStore\"],\"@id\":\"https:\/\/bolting.eu\/en\/#organization\",\"name\":\"bolting.eu\",\"url\":\"https:\/\/bolting.eu\/en\/\",\"logo\":{\"@id\":\"https:\/\/bolting.eu\/en\/shop\/kong-expressschlinge-nylon-26cm\/#local-main-organization-logo\"},\"image\":{\"@id\":\"https:\/\/bolting.eu\/en\/shop\/kong-expressschlinge-nylon-26cm\/#local-main-organization-logo\"},\"sameAs\":[\"https:\/\/www.facebook.com\/bolting.eu\",\"https:\/\/www.instagram.com\/bolting.eu\/\"],\"address\":{\"@id\":\"https:\/\/bolting.eu\/en\/shop\/kong-expressschlinge-nylon-26cm\/#local-main-place-address\"},\"geo\":{\"@type\":\"GeoCoordinates\",\"latitude\":\"47.264176340396226\",\"longitude\":\"11.380109057672346\"},\"telephone\":[\"+43 699 19083372\"],\"openingHoursSpecification\":[{\"@type\":\"OpeningHoursSpecification\",\"dayOfWeek\":[\"Monday\",\"Wednesday\",\"Friday\"],\"opens\":\"14:00\",\"closes\":\"18:00\"},{\"@type\":\"OpeningHoursSpecification\",\"dayOfWeek\":[\"Tuesday\",\"Thursday\",\"Saturday\",\"Sunday\"],\"opens\":\"00:00\",\"closes\":\"00:00\"}],\"email\":\"office@bolting.eu\",\"vatID\":\"ATU59999728\",\"priceRange\":\"$$\",\"currenciesAccepted\":\"Euro\"},{\"@type\":\"PostalAddress\",\"@id\":\"https:\/\/bolting.eu\/en\/shop\/kong-expressschlinge-nylon-26cm\/#local-main-place-address\",\"streetAddress\":\"Fischnalerstra\u00dfe 4\",\"addressLocality\":\"Innsbruck\",\"postalCode\":\"6020\",\"addressRegion\":\"Tirol\",\"addressCountry\":\"AT\"},{\"@type\":\"ImageObject\",\"inLanguage\":\"en-US\",\"@id\":\"https:\/\/bolting.eu\/en\/shop\/kong-expressschlinge-nylon-26cm\/#local-main-organization-logo\",\"url\":\"https:\/\/bolting.eu\/wp-content\/uploads\/2019\/09\/bolting-logo.png\",\"contentUrl\":\"https:\/\/bolting.eu\/wp-content\/uploads\/2019\/09\/bolting-logo.png\",\"width\":400,\"height\":211,\"caption\":\"bolting.eu\"}]}<\/script>\n<meta property=\"product:price:amount\" content=\"3.99\" \/>\n<meta property=\"product:price:currency\" content=\"EUR\" \/>\n<meta property=\"og:availability\" content=\"instock\" \/>\n<meta property=\"product:availability\" content=\"instock\" \/>\n<meta property=\"product:retailer_item_id\" content=\"270T026O0KK\" \/>\n<meta property=\"product:condition\" content=\"new\" \/>\n<meta name=\"geo.placename\" content=\"Innsbruck\" \/>\n<meta name=\"geo.position\" content=\"47.264176340396226;11.380109057672346\" \/>\n<meta name=\"geo.region\" content=\"Austria\" \/>\n<!-- \/ Yoast SEO Premium plugin. -->","yoast_head_json":{"title":"Kong Expressschlinge Nylon 26cm g\u00fcnstig online kaufen | bolting.eu","description":"Hier findest Du die KONG EXPRESSSCHLINGE NYLON 26cm. Eine preiswerte Schlinge zum Bau von \"Alpinschlingen\" f\u00fcr weniger Seilreibung!","robots":{"index":"index","follow":"follow","max-snippet":"max-snippet:-1","max-image-preview":"max-image-preview:large","max-video-preview":"max-video-preview:-1"},"canonical":"https:\/\/bolting.eu\/en\/shop\/kong-expressschlinge-nylon-26cm\/","og_locale":"en_US","og_type":"article","og_title":"Kong Expressschlinge Nylon 26cm","og_description":"Hier findest Du die KONG EXPRESSSCHLINGE NYLON 26cm. Eine preiswerte Schlinge zum Bau von \"Alpinschlingen\" f\u00fcr weniger Seilreibung!","og_url":"https:\/\/bolting.eu\/en\/shop\/kong-expressschlinge-nylon-26cm\/","og_site_name":"bolting.eu","article_publisher":"https:\/\/www.facebook.com\/bolting.eu","article_modified_time":"2026-05-06T13:35:16+00:00","og_image":[{"width":700,"height":700,"url":"https:\/\/bolting.eu\/wp-content\/uploads\/2021\/04\/Kong-Expressschlinge-Nylon-26cm-2.jpg","type":"image\/jpeg"}],"twitter_card":"summary_large_image","twitter_misc":{"Price":"&euro;&nbsp;3,99","Availability":"In stock"},"schema":{"@context":"https:\/\/schema.org","@graph":[{"@type":["WebPage","ItemPage"],"@id":"https:\/\/bolting.eu\/en\/shop\/kong-expressschlinge-nylon-26cm\/","url":"https:\/\/bolting.eu\/en\/shop\/kong-expressschlinge-nylon-26cm\/","name":"Kong Expressschlinge Nylon 26cm g\u00fcnstig online kaufen | bolting.eu","isPartOf":{"@id":"https:\/\/bolting.eu\/en\/#website"},"primaryImageOfPage":{"@id":"https:\/\/bolting.eu\/en\/shop\/kong-expressschlinge-nylon-26cm\/#primaryimage"},"image":{"@id":"https:\/\/bolting.eu\/en\/shop\/kong-expressschlinge-nylon-26cm\/#primaryimage"},"thumbnailUrl":"https:\/\/bolting.eu\/wp-content\/uploads\/2021\/04\/Kong-Expressschlinge-Nylon-26cm-2.jpg","datePublished":"2021-04-23T11:41:34+00:00","dateModified":"2026-05-06T13:35:16+00:00","description":"Hier findest Du die KONG EXPRESSSCHLINGE NYLON 26cm. Eine preiswerte Schlinge zum Bau von \"Alpinschlingen\" f\u00fcr weniger Seilreibung!","breadcrumb":{"@id":"https:\/\/bolting.eu\/en\/shop\/kong-expressschlinge-nylon-26cm\/#breadcrumb"},"inLanguage":"en-US","potentialAction":[{"@type":"ReadAction","target":["https:\/\/bolting.eu\/en\/shop\/kong-expressschlinge-nylon-26cm\/"]}]},{"@type":"ImageObject","inLanguage":"en-US","@id":"https:\/\/bolting.eu\/en\/shop\/kong-expressschlinge-nylon-26cm\/#primaryimage","url":"https:\/\/bolting.eu\/wp-content\/uploads\/2021\/04\/Kong-Expressschlinge-Nylon-26cm-2.jpg","contentUrl":"https:\/\/bolting.eu\/wp-content\/uploads\/2021\/04\/Kong-Expressschlinge-Nylon-26cm-2.jpg","width":700,"height":700,"caption":"Das Bild zeigt eine schwarz-orange Expressschlinge Nylon 26cm auf einem wei\u00dfem Quadrat."},{"@type":"BreadcrumbList","@id":"https:\/\/bolting.eu\/en\/shop\/kong-expressschlinge-nylon-26cm\/#breadcrumb","itemListElement":[{"@type":"ListItem","position":1,"name":"Shop","item":"https:\/\/bolting.eu\/en\/shop\/"},{"@type":"ListItem","position":2,"name":"climbing equipment","item":"https:\/\/bolting.eu\/en\/produkt-kategorie\/climbing-equipment\/"},{"@type":"ListItem","position":3,"name":"Quickdraws","item":"https:\/\/bolting.eu\/en\/produkt-kategorie\/quickdraws\/"},{"@type":"ListItem","position":4,"name":"Kong Expressschlinge Nylon 26cm"}]},{"@type":"WebSite","@id":"https:\/\/bolting.eu\/en\/#website","url":"https:\/\/bolting.eu\/en\/","name":"bolting.eu","description":"we make climbs happen","publisher":{"@id":"https:\/\/bolting.eu\/en\/#organization"},"potentialAction":[{"@type":"SearchAction","target":{"@type":"EntryPoint","urlTemplate":"https:\/\/bolting.eu\/en\/?s={search_term_string}"},"query-input":{"@type":"PropertyValueSpecification","valueRequired":true,"valueName":"search_term_string"}}],"inLanguage":"en-US"},{"@type":["Organization","Place","SportingGoodsStore"],"@id":"https:\/\/bolting.eu\/en\/#organization","name":"bolting.eu","url":"https:\/\/bolting.eu\/en\/","logo":{"@id":"https:\/\/bolting.eu\/en\/shop\/kong-expressschlinge-nylon-26cm\/#local-main-organization-logo"},"image":{"@id":"https:\/\/bolting.eu\/en\/shop\/kong-expressschlinge-nylon-26cm\/#local-main-organization-logo"},"sameAs":["https:\/\/www.facebook.com\/bolting.eu","https:\/\/www.instagram.com\/bolting.eu\/"],"address":{"@id":"https:\/\/bolting.eu\/en\/shop\/kong-expressschlinge-nylon-26cm\/#local-main-place-address"},"geo":{"@type":"GeoCoordinates","latitude":"47.264176340396226","longitude":"11.380109057672346"},"telephone":["+43 699 19083372"],"openingHoursSpecification":[{"@type":"OpeningHoursSpecification","dayOfWeek":["Monday","Wednesday","Friday"],"opens":"14:00","closes":"18:00"},{"@type":"OpeningHoursSpecification","dayOfWeek":["Tuesday","Thursday","Saturday","Sunday"],"opens":"00:00","closes":"00:00"}],"email":"office@bolting.eu","vatID":"ATU59999728","priceRange":"$$","currenciesAccepted":"Euro"},{"@type":"PostalAddress","@id":"https:\/\/bolting.eu\/en\/shop\/kong-expressschlinge-nylon-26cm\/#local-main-place-address","streetAddress":"Fischnalerstra\u00dfe 4","addressLocality":"Innsbruck","postalCode":"6020","addressRegion":"Tirol","addressCountry":"AT"},{"@type":"ImageObject","inLanguage":"en-US","@id":"https:\/\/bolting.eu\/en\/shop\/kong-expressschlinge-nylon-26cm\/#local-main-organization-logo","url":"https:\/\/bolting.eu\/wp-content\/uploads\/2019\/09\/bolting-logo.png","contentUrl":"https:\/\/bolting.eu\/wp-content\/uploads\/2019\/09\/bolting-logo.png","width":400,"height":211,"caption":"bolting.eu"}]},"product_price_amount":"3.99","product_price_currency":"EUR","og_availability":"instock","product_availability":"instock","product_retailer_item_id":"270T026O0KK","product_condition":"new","geo.placename":"Innsbruck","geo.position":{"lat":"47.264176340396226","long":"11.380109057672346"},"geo.region":"Austria"},"_links":{"self":[{"href":"https:\/\/bolting.eu\/en\/wp-json\/wp\/v2\/product\/8395","targetHints":{"allow":["GET"]}}],"collection":[{"href":"https:\/\/bolting.eu\/en\/wp-json\/wp\/v2\/product"}],"about":[{"href":"https:\/\/bolting.eu\/en\/wp-json\/wp\/v2\/types\/product"}],"replies":[{"embeddable":true,"href":"https:\/\/bolting.eu\/en\/wp-json\/wp\/v2\/comments?post=8395"}],"wp:featuredmedia":[{"embeddable":true,"href":"https:\/\/bolting.eu\/en\/wp-json\/wp\/v2\/media\/8397"}],"wp:attachment":[{"href":"https:\/\/bolting.eu\/en\/wp-json\/wp\/v2\/media?parent=8395"}],"wp:term":[{"taxonomy":"product_brand","embeddable":true,"href":"https:\/\/bolting.eu\/en\/wp-json\/wp\/v2\/product_brand?post=8395"},{"taxonomy":"product_cat","embeddable":true,"href":"https:\/\/bolting.eu\/en\/wp-json\/wp\/v2\/product_cat?post=8395"},{"taxonomy":"product_tag","embeddable":true,"href":"https:\/\/bolting.eu\/en\/wp-json\/wp\/v2\/product_tag?post=8395"}],"curies":[{"name":"wp","href":"https:\/\/api.w.org\/{rel}","templated":true}]}}