{"id":830,"date":"2019-12-17T13:16:18","date_gmt":"2019-12-17T12:16:18","guid":{"rendered":"https:\/\/bolting.eu\/?post_type=product&#038;p=830"},"modified":"2023-01-23T15:20:18","modified_gmt":"2023-01-23T14:20:18","slug":"fixe-12mm-bohrhakenlasche-inox","status":"publish","type":"product","link":"https:\/\/bolting.eu\/en\/shop\/fixe-12mm-bohrhakenlasche-inox\/","title":{"rendered":"FIXE 12mm Bohrhakenlasche Inox &#8211; A2 Stahl"},"content":{"rendered":"<h3>FIXE 12mm Bohrhakenlasche Inox (A2 Stahl)<\/h3>\n<p>Die FIXE 12mm Bohrhakenlasche Inox &#8211; 10mm Fixe Bohrhakenlasche Edelstahl ist eine g\u00fcnstigsten und kompaktesten Laschen am Markt. Denn sie kostet bei uns deutlich unter \u20ac 2,-. Zudem ist sie mit 4mm St\u00e4rke enorm robust. Das Material der 12mm Bohrhakenlasche Inox ist A2 Stahl. Dadurch ist die Lasche zum <a href=\"https:\/\/bolting.eu\/kletterroute-mit-bohrhaken-einrichten\/\">Einbohren von Kletterrouten mit Bohrhaken<\/a> im gesamten Alpenraum geeignet. Zum Beispiel f\u00fcr die <a href=\"https:\/\/bolting.eu\/consulting-errichtung\/klettergarten-errichtung\/\">Klettergarten Errichtung<\/a> oder <a href=\"https:\/\/bolting.eu\/consulting-errichtung\/klettergarten-sanierung\/\">Klettergarten Sanierung<\/a>. \u00dcberdies empfehlen wir sie f\u00fcr Kletterrouten mit sehr hoher Frequenz bzw. wo viel gest\u00fcrzt wird.<\/p>\n<p>Achtung bei Kletterrouten mit sehr hoher Frequenz bzw. wo sehr viel gest\u00fcrzt wird. Hier sollte man keine &#8220;d\u00fcnnen&#8221; <a href=\"https:\/\/bolting.eu\/produkt-kategorie\/bohrhakenlasche\/\">Bohrhakenlaschen<\/a> mit nur 3mm St\u00e4rke verwenden. Diese sind nicht so stabil und verbiegen leichter.<\/p>\n<h3>Eigenschaften Fixe 12mm Bohrhakenlasche Inox<\/h3>\n<ul>\n<li>EN Norm 959 \/ Bruchlast 35kN<\/li>\n<li>Gewicht: 65 Gramm<\/li>\n<li>4mm dicke, extrem robuste Lasche<\/li>\n<li>perfekt f\u00fcr Routen wo viel gest\u00fcrzt wir<\/li>\n<li>\u00a0Inox Stahl \/ A2 Stahl<\/li>\n<li>bolting.eu <strong>Bestseller Artikel<\/strong><\/li>\n<\/ul>\n<h3>Passende Bohrhaken f\u00fcr die FIXE 12mm Bohrhakenlasche Inox<\/h3>\n<p>Die passenden Bohrhaken f\u00fcr die FIXE 12mm Bohrhakenlasche Inox &#8211; 10mm Fixe Bohrhakenlasche Edelstahl sind die 12mm Fischer Bohrhaken FBN II 12\/10 A4 und 12mm Fischer Bohrhaken FBN II 12\/5 K A4.<\/p>\n<p>Die Kombination mit verzinkten Bohrhaken ist unbedingt zu vermeiden! Denn das kreiert galvanische Korrosion. Das ist dir noch kein Begriff?Dann lies dir doch unseren Leitartikel &#8220;<a href=\"https:\/\/bolting.eu\/galvanische-korrosion-bei-bohrhaken\/\">Galvanische Korrosion bei Bohrhaken<\/a>&#8221; durch um dein Wissen zu erweitern.<\/p>\n<h3>Nicht geeignet zum Einbohren in Meeresn\u00e4he!<\/h3>\n<p>Die 12mm Bohrhakenlasche Inox eignet sich nicht zum <a href=\"https:\/\/bolting.eu\/einbohren-in-meeresnaehe\/\">Einbohren in Meeresn\u00e4he<\/a>. Der A2 Stahl entspricht nicht der n\u00f6tigen Korrosionsklasse. Um mittel- bis langfristig den extremen chemischen Bedingungen Stand zu halten, braucht es mindestens Produkte aus Duplex-Stahl.<\/p>\n<p>Perfekt zum Einbohren in Meeresn\u00e4he sind:<\/p>\n<ul>\n<li>Klebehaken aus Titan<\/li>\n<li>Klebehaken aus HCR Stahl<\/li>\n<li><a href=\"https:\/\/bolting.eu\/produkt-kategorie\/injektionsmoertel\/\">Injektionsm\u00f6rtel<\/a> f\u00fcr die Verwendung in Meeresn\u00e4he<\/li>\n<\/ul>\n<h3>Schwere 12mm Bohrhakenlasche Inox<\/h3>\n<p>Mit 65 Gramm Gewicht ist die 12mm Fixe Bohrhakenlasche Edelstahl eine sehr schwere Lasche. Folglich findet sie Verwendung vor allem in Kletterg\u00e4rten mit schweren Routen. Denn ein Verbiegen dieser Lasche ist quasi unm\u00f6glich. Aufgrund des 4mm dicken Stahls beh\u00e4lt sie auch bei extrem vielen St\u00fcrzen Ihre Form.<\/p>\n<p><strong>Link Tipp: <\/strong>In unserer Rubrik <a href=\"https:\/\/bolting.eu\/academy\/einbohr-know-how\/\">Einbohr Know How<\/a> gibt es viele interessante Beitr\u00e4ge rund um\u00b4s Erschlie\u00dfen von Kletterrouten.<\/p>\n<p>Im Handbuch <a href=\"https:\/\/www.alpenverein.de\/chameleon\/public\/15447\/bohrhaken-2009_15447.pdf\" target=\"_blank\" rel=\"noopener noreferrer\">1 x 1 der Bohrhaken<\/a> findest du zudem viele weitere Details zum Thema Einbohren!<\/p>\n<h3><\/h3>\n","protected":false},"excerpt":{"rendered":"<ul>\n<li>EN Norm 959 \/ Bruchlast 35kN<\/li>\n<li>Gewicht: 65 Gramm<\/li>\n<li>4mm dicke, extrem robuste Lasche<\/li>\n<li>perfekt f\u00fcr Routen wo viel gest\u00fcrzt wir<\/li>\n<li>\u00a0Inox Stahl \/ A2 Stahl<\/li>\n<li>bolting.eu <strong>Bestseller Artikel<\/strong><\/li>\n<\/ul>\n<p><strong>\u00a0<\/strong><\/p>\n","protected":false},"featured_media":829,"comment_status":"closed","ping_status":"closed","template":"","meta":[],"product_brand":[],"product_cat":[1210,4665,33],"product_tag":[438],"class_list":{"0":"post-830","1":"product","2":"type-product","3":"status-publish","4":"has-post-thumbnail","6":"product_cat-einbohrartikel","7":"product_cat-fixe-climbing","8":"product_cat-bohrhakenlasche","9":"product_tag-edelstahl","11":"first","12":"outofstock","13":"sale","14":"taxable","15":"shipping-taxable","16":"purchasable","17":"product-type-simple"},"yoast_head":"<!-- This site is optimized with the Yoast SEO Premium plugin v26.9 (Yoast SEO v26.9) - https:\/\/yoast.com\/product\/yoast-seo-premium-wordpress\/ -->\n<title>FIXE 12mm Bohrhakenlasche Inox - A2 Stahl | Top Preis bei bolting.eu<\/title>\n<meta name=\"description\" content=\"Hier findest du die Fixe 12mm BOHRHAKENLASCHE Inox \/ 12mm Fixe Bohrhakenlasche Edelstahl aus A2 Stahl zum Top Preis beim Einbohr Spezialisten bolting.eu!\" \/>\n<meta name=\"robots\" content=\"index, follow, max-snippet:-1, max-image-preview:large, max-video-preview:-1\" \/>\n<link rel=\"canonical\" href=\"https:\/\/bolting.eu\/en\/shop\/fixe-12mm-bohrhakenlasche-inox\/\" \/>\n<meta property=\"og:locale\" content=\"en_US\" \/>\n<meta property=\"og:type\" content=\"article\" \/>\n<meta property=\"og:title\" content=\"10mm Austrialpin Bohrhakenlasche aus AISI 316L Edelstahl - zum Top Preis!\" \/>\n<meta property=\"og:description\" content=\"Du suchst eine leichte, 3mm starke Bohrhakenlasche f\u00fcr alpine Routen oder einen Klettergarten? Dann bist du beim Einbohr Spezialist bolting.eu goldrichtig!\" \/>\n<meta property=\"og:url\" content=\"https:\/\/bolting.eu\/en\/shop\/fixe-12mm-bohrhakenlasche-inox\/\" \/>\n<meta property=\"og:site_name\" content=\"bolting.eu\" \/>\n<meta property=\"article:publisher\" content=\"https:\/\/www.facebook.com\/bolting.eu\" \/>\n<meta property=\"article:modified_time\" content=\"2023-01-23T14:20:18+00:00\" \/>\n<meta property=\"og:image\" content=\"https:\/\/bolting.eu\/wp-content\/uploads\/2019\/12\/10mm-Austrialpin-Bohrhakenlasche-Edelstahl.jpg\" \/>\n\t<meta property=\"og:image:width\" content=\"1200\" \/>\n\t<meta property=\"og:image:height\" content=\"630\" \/>\n\t<meta property=\"og:image:type\" content=\"image\/jpeg\" \/>\n<meta name=\"twitter:card\" content=\"summary_large_image\" \/>\n<meta name=\"twitter:title\" content=\"FIXE 12mm Bohrhakenlasche Inox - A2 Stahl\" \/>\n<meta name=\"twitter:label1\" content=\"Price\" \/>\n\t<meta name=\"twitter:data1\" content=\"&euro;&nbsp;2,89\" \/>\n\t<meta name=\"twitter:label2\" content=\"Availability\" \/>\n\t<meta name=\"twitter:data2\" content=\"Out of stock\" \/>\n<script type=\"application\/ld+json\" class=\"yoast-schema-graph\">{\"@context\":\"https:\/\/schema.org\",\"@graph\":[{\"@type\":[\"WebPage\",\"ItemPage\"],\"@id\":\"https:\/\/bolting.eu\/en\/shop\/fixe-12mm-bohrhakenlasche-inox\/\",\"url\":\"https:\/\/bolting.eu\/en\/shop\/fixe-12mm-bohrhakenlasche-inox\/\",\"name\":\"FIXE 12mm Bohrhakenlasche Inox - A2 Stahl | Top Preis bei bolting.eu\",\"isPartOf\":{\"@id\":\"https:\/\/bolting.eu\/en\/#website\"},\"primaryImageOfPage\":{\"@id\":\"https:\/\/bolting.eu\/en\/shop\/fixe-12mm-bohrhakenlasche-inox\/#primaryimage\"},\"image\":{\"@id\":\"https:\/\/bolting.eu\/en\/shop\/fixe-12mm-bohrhakenlasche-inox\/#primaryimage\"},\"thumbnailUrl\":\"https:\/\/bolting.eu\/wp-content\/uploads\/2019\/12\/Fixe-10mm-Bohrhakenlasche-Inox.jpg\",\"datePublished\":\"2019-12-17T12:16:18+00:00\",\"dateModified\":\"2023-01-23T14:20:18+00:00\",\"description\":\"Hier findest du die Fixe 12mm BOHRHAKENLASCHE Inox \/ 12mm Fixe Bohrhakenlasche Edelstahl aus A2 Stahl zum Top Preis beim Einbohr Spezialisten bolting.eu!\",\"breadcrumb\":{\"@id\":\"https:\/\/bolting.eu\/en\/shop\/fixe-12mm-bohrhakenlasche-inox\/#breadcrumb\"},\"inLanguage\":\"en-US\",\"potentialAction\":[{\"@type\":\"ReadAction\",\"target\":[\"https:\/\/bolting.eu\/en\/shop\/fixe-12mm-bohrhakenlasche-inox\/\"]}]},{\"@type\":\"ImageObject\",\"inLanguage\":\"en-US\",\"@id\":\"https:\/\/bolting.eu\/en\/shop\/fixe-12mm-bohrhakenlasche-inox\/#primaryimage\",\"url\":\"https:\/\/bolting.eu\/wp-content\/uploads\/2019\/12\/Fixe-10mm-Bohrhakenlasche-Inox.jpg\",\"contentUrl\":\"https:\/\/bolting.eu\/wp-content\/uploads\/2019\/12\/Fixe-10mm-Bohrhakenlasche-Inox.jpg\",\"width\":700,\"height\":700,\"caption\":\"Das Bild zeigt eine silbern gl\u00e4nzende 10mm Fixe Bohrhakenlasche Inox auf wei\u00dfem Hintergrund.\"},{\"@type\":\"BreadcrumbList\",\"@id\":\"https:\/\/bolting.eu\/en\/shop\/fixe-12mm-bohrhakenlasche-inox\/#breadcrumb\",\"itemListElement\":[{\"@type\":\"ListItem\",\"position\":1,\"name\":\"Shop\",\"item\":\"https:\/\/bolting.eu\/en\/shop\/\"},{\"@type\":\"ListItem\",\"position\":2,\"name\":\"bolting products\",\"item\":\"https:\/\/bolting.eu\/en\/produkt-kategorie\/bolting-products\/\"},{\"@type\":\"ListItem\",\"position\":3,\"name\":\"Bolt hanger\",\"item\":\"https:\/\/bolting.eu\/en\/produkt-kategorie\/bolt-hanger\/\"},{\"@type\":\"ListItem\",\"position\":4,\"name\":\"FIXE 12mm Bohrhakenlasche Inox &#8211; A2 Stahl\"}]},{\"@type\":\"WebSite\",\"@id\":\"https:\/\/bolting.eu\/en\/#website\",\"url\":\"https:\/\/bolting.eu\/en\/\",\"name\":\"bolting.eu\",\"description\":\"we make climbs happen\",\"publisher\":{\"@id\":\"https:\/\/bolting.eu\/en\/#organization\"},\"potentialAction\":[{\"@type\":\"SearchAction\",\"target\":{\"@type\":\"EntryPoint\",\"urlTemplate\":\"https:\/\/bolting.eu\/en\/?s={search_term_string}\"},\"query-input\":{\"@type\":\"PropertyValueSpecification\",\"valueRequired\":true,\"valueName\":\"search_term_string\"}}],\"inLanguage\":\"en-US\"},{\"@type\":[\"Organization\",\"Place\",\"SportingGoodsStore\"],\"@id\":\"https:\/\/bolting.eu\/en\/#organization\",\"name\":\"bolting.eu\",\"url\":\"https:\/\/bolting.eu\/en\/\",\"logo\":{\"@id\":\"https:\/\/bolting.eu\/en\/shop\/fixe-12mm-bohrhakenlasche-inox\/#local-main-organization-logo\"},\"image\":{\"@id\":\"https:\/\/bolting.eu\/en\/shop\/fixe-12mm-bohrhakenlasche-inox\/#local-main-organization-logo\"},\"sameAs\":[\"https:\/\/www.facebook.com\/bolting.eu\",\"https:\/\/www.instagram.com\/bolting.eu\/\"],\"address\":{\"@id\":\"https:\/\/bolting.eu\/en\/shop\/fixe-12mm-bohrhakenlasche-inox\/#local-main-place-address\"},\"geo\":{\"@type\":\"GeoCoordinates\",\"latitude\":\"47.264176340396226\",\"longitude\":\"11.380109057672346\"},\"telephone\":[\"+43 699 19083372\"],\"openingHoursSpecification\":[{\"@type\":\"OpeningHoursSpecification\",\"dayOfWeek\":[\"Monday\",\"Wednesday\",\"Friday\"],\"opens\":\"14:00\",\"closes\":\"18:00\"},{\"@type\":\"OpeningHoursSpecification\",\"dayOfWeek\":[\"Tuesday\",\"Thursday\",\"Saturday\",\"Sunday\"],\"opens\":\"00:00\",\"closes\":\"00:00\"}],\"email\":\"office@bolting.eu\",\"vatID\":\"ATU59999728\",\"priceRange\":\"$$\",\"currenciesAccepted\":\"Euro\"},{\"@type\":\"PostalAddress\",\"@id\":\"https:\/\/bolting.eu\/en\/shop\/fixe-12mm-bohrhakenlasche-inox\/#local-main-place-address\",\"streetAddress\":\"Fischnalerstra\u00dfe 4\",\"addressLocality\":\"Innsbruck\",\"postalCode\":\"6020\",\"addressRegion\":\"Tirol\",\"addressCountry\":\"AT\"},{\"@type\":\"ImageObject\",\"inLanguage\":\"en-US\",\"@id\":\"https:\/\/bolting.eu\/en\/shop\/fixe-12mm-bohrhakenlasche-inox\/#local-main-organization-logo\",\"url\":\"https:\/\/bolting.eu\/wp-content\/uploads\/2019\/09\/bolting-logo.png\",\"contentUrl\":\"https:\/\/bolting.eu\/wp-content\/uploads\/2019\/09\/bolting-logo.png\",\"width\":400,\"height\":211,\"caption\":\"bolting.eu\"}]}<\/script>\n<meta property=\"product:price:amount\" content=\"2.89\" \/>\n<meta property=\"product:price:currency\" content=\"EUR\" \/>\n<meta property=\"og:availability\" content=\"out of stock\" \/>\n<meta property=\"product:availability\" content=\"out of stock\" \/>\n<meta property=\"product:retailer_item_id\" content=\"038D-12\" \/>\n<meta property=\"product:condition\" content=\"new\" \/>\n<meta name=\"geo.placename\" content=\"Innsbruck\" \/>\n<meta name=\"geo.position\" content=\"47.264176340396226;11.380109057672346\" \/>\n<meta name=\"geo.region\" content=\"Austria\" \/>\n<!-- \/ Yoast SEO Premium plugin. -->","yoast_head_json":{"title":"FIXE 12mm Bohrhakenlasche Inox - A2 Stahl | Top Preis bei bolting.eu","description":"Hier findest du die Fixe 12mm BOHRHAKENLASCHE Inox \/ 12mm Fixe Bohrhakenlasche Edelstahl aus A2 Stahl zum Top Preis beim Einbohr Spezialisten bolting.eu!","robots":{"index":"index","follow":"follow","max-snippet":"max-snippet:-1","max-image-preview":"max-image-preview:large","max-video-preview":"max-video-preview:-1"},"canonical":"https:\/\/bolting.eu\/en\/shop\/fixe-12mm-bohrhakenlasche-inox\/","og_locale":"en_US","og_type":"article","og_title":"10mm Austrialpin Bohrhakenlasche aus AISI 316L Edelstahl - zum Top Preis!","og_description":"Du suchst eine leichte, 3mm starke Bohrhakenlasche f\u00fcr alpine Routen oder einen Klettergarten? Dann bist du beim Einbohr Spezialist bolting.eu goldrichtig!","og_url":"https:\/\/bolting.eu\/en\/shop\/fixe-12mm-bohrhakenlasche-inox\/","og_site_name":"bolting.eu","article_publisher":"https:\/\/www.facebook.com\/bolting.eu","article_modified_time":"2023-01-23T14:20:18+00:00","og_image":[{"width":1200,"height":630,"url":"https:\/\/bolting.eu\/wp-content\/uploads\/2019\/12\/10mm-Austrialpin-Bohrhakenlasche-Edelstahl.jpg","type":"image\/jpeg"}],"twitter_card":"summary_large_image","twitter_title":"FIXE 12mm Bohrhakenlasche Inox - A2 Stahl","twitter_misc":{"Price":"&euro;&nbsp;2,89","Availability":"Out of stock"},"schema":{"@context":"https:\/\/schema.org","@graph":[{"@type":["WebPage","ItemPage"],"@id":"https:\/\/bolting.eu\/en\/shop\/fixe-12mm-bohrhakenlasche-inox\/","url":"https:\/\/bolting.eu\/en\/shop\/fixe-12mm-bohrhakenlasche-inox\/","name":"FIXE 12mm Bohrhakenlasche Inox - A2 Stahl | Top Preis bei bolting.eu","isPartOf":{"@id":"https:\/\/bolting.eu\/en\/#website"},"primaryImageOfPage":{"@id":"https:\/\/bolting.eu\/en\/shop\/fixe-12mm-bohrhakenlasche-inox\/#primaryimage"},"image":{"@id":"https:\/\/bolting.eu\/en\/shop\/fixe-12mm-bohrhakenlasche-inox\/#primaryimage"},"thumbnailUrl":"https:\/\/bolting.eu\/wp-content\/uploads\/2019\/12\/Fixe-10mm-Bohrhakenlasche-Inox.jpg","datePublished":"2019-12-17T12:16:18+00:00","dateModified":"2023-01-23T14:20:18+00:00","description":"Hier findest du die Fixe 12mm BOHRHAKENLASCHE Inox \/ 12mm Fixe Bohrhakenlasche Edelstahl aus A2 Stahl zum Top Preis beim Einbohr Spezialisten bolting.eu!","breadcrumb":{"@id":"https:\/\/bolting.eu\/en\/shop\/fixe-12mm-bohrhakenlasche-inox\/#breadcrumb"},"inLanguage":"en-US","potentialAction":[{"@type":"ReadAction","target":["https:\/\/bolting.eu\/en\/shop\/fixe-12mm-bohrhakenlasche-inox\/"]}]},{"@type":"ImageObject","inLanguage":"en-US","@id":"https:\/\/bolting.eu\/en\/shop\/fixe-12mm-bohrhakenlasche-inox\/#primaryimage","url":"https:\/\/bolting.eu\/wp-content\/uploads\/2019\/12\/Fixe-10mm-Bohrhakenlasche-Inox.jpg","contentUrl":"https:\/\/bolting.eu\/wp-content\/uploads\/2019\/12\/Fixe-10mm-Bohrhakenlasche-Inox.jpg","width":700,"height":700,"caption":"Das Bild zeigt eine silbern gl\u00e4nzende 10mm Fixe Bohrhakenlasche Inox auf wei\u00dfem Hintergrund."},{"@type":"BreadcrumbList","@id":"https:\/\/bolting.eu\/en\/shop\/fixe-12mm-bohrhakenlasche-inox\/#breadcrumb","itemListElement":[{"@type":"ListItem","position":1,"name":"Shop","item":"https:\/\/bolting.eu\/en\/shop\/"},{"@type":"ListItem","position":2,"name":"bolting products","item":"https:\/\/bolting.eu\/en\/produkt-kategorie\/bolting-products\/"},{"@type":"ListItem","position":3,"name":"Bolt hanger","item":"https:\/\/bolting.eu\/en\/produkt-kategorie\/bolt-hanger\/"},{"@type":"ListItem","position":4,"name":"FIXE 12mm Bohrhakenlasche Inox &#8211; A2 Stahl"}]},{"@type":"WebSite","@id":"https:\/\/bolting.eu\/en\/#website","url":"https:\/\/bolting.eu\/en\/","name":"bolting.eu","description":"we make climbs happen","publisher":{"@id":"https:\/\/bolting.eu\/en\/#organization"},"potentialAction":[{"@type":"SearchAction","target":{"@type":"EntryPoint","urlTemplate":"https:\/\/bolting.eu\/en\/?s={search_term_string}"},"query-input":{"@type":"PropertyValueSpecification","valueRequired":true,"valueName":"search_term_string"}}],"inLanguage":"en-US"},{"@type":["Organization","Place","SportingGoodsStore"],"@id":"https:\/\/bolting.eu\/en\/#organization","name":"bolting.eu","url":"https:\/\/bolting.eu\/en\/","logo":{"@id":"https:\/\/bolting.eu\/en\/shop\/fixe-12mm-bohrhakenlasche-inox\/#local-main-organization-logo"},"image":{"@id":"https:\/\/bolting.eu\/en\/shop\/fixe-12mm-bohrhakenlasche-inox\/#local-main-organization-logo"},"sameAs":["https:\/\/www.facebook.com\/bolting.eu","https:\/\/www.instagram.com\/bolting.eu\/"],"address":{"@id":"https:\/\/bolting.eu\/en\/shop\/fixe-12mm-bohrhakenlasche-inox\/#local-main-place-address"},"geo":{"@type":"GeoCoordinates","latitude":"47.264176340396226","longitude":"11.380109057672346"},"telephone":["+43 699 19083372"],"openingHoursSpecification":[{"@type":"OpeningHoursSpecification","dayOfWeek":["Monday","Wednesday","Friday"],"opens":"14:00","closes":"18:00"},{"@type":"OpeningHoursSpecification","dayOfWeek":["Tuesday","Thursday","Saturday","Sunday"],"opens":"00:00","closes":"00:00"}],"email":"office@bolting.eu","vatID":"ATU59999728","priceRange":"$$","currenciesAccepted":"Euro"},{"@type":"PostalAddress","@id":"https:\/\/bolting.eu\/en\/shop\/fixe-12mm-bohrhakenlasche-inox\/#local-main-place-address","streetAddress":"Fischnalerstra\u00dfe 4","addressLocality":"Innsbruck","postalCode":"6020","addressRegion":"Tirol","addressCountry":"AT"},{"@type":"ImageObject","inLanguage":"en-US","@id":"https:\/\/bolting.eu\/en\/shop\/fixe-12mm-bohrhakenlasche-inox\/#local-main-organization-logo","url":"https:\/\/bolting.eu\/wp-content\/uploads\/2019\/09\/bolting-logo.png","contentUrl":"https:\/\/bolting.eu\/wp-content\/uploads\/2019\/09\/bolting-logo.png","width":400,"height":211,"caption":"bolting.eu"}]},"product_price_amount":"2.89","product_price_currency":"EUR","og_availability":"out of stock","product_availability":"out of stock","product_retailer_item_id":"038D-12","product_condition":"new","geo.placename":"Innsbruck","geo.position":{"lat":"47.264176340396226","long":"11.380109057672346"},"geo.region":"Austria"},"_links":{"self":[{"href":"https:\/\/bolting.eu\/en\/wp-json\/wp\/v2\/product\/830","targetHints":{"allow":["GET"]}}],"collection":[{"href":"https:\/\/bolting.eu\/en\/wp-json\/wp\/v2\/product"}],"about":[{"href":"https:\/\/bolting.eu\/en\/wp-json\/wp\/v2\/types\/product"}],"replies":[{"embeddable":true,"href":"https:\/\/bolting.eu\/en\/wp-json\/wp\/v2\/comments?post=830"}],"wp:featuredmedia":[{"embeddable":true,"href":"https:\/\/bolting.eu\/en\/wp-json\/wp\/v2\/media\/829"}],"wp:attachment":[{"href":"https:\/\/bolting.eu\/en\/wp-json\/wp\/v2\/media?parent=830"}],"wp:term":[{"taxonomy":"product_brand","embeddable":true,"href":"https:\/\/bolting.eu\/en\/wp-json\/wp\/v2\/product_brand?post=830"},{"taxonomy":"product_cat","embeddable":true,"href":"https:\/\/bolting.eu\/en\/wp-json\/wp\/v2\/product_cat?post=830"},{"taxonomy":"product_tag","embeddable":true,"href":"https:\/\/bolting.eu\/en\/wp-json\/wp\/v2\/product_tag?post=830"}],"curies":[{"name":"wp","href":"https:\/\/api.w.org\/{rel}","templated":true}]}}