{"id":8214,"date":"2021-03-29T18:32:14","date_gmt":"2021-03-29T16:32:14","guid":{"rendered":"https:\/\/bolting.eu\/?post_type=product&#038;p=8214"},"modified":"2026-02-16T18:52:02","modified_gmt":"2026-02-16T17:52:02","slug":"edelrid-work-glove-open","status":"publish","type":"product","link":"https:\/\/bolting.eu\/en\/shop\/edelrid-work-glove-open\/","title":{"rendered":"Edelrid Work Glove Open"},"content":{"rendered":"<p>Der Edelrid Work Glove Open ist ein sehr weicher 3\/4 <a href=\"https:\/\/bolting.eu\/produkt-kategorie\/kletterausruestung\/kletterhandschuhe\/\">Kletterhandschuh<\/a>. Er zeichnet sich durch ein d\u00fcnnes Leder im Innenhandbereich aus. Zwischen Zeigefinger und Daumen ist dieses doppelt verst\u00e4rkt.<\/p>\n<p>Am Handr\u00fccken besteht der Handschuh aus 98% Polyester und 2% Elasthane f\u00fcr feine Dehnbarkeit. Ein angenehm weicher Bund mit einem Klettverschluss am Handgelenk runden das Produkt ab.<\/p>\n<p>Kurzum. Du suchst f\u00fcr Klettersteig, BigWall oder H\u00f6henarbeits Einsatz einen weichen Handschuh? Er soll offene Finger haben? Dann bist du hier richtig!<\/p>\n<h2>Eigenschaften Edelrid Work Glove Open<\/h2>\n<ul>\n<li>Hersteller: Edelrid<\/li>\n<li>Gr\u00f6\u00dfen: S bis XXL<\/li>\n<li>Material: innen: Leder bzw. R\u00fccksete: 98% Polyester und 2% Elasthan<\/li>\n<li>Handfl\u00e4che aus weichem Leder<\/li>\n<li>Ausziehschlaufe an Zeige- und Ringfinger<\/li>\n<li>elastischer Bund mit Klettverschluss<\/li>\n<li>Schlaufe am Bund zum Anziehen bzw. f\u00fcr Karabiner<\/li>\n<\/ul>\n<h3>Perfekter Arbeitshandschuh<\/h3>\n<p>Der Edelrid Work Glove Open tr\u00e4gt nicht umsonst diesen Namen. Denn sein enger Fit und seine Dehnbarkeit machen ihn zum perfekten Arbeitshandschuh.<\/p>\n<p>Das liegt am weichen Leder. Anders als bei anderen &#8220;dicken&#8221; Modellen, ist es bei diesem Modell eher d\u00fcnn. Das gibt mehr Dehnbarkeit zum einen. Und mehr Sensibilit\u00e4t zum anderen.<\/p>\n<p>Somit kann man alle Werkzeuge wie Hammer, Bohrhammer, Schraubenschl\u00fcssel viel besser in der Hand halten als mit dicken Lederhandschuhen.<\/p>\n<h3>Angenehmer Klettersteighandschuh<\/h3>\n<p>Seine Eigenschaften machen den Handschuh auch zu einem gutem Begleiter auf Klettersteigen. Auch hier gilt wieder. Wer viel Gef\u00fchl und freie Finger sch\u00e4tzt, liegt mit diesem Modell gold richtig.<\/p>\n<p>Aufgrund des d\u00fcnnen Leders st\u00f6\u00dft dieser Handschuh aber irgendwann einmal an seine Grenzen. D.h. wer richtig viel unterwegs ist, sollte sich ein etwas teureres und robusteres Modell zulegen.<\/p>\n<h3>Edelrid Work Glove Open &#8211; Sicherungshandschuh<\/h3>\n<p>Kennt ihr das? Ihr wollt einen Handschuh zum Sichern tragen, aber er ist viel zu steif? Ihr habt kein Gef\u00fchl und werdet somit unsicher beim Handling von Seil bzw. <a href=\"https:\/\/bolting.eu\/produkt-kategorie\/kletterausruestung\/sicherungsgeraete-klettern\/\">Sicherungsger\u00e4t<\/a>?<\/p>\n<p>Mit diesem Kletterhandschuh wird euch das nicht passieren. Denn wie bereits mehrmals erw\u00e4hnt. Dieses Modell ist angenehm weich. Somit braucht man keine &#8220;Eingew\u00f6hnungsphase&#8221; oder &#8220;Dehnphase&#8221;. Man kann einfach gleich los legen!<\/p>\n<p><strong>Link Tipp<\/strong><\/p>\n<p>Hier geht es zum <a href=\"https:\/\/www.edelrid.de\" target=\"_blank\" rel=\"noopener\">Hersteller<\/a>!<\/p>\n","protected":false},"excerpt":{"rendered":"<ul>\n<li>Hersteller: Edelrid<\/li>\n<li>Gr\u00f6\u00dfen: S bis XXL<\/li>\n<li>Material: innen: Leder bzw. R\u00fccksete: 98% Polyester und 2% Elasthan<\/li>\n<li>Handfl\u00e4che aus weichem Leder<\/li>\n<li>Ausziehschlaufe an Zeige- und Ringfinger<\/li>\n<li>elastischer Bund mit Klettverschluss<\/li>\n<li>Schlaufe am Bund zum Anziehen bzw. f\u00fcr Karabiner<\/li>\n<\/ul>\n","protected":false},"featured_media":8220,"comment_status":"open","ping_status":"closed","template":"","meta":[],"product_brand":[],"product_cat":[6491,14054,29,31,1210],"product_tag":[],"class_list":{"0":"post-8214","1":"product","2":"type-product","3":"status-publish","4":"has-post-thumbnail","6":"product_cat-kletterhandschuhe","7":"product_cat-schutzausruestung","8":"product_cat-kletterausruestung","9":"product_cat-big-wall-ausruestung","10":"product_cat-einbohrartikel","12":"first","13":"instock","14":"sale","15":"taxable","16":"shipping-taxable","17":"purchasable","18":"product-type-variable"},"yoast_head":"<!-- This site is optimized with the Yoast SEO Premium plugin v26.9 (Yoast SEO v26.9) - https:\/\/yoast.com\/product\/yoast-seo-premium-wordpress\/ -->\n<title>Edelrid Work Glove Open - Kletterhandschuh online kaufen | bolting.eu<\/title>\n<meta name=\"description\" content=\"Hier findest Du den EDELRID WORK GLOVE OPEN. Einen weichen Kletterhandschuh f\u00fcr Klettersteig, H\u00f6henarbeiten und zum Sichern!\" \/>\n<meta name=\"robots\" content=\"index, follow, max-snippet:-1, max-image-preview:large, max-video-preview:-1\" \/>\n<link rel=\"canonical\" href=\"https:\/\/bolting.eu\/en\/shop\/edelrid-work-glove-open\/\" \/>\n<meta property=\"og:locale\" content=\"en_US\" \/>\n<meta property=\"og:type\" content=\"article\" \/>\n<meta property=\"og:title\" content=\"Edelrid Work Glove Open\" \/>\n<meta property=\"og:description\" content=\"Hier findest Du den EDELRID WORK GLOVE OPEN. Einen weichen Kletterhandschuh f\u00fcr Klettersteig, H\u00f6henarbeiten und zum Sichern!\" \/>\n<meta property=\"og:url\" content=\"https:\/\/bolting.eu\/en\/shop\/edelrid-work-glove-open\/\" \/>\n<meta property=\"og:site_name\" content=\"bolting.eu\" \/>\n<meta property=\"article:publisher\" content=\"https:\/\/www.facebook.com\/bolting.eu\" \/>\n<meta property=\"article:modified_time\" content=\"2026-02-16T17:52:02+00:00\" \/>\n<meta property=\"og:image\" content=\"https:\/\/bolting.eu\/wp-content\/uploads\/2021\/03\/Edelrid-Work-Glove-Open-1.jpg\" \/>\n\t<meta property=\"og:image:width\" content=\"700\" \/>\n\t<meta property=\"og:image:height\" content=\"700\" \/>\n\t<meta property=\"og:image:type\" content=\"image\/jpeg\" \/>\n<meta name=\"twitter:card\" content=\"summary_large_image\" \/>\n<meta name=\"twitter:label1\" content=\"Availability\" \/>\n\t<meta name=\"twitter:data1\" content=\"In stock\" \/>\n<script type=\"application\/ld+json\" class=\"yoast-schema-graph\">{\"@context\":\"https:\/\/schema.org\",\"@graph\":[{\"@type\":[\"WebPage\",\"ItemPage\"],\"@id\":\"https:\/\/bolting.eu\/en\/shop\/edelrid-work-glove-open\/\",\"url\":\"https:\/\/bolting.eu\/en\/shop\/edelrid-work-glove-open\/\",\"name\":\"Edelrid Work Glove Open - Kletterhandschuh online kaufen | bolting.eu\",\"isPartOf\":{\"@id\":\"https:\/\/bolting.eu\/en\/#website\"},\"primaryImageOfPage\":{\"@id\":\"https:\/\/bolting.eu\/en\/shop\/edelrid-work-glove-open\/#primaryimage\"},\"image\":{\"@id\":\"https:\/\/bolting.eu\/en\/shop\/edelrid-work-glove-open\/#primaryimage\"},\"thumbnailUrl\":\"https:\/\/bolting.eu\/wp-content\/uploads\/2021\/03\/Edelrid-Work-Glove-Open-1.jpg\",\"datePublished\":\"2021-03-29T16:32:14+00:00\",\"dateModified\":\"2026-02-16T17:52:02+00:00\",\"description\":\"Hier findest Du den EDELRID WORK GLOVE OPEN. Einen weichen Kletterhandschuh f\u00fcr Klettersteig, H\u00f6henarbeiten und zum Sichern!\",\"breadcrumb\":{\"@id\":\"https:\/\/bolting.eu\/en\/shop\/edelrid-work-glove-open\/#breadcrumb\"},\"inLanguage\":\"en-US\",\"potentialAction\":[{\"@type\":\"ReadAction\",\"target\":[\"https:\/\/bolting.eu\/en\/shop\/edelrid-work-glove-open\/\"]}]},{\"@type\":\"ImageObject\",\"inLanguage\":\"en-US\",\"@id\":\"https:\/\/bolting.eu\/en\/shop\/edelrid-work-glove-open\/#primaryimage\",\"url\":\"https:\/\/bolting.eu\/wp-content\/uploads\/2021\/03\/Edelrid-Work-Glove-Open-1.jpg\",\"contentUrl\":\"https:\/\/bolting.eu\/wp-content\/uploads\/2021\/03\/Edelrid-Work-Glove-Open-1.jpg\",\"width\":700,\"height\":700,\"caption\":\"Das Bild zeigt ein Paar Edelrid Work Glove Open Kletterhandschuhe. Man sieht einen Handschuh von der Innenseite und einen von der Au\u00dfenseite und erkennt somit alle Eigenschaften sehr gut.\"},{\"@type\":\"BreadcrumbList\",\"@id\":\"https:\/\/bolting.eu\/en\/shop\/edelrid-work-glove-open\/#breadcrumb\",\"itemListElement\":[{\"@type\":\"ListItem\",\"position\":1,\"name\":\"Shop\",\"item\":\"https:\/\/bolting.eu\/en\/shop\/\"},{\"@type\":\"ListItem\",\"position\":2,\"name\":\"climbing equipment\",\"item\":\"https:\/\/bolting.eu\/en\/produkt-kategorie\/climbing-equipment\/\"},{\"@type\":\"ListItem\",\"position\":3,\"name\":\"Climbing gloves\",\"item\":\"https:\/\/bolting.eu\/en\/produkt-kategorie\/climbing-gloves\/\"},{\"@type\":\"ListItem\",\"position\":4,\"name\":\"Edelrid Work Glove Open\"}]},{\"@type\":\"WebSite\",\"@id\":\"https:\/\/bolting.eu\/en\/#website\",\"url\":\"https:\/\/bolting.eu\/en\/\",\"name\":\"bolting.eu\",\"description\":\"we make climbs happen\",\"publisher\":{\"@id\":\"https:\/\/bolting.eu\/en\/#organization\"},\"potentialAction\":[{\"@type\":\"SearchAction\",\"target\":{\"@type\":\"EntryPoint\",\"urlTemplate\":\"https:\/\/bolting.eu\/en\/?s={search_term_string}\"},\"query-input\":{\"@type\":\"PropertyValueSpecification\",\"valueRequired\":true,\"valueName\":\"search_term_string\"}}],\"inLanguage\":\"en-US\"},{\"@type\":[\"Organization\",\"Place\",\"SportingGoodsStore\"],\"@id\":\"https:\/\/bolting.eu\/en\/#organization\",\"name\":\"bolting.eu\",\"url\":\"https:\/\/bolting.eu\/en\/\",\"logo\":{\"@id\":\"https:\/\/bolting.eu\/en\/shop\/edelrid-work-glove-open\/#local-main-organization-logo\"},\"image\":{\"@id\":\"https:\/\/bolting.eu\/en\/shop\/edelrid-work-glove-open\/#local-main-organization-logo\"},\"sameAs\":[\"https:\/\/www.facebook.com\/bolting.eu\",\"https:\/\/www.instagram.com\/bolting.eu\/\"],\"address\":{\"@id\":\"https:\/\/bolting.eu\/en\/shop\/edelrid-work-glove-open\/#local-main-place-address\"},\"geo\":{\"@type\":\"GeoCoordinates\",\"latitude\":\"47.264176340396226\",\"longitude\":\"11.380109057672346\"},\"telephone\":[\"+43 699 19083372\"],\"openingHoursSpecification\":[{\"@type\":\"OpeningHoursSpecification\",\"dayOfWeek\":[\"Monday\",\"Wednesday\",\"Friday\"],\"opens\":\"14:00\",\"closes\":\"18:00\"},{\"@type\":\"OpeningHoursSpecification\",\"dayOfWeek\":[\"Tuesday\",\"Thursday\",\"Saturday\",\"Sunday\"],\"opens\":\"00:00\",\"closes\":\"00:00\"}],\"email\":\"office@bolting.eu\",\"vatID\":\"ATU59999728\",\"priceRange\":\"$$\",\"currenciesAccepted\":\"Euro\"},{\"@type\":\"PostalAddress\",\"@id\":\"https:\/\/bolting.eu\/en\/shop\/edelrid-work-glove-open\/#local-main-place-address\",\"streetAddress\":\"Fischnalerstra\u00dfe 4\",\"addressLocality\":\"Innsbruck\",\"postalCode\":\"6020\",\"addressRegion\":\"Tirol\",\"addressCountry\":\"AT\"},{\"@type\":\"ImageObject\",\"inLanguage\":\"en-US\",\"@id\":\"https:\/\/bolting.eu\/en\/shop\/edelrid-work-glove-open\/#local-main-organization-logo\",\"url\":\"https:\/\/bolting.eu\/wp-content\/uploads\/2019\/09\/bolting-logo.png\",\"contentUrl\":\"https:\/\/bolting.eu\/wp-content\/uploads\/2019\/09\/bolting-logo.png\",\"width\":400,\"height\":211,\"caption\":\"bolting.eu\"}]}<\/script>\n<meta property=\"og:availability\" content=\"instock\" \/>\n<meta property=\"product:availability\" content=\"instock\" \/>\n<meta property=\"product:condition\" content=\"new\" \/>\n<meta name=\"geo.placename\" content=\"Innsbruck\" \/>\n<meta name=\"geo.position\" content=\"47.264176340396226;11.380109057672346\" \/>\n<meta name=\"geo.region\" content=\"Austria\" \/>\n<!-- \/ Yoast SEO Premium plugin. -->","yoast_head_json":{"title":"Edelrid Work Glove Open - Kletterhandschuh online kaufen | bolting.eu","description":"Hier findest Du den EDELRID WORK GLOVE OPEN. Einen weichen Kletterhandschuh f\u00fcr Klettersteig, H\u00f6henarbeiten und zum Sichern!","robots":{"index":"index","follow":"follow","max-snippet":"max-snippet:-1","max-image-preview":"max-image-preview:large","max-video-preview":"max-video-preview:-1"},"canonical":"https:\/\/bolting.eu\/en\/shop\/edelrid-work-glove-open\/","og_locale":"en_US","og_type":"article","og_title":"Edelrid Work Glove Open","og_description":"Hier findest Du den EDELRID WORK GLOVE OPEN. Einen weichen Kletterhandschuh f\u00fcr Klettersteig, H\u00f6henarbeiten und zum Sichern!","og_url":"https:\/\/bolting.eu\/en\/shop\/edelrid-work-glove-open\/","og_site_name":"bolting.eu","article_publisher":"https:\/\/www.facebook.com\/bolting.eu","article_modified_time":"2026-02-16T17:52:02+00:00","og_image":[{"width":700,"height":700,"url":"https:\/\/bolting.eu\/wp-content\/uploads\/2021\/03\/Edelrid-Work-Glove-Open-1.jpg","type":"image\/jpeg"}],"twitter_card":"summary_large_image","twitter_misc":{"Availability":"In stock"},"schema":{"@context":"https:\/\/schema.org","@graph":[{"@type":["WebPage","ItemPage"],"@id":"https:\/\/bolting.eu\/en\/shop\/edelrid-work-glove-open\/","url":"https:\/\/bolting.eu\/en\/shop\/edelrid-work-glove-open\/","name":"Edelrid Work Glove Open - Kletterhandschuh online kaufen | bolting.eu","isPartOf":{"@id":"https:\/\/bolting.eu\/en\/#website"},"primaryImageOfPage":{"@id":"https:\/\/bolting.eu\/en\/shop\/edelrid-work-glove-open\/#primaryimage"},"image":{"@id":"https:\/\/bolting.eu\/en\/shop\/edelrid-work-glove-open\/#primaryimage"},"thumbnailUrl":"https:\/\/bolting.eu\/wp-content\/uploads\/2021\/03\/Edelrid-Work-Glove-Open-1.jpg","datePublished":"2021-03-29T16:32:14+00:00","dateModified":"2026-02-16T17:52:02+00:00","description":"Hier findest Du den EDELRID WORK GLOVE OPEN. Einen weichen Kletterhandschuh f\u00fcr Klettersteig, H\u00f6henarbeiten und zum Sichern!","breadcrumb":{"@id":"https:\/\/bolting.eu\/en\/shop\/edelrid-work-glove-open\/#breadcrumb"},"inLanguage":"en-US","potentialAction":[{"@type":"ReadAction","target":["https:\/\/bolting.eu\/en\/shop\/edelrid-work-glove-open\/"]}]},{"@type":"ImageObject","inLanguage":"en-US","@id":"https:\/\/bolting.eu\/en\/shop\/edelrid-work-glove-open\/#primaryimage","url":"https:\/\/bolting.eu\/wp-content\/uploads\/2021\/03\/Edelrid-Work-Glove-Open-1.jpg","contentUrl":"https:\/\/bolting.eu\/wp-content\/uploads\/2021\/03\/Edelrid-Work-Glove-Open-1.jpg","width":700,"height":700,"caption":"Das Bild zeigt ein Paar Edelrid Work Glove Open Kletterhandschuhe. Man sieht einen Handschuh von der Innenseite und einen von der Au\u00dfenseite und erkennt somit alle Eigenschaften sehr gut."},{"@type":"BreadcrumbList","@id":"https:\/\/bolting.eu\/en\/shop\/edelrid-work-glove-open\/#breadcrumb","itemListElement":[{"@type":"ListItem","position":1,"name":"Shop","item":"https:\/\/bolting.eu\/en\/shop\/"},{"@type":"ListItem","position":2,"name":"climbing equipment","item":"https:\/\/bolting.eu\/en\/produkt-kategorie\/climbing-equipment\/"},{"@type":"ListItem","position":3,"name":"Climbing gloves","item":"https:\/\/bolting.eu\/en\/produkt-kategorie\/climbing-gloves\/"},{"@type":"ListItem","position":4,"name":"Edelrid Work Glove Open"}]},{"@type":"WebSite","@id":"https:\/\/bolting.eu\/en\/#website","url":"https:\/\/bolting.eu\/en\/","name":"bolting.eu","description":"we make climbs happen","publisher":{"@id":"https:\/\/bolting.eu\/en\/#organization"},"potentialAction":[{"@type":"SearchAction","target":{"@type":"EntryPoint","urlTemplate":"https:\/\/bolting.eu\/en\/?s={search_term_string}"},"query-input":{"@type":"PropertyValueSpecification","valueRequired":true,"valueName":"search_term_string"}}],"inLanguage":"en-US"},{"@type":["Organization","Place","SportingGoodsStore"],"@id":"https:\/\/bolting.eu\/en\/#organization","name":"bolting.eu","url":"https:\/\/bolting.eu\/en\/","logo":{"@id":"https:\/\/bolting.eu\/en\/shop\/edelrid-work-glove-open\/#local-main-organization-logo"},"image":{"@id":"https:\/\/bolting.eu\/en\/shop\/edelrid-work-glove-open\/#local-main-organization-logo"},"sameAs":["https:\/\/www.facebook.com\/bolting.eu","https:\/\/www.instagram.com\/bolting.eu\/"],"address":{"@id":"https:\/\/bolting.eu\/en\/shop\/edelrid-work-glove-open\/#local-main-place-address"},"geo":{"@type":"GeoCoordinates","latitude":"47.264176340396226","longitude":"11.380109057672346"},"telephone":["+43 699 19083372"],"openingHoursSpecification":[{"@type":"OpeningHoursSpecification","dayOfWeek":["Monday","Wednesday","Friday"],"opens":"14:00","closes":"18:00"},{"@type":"OpeningHoursSpecification","dayOfWeek":["Tuesday","Thursday","Saturday","Sunday"],"opens":"00:00","closes":"00:00"}],"email":"office@bolting.eu","vatID":"ATU59999728","priceRange":"$$","currenciesAccepted":"Euro"},{"@type":"PostalAddress","@id":"https:\/\/bolting.eu\/en\/shop\/edelrid-work-glove-open\/#local-main-place-address","streetAddress":"Fischnalerstra\u00dfe 4","addressLocality":"Innsbruck","postalCode":"6020","addressRegion":"Tirol","addressCountry":"AT"},{"@type":"ImageObject","inLanguage":"en-US","@id":"https:\/\/bolting.eu\/en\/shop\/edelrid-work-glove-open\/#local-main-organization-logo","url":"https:\/\/bolting.eu\/wp-content\/uploads\/2019\/09\/bolting-logo.png","contentUrl":"https:\/\/bolting.eu\/wp-content\/uploads\/2019\/09\/bolting-logo.png","width":400,"height":211,"caption":"bolting.eu"}]},"og_availability":"instock","product_availability":"instock","product_condition":"new","geo.placename":"Innsbruck","geo.position":{"lat":"47.264176340396226","long":"11.380109057672346"},"geo.region":"Austria"},"_links":{"self":[{"href":"https:\/\/bolting.eu\/en\/wp-json\/wp\/v2\/product\/8214","targetHints":{"allow":["GET"]}}],"collection":[{"href":"https:\/\/bolting.eu\/en\/wp-json\/wp\/v2\/product"}],"about":[{"href":"https:\/\/bolting.eu\/en\/wp-json\/wp\/v2\/types\/product"}],"replies":[{"embeddable":true,"href":"https:\/\/bolting.eu\/en\/wp-json\/wp\/v2\/comments?post=8214"}],"wp:featuredmedia":[{"embeddable":true,"href":"https:\/\/bolting.eu\/en\/wp-json\/wp\/v2\/media\/8220"}],"wp:attachment":[{"href":"https:\/\/bolting.eu\/en\/wp-json\/wp\/v2\/media?parent=8214"}],"wp:term":[{"taxonomy":"product_brand","embeddable":true,"href":"https:\/\/bolting.eu\/en\/wp-json\/wp\/v2\/product_brand?post=8214"},{"taxonomy":"product_cat","embeddable":true,"href":"https:\/\/bolting.eu\/en\/wp-json\/wp\/v2\/product_cat?post=8214"},{"taxonomy":"product_tag","embeddable":true,"href":"https:\/\/bolting.eu\/en\/wp-json\/wp\/v2\/product_tag?post=8214"}],"curies":[{"name":"wp","href":"https:\/\/api.w.org\/{rel}","templated":true}]}}