{"id":8204,"date":"2021-03-29T17:36:23","date_gmt":"2021-03-29T15:36:23","guid":{"rendered":"https:\/\/bolting.eu\/?post_type=product&#038;p=8204"},"modified":"2024-06-09T09:44:51","modified_gmt":"2024-06-09T07:44:51","slug":"salewa-apex-wall-32","status":"publish","type":"product","link":"https:\/\/bolting.eu\/en\/shop\/salewa-apex-wall-32\/","title":{"rendered":"Salewa Apex Wall 32"},"content":{"rendered":"<p>Der Salewa Apex Wall 32 ist ein durchdachter <a href=\"https:\/\/bolting.eu\/produkt-kategorie\/kletterausruestung\/kletterrucksack\/\">Kletterrucksack<\/a> f\u00fcr alpine Eins\u00e4tze. Ganz egal ob Klettersteige, Bergtouren, lange Alpinklettertage oder auch lange Nordw\u00e4nde.<\/p>\n<p>Denn dieser Alpinrucksack hat alle Eigenschaften, die man f\u00fcr abwechslungsreiche Unternehmungen am Berg braucht.<\/p>\n<p>Erstens ein geringes Gewicht. Denn der Bag bringt gerade einmal 950 Gramm auf die Waage. Zweitens das ordentliche Volumen von 32 Litern. Da hat bereits jede Menge Platz f\u00fcr einen Tag am Berg. Drittens die vielen durchdachten L\u00f6sungen der &#8220;kleinen Details. Wie z.B. Eiger\u00e4te Halterung, Kompressionsriemen, Au\u00dfen- und Innentasche sowie die <a href=\"https:\/\/bolting.eu\/produkt-kategorie\/kletterausruestung\/kletterseil\/\">Kletterseil<\/a> Halterung.<\/p>\n<p>Viertens finden wir den Rollverschluss sehr gelungen. Er garantiert, unabh\u00e4ngig vom Ladezustand, dass es keine Deckeltasche gibt die l\u00e4stig herum schwabbelt.<\/p>\n<p>Abschlie\u00dfend gibt der Robic 210D bzw. Robic Fabric 420D Ripstop dem Alpinrucksack die n\u00f6tige Haltbarkeit und Belastbarkeit.<\/p>\n<p>Kurzum. Ein empfehlenswerter Rucksack f\u00fcr alpine Eins\u00e4tze!<\/p>\n<h2>Eigenschaften Salewa Apex Wall 32<\/h2>\n<ul>\n<li>Hersteller: Salewa<\/li>\n<li>Gewicht: 950 Gramm<\/li>\n<li>Volumen: 32 Liter<\/li>\n<li>Material: leichter Robic 210D, robuster Robic 420D<\/li>\n<li>super R\u00fcckenpolsterung aus EVA Schaum mit 3D Bel\u00fcftung<\/li>\n<li>seitlicher RV f\u00fcr Zugang Innneraum<\/li>\n<li>Drybag \u201eRoll Verschluss\u201c<\/li>\n<li>Top RV Tasche f\u00fcr Topo und Energieriegel<\/li>\n<li>Innentasche f\u00fcr Handy, Karten, etc&#8230;<\/li>\n<li>H2O Schlauch \u00d6ffnung<\/li>\n<li>2 Eisger\u00e4te Halterungen<\/li>\n<li>Seil Fixierung mit Magnetschnalle am Top<\/li>\n<li>Au\u00dfentasche f\u00fcr Steigeisen oder Helm<\/li>\n<li>4 Kompressionsriemen<\/li>\n<li>Brust- und H\u00fcftgurt<\/li>\n<li>Notfall Pfeife<\/li>\n<\/ul>\n<h3>Cool bleiben!<\/h3>\n<p>Das Dry Back Contact Tragesystem hilft euch cool zu bleiben. Denn dieses innovative Bel\u00fcftungssystem sorgt f\u00fcr ordentlich frische Luft. Das hilft in den Momenten der h\u00f6chsten Anspannung das Schwitzen halbwegs einzud\u00e4mmen.<\/p>\n<p>Eine wichtige Unterst\u00fctzung f\u00fcr alle, die nicht schwei\u00df nass am Gipfel ankommen wollen!<\/p>\n<h3>Salewa Apex Wall 32 &#8211; alpiner geht nicht!<\/h3>\n<p>Alle der bereits beschriebenen bzw. aufgelisteten Features dienen einem Zweck. Diesem Alpinrucksack die beste Performance am Berg zu erm\u00f6glichen. Und dies tut er dann auch.<\/p>\n<p>Das wird beim Handling mit Handschuhen ebenso sichtbar, wie bei warmen Temperaturen. Ob dies das Verstauen des Seiles ist oder des Kletterhelms. Von den Steigeisen oder dem Anbringen der Eisger\u00e4te.<\/p>\n<p>Dieser Rucksack l\u00e4sst keine W\u00fcnsche \u00fcbrig. Bitte beachtet. Wer weitere Ausr\u00fcstung braucht, sollte das 38 Liter Modell ins Auge fassen.<\/p>\n<p>Denn wer z.B. auch eine Daunanjacke und kleinen Schlafsack mit dabei hat, st\u00f6\u00dft hier an seine Grenzen.<\/p>\n<h3>Video Apex Wall 32<\/h3>\n<p><iframe loading=\"lazy\" title=\"YouTube video player\" src=\"https:\/\/www.youtube.com\/embed\/L36K2igtHas\" width=\"75%\" height=\"350\" frameborder=\"0\" allowfullscreen=\"allowfullscreen\"><span data-mce-type=\"bookmark\" style=\"display: inline-block; width: 0px; overflow: hidden; line-height: 0;\" class=\"mce_SELRES_start\">\ufeff<\/span><\/iframe><\/p>\n<p><strong>Link Tipp<\/strong><\/p>\n<p>Hier geht es zum <a href=\"https:\/\/www.salewa.com\" target=\"_blank\" rel=\"noopener\">Hersteller<\/a>!<\/p>\n","protected":false},"excerpt":{"rendered":"<ul>\n<li>Gewicht: 950 Gramm<\/li>\n<li>Volumen: 32 Liter<\/li>\n<li>Material: leichter Robic 210D, robuster Robic 420D<\/li>\n<li>super R\u00fcckenpolsterung aus EVA Schaum mit 3D Bel\u00fcftung<\/li>\n<li>seitlicher RV f\u00fcr Zugang Innneraum<\/li>\n<li>Drybag \u201eRoll Verschluss\u201c<\/li>\n<li>Top RV Tasche f\u00fcr Topo und Energieriegel<\/li>\n<li>Innentasche f\u00fcr Handy, Karten, etc&#8230;<\/li>\n<li>H2O Schlauch \u00d6ffnung<\/li>\n<li>2 Eisger\u00e4te Halterungen<\/li>\n<li>Seil Fixierung mit Magnetschnalle am Top<\/li>\n<li>Au\u00dfentasche f\u00fcr Steigeisen oder Helm<\/li>\n<li>4 Kompressionsriemen<\/li>\n<\/ul>\n","protected":false},"featured_media":8209,"comment_status":"open","ping_status":"closed","template":"","meta":[],"product_brand":[],"product_cat":[4809,29],"product_tag":[],"class_list":{"0":"post-8204","1":"product","2":"type-product","3":"status-publish","4":"has-post-thumbnail","6":"product_cat-kletterrucksack","7":"product_cat-kletterausruestung","9":"first","10":"outofstock","11":"taxable","12":"shipping-taxable","13":"purchasable","14":"product-type-simple"},"yoast_head":"<!-- This site is optimized with the Yoast SEO Premium plugin v26.9 (Yoast SEO v26.9) - https:\/\/yoast.com\/product\/yoast-seo-premium-wordpress\/ -->\n<title>Salewa Apex Wall 32 - Alpinrucksack online kaufen | bolting.eu<\/title>\n<meta name=\"description\" content=\"Hier findest Du den SALEWA APEX WALL 32. Einen Alpinrucksack mit tollen Features f\u00fcr Eis-, Kletter- und Hoch- und Klettersteigtouren.\" \/>\n<meta name=\"robots\" content=\"index, follow, max-snippet:-1, max-image-preview:large, max-video-preview:-1\" \/>\n<link rel=\"canonical\" href=\"https:\/\/bolting.eu\/en\/shop\/salewa-apex-wall-32\/\" \/>\n<meta property=\"og:locale\" content=\"en_US\" \/>\n<meta property=\"og:type\" content=\"article\" \/>\n<meta property=\"og:title\" content=\"Salewa Apex Wall 32\" \/>\n<meta property=\"og:description\" content=\"Hier findest Du den SALEWA APEX WALL 32. Einen Alpinrucksack mit tollen Features f\u00fcr Eis-, Kletter- und Hoch- und Klettersteigtouren.\" \/>\n<meta property=\"og:url\" content=\"https:\/\/bolting.eu\/en\/shop\/salewa-apex-wall-32\/\" \/>\n<meta property=\"og:site_name\" content=\"bolting.eu\" \/>\n<meta property=\"article:publisher\" content=\"https:\/\/www.facebook.com\/bolting.eu\" \/>\n<meta property=\"article:modified_time\" content=\"2024-06-09T07:44:51+00:00\" \/>\n<meta property=\"og:image\" content=\"https:\/\/bolting.eu\/wp-content\/uploads\/2021\/03\/Salewa-Apex-Wall-32-1.jpg\" \/>\n\t<meta property=\"og:image:width\" content=\"700\" \/>\n\t<meta property=\"og:image:height\" content=\"700\" \/>\n\t<meta property=\"og:image:type\" content=\"image\/jpeg\" \/>\n<meta name=\"twitter:card\" content=\"summary_large_image\" \/>\n<meta name=\"twitter:label1\" content=\"Price\" \/>\n\t<meta name=\"twitter:data1\" content=\"&euro;&nbsp;149,90\" \/>\n\t<meta name=\"twitter:label2\" content=\"Availability\" \/>\n\t<meta name=\"twitter:data2\" content=\"Out of stock\" \/>\n<script type=\"application\/ld+json\" class=\"yoast-schema-graph\">{\"@context\":\"https:\/\/schema.org\",\"@graph\":[{\"@type\":[\"WebPage\",\"ItemPage\"],\"@id\":\"https:\/\/bolting.eu\/en\/shop\/salewa-apex-wall-32\/\",\"url\":\"https:\/\/bolting.eu\/en\/shop\/salewa-apex-wall-32\/\",\"name\":\"Salewa Apex Wall 32 - Alpinrucksack online kaufen | bolting.eu\",\"isPartOf\":{\"@id\":\"https:\/\/bolting.eu\/en\/#website\"},\"primaryImageOfPage\":{\"@id\":\"https:\/\/bolting.eu\/en\/shop\/salewa-apex-wall-32\/#primaryimage\"},\"image\":{\"@id\":\"https:\/\/bolting.eu\/en\/shop\/salewa-apex-wall-32\/#primaryimage\"},\"thumbnailUrl\":\"https:\/\/bolting.eu\/wp-content\/uploads\/2021\/03\/Salewa-Apex-Wall-32-1.jpg\",\"datePublished\":\"2021-03-29T15:36:23+00:00\",\"dateModified\":\"2024-06-09T07:44:51+00:00\",\"description\":\"Hier findest Du den SALEWA APEX WALL 32. Einen Alpinrucksack mit tollen Features f\u00fcr Eis-, Kletter- und Hoch- und Klettersteigtouren.\",\"breadcrumb\":{\"@id\":\"https:\/\/bolting.eu\/en\/shop\/salewa-apex-wall-32\/#breadcrumb\"},\"inLanguage\":\"en-US\",\"potentialAction\":[{\"@type\":\"ReadAction\",\"target\":[\"https:\/\/bolting.eu\/en\/shop\/salewa-apex-wall-32\/\"]}]},{\"@type\":\"ImageObject\",\"inLanguage\":\"en-US\",\"@id\":\"https:\/\/bolting.eu\/en\/shop\/salewa-apex-wall-32\/#primaryimage\",\"url\":\"https:\/\/bolting.eu\/wp-content\/uploads\/2021\/03\/Salewa-Apex-Wall-32-1.jpg\",\"contentUrl\":\"https:\/\/bolting.eu\/wp-content\/uploads\/2021\/03\/Salewa-Apex-Wall-32-1.jpg\",\"width\":700,\"height\":700,\"caption\":\"Das Bild zeigt den feuerroten Salewa Apex Wall 32 Kletterrucksack. MAn sieht ihn aufrecht in Mitte eines wei\u00dfen Quadrates und erkennt die wichtigsten Features und die Trageriemen am R\u00fccken.\"},{\"@type\":\"BreadcrumbList\",\"@id\":\"https:\/\/bolting.eu\/en\/shop\/salewa-apex-wall-32\/#breadcrumb\",\"itemListElement\":[{\"@type\":\"ListItem\",\"position\":1,\"name\":\"Shop\",\"item\":\"https:\/\/bolting.eu\/en\/shop\/\"},{\"@type\":\"ListItem\",\"position\":2,\"name\":\"climbing equipment\",\"item\":\"https:\/\/bolting.eu\/en\/produkt-kategorie\/climbing-equipment\/\"},{\"@type\":\"ListItem\",\"position\":3,\"name\":\"Kletterrucksack\",\"item\":\"https:\/\/bolting.eu\/produkt-kategorie\/kletterausruestung\/kletterrucksack\/\"},{\"@type\":\"ListItem\",\"position\":4,\"name\":\"Salewa Apex Wall 32\"}]},{\"@type\":\"WebSite\",\"@id\":\"https:\/\/bolting.eu\/en\/#website\",\"url\":\"https:\/\/bolting.eu\/en\/\",\"name\":\"bolting.eu\",\"description\":\"we make climbs happen\",\"publisher\":{\"@id\":\"https:\/\/bolting.eu\/en\/#organization\"},\"potentialAction\":[{\"@type\":\"SearchAction\",\"target\":{\"@type\":\"EntryPoint\",\"urlTemplate\":\"https:\/\/bolting.eu\/en\/?s={search_term_string}\"},\"query-input\":{\"@type\":\"PropertyValueSpecification\",\"valueRequired\":true,\"valueName\":\"search_term_string\"}}],\"inLanguage\":\"en-US\"},{\"@type\":[\"Organization\",\"Place\",\"SportingGoodsStore\"],\"@id\":\"https:\/\/bolting.eu\/en\/#organization\",\"name\":\"bolting.eu\",\"url\":\"https:\/\/bolting.eu\/en\/\",\"logo\":{\"@id\":\"https:\/\/bolting.eu\/en\/shop\/salewa-apex-wall-32\/#local-main-organization-logo\"},\"image\":{\"@id\":\"https:\/\/bolting.eu\/en\/shop\/salewa-apex-wall-32\/#local-main-organization-logo\"},\"sameAs\":[\"https:\/\/www.facebook.com\/bolting.eu\",\"https:\/\/www.instagram.com\/bolting.eu\/\"],\"address\":{\"@id\":\"https:\/\/bolting.eu\/en\/shop\/salewa-apex-wall-32\/#local-main-place-address\"},\"geo\":{\"@type\":\"GeoCoordinates\",\"latitude\":\"47.264176340396226\",\"longitude\":\"11.380109057672346\"},\"telephone\":[\"+43 699 19083372\"],\"openingHoursSpecification\":[{\"@type\":\"OpeningHoursSpecification\",\"dayOfWeek\":[\"Monday\",\"Wednesday\",\"Friday\"],\"opens\":\"14:00\",\"closes\":\"18:00\"},{\"@type\":\"OpeningHoursSpecification\",\"dayOfWeek\":[\"Tuesday\",\"Thursday\",\"Saturday\",\"Sunday\"],\"opens\":\"00:00\",\"closes\":\"00:00\"}],\"email\":\"office@bolting.eu\",\"vatID\":\"ATU59999728\",\"priceRange\":\"$$\",\"currenciesAccepted\":\"Euro\"},{\"@type\":\"PostalAddress\",\"@id\":\"https:\/\/bolting.eu\/en\/shop\/salewa-apex-wall-32\/#local-main-place-address\",\"streetAddress\":\"Fischnalerstra\u00dfe 4\",\"addressLocality\":\"Innsbruck\",\"postalCode\":\"6020\",\"addressRegion\":\"Tirol\",\"addressCountry\":\"AT\"},{\"@type\":\"ImageObject\",\"inLanguage\":\"en-US\",\"@id\":\"https:\/\/bolting.eu\/en\/shop\/salewa-apex-wall-32\/#local-main-organization-logo\",\"url\":\"https:\/\/bolting.eu\/wp-content\/uploads\/2019\/09\/bolting-logo.png\",\"contentUrl\":\"https:\/\/bolting.eu\/wp-content\/uploads\/2019\/09\/bolting-logo.png\",\"width\":400,\"height\":211,\"caption\":\"bolting.eu\"}]}<\/script>\n<meta property=\"product:price:amount\" content=\"149.90\" \/>\n<meta property=\"product:price:currency\" content=\"EUR\" \/>\n<meta property=\"og:availability\" content=\"out of stock\" \/>\n<meta property=\"product:availability\" content=\"out of stock\" \/>\n<meta property=\"product:retailer_item_id\" content=\"00-0000001244\" \/>\n<meta property=\"product:condition\" content=\"new\" \/>\n<meta name=\"geo.placename\" content=\"Innsbruck\" \/>\n<meta name=\"geo.position\" content=\"47.264176340396226;11.380109057672346\" \/>\n<meta name=\"geo.region\" content=\"Austria\" \/>\n<!-- \/ Yoast SEO Premium plugin. -->","yoast_head_json":{"title":"Salewa Apex Wall 32 - Alpinrucksack online kaufen | bolting.eu","description":"Hier findest Du den SALEWA APEX WALL 32. Einen Alpinrucksack mit tollen Features f\u00fcr Eis-, Kletter- und Hoch- und Klettersteigtouren.","robots":{"index":"index","follow":"follow","max-snippet":"max-snippet:-1","max-image-preview":"max-image-preview:large","max-video-preview":"max-video-preview:-1"},"canonical":"https:\/\/bolting.eu\/en\/shop\/salewa-apex-wall-32\/","og_locale":"en_US","og_type":"article","og_title":"Salewa Apex Wall 32","og_description":"Hier findest Du den SALEWA APEX WALL 32. Einen Alpinrucksack mit tollen Features f\u00fcr Eis-, Kletter- und Hoch- und Klettersteigtouren.","og_url":"https:\/\/bolting.eu\/en\/shop\/salewa-apex-wall-32\/","og_site_name":"bolting.eu","article_publisher":"https:\/\/www.facebook.com\/bolting.eu","article_modified_time":"2024-06-09T07:44:51+00:00","og_image":[{"width":700,"height":700,"url":"https:\/\/bolting.eu\/wp-content\/uploads\/2021\/03\/Salewa-Apex-Wall-32-1.jpg","type":"image\/jpeg"}],"twitter_card":"summary_large_image","twitter_misc":{"Price":"&euro;&nbsp;149,90","Availability":"Out of stock"},"schema":{"@context":"https:\/\/schema.org","@graph":[{"@type":["WebPage","ItemPage"],"@id":"https:\/\/bolting.eu\/en\/shop\/salewa-apex-wall-32\/","url":"https:\/\/bolting.eu\/en\/shop\/salewa-apex-wall-32\/","name":"Salewa Apex Wall 32 - Alpinrucksack online kaufen | bolting.eu","isPartOf":{"@id":"https:\/\/bolting.eu\/en\/#website"},"primaryImageOfPage":{"@id":"https:\/\/bolting.eu\/en\/shop\/salewa-apex-wall-32\/#primaryimage"},"image":{"@id":"https:\/\/bolting.eu\/en\/shop\/salewa-apex-wall-32\/#primaryimage"},"thumbnailUrl":"https:\/\/bolting.eu\/wp-content\/uploads\/2021\/03\/Salewa-Apex-Wall-32-1.jpg","datePublished":"2021-03-29T15:36:23+00:00","dateModified":"2024-06-09T07:44:51+00:00","description":"Hier findest Du den SALEWA APEX WALL 32. Einen Alpinrucksack mit tollen Features f\u00fcr Eis-, Kletter- und Hoch- und Klettersteigtouren.","breadcrumb":{"@id":"https:\/\/bolting.eu\/en\/shop\/salewa-apex-wall-32\/#breadcrumb"},"inLanguage":"en-US","potentialAction":[{"@type":"ReadAction","target":["https:\/\/bolting.eu\/en\/shop\/salewa-apex-wall-32\/"]}]},{"@type":"ImageObject","inLanguage":"en-US","@id":"https:\/\/bolting.eu\/en\/shop\/salewa-apex-wall-32\/#primaryimage","url":"https:\/\/bolting.eu\/wp-content\/uploads\/2021\/03\/Salewa-Apex-Wall-32-1.jpg","contentUrl":"https:\/\/bolting.eu\/wp-content\/uploads\/2021\/03\/Salewa-Apex-Wall-32-1.jpg","width":700,"height":700,"caption":"Das Bild zeigt den feuerroten Salewa Apex Wall 32 Kletterrucksack. MAn sieht ihn aufrecht in Mitte eines wei\u00dfen Quadrates und erkennt die wichtigsten Features und die Trageriemen am R\u00fccken."},{"@type":"BreadcrumbList","@id":"https:\/\/bolting.eu\/en\/shop\/salewa-apex-wall-32\/#breadcrumb","itemListElement":[{"@type":"ListItem","position":1,"name":"Shop","item":"https:\/\/bolting.eu\/en\/shop\/"},{"@type":"ListItem","position":2,"name":"climbing equipment","item":"https:\/\/bolting.eu\/en\/produkt-kategorie\/climbing-equipment\/"},{"@type":"ListItem","position":3,"name":"Kletterrucksack","item":"https:\/\/bolting.eu\/produkt-kategorie\/kletterausruestung\/kletterrucksack\/"},{"@type":"ListItem","position":4,"name":"Salewa Apex Wall 32"}]},{"@type":"WebSite","@id":"https:\/\/bolting.eu\/en\/#website","url":"https:\/\/bolting.eu\/en\/","name":"bolting.eu","description":"we make climbs happen","publisher":{"@id":"https:\/\/bolting.eu\/en\/#organization"},"potentialAction":[{"@type":"SearchAction","target":{"@type":"EntryPoint","urlTemplate":"https:\/\/bolting.eu\/en\/?s={search_term_string}"},"query-input":{"@type":"PropertyValueSpecification","valueRequired":true,"valueName":"search_term_string"}}],"inLanguage":"en-US"},{"@type":["Organization","Place","SportingGoodsStore"],"@id":"https:\/\/bolting.eu\/en\/#organization","name":"bolting.eu","url":"https:\/\/bolting.eu\/en\/","logo":{"@id":"https:\/\/bolting.eu\/en\/shop\/salewa-apex-wall-32\/#local-main-organization-logo"},"image":{"@id":"https:\/\/bolting.eu\/en\/shop\/salewa-apex-wall-32\/#local-main-organization-logo"},"sameAs":["https:\/\/www.facebook.com\/bolting.eu","https:\/\/www.instagram.com\/bolting.eu\/"],"address":{"@id":"https:\/\/bolting.eu\/en\/shop\/salewa-apex-wall-32\/#local-main-place-address"},"geo":{"@type":"GeoCoordinates","latitude":"47.264176340396226","longitude":"11.380109057672346"},"telephone":["+43 699 19083372"],"openingHoursSpecification":[{"@type":"OpeningHoursSpecification","dayOfWeek":["Monday","Wednesday","Friday"],"opens":"14:00","closes":"18:00"},{"@type":"OpeningHoursSpecification","dayOfWeek":["Tuesday","Thursday","Saturday","Sunday"],"opens":"00:00","closes":"00:00"}],"email":"office@bolting.eu","vatID":"ATU59999728","priceRange":"$$","currenciesAccepted":"Euro"},{"@type":"PostalAddress","@id":"https:\/\/bolting.eu\/en\/shop\/salewa-apex-wall-32\/#local-main-place-address","streetAddress":"Fischnalerstra\u00dfe 4","addressLocality":"Innsbruck","postalCode":"6020","addressRegion":"Tirol","addressCountry":"AT"},{"@type":"ImageObject","inLanguage":"en-US","@id":"https:\/\/bolting.eu\/en\/shop\/salewa-apex-wall-32\/#local-main-organization-logo","url":"https:\/\/bolting.eu\/wp-content\/uploads\/2019\/09\/bolting-logo.png","contentUrl":"https:\/\/bolting.eu\/wp-content\/uploads\/2019\/09\/bolting-logo.png","width":400,"height":211,"caption":"bolting.eu"}]},"product_price_amount":"149.90","product_price_currency":"EUR","og_availability":"out of stock","product_availability":"out of stock","product_retailer_item_id":"00-0000001244","product_condition":"new","geo.placename":"Innsbruck","geo.position":{"lat":"47.264176340396226","long":"11.380109057672346"},"geo.region":"Austria"},"_links":{"self":[{"href":"https:\/\/bolting.eu\/en\/wp-json\/wp\/v2\/product\/8204","targetHints":{"allow":["GET"]}}],"collection":[{"href":"https:\/\/bolting.eu\/en\/wp-json\/wp\/v2\/product"}],"about":[{"href":"https:\/\/bolting.eu\/en\/wp-json\/wp\/v2\/types\/product"}],"replies":[{"embeddable":true,"href":"https:\/\/bolting.eu\/en\/wp-json\/wp\/v2\/comments?post=8204"}],"wp:featuredmedia":[{"embeddable":true,"href":"https:\/\/bolting.eu\/en\/wp-json\/wp\/v2\/media\/8209"}],"wp:attachment":[{"href":"https:\/\/bolting.eu\/en\/wp-json\/wp\/v2\/media?parent=8204"}],"wp:term":[{"taxonomy":"product_brand","embeddable":true,"href":"https:\/\/bolting.eu\/en\/wp-json\/wp\/v2\/product_brand?post=8204"},{"taxonomy":"product_cat","embeddable":true,"href":"https:\/\/bolting.eu\/en\/wp-json\/wp\/v2\/product_cat?post=8204"},{"taxonomy":"product_tag","embeddable":true,"href":"https:\/\/bolting.eu\/en\/wp-json\/wp\/v2\/product_tag?post=8204"}],"curies":[{"name":"wp","href":"https:\/\/api.w.org\/{rel}","templated":true}]}}