{"id":8195,"date":"2021-03-28T12:18:05","date_gmt":"2021-03-28T10:18:05","guid":{"rendered":"https:\/\/bolting.eu\/?post_type=product&#038;p=8195"},"modified":"2024-03-21T21:47:55","modified_gmt":"2024-03-21T20:47:55","slug":"salewa-apex-climb-18","status":"publish","type":"product","link":"https:\/\/bolting.eu\/en\/shop\/salewa-apex-climb-18\/","title":{"rendered":"Salewa APEX CLIMB 18"},"content":{"rendered":"<p>Der Salewa APEX CLIMB 18 ist ein <a href=\"https:\/\/bolting.eu\/produkt-kategorie\/kletterausruestung\/kletterrucksack\/\">Kletterrucksack<\/a> f\u00fcr alpine Eins\u00e4tze!<\/p>\n<p>Denn dieser minimalistische Rucksack ist komplett auf die Bed\u00fcrfnisse von Alpinkletterern zugeschnitten. Erstens klein. Zweitens leicht. Und drittens super ergonomisch.<\/p>\n<p>Somit ist man hier in langen W\u00e4nden ideal ausgestattet. Man kann die Basics f\u00fcr einen langen Tag mit nehmen, ohne dass der Rucksack wirklich st\u00f6rend ist. Denn zum einen ist die R\u00fcckenpolsertung geradezu perfekt. Auch den Helm kann man problemlos in den Nacken legen. Und zum anderen die Arme bzw. Schultern super frei bewegen und auch gut nach chalken.<\/p>\n<p>Dar\u00fcber hinaus gibt es f\u00fcr den Zu- bzw. Abstieg eine Eisger\u00e4te sowie <a href=\"https:\/\/bolting.eu\/produkt-kategorie\/kletterausruestung\/kletterseil\/\">Kletterseil<\/a> Befestigung.<\/p>\n<p>Alpinkletterherz, was willst du mehr!<\/p>\n<h2>Eigenschaften Salewa Apex Climb 18<\/h2>\n<ul>\n<li>Hersteller: <a href=\"https:\/\/bolting.eu\/produkt-kategorie\/salewa\/\">Salewa<\/a><\/li>\n<li>Gewicht: 432 Gramm<\/li>\n<li>Volumen: 18 Liter<\/li>\n<li>Material: leichter Robic 210D Ripstop Nylon<\/li>\n<li>super R\u00fcckenpolsterung aus EVA Schaum mit 3D Bel\u00fcftung<\/li>\n<li>seitlicher RV f\u00fcr Zugang Innneraum<\/li>\n<li>Drybag &#8220;Roll Verschluss&#8221;<\/li>\n<li>Top RV Tasche f\u00fcr Topo und Energieriegel<\/li>\n<li>H2O Schlauch \u00d6ffnung<\/li>\n<li>Eisger\u00e4te Befestigung<\/li>\n<li>Brust- und H\u00fcftgurt<\/li>\n<\/ul>\n<h3>Klein, leicht, ergonomisch<\/h3>\n<p>Der Salewa APEX CLIMB 18 ist ein Alpinkletterrucksack durch und durch. Denn er hat alle Eigenschaften, welche man sich f\u00fcr lange Tagestouren w\u00fcnscht.<\/p>\n<p>Erstens hat er mit 18 Litern Volumen eine kleine Gr\u00f6\u00dfe. Nicht zu klein, aber auch nicht zu gro\u00df. Gerade richtig um etwas Material, Jause, Trinken und die Regenjacke einpacken zu k\u00f6nnen.<\/p>\n<p>Zweitens ist er mit gerade einmal 432 Gramm extrem leicht. Obwohl man dabei auch eine richtig gute R\u00fcckenpolsterung mitgeliefert bekommt.<\/p>\n<p>Und drittens stimmt die Ergonometrie. Denn er Rucksack l\u00e4uft von oben nach unten schmal zu. D.h. freie Bahn f\u00fcr die Arme bzw. Schultern zum einen. Und zum anderen kann man perfekt nach chalken!<\/p>\n<p>Zudem sorgt das stark, schr\u00e4g abfallende Top f\u00fcr &#8220;Helm Nacken Freiheit&#8221;. Man kann also den Helm ohne anzusto\u00dfen in den Nacken legen!<\/p>\n<p>Eine zus\u00e4tzliche Jacke hat in diesem Rucksack gerade mal so Platz. Wer im Winter eine etwas dickere Daunenjacke mitnehmen will, sollte lieber auf das gr\u00f6\u00dfere 25 Liter Modell wechseln.<\/p>\n<h3>Salewa Apex Climb 18 &#8211; alles dabei!<\/h3>\n<p>Trotz der kleinen Gr\u00f6\u00dfe bzw. dem kleinen Gewicht ist an diesem Bag alles drauf.<\/p>\n<p>Da w\u00e4ren einmal. Die von au\u00dfen erreichbare RV Tasche f\u00fcr Kleinigkeiten wie Energieriegel, Handy und Topo. Dann der gro\u00dfe seitliche RV, um direkt ins Innere des Rucksacks zu kommen.<\/p>\n<p>Und wenn die Zustiege etwas weiter und ggf. auch schneeig sein sollten. Dann sorgen eine Seilbefestigung (Latz mit Alu Schnalle) und eine Eisger\u00e4te Halterung f\u00fcr festen Sitz der Kletterausr\u00fcstung.<\/p>\n<p>Schon etwas Detailverliebt ist die Karabinerschlaufe am R\u00fccken, mit der sich der Salewa APEX CLIMB 18 auch haulen lassen w\u00fcrde. Die H2O \u00d6ffnung bzw. Aufh\u00e4ngung im Inneren hingegen ist super praktisch.<\/p>\n<h4><strong>Link Tipp<\/strong><\/h4>\n<p>Hier geht es zur <a href=\"https:\/\/cdn1.salewa.com\/media\/pdf\/5f\/b5\/35\/d9e463ab-ecc6-4de8-83ec-40ab22d59fcc.pdf\" target=\"_blank\" rel=\"noopener\">Bedienungsanleitung<\/a>.<\/p>\n","protected":false},"excerpt":{"rendered":"<ul>\n<li>Hersteller: Salewa<\/li>\n<li>Gewicht: 432 Gramm<\/li>\n<li>Volumen: 18 Liter<\/li>\n<li>Material: leichter Robic 210D Ripstop Nylon<\/li>\n<li>super R\u00fcckenpolsterung aus EVA Schaum mit 3D Bel\u00fcftung<\/li>\n<li>seitlicher RV f\u00fcr Zugang Innneraum<\/li>\n<li>Drybag &#8220;Roll Verschluss&#8221;<\/li>\n<li>Top RV Tasche f\u00fcr Topo und Energieriegel<\/li>\n<li>H2O Schlauch \u00d6ffnung<\/li>\n<li>Eisger\u00e4te Befestigung<\/li>\n<li>Brust- und H\u00fcftgurt<\/li>\n<\/ul>\n","protected":false},"featured_media":8197,"comment_status":"open","ping_status":"closed","template":"","meta":[],"product_brand":[],"product_cat":[4809,29,4672],"product_tag":[],"class_list":{"0":"post-8195","1":"product","2":"type-product","3":"status-publish","4":"has-post-thumbnail","6":"product_cat-kletterrucksack","7":"product_cat-kletterausruestung","8":"product_cat-salewa","10":"first","11":"outofstock","12":"taxable","13":"shipping-taxable","14":"purchasable","15":"product-type-simple"},"yoast_head":"<!-- This site is optimized with the Yoast SEO Premium plugin v26.9 (Yoast SEO v26.9) - https:\/\/yoast.com\/product\/yoast-seo-premium-wordpress\/ -->\n<title>Salewa APEX CLIMB 18 - Alpinkletterrucksack online kaufen | bolting.eu<\/title>\n<meta name=\"description\" content=\"Hier findest Du den SALEWA APEX CLIMB 18 Kletterrucksack. Ein minimalistischer, Alpinkletterrucksack f\u00fcr die lange W\u00e4nde.\" \/>\n<meta name=\"robots\" content=\"index, follow, max-snippet:-1, max-image-preview:large, max-video-preview:-1\" \/>\n<link rel=\"canonical\" href=\"https:\/\/bolting.eu\/en\/shop\/salewa-apex-climb-18\/\" \/>\n<meta property=\"og:locale\" content=\"en_US\" \/>\n<meta property=\"og:type\" content=\"article\" \/>\n<meta property=\"og:title\" content=\"Salewa APEX CLIMB 18\" \/>\n<meta property=\"og:description\" content=\"Hier findest Du den SALEWA APEX CLIMB 18 Kletterrucksack. Ein minimalistischer, Alpinkletterrucksack f\u00fcr die lange W\u00e4nde.\" \/>\n<meta property=\"og:url\" content=\"https:\/\/bolting.eu\/en\/shop\/salewa-apex-climb-18\/\" \/>\n<meta property=\"og:site_name\" content=\"bolting.eu\" \/>\n<meta property=\"article:publisher\" content=\"https:\/\/www.facebook.com\/bolting.eu\" \/>\n<meta property=\"article:modified_time\" content=\"2024-03-21T20:47:55+00:00\" \/>\n<meta property=\"og:image\" content=\"https:\/\/bolting.eu\/wp-content\/uploads\/2021\/03\/Salewa-Apex-Climb-18-1.jpg\" \/>\n\t<meta property=\"og:image:width\" content=\"700\" \/>\n\t<meta property=\"og:image:height\" content=\"700\" \/>\n\t<meta property=\"og:image:type\" content=\"image\/jpeg\" \/>\n<meta name=\"twitter:card\" content=\"summary_large_image\" \/>\n<meta name=\"twitter:label1\" content=\"Price\" \/>\n\t<meta name=\"twitter:data1\" content=\"&euro;&nbsp;99,90\" \/>\n\t<meta name=\"twitter:label2\" content=\"Availability\" \/>\n\t<meta name=\"twitter:data2\" content=\"Out of stock\" \/>\n<script type=\"application\/ld+json\" class=\"yoast-schema-graph\">{\"@context\":\"https:\/\/schema.org\",\"@graph\":[{\"@type\":[\"WebPage\",\"ItemPage\"],\"@id\":\"https:\/\/bolting.eu\/en\/shop\/salewa-apex-climb-18\/\",\"url\":\"https:\/\/bolting.eu\/en\/shop\/salewa-apex-climb-18\/\",\"name\":\"Salewa APEX CLIMB 18 - Alpinkletterrucksack online kaufen | bolting.eu\",\"isPartOf\":{\"@id\":\"https:\/\/bolting.eu\/en\/#website\"},\"primaryImageOfPage\":{\"@id\":\"https:\/\/bolting.eu\/en\/shop\/salewa-apex-climb-18\/#primaryimage\"},\"image\":{\"@id\":\"https:\/\/bolting.eu\/en\/shop\/salewa-apex-climb-18\/#primaryimage\"},\"thumbnailUrl\":\"https:\/\/bolting.eu\/wp-content\/uploads\/2021\/03\/Salewa-Apex-Climb-18-1.jpg\",\"datePublished\":\"2021-03-28T10:18:05+00:00\",\"dateModified\":\"2024-03-21T20:47:55+00:00\",\"description\":\"Hier findest Du den SALEWA APEX CLIMB 18 Kletterrucksack. Ein minimalistischer, Alpinkletterrucksack f\u00fcr die lange W\u00e4nde.\",\"breadcrumb\":{\"@id\":\"https:\/\/bolting.eu\/en\/shop\/salewa-apex-climb-18\/#breadcrumb\"},\"inLanguage\":\"en-US\",\"potentialAction\":[{\"@type\":\"ReadAction\",\"target\":[\"https:\/\/bolting.eu\/en\/shop\/salewa-apex-climb-18\/\"]}]},{\"@type\":\"ImageObject\",\"inLanguage\":\"en-US\",\"@id\":\"https:\/\/bolting.eu\/en\/shop\/salewa-apex-climb-18\/#primaryimage\",\"url\":\"https:\/\/bolting.eu\/wp-content\/uploads\/2021\/03\/Salewa-Apex-Climb-18-1.jpg\",\"contentUrl\":\"https:\/\/bolting.eu\/wp-content\/uploads\/2021\/03\/Salewa-Apex-Climb-18-1.jpg\",\"width\":700,\"height\":700,\"caption\":\"Das Bild zeigt die Vorderseite des Salewa Apex Climb 18 Kletterrucksack. MAn sieht den grauen Bag und die gelben Rei\u00dfverschl\u00fcsse, sowie die Trageriemen und die Seilfixierung am Top.\"},{\"@type\":\"BreadcrumbList\",\"@id\":\"https:\/\/bolting.eu\/en\/shop\/salewa-apex-climb-18\/#breadcrumb\",\"itemListElement\":[{\"@type\":\"ListItem\",\"position\":1,\"name\":\"Shop\",\"item\":\"https:\/\/bolting.eu\/en\/shop\/\"},{\"@type\":\"ListItem\",\"position\":2,\"name\":\"climbing equipment\",\"item\":\"https:\/\/bolting.eu\/en\/produkt-kategorie\/climbing-equipment\/\"},{\"@type\":\"ListItem\",\"position\":3,\"name\":\"Salewa APEX CLIMB 18\"}]},{\"@type\":\"WebSite\",\"@id\":\"https:\/\/bolting.eu\/en\/#website\",\"url\":\"https:\/\/bolting.eu\/en\/\",\"name\":\"bolting.eu\",\"description\":\"we make climbs happen\",\"publisher\":{\"@id\":\"https:\/\/bolting.eu\/en\/#organization\"},\"potentialAction\":[{\"@type\":\"SearchAction\",\"target\":{\"@type\":\"EntryPoint\",\"urlTemplate\":\"https:\/\/bolting.eu\/en\/?s={search_term_string}\"},\"query-input\":{\"@type\":\"PropertyValueSpecification\",\"valueRequired\":true,\"valueName\":\"search_term_string\"}}],\"inLanguage\":\"en-US\"},{\"@type\":[\"Organization\",\"Place\",\"SportingGoodsStore\"],\"@id\":\"https:\/\/bolting.eu\/en\/#organization\",\"name\":\"bolting.eu\",\"url\":\"https:\/\/bolting.eu\/en\/\",\"logo\":{\"@id\":\"https:\/\/bolting.eu\/en\/shop\/salewa-apex-climb-18\/#local-main-organization-logo\"},\"image\":{\"@id\":\"https:\/\/bolting.eu\/en\/shop\/salewa-apex-climb-18\/#local-main-organization-logo\"},\"sameAs\":[\"https:\/\/www.facebook.com\/bolting.eu\",\"https:\/\/www.instagram.com\/bolting.eu\/\"],\"address\":{\"@id\":\"https:\/\/bolting.eu\/en\/shop\/salewa-apex-climb-18\/#local-main-place-address\"},\"geo\":{\"@type\":\"GeoCoordinates\",\"latitude\":\"47.264176340396226\",\"longitude\":\"11.380109057672346\"},\"telephone\":[\"+43 699 19083372\"],\"openingHoursSpecification\":[{\"@type\":\"OpeningHoursSpecification\",\"dayOfWeek\":[\"Monday\",\"Wednesday\",\"Friday\"],\"opens\":\"14:00\",\"closes\":\"18:00\"},{\"@type\":\"OpeningHoursSpecification\",\"dayOfWeek\":[\"Tuesday\",\"Thursday\",\"Saturday\",\"Sunday\"],\"opens\":\"00:00\",\"closes\":\"00:00\"}],\"email\":\"office@bolting.eu\",\"vatID\":\"ATU59999728\",\"priceRange\":\"$$\",\"currenciesAccepted\":\"Euro\"},{\"@type\":\"PostalAddress\",\"@id\":\"https:\/\/bolting.eu\/en\/shop\/salewa-apex-climb-18\/#local-main-place-address\",\"streetAddress\":\"Fischnalerstra\u00dfe 4\",\"addressLocality\":\"Innsbruck\",\"postalCode\":\"6020\",\"addressRegion\":\"Tirol\",\"addressCountry\":\"AT\"},{\"@type\":\"ImageObject\",\"inLanguage\":\"en-US\",\"@id\":\"https:\/\/bolting.eu\/en\/shop\/salewa-apex-climb-18\/#local-main-organization-logo\",\"url\":\"https:\/\/bolting.eu\/wp-content\/uploads\/2019\/09\/bolting-logo.png\",\"contentUrl\":\"https:\/\/bolting.eu\/wp-content\/uploads\/2019\/09\/bolting-logo.png\",\"width\":400,\"height\":211,\"caption\":\"bolting.eu\"}]}<\/script>\n<meta property=\"product:price:amount\" content=\"99.90\" \/>\n<meta property=\"product:price:currency\" content=\"EUR\" \/>\n<meta property=\"og:availability\" content=\"out of stock\" \/>\n<meta property=\"product:availability\" content=\"out of stock\" \/>\n<meta property=\"product:retailer_item_id\" content=\"00-0000001252\" \/>\n<meta property=\"product:condition\" content=\"new\" \/>\n<meta name=\"geo.placename\" content=\"Innsbruck\" \/>\n<meta name=\"geo.position\" content=\"47.264176340396226;11.380109057672346\" \/>\n<meta name=\"geo.region\" content=\"Austria\" \/>\n<!-- \/ Yoast SEO Premium plugin. -->","yoast_head_json":{"title":"Salewa APEX CLIMB 18 - Alpinkletterrucksack online kaufen | bolting.eu","description":"Hier findest Du den SALEWA APEX CLIMB 18 Kletterrucksack. Ein minimalistischer, Alpinkletterrucksack f\u00fcr die lange W\u00e4nde.","robots":{"index":"index","follow":"follow","max-snippet":"max-snippet:-1","max-image-preview":"max-image-preview:large","max-video-preview":"max-video-preview:-1"},"canonical":"https:\/\/bolting.eu\/en\/shop\/salewa-apex-climb-18\/","og_locale":"en_US","og_type":"article","og_title":"Salewa APEX CLIMB 18","og_description":"Hier findest Du den SALEWA APEX CLIMB 18 Kletterrucksack. Ein minimalistischer, Alpinkletterrucksack f\u00fcr die lange W\u00e4nde.","og_url":"https:\/\/bolting.eu\/en\/shop\/salewa-apex-climb-18\/","og_site_name":"bolting.eu","article_publisher":"https:\/\/www.facebook.com\/bolting.eu","article_modified_time":"2024-03-21T20:47:55+00:00","og_image":[{"width":700,"height":700,"url":"https:\/\/bolting.eu\/wp-content\/uploads\/2021\/03\/Salewa-Apex-Climb-18-1.jpg","type":"image\/jpeg"}],"twitter_card":"summary_large_image","twitter_misc":{"Price":"&euro;&nbsp;99,90","Availability":"Out of stock"},"schema":{"@context":"https:\/\/schema.org","@graph":[{"@type":["WebPage","ItemPage"],"@id":"https:\/\/bolting.eu\/en\/shop\/salewa-apex-climb-18\/","url":"https:\/\/bolting.eu\/en\/shop\/salewa-apex-climb-18\/","name":"Salewa APEX CLIMB 18 - Alpinkletterrucksack online kaufen | bolting.eu","isPartOf":{"@id":"https:\/\/bolting.eu\/en\/#website"},"primaryImageOfPage":{"@id":"https:\/\/bolting.eu\/en\/shop\/salewa-apex-climb-18\/#primaryimage"},"image":{"@id":"https:\/\/bolting.eu\/en\/shop\/salewa-apex-climb-18\/#primaryimage"},"thumbnailUrl":"https:\/\/bolting.eu\/wp-content\/uploads\/2021\/03\/Salewa-Apex-Climb-18-1.jpg","datePublished":"2021-03-28T10:18:05+00:00","dateModified":"2024-03-21T20:47:55+00:00","description":"Hier findest Du den SALEWA APEX CLIMB 18 Kletterrucksack. Ein minimalistischer, Alpinkletterrucksack f\u00fcr die lange W\u00e4nde.","breadcrumb":{"@id":"https:\/\/bolting.eu\/en\/shop\/salewa-apex-climb-18\/#breadcrumb"},"inLanguage":"en-US","potentialAction":[{"@type":"ReadAction","target":["https:\/\/bolting.eu\/en\/shop\/salewa-apex-climb-18\/"]}]},{"@type":"ImageObject","inLanguage":"en-US","@id":"https:\/\/bolting.eu\/en\/shop\/salewa-apex-climb-18\/#primaryimage","url":"https:\/\/bolting.eu\/wp-content\/uploads\/2021\/03\/Salewa-Apex-Climb-18-1.jpg","contentUrl":"https:\/\/bolting.eu\/wp-content\/uploads\/2021\/03\/Salewa-Apex-Climb-18-1.jpg","width":700,"height":700,"caption":"Das Bild zeigt die Vorderseite des Salewa Apex Climb 18 Kletterrucksack. MAn sieht den grauen Bag und die gelben Rei\u00dfverschl\u00fcsse, sowie die Trageriemen und die Seilfixierung am Top."},{"@type":"BreadcrumbList","@id":"https:\/\/bolting.eu\/en\/shop\/salewa-apex-climb-18\/#breadcrumb","itemListElement":[{"@type":"ListItem","position":1,"name":"Shop","item":"https:\/\/bolting.eu\/en\/shop\/"},{"@type":"ListItem","position":2,"name":"climbing equipment","item":"https:\/\/bolting.eu\/en\/produkt-kategorie\/climbing-equipment\/"},{"@type":"ListItem","position":3,"name":"Salewa APEX CLIMB 18"}]},{"@type":"WebSite","@id":"https:\/\/bolting.eu\/en\/#website","url":"https:\/\/bolting.eu\/en\/","name":"bolting.eu","description":"we make climbs happen","publisher":{"@id":"https:\/\/bolting.eu\/en\/#organization"},"potentialAction":[{"@type":"SearchAction","target":{"@type":"EntryPoint","urlTemplate":"https:\/\/bolting.eu\/en\/?s={search_term_string}"},"query-input":{"@type":"PropertyValueSpecification","valueRequired":true,"valueName":"search_term_string"}}],"inLanguage":"en-US"},{"@type":["Organization","Place","SportingGoodsStore"],"@id":"https:\/\/bolting.eu\/en\/#organization","name":"bolting.eu","url":"https:\/\/bolting.eu\/en\/","logo":{"@id":"https:\/\/bolting.eu\/en\/shop\/salewa-apex-climb-18\/#local-main-organization-logo"},"image":{"@id":"https:\/\/bolting.eu\/en\/shop\/salewa-apex-climb-18\/#local-main-organization-logo"},"sameAs":["https:\/\/www.facebook.com\/bolting.eu","https:\/\/www.instagram.com\/bolting.eu\/"],"address":{"@id":"https:\/\/bolting.eu\/en\/shop\/salewa-apex-climb-18\/#local-main-place-address"},"geo":{"@type":"GeoCoordinates","latitude":"47.264176340396226","longitude":"11.380109057672346"},"telephone":["+43 699 19083372"],"openingHoursSpecification":[{"@type":"OpeningHoursSpecification","dayOfWeek":["Monday","Wednesday","Friday"],"opens":"14:00","closes":"18:00"},{"@type":"OpeningHoursSpecification","dayOfWeek":["Tuesday","Thursday","Saturday","Sunday"],"opens":"00:00","closes":"00:00"}],"email":"office@bolting.eu","vatID":"ATU59999728","priceRange":"$$","currenciesAccepted":"Euro"},{"@type":"PostalAddress","@id":"https:\/\/bolting.eu\/en\/shop\/salewa-apex-climb-18\/#local-main-place-address","streetAddress":"Fischnalerstra\u00dfe 4","addressLocality":"Innsbruck","postalCode":"6020","addressRegion":"Tirol","addressCountry":"AT"},{"@type":"ImageObject","inLanguage":"en-US","@id":"https:\/\/bolting.eu\/en\/shop\/salewa-apex-climb-18\/#local-main-organization-logo","url":"https:\/\/bolting.eu\/wp-content\/uploads\/2019\/09\/bolting-logo.png","contentUrl":"https:\/\/bolting.eu\/wp-content\/uploads\/2019\/09\/bolting-logo.png","width":400,"height":211,"caption":"bolting.eu"}]},"product_price_amount":"99.90","product_price_currency":"EUR","og_availability":"out of stock","product_availability":"out of stock","product_retailer_item_id":"00-0000001252","product_condition":"new","geo.placename":"Innsbruck","geo.position":{"lat":"47.264176340396226","long":"11.380109057672346"},"geo.region":"Austria"},"_links":{"self":[{"href":"https:\/\/bolting.eu\/en\/wp-json\/wp\/v2\/product\/8195","targetHints":{"allow":["GET"]}}],"collection":[{"href":"https:\/\/bolting.eu\/en\/wp-json\/wp\/v2\/product"}],"about":[{"href":"https:\/\/bolting.eu\/en\/wp-json\/wp\/v2\/types\/product"}],"replies":[{"embeddable":true,"href":"https:\/\/bolting.eu\/en\/wp-json\/wp\/v2\/comments?post=8195"}],"wp:featuredmedia":[{"embeddable":true,"href":"https:\/\/bolting.eu\/en\/wp-json\/wp\/v2\/media\/8197"}],"wp:attachment":[{"href":"https:\/\/bolting.eu\/en\/wp-json\/wp\/v2\/media?parent=8195"}],"wp:term":[{"taxonomy":"product_brand","embeddable":true,"href":"https:\/\/bolting.eu\/en\/wp-json\/wp\/v2\/product_brand?post=8195"},{"taxonomy":"product_cat","embeddable":true,"href":"https:\/\/bolting.eu\/en\/wp-json\/wp\/v2\/product_cat?post=8195"},{"taxonomy":"product_tag","embeddable":true,"href":"https:\/\/bolting.eu\/en\/wp-json\/wp\/v2\/product_tag?post=8195"}],"curies":[{"name":"wp","href":"https:\/\/api.w.org\/{rel}","templated":true}]}}