{"id":8087,"date":"2021-03-18T18:08:28","date_gmt":"2021-03-18T17:08:28","guid":{"rendered":"https:\/\/bolting.eu\/?post_type=product&#038;p=8087"},"modified":"2025-11-17T16:45:38","modified_gmt":"2025-11-17T15:45:38","slug":"boulderbags-mantle","status":"publish","type":"product","link":"https:\/\/bolting.eu\/en\/shop\/boulderbags-mantle\/","title":{"rendered":"Boulderbags Mantle"},"content":{"rendered":"<p>Unsere Boulderbags Mantle sind mega klasse Chalkbags f\u00fcr die Halle und Drau\u00dfen. Denn Diese Magnesiumbeutel haben einige coole Features.<\/p>\n<p>Erstens schlucken sie ordentliche Portionen <a href=\"https:\/\/bolting.eu\/produkt-kategorie\/kletterausruestung\/chalk-klettern\/\">Kletterchalk<\/a>. Zweitens haben sie einen perfekten Stand auf einer 20 x 20cm Fl\u00e4che. Drittens sind zwei Netztaschen angebracht f\u00fcr Klettertape, Hautfeile usw. Und viertens hat das Bag sowohl eine Zipper Tasche als auch freie Tasche.<\/p>\n<p>Ein Knick-Verschluss Kragen mit Kunststoff Klipps rundet dieses Boulder Chalkbag perfekt ab!<\/p>\n<h2>Eigenschaften Boulderbags Mantle<\/h2>\n<ul>\n<li>Hersteller: Mantle Climbing<\/li>\n<li>Gr\u00f6\u00dfe Unterseite: 20 x 20cm<\/li>\n<li>Gr\u00f6\u00dfe \u00d6ffnung: ca. 15 cm<\/li>\n<li>Material: Polyamid<\/li>\n<li>Netztasche mit zwei Unterteilungen f\u00fcr die Boulderb\u00fcrsten<\/li>\n<li>Netztasche Klettertape, Theraband, usw.<\/li>\n<li>Zipper Tasche f\u00fcr Nagelklippser, Hallen Karte, Handy&#8230;<\/li>\n<li>freie Tasche f\u00fcr Kleinigkeiten<\/li>\n<li>Trageriemen mit Gummigriff<\/li>\n<li>Top Schlaufe f\u00fcr B\u00fcrste oder Karabiner<\/li>\n<\/ul>\n<h3>Alles was das Boulderherz begehrt<\/h3>\n<figure id=\"attachment_8089\" aria-describedby=\"caption-attachment-8089\" style=\"width: 200px\" class=\"wp-caption alignleft\"><a href=\"https:\/\/bolting.eu\/wp-content\/uploads\/2021\/03\/Boulderbag-Mantle-Forrest-3.jpg\"><img loading=\"lazy\" decoding=\"async\" class=\"wp-image-8089\" src=\"https:\/\/bolting.eu\/wp-content\/uploads\/2021\/03\/Boulderbag-Mantle-Forrest-3.jpg\" alt=\"Das Bild zeigt einen der Boulderbags Mantle von der Seite, man erkennt den Tragegriff, die Netztasche und die \u00d6ffnung.\" width=\"200\" height=\"200\" srcset=\"https:\/\/bolting.eu\/wp-content\/uploads\/2021\/03\/Boulderbag-Mantle-Forrest-3.jpg 700w, https:\/\/bolting.eu\/wp-content\/uploads\/2021\/03\/Boulderbag-Mantle-Forrest-3-100x100.jpg 100w, https:\/\/bolting.eu\/wp-content\/uploads\/2021\/03\/Boulderbag-Mantle-Forrest-3-510x510.jpg 510w, https:\/\/bolting.eu\/wp-content\/uploads\/2021\/03\/Boulderbag-Mantle-Forrest-3-400x400.jpg 400w, https:\/\/bolting.eu\/wp-content\/uploads\/2021\/03\/Boulderbag-Mantle-Forrest-3-280x280.jpg 280w, https:\/\/bolting.eu\/wp-content\/uploads\/2021\/03\/Boulderbag-Mantle-Forrest-3-300x300.jpg 300w, https:\/\/bolting.eu\/wp-content\/uploads\/2021\/03\/Boulderbag-Mantle-Forrest-3-600x600.jpg 600w\" sizes=\"auto, (max-width: 200px) 100vw, 200px\" \/><\/a><figcaption id=\"caption-attachment-8089\" class=\"wp-caption-text\">Netzaschen, Zipper Tasche, Tragegriff, gro\u00dfe \u00d6ffnung. Alles da, da, da!<\/figcaption><\/figure>\n<p>Wir finden diese Boulder Chalkbags von Mantle richtig super. Denn bei ihnen hat man wirklich an alles gedacht.<\/p>\n<p>Erstens dichter Verschluss. Check!<br \/>\nZweitens solide Standfl\u00e4che f\u00fcr perfekten Stand und kein Umkippen. Check!<br \/>\nDrittens gen\u00fcgend Taschen f\u00fcr das ganze Boulder Zubeh\u00f6r. Check.<br \/>\nUnd viertens gen\u00fcgend Volumen bzw. passende \u00d6ffnung um auch mit zwei H\u00e4nden in den Bag fahren zu k\u00f6nnen. Check!<\/p>\n<p>Kurzum. Boulderherz was willst du mehr!<\/p>\n<h3>Boulderbags Mantle = cooles Design<\/h3>\n<figure id=\"attachment_8088\" aria-describedby=\"caption-attachment-8088\" style=\"width: 200px\" class=\"wp-caption alignleft\"><a href=\"https:\/\/bolting.eu\/wp-content\/uploads\/2021\/03\/Boulderbag-Mantle-Girly-2.jpg\"><img loading=\"lazy\" decoding=\"async\" class=\"wp-image-8088\" src=\"https:\/\/bolting.eu\/wp-content\/uploads\/2021\/03\/Boulderbag-Mantle-Girly-2.jpg\" alt=\"Das Bild zeigt ein pinkes Boulder Chalkbag. Es steht in Bildmitte mit dem Knick Verschluss nach oben ausgerollt.\" width=\"200\" height=\"200\" srcset=\"https:\/\/bolting.eu\/wp-content\/uploads\/2021\/03\/Boulderbag-Mantle-Girly-2.jpg 700w, https:\/\/bolting.eu\/wp-content\/uploads\/2021\/03\/Boulderbag-Mantle-Girly-2-100x100.jpg 100w, https:\/\/bolting.eu\/wp-content\/uploads\/2021\/03\/Boulderbag-Mantle-Girly-2-510x510.jpg 510w, https:\/\/bolting.eu\/wp-content\/uploads\/2021\/03\/Boulderbag-Mantle-Girly-2-400x400.jpg 400w, https:\/\/bolting.eu\/wp-content\/uploads\/2021\/03\/Boulderbag-Mantle-Girly-2-280x280.jpg 280w, https:\/\/bolting.eu\/wp-content\/uploads\/2021\/03\/Boulderbag-Mantle-Girly-2-300x300.jpg 300w, https:\/\/bolting.eu\/wp-content\/uploads\/2021\/03\/Boulderbag-Mantle-Girly-2-600x600.jpg 600w\" sizes=\"auto, (max-width: 200px) 100vw, 200px\" \/><\/a><figcaption id=\"caption-attachment-8088\" class=\"wp-caption-text\">Die Boulderbags zeichnen sich durch ein richtig cooles Design aus!<\/figcaption><\/figure>\n<p>Wir haben zwei Designs im Programm. Einerseits &#8220;Girly&#8221; in unverkennbarem Rosa gehalten f\u00fcr die starken M\u00e4dels. Und Forrest in dezenten Gr\u00fcn-gelb T\u00f6nen f\u00fcr die die toughen Jungs.<\/p>\n<p>Die gro\u00dfen, trapezf\u00f6rmigen Stoff Fl\u00e4chen geben den Boulder Chalkbags ein unverkennbares Design. Schlicht und elegant, mit dezenten Farbenkombis.<\/p>\n<p>Somit f\u00fcgen sich diese Bags jeder <a href=\"https:\/\/bolting.eu\/boulderausruestung\/\">Boulderausr\u00fcstung<\/a> passen ein. Man will ja durch Leistung und Spass punkten, nicht durch auffallende Ausr\u00fcstung alleine.<\/p>\n<h3>Beachte die Chalk Etikette<\/h3>\n<p>Dein Interesse an den Boulderbags Mantle sagt uns, dass du gerne boulderst. Deswegen auch unsere Bitte an Dich. Bitte trage in der Bouldercommunity dazu bei, die Chalk Etikette bekannter zu machen. Wir f\u00e4nden es klasse, wenn du dieses ungeschriebene Gentlemen Agreement auch gut findest und dich gerne daran h\u00e4lst.<\/p>\n<ul>\n<li>nicht unn\u00f6tig alles voll chalken bzw. \u00fcberall Tick-Marks machen<\/li>\n<li>nach dem Bouldern alle Griffe, Tritte und Tick-Marks wieder sauber abb\u00fcrsten<\/li>\n<li>weise andere Boulderer auf die Chalk Etikette hin<\/li>\n<li>gerne auch mal f\u00fcr jene sauber machen, die noch nie von der Chalk Etikette geh\u00f6rt haben<\/li>\n<\/ul>\n<h3>Boulderbags regelm\u00e4\u00dfig aussch\u00fctteln!<\/h3>\n<p>Kennt ihr das? Ihr f\u00e4hrt ins Chalkbag und habt ganz viel kleine, grobe Br\u00f6ckchen darin die gar kein Chalk mehr abgeben?<\/p>\n<p>Das passiert, wenn man immer nur Magnesium nachf\u00fcllt und nachf\u00fcllt. Denn die feinen Staubteile bleiben auf den H\u00e4nden, w\u00e4hrend die gr\u00f6\u00dferen und schwerern Br\u00f6ckchen immer am Boden liegen bleiben. irgendwann hat man dann nur mehr &#8220;sinnloses&#8221; Chalk im Bag.<\/p>\n<p>Deshalb unser Tipp. Sch\u00fcttelt den Bag bei Chalk Niedrigstand einfach regelm\u00e4\u00dfig ganz aus. Dann nachf\u00fcllen und voila! Chalkt es sich wieder perfekt!<\/p>\n<h4><strong>Praxis Tipp: Boulderbags Mantle markieren!<\/strong><\/h4>\n<p>Auch schon mal ein Boulder Chalkbag liegen gelassen und weg war es?!?<\/p>\n<p>Dann nimm dir unseren tipp zu Herzen. Markiere dein Bag am Boden mit einem Permanent Marker. Name, Telefonnummer und E-Mail. Fertig!<\/p>\n<p>Sicher habt ihr dann wesentlich mehr Chancen euer geliebtes Bag zur\u00fcck zu bekommen, wenn ihr es irgendwo vergessen haben solltet.<\/p>\n","protected":false},"excerpt":{"rendered":"<ul>\n<li>Gr\u00f6\u00dfe Unterseite: 20 x 20cm<\/li>\n<li>Gr\u00f6\u00dfe \u00d6ffnung: ca. 15 cm<\/li>\n<li>Material: Polyamid<\/li>\n<li>Netztasche mit zwei Unterteilungen f\u00fcr die Boulderb\u00fcrsten<\/li>\n<li>Netztasche Klettertape, Theraband, usw.<\/li>\n<li>Zipper Tasche f\u00fcr Nagelklippser, Hallen Karte, Handy&#8230;<\/li>\n<li>freie Tasche f\u00fcr Kleinigkeiten<\/li>\n<li>Trageriemen mit Gummigriff<\/li>\n<li>Top Schlaufe f\u00fcr B\u00fcrste oder Karabiner<\/li>\n<\/ul>\n","protected":false},"featured_media":8092,"comment_status":"open","ping_status":"closed","template":"","meta":[],"product_brand":[],"product_cat":[5692,15030,5006,5284],"product_tag":[],"class_list":{"0":"post-8087","1":"product","2":"type-product","3":"status-publish","4":"has-post-thumbnail","6":"product_cat-chalkbag-bouldern","7":"product_cat-climbing-equipment","8":"product_cat-chalkbag","9":"product_cat-boulder-ausruestung","11":"first","12":"instock","13":"sale","14":"taxable","15":"shipping-taxable","16":"purchasable","17":"product-type-variable"},"yoast_head":"<!-- This site is optimized with the Yoast SEO Premium plugin v26.9 (Yoast SEO v26.9) - https:\/\/yoast.com\/product\/yoast-seo-premium-wordpress\/ -->\n<title>Boulderbags Mantle in div. Designs online kaufen | bolting.eu<\/title>\n<meta name=\"description\" content=\"Hier findest Du die Boulderbags Mantle in vielen coolen Designs. Gro\u00dfe Boulder Chalkbags mit vielen Taschen f\u00fcr die Halle &amp; Drau\u00dfen!\" \/>\n<meta name=\"robots\" content=\"index, follow, max-snippet:-1, max-image-preview:large, max-video-preview:-1\" \/>\n<link rel=\"canonical\" href=\"https:\/\/bolting.eu\/en\/shop\/boulderbags-mantle\/\" \/>\n<meta property=\"og:locale\" content=\"en_US\" \/>\n<meta property=\"og:type\" content=\"article\" \/>\n<meta property=\"og:title\" content=\"Boulderbags Mantle\" \/>\n<meta property=\"og:description\" content=\"Hier findest Du die Boulderbags Mantle in vielen coolen Designs. Gro\u00dfe Boulder Chalkbags mit vielen Taschen f\u00fcr die Halle &amp; Drau\u00dfen!\" \/>\n<meta property=\"og:url\" content=\"https:\/\/bolting.eu\/en\/shop\/boulderbags-mantle\/\" \/>\n<meta property=\"og:site_name\" content=\"bolting.eu\" \/>\n<meta property=\"article:publisher\" content=\"https:\/\/www.facebook.com\/bolting.eu\" \/>\n<meta property=\"article:modified_time\" content=\"2025-11-17T15:45:38+00:00\" \/>\n<meta property=\"og:image\" content=\"https:\/\/bolting.eu\/wp-content\/uploads\/2021\/03\/Boulderbag-Mantle-Girly-1.jpg\" \/>\n\t<meta property=\"og:image:width\" content=\"700\" \/>\n\t<meta property=\"og:image:height\" content=\"700\" \/>\n\t<meta property=\"og:image:type\" content=\"image\/jpeg\" \/>\n<meta name=\"twitter:card\" content=\"summary_large_image\" \/>\n<meta name=\"twitter:label1\" content=\"Availability\" \/>\n\t<meta name=\"twitter:data1\" content=\"In stock\" \/>\n<script type=\"application\/ld+json\" class=\"yoast-schema-graph\">{\"@context\":\"https:\/\/schema.org\",\"@graph\":[{\"@type\":[\"WebPage\",\"ItemPage\"],\"@id\":\"https:\/\/bolting.eu\/en\/shop\/boulderbags-mantle\/\",\"url\":\"https:\/\/bolting.eu\/en\/shop\/boulderbags-mantle\/\",\"name\":\"Boulderbags Mantle in div. Designs online kaufen | bolting.eu\",\"isPartOf\":{\"@id\":\"https:\/\/bolting.eu\/en\/#website\"},\"primaryImageOfPage\":{\"@id\":\"https:\/\/bolting.eu\/en\/shop\/boulderbags-mantle\/#primaryimage\"},\"image\":{\"@id\":\"https:\/\/bolting.eu\/en\/shop\/boulderbags-mantle\/#primaryimage\"},\"thumbnailUrl\":\"https:\/\/bolting.eu\/wp-content\/uploads\/2021\/03\/Boulderbag-Mantle-Girly-1.jpg\",\"datePublished\":\"2021-03-18T17:08:28+00:00\",\"dateModified\":\"2025-11-17T15:45:38+00:00\",\"description\":\"Hier findest Du die Boulderbags Mantle in vielen coolen Designs. Gro\u00dfe Boulder Chalkbags mit vielen Taschen f\u00fcr die Halle & Drau\u00dfen!\",\"breadcrumb\":{\"@id\":\"https:\/\/bolting.eu\/en\/shop\/boulderbags-mantle\/#breadcrumb\"},\"inLanguage\":\"en-US\",\"potentialAction\":[{\"@type\":\"ReadAction\",\"target\":[\"https:\/\/bolting.eu\/en\/shop\/boulderbags-mantle\/\"]}]},{\"@type\":\"ImageObject\",\"inLanguage\":\"en-US\",\"@id\":\"https:\/\/bolting.eu\/en\/shop\/boulderbags-mantle\/#primaryimage\",\"url\":\"https:\/\/bolting.eu\/wp-content\/uploads\/2021\/03\/Boulderbag-Mantle-Girly-1.jpg\",\"contentUrl\":\"https:\/\/bolting.eu\/wp-content\/uploads\/2021\/03\/Boulderbag-Mantle-Girly-1.jpg\",\"width\":700,\"height\":700,\"caption\":\"Das Bild zeigt das pinke Modell der Boulderbags MAntle von der Seite. Man erkennt die Produktdetails sowie das schwarze Logo.\"},{\"@type\":\"BreadcrumbList\",\"@id\":\"https:\/\/bolting.eu\/en\/shop\/boulderbags-mantle\/#breadcrumb\",\"itemListElement\":[{\"@type\":\"ListItem\",\"position\":1,\"name\":\"Shop\",\"item\":\"https:\/\/bolting.eu\/en\/shop\/\"},{\"@type\":\"ListItem\",\"position\":2,\"name\":\"climbing equipment\",\"item\":\"https:\/\/bolting.eu\/en\/produkt-kategorie\/climbing-equipment\/\"},{\"@type\":\"ListItem\",\"position\":3,\"name\":\"Chalkbag\",\"item\":\"https:\/\/bolting.eu\/produkt-kategorie\/kletterausruestung\/chalkbag\/\"},{\"@type\":\"ListItem\",\"position\":4,\"name\":\"Chalkbag Bouldern\",\"item\":\"https:\/\/bolting.eu\/produkt-kategorie\/kletterausruestung\/chalkbag\/chalkbag-bouldern\/\"},{\"@type\":\"ListItem\",\"position\":5,\"name\":\"Boulderbags Mantle\"}]},{\"@type\":\"WebSite\",\"@id\":\"https:\/\/bolting.eu\/en\/#website\",\"url\":\"https:\/\/bolting.eu\/en\/\",\"name\":\"bolting.eu\",\"description\":\"we make climbs happen\",\"publisher\":{\"@id\":\"https:\/\/bolting.eu\/en\/#organization\"},\"potentialAction\":[{\"@type\":\"SearchAction\",\"target\":{\"@type\":\"EntryPoint\",\"urlTemplate\":\"https:\/\/bolting.eu\/en\/?s={search_term_string}\"},\"query-input\":{\"@type\":\"PropertyValueSpecification\",\"valueRequired\":true,\"valueName\":\"search_term_string\"}}],\"inLanguage\":\"en-US\"},{\"@type\":[\"Organization\",\"Place\",\"SportingGoodsStore\"],\"@id\":\"https:\/\/bolting.eu\/en\/#organization\",\"name\":\"bolting.eu\",\"url\":\"https:\/\/bolting.eu\/en\/\",\"logo\":{\"@id\":\"https:\/\/bolting.eu\/en\/shop\/boulderbags-mantle\/#local-main-organization-logo\"},\"image\":{\"@id\":\"https:\/\/bolting.eu\/en\/shop\/boulderbags-mantle\/#local-main-organization-logo\"},\"sameAs\":[\"https:\/\/www.facebook.com\/bolting.eu\",\"https:\/\/www.instagram.com\/bolting.eu\/\"],\"address\":{\"@id\":\"https:\/\/bolting.eu\/en\/shop\/boulderbags-mantle\/#local-main-place-address\"},\"geo\":{\"@type\":\"GeoCoordinates\",\"latitude\":\"47.264176340396226\",\"longitude\":\"11.380109057672346\"},\"telephone\":[\"+43 699 19083372\"],\"openingHoursSpecification\":[{\"@type\":\"OpeningHoursSpecification\",\"dayOfWeek\":[\"Monday\",\"Wednesday\",\"Friday\"],\"opens\":\"14:00\",\"closes\":\"18:00\"},{\"@type\":\"OpeningHoursSpecification\",\"dayOfWeek\":[\"Tuesday\",\"Thursday\",\"Saturday\",\"Sunday\"],\"opens\":\"00:00\",\"closes\":\"00:00\"}],\"email\":\"office@bolting.eu\",\"vatID\":\"ATU59999728\",\"priceRange\":\"$$\",\"currenciesAccepted\":\"Euro\"},{\"@type\":\"PostalAddress\",\"@id\":\"https:\/\/bolting.eu\/en\/shop\/boulderbags-mantle\/#local-main-place-address\",\"streetAddress\":\"Fischnalerstra\u00dfe 4\",\"addressLocality\":\"Innsbruck\",\"postalCode\":\"6020\",\"addressRegion\":\"Tirol\",\"addressCountry\":\"AT\"},{\"@type\":\"ImageObject\",\"inLanguage\":\"en-US\",\"@id\":\"https:\/\/bolting.eu\/en\/shop\/boulderbags-mantle\/#local-main-organization-logo\",\"url\":\"https:\/\/bolting.eu\/wp-content\/uploads\/2019\/09\/bolting-logo.png\",\"contentUrl\":\"https:\/\/bolting.eu\/wp-content\/uploads\/2019\/09\/bolting-logo.png\",\"width\":400,\"height\":211,\"caption\":\"bolting.eu\"}]}<\/script>\n<meta property=\"og:availability\" content=\"instock\" \/>\n<meta property=\"product:availability\" content=\"instock\" \/>\n<meta property=\"product:condition\" content=\"new\" \/>\n<meta name=\"geo.placename\" content=\"Innsbruck\" \/>\n<meta name=\"geo.position\" content=\"47.264176340396226;11.380109057672346\" \/>\n<meta name=\"geo.region\" content=\"Austria\" \/>\n<!-- \/ Yoast SEO Premium plugin. -->","yoast_head_json":{"title":"Boulderbags Mantle in div. Designs online kaufen | bolting.eu","description":"Hier findest Du die Boulderbags Mantle in vielen coolen Designs. Gro\u00dfe Boulder Chalkbags mit vielen Taschen f\u00fcr die Halle & Drau\u00dfen!","robots":{"index":"index","follow":"follow","max-snippet":"max-snippet:-1","max-image-preview":"max-image-preview:large","max-video-preview":"max-video-preview:-1"},"canonical":"https:\/\/bolting.eu\/en\/shop\/boulderbags-mantle\/","og_locale":"en_US","og_type":"article","og_title":"Boulderbags Mantle","og_description":"Hier findest Du die Boulderbags Mantle in vielen coolen Designs. Gro\u00dfe Boulder Chalkbags mit vielen Taschen f\u00fcr die Halle & Drau\u00dfen!","og_url":"https:\/\/bolting.eu\/en\/shop\/boulderbags-mantle\/","og_site_name":"bolting.eu","article_publisher":"https:\/\/www.facebook.com\/bolting.eu","article_modified_time":"2025-11-17T15:45:38+00:00","og_image":[{"width":700,"height":700,"url":"https:\/\/bolting.eu\/wp-content\/uploads\/2021\/03\/Boulderbag-Mantle-Girly-1.jpg","type":"image\/jpeg"}],"twitter_card":"summary_large_image","twitter_misc":{"Availability":"In stock"},"schema":{"@context":"https:\/\/schema.org","@graph":[{"@type":["WebPage","ItemPage"],"@id":"https:\/\/bolting.eu\/en\/shop\/boulderbags-mantle\/","url":"https:\/\/bolting.eu\/en\/shop\/boulderbags-mantle\/","name":"Boulderbags Mantle in div. Designs online kaufen | bolting.eu","isPartOf":{"@id":"https:\/\/bolting.eu\/en\/#website"},"primaryImageOfPage":{"@id":"https:\/\/bolting.eu\/en\/shop\/boulderbags-mantle\/#primaryimage"},"image":{"@id":"https:\/\/bolting.eu\/en\/shop\/boulderbags-mantle\/#primaryimage"},"thumbnailUrl":"https:\/\/bolting.eu\/wp-content\/uploads\/2021\/03\/Boulderbag-Mantle-Girly-1.jpg","datePublished":"2021-03-18T17:08:28+00:00","dateModified":"2025-11-17T15:45:38+00:00","description":"Hier findest Du die Boulderbags Mantle in vielen coolen Designs. Gro\u00dfe Boulder Chalkbags mit vielen Taschen f\u00fcr die Halle & Drau\u00dfen!","breadcrumb":{"@id":"https:\/\/bolting.eu\/en\/shop\/boulderbags-mantle\/#breadcrumb"},"inLanguage":"en-US","potentialAction":[{"@type":"ReadAction","target":["https:\/\/bolting.eu\/en\/shop\/boulderbags-mantle\/"]}]},{"@type":"ImageObject","inLanguage":"en-US","@id":"https:\/\/bolting.eu\/en\/shop\/boulderbags-mantle\/#primaryimage","url":"https:\/\/bolting.eu\/wp-content\/uploads\/2021\/03\/Boulderbag-Mantle-Girly-1.jpg","contentUrl":"https:\/\/bolting.eu\/wp-content\/uploads\/2021\/03\/Boulderbag-Mantle-Girly-1.jpg","width":700,"height":700,"caption":"Das Bild zeigt das pinke Modell der Boulderbags MAntle von der Seite. Man erkennt die Produktdetails sowie das schwarze Logo."},{"@type":"BreadcrumbList","@id":"https:\/\/bolting.eu\/en\/shop\/boulderbags-mantle\/#breadcrumb","itemListElement":[{"@type":"ListItem","position":1,"name":"Shop","item":"https:\/\/bolting.eu\/en\/shop\/"},{"@type":"ListItem","position":2,"name":"climbing equipment","item":"https:\/\/bolting.eu\/en\/produkt-kategorie\/climbing-equipment\/"},{"@type":"ListItem","position":3,"name":"Chalkbag","item":"https:\/\/bolting.eu\/produkt-kategorie\/kletterausruestung\/chalkbag\/"},{"@type":"ListItem","position":4,"name":"Chalkbag Bouldern","item":"https:\/\/bolting.eu\/produkt-kategorie\/kletterausruestung\/chalkbag\/chalkbag-bouldern\/"},{"@type":"ListItem","position":5,"name":"Boulderbags Mantle"}]},{"@type":"WebSite","@id":"https:\/\/bolting.eu\/en\/#website","url":"https:\/\/bolting.eu\/en\/","name":"bolting.eu","description":"we make climbs happen","publisher":{"@id":"https:\/\/bolting.eu\/en\/#organization"},"potentialAction":[{"@type":"SearchAction","target":{"@type":"EntryPoint","urlTemplate":"https:\/\/bolting.eu\/en\/?s={search_term_string}"},"query-input":{"@type":"PropertyValueSpecification","valueRequired":true,"valueName":"search_term_string"}}],"inLanguage":"en-US"},{"@type":["Organization","Place","SportingGoodsStore"],"@id":"https:\/\/bolting.eu\/en\/#organization","name":"bolting.eu","url":"https:\/\/bolting.eu\/en\/","logo":{"@id":"https:\/\/bolting.eu\/en\/shop\/boulderbags-mantle\/#local-main-organization-logo"},"image":{"@id":"https:\/\/bolting.eu\/en\/shop\/boulderbags-mantle\/#local-main-organization-logo"},"sameAs":["https:\/\/www.facebook.com\/bolting.eu","https:\/\/www.instagram.com\/bolting.eu\/"],"address":{"@id":"https:\/\/bolting.eu\/en\/shop\/boulderbags-mantle\/#local-main-place-address"},"geo":{"@type":"GeoCoordinates","latitude":"47.264176340396226","longitude":"11.380109057672346"},"telephone":["+43 699 19083372"],"openingHoursSpecification":[{"@type":"OpeningHoursSpecification","dayOfWeek":["Monday","Wednesday","Friday"],"opens":"14:00","closes":"18:00"},{"@type":"OpeningHoursSpecification","dayOfWeek":["Tuesday","Thursday","Saturday","Sunday"],"opens":"00:00","closes":"00:00"}],"email":"office@bolting.eu","vatID":"ATU59999728","priceRange":"$$","currenciesAccepted":"Euro"},{"@type":"PostalAddress","@id":"https:\/\/bolting.eu\/en\/shop\/boulderbags-mantle\/#local-main-place-address","streetAddress":"Fischnalerstra\u00dfe 4","addressLocality":"Innsbruck","postalCode":"6020","addressRegion":"Tirol","addressCountry":"AT"},{"@type":"ImageObject","inLanguage":"en-US","@id":"https:\/\/bolting.eu\/en\/shop\/boulderbags-mantle\/#local-main-organization-logo","url":"https:\/\/bolting.eu\/wp-content\/uploads\/2019\/09\/bolting-logo.png","contentUrl":"https:\/\/bolting.eu\/wp-content\/uploads\/2019\/09\/bolting-logo.png","width":400,"height":211,"caption":"bolting.eu"}]},"og_availability":"instock","product_availability":"instock","product_condition":"new","geo.placename":"Innsbruck","geo.position":{"lat":"47.264176340396226","long":"11.380109057672346"},"geo.region":"Austria"},"_links":{"self":[{"href":"https:\/\/bolting.eu\/en\/wp-json\/wp\/v2\/product\/8087","targetHints":{"allow":["GET"]}}],"collection":[{"href":"https:\/\/bolting.eu\/en\/wp-json\/wp\/v2\/product"}],"about":[{"href":"https:\/\/bolting.eu\/en\/wp-json\/wp\/v2\/types\/product"}],"replies":[{"embeddable":true,"href":"https:\/\/bolting.eu\/en\/wp-json\/wp\/v2\/comments?post=8087"}],"wp:featuredmedia":[{"embeddable":true,"href":"https:\/\/bolting.eu\/en\/wp-json\/wp\/v2\/media\/8092"}],"wp:attachment":[{"href":"https:\/\/bolting.eu\/en\/wp-json\/wp\/v2\/media?parent=8087"}],"wp:term":[{"taxonomy":"product_brand","embeddable":true,"href":"https:\/\/bolting.eu\/en\/wp-json\/wp\/v2\/product_brand?post=8087"},{"taxonomy":"product_cat","embeddable":true,"href":"https:\/\/bolting.eu\/en\/wp-json\/wp\/v2\/product_cat?post=8087"},{"taxonomy":"product_tag","embeddable":true,"href":"https:\/\/bolting.eu\/en\/wp-json\/wp\/v2\/product_tag?post=8087"}],"curies":[{"name":"wp","href":"https:\/\/api.w.org\/{rel}","templated":true}]}}