{"id":8081,"date":"2021-03-18T11:15:14","date_gmt":"2021-03-18T10:15:14","guid":{"rendered":"https:\/\/bolting.eu\/?post_type=product&#038;p=8081"},"modified":"2026-04-19T16:32:55","modified_gmt":"2026-04-19T14:32:55","slug":"kletter-handcreme-mantle","status":"publish","type":"product","link":"https:\/\/bolting.eu\/en\/shop\/kletter-handcreme-mantle\/","title":{"rendered":"Kletter Handcreme Mantle"},"content":{"rendered":"<p>Die Kletter Handcreme Mantle ist speziell f\u00fcr Kletterer entwickelt worden. Denn sie enth\u00e4lt spezielle Inhaltsstoffe, welche die Hautbildung f\u00f6rdern bzw. den nat\u00fcrlichen ph-Wert wieder herstellen.<\/p>\n<p>Kennt ihr das Problem? Ihr klettert viel und die Haut auf den fingern oder Handfl\u00e4chen macht nicht richtig mit? Dann seid ihr hier genau richtig!<\/p>\n<p>Denn Mantle Kletter Handcreme unterst\u00fctzt euch ideal beim &#8220;Hautmanagement&#8221;. Deshalb ist diese Klettercreme auch ein essentielles <a href=\"https:\/\/bolting.eu\/produkt-kategorie\/boulder-ausruestung\/boulder-zubehoer\/\">Boulder Zubeh\u00f6r<\/a> bzw. <a href=\"https:\/\/bolting.eu\/produkt-kategorie\/kletterausruestung\/kletterzubehoer\/\">Kletterzubeh\u00f6r<\/a> das in keiner Ausr\u00fcstung fehlen sollte!<\/p>\n<h2>Eigenschaften Kletter Handcreme Mantle<\/h2>\n<ul>\n<li>Inhalt: 10ml oder 50ml<\/li>\n<li>entspannt die Haut<\/li>\n<li>stellt nat\u00fcrlichen ph-Wert wieder her<\/li>\n<li>hochwertige pflanzliche \u00d6le und Fette<\/li>\n<li>Anwendung nach dem Klettern<\/li>\n<li>auch in Unterarme einmassieren<\/li>\n<li>duftet frisch nach Zirben\u00f6l<\/li>\n<\/ul>\n<h3>Haut was!?!<\/h3>\n<p>Wer viel klettert braucht wahrscheinlich auch ein gewisses Ma\u00df an Hautmanagement. Ja genau. H A U T M A N A G E M E N T!<\/p>\n<p>Was so furchtbar als Wort kling, ist in der Praxis jedoch kein gro\u00dfer Deal. Denn dabei geht es einfach darum sich um die stark beanspruchte Haut zu k\u00fcmmern. Service f\u00fcr die H\u00e4nde quasi!<\/p>\n<p>Dabei kommt der Kletter Handcreme eine wichtige Bedeutung zu.<\/p>\n<h4><strong>Was passiert mit unserer Haut beim Klettern?<\/strong><\/h4>\n<figure id=\"attachment_2868\" aria-describedby=\"caption-attachment-2868\" style=\"width: 400px\" class=\"wp-caption alignleft\"><a href=\"https:\/\/bolting.eu\/wp-content\/uploads\/2020\/03\/Klettern-Chalk-Haut-eingeweicht.jpg\"><img loading=\"lazy\" decoding=\"async\" class=\"wp-image-2868\" src=\"https:\/\/bolting.eu\/wp-content\/uploads\/2020\/03\/Klettern-Chalk-Haut-eingeweicht-600x400.jpg\" alt=\"Das Bild zeigt die aufgedunsenen Finger eines Kletterers nach einem hei\u00dfem Bad. Man sieht dass hier eine Klettercreme wichtig w\u00e4re.\" width=\"400\" height=\"267\" srcset=\"https:\/\/bolting.eu\/wp-content\/uploads\/2020\/03\/Klettern-Chalk-Haut-eingeweicht-600x400.jpg 600w, https:\/\/bolting.eu\/wp-content\/uploads\/2020\/03\/Klettern-Chalk-Haut-eingeweicht-510x340.jpg 510w, https:\/\/bolting.eu\/wp-content\/uploads\/2020\/03\/Klettern-Chalk-Haut-eingeweicht-768x512.jpg 768w, https:\/\/bolting.eu\/wp-content\/uploads\/2020\/03\/Klettern-Chalk-Haut-eingeweicht.jpg 800w\" sizes=\"auto, (max-width: 400px) 100vw, 400px\" \/><\/a><figcaption id=\"caption-attachment-2868\" class=\"wp-caption-text\">H\u00f6chste Zeit f\u00fcr die Pflege mit einer Kletter Hautcreme. Die Finger nach einem Bad in einer Hot Spring nach 10 Tage Bouldern in den Buttermilks.<\/figcaption><\/figure>\n<p>Beim Klettern passieren zwei Sachen. Ersten trocknet Chalk die Haut aus und ver\u00e4ndert ihren nat\u00fcrlichen ph-Wert. Zweitens wird Haut abgesch\u00fcrft bzw. an Druckstellen Haut gebildet. D.h. man hat klassischer Weise an den Fingerkuppen zu wenig und an den Hand Innenfl\u00e4chen (Henkel in der Halle) zu viel Haut = Schwielen.<\/p>\n<p>Folglich braucht man einerseits Unterst\u00fctzung bei der Hautbildung mit einer Kletter Handcreme. Und andererseits eine <a href=\"https:\/\/bolting.eu\/shop\/kletterer-hautfeile-climbskin\/\">Kletterer Hautfeile<\/a> um sie ab zu feilen.<\/p>\n<h4><strong>Was tut die Kletter Hautcreme?<\/strong><\/h4>\n<p>Eine Klettercreme hilft euch bei diesen drei Phasen des Hautmanagements. Wichtig dabei ist, dass ihr rausfindet welche Creme euch gut tut. D.h. ihr m\u00fcsst scheun welches Produkt euch wirklich hilft. Denn jede Haut ist anders (ph-Wert, Reaktion auf Inhaltsstoffe, usw.).<\/p>\n<p>Erstens vor dem Klettern. Sie entspannt die Haut und sorgt daf\u00fcr dass sie nicht so leicht einrei\u00dft. Wie z.B. an den R\u00e4ndern von abgekletterten Fingerkuppen.<\/p>\n<p>Zweitens sorgt sie nach dem Klettern f\u00fcr den Ausgleich hin zum nat\u00fcrlichen ph-Wert der Haut.<\/p>\n<p>Und drittens hilft sie durch das Einmassieren das Gewebe wieder ordentlich zu durchbluten. Inhaltsstoffe unterst\u00fctzen zudem den Stoffwechsel des darunter liegenden Gewebes bzw. die Hautbildung.<\/p>\n<p>Kurzum. Eure Haut ist sprichw\u00f6rtlich &#8220;entspannter&#8221;, besser regeneriert und eure kleinen Handmuskeln sch\u00f6n durchblutet.<\/p>\n<h3>Kletter Handcreme richtig einmassieren<\/h3>\n<p>Wir empfehlen euch die Klettercreme wie folgt ein zu massieren.<\/p>\n<p>Erstens solltet ihr euch die H\u00e4nde mit lauwarmen Wasser gut abwaschen. Das entfernt ggf. restliches <a href=\"https:\/\/bolting.eu\/produkt-kategorie\/kletterausruestung\/chalk-klettern\/\">Kletterchalk\u00a0<\/a>und Schmutz.<\/p>\n<p>Zweitens solltet ihr dann die H\u00e4nde leicht durch massieren um das Gewebe ordentlich zu durchbluten. Drittens sollte erst jetzt die Handcreme aufgetragen und langsam und durch st\u00e4ndiges Kreisen einmassiert werden.<\/p>\n<h3>Alternative Produkte<\/h3>\n<p>Jede Haut ist anders! Deswegen m\u00fcsst ihr bei eurer Kletter Handcreme etwas herum probieren um das passende Produkt zu finden.<\/p>\n<p>Denn eure Haut kann auf z.B. einen Balsam auf Bienenwachs-Basis ganz anders reagieren als auf diese Creme hier.<\/p>\n<p>In unserem Shop findet ihr diese Alternativen:<\/p>\n<p><a href=\"https:\/\/bolting.eu\/shop\/climbers-hand-repair-balm\/\">Metolius Climbers Hand Repair Balm<\/a>: 100% nat\u00fcrlich, auf Basis von Bienenwachs, entz\u00fcndungshemmend, in Aludose geliefert, speziell f\u00fcr nach dem Klettern;<\/p>\n<p><a href=\"https:\/\/bolting.eu\/shop\/climbskin-handcreme\/\">Climbskin Handcreme<\/a>: 100% vegan, f\u00fcr vor und nach dem Klettern, in Plastikdose geliefert, nicht fettend;<\/p>\n","protected":false},"excerpt":{"rendered":"<p>High End Handbalsam f\u00fcr die Verwendung nach dem Klettern. Stellt den nat\u00fcrlichen ph-Wert der Haut wieder her und f\u00f6rdert die Hautbildung. Duftet nach Zirben\u00f6l.<\/p>\n<p>Auf der Basis hochwertiger pflanzlicher \u00d6le und Fette.<\/p>\n<p>Versandkostenfrei bis 2kg in\u00a0<img decoding=\"async\" class=\"emoji\" role=\"img\" draggable=\"false\" src=\"https:\/\/s.w.org\/images\/core\/emoji\/13.1.0\/svg\/1f1e6-1f1f9.svg\" alt=\"\ud83c\udde6\ud83c\uddf9\" \/>\u00a0ab \u20ac 100,- und\u00a0<img decoding=\"async\" class=\"emoji\" role=\"img\" draggable=\"false\" src=\"https:\/\/s.w.org\/images\/core\/emoji\/13.1.0\/svg\/1f1e9-1f1ea.svg\" alt=\"\ud83c\udde9\ud83c\uddea\" \/>\u00a0ab \u20ac 200,-!<\/p>\n","protected":false},"featured_media":14651,"comment_status":"open","ping_status":"closed","template":"","meta":[],"product_brand":[],"product_cat":[5284,6357,29,5061],"product_tag":[],"class_list":{"0":"post-8081","1":"product","2":"type-product","3":"status-publish","4":"has-post-thumbnail","6":"product_cat-boulder-ausruestung","7":"product_cat-boulder-zubehoer","8":"product_cat-kletterausruestung","9":"product_cat-kletterzubehoer","11":"first","12":"instock","13":"taxable","14":"shipping-taxable","15":"purchasable","16":"product-type-variable"},"yoast_head":"<!-- This site is optimized with the Yoast SEO Premium plugin v26.9 (Yoast SEO v26.9) - https:\/\/yoast.com\/product\/yoast-seo-premium-wordpress\/ -->\n<title>Kletter Handcreme Mantle - g\u00fcnstig online kaufen | bolting.eu<\/title>\n<meta name=\"description\" content=\"KLETTER HANDCREME MANTLE beim Kletterprofi kaufen \u2705 kostenloser Versand* \u2705 14 Tage R\u00fcckgaberecht \u2705 Co2 neutraler Versand\" \/>\n<meta name=\"robots\" content=\"index, follow, max-snippet:-1, max-image-preview:large, max-video-preview:-1\" \/>\n<link rel=\"canonical\" href=\"https:\/\/bolting.eu\/en\/shop\/kletter-handcreme-mantle\/\" \/>\n<meta property=\"og:locale\" content=\"en_US\" \/>\n<meta property=\"og:type\" content=\"article\" \/>\n<meta property=\"og:title\" content=\"Kletter Handcreme Mantle\" \/>\n<meta property=\"og:description\" content=\"KLETTER HANDCREME MANTLE beim Kletterprofi kaufen \u2705 kostenloser Versand* \u2705 14 Tage R\u00fcckgaberecht \u2705 Co2 neutraler Versand\" \/>\n<meta property=\"og:url\" content=\"https:\/\/bolting.eu\/en\/shop\/kletter-handcreme-mantle\/\" \/>\n<meta property=\"og:site_name\" content=\"bolting.eu\" \/>\n<meta property=\"article:publisher\" content=\"https:\/\/www.facebook.com\/bolting.eu\" \/>\n<meta property=\"article:modified_time\" content=\"2026-04-19T14:32:55+00:00\" \/>\n<meta property=\"og:image\" content=\"https:\/\/bolting.eu\/wp-content\/uploads\/2021\/03\/MAntle-Kletter-HAndcreme-1.jpg\" \/>\n\t<meta property=\"og:image:width\" content=\"700\" \/>\n\t<meta property=\"og:image:height\" content=\"700\" \/>\n\t<meta property=\"og:image:type\" content=\"image\/jpeg\" \/>\n<meta name=\"twitter:card\" content=\"summary_large_image\" \/>\n<meta name=\"twitter:label1\" content=\"Availability\" \/>\n\t<meta name=\"twitter:data1\" content=\"In stock\" \/>\n<script type=\"application\/ld+json\" class=\"yoast-schema-graph\">{\"@context\":\"https:\/\/schema.org\",\"@graph\":[{\"@type\":[\"WebPage\",\"ItemPage\"],\"@id\":\"https:\/\/bolting.eu\/en\/shop\/kletter-handcreme-mantle\/\",\"url\":\"https:\/\/bolting.eu\/en\/shop\/kletter-handcreme-mantle\/\",\"name\":\"Kletter Handcreme Mantle - g\u00fcnstig online kaufen | bolting.eu\",\"isPartOf\":{\"@id\":\"https:\/\/bolting.eu\/en\/#website\"},\"primaryImageOfPage\":{\"@id\":\"https:\/\/bolting.eu\/en\/shop\/kletter-handcreme-mantle\/#primaryimage\"},\"image\":{\"@id\":\"https:\/\/bolting.eu\/en\/shop\/kletter-handcreme-mantle\/#primaryimage\"},\"thumbnailUrl\":\"https:\/\/bolting.eu\/wp-content\/uploads\/2021\/03\/MAntle-Kletter-HAndcreme-1.jpg\",\"datePublished\":\"2021-03-18T10:15:14+00:00\",\"dateModified\":\"2026-04-19T14:32:55+00:00\",\"description\":\"KLETTER HANDCREME MANTLE beim Kletterprofi kaufen \u2705 kostenloser Versand* \u2705 14 Tage R\u00fcckgaberecht \u2705 Co2 neutraler Versand\",\"breadcrumb\":{\"@id\":\"https:\/\/bolting.eu\/en\/shop\/kletter-handcreme-mantle\/#breadcrumb\"},\"inLanguage\":\"en-US\",\"potentialAction\":[{\"@type\":\"ReadAction\",\"target\":[\"https:\/\/bolting.eu\/en\/shop\/kletter-handcreme-mantle\/\"]}]},{\"@type\":\"ImageObject\",\"inLanguage\":\"en-US\",\"@id\":\"https:\/\/bolting.eu\/en\/shop\/kletter-handcreme-mantle\/#primaryimage\",\"url\":\"https:\/\/bolting.eu\/wp-content\/uploads\/2021\/03\/MAntle-Kletter-HAndcreme-1.jpg\",\"contentUrl\":\"https:\/\/bolting.eu\/wp-content\/uploads\/2021\/03\/MAntle-Kletter-HAndcreme-1.jpg\",\"width\":700,\"height\":700,\"caption\":\"Mantle Kletter Handcreme in gr\u00fcn wei\u00dfer Tube.\"},{\"@type\":\"BreadcrumbList\",\"@id\":\"https:\/\/bolting.eu\/en\/shop\/kletter-handcreme-mantle\/#breadcrumb\",\"itemListElement\":[{\"@type\":\"ListItem\",\"position\":1,\"name\":\"Shop\",\"item\":\"https:\/\/bolting.eu\/en\/shop\/\"},{\"@type\":\"ListItem\",\"position\":2,\"name\":\"Boulder Ausr\u00fcstung\",\"item\":\"https:\/\/bolting.eu\/produkt-kategorie\/boulder-ausruestung\/\"},{\"@type\":\"ListItem\",\"position\":3,\"name\":\"Boulder accessories\",\"item\":\"https:\/\/bolting.eu\/en\/produkt-kategorie\/boulder-accessories\/\"},{\"@type\":\"ListItem\",\"position\":4,\"name\":\"Kletter Handcreme Mantle\"}]},{\"@type\":\"WebSite\",\"@id\":\"https:\/\/bolting.eu\/en\/#website\",\"url\":\"https:\/\/bolting.eu\/en\/\",\"name\":\"bolting.eu\",\"description\":\"we make climbs happen\",\"publisher\":{\"@id\":\"https:\/\/bolting.eu\/en\/#organization\"},\"potentialAction\":[{\"@type\":\"SearchAction\",\"target\":{\"@type\":\"EntryPoint\",\"urlTemplate\":\"https:\/\/bolting.eu\/en\/?s={search_term_string}\"},\"query-input\":{\"@type\":\"PropertyValueSpecification\",\"valueRequired\":true,\"valueName\":\"search_term_string\"}}],\"inLanguage\":\"en-US\"},{\"@type\":[\"Organization\",\"Place\",\"SportingGoodsStore\"],\"@id\":\"https:\/\/bolting.eu\/en\/#organization\",\"name\":\"bolting.eu\",\"url\":\"https:\/\/bolting.eu\/en\/\",\"logo\":{\"@id\":\"https:\/\/bolting.eu\/en\/shop\/kletter-handcreme-mantle\/#local-main-organization-logo\"},\"image\":{\"@id\":\"https:\/\/bolting.eu\/en\/shop\/kletter-handcreme-mantle\/#local-main-organization-logo\"},\"sameAs\":[\"https:\/\/www.facebook.com\/bolting.eu\",\"https:\/\/www.instagram.com\/bolting.eu\/\"],\"address\":{\"@id\":\"https:\/\/bolting.eu\/en\/shop\/kletter-handcreme-mantle\/#local-main-place-address\"},\"geo\":{\"@type\":\"GeoCoordinates\",\"latitude\":\"47.264176340396226\",\"longitude\":\"11.380109057672346\"},\"telephone\":[\"+43 699 19083372\"],\"openingHoursSpecification\":[{\"@type\":\"OpeningHoursSpecification\",\"dayOfWeek\":[\"Monday\",\"Wednesday\",\"Friday\"],\"opens\":\"14:00\",\"closes\":\"18:00\"},{\"@type\":\"OpeningHoursSpecification\",\"dayOfWeek\":[\"Tuesday\",\"Thursday\",\"Saturday\",\"Sunday\"],\"opens\":\"00:00\",\"closes\":\"00:00\"}],\"email\":\"office@bolting.eu\",\"vatID\":\"ATU59999728\",\"priceRange\":\"$$\",\"currenciesAccepted\":\"Euro\"},{\"@type\":\"PostalAddress\",\"@id\":\"https:\/\/bolting.eu\/en\/shop\/kletter-handcreme-mantle\/#local-main-place-address\",\"streetAddress\":\"Fischnalerstra\u00dfe 4\",\"addressLocality\":\"Innsbruck\",\"postalCode\":\"6020\",\"addressRegion\":\"Tirol\",\"addressCountry\":\"AT\"},{\"@type\":\"ImageObject\",\"inLanguage\":\"en-US\",\"@id\":\"https:\/\/bolting.eu\/en\/shop\/kletter-handcreme-mantle\/#local-main-organization-logo\",\"url\":\"https:\/\/bolting.eu\/wp-content\/uploads\/2019\/09\/bolting-logo.png\",\"contentUrl\":\"https:\/\/bolting.eu\/wp-content\/uploads\/2019\/09\/bolting-logo.png\",\"width\":400,\"height\":211,\"caption\":\"bolting.eu\"}]}<\/script>\n<meta property=\"og:availability\" content=\"instock\" \/>\n<meta property=\"product:availability\" content=\"instock\" \/>\n<meta property=\"product:condition\" content=\"new\" \/>\n<meta name=\"geo.placename\" content=\"Innsbruck\" \/>\n<meta name=\"geo.position\" content=\"47.264176340396226;11.380109057672346\" \/>\n<meta name=\"geo.region\" content=\"Austria\" \/>\n<!-- \/ Yoast SEO Premium plugin. -->","yoast_head_json":{"title":"Kletter Handcreme Mantle - g\u00fcnstig online kaufen | bolting.eu","description":"KLETTER HANDCREME MANTLE beim Kletterprofi kaufen \u2705 kostenloser Versand* \u2705 14 Tage R\u00fcckgaberecht \u2705 Co2 neutraler Versand","robots":{"index":"index","follow":"follow","max-snippet":"max-snippet:-1","max-image-preview":"max-image-preview:large","max-video-preview":"max-video-preview:-1"},"canonical":"https:\/\/bolting.eu\/en\/shop\/kletter-handcreme-mantle\/","og_locale":"en_US","og_type":"article","og_title":"Kletter Handcreme Mantle","og_description":"KLETTER HANDCREME MANTLE beim Kletterprofi kaufen \u2705 kostenloser Versand* \u2705 14 Tage R\u00fcckgaberecht \u2705 Co2 neutraler Versand","og_url":"https:\/\/bolting.eu\/en\/shop\/kletter-handcreme-mantle\/","og_site_name":"bolting.eu","article_publisher":"https:\/\/www.facebook.com\/bolting.eu","article_modified_time":"2026-04-19T14:32:55+00:00","og_image":[{"width":700,"height":700,"url":"https:\/\/bolting.eu\/wp-content\/uploads\/2021\/03\/MAntle-Kletter-HAndcreme-1.jpg","type":"image\/jpeg"}],"twitter_card":"summary_large_image","twitter_misc":{"Availability":"In stock"},"schema":{"@context":"https:\/\/schema.org","@graph":[{"@type":["WebPage","ItemPage"],"@id":"https:\/\/bolting.eu\/en\/shop\/kletter-handcreme-mantle\/","url":"https:\/\/bolting.eu\/en\/shop\/kletter-handcreme-mantle\/","name":"Kletter Handcreme Mantle - g\u00fcnstig online kaufen | bolting.eu","isPartOf":{"@id":"https:\/\/bolting.eu\/en\/#website"},"primaryImageOfPage":{"@id":"https:\/\/bolting.eu\/en\/shop\/kletter-handcreme-mantle\/#primaryimage"},"image":{"@id":"https:\/\/bolting.eu\/en\/shop\/kletter-handcreme-mantle\/#primaryimage"},"thumbnailUrl":"https:\/\/bolting.eu\/wp-content\/uploads\/2021\/03\/MAntle-Kletter-HAndcreme-1.jpg","datePublished":"2021-03-18T10:15:14+00:00","dateModified":"2026-04-19T14:32:55+00:00","description":"KLETTER HANDCREME MANTLE beim Kletterprofi kaufen \u2705 kostenloser Versand* \u2705 14 Tage R\u00fcckgaberecht \u2705 Co2 neutraler Versand","breadcrumb":{"@id":"https:\/\/bolting.eu\/en\/shop\/kletter-handcreme-mantle\/#breadcrumb"},"inLanguage":"en-US","potentialAction":[{"@type":"ReadAction","target":["https:\/\/bolting.eu\/en\/shop\/kletter-handcreme-mantle\/"]}]},{"@type":"ImageObject","inLanguage":"en-US","@id":"https:\/\/bolting.eu\/en\/shop\/kletter-handcreme-mantle\/#primaryimage","url":"https:\/\/bolting.eu\/wp-content\/uploads\/2021\/03\/MAntle-Kletter-HAndcreme-1.jpg","contentUrl":"https:\/\/bolting.eu\/wp-content\/uploads\/2021\/03\/MAntle-Kletter-HAndcreme-1.jpg","width":700,"height":700,"caption":"Mantle Kletter Handcreme in gr\u00fcn wei\u00dfer Tube."},{"@type":"BreadcrumbList","@id":"https:\/\/bolting.eu\/en\/shop\/kletter-handcreme-mantle\/#breadcrumb","itemListElement":[{"@type":"ListItem","position":1,"name":"Shop","item":"https:\/\/bolting.eu\/en\/shop\/"},{"@type":"ListItem","position":2,"name":"Boulder Ausr\u00fcstung","item":"https:\/\/bolting.eu\/produkt-kategorie\/boulder-ausruestung\/"},{"@type":"ListItem","position":3,"name":"Boulder accessories","item":"https:\/\/bolting.eu\/en\/produkt-kategorie\/boulder-accessories\/"},{"@type":"ListItem","position":4,"name":"Kletter Handcreme Mantle"}]},{"@type":"WebSite","@id":"https:\/\/bolting.eu\/en\/#website","url":"https:\/\/bolting.eu\/en\/","name":"bolting.eu","description":"we make climbs happen","publisher":{"@id":"https:\/\/bolting.eu\/en\/#organization"},"potentialAction":[{"@type":"SearchAction","target":{"@type":"EntryPoint","urlTemplate":"https:\/\/bolting.eu\/en\/?s={search_term_string}"},"query-input":{"@type":"PropertyValueSpecification","valueRequired":true,"valueName":"search_term_string"}}],"inLanguage":"en-US"},{"@type":["Organization","Place","SportingGoodsStore"],"@id":"https:\/\/bolting.eu\/en\/#organization","name":"bolting.eu","url":"https:\/\/bolting.eu\/en\/","logo":{"@id":"https:\/\/bolting.eu\/en\/shop\/kletter-handcreme-mantle\/#local-main-organization-logo"},"image":{"@id":"https:\/\/bolting.eu\/en\/shop\/kletter-handcreme-mantle\/#local-main-organization-logo"},"sameAs":["https:\/\/www.facebook.com\/bolting.eu","https:\/\/www.instagram.com\/bolting.eu\/"],"address":{"@id":"https:\/\/bolting.eu\/en\/shop\/kletter-handcreme-mantle\/#local-main-place-address"},"geo":{"@type":"GeoCoordinates","latitude":"47.264176340396226","longitude":"11.380109057672346"},"telephone":["+43 699 19083372"],"openingHoursSpecification":[{"@type":"OpeningHoursSpecification","dayOfWeek":["Monday","Wednesday","Friday"],"opens":"14:00","closes":"18:00"},{"@type":"OpeningHoursSpecification","dayOfWeek":["Tuesday","Thursday","Saturday","Sunday"],"opens":"00:00","closes":"00:00"}],"email":"office@bolting.eu","vatID":"ATU59999728","priceRange":"$$","currenciesAccepted":"Euro"},{"@type":"PostalAddress","@id":"https:\/\/bolting.eu\/en\/shop\/kletter-handcreme-mantle\/#local-main-place-address","streetAddress":"Fischnalerstra\u00dfe 4","addressLocality":"Innsbruck","postalCode":"6020","addressRegion":"Tirol","addressCountry":"AT"},{"@type":"ImageObject","inLanguage":"en-US","@id":"https:\/\/bolting.eu\/en\/shop\/kletter-handcreme-mantle\/#local-main-organization-logo","url":"https:\/\/bolting.eu\/wp-content\/uploads\/2019\/09\/bolting-logo.png","contentUrl":"https:\/\/bolting.eu\/wp-content\/uploads\/2019\/09\/bolting-logo.png","width":400,"height":211,"caption":"bolting.eu"}]},"og_availability":"instock","product_availability":"instock","product_condition":"new","geo.placename":"Innsbruck","geo.position":{"lat":"47.264176340396226","long":"11.380109057672346"},"geo.region":"Austria"},"_links":{"self":[{"href":"https:\/\/bolting.eu\/en\/wp-json\/wp\/v2\/product\/8081","targetHints":{"allow":["GET"]}}],"collection":[{"href":"https:\/\/bolting.eu\/en\/wp-json\/wp\/v2\/product"}],"about":[{"href":"https:\/\/bolting.eu\/en\/wp-json\/wp\/v2\/types\/product"}],"replies":[{"embeddable":true,"href":"https:\/\/bolting.eu\/en\/wp-json\/wp\/v2\/comments?post=8081"}],"wp:featuredmedia":[{"embeddable":true,"href":"https:\/\/bolting.eu\/en\/wp-json\/wp\/v2\/media\/14651"}],"wp:attachment":[{"href":"https:\/\/bolting.eu\/en\/wp-json\/wp\/v2\/media?parent=8081"}],"wp:term":[{"taxonomy":"product_brand","embeddable":true,"href":"https:\/\/bolting.eu\/en\/wp-json\/wp\/v2\/product_brand?post=8081"},{"taxonomy":"product_cat","embeddable":true,"href":"https:\/\/bolting.eu\/en\/wp-json\/wp\/v2\/product_cat?post=8081"},{"taxonomy":"product_tag","embeddable":true,"href":"https:\/\/bolting.eu\/en\/wp-json\/wp\/v2\/product_tag?post=8081"}],"curies":[{"name":"wp","href":"https:\/\/api.w.org\/{rel}","templated":true}]}}