{"id":8075,"date":"2021-03-17T18:13:36","date_gmt":"2021-03-17T17:13:36","guid":{"rendered":"https:\/\/bolting.eu\/?post_type=product&#038;p=8075"},"modified":"2021-03-18T18:10:14","modified_gmt":"2021-03-18T17:10:14","slug":"mantle-boulder-bag-schwarz","status":"publish","type":"product","link":"https:\/\/bolting.eu\/en\/shop\/mantle-boulder-bag-schwarz\/","title":{"rendered":"Mantle Boulder Bag schwarz"},"content":{"rendered":"<p>Der Mantle Boulder Bag schwarz ist ein gro\u00dfes, und rundes Chalkbag zum Bouldern. Was diesen Beutel auszeichnet sind unserer Meinung nach diese drei Features.<\/p>\n<p>Erstens hat er eine sch\u00f6ne runde Form und darin hat ordentlich <a href=\"https:\/\/bolting.eu\/produkt-kategorie\/kletterausruestung\/chalk-klettern\/\">Chalk<\/a> Platz. Zweitens ist das Design simpel gehalten was dem Bag eine sch\u00f6ne Eleganz gibt. Er ist perfekt wenn man ein schlichtes \u00c4u\u00dferes bei seiner <a href=\"https:\/\/bolting.eu\/boulderausruestung\/\">Boulderausr\u00fcstung<\/a> bevorzugt.<\/p>\n<p>Und drittens ist sowohl die Standfl\u00e4che als auch die \u00d6fnnung ordentlich gro\u00df. Folglich steht der <a href=\"https:\/\/www.mantle-climbing.de\">Mantle<\/a> Boulder Bag immer sehr stabil. Und man kann auch mit beiden H\u00e4nden kr\u00e4ftig nachchalken.<\/p>\n<h2>Eigenschaften Mantle Boulder Bag schwarz<\/h2>\n<ul>\n<li>Hersteller: Mantle Climbing<\/li>\n<li>Material: Polyamid<\/li>\n<li>Gewicht: 160 Gramm<\/li>\n<li>\u00d6ffnung: 13cm<\/li>\n<li>Standfl\u00e4che: 18cm<\/li>\n<li>H\u00f6he: 20 cm<\/li>\n<li>Kordelzug Verschluss<\/li>\n<li>Schlaufe f\u00fcr <a href=\"https:\/\/bolting.eu\/produkt-kategorie\/boulder-ausruestung\/boulderbuersten\/\">Boulderb\u00fcrste<\/a><\/li>\n<li>verst\u00e4rkter Rand f\u00fcr besseren Zugriff<\/li>\n<li>Microfleece f\u00fcr angenehmes Nachchalken<\/li>\n<\/ul>\n<h3>Ordentliche Standfl\u00e4che &#8211; ordentliche \u00d6ffnung<\/h3>\n<p>Wir finden die Dimensionen des Mantle Boulder Bag schwarz sehr gelungen! Denn dieser Boulder Magnesiumbeutel hat zum einen einen Durchmesser von 18cm am Boden. Und zum anderen einen Radius von 13cm an der \u00d6ffnung.<\/p>\n<p>D.h. dieser Bag steht super stabil. Denn dauerndes Umfallen nervt! Und man kann auch gut mit beiden H\u00e4nden gleichzeitig nachchalken. Im Gesamten wirkt dieser Bag dabei aber nie klotzig oder sperrig.<\/p>\n<p>Ein klarer Vorteil, wenn es darum geht den Magnesiumbeutel dann zu verstauen. Ob zwischen die Bouldermatte geklemmt oder in der Bouldertasche verstaut. Dieser Beutel\u00a0findet \u00fcberall Platz!<\/p>\n<h3>Mantle Boulder Bag schwarz = klasse Einsteigermodell<\/h3>\n<p>Wer ein Bag zu einem guten Preis sucht, der ist hier genau richtig! D.h. alle die auf ihre hart verdienten Euros Acht geben wollen, finden hier ein wirklich preiswertes Modell.<\/p>\n","protected":false},"excerpt":{"rendered":"<ul>\n<li>Hersteller: Mantle Climbing<\/li>\n<li>Material: Polyamid<\/li>\n<li>Gewicht: 160 Gramm<\/li>\n<li>\u00d6ffnung: 13cm<\/li>\n<li>Standfl\u00e4che: 18cm<\/li>\n<li>H\u00f6he: 20 cm<\/li>\n<li>Kordelzug Verschluss<\/li>\n<li>Schlaufe f\u00fcr <a href=\"https:\/\/bolting.eu\/produkt-kategorie\/boulder-ausruestung\/boulderbuersten\/\">Boulderb\u00fcrste<\/a><\/li>\n<li>verst\u00e4rkter Rand f\u00fcr besseren Zugriff<\/li>\n<li>Microfleece f\u00fcr angenehmes Nachchalken<\/li>\n<\/ul>\n","protected":false},"featured_media":8077,"comment_status":"open","ping_status":"closed","template":"","meta":[],"product_brand":[],"product_cat":[5006,5284,5692,15030],"product_tag":[],"class_list":{"0":"post-8075","1":"product","2":"type-product","3":"status-publish","4":"has-post-thumbnail","6":"product_cat-chalkbag","7":"product_cat-boulder-ausruestung","8":"product_cat-chalkbag-bouldern","9":"product_cat-climbing-equipment","11":"first","12":"instock","13":"taxable","14":"shipping-taxable","15":"purchasable","16":"product-type-simple"},"yoast_head":"<!-- This site is optimized with the Yoast SEO Premium plugin v26.9 (Yoast SEO v26.9) - https:\/\/yoast.com\/product\/yoast-seo-premium-wordpress\/ -->\n<title>Mantle Boulder Bag schwarz - g\u00fcnstig online kaufen | bolting.eu<\/title>\n<meta name=\"description\" content=\"Hier findest Du das MANTLE BOULDER BAG schwarz. Ein runder, schlichtes Boulder Magnesiumbeutel f\u00fcr die Halle und Drau\u00dfen zum Top Preis.\" \/>\n<meta name=\"robots\" content=\"index, follow, max-snippet:-1, max-image-preview:large, max-video-preview:-1\" \/>\n<link rel=\"canonical\" href=\"https:\/\/bolting.eu\/en\/shop\/mantle-boulder-bag-schwarz\/\" \/>\n<meta property=\"og:locale\" content=\"en_US\" \/>\n<meta property=\"og:type\" content=\"article\" \/>\n<meta property=\"og:title\" content=\"Mantle Boulder Bag schwarz\" \/>\n<meta property=\"og:description\" content=\"Hier findest Du das MANTLE BOULDER BAG schwarz. Ein runder, schlichtes Boulder Magnesiumbeutel f\u00fcr die Halle und Drau\u00dfen zum Top Preis.\" \/>\n<meta property=\"og:url\" content=\"https:\/\/bolting.eu\/en\/shop\/mantle-boulder-bag-schwarz\/\" \/>\n<meta property=\"og:site_name\" content=\"bolting.eu\" \/>\n<meta property=\"article:publisher\" content=\"https:\/\/www.facebook.com\/bolting.eu\" \/>\n<meta property=\"article:modified_time\" content=\"2021-03-18T17:10:14+00:00\" \/>\n<meta property=\"og:image\" content=\"https:\/\/bolting.eu\/wp-content\/uploads\/2021\/03\/Mantle-Boulder-Bag-schwarz-1.jpg\" \/>\n\t<meta property=\"og:image:width\" content=\"700\" \/>\n\t<meta property=\"og:image:height\" content=\"700\" \/>\n\t<meta property=\"og:image:type\" content=\"image\/jpeg\" \/>\n<meta name=\"twitter:card\" content=\"summary_large_image\" \/>\n<meta name=\"twitter:label1\" content=\"Price\" \/>\n\t<meta name=\"twitter:data1\" content=\"&euro;&nbsp;24,90\" \/>\n\t<meta name=\"twitter:label2\" content=\"Availability\" \/>\n\t<meta name=\"twitter:data2\" content=\"In stock\" \/>\n<script type=\"application\/ld+json\" class=\"yoast-schema-graph\">{\"@context\":\"https:\/\/schema.org\",\"@graph\":[{\"@type\":[\"WebPage\",\"ItemPage\"],\"@id\":\"https:\/\/bolting.eu\/en\/shop\/mantle-boulder-bag-schwarz\/\",\"url\":\"https:\/\/bolting.eu\/en\/shop\/mantle-boulder-bag-schwarz\/\",\"name\":\"Mantle Boulder Bag schwarz - g\u00fcnstig online kaufen | bolting.eu\",\"isPartOf\":{\"@id\":\"https:\/\/bolting.eu\/en\/#website\"},\"primaryImageOfPage\":{\"@id\":\"https:\/\/bolting.eu\/en\/shop\/mantle-boulder-bag-schwarz\/#primaryimage\"},\"image\":{\"@id\":\"https:\/\/bolting.eu\/en\/shop\/mantle-boulder-bag-schwarz\/#primaryimage\"},\"thumbnailUrl\":\"https:\/\/bolting.eu\/wp-content\/uploads\/2021\/03\/Mantle-Boulder-Bag-schwarz-1.jpg\",\"datePublished\":\"2021-03-17T17:13:36+00:00\",\"dateModified\":\"2021-03-18T17:10:14+00:00\",\"description\":\"Hier findest Du das MANTLE BOULDER BAG schwarz. Ein runder, schlichtes Boulder Magnesiumbeutel f\u00fcr die Halle und Drau\u00dfen zum Top Preis.\",\"breadcrumb\":{\"@id\":\"https:\/\/bolting.eu\/en\/shop\/mantle-boulder-bag-schwarz\/#breadcrumb\"},\"inLanguage\":\"en-US\",\"potentialAction\":[{\"@type\":\"ReadAction\",\"target\":[\"https:\/\/bolting.eu\/en\/shop\/mantle-boulder-bag-schwarz\/\"]}]},{\"@type\":\"ImageObject\",\"inLanguage\":\"en-US\",\"@id\":\"https:\/\/bolting.eu\/en\/shop\/mantle-boulder-bag-schwarz\/#primaryimage\",\"url\":\"https:\/\/bolting.eu\/wp-content\/uploads\/2021\/03\/Mantle-Boulder-Bag-schwarz-1.jpg\",\"contentUrl\":\"https:\/\/bolting.eu\/wp-content\/uploads\/2021\/03\/Mantle-Boulder-Bag-schwarz-1.jpg\",\"width\":700,\"height\":700,\"caption\":\"Das Bild zeigt das Mantle Boulder Bag schwarz. Man erkennt das Chalkbag mit dem wei\u00dfem Logo sowie den Trageriemen.\"},{\"@type\":\"BreadcrumbList\",\"@id\":\"https:\/\/bolting.eu\/en\/shop\/mantle-boulder-bag-schwarz\/#breadcrumb\",\"itemListElement\":[{\"@type\":\"ListItem\",\"position\":1,\"name\":\"Shop\",\"item\":\"https:\/\/bolting.eu\/en\/shop\/\"},{\"@type\":\"ListItem\",\"position\":2,\"name\":\"climbing equipment\",\"item\":\"https:\/\/bolting.eu\/en\/produkt-kategorie\/climbing-equipment\/\"},{\"@type\":\"ListItem\",\"position\":3,\"name\":\"Chalkbag\",\"item\":\"https:\/\/bolting.eu\/produkt-kategorie\/kletterausruestung\/chalkbag\/\"},{\"@type\":\"ListItem\",\"position\":4,\"name\":\"Chalkbag Bouldern\",\"item\":\"https:\/\/bolting.eu\/produkt-kategorie\/kletterausruestung\/chalkbag\/chalkbag-bouldern\/\"},{\"@type\":\"ListItem\",\"position\":5,\"name\":\"Mantle Boulder Bag schwarz\"}]},{\"@type\":\"WebSite\",\"@id\":\"https:\/\/bolting.eu\/en\/#website\",\"url\":\"https:\/\/bolting.eu\/en\/\",\"name\":\"bolting.eu\",\"description\":\"we make climbs happen\",\"publisher\":{\"@id\":\"https:\/\/bolting.eu\/en\/#organization\"},\"potentialAction\":[{\"@type\":\"SearchAction\",\"target\":{\"@type\":\"EntryPoint\",\"urlTemplate\":\"https:\/\/bolting.eu\/en\/?s={search_term_string}\"},\"query-input\":{\"@type\":\"PropertyValueSpecification\",\"valueRequired\":true,\"valueName\":\"search_term_string\"}}],\"inLanguage\":\"en-US\"},{\"@type\":[\"Organization\",\"Place\",\"SportingGoodsStore\"],\"@id\":\"https:\/\/bolting.eu\/en\/#organization\",\"name\":\"bolting.eu\",\"url\":\"https:\/\/bolting.eu\/en\/\",\"logo\":{\"@id\":\"https:\/\/bolting.eu\/en\/shop\/mantle-boulder-bag-schwarz\/#local-main-organization-logo\"},\"image\":{\"@id\":\"https:\/\/bolting.eu\/en\/shop\/mantle-boulder-bag-schwarz\/#local-main-organization-logo\"},\"sameAs\":[\"https:\/\/www.facebook.com\/bolting.eu\",\"https:\/\/www.instagram.com\/bolting.eu\/\"],\"address\":{\"@id\":\"https:\/\/bolting.eu\/en\/shop\/mantle-boulder-bag-schwarz\/#local-main-place-address\"},\"geo\":{\"@type\":\"GeoCoordinates\",\"latitude\":\"47.264176340396226\",\"longitude\":\"11.380109057672346\"},\"telephone\":[\"+43 699 19083372\"],\"openingHoursSpecification\":[{\"@type\":\"OpeningHoursSpecification\",\"dayOfWeek\":[\"Monday\",\"Wednesday\",\"Friday\"],\"opens\":\"14:00\",\"closes\":\"18:00\"},{\"@type\":\"OpeningHoursSpecification\",\"dayOfWeek\":[\"Tuesday\",\"Thursday\",\"Saturday\",\"Sunday\"],\"opens\":\"00:00\",\"closes\":\"00:00\"}],\"email\":\"office@bolting.eu\",\"vatID\":\"ATU59999728\",\"priceRange\":\"$$\",\"currenciesAccepted\":\"Euro\"},{\"@type\":\"PostalAddress\",\"@id\":\"https:\/\/bolting.eu\/en\/shop\/mantle-boulder-bag-schwarz\/#local-main-place-address\",\"streetAddress\":\"Fischnalerstra\u00dfe 4\",\"addressLocality\":\"Innsbruck\",\"postalCode\":\"6020\",\"addressRegion\":\"Tirol\",\"addressCountry\":\"AT\"},{\"@type\":\"ImageObject\",\"inLanguage\":\"en-US\",\"@id\":\"https:\/\/bolting.eu\/en\/shop\/mantle-boulder-bag-schwarz\/#local-main-organization-logo\",\"url\":\"https:\/\/bolting.eu\/wp-content\/uploads\/2019\/09\/bolting-logo.png\",\"contentUrl\":\"https:\/\/bolting.eu\/wp-content\/uploads\/2019\/09\/bolting-logo.png\",\"width\":400,\"height\":211,\"caption\":\"bolting.eu\"}]}<\/script>\n<meta property=\"product:price:amount\" content=\"24.90\" \/>\n<meta property=\"product:price:currency\" content=\"EUR\" \/>\n<meta property=\"og:availability\" content=\"instock\" \/>\n<meta property=\"product:availability\" content=\"instock\" \/>\n<meta property=\"product:retailer_item_id\" content=\"M3501\" \/>\n<meta property=\"product:condition\" content=\"new\" \/>\n<meta name=\"geo.placename\" content=\"Innsbruck\" \/>\n<meta name=\"geo.position\" content=\"47.264176340396226;11.380109057672346\" \/>\n<meta name=\"geo.region\" content=\"Austria\" \/>\n<!-- \/ Yoast SEO Premium plugin. -->","yoast_head_json":{"title":"Mantle Boulder Bag schwarz - g\u00fcnstig online kaufen | bolting.eu","description":"Hier findest Du das MANTLE BOULDER BAG schwarz. Ein runder, schlichtes Boulder Magnesiumbeutel f\u00fcr die Halle und Drau\u00dfen zum Top Preis.","robots":{"index":"index","follow":"follow","max-snippet":"max-snippet:-1","max-image-preview":"max-image-preview:large","max-video-preview":"max-video-preview:-1"},"canonical":"https:\/\/bolting.eu\/en\/shop\/mantle-boulder-bag-schwarz\/","og_locale":"en_US","og_type":"article","og_title":"Mantle Boulder Bag schwarz","og_description":"Hier findest Du das MANTLE BOULDER BAG schwarz. Ein runder, schlichtes Boulder Magnesiumbeutel f\u00fcr die Halle und Drau\u00dfen zum Top Preis.","og_url":"https:\/\/bolting.eu\/en\/shop\/mantle-boulder-bag-schwarz\/","og_site_name":"bolting.eu","article_publisher":"https:\/\/www.facebook.com\/bolting.eu","article_modified_time":"2021-03-18T17:10:14+00:00","og_image":[{"width":700,"height":700,"url":"https:\/\/bolting.eu\/wp-content\/uploads\/2021\/03\/Mantle-Boulder-Bag-schwarz-1.jpg","type":"image\/jpeg"}],"twitter_card":"summary_large_image","twitter_misc":{"Price":"&euro;&nbsp;24,90","Availability":"In stock"},"schema":{"@context":"https:\/\/schema.org","@graph":[{"@type":["WebPage","ItemPage"],"@id":"https:\/\/bolting.eu\/en\/shop\/mantle-boulder-bag-schwarz\/","url":"https:\/\/bolting.eu\/en\/shop\/mantle-boulder-bag-schwarz\/","name":"Mantle Boulder Bag schwarz - g\u00fcnstig online kaufen | bolting.eu","isPartOf":{"@id":"https:\/\/bolting.eu\/en\/#website"},"primaryImageOfPage":{"@id":"https:\/\/bolting.eu\/en\/shop\/mantle-boulder-bag-schwarz\/#primaryimage"},"image":{"@id":"https:\/\/bolting.eu\/en\/shop\/mantle-boulder-bag-schwarz\/#primaryimage"},"thumbnailUrl":"https:\/\/bolting.eu\/wp-content\/uploads\/2021\/03\/Mantle-Boulder-Bag-schwarz-1.jpg","datePublished":"2021-03-17T17:13:36+00:00","dateModified":"2021-03-18T17:10:14+00:00","description":"Hier findest Du das MANTLE BOULDER BAG schwarz. Ein runder, schlichtes Boulder Magnesiumbeutel f\u00fcr die Halle und Drau\u00dfen zum Top Preis.","breadcrumb":{"@id":"https:\/\/bolting.eu\/en\/shop\/mantle-boulder-bag-schwarz\/#breadcrumb"},"inLanguage":"en-US","potentialAction":[{"@type":"ReadAction","target":["https:\/\/bolting.eu\/en\/shop\/mantle-boulder-bag-schwarz\/"]}]},{"@type":"ImageObject","inLanguage":"en-US","@id":"https:\/\/bolting.eu\/en\/shop\/mantle-boulder-bag-schwarz\/#primaryimage","url":"https:\/\/bolting.eu\/wp-content\/uploads\/2021\/03\/Mantle-Boulder-Bag-schwarz-1.jpg","contentUrl":"https:\/\/bolting.eu\/wp-content\/uploads\/2021\/03\/Mantle-Boulder-Bag-schwarz-1.jpg","width":700,"height":700,"caption":"Das Bild zeigt das Mantle Boulder Bag schwarz. Man erkennt das Chalkbag mit dem wei\u00dfem Logo sowie den Trageriemen."},{"@type":"BreadcrumbList","@id":"https:\/\/bolting.eu\/en\/shop\/mantle-boulder-bag-schwarz\/#breadcrumb","itemListElement":[{"@type":"ListItem","position":1,"name":"Shop","item":"https:\/\/bolting.eu\/en\/shop\/"},{"@type":"ListItem","position":2,"name":"climbing equipment","item":"https:\/\/bolting.eu\/en\/produkt-kategorie\/climbing-equipment\/"},{"@type":"ListItem","position":3,"name":"Chalkbag","item":"https:\/\/bolting.eu\/produkt-kategorie\/kletterausruestung\/chalkbag\/"},{"@type":"ListItem","position":4,"name":"Chalkbag Bouldern","item":"https:\/\/bolting.eu\/produkt-kategorie\/kletterausruestung\/chalkbag\/chalkbag-bouldern\/"},{"@type":"ListItem","position":5,"name":"Mantle Boulder Bag schwarz"}]},{"@type":"WebSite","@id":"https:\/\/bolting.eu\/en\/#website","url":"https:\/\/bolting.eu\/en\/","name":"bolting.eu","description":"we make climbs happen","publisher":{"@id":"https:\/\/bolting.eu\/en\/#organization"},"potentialAction":[{"@type":"SearchAction","target":{"@type":"EntryPoint","urlTemplate":"https:\/\/bolting.eu\/en\/?s={search_term_string}"},"query-input":{"@type":"PropertyValueSpecification","valueRequired":true,"valueName":"search_term_string"}}],"inLanguage":"en-US"},{"@type":["Organization","Place","SportingGoodsStore"],"@id":"https:\/\/bolting.eu\/en\/#organization","name":"bolting.eu","url":"https:\/\/bolting.eu\/en\/","logo":{"@id":"https:\/\/bolting.eu\/en\/shop\/mantle-boulder-bag-schwarz\/#local-main-organization-logo"},"image":{"@id":"https:\/\/bolting.eu\/en\/shop\/mantle-boulder-bag-schwarz\/#local-main-organization-logo"},"sameAs":["https:\/\/www.facebook.com\/bolting.eu","https:\/\/www.instagram.com\/bolting.eu\/"],"address":{"@id":"https:\/\/bolting.eu\/en\/shop\/mantle-boulder-bag-schwarz\/#local-main-place-address"},"geo":{"@type":"GeoCoordinates","latitude":"47.264176340396226","longitude":"11.380109057672346"},"telephone":["+43 699 19083372"],"openingHoursSpecification":[{"@type":"OpeningHoursSpecification","dayOfWeek":["Monday","Wednesday","Friday"],"opens":"14:00","closes":"18:00"},{"@type":"OpeningHoursSpecification","dayOfWeek":["Tuesday","Thursday","Saturday","Sunday"],"opens":"00:00","closes":"00:00"}],"email":"office@bolting.eu","vatID":"ATU59999728","priceRange":"$$","currenciesAccepted":"Euro"},{"@type":"PostalAddress","@id":"https:\/\/bolting.eu\/en\/shop\/mantle-boulder-bag-schwarz\/#local-main-place-address","streetAddress":"Fischnalerstra\u00dfe 4","addressLocality":"Innsbruck","postalCode":"6020","addressRegion":"Tirol","addressCountry":"AT"},{"@type":"ImageObject","inLanguage":"en-US","@id":"https:\/\/bolting.eu\/en\/shop\/mantle-boulder-bag-schwarz\/#local-main-organization-logo","url":"https:\/\/bolting.eu\/wp-content\/uploads\/2019\/09\/bolting-logo.png","contentUrl":"https:\/\/bolting.eu\/wp-content\/uploads\/2019\/09\/bolting-logo.png","width":400,"height":211,"caption":"bolting.eu"}]},"product_price_amount":"24.90","product_price_currency":"EUR","og_availability":"instock","product_availability":"instock","product_retailer_item_id":"M3501","product_condition":"new","geo.placename":"Innsbruck","geo.position":{"lat":"47.264176340396226","long":"11.380109057672346"},"geo.region":"Austria"},"_links":{"self":[{"href":"https:\/\/bolting.eu\/en\/wp-json\/wp\/v2\/product\/8075","targetHints":{"allow":["GET"]}}],"collection":[{"href":"https:\/\/bolting.eu\/en\/wp-json\/wp\/v2\/product"}],"about":[{"href":"https:\/\/bolting.eu\/en\/wp-json\/wp\/v2\/types\/product"}],"replies":[{"embeddable":true,"href":"https:\/\/bolting.eu\/en\/wp-json\/wp\/v2\/comments?post=8075"}],"wp:featuredmedia":[{"embeddable":true,"href":"https:\/\/bolting.eu\/en\/wp-json\/wp\/v2\/media\/8077"}],"wp:attachment":[{"href":"https:\/\/bolting.eu\/en\/wp-json\/wp\/v2\/media?parent=8075"}],"wp:term":[{"taxonomy":"product_brand","embeddable":true,"href":"https:\/\/bolting.eu\/en\/wp-json\/wp\/v2\/product_brand?post=8075"},{"taxonomy":"product_cat","embeddable":true,"href":"https:\/\/bolting.eu\/en\/wp-json\/wp\/v2\/product_cat?post=8075"},{"taxonomy":"product_tag","embeddable":true,"href":"https:\/\/bolting.eu\/en\/wp-json\/wp\/v2\/product_tag?post=8075"}],"curies":[{"name":"wp","href":"https:\/\/api.w.org\/{rel}","templated":true}]}}