{"id":8060,"date":"2021-03-17T16:34:22","date_gmt":"2021-03-17T15:34:22","guid":{"rendered":"https:\/\/bolting.eu\/?post_type=product&#038;p=8060"},"modified":"2021-11-19T11:14:55","modified_gmt":"2021-11-19T10:14:55","slug":"crashpad-sofa-mantle","status":"publish","type":"product","link":"https:\/\/bolting.eu\/en\/shop\/crashpad-sofa-mantle\/","title":{"rendered":"Crashpad Sofa Mantle"},"content":{"rendered":"<p>Das Crashpad Sofa Mantle ist eine 180 x 110 x 13cm gro\u00dfe Bouldermatte. Den Namen hat diese 3lagige Burito-Style Matte von der Sofa Funktion bekommen. Denn das Pad l\u00e4sst sich durch die entsprechenden seitlichen Halterungen in eine Bouldermatten Couch umwandeln.<\/p>\n<p>Neben dieser Funktion macht dieses Produkt aber auch die Qualit\u00e4t und die Gr\u00f6\u00dfe sehr beliebt. Immer h\u00e4ufiger ist es Teil der <a href=\"https:\/\/bolting.eu\/boulderausruestung\/\">Boulderausr\u00fcstung<\/a> im gesamten Alpenraum.<\/p>\n<p>Zum einen besteht die H\u00fclle n\u00e4mlich aus extrem festen Terylene 600D. Das ist ein enorm belastbares Material dass sich als extrem robust erwiesen hat. Und zum anderen sind die verwendeten Schaumstoffe hochwertige PE D\u00e4mpfungssch\u00e4ume.<\/p>\n<p>Die Gr\u00f6\u00dfe von 180 x 90 x 13cm sind ideal um auch darauf schlafen zu k\u00f6nnen. Ein fetter Vorteil wenn bei Euren Bouldertrips gecampt wird. Des weiteren k\u00f6nnen mehrere Crashpad Sofa Mantle mit den smart angebrachten Klettern &#8220;spaltenfrei&#8221; zusammengeh\u00e4ngt werden.<\/p>\n<p>Ein solides Tragesystem inkl. H\u00fcftgurt und Alu Schnallen runden das Profil dieser Bouldermatte ab.<\/p>\n<h3>Eigenschaften Crashpad Sofa Mantle<\/h3>\n<ul>\n<li>Hersteller: Mantle Climbing<\/li>\n<li>3lagige Burito Style Bouldermatte<\/li>\n<li>kann zum Sofa umfunktioniert werden!<\/li>\n<li>Gewicht: ca. 6,3 kg<\/li>\n<li>Ma\u00dfe offen: 180 x 110 x 13cm<\/li>\n<li>Ma\u00dfe geschlossen: 110 x 60 x 39cm<\/li>\n<li>Au\u00dfenstoff: Terylene 600D<\/li>\n<li>Schaumstoffe: hochwertiger EPE D\u00e4mpfungsschaum<\/li>\n<li>seitliche Kletter zum spaltenfreien \u201eAndocken\u201c weiterer Pads<\/li>\n<li>zentraler Tragegriff<\/li>\n<li>solides Tragesystem<\/li>\n<\/ul>\n<h3>Crashpad Sofa Mantle<\/h3>\n<p>Wer kennt das nicht! Ob gem\u00fctlicher Abend am Bouldertrip oder Grill Party zuhause. Da w\u00e4re ein Sofa nat\u00fcrlich nicht schlecht! Die Bouldermatte mit Couchfunktion von Mantle l\u00f6st genau dieses Problem.<\/p>\n<p>Denn dieses Pad kann ganz leicht zu einem Sofa umfunktioniert werden. Einfach die zwei &#8220;unteren&#8221; Schaumstoffteile als Sitz benutzen. Und das dritte Teil mit zwei Fixierriemen als R\u00fcckenlehne benutzen.<\/p>\n<p>Das Ganze funktioniert umso besser, je mehr man die R\u00fcckenlehne an ein Auto, eine Wand oder einen Baum anlehnen kann.<\/p>\n<h3>Perfektes Schlaf Pad!<\/h3>\n<p>Das Crashpad Sofa Mantle ist auch perfekt zum Campen! Denn die 3teilige Bouldermatte ist wie eine riesige Matratze. Wir empfehlen euch die Matte einfach umzudrehen, dann k\u00f6nnt ihr auf der weichen Seite liegen. Einfach praktisch!<\/p>\n<h3>Die Materialien machen\u00b4s!<\/h3>\n<p>Das Bouldering Crash Pad Mantle haben wir aus zwei Gr\u00fcnden im Sortiment. Erstens weil diese Pads eine ordentliche Qualit\u00e4t haben. D.h. einerseits passt der Au\u00dfenstoff. Und andererseits auch die Langlebigkeit der Schaumstoffe innen.<\/p>\n<p>Und zweitens weil die seitlichen Klettverschl\u00fcsse ein \u201espaltenfreies\u201c Ankoppeln weiterer Matten erm\u00f6glichen. Dabei entsprechen auch die Kletter unseren Vorstellungen. D.h. sie verschmutzen nicht so leicht und lassen sich ggf. aber gut reinigen. Zudem kletten die Pads wirklich fest aneinander, so wie man es bei einer breiten \u201eLandebahn\u201c haben will!<\/p>\n<h3>Crashpad Sofa Mantle \u2013 Tragesystem<\/h3>\n<p>Auch mit dem Tragesystem sind wir sehr zufrieden. Denn die Trageriemen haben eine ordentliche Breite bzw. Polsterung. \u00dcberdies ist auch der H\u00fcftgurt der <a href=\"https:\/\/www.mantle-climbing.de\/shop\/crashpads\/crashpad-3-folder\/\" target=\"_blank\" rel=\"noopener\">Mantle<\/a> Matte passend dimensioniert und bringt viel an Stabilit\u00e4t.<\/p>\n<p>Wer z.B. zwei oder gar drei Pads mit Gurten am R\u00fccken befestigt, kommt noch halbwegs gut zurecht. Daf\u00fcr sorgen z.B. auch die starken N\u00e4hte, sodass hier nichts auf- bzw. abrei\u00dft!<\/p>\n<h3>Lebensdauer verl\u00e4ngern<\/h3>\n<p>Unsere 5 Tipps zum Verl\u00e4ngern der Lebensdauer des Crashpad Sofa Mantle lauten:<\/p>\n<ul>\n<li>Pads bei schweren Bouldern immer wieder mal durch wechseln<\/li>\n<li>alte Pads als Unterlage f\u00fcr die neuen verwenden<\/li>\n<li>lagere deine Bouldermatte nie feucht ein, immer vorher trocknen<\/li>\n<li>Pads nie im Freien oder in der direkten Sonne lagern<\/li>\n<li>reinige das Absprunggel\u00e4nde von spitzen Steinen und \u00c4sten<\/li>\n<\/ul>\n<p>&nbsp;<\/p>\n","protected":false},"excerpt":{"rendered":"<ul>\n<li>3lagige Burito Style Bouldermatte<\/li>\n<li>Gewicht: ca. 6,3 kg<\/li>\n<li>Ma\u00dfe offen: 180 x 110 x 13cm<\/li>\n<li>Ma\u00dfe geschlossen: 110 x 90 x 39cm<\/li>\n<li>Au\u00dfenstoff: Terylene 600D<\/li>\n<li>Schaumstoffe: hochwertiger EPE D\u00e4mpfungsschaum<\/li>\n<li>seitliche Kletter zum spaltenfreien \u201eAndocken\u201c weiterer Pads<\/li>\n<li>zentraler Tragegriff<\/li>\n<li>solides Tragesystem<\/li>\n<\/ul>\n","protected":false},"featured_media":8069,"comment_status":"open","ping_status":"closed","template":"","meta":[],"product_brand":[],"product_cat":[5284,6358],"product_tag":[],"class_list":{"0":"post-8060","1":"product","2":"type-product","3":"status-publish","4":"has-post-thumbnail","6":"product_cat-boulder-ausruestung","7":"product_cat-bouldermatte","9":"first","10":"outofstock","11":"sale","12":"taxable","13":"shipping-taxable","14":"purchasable","15":"product-type-simple"},"yoast_head":"<!-- This site is optimized with the Yoast SEO Premium plugin v26.9 (Yoast SEO v26.9) - https:\/\/yoast.com\/product\/yoast-seo-premium-wordpress\/ -->\n<title>Crashpad Sofa Mantle - Bouldermatte mit Couch Funktion | bolting.eu<\/title>\n<meta name=\"description\" content=\"Hier findest Du das CRASHPAD SOFA MANTLE. Eine 3lagige Bouldermatte mit Couch Funktion und 180 x 90 x 13cm Gr\u00f6\u00dfe, ideal zum Schlafen!\" \/>\n<meta name=\"robots\" content=\"index, follow, max-snippet:-1, max-image-preview:large, max-video-preview:-1\" \/>\n<link rel=\"canonical\" href=\"https:\/\/bolting.eu\/en\/shop\/crashpad-sofa-mantle\/\" \/>\n<meta property=\"og:locale\" content=\"en_US\" \/>\n<meta property=\"og:type\" content=\"article\" \/>\n<meta property=\"og:title\" content=\"Crashpad Sofa Mantle\" \/>\n<meta property=\"og:description\" content=\"Hier findest Du das CRASHPAD SOFA MANTLE. Eine 3lagige Bouldermatte mit Couch Funktion und 180 x 90 x 13cm Gr\u00f6\u00dfe, ideal zum Schlafen!\" \/>\n<meta property=\"og:url\" content=\"https:\/\/bolting.eu\/en\/shop\/crashpad-sofa-mantle\/\" \/>\n<meta property=\"og:site_name\" content=\"bolting.eu\" \/>\n<meta property=\"article:publisher\" content=\"https:\/\/www.facebook.com\/bolting.eu\" \/>\n<meta property=\"article:modified_time\" content=\"2021-11-19T10:14:55+00:00\" \/>\n<meta property=\"og:image\" content=\"https:\/\/bolting.eu\/wp-content\/uploads\/2021\/03\/Crashpad-Sofa-Mantle-1.jpg\" \/>\n\t<meta property=\"og:image:width\" content=\"700\" \/>\n\t<meta property=\"og:image:height\" content=\"700\" \/>\n\t<meta property=\"og:image:type\" content=\"image\/jpeg\" \/>\n<meta name=\"twitter:card\" content=\"summary_large_image\" \/>\n<meta name=\"twitter:label1\" content=\"Price\" \/>\n\t<meta name=\"twitter:data1\" content=\"&euro;&nbsp;349,00\" \/>\n\t<meta name=\"twitter:label2\" content=\"Availability\" \/>\n\t<meta name=\"twitter:data2\" content=\"Out of stock\" \/>\n<script type=\"application\/ld+json\" class=\"yoast-schema-graph\">{\"@context\":\"https:\/\/schema.org\",\"@graph\":[{\"@type\":[\"WebPage\",\"ItemPage\"],\"@id\":\"https:\/\/bolting.eu\/en\/shop\/crashpad-sofa-mantle\/\",\"url\":\"https:\/\/bolting.eu\/en\/shop\/crashpad-sofa-mantle\/\",\"name\":\"Crashpad Sofa Mantle - Bouldermatte mit Couch Funktion | bolting.eu\",\"isPartOf\":{\"@id\":\"https:\/\/bolting.eu\/en\/#website\"},\"primaryImageOfPage\":{\"@id\":\"https:\/\/bolting.eu\/en\/shop\/crashpad-sofa-mantle\/#primaryimage\"},\"image\":{\"@id\":\"https:\/\/bolting.eu\/en\/shop\/crashpad-sofa-mantle\/#primaryimage\"},\"thumbnailUrl\":\"https:\/\/bolting.eu\/wp-content\/uploads\/2021\/03\/Crashpad-Sofa-Mantle-1.jpg\",\"datePublished\":\"2021-03-17T15:34:22+00:00\",\"dateModified\":\"2021-11-19T10:14:55+00:00\",\"description\":\"Hier findest Du das CRASHPAD SOFA MANTLE. Eine 3lagige Bouldermatte mit Couch Funktion und 180 x 90 x 13cm Gr\u00f6\u00dfe, ideal zum Schlafen!\",\"breadcrumb\":{\"@id\":\"https:\/\/bolting.eu\/en\/shop\/crashpad-sofa-mantle\/#breadcrumb\"},\"inLanguage\":\"en-US\",\"potentialAction\":[{\"@type\":\"ReadAction\",\"target\":[\"https:\/\/bolting.eu\/en\/shop\/crashpad-sofa-mantle\/\"]}]},{\"@type\":\"ImageObject\",\"inLanguage\":\"en-US\",\"@id\":\"https:\/\/bolting.eu\/en\/shop\/crashpad-sofa-mantle\/#primaryimage\",\"url\":\"https:\/\/bolting.eu\/wp-content\/uploads\/2021\/03\/Crashpad-Sofa-Mantle-1.jpg\",\"contentUrl\":\"https:\/\/bolting.eu\/wp-content\/uploads\/2021\/03\/Crashpad-Sofa-Mantle-1.jpg\",\"width\":700,\"height\":700,\"caption\":\"Das Bild zeigt ein schwarzes Crashpad Sofa Mantle von der Seite. Man sieht die drei Elemente und die zwei orangen Logos.\"},{\"@type\":\"BreadcrumbList\",\"@id\":\"https:\/\/bolting.eu\/en\/shop\/crashpad-sofa-mantle\/#breadcrumb\",\"itemListElement\":[{\"@type\":\"ListItem\",\"position\":1,\"name\":\"Shop\",\"item\":\"https:\/\/bolting.eu\/en\/shop\/\"},{\"@type\":\"ListItem\",\"position\":2,\"name\":\"Boulder Ausr\u00fcstung\",\"item\":\"https:\/\/bolting.eu\/produkt-kategorie\/boulder-ausruestung\/\"},{\"@type\":\"ListItem\",\"position\":3,\"name\":\"Bouldermatten\",\"item\":\"https:\/\/bolting.eu\/produkt-kategorie\/boulder-ausruestung\/bouldermatte\/\"},{\"@type\":\"ListItem\",\"position\":4,\"name\":\"Crashpad Sofa Mantle\"}]},{\"@type\":\"WebSite\",\"@id\":\"https:\/\/bolting.eu\/en\/#website\",\"url\":\"https:\/\/bolting.eu\/en\/\",\"name\":\"bolting.eu\",\"description\":\"we make climbs happen\",\"publisher\":{\"@id\":\"https:\/\/bolting.eu\/en\/#organization\"},\"potentialAction\":[{\"@type\":\"SearchAction\",\"target\":{\"@type\":\"EntryPoint\",\"urlTemplate\":\"https:\/\/bolting.eu\/en\/?s={search_term_string}\"},\"query-input\":{\"@type\":\"PropertyValueSpecification\",\"valueRequired\":true,\"valueName\":\"search_term_string\"}}],\"inLanguage\":\"en-US\"},{\"@type\":[\"Organization\",\"Place\",\"SportingGoodsStore\"],\"@id\":\"https:\/\/bolting.eu\/en\/#organization\",\"name\":\"bolting.eu\",\"url\":\"https:\/\/bolting.eu\/en\/\",\"logo\":{\"@id\":\"https:\/\/bolting.eu\/en\/shop\/crashpad-sofa-mantle\/#local-main-organization-logo\"},\"image\":{\"@id\":\"https:\/\/bolting.eu\/en\/shop\/crashpad-sofa-mantle\/#local-main-organization-logo\"},\"sameAs\":[\"https:\/\/www.facebook.com\/bolting.eu\",\"https:\/\/www.instagram.com\/bolting.eu\/\"],\"address\":{\"@id\":\"https:\/\/bolting.eu\/en\/shop\/crashpad-sofa-mantle\/#local-main-place-address\"},\"geo\":{\"@type\":\"GeoCoordinates\",\"latitude\":\"47.264176340396226\",\"longitude\":\"11.380109057672346\"},\"telephone\":[\"+43 699 19083372\"],\"openingHoursSpecification\":[{\"@type\":\"OpeningHoursSpecification\",\"dayOfWeek\":[\"Monday\",\"Wednesday\",\"Friday\"],\"opens\":\"14:00\",\"closes\":\"18:00\"},{\"@type\":\"OpeningHoursSpecification\",\"dayOfWeek\":[\"Tuesday\",\"Thursday\",\"Saturday\",\"Sunday\"],\"opens\":\"00:00\",\"closes\":\"00:00\"}],\"email\":\"office@bolting.eu\",\"vatID\":\"ATU59999728\",\"priceRange\":\"$$\",\"currenciesAccepted\":\"Euro\"},{\"@type\":\"PostalAddress\",\"@id\":\"https:\/\/bolting.eu\/en\/shop\/crashpad-sofa-mantle\/#local-main-place-address\",\"streetAddress\":\"Fischnalerstra\u00dfe 4\",\"addressLocality\":\"Innsbruck\",\"postalCode\":\"6020\",\"addressRegion\":\"Tirol\",\"addressCountry\":\"AT\"},{\"@type\":\"ImageObject\",\"inLanguage\":\"en-US\",\"@id\":\"https:\/\/bolting.eu\/en\/shop\/crashpad-sofa-mantle\/#local-main-organization-logo\",\"url\":\"https:\/\/bolting.eu\/wp-content\/uploads\/2019\/09\/bolting-logo.png\",\"contentUrl\":\"https:\/\/bolting.eu\/wp-content\/uploads\/2019\/09\/bolting-logo.png\",\"width\":400,\"height\":211,\"caption\":\"bolting.eu\"}]}<\/script>\n<meta property=\"product:price:amount\" content=\"349.00\" \/>\n<meta property=\"product:price:currency\" content=\"EUR\" \/>\n<meta property=\"og:availability\" content=\"out of stock\" \/>\n<meta property=\"product:availability\" content=\"out of stock\" \/>\n<meta property=\"product:retailer_item_id\" content=\"M7003\" \/>\n<meta property=\"product:condition\" content=\"new\" \/>\n<meta name=\"geo.placename\" content=\"Innsbruck\" \/>\n<meta name=\"geo.position\" content=\"47.264176340396226;11.380109057672346\" \/>\n<meta name=\"geo.region\" content=\"Austria\" \/>\n<!-- \/ Yoast SEO Premium plugin. -->","yoast_head_json":{"title":"Crashpad Sofa Mantle - Bouldermatte mit Couch Funktion | bolting.eu","description":"Hier findest Du das CRASHPAD SOFA MANTLE. Eine 3lagige Bouldermatte mit Couch Funktion und 180 x 90 x 13cm Gr\u00f6\u00dfe, ideal zum Schlafen!","robots":{"index":"index","follow":"follow","max-snippet":"max-snippet:-1","max-image-preview":"max-image-preview:large","max-video-preview":"max-video-preview:-1"},"canonical":"https:\/\/bolting.eu\/en\/shop\/crashpad-sofa-mantle\/","og_locale":"en_US","og_type":"article","og_title":"Crashpad Sofa Mantle","og_description":"Hier findest Du das CRASHPAD SOFA MANTLE. Eine 3lagige Bouldermatte mit Couch Funktion und 180 x 90 x 13cm Gr\u00f6\u00dfe, ideal zum Schlafen!","og_url":"https:\/\/bolting.eu\/en\/shop\/crashpad-sofa-mantle\/","og_site_name":"bolting.eu","article_publisher":"https:\/\/www.facebook.com\/bolting.eu","article_modified_time":"2021-11-19T10:14:55+00:00","og_image":[{"width":700,"height":700,"url":"https:\/\/bolting.eu\/wp-content\/uploads\/2021\/03\/Crashpad-Sofa-Mantle-1.jpg","type":"image\/jpeg"}],"twitter_card":"summary_large_image","twitter_misc":{"Price":"&euro;&nbsp;349,00","Availability":"Out of stock"},"schema":{"@context":"https:\/\/schema.org","@graph":[{"@type":["WebPage","ItemPage"],"@id":"https:\/\/bolting.eu\/en\/shop\/crashpad-sofa-mantle\/","url":"https:\/\/bolting.eu\/en\/shop\/crashpad-sofa-mantle\/","name":"Crashpad Sofa Mantle - Bouldermatte mit Couch Funktion | bolting.eu","isPartOf":{"@id":"https:\/\/bolting.eu\/en\/#website"},"primaryImageOfPage":{"@id":"https:\/\/bolting.eu\/en\/shop\/crashpad-sofa-mantle\/#primaryimage"},"image":{"@id":"https:\/\/bolting.eu\/en\/shop\/crashpad-sofa-mantle\/#primaryimage"},"thumbnailUrl":"https:\/\/bolting.eu\/wp-content\/uploads\/2021\/03\/Crashpad-Sofa-Mantle-1.jpg","datePublished":"2021-03-17T15:34:22+00:00","dateModified":"2021-11-19T10:14:55+00:00","description":"Hier findest Du das CRASHPAD SOFA MANTLE. Eine 3lagige Bouldermatte mit Couch Funktion und 180 x 90 x 13cm Gr\u00f6\u00dfe, ideal zum Schlafen!","breadcrumb":{"@id":"https:\/\/bolting.eu\/en\/shop\/crashpad-sofa-mantle\/#breadcrumb"},"inLanguage":"en-US","potentialAction":[{"@type":"ReadAction","target":["https:\/\/bolting.eu\/en\/shop\/crashpad-sofa-mantle\/"]}]},{"@type":"ImageObject","inLanguage":"en-US","@id":"https:\/\/bolting.eu\/en\/shop\/crashpad-sofa-mantle\/#primaryimage","url":"https:\/\/bolting.eu\/wp-content\/uploads\/2021\/03\/Crashpad-Sofa-Mantle-1.jpg","contentUrl":"https:\/\/bolting.eu\/wp-content\/uploads\/2021\/03\/Crashpad-Sofa-Mantle-1.jpg","width":700,"height":700,"caption":"Das Bild zeigt ein schwarzes Crashpad Sofa Mantle von der Seite. Man sieht die drei Elemente und die zwei orangen Logos."},{"@type":"BreadcrumbList","@id":"https:\/\/bolting.eu\/en\/shop\/crashpad-sofa-mantle\/#breadcrumb","itemListElement":[{"@type":"ListItem","position":1,"name":"Shop","item":"https:\/\/bolting.eu\/en\/shop\/"},{"@type":"ListItem","position":2,"name":"Boulder Ausr\u00fcstung","item":"https:\/\/bolting.eu\/produkt-kategorie\/boulder-ausruestung\/"},{"@type":"ListItem","position":3,"name":"Bouldermatten","item":"https:\/\/bolting.eu\/produkt-kategorie\/boulder-ausruestung\/bouldermatte\/"},{"@type":"ListItem","position":4,"name":"Crashpad Sofa Mantle"}]},{"@type":"WebSite","@id":"https:\/\/bolting.eu\/en\/#website","url":"https:\/\/bolting.eu\/en\/","name":"bolting.eu","description":"we make climbs happen","publisher":{"@id":"https:\/\/bolting.eu\/en\/#organization"},"potentialAction":[{"@type":"SearchAction","target":{"@type":"EntryPoint","urlTemplate":"https:\/\/bolting.eu\/en\/?s={search_term_string}"},"query-input":{"@type":"PropertyValueSpecification","valueRequired":true,"valueName":"search_term_string"}}],"inLanguage":"en-US"},{"@type":["Organization","Place","SportingGoodsStore"],"@id":"https:\/\/bolting.eu\/en\/#organization","name":"bolting.eu","url":"https:\/\/bolting.eu\/en\/","logo":{"@id":"https:\/\/bolting.eu\/en\/shop\/crashpad-sofa-mantle\/#local-main-organization-logo"},"image":{"@id":"https:\/\/bolting.eu\/en\/shop\/crashpad-sofa-mantle\/#local-main-organization-logo"},"sameAs":["https:\/\/www.facebook.com\/bolting.eu","https:\/\/www.instagram.com\/bolting.eu\/"],"address":{"@id":"https:\/\/bolting.eu\/en\/shop\/crashpad-sofa-mantle\/#local-main-place-address"},"geo":{"@type":"GeoCoordinates","latitude":"47.264176340396226","longitude":"11.380109057672346"},"telephone":["+43 699 19083372"],"openingHoursSpecification":[{"@type":"OpeningHoursSpecification","dayOfWeek":["Monday","Wednesday","Friday"],"opens":"14:00","closes":"18:00"},{"@type":"OpeningHoursSpecification","dayOfWeek":["Tuesday","Thursday","Saturday","Sunday"],"opens":"00:00","closes":"00:00"}],"email":"office@bolting.eu","vatID":"ATU59999728","priceRange":"$$","currenciesAccepted":"Euro"},{"@type":"PostalAddress","@id":"https:\/\/bolting.eu\/en\/shop\/crashpad-sofa-mantle\/#local-main-place-address","streetAddress":"Fischnalerstra\u00dfe 4","addressLocality":"Innsbruck","postalCode":"6020","addressRegion":"Tirol","addressCountry":"AT"},{"@type":"ImageObject","inLanguage":"en-US","@id":"https:\/\/bolting.eu\/en\/shop\/crashpad-sofa-mantle\/#local-main-organization-logo","url":"https:\/\/bolting.eu\/wp-content\/uploads\/2019\/09\/bolting-logo.png","contentUrl":"https:\/\/bolting.eu\/wp-content\/uploads\/2019\/09\/bolting-logo.png","width":400,"height":211,"caption":"bolting.eu"}]},"product_price_amount":"349.00","product_price_currency":"EUR","og_availability":"out of stock","product_availability":"out of stock","product_retailer_item_id":"M7003","product_condition":"new","geo.placename":"Innsbruck","geo.position":{"lat":"47.264176340396226","long":"11.380109057672346"},"geo.region":"Austria"},"_links":{"self":[{"href":"https:\/\/bolting.eu\/en\/wp-json\/wp\/v2\/product\/8060","targetHints":{"allow":["GET"]}}],"collection":[{"href":"https:\/\/bolting.eu\/en\/wp-json\/wp\/v2\/product"}],"about":[{"href":"https:\/\/bolting.eu\/en\/wp-json\/wp\/v2\/types\/product"}],"replies":[{"embeddable":true,"href":"https:\/\/bolting.eu\/en\/wp-json\/wp\/v2\/comments?post=8060"}],"wp:featuredmedia":[{"embeddable":true,"href":"https:\/\/bolting.eu\/en\/wp-json\/wp\/v2\/media\/8069"}],"wp:attachment":[{"href":"https:\/\/bolting.eu\/en\/wp-json\/wp\/v2\/media?parent=8060"}],"wp:term":[{"taxonomy":"product_brand","embeddable":true,"href":"https:\/\/bolting.eu\/en\/wp-json\/wp\/v2\/product_brand?post=8060"},{"taxonomy":"product_cat","embeddable":true,"href":"https:\/\/bolting.eu\/en\/wp-json\/wp\/v2\/product_cat?post=8060"},{"taxonomy":"product_tag","embeddable":true,"href":"https:\/\/bolting.eu\/en\/wp-json\/wp\/v2\/product_tag?post=8060"}],"curies":[{"name":"wp","href":"https:\/\/api.w.org\/{rel}","templated":true}]}}