{"id":8053,"date":"2021-03-17T11:34:08","date_gmt":"2021-03-17T10:34:08","guid":{"rendered":"https:\/\/bolting.eu\/?post_type=product&#038;p=8053"},"modified":"2026-04-19T16:32:54","modified_gmt":"2026-04-19T14:32:54","slug":"mantle-griffbuerste-magic-wood","status":"publish","type":"product","link":"https:\/\/bolting.eu\/en\/shop\/mantle-griffbuerste-magic-wood\/","title":{"rendered":"Mantle Griffb\u00fcrste Magic Wood"},"content":{"rendered":"<p>Die Mantle Griffb\u00fcrste Magic Wood ist eine gro\u00dfe Boulderb\u00fcrste mit steifen, gebogenen Borsten. D.h. sie ist sehr gut um unterschiedliche Griffstrukturen zu putzen. Wie Leisten, Aufleger, Jugs, usw.<\/p>\n<p>Wer einen Trip in die Schweiz zum Bouldern unternimmt, sollte deshalb drei Dinge mit bringen. Jede Menge <a href=\"https:\/\/bolting.eu\/produkt-kategorie\/boulder-ausruestung\/bouldermatte\/\">Bouldermatten<\/a>, einen &#8220;<a href=\"https:\/\/bolting.eu\/shop\/alpen-en-bloc-1-boulderfuehrer\/\">Alpen en Bloc 1<\/a>&#8221; Boulderf\u00fchrer\u00a0und diese B\u00fcrste!<\/p>\n<p>Aber mal Spass bei Seite. Diese Boulderb\u00fcrste ist in allen Gebieten mit unterschiedlichsten Grifffl\u00e4chen top. Denn die &#8220;Mantler&#8221; haben sich da einiges \u00fcberlegt. Wie z.B. die gebogene Form des B\u00fcrstenkopfes. Somit kann man Sowohl Leisten als auch Sloper und Jugs gut reinigen.<\/p>\n<p>Des weiteren sind die Borsten sch\u00f6n steif, da geht beim Putzen gleich was weiter. Und alle Mantle B\u00fcrsten sind aus deutschem Buchenholz welches nachhaltig bewirtschaftet wird. Klasse Sache!<\/p>\n<h2>Eigenschaften Mantle Griffb\u00fcrste Magic Wood<\/h2>\n<ul>\n<li>Hersteller: Mantle Climbing<\/li>\n<li>L\u00e4nge: 20cm<\/li>\n<li>B\u00fcrstenkopf: ca. 1 x 7cm<\/li>\n<li>Borsten: Wildschweinborsten<\/li>\n<li>Holz: deutsches Buchenholz FSC zertifiziert<\/li>\n<li>Herstellung: Made in Germany<\/li>\n<li>ideal f\u00fcr Allround Einsatz drinnen &amp; drau\u00dfen<\/li>\n<\/ul>\n<h3>FSC zertifiziert<\/h3>\n<p><a href=\"https:\/\/bolting.eu\/wp-content\/uploads\/2021\/03\/Mantle-Boulderbu\u0308rsten-FSC-Label.jpg\"><img loading=\"lazy\" decoding=\"async\" class=\"alignleft wp-image-8047\" src=\"https:\/\/bolting.eu\/wp-content\/uploads\/2021\/03\/Mantle-Boulderbu\u0308rsten-FSC-Label.jpg\" alt=\"Das Bild zeigt das Logo des \u00f6kologischen Waldbaus FSC. Man siegt einen gr\u00fcnen Baum mit einem H\u00e4kchen als Sinnbild f\u00fcr eine Wirtschaftsweise die ok ist.\" width=\"200\" height=\"200\" srcset=\"https:\/\/bolting.eu\/wp-content\/uploads\/2021\/03\/Mantle-Boulderbu\u0308rsten-FSC-Label.jpg 700w, https:\/\/bolting.eu\/wp-content\/uploads\/2021\/03\/Mantle-Boulderbu\u0308rsten-FSC-Label-247x247.jpg 247w, https:\/\/bolting.eu\/wp-content\/uploads\/2021\/03\/Mantle-Boulderbu\u0308rsten-FSC-Label-100x100.jpg 100w, https:\/\/bolting.eu\/wp-content\/uploads\/2021\/03\/Mantle-Boulderbu\u0308rsten-FSC-Label-510x510.jpg 510w, https:\/\/bolting.eu\/wp-content\/uploads\/2021\/03\/Mantle-Boulderbu\u0308rsten-FSC-Label-400x400.jpg 400w, https:\/\/bolting.eu\/wp-content\/uploads\/2021\/03\/Mantle-Boulderbu\u0308rsten-FSC-Label-280x280.jpg 280w, https:\/\/bolting.eu\/wp-content\/uploads\/2021\/03\/Mantle-Boulderbu\u0308rsten-FSC-Label-300x300.jpg 300w, https:\/\/bolting.eu\/wp-content\/uploads\/2021\/03\/Mantle-Boulderbu\u0308rsten-FSC-Label-600x600.jpg 600w\" sizes=\"auto, (max-width: 200px) 100vw, 200px\" \/><\/a>Die Mantle Griffb\u00fcrste Magic Wood ist aus deutschem Buchenholz gefertigt. Dieses ist FSC zertifiziert. D.h. es stammt aus nachhaltiger Forstwirtschaft und wurde naturschonend geschl\u00e4gert.<\/p>\n<p>Das finden wir einen richtig klasse Move von Mantle auf dieses Detail zu achten. Deswegen ein Grund mehr, diese Griffb\u00fcrste in unser Sortiment aufzunehmen!<\/p>\n<h3>Mantle Griffb\u00fcrste Magic Wood = deutsches Produkt<\/h3>\n<p>Ein weiterer Grund neben der klasse Qualit\u00e4t zu dieser Boulderb\u00fcrste zu greifen ist die Herkunft. Denn diese Griffb\u00fcrste wurde in Deutschland gefertigt. D.h. erstens volle Wertsch\u00f6pfung im Inland. Zweitens geringe Transportwege. Und drittens soziale und \u00f6kologische Standards in der Produktion.<\/p>\n<p>Das finden wir bei bolting.eu echt super!<\/p>\n<h4><strong>Link Tipp<\/strong><\/h4>\n<p>DIE Seite zum Bouldern in Fontainebleau: <a href=\"https:\/\/bleau.info\" target=\"_blank\" rel=\"noopener\">bleau.info<\/a><\/p>\n","protected":false},"excerpt":{"rendered":"<ul>\n<li>Hersteller: Mantle Climbing<\/li>\n<li>L\u00e4nge: 20cm<\/li>\n<li>B\u00fcrstenkopf: ca. 1 x 7cm<\/li>\n<li>Borsten: Wildschweinborsten<\/li>\n<li>Holz: deutsches Buchenholz FSC zertifiziert<\/li>\n<li>Herstellung: Made in Germany<\/li>\n<li>ideal f\u00fcr Allround Einsatz<\/li>\n<\/ul>\n","protected":false},"featured_media":8041,"comment_status":"open","ping_status":"closed","template":"","meta":[],"product_brand":[],"product_cat":[5284,5707],"product_tag":[],"class_list":{"0":"post-8053","1":"product","2":"type-product","3":"status-publish","4":"has-post-thumbnail","6":"product_cat-boulder-ausruestung","7":"product_cat-boulderbuersten","9":"first","10":"instock","11":"taxable","12":"shipping-taxable","13":"purchasable","14":"product-type-simple"},"yoast_head":"<!-- This site is optimized with the Yoast SEO Premium plugin v26.9 (Yoast SEO v26.9) - https:\/\/yoast.com\/product\/yoast-seo-premium-wordpress\/ -->\n<title>Mantle Griffb\u00fcrste Magic Wood - Allrund Boulderb\u00fcrste kaufen | bolting.eu<\/title>\n<meta name=\"description\" content=\"Hier findest Du die MANTLE GRIFFB\u00dcRSTE MAGIC WOOD. Eine mittelgro\u00dfe Boulderb\u00fcrste mit steifen Borsten f\u00fcr alle Grifftypen!\" \/>\n<meta name=\"robots\" content=\"index, follow, max-snippet:-1, max-image-preview:large, max-video-preview:-1\" \/>\n<link rel=\"canonical\" href=\"https:\/\/bolting.eu\/en\/shop\/mantle-griffbuerste-magic-wood\/\" \/>\n<meta property=\"og:locale\" content=\"en_US\" \/>\n<meta property=\"og:type\" content=\"article\" \/>\n<meta property=\"og:title\" content=\"Mantle Griffb\u00fcrste Magic Wood\" \/>\n<meta property=\"og:description\" content=\"Hier findest Du die MANTLE GRIFFB\u00dcRSTE MAGIC WOOD. Eine mittelgro\u00dfe Boulderb\u00fcrste mit steifen Borsten f\u00fcr alle Grifftypen!\" \/>\n<meta property=\"og:url\" content=\"https:\/\/bolting.eu\/en\/shop\/mantle-griffbuerste-magic-wood\/\" \/>\n<meta property=\"og:site_name\" content=\"bolting.eu\" \/>\n<meta property=\"article:publisher\" content=\"https:\/\/www.facebook.com\/bolting.eu\" \/>\n<meta property=\"article:modified_time\" content=\"2026-04-19T14:32:54+00:00\" \/>\n<meta property=\"og:image\" content=\"https:\/\/bolting.eu\/wp-content\/uploads\/2021\/03\/Mantle-Boulderbu\u0308rste-Magic-Wood-1.jpg\" \/>\n\t<meta property=\"og:image:width\" content=\"700\" \/>\n\t<meta property=\"og:image:height\" content=\"700\" \/>\n\t<meta property=\"og:image:type\" content=\"image\/jpeg\" \/>\n<meta name=\"twitter:card\" content=\"summary_large_image\" \/>\n<meta name=\"twitter:label1\" content=\"Price\" \/>\n\t<meta name=\"twitter:data1\" content=\"&euro;&nbsp;9,90\" \/>\n\t<meta name=\"twitter:label2\" content=\"Availability\" \/>\n\t<meta name=\"twitter:data2\" content=\"In stock\" \/>\n<script type=\"application\/ld+json\" class=\"yoast-schema-graph\">{\"@context\":\"https:\/\/schema.org\",\"@graph\":[{\"@type\":[\"WebPage\",\"ItemPage\"],\"@id\":\"https:\/\/bolting.eu\/en\/shop\/mantle-griffbuerste-magic-wood\/\",\"url\":\"https:\/\/bolting.eu\/en\/shop\/mantle-griffbuerste-magic-wood\/\",\"name\":\"Mantle Griffb\u00fcrste Magic Wood - Allrund Boulderb\u00fcrste kaufen | bolting.eu\",\"isPartOf\":{\"@id\":\"https:\/\/bolting.eu\/en\/#website\"},\"primaryImageOfPage\":{\"@id\":\"https:\/\/bolting.eu\/en\/shop\/mantle-griffbuerste-magic-wood\/#primaryimage\"},\"image\":{\"@id\":\"https:\/\/bolting.eu\/en\/shop\/mantle-griffbuerste-magic-wood\/#primaryimage\"},\"thumbnailUrl\":\"https:\/\/bolting.eu\/wp-content\/uploads\/2021\/03\/Mantle-Boulderbu\u0308rste-Magic-Wood-1.jpg\",\"datePublished\":\"2021-03-17T10:34:08+00:00\",\"dateModified\":\"2026-04-19T14:32:54+00:00\",\"description\":\"Hier findest Du die MANTLE GRIFFB\u00dcRSTE MAGIC WOOD. Eine mittelgro\u00dfe Boulderb\u00fcrste mit steifen Borsten f\u00fcr alle Grifftypen!\",\"breadcrumb\":{\"@id\":\"https:\/\/bolting.eu\/en\/shop\/mantle-griffbuerste-magic-wood\/#breadcrumb\"},\"inLanguage\":\"en-US\",\"potentialAction\":[{\"@type\":\"ReadAction\",\"target\":[\"https:\/\/bolting.eu\/en\/shop\/mantle-griffbuerste-magic-wood\/\"]}]},{\"@type\":\"ImageObject\",\"inLanguage\":\"en-US\",\"@id\":\"https:\/\/bolting.eu\/en\/shop\/mantle-griffbuerste-magic-wood\/#primaryimage\",\"url\":\"https:\/\/bolting.eu\/wp-content\/uploads\/2021\/03\/Mantle-Boulderbu\u0308rste-Magic-Wood-1.jpg\",\"contentUrl\":\"https:\/\/bolting.eu\/wp-content\/uploads\/2021\/03\/Mantle-Boulderbu\u0308rste-Magic-Wood-1.jpg\",\"width\":700,\"height\":700,\"caption\":\"Das Bild zeigt die Mantle Griffb\u00fcrste Magic Wood. Sie steht schr\u00e4g im Bild, links oben der dunkle B\u00fcrstenkopf, rechts unten der helle Holztiel.\"},{\"@type\":\"BreadcrumbList\",\"@id\":\"https:\/\/bolting.eu\/en\/shop\/mantle-griffbuerste-magic-wood\/#breadcrumb\",\"itemListElement\":[{\"@type\":\"ListItem\",\"position\":1,\"name\":\"Shop\",\"item\":\"https:\/\/bolting.eu\/en\/shop\/\"},{\"@type\":\"ListItem\",\"position\":2,\"name\":\"Boulder Ausr\u00fcstung\",\"item\":\"https:\/\/bolting.eu\/produkt-kategorie\/boulder-ausruestung\/\"},{\"@type\":\"ListItem\",\"position\":3,\"name\":\"Boulder brushes\",\"item\":\"https:\/\/bolting.eu\/en\/produkt-kategorie\/boulder-brushes\/\"},{\"@type\":\"ListItem\",\"position\":4,\"name\":\"Mantle Griffb\u00fcrste Magic Wood\"}]},{\"@type\":\"WebSite\",\"@id\":\"https:\/\/bolting.eu\/en\/#website\",\"url\":\"https:\/\/bolting.eu\/en\/\",\"name\":\"bolting.eu\",\"description\":\"we make climbs happen\",\"publisher\":{\"@id\":\"https:\/\/bolting.eu\/en\/#organization\"},\"potentialAction\":[{\"@type\":\"SearchAction\",\"target\":{\"@type\":\"EntryPoint\",\"urlTemplate\":\"https:\/\/bolting.eu\/en\/?s={search_term_string}\"},\"query-input\":{\"@type\":\"PropertyValueSpecification\",\"valueRequired\":true,\"valueName\":\"search_term_string\"}}],\"inLanguage\":\"en-US\"},{\"@type\":[\"Organization\",\"Place\",\"SportingGoodsStore\"],\"@id\":\"https:\/\/bolting.eu\/en\/#organization\",\"name\":\"bolting.eu\",\"url\":\"https:\/\/bolting.eu\/en\/\",\"logo\":{\"@id\":\"https:\/\/bolting.eu\/en\/shop\/mantle-griffbuerste-magic-wood\/#local-main-organization-logo\"},\"image\":{\"@id\":\"https:\/\/bolting.eu\/en\/shop\/mantle-griffbuerste-magic-wood\/#local-main-organization-logo\"},\"sameAs\":[\"https:\/\/www.facebook.com\/bolting.eu\",\"https:\/\/www.instagram.com\/bolting.eu\/\"],\"address\":{\"@id\":\"https:\/\/bolting.eu\/en\/shop\/mantle-griffbuerste-magic-wood\/#local-main-place-address\"},\"geo\":{\"@type\":\"GeoCoordinates\",\"latitude\":\"47.264176340396226\",\"longitude\":\"11.380109057672346\"},\"telephone\":[\"+43 699 19083372\"],\"openingHoursSpecification\":[{\"@type\":\"OpeningHoursSpecification\",\"dayOfWeek\":[\"Monday\",\"Wednesday\",\"Friday\"],\"opens\":\"14:00\",\"closes\":\"18:00\"},{\"@type\":\"OpeningHoursSpecification\",\"dayOfWeek\":[\"Tuesday\",\"Thursday\",\"Saturday\",\"Sunday\"],\"opens\":\"00:00\",\"closes\":\"00:00\"}],\"email\":\"office@bolting.eu\",\"vatID\":\"ATU59999728\",\"priceRange\":\"$$\",\"currenciesAccepted\":\"Euro\"},{\"@type\":\"PostalAddress\",\"@id\":\"https:\/\/bolting.eu\/en\/shop\/mantle-griffbuerste-magic-wood\/#local-main-place-address\",\"streetAddress\":\"Fischnalerstra\u00dfe 4\",\"addressLocality\":\"Innsbruck\",\"postalCode\":\"6020\",\"addressRegion\":\"Tirol\",\"addressCountry\":\"AT\"},{\"@type\":\"ImageObject\",\"inLanguage\":\"en-US\",\"@id\":\"https:\/\/bolting.eu\/en\/shop\/mantle-griffbuerste-magic-wood\/#local-main-organization-logo\",\"url\":\"https:\/\/bolting.eu\/wp-content\/uploads\/2019\/09\/bolting-logo.png\",\"contentUrl\":\"https:\/\/bolting.eu\/wp-content\/uploads\/2019\/09\/bolting-logo.png\",\"width\":400,\"height\":211,\"caption\":\"bolting.eu\"}]}<\/script>\n<meta property=\"product:price:amount\" content=\"9.90\" \/>\n<meta property=\"product:price:currency\" content=\"EUR\" \/>\n<meta property=\"og:availability\" content=\"instock\" \/>\n<meta property=\"product:availability\" content=\"instock\" \/>\n<meta property=\"product:retailer_item_id\" content=\"M4100\" \/>\n<meta property=\"product:condition\" content=\"new\" \/>\n<meta name=\"geo.placename\" content=\"Innsbruck\" \/>\n<meta name=\"geo.position\" content=\"47.264176340396226;11.380109057672346\" \/>\n<meta name=\"geo.region\" content=\"Austria\" \/>\n<!-- \/ Yoast SEO Premium plugin. -->","yoast_head_json":{"title":"Mantle Griffb\u00fcrste Magic Wood - Allrund Boulderb\u00fcrste kaufen | bolting.eu","description":"Hier findest Du die MANTLE GRIFFB\u00dcRSTE MAGIC WOOD. Eine mittelgro\u00dfe Boulderb\u00fcrste mit steifen Borsten f\u00fcr alle Grifftypen!","robots":{"index":"index","follow":"follow","max-snippet":"max-snippet:-1","max-image-preview":"max-image-preview:large","max-video-preview":"max-video-preview:-1"},"canonical":"https:\/\/bolting.eu\/en\/shop\/mantle-griffbuerste-magic-wood\/","og_locale":"en_US","og_type":"article","og_title":"Mantle Griffb\u00fcrste Magic Wood","og_description":"Hier findest Du die MANTLE GRIFFB\u00dcRSTE MAGIC WOOD. Eine mittelgro\u00dfe Boulderb\u00fcrste mit steifen Borsten f\u00fcr alle Grifftypen!","og_url":"https:\/\/bolting.eu\/en\/shop\/mantle-griffbuerste-magic-wood\/","og_site_name":"bolting.eu","article_publisher":"https:\/\/www.facebook.com\/bolting.eu","article_modified_time":"2026-04-19T14:32:54+00:00","og_image":[{"width":700,"height":700,"url":"https:\/\/bolting.eu\/wp-content\/uploads\/2021\/03\/Mantle-Boulderbu\u0308rste-Magic-Wood-1.jpg","type":"image\/jpeg"}],"twitter_card":"summary_large_image","twitter_misc":{"Price":"&euro;&nbsp;9,90","Availability":"In stock"},"schema":{"@context":"https:\/\/schema.org","@graph":[{"@type":["WebPage","ItemPage"],"@id":"https:\/\/bolting.eu\/en\/shop\/mantle-griffbuerste-magic-wood\/","url":"https:\/\/bolting.eu\/en\/shop\/mantle-griffbuerste-magic-wood\/","name":"Mantle Griffb\u00fcrste Magic Wood - Allrund Boulderb\u00fcrste kaufen | bolting.eu","isPartOf":{"@id":"https:\/\/bolting.eu\/en\/#website"},"primaryImageOfPage":{"@id":"https:\/\/bolting.eu\/en\/shop\/mantle-griffbuerste-magic-wood\/#primaryimage"},"image":{"@id":"https:\/\/bolting.eu\/en\/shop\/mantle-griffbuerste-magic-wood\/#primaryimage"},"thumbnailUrl":"https:\/\/bolting.eu\/wp-content\/uploads\/2021\/03\/Mantle-Boulderbu\u0308rste-Magic-Wood-1.jpg","datePublished":"2021-03-17T10:34:08+00:00","dateModified":"2026-04-19T14:32:54+00:00","description":"Hier findest Du die MANTLE GRIFFB\u00dcRSTE MAGIC WOOD. Eine mittelgro\u00dfe Boulderb\u00fcrste mit steifen Borsten f\u00fcr alle Grifftypen!","breadcrumb":{"@id":"https:\/\/bolting.eu\/en\/shop\/mantle-griffbuerste-magic-wood\/#breadcrumb"},"inLanguage":"en-US","potentialAction":[{"@type":"ReadAction","target":["https:\/\/bolting.eu\/en\/shop\/mantle-griffbuerste-magic-wood\/"]}]},{"@type":"ImageObject","inLanguage":"en-US","@id":"https:\/\/bolting.eu\/en\/shop\/mantle-griffbuerste-magic-wood\/#primaryimage","url":"https:\/\/bolting.eu\/wp-content\/uploads\/2021\/03\/Mantle-Boulderbu\u0308rste-Magic-Wood-1.jpg","contentUrl":"https:\/\/bolting.eu\/wp-content\/uploads\/2021\/03\/Mantle-Boulderbu\u0308rste-Magic-Wood-1.jpg","width":700,"height":700,"caption":"Das Bild zeigt die Mantle Griffb\u00fcrste Magic Wood. Sie steht schr\u00e4g im Bild, links oben der dunkle B\u00fcrstenkopf, rechts unten der helle Holztiel."},{"@type":"BreadcrumbList","@id":"https:\/\/bolting.eu\/en\/shop\/mantle-griffbuerste-magic-wood\/#breadcrumb","itemListElement":[{"@type":"ListItem","position":1,"name":"Shop","item":"https:\/\/bolting.eu\/en\/shop\/"},{"@type":"ListItem","position":2,"name":"Boulder Ausr\u00fcstung","item":"https:\/\/bolting.eu\/produkt-kategorie\/boulder-ausruestung\/"},{"@type":"ListItem","position":3,"name":"Boulder brushes","item":"https:\/\/bolting.eu\/en\/produkt-kategorie\/boulder-brushes\/"},{"@type":"ListItem","position":4,"name":"Mantle Griffb\u00fcrste Magic Wood"}]},{"@type":"WebSite","@id":"https:\/\/bolting.eu\/en\/#website","url":"https:\/\/bolting.eu\/en\/","name":"bolting.eu","description":"we make climbs happen","publisher":{"@id":"https:\/\/bolting.eu\/en\/#organization"},"potentialAction":[{"@type":"SearchAction","target":{"@type":"EntryPoint","urlTemplate":"https:\/\/bolting.eu\/en\/?s={search_term_string}"},"query-input":{"@type":"PropertyValueSpecification","valueRequired":true,"valueName":"search_term_string"}}],"inLanguage":"en-US"},{"@type":["Organization","Place","SportingGoodsStore"],"@id":"https:\/\/bolting.eu\/en\/#organization","name":"bolting.eu","url":"https:\/\/bolting.eu\/en\/","logo":{"@id":"https:\/\/bolting.eu\/en\/shop\/mantle-griffbuerste-magic-wood\/#local-main-organization-logo"},"image":{"@id":"https:\/\/bolting.eu\/en\/shop\/mantle-griffbuerste-magic-wood\/#local-main-organization-logo"},"sameAs":["https:\/\/www.facebook.com\/bolting.eu","https:\/\/www.instagram.com\/bolting.eu\/"],"address":{"@id":"https:\/\/bolting.eu\/en\/shop\/mantle-griffbuerste-magic-wood\/#local-main-place-address"},"geo":{"@type":"GeoCoordinates","latitude":"47.264176340396226","longitude":"11.380109057672346"},"telephone":["+43 699 19083372"],"openingHoursSpecification":[{"@type":"OpeningHoursSpecification","dayOfWeek":["Monday","Wednesday","Friday"],"opens":"14:00","closes":"18:00"},{"@type":"OpeningHoursSpecification","dayOfWeek":["Tuesday","Thursday","Saturday","Sunday"],"opens":"00:00","closes":"00:00"}],"email":"office@bolting.eu","vatID":"ATU59999728","priceRange":"$$","currenciesAccepted":"Euro"},{"@type":"PostalAddress","@id":"https:\/\/bolting.eu\/en\/shop\/mantle-griffbuerste-magic-wood\/#local-main-place-address","streetAddress":"Fischnalerstra\u00dfe 4","addressLocality":"Innsbruck","postalCode":"6020","addressRegion":"Tirol","addressCountry":"AT"},{"@type":"ImageObject","inLanguage":"en-US","@id":"https:\/\/bolting.eu\/en\/shop\/mantle-griffbuerste-magic-wood\/#local-main-organization-logo","url":"https:\/\/bolting.eu\/wp-content\/uploads\/2019\/09\/bolting-logo.png","contentUrl":"https:\/\/bolting.eu\/wp-content\/uploads\/2019\/09\/bolting-logo.png","width":400,"height":211,"caption":"bolting.eu"}]},"product_price_amount":"9.90","product_price_currency":"EUR","og_availability":"instock","product_availability":"instock","product_retailer_item_id":"M4100","product_condition":"new","geo.placename":"Innsbruck","geo.position":{"lat":"47.264176340396226","long":"11.380109057672346"},"geo.region":"Austria"},"_links":{"self":[{"href":"https:\/\/bolting.eu\/en\/wp-json\/wp\/v2\/product\/8053","targetHints":{"allow":["GET"]}}],"collection":[{"href":"https:\/\/bolting.eu\/en\/wp-json\/wp\/v2\/product"}],"about":[{"href":"https:\/\/bolting.eu\/en\/wp-json\/wp\/v2\/types\/product"}],"replies":[{"embeddable":true,"href":"https:\/\/bolting.eu\/en\/wp-json\/wp\/v2\/comments?post=8053"}],"wp:featuredmedia":[{"embeddable":true,"href":"https:\/\/bolting.eu\/en\/wp-json\/wp\/v2\/media\/8041"}],"wp:attachment":[{"href":"https:\/\/bolting.eu\/en\/wp-json\/wp\/v2\/media?parent=8053"}],"wp:term":[{"taxonomy":"product_brand","embeddable":true,"href":"https:\/\/bolting.eu\/en\/wp-json\/wp\/v2\/product_brand?post=8053"},{"taxonomy":"product_cat","embeddable":true,"href":"https:\/\/bolting.eu\/en\/wp-json\/wp\/v2\/product_cat?post=8053"},{"taxonomy":"product_tag","embeddable":true,"href":"https:\/\/bolting.eu\/en\/wp-json\/wp\/v2\/product_tag?post=8053"}],"curies":[{"name":"wp","href":"https:\/\/api.w.org\/{rel}","templated":true}]}}