{"id":7988,"date":"2021-03-15T11:22:06","date_gmt":"2021-03-15T10:22:06","guid":{"rendered":"https:\/\/bolting.eu\/?post_type=product&#038;p=7988"},"modified":"2025-07-03T10:40:05","modified_gmt":"2025-07-03T08:40:05","slug":"metolius-ultralight-power-cam","status":"publish","type":"product","link":"https:\/\/bolting.eu\/en\/shop\/metolius-ultralight-power-cam\/","title":{"rendered":"Metolius Ultralight Power Cam"},"content":{"rendered":"<p>Die Metolius Ultralight Power Cam sind die leichtesten 4segmentigen Klemmger\u00e4te der Welt. Diese Eigenschaft macht diese Friends zu einer beliebten Wahl f\u00fcr Trad Kletterer, Alpinfreaks und Big Wall Ratten.<\/p>\n<p><a href=\"https:\/\/bolting.eu\/wp-content\/uploads\/2021\/03\/Metolius-Ultralight-Power-Cam-Detail.jpg\"><img loading=\"lazy\" decoding=\"async\" class=\"alignleft wp-image-7991 size-thumbnail\" src=\"https:\/\/bolting.eu\/wp-content\/uploads\/2021\/03\/Metolius-Ultralight-Power-Cam-Detail-280x280.jpg\" alt=\"Das Bild zeigt einen Metolius Ultralight Power Cam mit silbernen Klemmsegmenten und gr\u00fcner Bandschlinge.\" width=\"280\" height=\"280\" srcset=\"https:\/\/bolting.eu\/wp-content\/uploads\/2021\/03\/Metolius-Ultralight-Power-Cam-Detail-280x280.jpg 280w, https:\/\/bolting.eu\/wp-content\/uploads\/2021\/03\/Metolius-Ultralight-Power-Cam-Detail-247x247.jpg 247w, https:\/\/bolting.eu\/wp-content\/uploads\/2021\/03\/Metolius-Ultralight-Power-Cam-Detail-100x100.jpg 100w, https:\/\/bolting.eu\/wp-content\/uploads\/2021\/03\/Metolius-Ultralight-Power-Cam-Detail-510x510.jpg 510w, https:\/\/bolting.eu\/wp-content\/uploads\/2021\/03\/Metolius-Ultralight-Power-Cam-Detail-400x400.jpg 400w, https:\/\/bolting.eu\/wp-content\/uploads\/2021\/03\/Metolius-Ultralight-Power-Cam-Detail-300x300.jpg 300w, https:\/\/bolting.eu\/wp-content\/uploads\/2021\/03\/Metolius-Ultralight-Power-Cam-Detail-600x600.jpg 600w, https:\/\/bolting.eu\/wp-content\/uploads\/2021\/03\/Metolius-Ultralight-Power-Cam-Detail.jpg 700w\" sizes=\"auto, (max-width: 280px) 100vw, 280px\" \/><\/a>Denn der st\u00e4ndige Ruf von Kletterern nach extra leichten Klemmger\u00e4ten definiert die Marktposition der Powercams. D.h. obwohl es technisch bereits ausgereiftere Modelle mit nur einem Steg gibt (wie z.b. Black Diamond Camalot), haben sie in manchen Bereichen einfach immer noch die Nase vorne.<\/p>\n<p>Erstens eben das Gewicht. Zweitens aber auch der hohe Einh\u00e4ngepunkt direkt am U-f\u00f6rmigen Steg. Drittens sind die Metolius Ultralight Power Cam einfach nicht kaputt zu kriegen. Und viertens bieten sie f\u00fcr Trad Anf\u00e4nger mit dem &#8220;Range Finder&#8221; eine super Beurteilungshilfe f\u00fcr die Qualit\u00e4t des Placements.<\/p>\n<p>Kurzum. Wer viel Trad klettert oder sehr lange Alpinrouten macht, sollte sich diese Cams zulegen. Und sie geh\u00f6ren sowieso in jede Granit <a href=\"https:\/\/bolting.eu\/big-wall-ausruestung\/\">Big Wall Ausr\u00fcstung<\/a>.<\/p>\n<h2>Eigenschaften Metolius Ultralight Power Cam<\/h2>\n<ul>\n<li>Hersteller: Metolius<\/li>\n<li>leichtester 4segmentiges Klemmger\u00e4t der Welt<\/li>\n<li>U-f\u00f6rmiger Steg<\/li>\n<li>Range Finder ab Gr\u00f6\u00dfe #2<\/li>\n<li>leicht zu &#8220;cleanen&#8221; = entfernen<\/li>\n<li>EN Norm: En 12276<\/li>\n<li>10 Gr\u00f6\u00dfen: 00, 0, 1, 2 , 3, 4, 5, 6, 7, 8;<\/li>\n<li>13mm Bandschlinge<\/li>\n<li>farblich markiert<\/li>\n<\/ul>\n<h3>Metolius Ultralight Power Cam Gr\u00f6\u00dfentabelle<\/h3>\n<p>Die folgende Tabelle soll euch eine klare \u00dcbersicht zu Gr\u00f6\u00dfenbezeichnung, Dimensionen, Farben und Gewicht geben.<\/p>\n<p><a href=\"https:\/\/bolting.eu\/wp-content\/uploads\/2021\/03\/Metolius-Ultralight-Power-Cams-Chart.jpg\"><img loading=\"lazy\" decoding=\"async\" class=\"wp-image-8005 size-large alignnone\" src=\"https:\/\/bolting.eu\/wp-content\/uploads\/2021\/03\/Metolius-Ultralight-Power-Cams-Chart-419x800.jpg\" alt=\"Das Bild zeigt eine \u00dcbersicht zu den Gr\u00f6\u00dfen, FArben, Gewichten und Dimensionen von Klemmger\u00e4ten.\" width=\"419\" height=\"800\" srcset=\"https:\/\/bolting.eu\/wp-content\/uploads\/2021\/03\/Metolius-Ultralight-Power-Cams-Chart-419x800.jpg 419w, https:\/\/bolting.eu\/wp-content\/uploads\/2021\/03\/Metolius-Ultralight-Power-Cams-Chart-510x973.jpg 510w, https:\/\/bolting.eu\/wp-content\/uploads\/2021\/03\/Metolius-Ultralight-Power-Cams-Chart-210x400.jpg 210w, https:\/\/bolting.eu\/wp-content\/uploads\/2021\/03\/Metolius-Ultralight-Power-Cams-Chart.jpg 600w\" sizes=\"auto, (max-width: 419px) 100vw, 419px\" \/><\/a><\/p>\n<h2>Klein, leicht, langlebig!<\/h2>\n<p>Die Metolius Ultralight Power Cam zeichnen sich durch drei gro\u00dfe Vorteile aus.<\/p>\n<p>Erstens sind die kleinen Gr\u00f6\u00dfen in regelm\u00e4\u00dfigen Rissen unschlagbar. Wir waren selber ja viele Jahre im Yosemite unterwegs. Dort geh\u00f6ren die Gr\u00f6\u00dfen #00 bis #3 zu fast jedem Rack der dortigen Kletterer. Einer der Hauptgr\u00fcnde ist das geringe Gewicht.<\/p>\n<p>Zweitens sind sie extrem langlebig. Der U-f\u00f6rmige Steg gibt den Friends n\u00e4mlich ordentlich Stabilit\u00e4t und Langlebigkeit.<\/p>\n<p>Drittens ist es das Handling das hier einfach stimmt. Durch den U-f\u00f6rmigen Steg lassen sie die Klemmger\u00e4te einerseits rasch legen. Und andererseits aber auch gut entfernen. Unserer Erfahrung nach haben diese Cams wesentliche Vorteile beim Cleanen gegen\u00fcber den Friends mit nur einem Steg.<\/p>\n<h3>Metolius Ultralight Power Cam Range Finder<\/h3>\n<figure id=\"attachment_7989\" aria-describedby=\"caption-attachment-7989\" style=\"width: 200px\" class=\"wp-caption alignleft\"><a href=\"https:\/\/bolting.eu\/wp-content\/uploads\/2021\/03\/Metolius-Ultralight-Power-Cam-kopf.jpg\"><img loading=\"lazy\" decoding=\"async\" class=\"wp-image-7989\" src=\"https:\/\/bolting.eu\/wp-content\/uploads\/2021\/03\/Metolius-Ultralight-Power-Cam-kopf.jpg\" alt=\"Das Bild zeigt im Detail den Range Finder auf den Metolius Ultralight Power Cam Klemmsegmenten.\" width=\"200\" height=\"200\" srcset=\"https:\/\/bolting.eu\/wp-content\/uploads\/2021\/03\/Metolius-Ultralight-Power-Cam-kopf.jpg 700w, https:\/\/bolting.eu\/wp-content\/uploads\/2021\/03\/Metolius-Ultralight-Power-Cam-kopf-247x247.jpg 247w, https:\/\/bolting.eu\/wp-content\/uploads\/2021\/03\/Metolius-Ultralight-Power-Cam-kopf-100x100.jpg 100w, https:\/\/bolting.eu\/wp-content\/uploads\/2021\/03\/Metolius-Ultralight-Power-Cam-kopf-510x510.jpg 510w, https:\/\/bolting.eu\/wp-content\/uploads\/2021\/03\/Metolius-Ultralight-Power-Cam-kopf-400x400.jpg 400w, https:\/\/bolting.eu\/wp-content\/uploads\/2021\/03\/Metolius-Ultralight-Power-Cam-kopf-280x280.jpg 280w, https:\/\/bolting.eu\/wp-content\/uploads\/2021\/03\/Metolius-Ultralight-Power-Cam-kopf-300x300.jpg 300w, https:\/\/bolting.eu\/wp-content\/uploads\/2021\/03\/Metolius-Ultralight-Power-Cam-kopf-600x600.jpg 600w\" sizes=\"auto, (max-width: 200px) 100vw, 200px\" \/><\/a><figcaption id=\"caption-attachment-7989\" class=\"wp-caption-text\">Super f\u00fcr Trad Anf\u00e4nger, der Range Finder!<\/figcaption><\/figure>\n<p>Hierbei handelt es sich um eine Farbliche Markierung der zwei \u00e4u\u00dferen Klemmsegmente. D.h. man sieht von jeder Seite sofort bei welcher Farbe die Segmente am Fels anliegen.<\/p>\n<p>Sind sie im gr\u00fcnenBereich, bedeutet dies perfekten Halt. Gelb hei\u00dft &#8220;na ja&#8221;. Rot weist auf zu wenig Spreizwinkel und zu lockern Sitz hin.<\/p>\n<p>Unserer Meinung nach kann die Farbmarkierung eine gute Hilfe f\u00fcr Anf\u00e4nger sein. Erfahrene Trad Kletterer werden dadurch keinen wesentlichen Vorteil haben.<\/p>\n<h3>Perfekt in regelm\u00e4\u00dfigen Rissen<\/h3>\n<figure id=\"attachment_7990\" aria-describedby=\"caption-attachment-7990\" style=\"width: 200px\" class=\"wp-caption alignleft\"><a href=\"https:\/\/bolting.eu\/wp-content\/uploads\/2021\/03\/Metolius-Ultralight-Power-Cam-Range-Finder.jpg\"><img loading=\"lazy\" decoding=\"async\" class=\"wp-image-7990\" src=\"https:\/\/bolting.eu\/wp-content\/uploads\/2021\/03\/Metolius-Ultralight-Power-Cam-Range-Finder.jpg\" alt=\"Das Bild zeigt die Funktion des Metolius Range Finder auf den Metolius Ultralight Power Cam.\" width=\"200\" height=\"200\" srcset=\"https:\/\/bolting.eu\/wp-content\/uploads\/2021\/03\/Metolius-Ultralight-Power-Cam-Range-Finder.jpg 700w, https:\/\/bolting.eu\/wp-content\/uploads\/2021\/03\/Metolius-Ultralight-Power-Cam-Range-Finder-100x100.jpg 100w, https:\/\/bolting.eu\/wp-content\/uploads\/2021\/03\/Metolius-Ultralight-Power-Cam-Range-Finder-510x510.jpg 510w, https:\/\/bolting.eu\/wp-content\/uploads\/2021\/03\/Metolius-Ultralight-Power-Cam-Range-Finder-400x400.jpg 400w, https:\/\/bolting.eu\/wp-content\/uploads\/2021\/03\/Metolius-Ultralight-Power-Cam-Range-Finder-280x280.jpg 280w, https:\/\/bolting.eu\/wp-content\/uploads\/2021\/03\/Metolius-Ultralight-Power-Cam-Range-Finder-300x300.jpg 300w, https:\/\/bolting.eu\/wp-content\/uploads\/2021\/03\/Metolius-Ultralight-Power-Cam-Range-Finder-600x600.jpg 600w\" sizes=\"auto, (max-width: 200px) 100vw, 200px\" \/><\/a><figcaption id=\"caption-attachment-7990\" class=\"wp-caption-text\">Perfekt f\u00fcr schmale und regelm\u00e4\u00dfige Risse!<\/figcaption><\/figure>\n<p>Die Metolius Ultralight Power Cam sind perfekt in regelm\u00e4\u00dfigen Rissen. D.h. langen geraden Verschneidungen, sch\u00f6nen Splittern und geraden Rissspuren.<\/p>\n<p>Wer es viel mit sehr unregelm\u00e4\u00dfigen Rissen zu tun hat, sollte sich erg\u00e4nzend andere Modelle \u00fcberlegen. Wie z.B. den <a href=\"https:\/\/bolting.eu\/shop\/metolius-friends-ultralight-master-cam\/\">Metolius Master Cams<\/a>, <a href=\"https:\/\/bolting.eu\/shop\/dmm-dragon-cam-set\/\">DMM Dragon Cams<\/a> oder Black Diamond Camalots.<\/p>\n<p>F\u00fcr geflarte, also nach au\u00dfen offene Risse, empfehlen wir in jedem Fall Offset Friends oder die <a href=\"https:\/\/bolting.eu\/shop\/totem-cams-klemmgeraete\/\">Totem Cams<\/a>.<\/p>\n<p>F\u00fcr extrem kleine Risse, bei denen ein kleiner Kopf entscheidend ist, sind die Fixe Aliens vielleicht die beste Wahl.<\/p>\n<h3>Pflege Metolius Ultralight Power Cam<\/h3>\n<p>Die Segmente auf den Achsen liegen bei diesen Friends sehr eng beieinander. D.h. hier ist es besonders wichtig, die Klemmger\u00e4te regelm\u00e4\u00dfig zu pflegen.<\/p>\n<p>Unsere Empfehlung lautet daher. Wascht eure Friends nach jeder Sommer Klettersaison mit lauwarmen Wasser ordentlich durch. Nach dem Trocknen mit dem <a href=\"https:\/\/bolting.eu\/shop\/metolius-cam-lube\/\">Metolius Cam Lube<\/a> \u00d6l einschmieren. Die Segmente ordentlich durch bewegen und dann trocken lagern.<\/p>\n<p>Mehr dazu in diesem <a href=\"https:\/\/youtu.be\/QSr97PxQH_M\" target=\"_blank\" rel=\"noopener\">Video<\/a>.<\/p>\n","protected":false},"excerpt":{"rendered":"<p>Leichtester 4segmentiges Klemmger\u00e4t der Welt mit U-f\u00f6rmiger Steg und\u00a0Range Finder ab Gr\u00f6\u00dfe #2.<\/p>\n<p>Farblich markierte 13mm Bandschlingen und in 10 Gr\u00f6\u00dfen erh\u00e4ltlich.<\/p>\n<p>Versandkostenfrei bis 2kg in <img decoding=\"async\" class=\"emoji\" role=\"img\" draggable=\"false\" src=\"https:\/\/s.w.org\/images\/core\/emoji\/14.0.0\/svg\/1f1e6-1f1f9.svg\" alt=\"\ud83c\udde6\ud83c\uddf9\" \/> ab \u20ac 100,- und <img decoding=\"async\" class=\"emoji\" role=\"img\" draggable=\"false\" src=\"https:\/\/s.w.org\/images\/core\/emoji\/14.0.0\/svg\/1f1e9-1f1ea.svg\" alt=\"\ud83c\udde9\ud83c\uddea\" \/> ab \u20ac 200,-!<\/p>\n","protected":false},"featured_media":8006,"comment_status":"open","ping_status":"closed","template":"","meta":[],"product_brand":[],"product_cat":[39,29,4657,14319],"product_tag":[],"class_list":{"0":"post-7988","1":"product","2":"type-product","3":"status-publish","4":"has-post-thumbnail","6":"product_cat-klemmgeraete-friends","7":"product_cat-kletterausruestung","8":"product_cat-metolius","9":"product_cat-sale-klettern","11":"first","12":"instock","13":"sale","14":"taxable","15":"shipping-taxable","16":"purchasable","17":"product-type-variable"},"yoast_head":"<!-- This site is optimized with the Yoast SEO Premium plugin v26.9 (Yoast SEO v26.9) - https:\/\/yoast.com\/product\/yoast-seo-premium-wordpress\/ -->\n<title>Metolius Ultralight Power Cam | bolting.eu<\/title>\n<meta name=\"description\" content=\"METOLIUS ULTRALIGHT POWER CAM g\u00fcnstig beim Kletter Hardwareprofi aus Innsbruck kaufen \u2705 kostenloser Versand* \u2705 14 Tage R\u00fcckgaberecht \u2705 Co2 neutraler Versand\" \/>\n<meta name=\"robots\" content=\"index, follow, max-snippet:-1, max-image-preview:large, max-video-preview:-1\" \/>\n<link rel=\"canonical\" href=\"https:\/\/bolting.eu\/en\/shop\/metolius-ultralight-power-cam\/\" \/>\n<meta property=\"og:locale\" content=\"en_US\" \/>\n<meta property=\"og:type\" content=\"article\" \/>\n<meta property=\"og:title\" content=\"Metolius Ultralight Power Cam\" \/>\n<meta property=\"og:description\" content=\"METOLIUS ULTRALIGHT POWER CAM g\u00fcnstig beim Kletter Hardwareprofi aus Innsbruck kaufen \u2705 kostenloser Versand* \u2705 14 Tage R\u00fcckgaberecht \u2705 Co2 neutraler Versand\" \/>\n<meta property=\"og:url\" content=\"https:\/\/bolting.eu\/en\/shop\/metolius-ultralight-power-cam\/\" \/>\n<meta property=\"og:site_name\" content=\"bolting.eu\" \/>\n<meta property=\"article:publisher\" content=\"https:\/\/www.facebook.com\/bolting.eu\" \/>\n<meta property=\"article:modified_time\" content=\"2025-07-03T08:40:05+00:00\" \/>\n<meta property=\"og:image\" content=\"https:\/\/bolting.eu\/wp-content\/uploads\/2021\/03\/Metolius-Ultralight-Power-Cam-Set.jpg\" \/>\n\t<meta property=\"og:image:width\" content=\"700\" \/>\n\t<meta property=\"og:image:height\" content=\"700\" \/>\n\t<meta property=\"og:image:type\" content=\"image\/jpeg\" \/>\n<meta name=\"twitter:card\" content=\"summary_large_image\" \/>\n<meta name=\"twitter:label1\" content=\"Availability\" \/>\n\t<meta name=\"twitter:data1\" content=\"In stock\" \/>\n<script type=\"application\/ld+json\" class=\"yoast-schema-graph\">{\"@context\":\"https:\/\/schema.org\",\"@graph\":[{\"@type\":[\"WebPage\",\"ItemPage\"],\"@id\":\"https:\/\/bolting.eu\/en\/shop\/metolius-ultralight-power-cam\/\",\"url\":\"https:\/\/bolting.eu\/en\/shop\/metolius-ultralight-power-cam\/\",\"name\":\"Metolius Ultralight Power Cam | bolting.eu\",\"isPartOf\":{\"@id\":\"https:\/\/bolting.eu\/en\/#website\"},\"primaryImageOfPage\":{\"@id\":\"https:\/\/bolting.eu\/en\/shop\/metolius-ultralight-power-cam\/#primaryimage\"},\"image\":{\"@id\":\"https:\/\/bolting.eu\/en\/shop\/metolius-ultralight-power-cam\/#primaryimage\"},\"thumbnailUrl\":\"https:\/\/bolting.eu\/wp-content\/uploads\/2021\/03\/Metolius-Ultralight-Power-Cam-Set.jpg\",\"datePublished\":\"2021-03-15T10:22:06+00:00\",\"dateModified\":\"2025-07-03T08:40:05+00:00\",\"description\":\"METOLIUS ULTRALIGHT POWER CAM g\u00fcnstig beim Kletter Hardwareprofi aus Innsbruck kaufen \u2705 kostenloser Versand* \u2705 14 Tage R\u00fcckgaberecht \u2705 Co2 neutraler Versand\",\"breadcrumb\":{\"@id\":\"https:\/\/bolting.eu\/en\/shop\/metolius-ultralight-power-cam\/#breadcrumb\"},\"inLanguage\":\"en-US\",\"potentialAction\":[{\"@type\":\"ReadAction\",\"target\":[\"https:\/\/bolting.eu\/en\/shop\/metolius-ultralight-power-cam\/\"]}]},{\"@type\":\"ImageObject\",\"inLanguage\":\"en-US\",\"@id\":\"https:\/\/bolting.eu\/en\/shop\/metolius-ultralight-power-cam\/#primaryimage\",\"url\":\"https:\/\/bolting.eu\/wp-content\/uploads\/2021\/03\/Metolius-Ultralight-Power-Cam-Set.jpg\",\"contentUrl\":\"https:\/\/bolting.eu\/wp-content\/uploads\/2021\/03\/Metolius-Ultralight-Power-Cam-Set.jpg\",\"width\":700,\"height\":700,\"caption\":\"Das Bild zeigt ein Set mit 10 St\u00fcck Metolius Ultralight Power Cam in bunten Farben.\"},{\"@type\":\"BreadcrumbList\",\"@id\":\"https:\/\/bolting.eu\/en\/shop\/metolius-ultralight-power-cam\/#breadcrumb\",\"itemListElement\":[{\"@type\":\"ListItem\",\"position\":1,\"name\":\"Shop\",\"item\":\"https:\/\/bolting.eu\/en\/shop\/\"},{\"@type\":\"ListItem\",\"position\":2,\"name\":\"climbing equipment\",\"item\":\"https:\/\/bolting.eu\/en\/produkt-kategorie\/climbing-equipment\/\"},{\"@type\":\"ListItem\",\"position\":3,\"name\":\"Klemmger\u00e4te - Friends\",\"item\":\"https:\/\/bolting.eu\/produkt-kategorie\/kletterausruestung\/klemmgeraete-friends\/\"},{\"@type\":\"ListItem\",\"position\":4,\"name\":\"Metolius Ultralight Power Cam\"}]},{\"@type\":\"WebSite\",\"@id\":\"https:\/\/bolting.eu\/en\/#website\",\"url\":\"https:\/\/bolting.eu\/en\/\",\"name\":\"bolting.eu\",\"description\":\"we make climbs happen\",\"publisher\":{\"@id\":\"https:\/\/bolting.eu\/en\/#organization\"},\"potentialAction\":[{\"@type\":\"SearchAction\",\"target\":{\"@type\":\"EntryPoint\",\"urlTemplate\":\"https:\/\/bolting.eu\/en\/?s={search_term_string}\"},\"query-input\":{\"@type\":\"PropertyValueSpecification\",\"valueRequired\":true,\"valueName\":\"search_term_string\"}}],\"inLanguage\":\"en-US\"},{\"@type\":[\"Organization\",\"Place\",\"SportingGoodsStore\"],\"@id\":\"https:\/\/bolting.eu\/en\/#organization\",\"name\":\"bolting.eu\",\"url\":\"https:\/\/bolting.eu\/en\/\",\"logo\":{\"@id\":\"https:\/\/bolting.eu\/en\/shop\/metolius-ultralight-power-cam\/#local-main-organization-logo\"},\"image\":{\"@id\":\"https:\/\/bolting.eu\/en\/shop\/metolius-ultralight-power-cam\/#local-main-organization-logo\"},\"sameAs\":[\"https:\/\/www.facebook.com\/bolting.eu\",\"https:\/\/www.instagram.com\/bolting.eu\/\"],\"address\":{\"@id\":\"https:\/\/bolting.eu\/en\/shop\/metolius-ultralight-power-cam\/#local-main-place-address\"},\"geo\":{\"@type\":\"GeoCoordinates\",\"latitude\":\"47.264176340396226\",\"longitude\":\"11.380109057672346\"},\"telephone\":[\"+43 699 19083372\"],\"openingHoursSpecification\":[{\"@type\":\"OpeningHoursSpecification\",\"dayOfWeek\":[\"Monday\",\"Wednesday\",\"Friday\"],\"opens\":\"14:00\",\"closes\":\"18:00\"},{\"@type\":\"OpeningHoursSpecification\",\"dayOfWeek\":[\"Tuesday\",\"Thursday\",\"Saturday\",\"Sunday\"],\"opens\":\"00:00\",\"closes\":\"00:00\"}],\"email\":\"office@bolting.eu\",\"vatID\":\"ATU59999728\",\"priceRange\":\"$$\",\"currenciesAccepted\":\"Euro\"},{\"@type\":\"PostalAddress\",\"@id\":\"https:\/\/bolting.eu\/en\/shop\/metolius-ultralight-power-cam\/#local-main-place-address\",\"streetAddress\":\"Fischnalerstra\u00dfe 4\",\"addressLocality\":\"Innsbruck\",\"postalCode\":\"6020\",\"addressRegion\":\"Tirol\",\"addressCountry\":\"AT\"},{\"@type\":\"ImageObject\",\"inLanguage\":\"en-US\",\"@id\":\"https:\/\/bolting.eu\/en\/shop\/metolius-ultralight-power-cam\/#local-main-organization-logo\",\"url\":\"https:\/\/bolting.eu\/wp-content\/uploads\/2019\/09\/bolting-logo.png\",\"contentUrl\":\"https:\/\/bolting.eu\/wp-content\/uploads\/2019\/09\/bolting-logo.png\",\"width\":400,\"height\":211,\"caption\":\"bolting.eu\"}]}<\/script>\n<meta property=\"og:availability\" content=\"instock\" \/>\n<meta property=\"product:availability\" content=\"instock\" \/>\n<meta property=\"product:condition\" content=\"new\" \/>\n<meta name=\"geo.placename\" content=\"Innsbruck\" \/>\n<meta name=\"geo.position\" content=\"47.264176340396226;11.380109057672346\" \/>\n<meta name=\"geo.region\" content=\"Austria\" \/>\n<!-- \/ Yoast SEO Premium plugin. -->","yoast_head_json":{"title":"Metolius Ultralight Power Cam | bolting.eu","description":"METOLIUS ULTRALIGHT POWER CAM g\u00fcnstig beim Kletter Hardwareprofi aus Innsbruck kaufen \u2705 kostenloser Versand* \u2705 14 Tage R\u00fcckgaberecht \u2705 Co2 neutraler Versand","robots":{"index":"index","follow":"follow","max-snippet":"max-snippet:-1","max-image-preview":"max-image-preview:large","max-video-preview":"max-video-preview:-1"},"canonical":"https:\/\/bolting.eu\/en\/shop\/metolius-ultralight-power-cam\/","og_locale":"en_US","og_type":"article","og_title":"Metolius Ultralight Power Cam","og_description":"METOLIUS ULTRALIGHT POWER CAM g\u00fcnstig beim Kletter Hardwareprofi aus Innsbruck kaufen \u2705 kostenloser Versand* \u2705 14 Tage R\u00fcckgaberecht \u2705 Co2 neutraler Versand","og_url":"https:\/\/bolting.eu\/en\/shop\/metolius-ultralight-power-cam\/","og_site_name":"bolting.eu","article_publisher":"https:\/\/www.facebook.com\/bolting.eu","article_modified_time":"2025-07-03T08:40:05+00:00","og_image":[{"width":700,"height":700,"url":"https:\/\/bolting.eu\/wp-content\/uploads\/2021\/03\/Metolius-Ultralight-Power-Cam-Set.jpg","type":"image\/jpeg"}],"twitter_card":"summary_large_image","twitter_misc":{"Availability":"In stock"},"schema":{"@context":"https:\/\/schema.org","@graph":[{"@type":["WebPage","ItemPage"],"@id":"https:\/\/bolting.eu\/en\/shop\/metolius-ultralight-power-cam\/","url":"https:\/\/bolting.eu\/en\/shop\/metolius-ultralight-power-cam\/","name":"Metolius Ultralight Power Cam | bolting.eu","isPartOf":{"@id":"https:\/\/bolting.eu\/en\/#website"},"primaryImageOfPage":{"@id":"https:\/\/bolting.eu\/en\/shop\/metolius-ultralight-power-cam\/#primaryimage"},"image":{"@id":"https:\/\/bolting.eu\/en\/shop\/metolius-ultralight-power-cam\/#primaryimage"},"thumbnailUrl":"https:\/\/bolting.eu\/wp-content\/uploads\/2021\/03\/Metolius-Ultralight-Power-Cam-Set.jpg","datePublished":"2021-03-15T10:22:06+00:00","dateModified":"2025-07-03T08:40:05+00:00","description":"METOLIUS ULTRALIGHT POWER CAM g\u00fcnstig beim Kletter Hardwareprofi aus Innsbruck kaufen \u2705 kostenloser Versand* \u2705 14 Tage R\u00fcckgaberecht \u2705 Co2 neutraler Versand","breadcrumb":{"@id":"https:\/\/bolting.eu\/en\/shop\/metolius-ultralight-power-cam\/#breadcrumb"},"inLanguage":"en-US","potentialAction":[{"@type":"ReadAction","target":["https:\/\/bolting.eu\/en\/shop\/metolius-ultralight-power-cam\/"]}]},{"@type":"ImageObject","inLanguage":"en-US","@id":"https:\/\/bolting.eu\/en\/shop\/metolius-ultralight-power-cam\/#primaryimage","url":"https:\/\/bolting.eu\/wp-content\/uploads\/2021\/03\/Metolius-Ultralight-Power-Cam-Set.jpg","contentUrl":"https:\/\/bolting.eu\/wp-content\/uploads\/2021\/03\/Metolius-Ultralight-Power-Cam-Set.jpg","width":700,"height":700,"caption":"Das Bild zeigt ein Set mit 10 St\u00fcck Metolius Ultralight Power Cam in bunten Farben."},{"@type":"BreadcrumbList","@id":"https:\/\/bolting.eu\/en\/shop\/metolius-ultralight-power-cam\/#breadcrumb","itemListElement":[{"@type":"ListItem","position":1,"name":"Shop","item":"https:\/\/bolting.eu\/en\/shop\/"},{"@type":"ListItem","position":2,"name":"climbing equipment","item":"https:\/\/bolting.eu\/en\/produkt-kategorie\/climbing-equipment\/"},{"@type":"ListItem","position":3,"name":"Klemmger\u00e4te - Friends","item":"https:\/\/bolting.eu\/produkt-kategorie\/kletterausruestung\/klemmgeraete-friends\/"},{"@type":"ListItem","position":4,"name":"Metolius Ultralight Power Cam"}]},{"@type":"WebSite","@id":"https:\/\/bolting.eu\/en\/#website","url":"https:\/\/bolting.eu\/en\/","name":"bolting.eu","description":"we make climbs happen","publisher":{"@id":"https:\/\/bolting.eu\/en\/#organization"},"potentialAction":[{"@type":"SearchAction","target":{"@type":"EntryPoint","urlTemplate":"https:\/\/bolting.eu\/en\/?s={search_term_string}"},"query-input":{"@type":"PropertyValueSpecification","valueRequired":true,"valueName":"search_term_string"}}],"inLanguage":"en-US"},{"@type":["Organization","Place","SportingGoodsStore"],"@id":"https:\/\/bolting.eu\/en\/#organization","name":"bolting.eu","url":"https:\/\/bolting.eu\/en\/","logo":{"@id":"https:\/\/bolting.eu\/en\/shop\/metolius-ultralight-power-cam\/#local-main-organization-logo"},"image":{"@id":"https:\/\/bolting.eu\/en\/shop\/metolius-ultralight-power-cam\/#local-main-organization-logo"},"sameAs":["https:\/\/www.facebook.com\/bolting.eu","https:\/\/www.instagram.com\/bolting.eu\/"],"address":{"@id":"https:\/\/bolting.eu\/en\/shop\/metolius-ultralight-power-cam\/#local-main-place-address"},"geo":{"@type":"GeoCoordinates","latitude":"47.264176340396226","longitude":"11.380109057672346"},"telephone":["+43 699 19083372"],"openingHoursSpecification":[{"@type":"OpeningHoursSpecification","dayOfWeek":["Monday","Wednesday","Friday"],"opens":"14:00","closes":"18:00"},{"@type":"OpeningHoursSpecification","dayOfWeek":["Tuesday","Thursday","Saturday","Sunday"],"opens":"00:00","closes":"00:00"}],"email":"office@bolting.eu","vatID":"ATU59999728","priceRange":"$$","currenciesAccepted":"Euro"},{"@type":"PostalAddress","@id":"https:\/\/bolting.eu\/en\/shop\/metolius-ultralight-power-cam\/#local-main-place-address","streetAddress":"Fischnalerstra\u00dfe 4","addressLocality":"Innsbruck","postalCode":"6020","addressRegion":"Tirol","addressCountry":"AT"},{"@type":"ImageObject","inLanguage":"en-US","@id":"https:\/\/bolting.eu\/en\/shop\/metolius-ultralight-power-cam\/#local-main-organization-logo","url":"https:\/\/bolting.eu\/wp-content\/uploads\/2019\/09\/bolting-logo.png","contentUrl":"https:\/\/bolting.eu\/wp-content\/uploads\/2019\/09\/bolting-logo.png","width":400,"height":211,"caption":"bolting.eu"}]},"og_availability":"instock","product_availability":"instock","product_condition":"new","geo.placename":"Innsbruck","geo.position":{"lat":"47.264176340396226","long":"11.380109057672346"},"geo.region":"Austria"},"_links":{"self":[{"href":"https:\/\/bolting.eu\/en\/wp-json\/wp\/v2\/product\/7988","targetHints":{"allow":["GET"]}}],"collection":[{"href":"https:\/\/bolting.eu\/en\/wp-json\/wp\/v2\/product"}],"about":[{"href":"https:\/\/bolting.eu\/en\/wp-json\/wp\/v2\/types\/product"}],"replies":[{"embeddable":true,"href":"https:\/\/bolting.eu\/en\/wp-json\/wp\/v2\/comments?post=7988"}],"wp:featuredmedia":[{"embeddable":true,"href":"https:\/\/bolting.eu\/en\/wp-json\/wp\/v2\/media\/8006"}],"wp:attachment":[{"href":"https:\/\/bolting.eu\/en\/wp-json\/wp\/v2\/media?parent=7988"}],"wp:term":[{"taxonomy":"product_brand","embeddable":true,"href":"https:\/\/bolting.eu\/en\/wp-json\/wp\/v2\/product_brand?post=7988"},{"taxonomy":"product_cat","embeddable":true,"href":"https:\/\/bolting.eu\/en\/wp-json\/wp\/v2\/product_cat?post=7988"},{"taxonomy":"product_tag","embeddable":true,"href":"https:\/\/bolting.eu\/en\/wp-json\/wp\/v2\/product_tag?post=7988"}],"curies":[{"name":"wp","href":"https:\/\/api.w.org\/{rel}","templated":true}]}}