{"id":7985,"date":"2021-03-14T10:25:00","date_gmt":"2021-03-14T09:25:00","guid":{"rendered":"https:\/\/bolting.eu\/?post_type=product&#038;p=7985"},"modified":"2025-05-16T18:01:41","modified_gmt":"2025-05-16T16:01:41","slug":"edelrid-kurt-haulbag","status":"publish","type":"product","link":"https:\/\/bolting.eu\/en\/shop\/edelrid-kurt-haulbag\/","title":{"rendered":"Edelrid Kurt Haulbag"},"content":{"rendered":"<p>Der Edelrid Kurt Haulbag ist ein vielseitiger Bag. Denn die 55 Liter Volumen sorgen in Kombination mit der enormen Langlebigkeit f\u00fcr mannigfaltige Einsatzbereiche.<\/p>\n<p>Zum einen ist da nat\u00fcrlich die klassische Verwendung beim Big Wall Klettern. Der relativ kleine Bag spielt hier als Zusatz Bag oder Depot Bag seine St\u00e4rken aus.<\/p>\n<p>Zum anderen ist der Kurt aber auch ein extrem langlebiger <a href=\"https:\/\/bolting.eu\/produkt-kategorie\/kletterausruestung\/kletterrucksack\/\">Kletterrucksack<\/a>. Nicht umsonst sieht man ihn immer \u00f6fters in den heimischen Kletterg\u00e4rten. Denn das ultra abriebfeste Planenmaterial ist quasi nicht kaputt zu kriegen.<\/p>\n<p>Folglich findet der Haulbag auch bei H\u00f6henarbeiten und schweren Materialtransporten viele Freunde.<\/p>\n<h2>Eigenschaften Edelrid Kurt Haulbag<\/h2>\n<ul>\n<li>Hersteller: <a href=\"https:\/\/bolting.eu\/produkt-kategorie\/edelrid\/\">Edelrid<\/a><\/li>\n<li>Material: PVC beschichtetes Planenmaterial<\/li>\n<li>Volumen: 55 Liter<\/li>\n<li>Gewicht: 1000 Gramm<\/li>\n<li>gepolsterte Schulterriemen verstaubar<\/li>\n<li>abnehmbarer H\u00fcftgurt<\/li>\n<li>4 Materialschlaufen innen<\/li>\n<li>verschlie\u00dfbares Innenfach<\/li>\n<li>zwei unterschiedlich lange Hauling Schlaufen<\/li>\n<\/ul>\n<h3>Einsatz bei Big Walls<\/h3>\n<p>Der Edelrid Kurt Haulbag ist ein verh\u00e4ltnism\u00e4\u00dfig kleines Modell. Denn mit 55 Litern befindet er sich an der absolut unteren Grenze f\u00fcr l\u00e4ngere Big Walls. D.h. er wird seinen Einsatz in der <a href=\"https:\/\/bolting.eu\/big-wall-ausruestung\/\">Big Wall Ausr\u00fcstung<\/a> eher als Zusatz Bag oder Depot Bag finden.<\/p>\n<p>Denn bei gr\u00f6\u00dferen W\u00e4nden ist es \u00fcblich vorab Fixseile zu installieren. Dabei l\u00e4sst man meistens einen Bag mit Wasser und Essen zur\u00fcck. Wie z.B. bei der Nose am &#8220;Sickle Ledge&#8221; oder der Salath\u00e9 Wall am &#8220;Heart Ledge&#8221;.<\/p>\n<p>Bei sehr langen Walls l\u00e4uft es etwas anders. Hierbei wird der kleine Haulbag dann einfach unter dem Gro\u00dfen montiert und mitgehault.<\/p>\n<h3>Edelrid Kurt Haulbag = laaaanglebiger Kletterrucksack<\/h3>\n<p>Das extrem abriebfeste Planenmaterial dieses Bags macht ihn zu einem extrem langlebigen Kletterrucksack. Denn er ist quasi nicht kaputt zu kriegen. Wer auch nur ann\u00e4hernd Acht gibt, sollte an die 10 Jahre Freude am Kurt haben.<\/p>\n<p>Dieses Produkt ist vor allem f\u00fcr alle interessant, die viel Hardware mitschleppen. Wie z.B. Trad Kletterer oder Slackliner.<\/p>\n<p>Downside jedoch. Der Bag ist m Vergleich zu &#8220;normalen&#8221; Kletterrucks\u00e4cken sehr steif. D.h. er l\u00e4sst sich nicht so gut zusammen legen, braucht auch leer viel Stauraum.<\/p>\n<h3>Perfekt f\u00fcr Erschlie\u00dfer<\/h3>\n<p>Zum <a href=\"https:\/\/bolting.eu\/kletterroute-einbohren\/\">Kletterrouten einbohren<\/a> und <a href=\"https:\/\/bolting.eu\/kletterroute-sanieren\/\">Kletterroute sanieren<\/a> ist der Edelrid Kurt Haulbag wirklich perfekt.<\/p>\n<p>Denn erstens hat er ein gutes Volumen f\u00fcr die ganze Ausr\u00fcstung. Zweitens ist er robust und Bohrer, Drahtb\u00fcrsten &amp; Co k\u00f6nnen dem Material nichts anhaben. Drittens kann man den Bag perfekt am Abseilger\u00e4t einh\u00e4ngen und somit durch die Wand abseilen.<\/p>\n<p>Somit hat man von Einbohr Hardware bis zu den Reserve Akkus immer alles mit dabei!<\/p>\n<h4><strong>Link Tipp<\/strong><\/h4>\n<p>Hier geht es zum <a href=\"https:\/\/www.edelrid.de\" target=\"_blank\" rel=\"noopener\">Hersteller<\/a>!<\/p>\n","protected":false},"excerpt":{"rendered":"<p>Kleiner, sehr leichter Haulbag mit 55 Litern Volumen.<\/p>\n<p>Ideal als zweiter Bag, unverw\u00fcstlicher Rucksack oder f\u00fcr Industrieklettern<\/p>\n<p>Versandkostenfrei bis 2kg in <img decoding=\"async\" class=\"emoji\" role=\"img\" draggable=\"false\" src=\"https:\/\/s.w.org\/images\/core\/emoji\/14.0.0\/svg\/1f1e6-1f1f9.svg\" alt=\"\ud83c\udde6\ud83c\uddf9\" \/> ab \u20ac 100,- und <img decoding=\"async\" class=\"emoji\" role=\"img\" draggable=\"false\" src=\"https:\/\/s.w.org\/images\/core\/emoji\/14.0.0\/svg\/1f1e9-1f1ea.svg\" alt=\"\ud83c\udde9\ud83c\uddea\" \/> ab \u20ac 200,- <img decoding=\"async\" class=\"emoji\" role=\"img\" draggable=\"false\" src=\"https:\/\/s.w.org\/images\/core\/emoji\/14.0.0\/svg\/2705.svg\" alt=\"\u2705\" \/> Trusted Shop zertifiziert<\/p>\n","protected":false},"featured_media":7987,"comment_status":"open","ping_status":"closed","template":"","meta":[],"product_brand":[],"product_cat":[42,4655,31],"product_tag":[],"class_list":{"0":"post-7985","1":"product","2":"type-product","3":"status-publish","4":"has-post-thumbnail","6":"product_cat-haulbag","7":"product_cat-edelrid","8":"product_cat-big-wall-ausruestung","10":"first","11":"instock","12":"taxable","13":"shipping-taxable","14":"purchasable","15":"product-type-simple"},"yoast_head":"<!-- This site is optimized with the Yoast SEO Premium plugin v26.9 (Yoast SEO v26.9) - https:\/\/yoast.com\/product\/yoast-seo-premium-wordpress\/ -->\n<title>Edelrid Kurt Haulbag 55 Liter - g\u00fcnstig online kaufen | bolting.eu<\/title>\n<meta name=\"description\" content=\"EDELRID KURT HAULBAG beim Kletter- und Big Wall Profi kaufen \u2705 Trusted Shop \u2705 versandkostenfrei* \u2705 14 Tage R\u00fcckgaberecht \u2705 Co2 neutraler Versand\" \/>\n<meta name=\"robots\" content=\"index, follow, max-snippet:-1, max-image-preview:large, max-video-preview:-1\" \/>\n<link rel=\"canonical\" href=\"https:\/\/bolting.eu\/en\/shop\/edelrid-kurt-haulbag\/\" \/>\n<meta property=\"og:locale\" content=\"en_US\" \/>\n<meta property=\"og:type\" content=\"article\" \/>\n<meta property=\"og:title\" content=\"Edelrid Kurt Haulbag\" \/>\n<meta property=\"og:description\" content=\"EDELRID KURT HAULBAG beim Kletter- und Big Wall Profi kaufen \u2705 Trusted Shop \u2705 versandkostenfrei* \u2705 14 Tage R\u00fcckgaberecht \u2705 Co2 neutraler Versand\" \/>\n<meta property=\"og:url\" content=\"https:\/\/bolting.eu\/en\/shop\/edelrid-kurt-haulbag\/\" \/>\n<meta property=\"og:site_name\" content=\"bolting.eu\" \/>\n<meta property=\"article:publisher\" content=\"https:\/\/www.facebook.com\/bolting.eu\" \/>\n<meta property=\"article:modified_time\" content=\"2025-05-16T16:01:41+00:00\" \/>\n<meta property=\"og:image\" content=\"https:\/\/bolting.eu\/wp-content\/uploads\/2021\/03\/Edelrid-Kurt-Haulbag-1.jpg\" \/>\n\t<meta property=\"og:image:width\" content=\"700\" \/>\n\t<meta property=\"og:image:height\" content=\"700\" \/>\n\t<meta property=\"og:image:type\" content=\"image\/jpeg\" \/>\n<meta name=\"twitter:card\" content=\"summary_large_image\" \/>\n<meta name=\"twitter:label1\" content=\"Price\" \/>\n\t<meta name=\"twitter:data1\" content=\"&euro;&nbsp;140,00\" \/>\n\t<meta name=\"twitter:label2\" content=\"Availability\" \/>\n\t<meta name=\"twitter:data2\" content=\"In stock\" \/>\n<script type=\"application\/ld+json\" class=\"yoast-schema-graph\">{\"@context\":\"https:\/\/schema.org\",\"@graph\":[{\"@type\":[\"WebPage\",\"ItemPage\"],\"@id\":\"https:\/\/bolting.eu\/en\/shop\/edelrid-kurt-haulbag\/\",\"url\":\"https:\/\/bolting.eu\/en\/shop\/edelrid-kurt-haulbag\/\",\"name\":\"Edelrid Kurt Haulbag 55 Liter - g\u00fcnstig online kaufen | bolting.eu\",\"isPartOf\":{\"@id\":\"https:\/\/bolting.eu\/en\/#website\"},\"primaryImageOfPage\":{\"@id\":\"https:\/\/bolting.eu\/en\/shop\/edelrid-kurt-haulbag\/#primaryimage\"},\"image\":{\"@id\":\"https:\/\/bolting.eu\/en\/shop\/edelrid-kurt-haulbag\/#primaryimage\"},\"thumbnailUrl\":\"https:\/\/bolting.eu\/wp-content\/uploads\/2021\/03\/Edelrid-Kurt-Haulbag-1.jpg\",\"datePublished\":\"2021-03-14T09:25:00+00:00\",\"dateModified\":\"2025-05-16T16:01:41+00:00\",\"description\":\"EDELRID KURT HAULBAG beim Kletter- und Big Wall Profi kaufen \u2705 Trusted Shop \u2705 versandkostenfrei* \u2705 14 Tage R\u00fcckgaberecht \u2705 Co2 neutraler Versand\",\"breadcrumb\":{\"@id\":\"https:\/\/bolting.eu\/en\/shop\/edelrid-kurt-haulbag\/#breadcrumb\"},\"inLanguage\":\"en-US\",\"potentialAction\":[{\"@type\":\"ReadAction\",\"target\":[\"https:\/\/bolting.eu\/en\/shop\/edelrid-kurt-haulbag\/\"]}]},{\"@type\":\"ImageObject\",\"inLanguage\":\"en-US\",\"@id\":\"https:\/\/bolting.eu\/en\/shop\/edelrid-kurt-haulbag\/#primaryimage\",\"url\":\"https:\/\/bolting.eu\/wp-content\/uploads\/2021\/03\/Edelrid-Kurt-Haulbag-1.jpg\",\"contentUrl\":\"https:\/\/bolting.eu\/wp-content\/uploads\/2021\/03\/Edelrid-Kurt-Haulbag-1.jpg\",\"width\":700,\"height\":700,\"caption\":\"Das Bild zeigt den wei\u00df-gelben Edelrid Kurt Haulbag . Er steht mit gespannten Schlaufen aufrecht im Bild, seitlich das schwarze Edelrid Logo.\"},{\"@type\":\"BreadcrumbList\",\"@id\":\"https:\/\/bolting.eu\/en\/shop\/edelrid-kurt-haulbag\/#breadcrumb\",\"itemListElement\":[{\"@type\":\"ListItem\",\"position\":1,\"name\":\"Shop\",\"item\":\"https:\/\/bolting.eu\/en\/shop\/\"},{\"@type\":\"ListItem\",\"position\":2,\"name\":\"Big Wall gear\",\"item\":\"https:\/\/bolting.eu\/en\/produkt-kategorie\/big-wall-gear\/\"},{\"@type\":\"ListItem\",\"position\":3,\"name\":\"Haulbag\",\"item\":\"https:\/\/bolting.eu\/en\/produkt-kategorie\/big-wall-gear\/haulbag\/\"},{\"@type\":\"ListItem\",\"position\":4,\"name\":\"Edelrid Kurt Haulbag\"}]},{\"@type\":\"WebSite\",\"@id\":\"https:\/\/bolting.eu\/en\/#website\",\"url\":\"https:\/\/bolting.eu\/en\/\",\"name\":\"bolting.eu\",\"description\":\"we make climbs happen\",\"publisher\":{\"@id\":\"https:\/\/bolting.eu\/en\/#organization\"},\"potentialAction\":[{\"@type\":\"SearchAction\",\"target\":{\"@type\":\"EntryPoint\",\"urlTemplate\":\"https:\/\/bolting.eu\/en\/?s={search_term_string}\"},\"query-input\":{\"@type\":\"PropertyValueSpecification\",\"valueRequired\":true,\"valueName\":\"search_term_string\"}}],\"inLanguage\":\"en-US\"},{\"@type\":[\"Organization\",\"Place\",\"SportingGoodsStore\"],\"@id\":\"https:\/\/bolting.eu\/en\/#organization\",\"name\":\"bolting.eu\",\"url\":\"https:\/\/bolting.eu\/en\/\",\"logo\":{\"@id\":\"https:\/\/bolting.eu\/en\/shop\/edelrid-kurt-haulbag\/#local-main-organization-logo\"},\"image\":{\"@id\":\"https:\/\/bolting.eu\/en\/shop\/edelrid-kurt-haulbag\/#local-main-organization-logo\"},\"sameAs\":[\"https:\/\/www.facebook.com\/bolting.eu\",\"https:\/\/www.instagram.com\/bolting.eu\/\"],\"address\":{\"@id\":\"https:\/\/bolting.eu\/en\/shop\/edelrid-kurt-haulbag\/#local-main-place-address\"},\"geo\":{\"@type\":\"GeoCoordinates\",\"latitude\":\"47.264176340396226\",\"longitude\":\"11.380109057672346\"},\"telephone\":[\"+43 699 19083372\"],\"openingHoursSpecification\":[{\"@type\":\"OpeningHoursSpecification\",\"dayOfWeek\":[\"Monday\",\"Wednesday\",\"Friday\"],\"opens\":\"14:00\",\"closes\":\"18:00\"},{\"@type\":\"OpeningHoursSpecification\",\"dayOfWeek\":[\"Tuesday\",\"Thursday\",\"Saturday\",\"Sunday\"],\"opens\":\"00:00\",\"closes\":\"00:00\"}],\"email\":\"office@bolting.eu\",\"vatID\":\"ATU59999728\",\"priceRange\":\"$$\",\"currenciesAccepted\":\"Euro\"},{\"@type\":\"PostalAddress\",\"@id\":\"https:\/\/bolting.eu\/en\/shop\/edelrid-kurt-haulbag\/#local-main-place-address\",\"streetAddress\":\"Fischnalerstra\u00dfe 4\",\"addressLocality\":\"Innsbruck\",\"postalCode\":\"6020\",\"addressRegion\":\"Tirol\",\"addressCountry\":\"AT\"},{\"@type\":\"ImageObject\",\"inLanguage\":\"en-US\",\"@id\":\"https:\/\/bolting.eu\/en\/shop\/edelrid-kurt-haulbag\/#local-main-organization-logo\",\"url\":\"https:\/\/bolting.eu\/wp-content\/uploads\/2019\/09\/bolting-logo.png\",\"contentUrl\":\"https:\/\/bolting.eu\/wp-content\/uploads\/2019\/09\/bolting-logo.png\",\"width\":400,\"height\":211,\"caption\":\"bolting.eu\"}]}<\/script>\n<meta property=\"product:price:amount\" content=\"140.00\" \/>\n<meta property=\"product:price:currency\" content=\"EUR\" \/>\n<meta property=\"og:availability\" content=\"instock\" \/>\n<meta property=\"product:availability\" content=\"instock\" \/>\n<meta property=\"product:retailer_item_id\" content=\"721210556450\" \/>\n<meta property=\"product:condition\" content=\"new\" \/>\n<meta name=\"geo.placename\" content=\"Innsbruck\" \/>\n<meta name=\"geo.position\" content=\"47.264176340396226;11.380109057672346\" \/>\n<meta name=\"geo.region\" content=\"Austria\" \/>\n<!-- \/ Yoast SEO Premium plugin. -->","yoast_head_json":{"title":"Edelrid Kurt Haulbag 55 Liter - g\u00fcnstig online kaufen | bolting.eu","description":"EDELRID KURT HAULBAG beim Kletter- und Big Wall Profi kaufen \u2705 Trusted Shop \u2705 versandkostenfrei* \u2705 14 Tage R\u00fcckgaberecht \u2705 Co2 neutraler Versand","robots":{"index":"index","follow":"follow","max-snippet":"max-snippet:-1","max-image-preview":"max-image-preview:large","max-video-preview":"max-video-preview:-1"},"canonical":"https:\/\/bolting.eu\/en\/shop\/edelrid-kurt-haulbag\/","og_locale":"en_US","og_type":"article","og_title":"Edelrid Kurt Haulbag","og_description":"EDELRID KURT HAULBAG beim Kletter- und Big Wall Profi kaufen \u2705 Trusted Shop \u2705 versandkostenfrei* \u2705 14 Tage R\u00fcckgaberecht \u2705 Co2 neutraler Versand","og_url":"https:\/\/bolting.eu\/en\/shop\/edelrid-kurt-haulbag\/","og_site_name":"bolting.eu","article_publisher":"https:\/\/www.facebook.com\/bolting.eu","article_modified_time":"2025-05-16T16:01:41+00:00","og_image":[{"width":700,"height":700,"url":"https:\/\/bolting.eu\/wp-content\/uploads\/2021\/03\/Edelrid-Kurt-Haulbag-1.jpg","type":"image\/jpeg"}],"twitter_card":"summary_large_image","twitter_misc":{"Price":"&euro;&nbsp;140,00","Availability":"In stock"},"schema":{"@context":"https:\/\/schema.org","@graph":[{"@type":["WebPage","ItemPage"],"@id":"https:\/\/bolting.eu\/en\/shop\/edelrid-kurt-haulbag\/","url":"https:\/\/bolting.eu\/en\/shop\/edelrid-kurt-haulbag\/","name":"Edelrid Kurt Haulbag 55 Liter - g\u00fcnstig online kaufen | bolting.eu","isPartOf":{"@id":"https:\/\/bolting.eu\/en\/#website"},"primaryImageOfPage":{"@id":"https:\/\/bolting.eu\/en\/shop\/edelrid-kurt-haulbag\/#primaryimage"},"image":{"@id":"https:\/\/bolting.eu\/en\/shop\/edelrid-kurt-haulbag\/#primaryimage"},"thumbnailUrl":"https:\/\/bolting.eu\/wp-content\/uploads\/2021\/03\/Edelrid-Kurt-Haulbag-1.jpg","datePublished":"2021-03-14T09:25:00+00:00","dateModified":"2025-05-16T16:01:41+00:00","description":"EDELRID KURT HAULBAG beim Kletter- und Big Wall Profi kaufen \u2705 Trusted Shop \u2705 versandkostenfrei* \u2705 14 Tage R\u00fcckgaberecht \u2705 Co2 neutraler Versand","breadcrumb":{"@id":"https:\/\/bolting.eu\/en\/shop\/edelrid-kurt-haulbag\/#breadcrumb"},"inLanguage":"en-US","potentialAction":[{"@type":"ReadAction","target":["https:\/\/bolting.eu\/en\/shop\/edelrid-kurt-haulbag\/"]}]},{"@type":"ImageObject","inLanguage":"en-US","@id":"https:\/\/bolting.eu\/en\/shop\/edelrid-kurt-haulbag\/#primaryimage","url":"https:\/\/bolting.eu\/wp-content\/uploads\/2021\/03\/Edelrid-Kurt-Haulbag-1.jpg","contentUrl":"https:\/\/bolting.eu\/wp-content\/uploads\/2021\/03\/Edelrid-Kurt-Haulbag-1.jpg","width":700,"height":700,"caption":"Das Bild zeigt den wei\u00df-gelben Edelrid Kurt Haulbag . Er steht mit gespannten Schlaufen aufrecht im Bild, seitlich das schwarze Edelrid Logo."},{"@type":"BreadcrumbList","@id":"https:\/\/bolting.eu\/en\/shop\/edelrid-kurt-haulbag\/#breadcrumb","itemListElement":[{"@type":"ListItem","position":1,"name":"Shop","item":"https:\/\/bolting.eu\/en\/shop\/"},{"@type":"ListItem","position":2,"name":"Big Wall gear","item":"https:\/\/bolting.eu\/en\/produkt-kategorie\/big-wall-gear\/"},{"@type":"ListItem","position":3,"name":"Haulbag","item":"https:\/\/bolting.eu\/en\/produkt-kategorie\/big-wall-gear\/haulbag\/"},{"@type":"ListItem","position":4,"name":"Edelrid Kurt Haulbag"}]},{"@type":"WebSite","@id":"https:\/\/bolting.eu\/en\/#website","url":"https:\/\/bolting.eu\/en\/","name":"bolting.eu","description":"we make climbs happen","publisher":{"@id":"https:\/\/bolting.eu\/en\/#organization"},"potentialAction":[{"@type":"SearchAction","target":{"@type":"EntryPoint","urlTemplate":"https:\/\/bolting.eu\/en\/?s={search_term_string}"},"query-input":{"@type":"PropertyValueSpecification","valueRequired":true,"valueName":"search_term_string"}}],"inLanguage":"en-US"},{"@type":["Organization","Place","SportingGoodsStore"],"@id":"https:\/\/bolting.eu\/en\/#organization","name":"bolting.eu","url":"https:\/\/bolting.eu\/en\/","logo":{"@id":"https:\/\/bolting.eu\/en\/shop\/edelrid-kurt-haulbag\/#local-main-organization-logo"},"image":{"@id":"https:\/\/bolting.eu\/en\/shop\/edelrid-kurt-haulbag\/#local-main-organization-logo"},"sameAs":["https:\/\/www.facebook.com\/bolting.eu","https:\/\/www.instagram.com\/bolting.eu\/"],"address":{"@id":"https:\/\/bolting.eu\/en\/shop\/edelrid-kurt-haulbag\/#local-main-place-address"},"geo":{"@type":"GeoCoordinates","latitude":"47.264176340396226","longitude":"11.380109057672346"},"telephone":["+43 699 19083372"],"openingHoursSpecification":[{"@type":"OpeningHoursSpecification","dayOfWeek":["Monday","Wednesday","Friday"],"opens":"14:00","closes":"18:00"},{"@type":"OpeningHoursSpecification","dayOfWeek":["Tuesday","Thursday","Saturday","Sunday"],"opens":"00:00","closes":"00:00"}],"email":"office@bolting.eu","vatID":"ATU59999728","priceRange":"$$","currenciesAccepted":"Euro"},{"@type":"PostalAddress","@id":"https:\/\/bolting.eu\/en\/shop\/edelrid-kurt-haulbag\/#local-main-place-address","streetAddress":"Fischnalerstra\u00dfe 4","addressLocality":"Innsbruck","postalCode":"6020","addressRegion":"Tirol","addressCountry":"AT"},{"@type":"ImageObject","inLanguage":"en-US","@id":"https:\/\/bolting.eu\/en\/shop\/edelrid-kurt-haulbag\/#local-main-organization-logo","url":"https:\/\/bolting.eu\/wp-content\/uploads\/2019\/09\/bolting-logo.png","contentUrl":"https:\/\/bolting.eu\/wp-content\/uploads\/2019\/09\/bolting-logo.png","width":400,"height":211,"caption":"bolting.eu"}]},"product_price_amount":"140.00","product_price_currency":"EUR","og_availability":"instock","product_availability":"instock","product_retailer_item_id":"721210556450","product_condition":"new","geo.placename":"Innsbruck","geo.position":{"lat":"47.264176340396226","long":"11.380109057672346"},"geo.region":"Austria"},"_links":{"self":[{"href":"https:\/\/bolting.eu\/en\/wp-json\/wp\/v2\/product\/7985","targetHints":{"allow":["GET"]}}],"collection":[{"href":"https:\/\/bolting.eu\/en\/wp-json\/wp\/v2\/product"}],"about":[{"href":"https:\/\/bolting.eu\/en\/wp-json\/wp\/v2\/types\/product"}],"replies":[{"embeddable":true,"href":"https:\/\/bolting.eu\/en\/wp-json\/wp\/v2\/comments?post=7985"}],"wp:featuredmedia":[{"embeddable":true,"href":"https:\/\/bolting.eu\/en\/wp-json\/wp\/v2\/media\/7987"}],"wp:attachment":[{"href":"https:\/\/bolting.eu\/en\/wp-json\/wp\/v2\/media?parent=7985"}],"wp:term":[{"taxonomy":"product_brand","embeddable":true,"href":"https:\/\/bolting.eu\/en\/wp-json\/wp\/v2\/product_brand?post=7985"},{"taxonomy":"product_cat","embeddable":true,"href":"https:\/\/bolting.eu\/en\/wp-json\/wp\/v2\/product_cat?post=7985"},{"taxonomy":"product_tag","embeddable":true,"href":"https:\/\/bolting.eu\/en\/wp-json\/wp\/v2\/product_tag?post=7985"}],"curies":[{"name":"wp","href":"https:\/\/api.w.org\/{rel}","templated":true}]}}