{"id":7974,"date":"2021-03-14T09:22:37","date_gmt":"2021-03-14T08:22:37","guid":{"rendered":"https:\/\/bolting.eu\/?post_type=product&#038;p=7974"},"modified":"2022-11-06T17:59:31","modified_gmt":"2022-11-06T16:59:31","slug":"edelrid-city-hauler-30","status":"publish","type":"product","link":"https:\/\/bolting.eu\/en\/shop\/edelrid-city-hauler-30\/","title":{"rendered":"Edelrid City Hauler 30"},"content":{"rendered":"<p>Der Edelrid City Hauler 30 ist ein trendiger Kletterrucksack f\u00fcr Job und Kletterhalle. Denn Edelrid hat es hier klasse geschafft, Upcycling mit Funktion und dezentem Design zu vereinen.<\/p>\n<p>Denn bei diesem Climbing Bag wurden ungebrauchte Reste von <a href=\"https:\/\/bolting.eu\/produkt-kategorie\/kletterausruestung\/kletterseil\/\">Kletterseilen<\/a> perfekt integriert. D.h. die bunten Seilm\u00e4ntel wurden als Daisy Chain, Top Halterung, Knick-Verschluss sowie Trageriemen integriert. Das ist nicht nur nachhaltig, sondern sieht auch super aus.<\/p>\n<p>Dar\u00fcber hinaus bietet der Edelrid City Hauler eine integrierte Laptop Tasche Platz f\u00fcr ein 15&#8243; Ger\u00e4t. Die gro\u00dfe Au\u00dfentasche ist gro\u00df und fasst locker Brieftasche, Handy, Schl\u00fcssel und Ausweise.<\/p>\n<p>Wer den Bag als Kombi f\u00fcr Arbeit und Halle verwendet. Die separate, verschlie\u00dfbare Chalkbag Tasche sorgt f\u00fcr staubfreien Transport des Chalkbag!<\/p>\n<p>Kurzum. Du suchst einen kleinen, trendigen &#8220;urban Style&#8221; Climbing Bag? Hier ist eine \u00e4u\u00dferst lohnende Option f\u00fcr dich!<\/p>\n<h2>Eigenschaften Edelrid City Hauler 30<\/h2>\n<ul>\n<li>Hersteller: Edelrid<\/li>\n<li>Volumen: 30 Liter<\/li>\n<li>Gewicht: 550 Gramm<\/li>\n<li>Material: robuster, grauer Ripstop Nylon<\/li>\n<li>Upcycling durch bunte Seilreste<\/li>\n<li>Daisy Chain au\u00dfen<\/li>\n<li>gro\u00dfe Au\u00dfentasche<\/li>\n<li>Laptop Innenfach<\/li>\n<li>R\u00fcckenpolsterung<\/li>\n<li>Top Loader mit starkem Zipper<\/li>\n<li>Knick &#8211; Verschluss und Steckschnallen<\/li>\n<li>separate Seilplane<\/li>\n<\/ul>\n<h3>Nachhaltiger Ansatz<\/h3>\n<p>Wie kann man Seilreste aus der eigenen Produktion sinnvoll verwerten? Beim Edelrid City Hauler 30 sieht man wie das perfekt m\u00f6glich ist.<\/p>\n<p>Denn hier hat Edelrid die bunten Seilm\u00e4ntel gelungen am Kletterrucksack integriert. Die klaren bunten Linien sorgen dabei f\u00fcr ein auff\u00e4lliges aber schlichtes Design. Ohne protzig zu wirken geben sie dem grauen Grundstoff Struktur und freundliche Optik.<\/p>\n<p>Es wurden die Daisy Elemente auf der Vorderseite damit gestaltet. Des weiteren der Rand des Knick-Verschlusses sowie die Schulter Trageriemen bzw. der Top Griff.<\/p>\n<h3>Edelrid City Hauler 30 &#8211; f\u00fcr B\u00fcro und Halle<\/h3>\n<p>Zugegeben. Dieser Kletterrucksack ist fast zu sch\u00f6n f\u00fcr die Kletterhalle. Denn unserer Meinung nach hat Edelrid beim Design eine klasse Job gemacht. Er wirkt n\u00e4mlich richtig trendig und ist ein perfekter Bag f\u00fcr das B\u00fcro, die Uni oder einen Tag in der Stadt.<\/p>\n<p>Wer den City Spotter aber auch f\u00fcr die Kletterhalle nehmen will, kann sich \u00fcber satte 30 Liter Volumen freuen. Folglich ist hier sowohl f\u00fcr die <a href=\"https:\/\/bolting.eu\/boulderausruestung\/\">Boulderausr\u00fcstung<\/a> als auch f\u00fcr die Vorstiegs Sachen genug Platz. Auch ein 30 Meter Seil f\u00fcr die Halle ist kein Problem.<\/p>\n<h4><strong>Link Tipp<\/strong><\/h4>\n<p>Hier geht es zum <a href=\"https:\/\/www.edelrid.de\" target=\"_blank\" rel=\"noopener\">Hersteller<\/a>!<\/p>\n","protected":false},"excerpt":{"rendered":"<ul>\n<li>Hersteller: Edelrid<\/li>\n<li>Volumen: 20 Liter<\/li>\n<li>Gewicht: 800 Gramm<\/li>\n<li>Material: robuster, grauer Ripstop Nylon<\/li>\n<li>Upcycling durch bunte Seilreste<\/li>\n<li>Daisy Chain au\u00dfen<\/li>\n<li>gro\u00dfe Au\u00dfentasche<\/li>\n<li>Laptop Innenfach<\/li>\n<li>Top Loader mit starkem Zipper<\/li>\n<li>Knick &#8211; Verschluss und Steckschnallen<\/li>\n<li>separater Transport Beutel f\u00fcr Chalkbag<\/li>\n<\/ul>\n","protected":false},"featured_media":7980,"comment_status":"open","ping_status":"closed","template":"","meta":[],"product_brand":[],"product_cat":[29,4655,4809],"product_tag":[],"class_list":{"0":"post-7974","1":"product","2":"type-product","3":"status-publish","4":"has-post-thumbnail","6":"product_cat-kletterausruestung","7":"product_cat-edelrid","8":"product_cat-kletterrucksack","10":"first","11":"outofstock","12":"taxable","13":"shipping-taxable","14":"purchasable","15":"product-type-simple"},"yoast_head":"<!-- This site is optimized with the Yoast SEO Premium plugin v26.9 (Yoast SEO v26.9) - https:\/\/yoast.com\/product\/yoast-seo-premium-wordpress\/ -->\n<title>Edelrid City Hauler 30 - urban Style Kletterrucksack | bolting.eu<\/title>\n<meta name=\"description\" content=\"Hier findest Du den EDELRID CITY Hauler 30 Kletterrucksack. Ein dezentes Design zeichnen diesen Bag f\u00fcr Job und Kletterhalle aus!\" \/>\n<meta name=\"robots\" content=\"index, follow, max-snippet:-1, max-image-preview:large, max-video-preview:-1\" \/>\n<link rel=\"canonical\" href=\"https:\/\/bolting.eu\/en\/shop\/edelrid-city-hauler-30\/\" \/>\n<meta property=\"og:locale\" content=\"en_US\" \/>\n<meta property=\"og:type\" content=\"article\" \/>\n<meta property=\"og:title\" content=\"Edelrid City Hauler 30\" \/>\n<meta property=\"og:description\" content=\"Hier findest Du den EDELRID CITY Hauler 30 Kletterrucksack. Ein dezentes Design zeichnen diesen Bag f\u00fcr Job und Kletterhalle aus!\" \/>\n<meta property=\"og:url\" content=\"https:\/\/bolting.eu\/en\/shop\/edelrid-city-hauler-30\/\" \/>\n<meta property=\"og:site_name\" content=\"bolting.eu\" \/>\n<meta property=\"article:publisher\" content=\"https:\/\/www.facebook.com\/bolting.eu\" \/>\n<meta property=\"article:modified_time\" content=\"2022-11-06T16:59:31+00:00\" \/>\n<meta property=\"og:image\" content=\"https:\/\/bolting.eu\/wp-content\/uploads\/2021\/03\/Edelrid-City-Hauler-30-1.jpg\" \/>\n\t<meta property=\"og:image:width\" content=\"700\" \/>\n\t<meta property=\"og:image:height\" content=\"700\" \/>\n\t<meta property=\"og:image:type\" content=\"image\/jpeg\" \/>\n<meta name=\"twitter:card\" content=\"summary_large_image\" \/>\n<meta name=\"twitter:label1\" content=\"Price\" \/>\n\t<meta name=\"twitter:data1\" content=\"&euro;&nbsp;54,90\" \/>\n\t<meta name=\"twitter:label2\" content=\"Availability\" \/>\n\t<meta name=\"twitter:data2\" content=\"Out of stock\" \/>\n<script type=\"application\/ld+json\" class=\"yoast-schema-graph\">{\"@context\":\"https:\/\/schema.org\",\"@graph\":[{\"@type\":[\"WebPage\",\"ItemPage\"],\"@id\":\"https:\/\/bolting.eu\/en\/shop\/edelrid-city-hauler-30\/\",\"url\":\"https:\/\/bolting.eu\/en\/shop\/edelrid-city-hauler-30\/\",\"name\":\"Edelrid City Hauler 30 - urban Style Kletterrucksack | bolting.eu\",\"isPartOf\":{\"@id\":\"https:\/\/bolting.eu\/en\/#website\"},\"primaryImageOfPage\":{\"@id\":\"https:\/\/bolting.eu\/en\/shop\/edelrid-city-hauler-30\/#primaryimage\"},\"image\":{\"@id\":\"https:\/\/bolting.eu\/en\/shop\/edelrid-city-hauler-30\/#primaryimage\"},\"thumbnailUrl\":\"https:\/\/bolting.eu\/wp-content\/uploads\/2021\/03\/Edelrid-City-Hauler-30-1.jpg\",\"datePublished\":\"2021-03-14T08:22:37+00:00\",\"dateModified\":\"2022-11-06T16:59:31+00:00\",\"description\":\"Hier findest Du den EDELRID CITY Hauler 30 Kletterrucksack. Ein dezentes Design zeichnen diesen Bag f\u00fcr Job und Kletterhalle aus!\",\"breadcrumb\":{\"@id\":\"https:\/\/bolting.eu\/en\/shop\/edelrid-city-hauler-30\/#breadcrumb\"},\"inLanguage\":\"en-US\",\"potentialAction\":[{\"@type\":\"ReadAction\",\"target\":[\"https:\/\/bolting.eu\/en\/shop\/edelrid-city-hauler-30\/\"]}]},{\"@type\":\"ImageObject\",\"inLanguage\":\"en-US\",\"@id\":\"https:\/\/bolting.eu\/en\/shop\/edelrid-city-hauler-30\/#primaryimage\",\"url\":\"https:\/\/bolting.eu\/wp-content\/uploads\/2021\/03\/Edelrid-City-Hauler-30-1.jpg\",\"contentUrl\":\"https:\/\/bolting.eu\/wp-content\/uploads\/2021\/03\/Edelrid-City-Hauler-30-1.jpg\",\"width\":700,\"height\":700,\"caption\":\"Das Bild zeigt den grauen Edelrid City Hauler 30 Kletterrucksack. MAn erkennt die Details wie bunten Riemen und die Schulterrriemen.\"},{\"@type\":\"BreadcrumbList\",\"@id\":\"https:\/\/bolting.eu\/en\/shop\/edelrid-city-hauler-30\/#breadcrumb\",\"itemListElement\":[{\"@type\":\"ListItem\",\"position\":1,\"name\":\"Shop\",\"item\":\"https:\/\/bolting.eu\/en\/shop\/\"},{\"@type\":\"ListItem\",\"position\":2,\"name\":\"climbing equipment\",\"item\":\"https:\/\/bolting.eu\/en\/produkt-kategorie\/climbing-equipment\/\"},{\"@type\":\"ListItem\",\"position\":3,\"name\":\"Kletterrucksack\",\"item\":\"https:\/\/bolting.eu\/produkt-kategorie\/kletterausruestung\/kletterrucksack\/\"},{\"@type\":\"ListItem\",\"position\":4,\"name\":\"Edelrid City Hauler 30\"}]},{\"@type\":\"WebSite\",\"@id\":\"https:\/\/bolting.eu\/en\/#website\",\"url\":\"https:\/\/bolting.eu\/en\/\",\"name\":\"bolting.eu\",\"description\":\"we make climbs happen\",\"publisher\":{\"@id\":\"https:\/\/bolting.eu\/en\/#organization\"},\"potentialAction\":[{\"@type\":\"SearchAction\",\"target\":{\"@type\":\"EntryPoint\",\"urlTemplate\":\"https:\/\/bolting.eu\/en\/?s={search_term_string}\"},\"query-input\":{\"@type\":\"PropertyValueSpecification\",\"valueRequired\":true,\"valueName\":\"search_term_string\"}}],\"inLanguage\":\"en-US\"},{\"@type\":[\"Organization\",\"Place\",\"SportingGoodsStore\"],\"@id\":\"https:\/\/bolting.eu\/en\/#organization\",\"name\":\"bolting.eu\",\"url\":\"https:\/\/bolting.eu\/en\/\",\"logo\":{\"@id\":\"https:\/\/bolting.eu\/en\/shop\/edelrid-city-hauler-30\/#local-main-organization-logo\"},\"image\":{\"@id\":\"https:\/\/bolting.eu\/en\/shop\/edelrid-city-hauler-30\/#local-main-organization-logo\"},\"sameAs\":[\"https:\/\/www.facebook.com\/bolting.eu\",\"https:\/\/www.instagram.com\/bolting.eu\/\"],\"address\":{\"@id\":\"https:\/\/bolting.eu\/en\/shop\/edelrid-city-hauler-30\/#local-main-place-address\"},\"geo\":{\"@type\":\"GeoCoordinates\",\"latitude\":\"47.264176340396226\",\"longitude\":\"11.380109057672346\"},\"telephone\":[\"+43 699 19083372\"],\"openingHoursSpecification\":[{\"@type\":\"OpeningHoursSpecification\",\"dayOfWeek\":[\"Monday\",\"Wednesday\",\"Friday\"],\"opens\":\"14:00\",\"closes\":\"18:00\"},{\"@type\":\"OpeningHoursSpecification\",\"dayOfWeek\":[\"Tuesday\",\"Thursday\",\"Saturday\",\"Sunday\"],\"opens\":\"00:00\",\"closes\":\"00:00\"}],\"email\":\"office@bolting.eu\",\"vatID\":\"ATU59999728\",\"priceRange\":\"$$\",\"currenciesAccepted\":\"Euro\"},{\"@type\":\"PostalAddress\",\"@id\":\"https:\/\/bolting.eu\/en\/shop\/edelrid-city-hauler-30\/#local-main-place-address\",\"streetAddress\":\"Fischnalerstra\u00dfe 4\",\"addressLocality\":\"Innsbruck\",\"postalCode\":\"6020\",\"addressRegion\":\"Tirol\",\"addressCountry\":\"AT\"},{\"@type\":\"ImageObject\",\"inLanguage\":\"en-US\",\"@id\":\"https:\/\/bolting.eu\/en\/shop\/edelrid-city-hauler-30\/#local-main-organization-logo\",\"url\":\"https:\/\/bolting.eu\/wp-content\/uploads\/2019\/09\/bolting-logo.png\",\"contentUrl\":\"https:\/\/bolting.eu\/wp-content\/uploads\/2019\/09\/bolting-logo.png\",\"width\":400,\"height\":211,\"caption\":\"bolting.eu\"}]}<\/script>\n<meta property=\"product:price:amount\" content=\"54.90\" \/>\n<meta property=\"product:price:currency\" content=\"EUR\" \/>\n<meta property=\"og:availability\" content=\"out of stock\" \/>\n<meta property=\"product:availability\" content=\"out of stock\" \/>\n<meta property=\"product:retailer_item_id\" content=\"720970306630\" \/>\n<meta property=\"product:condition\" content=\"new\" \/>\n<meta name=\"geo.placename\" content=\"Innsbruck\" \/>\n<meta name=\"geo.position\" content=\"47.264176340396226;11.380109057672346\" \/>\n<meta name=\"geo.region\" content=\"Austria\" \/>\n<!-- \/ Yoast SEO Premium plugin. -->","yoast_head_json":{"title":"Edelrid City Hauler 30 - urban Style Kletterrucksack | bolting.eu","description":"Hier findest Du den EDELRID CITY Hauler 30 Kletterrucksack. Ein dezentes Design zeichnen diesen Bag f\u00fcr Job und Kletterhalle aus!","robots":{"index":"index","follow":"follow","max-snippet":"max-snippet:-1","max-image-preview":"max-image-preview:large","max-video-preview":"max-video-preview:-1"},"canonical":"https:\/\/bolting.eu\/en\/shop\/edelrid-city-hauler-30\/","og_locale":"en_US","og_type":"article","og_title":"Edelrid City Hauler 30","og_description":"Hier findest Du den EDELRID CITY Hauler 30 Kletterrucksack. Ein dezentes Design zeichnen diesen Bag f\u00fcr Job und Kletterhalle aus!","og_url":"https:\/\/bolting.eu\/en\/shop\/edelrid-city-hauler-30\/","og_site_name":"bolting.eu","article_publisher":"https:\/\/www.facebook.com\/bolting.eu","article_modified_time":"2022-11-06T16:59:31+00:00","og_image":[{"width":700,"height":700,"url":"https:\/\/bolting.eu\/wp-content\/uploads\/2021\/03\/Edelrid-City-Hauler-30-1.jpg","type":"image\/jpeg"}],"twitter_card":"summary_large_image","twitter_misc":{"Price":"&euro;&nbsp;54,90","Availability":"Out of stock"},"schema":{"@context":"https:\/\/schema.org","@graph":[{"@type":["WebPage","ItemPage"],"@id":"https:\/\/bolting.eu\/en\/shop\/edelrid-city-hauler-30\/","url":"https:\/\/bolting.eu\/en\/shop\/edelrid-city-hauler-30\/","name":"Edelrid City Hauler 30 - urban Style Kletterrucksack | bolting.eu","isPartOf":{"@id":"https:\/\/bolting.eu\/en\/#website"},"primaryImageOfPage":{"@id":"https:\/\/bolting.eu\/en\/shop\/edelrid-city-hauler-30\/#primaryimage"},"image":{"@id":"https:\/\/bolting.eu\/en\/shop\/edelrid-city-hauler-30\/#primaryimage"},"thumbnailUrl":"https:\/\/bolting.eu\/wp-content\/uploads\/2021\/03\/Edelrid-City-Hauler-30-1.jpg","datePublished":"2021-03-14T08:22:37+00:00","dateModified":"2022-11-06T16:59:31+00:00","description":"Hier findest Du den EDELRID CITY Hauler 30 Kletterrucksack. Ein dezentes Design zeichnen diesen Bag f\u00fcr Job und Kletterhalle aus!","breadcrumb":{"@id":"https:\/\/bolting.eu\/en\/shop\/edelrid-city-hauler-30\/#breadcrumb"},"inLanguage":"en-US","potentialAction":[{"@type":"ReadAction","target":["https:\/\/bolting.eu\/en\/shop\/edelrid-city-hauler-30\/"]}]},{"@type":"ImageObject","inLanguage":"en-US","@id":"https:\/\/bolting.eu\/en\/shop\/edelrid-city-hauler-30\/#primaryimage","url":"https:\/\/bolting.eu\/wp-content\/uploads\/2021\/03\/Edelrid-City-Hauler-30-1.jpg","contentUrl":"https:\/\/bolting.eu\/wp-content\/uploads\/2021\/03\/Edelrid-City-Hauler-30-1.jpg","width":700,"height":700,"caption":"Das Bild zeigt den grauen Edelrid City Hauler 30 Kletterrucksack. MAn erkennt die Details wie bunten Riemen und die Schulterrriemen."},{"@type":"BreadcrumbList","@id":"https:\/\/bolting.eu\/en\/shop\/edelrid-city-hauler-30\/#breadcrumb","itemListElement":[{"@type":"ListItem","position":1,"name":"Shop","item":"https:\/\/bolting.eu\/en\/shop\/"},{"@type":"ListItem","position":2,"name":"climbing equipment","item":"https:\/\/bolting.eu\/en\/produkt-kategorie\/climbing-equipment\/"},{"@type":"ListItem","position":3,"name":"Kletterrucksack","item":"https:\/\/bolting.eu\/produkt-kategorie\/kletterausruestung\/kletterrucksack\/"},{"@type":"ListItem","position":4,"name":"Edelrid City Hauler 30"}]},{"@type":"WebSite","@id":"https:\/\/bolting.eu\/en\/#website","url":"https:\/\/bolting.eu\/en\/","name":"bolting.eu","description":"we make climbs happen","publisher":{"@id":"https:\/\/bolting.eu\/en\/#organization"},"potentialAction":[{"@type":"SearchAction","target":{"@type":"EntryPoint","urlTemplate":"https:\/\/bolting.eu\/en\/?s={search_term_string}"},"query-input":{"@type":"PropertyValueSpecification","valueRequired":true,"valueName":"search_term_string"}}],"inLanguage":"en-US"},{"@type":["Organization","Place","SportingGoodsStore"],"@id":"https:\/\/bolting.eu\/en\/#organization","name":"bolting.eu","url":"https:\/\/bolting.eu\/en\/","logo":{"@id":"https:\/\/bolting.eu\/en\/shop\/edelrid-city-hauler-30\/#local-main-organization-logo"},"image":{"@id":"https:\/\/bolting.eu\/en\/shop\/edelrid-city-hauler-30\/#local-main-organization-logo"},"sameAs":["https:\/\/www.facebook.com\/bolting.eu","https:\/\/www.instagram.com\/bolting.eu\/"],"address":{"@id":"https:\/\/bolting.eu\/en\/shop\/edelrid-city-hauler-30\/#local-main-place-address"},"geo":{"@type":"GeoCoordinates","latitude":"47.264176340396226","longitude":"11.380109057672346"},"telephone":["+43 699 19083372"],"openingHoursSpecification":[{"@type":"OpeningHoursSpecification","dayOfWeek":["Monday","Wednesday","Friday"],"opens":"14:00","closes":"18:00"},{"@type":"OpeningHoursSpecification","dayOfWeek":["Tuesday","Thursday","Saturday","Sunday"],"opens":"00:00","closes":"00:00"}],"email":"office@bolting.eu","vatID":"ATU59999728","priceRange":"$$","currenciesAccepted":"Euro"},{"@type":"PostalAddress","@id":"https:\/\/bolting.eu\/en\/shop\/edelrid-city-hauler-30\/#local-main-place-address","streetAddress":"Fischnalerstra\u00dfe 4","addressLocality":"Innsbruck","postalCode":"6020","addressRegion":"Tirol","addressCountry":"AT"},{"@type":"ImageObject","inLanguage":"en-US","@id":"https:\/\/bolting.eu\/en\/shop\/edelrid-city-hauler-30\/#local-main-organization-logo","url":"https:\/\/bolting.eu\/wp-content\/uploads\/2019\/09\/bolting-logo.png","contentUrl":"https:\/\/bolting.eu\/wp-content\/uploads\/2019\/09\/bolting-logo.png","width":400,"height":211,"caption":"bolting.eu"}]},"product_price_amount":"54.90","product_price_currency":"EUR","og_availability":"out of stock","product_availability":"out of stock","product_retailer_item_id":"720970306630","product_condition":"new","geo.placename":"Innsbruck","geo.position":{"lat":"47.264176340396226","long":"11.380109057672346"},"geo.region":"Austria"},"_links":{"self":[{"href":"https:\/\/bolting.eu\/en\/wp-json\/wp\/v2\/product\/7974","targetHints":{"allow":["GET"]}}],"collection":[{"href":"https:\/\/bolting.eu\/en\/wp-json\/wp\/v2\/product"}],"about":[{"href":"https:\/\/bolting.eu\/en\/wp-json\/wp\/v2\/types\/product"}],"replies":[{"embeddable":true,"href":"https:\/\/bolting.eu\/en\/wp-json\/wp\/v2\/comments?post=7974"}],"wp:featuredmedia":[{"embeddable":true,"href":"https:\/\/bolting.eu\/en\/wp-json\/wp\/v2\/media\/7980"}],"wp:attachment":[{"href":"https:\/\/bolting.eu\/en\/wp-json\/wp\/v2\/media?parent=7974"}],"wp:term":[{"taxonomy":"product_brand","embeddable":true,"href":"https:\/\/bolting.eu\/en\/wp-json\/wp\/v2\/product_brand?post=7974"},{"taxonomy":"product_cat","embeddable":true,"href":"https:\/\/bolting.eu\/en\/wp-json\/wp\/v2\/product_cat?post=7974"},{"taxonomy":"product_tag","embeddable":true,"href":"https:\/\/bolting.eu\/en\/wp-json\/wp\/v2\/product_tag?post=7974"}],"curies":[{"name":"wp","href":"https:\/\/api.w.org\/{rel}","templated":true}]}}