{"id":7967,"date":"2021-03-14T01:20:46","date_gmt":"2021-03-14T00:20:46","guid":{"rendered":"https:\/\/bolting.eu\/?post_type=product&#038;p=7967"},"modified":"2023-05-11T22:05:19","modified_gmt":"2023-05-11T20:05:19","slug":"edelrid-rope-rider-bag-45","status":"publish","type":"product","link":"https:\/\/bolting.eu\/en\/shop\/edelrid-rope-rider-bag-45\/","title":{"rendered":"Edelrid Rope Rider Bag 45"},"content":{"rendered":"<p>Der Edelrid Rope Rider Bag 45 ist ein toller Kletterrucksack. Denn dieser ausget\u00fcftelte Bag ist ideal auf die Bed\u00fcrfnisse von Sportkletterern und Hallenkletterern zugeschnitten.<\/p>\n<p>Erstens hat er mit 45 Litern Volumen super viel Platz f\u00fcr die ganze <a href=\"https:\/\/bolting.eu\/kletterausruestung\/\">Kletterausr\u00fcstung<\/a>. Zweitens hat er eine separate Seilplane im Lieferumfang. Und drittens sind viele der weiteren Features richtig ausgereift. Wie z.B. das Tragesystem, die Materialschlaufen und die zus\u00e4tzlichen kleinen Taschen.<\/p>\n<p>Kurzum. Wer einen soliden Kletterrucksack sucht findet hier eine klasse Option!<\/p>\n<h2>Eigenschaften Edelrid Rope Rider Bag 45<\/h2>\n<ul>\n<li>Hersteller: <a href=\"https:\/\/bolting.eu\/produkt-kategorie\/edelrid\/\">Edelrid<\/a><\/li>\n<li>Volumen: 45 Liter<\/li>\n<li>Gewicht: 1120 Gramm<\/li>\n<li>Material: hochwertiger Ripstop Nylon<\/li>\n<li>Rundum Zipp &#8211; direkter Zugang zum gesamten Inhalt<\/li>\n<li>RV Au\u00dfentasche<\/li>\n<li>Daisy Chain an Au\u00dfenseite<\/li>\n<li>gepolsterte Trageriemen<\/li>\n<li>abnehmbarer H\u00fcftgurt<\/li>\n<li>Innentasche<\/li>\n<li>inkl. Seilplane<\/li>\n<\/ul>\n<h3>Viiiiel Platz<\/h3>\n<p>Der Edelrid Rope Rider Bag 45 ist ein echtes Raumwunder. Das liegt zum einen nat\u00fcrlich am absoluten Volumen. Aber zum anderen auch an der Gestaltung dieses Stauraumes.<\/p>\n<p>Denn mit dem Rundum Zipp hat man im Nu Zugang zum gesamten Innenraum. D.h. die gesamten 45 Liter sind sofort uneingeschr\u00e4nkt verf\u00fcgbar. Ein entscheidender Vorteil gegen\u00fcber den klassischen Top Loadern!<\/p>\n<p>Folglich hat man direkten Zugriff auf Kletterseil, Schuhe, Klettergurt usw&#8230; Wer nicht zu viel extra einpackt, wird mit diesem Kletterrucksack bestens auskommen.<\/p>\n<h3>Edelrid Rope Rider Bag 45 &#8211; sauber verarbeitet<\/h3>\n<p>Die Qualit\u00e4t der Verarbeitungbei diesem Edelrid Kletterrucksack ist gewohnt hochwertig. D.h. starker Ripstop Nylon. Saubere N\u00e4hte die ordentlich versengt wurden. Und sowohl starke YKK Zipper als auch ordentlich dimensionierte Plastik Schnallen bei den Kompressionsriemen.<\/p>\n<p>Uns gefallen die starken Daisy Chain Schlaufen auf der Bag Vorderseite. Hier lassen sich zus\u00e4tzlich Gegenst\u00e4nde anbringen wie z.B. die Kletterschuhe zum &#8220;Ausl\u00fcften&#8221;.<\/p>\n<h4><strong>Link Tipp<\/strong><\/h4>\n<p>Hier geht\u00b4s zu einem <a href=\"https:\/\/youtu.be\/dQutLUP9b2I\">Youtube Video<\/a> mit einem Kletterrucksack Vergleich bei dem der Edelrid Rope Rider Bag 45 mit dabei ist!<\/p>\n","protected":false},"excerpt":{"rendered":"<ul>\n<li>Hersteller: Edelrid<\/li>\n<li>Volumen: 45 Liter<\/li>\n<li>Gewicht: 1120 Gramm<\/li>\n<li>Material: hochwertiger Ripstop Nylon<\/li>\n<li>Rundum Zipp &#8211; direkter Zugang zum gesamten Inhalt<\/li>\n<li>RV Au\u00dfentasche<\/li>\n<li>Daisy Chain an Au\u00dfenseite<\/li>\n<li>gepolsterte Trageriemen<\/li>\n<li>abnehmbarer H\u00fcftgurt<\/li>\n<li>Innentasche<\/li>\n<li>inkl. Seilplane<\/li>\n<\/ul>\n","protected":false},"featured_media":7968,"comment_status":"open","ping_status":"closed","template":"","meta":[],"product_brand":[],"product_cat":[4655,29,4809],"product_tag":[],"class_list":{"0":"post-7967","1":"product","2":"type-product","3":"status-publish","4":"has-post-thumbnail","6":"product_cat-edelrid","7":"product_cat-kletterausruestung","8":"product_cat-kletterrucksack","10":"first","11":"instock","12":"taxable","13":"shipping-taxable","14":"purchasable","15":"product-type-simple"},"yoast_head":"<!-- This site is optimized with the Yoast SEO Premium plugin v26.9 (Yoast SEO v26.9) - https:\/\/yoast.com\/product\/yoast-seo-premium-wordpress\/ -->\n<title>Edelrid Rope Rider Bag 45 - Kletterrucksack online kaufen | bolting.eu<\/title>\n<meta name=\"description\" content=\"Hier findest Du den EDELRID ROPE RIDER BAG 45. Einen durchdachten Kletterrucksack mit Rundum Zipp f\u00fcr schnellen Direktzugriff zum Inhalt!\" \/>\n<meta name=\"robots\" content=\"index, follow, max-snippet:-1, max-image-preview:large, max-video-preview:-1\" \/>\n<link rel=\"canonical\" href=\"https:\/\/bolting.eu\/en\/shop\/edelrid-rope-rider-bag-45\/\" \/>\n<meta property=\"og:locale\" content=\"en_US\" \/>\n<meta property=\"og:type\" content=\"article\" \/>\n<meta property=\"og:title\" content=\"Edelrid Rope Rider Bag 45\" \/>\n<meta property=\"og:description\" content=\"Hier findest Du den EDELRID ROPE RIDER BAG 45. Einen durchdachten Kletterrucksack mit Rundum Zipp f\u00fcr schnellen Direktzugriff zum Inhalt!\" \/>\n<meta property=\"og:url\" content=\"https:\/\/bolting.eu\/en\/shop\/edelrid-rope-rider-bag-45\/\" \/>\n<meta property=\"og:site_name\" content=\"bolting.eu\" \/>\n<meta property=\"article:publisher\" content=\"https:\/\/www.facebook.com\/bolting.eu\" \/>\n<meta property=\"article:modified_time\" content=\"2023-05-11T20:05:19+00:00\" \/>\n<meta property=\"og:image\" content=\"https:\/\/bolting.eu\/wp-content\/uploads\/2021\/03\/Edelrid-Rope-Rider-Bag-45.jpg\" \/>\n\t<meta property=\"og:image:width\" content=\"700\" \/>\n\t<meta property=\"og:image:height\" content=\"700\" \/>\n\t<meta property=\"og:image:type\" content=\"image\/jpeg\" \/>\n<meta name=\"twitter:card\" content=\"summary_large_image\" \/>\n<meta name=\"twitter:label1\" content=\"Price\" \/>\n\t<meta name=\"twitter:data1\" content=\"&euro;&nbsp;79,90\" \/>\n\t<meta name=\"twitter:label2\" content=\"Availability\" \/>\n\t<meta name=\"twitter:data2\" content=\"In stock\" \/>\n<script type=\"application\/ld+json\" class=\"yoast-schema-graph\">{\"@context\":\"https:\/\/schema.org\",\"@graph\":[{\"@type\":[\"WebPage\",\"ItemPage\"],\"@id\":\"https:\/\/bolting.eu\/en\/shop\/edelrid-rope-rider-bag-45\/\",\"url\":\"https:\/\/bolting.eu\/en\/shop\/edelrid-rope-rider-bag-45\/\",\"name\":\"Edelrid Rope Rider Bag 45 - Kletterrucksack online kaufen | bolting.eu\",\"isPartOf\":{\"@id\":\"https:\/\/bolting.eu\/en\/#website\"},\"primaryImageOfPage\":{\"@id\":\"https:\/\/bolting.eu\/en\/shop\/edelrid-rope-rider-bag-45\/#primaryimage\"},\"image\":{\"@id\":\"https:\/\/bolting.eu\/en\/shop\/edelrid-rope-rider-bag-45\/#primaryimage\"},\"thumbnailUrl\":\"https:\/\/bolting.eu\/wp-content\/uploads\/2021\/03\/Edelrid-Rope-Rider-Bag-45.jpg\",\"datePublished\":\"2021-03-14T00:20:46+00:00\",\"dateModified\":\"2023-05-11T20:05:19+00:00\",\"description\":\"Hier findest Du den EDELRID ROPE RIDER BAG 45. Einen durchdachten Kletterrucksack mit Rundum Zipp f\u00fcr schnellen Direktzugriff zum Inhalt!\",\"breadcrumb\":{\"@id\":\"https:\/\/bolting.eu\/en\/shop\/edelrid-rope-rider-bag-45\/#breadcrumb\"},\"inLanguage\":\"en-US\",\"potentialAction\":[{\"@type\":\"ReadAction\",\"target\":[\"https:\/\/bolting.eu\/en\/shop\/edelrid-rope-rider-bag-45\/\"]}]},{\"@type\":\"ImageObject\",\"inLanguage\":\"en-US\",\"@id\":\"https:\/\/bolting.eu\/en\/shop\/edelrid-rope-rider-bag-45\/#primaryimage\",\"url\":\"https:\/\/bolting.eu\/wp-content\/uploads\/2021\/03\/Edelrid-Rope-Rider-Bag-45.jpg\",\"contentUrl\":\"https:\/\/bolting.eu\/wp-content\/uploads\/2021\/03\/Edelrid-Rope-Rider-Bag-45.jpg\",\"width\":700,\"height\":700,\"caption\":\"Das Bild zeigt den blauen Edelrid Rope Rider Bag 45 auf einem wei\u00dfem Quadrat.\"},{\"@type\":\"BreadcrumbList\",\"@id\":\"https:\/\/bolting.eu\/en\/shop\/edelrid-rope-rider-bag-45\/#breadcrumb\",\"itemListElement\":[{\"@type\":\"ListItem\",\"position\":1,\"name\":\"Shop\",\"item\":\"https:\/\/bolting.eu\/en\/shop\/\"},{\"@type\":\"ListItem\",\"position\":2,\"name\":\"climbing equipment\",\"item\":\"https:\/\/bolting.eu\/en\/produkt-kategorie\/climbing-equipment\/\"},{\"@type\":\"ListItem\",\"position\":3,\"name\":\"Kletterrucksack\",\"item\":\"https:\/\/bolting.eu\/produkt-kategorie\/kletterausruestung\/kletterrucksack\/\"},{\"@type\":\"ListItem\",\"position\":4,\"name\":\"Edelrid Rope Rider Bag 45\"}]},{\"@type\":\"WebSite\",\"@id\":\"https:\/\/bolting.eu\/en\/#website\",\"url\":\"https:\/\/bolting.eu\/en\/\",\"name\":\"bolting.eu\",\"description\":\"we make climbs happen\",\"publisher\":{\"@id\":\"https:\/\/bolting.eu\/en\/#organization\"},\"potentialAction\":[{\"@type\":\"SearchAction\",\"target\":{\"@type\":\"EntryPoint\",\"urlTemplate\":\"https:\/\/bolting.eu\/en\/?s={search_term_string}\"},\"query-input\":{\"@type\":\"PropertyValueSpecification\",\"valueRequired\":true,\"valueName\":\"search_term_string\"}}],\"inLanguage\":\"en-US\"},{\"@type\":[\"Organization\",\"Place\",\"SportingGoodsStore\"],\"@id\":\"https:\/\/bolting.eu\/en\/#organization\",\"name\":\"bolting.eu\",\"url\":\"https:\/\/bolting.eu\/en\/\",\"logo\":{\"@id\":\"https:\/\/bolting.eu\/en\/shop\/edelrid-rope-rider-bag-45\/#local-main-organization-logo\"},\"image\":{\"@id\":\"https:\/\/bolting.eu\/en\/shop\/edelrid-rope-rider-bag-45\/#local-main-organization-logo\"},\"sameAs\":[\"https:\/\/www.facebook.com\/bolting.eu\",\"https:\/\/www.instagram.com\/bolting.eu\/\"],\"address\":{\"@id\":\"https:\/\/bolting.eu\/en\/shop\/edelrid-rope-rider-bag-45\/#local-main-place-address\"},\"geo\":{\"@type\":\"GeoCoordinates\",\"latitude\":\"47.264176340396226\",\"longitude\":\"11.380109057672346\"},\"telephone\":[\"+43 699 19083372\"],\"openingHoursSpecification\":[{\"@type\":\"OpeningHoursSpecification\",\"dayOfWeek\":[\"Monday\",\"Wednesday\",\"Friday\"],\"opens\":\"14:00\",\"closes\":\"18:00\"},{\"@type\":\"OpeningHoursSpecification\",\"dayOfWeek\":[\"Tuesday\",\"Thursday\",\"Saturday\",\"Sunday\"],\"opens\":\"00:00\",\"closes\":\"00:00\"}],\"email\":\"office@bolting.eu\",\"vatID\":\"ATU59999728\",\"priceRange\":\"$$\",\"currenciesAccepted\":\"Euro\"},{\"@type\":\"PostalAddress\",\"@id\":\"https:\/\/bolting.eu\/en\/shop\/edelrid-rope-rider-bag-45\/#local-main-place-address\",\"streetAddress\":\"Fischnalerstra\u00dfe 4\",\"addressLocality\":\"Innsbruck\",\"postalCode\":\"6020\",\"addressRegion\":\"Tirol\",\"addressCountry\":\"AT\"},{\"@type\":\"ImageObject\",\"inLanguage\":\"en-US\",\"@id\":\"https:\/\/bolting.eu\/en\/shop\/edelrid-rope-rider-bag-45\/#local-main-organization-logo\",\"url\":\"https:\/\/bolting.eu\/wp-content\/uploads\/2019\/09\/bolting-logo.png\",\"contentUrl\":\"https:\/\/bolting.eu\/wp-content\/uploads\/2019\/09\/bolting-logo.png\",\"width\":400,\"height\":211,\"caption\":\"bolting.eu\"}]}<\/script>\n<meta property=\"product:price:amount\" content=\"79.90\" \/>\n<meta property=\"product:price:currency\" content=\"EUR\" \/>\n<meta property=\"og:availability\" content=\"instock\" \/>\n<meta property=\"product:availability\" content=\"instock\" \/>\n<meta property=\"product:retailer_item_id\" content=\"722290453000\" \/>\n<meta property=\"product:condition\" content=\"new\" \/>\n<meta name=\"geo.placename\" content=\"Innsbruck\" \/>\n<meta name=\"geo.position\" content=\"47.264176340396226;11.380109057672346\" \/>\n<meta name=\"geo.region\" content=\"Austria\" \/>\n<!-- \/ Yoast SEO Premium plugin. -->","yoast_head_json":{"title":"Edelrid Rope Rider Bag 45 - Kletterrucksack online kaufen | bolting.eu","description":"Hier findest Du den EDELRID ROPE RIDER BAG 45. Einen durchdachten Kletterrucksack mit Rundum Zipp f\u00fcr schnellen Direktzugriff zum Inhalt!","robots":{"index":"index","follow":"follow","max-snippet":"max-snippet:-1","max-image-preview":"max-image-preview:large","max-video-preview":"max-video-preview:-1"},"canonical":"https:\/\/bolting.eu\/en\/shop\/edelrid-rope-rider-bag-45\/","og_locale":"en_US","og_type":"article","og_title":"Edelrid Rope Rider Bag 45","og_description":"Hier findest Du den EDELRID ROPE RIDER BAG 45. Einen durchdachten Kletterrucksack mit Rundum Zipp f\u00fcr schnellen Direktzugriff zum Inhalt!","og_url":"https:\/\/bolting.eu\/en\/shop\/edelrid-rope-rider-bag-45\/","og_site_name":"bolting.eu","article_publisher":"https:\/\/www.facebook.com\/bolting.eu","article_modified_time":"2023-05-11T20:05:19+00:00","og_image":[{"width":700,"height":700,"url":"https:\/\/bolting.eu\/wp-content\/uploads\/2021\/03\/Edelrid-Rope-Rider-Bag-45.jpg","type":"image\/jpeg"}],"twitter_card":"summary_large_image","twitter_misc":{"Price":"&euro;&nbsp;79,90","Availability":"In stock"},"schema":{"@context":"https:\/\/schema.org","@graph":[{"@type":["WebPage","ItemPage"],"@id":"https:\/\/bolting.eu\/en\/shop\/edelrid-rope-rider-bag-45\/","url":"https:\/\/bolting.eu\/en\/shop\/edelrid-rope-rider-bag-45\/","name":"Edelrid Rope Rider Bag 45 - Kletterrucksack online kaufen | bolting.eu","isPartOf":{"@id":"https:\/\/bolting.eu\/en\/#website"},"primaryImageOfPage":{"@id":"https:\/\/bolting.eu\/en\/shop\/edelrid-rope-rider-bag-45\/#primaryimage"},"image":{"@id":"https:\/\/bolting.eu\/en\/shop\/edelrid-rope-rider-bag-45\/#primaryimage"},"thumbnailUrl":"https:\/\/bolting.eu\/wp-content\/uploads\/2021\/03\/Edelrid-Rope-Rider-Bag-45.jpg","datePublished":"2021-03-14T00:20:46+00:00","dateModified":"2023-05-11T20:05:19+00:00","description":"Hier findest Du den EDELRID ROPE RIDER BAG 45. Einen durchdachten Kletterrucksack mit Rundum Zipp f\u00fcr schnellen Direktzugriff zum Inhalt!","breadcrumb":{"@id":"https:\/\/bolting.eu\/en\/shop\/edelrid-rope-rider-bag-45\/#breadcrumb"},"inLanguage":"en-US","potentialAction":[{"@type":"ReadAction","target":["https:\/\/bolting.eu\/en\/shop\/edelrid-rope-rider-bag-45\/"]}]},{"@type":"ImageObject","inLanguage":"en-US","@id":"https:\/\/bolting.eu\/en\/shop\/edelrid-rope-rider-bag-45\/#primaryimage","url":"https:\/\/bolting.eu\/wp-content\/uploads\/2021\/03\/Edelrid-Rope-Rider-Bag-45.jpg","contentUrl":"https:\/\/bolting.eu\/wp-content\/uploads\/2021\/03\/Edelrid-Rope-Rider-Bag-45.jpg","width":700,"height":700,"caption":"Das Bild zeigt den blauen Edelrid Rope Rider Bag 45 auf einem wei\u00dfem Quadrat."},{"@type":"BreadcrumbList","@id":"https:\/\/bolting.eu\/en\/shop\/edelrid-rope-rider-bag-45\/#breadcrumb","itemListElement":[{"@type":"ListItem","position":1,"name":"Shop","item":"https:\/\/bolting.eu\/en\/shop\/"},{"@type":"ListItem","position":2,"name":"climbing equipment","item":"https:\/\/bolting.eu\/en\/produkt-kategorie\/climbing-equipment\/"},{"@type":"ListItem","position":3,"name":"Kletterrucksack","item":"https:\/\/bolting.eu\/produkt-kategorie\/kletterausruestung\/kletterrucksack\/"},{"@type":"ListItem","position":4,"name":"Edelrid Rope Rider Bag 45"}]},{"@type":"WebSite","@id":"https:\/\/bolting.eu\/en\/#website","url":"https:\/\/bolting.eu\/en\/","name":"bolting.eu","description":"we make climbs happen","publisher":{"@id":"https:\/\/bolting.eu\/en\/#organization"},"potentialAction":[{"@type":"SearchAction","target":{"@type":"EntryPoint","urlTemplate":"https:\/\/bolting.eu\/en\/?s={search_term_string}"},"query-input":{"@type":"PropertyValueSpecification","valueRequired":true,"valueName":"search_term_string"}}],"inLanguage":"en-US"},{"@type":["Organization","Place","SportingGoodsStore"],"@id":"https:\/\/bolting.eu\/en\/#organization","name":"bolting.eu","url":"https:\/\/bolting.eu\/en\/","logo":{"@id":"https:\/\/bolting.eu\/en\/shop\/edelrid-rope-rider-bag-45\/#local-main-organization-logo"},"image":{"@id":"https:\/\/bolting.eu\/en\/shop\/edelrid-rope-rider-bag-45\/#local-main-organization-logo"},"sameAs":["https:\/\/www.facebook.com\/bolting.eu","https:\/\/www.instagram.com\/bolting.eu\/"],"address":{"@id":"https:\/\/bolting.eu\/en\/shop\/edelrid-rope-rider-bag-45\/#local-main-place-address"},"geo":{"@type":"GeoCoordinates","latitude":"47.264176340396226","longitude":"11.380109057672346"},"telephone":["+43 699 19083372"],"openingHoursSpecification":[{"@type":"OpeningHoursSpecification","dayOfWeek":["Monday","Wednesday","Friday"],"opens":"14:00","closes":"18:00"},{"@type":"OpeningHoursSpecification","dayOfWeek":["Tuesday","Thursday","Saturday","Sunday"],"opens":"00:00","closes":"00:00"}],"email":"office@bolting.eu","vatID":"ATU59999728","priceRange":"$$","currenciesAccepted":"Euro"},{"@type":"PostalAddress","@id":"https:\/\/bolting.eu\/en\/shop\/edelrid-rope-rider-bag-45\/#local-main-place-address","streetAddress":"Fischnalerstra\u00dfe 4","addressLocality":"Innsbruck","postalCode":"6020","addressRegion":"Tirol","addressCountry":"AT"},{"@type":"ImageObject","inLanguage":"en-US","@id":"https:\/\/bolting.eu\/en\/shop\/edelrid-rope-rider-bag-45\/#local-main-organization-logo","url":"https:\/\/bolting.eu\/wp-content\/uploads\/2019\/09\/bolting-logo.png","contentUrl":"https:\/\/bolting.eu\/wp-content\/uploads\/2019\/09\/bolting-logo.png","width":400,"height":211,"caption":"bolting.eu"}]},"product_price_amount":"79.90","product_price_currency":"EUR","og_availability":"instock","product_availability":"instock","product_retailer_item_id":"722290453000","product_condition":"new","geo.placename":"Innsbruck","geo.position":{"lat":"47.264176340396226","long":"11.380109057672346"},"geo.region":"Austria"},"_links":{"self":[{"href":"https:\/\/bolting.eu\/en\/wp-json\/wp\/v2\/product\/7967","targetHints":{"allow":["GET"]}}],"collection":[{"href":"https:\/\/bolting.eu\/en\/wp-json\/wp\/v2\/product"}],"about":[{"href":"https:\/\/bolting.eu\/en\/wp-json\/wp\/v2\/types\/product"}],"replies":[{"embeddable":true,"href":"https:\/\/bolting.eu\/en\/wp-json\/wp\/v2\/comments?post=7967"}],"wp:featuredmedia":[{"embeddable":true,"href":"https:\/\/bolting.eu\/en\/wp-json\/wp\/v2\/media\/7968"}],"wp:attachment":[{"href":"https:\/\/bolting.eu\/en\/wp-json\/wp\/v2\/media?parent=7967"}],"wp:term":[{"taxonomy":"product_brand","embeddable":true,"href":"https:\/\/bolting.eu\/en\/wp-json\/wp\/v2\/product_brand?post=7967"},{"taxonomy":"product_cat","embeddable":true,"href":"https:\/\/bolting.eu\/en\/wp-json\/wp\/v2\/product_cat?post=7967"},{"taxonomy":"product_tag","embeddable":true,"href":"https:\/\/bolting.eu\/en\/wp-json\/wp\/v2\/product_tag?post=7967"}],"curies":[{"name":"wp","href":"https:\/\/api.w.org\/{rel}","templated":true}]}}