{"id":7954,"date":"2021-03-14T00:23:00","date_gmt":"2021-03-13T23:23:00","guid":{"rendered":"https:\/\/bolting.eu\/?post_type=product&#038;p=7954"},"modified":"2023-05-12T15:02:54","modified_gmt":"2023-05-12T13:02:54","slug":"dmm-classic-rope-bag","status":"publish","type":"product","link":"https:\/\/bolting.eu\/en\/shop\/dmm-classic-rope-bag\/","title":{"rendered":"DMM Classic Rope Bag"},"content":{"rendered":"<p>Der DMM Classic Rope Bag ist ein gro\u00dfer, hochwertiger Seilsack. Inkludiert ist zudem eine ausladende 120 x 120cm Seilplane.<\/p>\n<p>Denn bei diesem Produkt sind einerseits hochwertiger Ripstop Nylon verarbeitet. Und zum anderen bietet er 32 Liter Volumen. D.h. locker Platz f\u00fcr ein 80m <a href=\"https:\/\/bolting.eu\/produkt-kategorie\/kletterausruestung\/kletterseil\/\">Kletterseil<\/a>, Schuhe, Gurt und Chalkbag.<\/p>\n<p>Dieser Seilsack bietet aber nicht nur viel Platz. Er kann auch auf zwei Arten getragen werden. N\u00e4mlich wie ein Rucksack oder als Umh\u00e4ngetasche. M\u00f6glich macht das ein abnehmbarer Tragriemen!<\/p>\n<p>Kurzum. Wer einen gro\u00dfen und langlebigen Seilsack sucht, dem bietet sich hier eine klasse Gelegenheit!<\/p>\n<h2>Eigenschaften DMM Classic Rope Bag<\/h2>\n<ul>\n<li>Hersteller: <a href=\"https:\/\/bolting.eu\/produkt-kategorie\/dmm\/\">DMM Climbing<\/a><\/li>\n<li>Volumen: 32 Liter<\/li>\n<li>Gewicht: 650 Gramm<\/li>\n<li>gepolsterte Trageriemen<\/li>\n<li>ein Trageriemen abnehmbar<\/li>\n<li>kleine Zipper Tasche<\/li>\n<li>Rucksack oder Umh\u00e4ngetasche<\/li>\n<li>inkl. 120 x 120cm Seilplane<\/li>\n<li>gro\u00dfer Front Zipper<\/li>\n<li>2 Kompressionsriemen<\/li>\n<li>Farben: rot, gelb, schwarz, blau<\/li>\n<\/ul>\n<h3>Coole Features<\/h3>\n<p>Der DMM Classic Rope Bag hat einige bemerkenswerte Details. Das beginnt bereits bei den Trageriemen. Diese haben eine sehr angenehme und weiche Mesh-Polsterung. D.h. sie tr\u00e4gt sich auch angenehm auf der Haut.<\/p>\n<p>Des weiteren ist einer der Trageriemen des <a href=\"https:\/\/bolting.eu\/produkt-kategorie\/kletterausruestung\/seilsaecke\/\">Seilsack<\/a> abnehmbar. Somit wird aus dem Rucksack eine Umh\u00e4ngetasche.<\/p>\n<p>Die kleine Zipper Tasche am Top ist ideal f\u00fcr Schl\u00fcssel oder die Kletterhallen Karte.<\/p>\n<h3>DMM Classic Rope Bag &#8211; alles gut verstaut!<\/h3>\n<p>Mit seinen 32 Litern passt hier wirklich viel Kletterzeugs rein. Wie z.B. Klettergurt, Kletterhandschuhe zum Sichern, Ein paar <a href=\"https:\/\/bolting.eu\/produkt-kategorie\/kletterausruestung\/expressschlingen\/\">Expressschlingen<\/a>, <a href=\"https:\/\/bolting.eu\/produkt-kategorie\/kletterausruestung\/kletterkarabiner\/\">Kletterkarabiner<\/a> und ein <a href=\"https:\/\/bolting.eu\/produkt-kategorie\/kletterausruestung\/sicherungsgeraete-klettern\/\">Sicherungsger\u00e4t<\/a>.<\/p>\n<p>Und damit das dann auch gut drinnen bleibt, hat dieser Seilsack einen starken Zipper. Somit kann der Bag immer gut geschlossen werden.<\/p>\n<p>Die beiden zus\u00e4tzlichen Kompressionsriemen sorgen dann f\u00fcr gen\u00fcgen Stabilit\u00e4t beim Inhalt. D.h. nichts wackelt innen dann mehr herum und man kann den Sack richtig prima tragen.<\/p>\n<h3>Hochwertiger Ripstop Nylon<\/h3>\n<p>Der DMM Classic Rope Bag ist aus hochwertigem Ripstop Nylon gefertigt. Folglich sollte er richtig lange halten, denn dieses Material ist extrem belastbar. Zudem ist es auch sehr leicht.<\/p>\n<p>Allerdings sollte man bei sehr spitzen Gegenst\u00e4nden Acht geben. Einmal eingerissen, lassen sich solche L\u00f6cher meist nur mehr schlecht flicken!<\/p>\n<h4><strong>Link Tipp<\/strong><\/h4>\n<p>Hier geht es zu einem <a href=\"https:\/\/youtu.be\/cz_Q5qBpxxU\" target=\"_blank\" rel=\"noopener\">Youtube Video<\/a> mit einem Seilsack Vergleich (DMM Classic Rope Bag vs. <a href=\"https:\/\/bolting.eu\/shop\/petzl-kliff\/\">Petzl Kliff Bag<\/a>)<\/p>\n","protected":false},"excerpt":{"rendered":"<ul>\n<li>Hersteller: DMM<\/li>\n<li>Volumen: 32 Liter<\/li>\n<li>Gewicht: 650 Gramm<\/li>\n<li>gepolsterte Trageriemen<\/li>\n<li>ein Trageriemen abnehmbar<\/li>\n<li>kleine Zipper Tasche<\/li>\n<li>Rucksack oder Umh\u00e4ngetasche<\/li>\n<li>inkl. 120 x 120cm Seilplane<\/li>\n<li>gro\u00dfer Front Zipper<\/li>\n<li>2 Kompressionsriemen<\/li>\n<\/ul>\n","protected":false},"featured_media":7957,"comment_status":"open","ping_status":"closed","template":"","meta":[],"product_brand":[],"product_cat":[5416,9670,29],"product_tag":[],"class_list":{"0":"post-7954","1":"product","2":"type-product","3":"status-publish","4":"has-post-thumbnail","6":"product_cat-seilsaecke","7":"product_cat-dmm","8":"product_cat-kletterausruestung","10":"first","11":"instock","12":"taxable","13":"shipping-taxable","14":"purchasable","15":"product-type-variable"},"yoast_head":"<!-- This site is optimized with the Yoast SEO Premium plugin v26.9 (Yoast SEO v26.9) - https:\/\/yoast.com\/product\/yoast-seo-premium-wordpress\/ -->\n<title>DMM Classic Rope Bag - Seilsack online kaufen | bolting.eu<\/title>\n<meta name=\"description\" content=\"Hier findest Du den DMM CLASSIC ROPE BAG. Einen robusten Seilsack mit 32 Litern Volumen mit Rucksack oder Umh\u00e4ngetasche Tragefunktion!\" \/>\n<meta name=\"robots\" content=\"index, follow, max-snippet:-1, max-image-preview:large, max-video-preview:-1\" \/>\n<link rel=\"canonical\" href=\"https:\/\/bolting.eu\/en\/shop\/dmm-classic-rope-bag\/\" \/>\n<meta property=\"og:locale\" content=\"en_US\" \/>\n<meta property=\"og:type\" content=\"article\" \/>\n<meta property=\"og:title\" content=\"DMM Classic Rope Bag\" \/>\n<meta property=\"og:description\" content=\"Hier findest Du den DMM CLASSIC ROPE BAG. Einen robusten Seilsack mit 32 Litern Volumen mit Rucksack oder Umh\u00e4ngetasche Tragefunktion!\" \/>\n<meta property=\"og:url\" content=\"https:\/\/bolting.eu\/en\/shop\/dmm-classic-rope-bag\/\" \/>\n<meta property=\"og:site_name\" content=\"bolting.eu\" \/>\n<meta property=\"article:publisher\" content=\"https:\/\/www.facebook.com\/bolting.eu\" \/>\n<meta property=\"article:modified_time\" content=\"2023-05-12T13:02:54+00:00\" \/>\n<meta property=\"og:image\" content=\"https:\/\/bolting.eu\/wp-content\/uploads\/2021\/03\/DMM-Classic-Rope-Bag-gelb.jpg\" \/>\n\t<meta property=\"og:image:width\" content=\"700\" \/>\n\t<meta property=\"og:image:height\" content=\"700\" \/>\n\t<meta property=\"og:image:type\" content=\"image\/jpeg\" \/>\n<meta name=\"twitter:card\" content=\"summary_large_image\" \/>\n<meta name=\"twitter:label1\" content=\"Availability\" \/>\n\t<meta name=\"twitter:data1\" content=\"In stock\" \/>\n<script type=\"application\/ld+json\" class=\"yoast-schema-graph\">{\"@context\":\"https:\/\/schema.org\",\"@graph\":[{\"@type\":[\"WebPage\",\"ItemPage\"],\"@id\":\"https:\/\/bolting.eu\/en\/shop\/dmm-classic-rope-bag\/\",\"url\":\"https:\/\/bolting.eu\/en\/shop\/dmm-classic-rope-bag\/\",\"name\":\"DMM Classic Rope Bag - Seilsack online kaufen | bolting.eu\",\"isPartOf\":{\"@id\":\"https:\/\/bolting.eu\/en\/#website\"},\"primaryImageOfPage\":{\"@id\":\"https:\/\/bolting.eu\/en\/shop\/dmm-classic-rope-bag\/#primaryimage\"},\"image\":{\"@id\":\"https:\/\/bolting.eu\/en\/shop\/dmm-classic-rope-bag\/#primaryimage\"},\"thumbnailUrl\":\"https:\/\/bolting.eu\/wp-content\/uploads\/2021\/03\/DMM-Classic-Rope-Bag-gelb.jpg\",\"datePublished\":\"2021-03-13T23:23:00+00:00\",\"dateModified\":\"2023-05-12T13:02:54+00:00\",\"description\":\"Hier findest Du den DMM CLASSIC ROPE BAG. Einen robusten Seilsack mit 32 Litern Volumen mit Rucksack oder Umh\u00e4ngetasche Tragefunktion!\",\"breadcrumb\":{\"@id\":\"https:\/\/bolting.eu\/en\/shop\/dmm-classic-rope-bag\/#breadcrumb\"},\"inLanguage\":\"en-US\",\"potentialAction\":[{\"@type\":\"ReadAction\",\"target\":[\"https:\/\/bolting.eu\/en\/shop\/dmm-classic-rope-bag\/\"]}]},{\"@type\":\"ImageObject\",\"inLanguage\":\"en-US\",\"@id\":\"https:\/\/bolting.eu\/en\/shop\/dmm-classic-rope-bag\/#primaryimage\",\"url\":\"https:\/\/bolting.eu\/wp-content\/uploads\/2021\/03\/DMM-Classic-Rope-Bag-gelb.jpg\",\"contentUrl\":\"https:\/\/bolting.eu\/wp-content\/uploads\/2021\/03\/DMM-Classic-Rope-Bag-gelb.jpg\",\"width\":700,\"height\":700,\"caption\":\"Das Bild zeigt den DMM Classic Rope Bag in der Farbe Gelb. Man sieht das Produkt mit den Kompressionsriemen und Schultertr\u00e4gern.\"},{\"@type\":\"BreadcrumbList\",\"@id\":\"https:\/\/bolting.eu\/en\/shop\/dmm-classic-rope-bag\/#breadcrumb\",\"itemListElement\":[{\"@type\":\"ListItem\",\"position\":1,\"name\":\"Shop\",\"item\":\"https:\/\/bolting.eu\/en\/shop\/\"},{\"@type\":\"ListItem\",\"position\":2,\"name\":\"climbing equipment\",\"item\":\"https:\/\/bolting.eu\/en\/produkt-kategorie\/climbing-equipment\/\"},{\"@type\":\"ListItem\",\"position\":3,\"name\":\"Seils\u00e4cke\",\"item\":\"https:\/\/bolting.eu\/produkt-kategorie\/kletterausruestung\/seilsaecke\/\"},{\"@type\":\"ListItem\",\"position\":4,\"name\":\"DMM Classic Rope Bag\"}]},{\"@type\":\"WebSite\",\"@id\":\"https:\/\/bolting.eu\/en\/#website\",\"url\":\"https:\/\/bolting.eu\/en\/\",\"name\":\"bolting.eu\",\"description\":\"we make climbs happen\",\"publisher\":{\"@id\":\"https:\/\/bolting.eu\/en\/#organization\"},\"potentialAction\":[{\"@type\":\"SearchAction\",\"target\":{\"@type\":\"EntryPoint\",\"urlTemplate\":\"https:\/\/bolting.eu\/en\/?s={search_term_string}\"},\"query-input\":{\"@type\":\"PropertyValueSpecification\",\"valueRequired\":true,\"valueName\":\"search_term_string\"}}],\"inLanguage\":\"en-US\"},{\"@type\":[\"Organization\",\"Place\",\"SportingGoodsStore\"],\"@id\":\"https:\/\/bolting.eu\/en\/#organization\",\"name\":\"bolting.eu\",\"url\":\"https:\/\/bolting.eu\/en\/\",\"logo\":{\"@id\":\"https:\/\/bolting.eu\/en\/shop\/dmm-classic-rope-bag\/#local-main-organization-logo\"},\"image\":{\"@id\":\"https:\/\/bolting.eu\/en\/shop\/dmm-classic-rope-bag\/#local-main-organization-logo\"},\"sameAs\":[\"https:\/\/www.facebook.com\/bolting.eu\",\"https:\/\/www.instagram.com\/bolting.eu\/\"],\"address\":{\"@id\":\"https:\/\/bolting.eu\/en\/shop\/dmm-classic-rope-bag\/#local-main-place-address\"},\"geo\":{\"@type\":\"GeoCoordinates\",\"latitude\":\"47.264176340396226\",\"longitude\":\"11.380109057672346\"},\"telephone\":[\"+43 699 19083372\"],\"openingHoursSpecification\":[{\"@type\":\"OpeningHoursSpecification\",\"dayOfWeek\":[\"Monday\",\"Wednesday\",\"Friday\"],\"opens\":\"14:00\",\"closes\":\"18:00\"},{\"@type\":\"OpeningHoursSpecification\",\"dayOfWeek\":[\"Tuesday\",\"Thursday\",\"Saturday\",\"Sunday\"],\"opens\":\"00:00\",\"closes\":\"00:00\"}],\"email\":\"office@bolting.eu\",\"vatID\":\"ATU59999728\",\"priceRange\":\"$$\",\"currenciesAccepted\":\"Euro\"},{\"@type\":\"PostalAddress\",\"@id\":\"https:\/\/bolting.eu\/en\/shop\/dmm-classic-rope-bag\/#local-main-place-address\",\"streetAddress\":\"Fischnalerstra\u00dfe 4\",\"addressLocality\":\"Innsbruck\",\"postalCode\":\"6020\",\"addressRegion\":\"Tirol\",\"addressCountry\":\"AT\"},{\"@type\":\"ImageObject\",\"inLanguage\":\"en-US\",\"@id\":\"https:\/\/bolting.eu\/en\/shop\/dmm-classic-rope-bag\/#local-main-organization-logo\",\"url\":\"https:\/\/bolting.eu\/wp-content\/uploads\/2019\/09\/bolting-logo.png\",\"contentUrl\":\"https:\/\/bolting.eu\/wp-content\/uploads\/2019\/09\/bolting-logo.png\",\"width\":400,\"height\":211,\"caption\":\"bolting.eu\"}]}<\/script>\n<meta property=\"og:availability\" content=\"instock\" \/>\n<meta property=\"product:availability\" content=\"instock\" \/>\n<meta property=\"product:condition\" content=\"new\" \/>\n<meta name=\"geo.placename\" content=\"Innsbruck\" \/>\n<meta name=\"geo.position\" content=\"47.264176340396226;11.380109057672346\" \/>\n<meta name=\"geo.region\" content=\"Austria\" \/>\n<!-- \/ Yoast SEO Premium plugin. -->","yoast_head_json":{"title":"DMM Classic Rope Bag - Seilsack online kaufen | bolting.eu","description":"Hier findest Du den DMM CLASSIC ROPE BAG. Einen robusten Seilsack mit 32 Litern Volumen mit Rucksack oder Umh\u00e4ngetasche Tragefunktion!","robots":{"index":"index","follow":"follow","max-snippet":"max-snippet:-1","max-image-preview":"max-image-preview:large","max-video-preview":"max-video-preview:-1"},"canonical":"https:\/\/bolting.eu\/en\/shop\/dmm-classic-rope-bag\/","og_locale":"en_US","og_type":"article","og_title":"DMM Classic Rope Bag","og_description":"Hier findest Du den DMM CLASSIC ROPE BAG. Einen robusten Seilsack mit 32 Litern Volumen mit Rucksack oder Umh\u00e4ngetasche Tragefunktion!","og_url":"https:\/\/bolting.eu\/en\/shop\/dmm-classic-rope-bag\/","og_site_name":"bolting.eu","article_publisher":"https:\/\/www.facebook.com\/bolting.eu","article_modified_time":"2023-05-12T13:02:54+00:00","og_image":[{"width":700,"height":700,"url":"https:\/\/bolting.eu\/wp-content\/uploads\/2021\/03\/DMM-Classic-Rope-Bag-gelb.jpg","type":"image\/jpeg"}],"twitter_card":"summary_large_image","twitter_misc":{"Availability":"In stock"},"schema":{"@context":"https:\/\/schema.org","@graph":[{"@type":["WebPage","ItemPage"],"@id":"https:\/\/bolting.eu\/en\/shop\/dmm-classic-rope-bag\/","url":"https:\/\/bolting.eu\/en\/shop\/dmm-classic-rope-bag\/","name":"DMM Classic Rope Bag - Seilsack online kaufen | bolting.eu","isPartOf":{"@id":"https:\/\/bolting.eu\/en\/#website"},"primaryImageOfPage":{"@id":"https:\/\/bolting.eu\/en\/shop\/dmm-classic-rope-bag\/#primaryimage"},"image":{"@id":"https:\/\/bolting.eu\/en\/shop\/dmm-classic-rope-bag\/#primaryimage"},"thumbnailUrl":"https:\/\/bolting.eu\/wp-content\/uploads\/2021\/03\/DMM-Classic-Rope-Bag-gelb.jpg","datePublished":"2021-03-13T23:23:00+00:00","dateModified":"2023-05-12T13:02:54+00:00","description":"Hier findest Du den DMM CLASSIC ROPE BAG. Einen robusten Seilsack mit 32 Litern Volumen mit Rucksack oder Umh\u00e4ngetasche Tragefunktion!","breadcrumb":{"@id":"https:\/\/bolting.eu\/en\/shop\/dmm-classic-rope-bag\/#breadcrumb"},"inLanguage":"en-US","potentialAction":[{"@type":"ReadAction","target":["https:\/\/bolting.eu\/en\/shop\/dmm-classic-rope-bag\/"]}]},{"@type":"ImageObject","inLanguage":"en-US","@id":"https:\/\/bolting.eu\/en\/shop\/dmm-classic-rope-bag\/#primaryimage","url":"https:\/\/bolting.eu\/wp-content\/uploads\/2021\/03\/DMM-Classic-Rope-Bag-gelb.jpg","contentUrl":"https:\/\/bolting.eu\/wp-content\/uploads\/2021\/03\/DMM-Classic-Rope-Bag-gelb.jpg","width":700,"height":700,"caption":"Das Bild zeigt den DMM Classic Rope Bag in der Farbe Gelb. Man sieht das Produkt mit den Kompressionsriemen und Schultertr\u00e4gern."},{"@type":"BreadcrumbList","@id":"https:\/\/bolting.eu\/en\/shop\/dmm-classic-rope-bag\/#breadcrumb","itemListElement":[{"@type":"ListItem","position":1,"name":"Shop","item":"https:\/\/bolting.eu\/en\/shop\/"},{"@type":"ListItem","position":2,"name":"climbing equipment","item":"https:\/\/bolting.eu\/en\/produkt-kategorie\/climbing-equipment\/"},{"@type":"ListItem","position":3,"name":"Seils\u00e4cke","item":"https:\/\/bolting.eu\/produkt-kategorie\/kletterausruestung\/seilsaecke\/"},{"@type":"ListItem","position":4,"name":"DMM Classic Rope Bag"}]},{"@type":"WebSite","@id":"https:\/\/bolting.eu\/en\/#website","url":"https:\/\/bolting.eu\/en\/","name":"bolting.eu","description":"we make climbs happen","publisher":{"@id":"https:\/\/bolting.eu\/en\/#organization"},"potentialAction":[{"@type":"SearchAction","target":{"@type":"EntryPoint","urlTemplate":"https:\/\/bolting.eu\/en\/?s={search_term_string}"},"query-input":{"@type":"PropertyValueSpecification","valueRequired":true,"valueName":"search_term_string"}}],"inLanguage":"en-US"},{"@type":["Organization","Place","SportingGoodsStore"],"@id":"https:\/\/bolting.eu\/en\/#organization","name":"bolting.eu","url":"https:\/\/bolting.eu\/en\/","logo":{"@id":"https:\/\/bolting.eu\/en\/shop\/dmm-classic-rope-bag\/#local-main-organization-logo"},"image":{"@id":"https:\/\/bolting.eu\/en\/shop\/dmm-classic-rope-bag\/#local-main-organization-logo"},"sameAs":["https:\/\/www.facebook.com\/bolting.eu","https:\/\/www.instagram.com\/bolting.eu\/"],"address":{"@id":"https:\/\/bolting.eu\/en\/shop\/dmm-classic-rope-bag\/#local-main-place-address"},"geo":{"@type":"GeoCoordinates","latitude":"47.264176340396226","longitude":"11.380109057672346"},"telephone":["+43 699 19083372"],"openingHoursSpecification":[{"@type":"OpeningHoursSpecification","dayOfWeek":["Monday","Wednesday","Friday"],"opens":"14:00","closes":"18:00"},{"@type":"OpeningHoursSpecification","dayOfWeek":["Tuesday","Thursday","Saturday","Sunday"],"opens":"00:00","closes":"00:00"}],"email":"office@bolting.eu","vatID":"ATU59999728","priceRange":"$$","currenciesAccepted":"Euro"},{"@type":"PostalAddress","@id":"https:\/\/bolting.eu\/en\/shop\/dmm-classic-rope-bag\/#local-main-place-address","streetAddress":"Fischnalerstra\u00dfe 4","addressLocality":"Innsbruck","postalCode":"6020","addressRegion":"Tirol","addressCountry":"AT"},{"@type":"ImageObject","inLanguage":"en-US","@id":"https:\/\/bolting.eu\/en\/shop\/dmm-classic-rope-bag\/#local-main-organization-logo","url":"https:\/\/bolting.eu\/wp-content\/uploads\/2019\/09\/bolting-logo.png","contentUrl":"https:\/\/bolting.eu\/wp-content\/uploads\/2019\/09\/bolting-logo.png","width":400,"height":211,"caption":"bolting.eu"}]},"og_availability":"instock","product_availability":"instock","product_condition":"new","geo.placename":"Innsbruck","geo.position":{"lat":"47.264176340396226","long":"11.380109057672346"},"geo.region":"Austria"},"_links":{"self":[{"href":"https:\/\/bolting.eu\/en\/wp-json\/wp\/v2\/product\/7954","targetHints":{"allow":["GET"]}}],"collection":[{"href":"https:\/\/bolting.eu\/en\/wp-json\/wp\/v2\/product"}],"about":[{"href":"https:\/\/bolting.eu\/en\/wp-json\/wp\/v2\/types\/product"}],"replies":[{"embeddable":true,"href":"https:\/\/bolting.eu\/en\/wp-json\/wp\/v2\/comments?post=7954"}],"wp:featuredmedia":[{"embeddable":true,"href":"https:\/\/bolting.eu\/en\/wp-json\/wp\/v2\/media\/7957"}],"wp:attachment":[{"href":"https:\/\/bolting.eu\/en\/wp-json\/wp\/v2\/media?parent=7954"}],"wp:term":[{"taxonomy":"product_brand","embeddable":true,"href":"https:\/\/bolting.eu\/en\/wp-json\/wp\/v2\/product_brand?post=7954"},{"taxonomy":"product_cat","embeddable":true,"href":"https:\/\/bolting.eu\/en\/wp-json\/wp\/v2\/product_cat?post=7954"},{"taxonomy":"product_tag","embeddable":true,"href":"https:\/\/bolting.eu\/en\/wp-json\/wp\/v2\/product_tag?post=7954"}],"curies":[{"name":"wp","href":"https:\/\/api.w.org\/{rel}","templated":true}]}}