{"id":7946,"date":"2021-03-13T23:01:27","date_gmt":"2021-03-13T22:01:27","guid":{"rendered":"https:\/\/bolting.eu\/?post_type=product&#038;p=7946"},"modified":"2024-09-17T12:10:39","modified_gmt":"2024-09-17T10:10:39","slug":"speleo-hammer-action","status":"publish","type":"product","link":"https:\/\/bolting.eu\/en\/shop\/speleo-hammer-action\/","title":{"rendered":"Speleo Hammer Action"},"content":{"rendered":"<p>Unser Speleo Hammer Action ist ganz auf die Bed\u00fcrfnisse in der H\u00f6hlenforschung zugeschnitten. Das macht ihn auch als Felshammer f\u00fcr Kletterer die alpin einbohren recht interessant.<\/p>\n<figure id=\"attachment_7950\" aria-describedby=\"caption-attachment-7950\" style=\"width: 280px\" class=\"wp-caption alignleft\"><a href=\"https:\/\/bolting.eu\/wp-content\/uploads\/2021\/03\/Hoehlenforschung-Einbohren-Speleo-1.jpg\"><img loading=\"lazy\" decoding=\"async\" class=\"wp-image-7950 size-thumbnail\" src=\"https:\/\/bolting.eu\/wp-content\/uploads\/2021\/03\/Hoehlenforschung-Einbohren-Speleo-1-280x280.jpg\" alt=\"Das Bild zeigt zwei Hoehlenforscher beim Einbohren einer Verankerung unter Tage.\" width=\"280\" height=\"280\" srcset=\"https:\/\/bolting.eu\/wp-content\/uploads\/2021\/03\/Hoehlenforschung-Einbohren-Speleo-1-280x280.jpg 280w, https:\/\/bolting.eu\/wp-content\/uploads\/2021\/03\/Hoehlenforschung-Einbohren-Speleo-1-100x100.jpg 100w, https:\/\/bolting.eu\/wp-content\/uploads\/2021\/03\/Hoehlenforschung-Einbohren-Speleo-1-300x300.jpg 300w\" sizes=\"auto, (max-width: 280px) 100vw, 280px\" \/><\/a><figcaption id=\"caption-attachment-7950\" class=\"wp-caption-text\">Der Speleo Hammer ist perfekt f\u00fcr den Einsatz in H\u00f6hlen mit M8 Bohrhaken.<\/figcaption><\/figure>\n<p>Denn dieser spezielle Hammer hat einige ziemlich ausgekl\u00fcgelte Eigenschaften. Erstens besitzt er zwei M\u00f6glichkeiten M8 <a href=\"https:\/\/bolting.eu\/produkt-kategorie\/einbohrartikel\/bohrhaken\/\">Bohrhaken<\/a> (13mm Sechskant K\u00f6pfe) anzuziehen. Zum einen mit der entsprechenden \u00d6ffnung in der Hammernase. Und zum anderen am Ende des Schafts.<\/p>\n<p>Zweitens besitzt der massive Speleo Hammer einen dicken gummierten Griff. Somit werden alle Schl\u00e4ge sehr gut absorbiert. Folglich werden die Handgelenke geschont.<\/p>\n<p>Und drittens ist der Hammerkopf perfekt ausbalanciert. D.h. super Zug, viel Schlagenergie und wenn n\u00f6tig kann die Nase zum Heraushebeln von Haken ideal eingesetzt werden.<\/p>\n<h2>Eigenschaften Speleo Hammer Action<\/h2>\n<ul>\n<li>Hersteller: <a href=\"https:\/\/bolting.eu\/produkt-kategorie\/raumer\/\">Raumer Climbing<\/a><\/li>\n<li>Gewicht: 620 Gramm<\/li>\n<li>Material Hammerkopf: Chrom-Molybdenstahl mit Nickel Beschichtung<\/li>\n<li>Schaft: 2mm dicker AISI 304 Edelstahl<\/li>\n<li>Schaftl\u00e4nge: 22cm<\/li>\n<li>gummierter Griff<\/li>\n<li>zwei 13mm &#8211; M8 Schraubenschl\u00fcssel \u00d6ffnungen<\/li>\n<li>inkl. Reepschnur<\/li>\n<\/ul>\n<h3>Perfekt f\u00fcr 8mm Bohrhaken<\/h3>\n<p>Was den Speleo Hammer auszeichnet, sind vor allem die zwei Schraubenschl\u00fcssel \u00d6ffnungen. Denn damit kann man M8 Schrauben, also 13mm SechskantK\u00f6pfe perfekt anziehen.<\/p>\n<p>Die erste \u00d6ffnung befindet sich direkt in der Nase des Hammerkopfes. Dieser wird einfach schr\u00e4g &#8220;angelegt&#8221; und der Stiel fungiert als Hebel. Einfach richtig ausget\u00fcftelt!<\/p>\n<p>Die zweite \u00d6ffnung sitz am Ende des Hammerstiels. Hier k\u00f6nnen vor allem lockere M8 Muttern rasch wieder angezogen werden. Sollte sich Schmutz in der \u00d6ffnung sammeln, keine Sorge. Es gibt eine Feder die ihn wieder automatisch herausdr\u00fcckt!<\/p>\n<h3>Speleo Hammer mit alpinen Tendenzen<\/h3>\n<p>Der Action Hammer ist auch etwas f\u00fcr Kletterer die alpin viel mit 8mm Bohrhaken erschlie\u00dfen. Denn wie bereits beschrieben. Dieser Felshammer ist ideal um deren Muttern anzuziehen.<\/p>\n<p>Das spart Gewicht und ist zudem extrem praktisch. Denn man spart sich auch den Arbeitsschritt des Wechseln des Werkzeuges!<\/p>\n<h4><strong>Link Tipp<\/strong><\/h4>\n<p>Hier geht es zum <a href=\"https:\/\/hoehle.org\" target=\"_blank\" rel=\"noopener\">Verband \u00d6sterr. H\u00f6hlenforscher<\/a><\/p>\n","protected":false},"excerpt":{"rendered":"<ul>\n<li>Hersteller: Raumer Climbing<\/li>\n<li>Gewicht: 620 Gramm<\/li>\n<li>Material Hammerkopf: Chrom-Molybdenstahl mit Nickel Beschichtung<\/li>\n<li>Schaft: 2mm dicker AISI 304 Edelstahl<\/li>\n<li>Schaftl\u00e4nge: 22cm<\/li>\n<li>gummierter Griff<\/li>\n<li>zwei 13mm &#8211; M8 Schraubenschl\u00fcssel \u00d6ffnungen<\/li>\n<li>inkl. Reepschnur<\/li>\n<\/ul>\n","protected":false},"featured_media":7947,"comment_status":"open","ping_status":"closed","template":"","meta":[],"product_brand":[],"product_cat":[4660,38,1210],"product_tag":[],"class_list":{"0":"post-7946","1":"product","2":"type-product","3":"status-publish","4":"has-post-thumbnail","6":"product_cat-raumer","7":"product_cat-felshammer","8":"product_cat-einbohrartikel","10":"first","11":"outofstock","12":"taxable","13":"shipping-taxable","14":"purchasable","15":"product-type-simple"},"yoast_head":"<!-- This site is optimized with the Yoast SEO Premium plugin v26.9 (Yoast SEO v26.9) - https:\/\/yoast.com\/product\/yoast-seo-premium-wordpress\/ -->\n<title>Speleo Hammer Action - perfekt f\u00fcr H\u00f6hlenforschung | bolting.eu<\/title>\n<meta name=\"description\" content=\"Hier findest du den SPELEO HAMMER ACTION. Einen klasse Felshammer f\u00fcr die H\u00f6hlenfoschung mit M8 - 13mm Muttern Befestigungsm\u00f6glichkeit!\" \/>\n<meta name=\"robots\" content=\"index, follow, max-snippet:-1, max-image-preview:large, max-video-preview:-1\" \/>\n<link rel=\"canonical\" href=\"https:\/\/bolting.eu\/en\/shop\/speleo-hammer-action\/\" \/>\n<meta property=\"og:locale\" content=\"en_US\" \/>\n<meta property=\"og:type\" content=\"article\" \/>\n<meta property=\"og:title\" content=\"Speleo Hammer Action\" \/>\n<meta property=\"og:description\" content=\"Hier findest du den SPELEO HAMMER ACTION. Einen klasse Felshammer f\u00fcr die H\u00f6hlenfoschung mit M8 - 13mm Muttern Befestigungsm\u00f6glichkeit!\" \/>\n<meta property=\"og:url\" content=\"https:\/\/bolting.eu\/en\/shop\/speleo-hammer-action\/\" \/>\n<meta property=\"og:site_name\" content=\"bolting.eu\" \/>\n<meta property=\"article:publisher\" content=\"https:\/\/www.facebook.com\/bolting.eu\" \/>\n<meta property=\"article:modified_time\" content=\"2024-09-17T10:10:39+00:00\" \/>\n<meta property=\"og:image\" content=\"https:\/\/bolting.eu\/wp-content\/uploads\/2021\/03\/Speleo-Hammer-Action-1.jpg\" \/>\n\t<meta property=\"og:image:width\" content=\"700\" \/>\n\t<meta property=\"og:image:height\" content=\"700\" \/>\n\t<meta property=\"og:image:type\" content=\"image\/jpeg\" \/>\n<meta name=\"twitter:card\" content=\"summary_large_image\" \/>\n<meta name=\"twitter:label1\" content=\"Price\" \/>\n\t<meta name=\"twitter:data1\" content=\"&euro;&nbsp;69,90\" \/>\n\t<meta name=\"twitter:label2\" content=\"Availability\" \/>\n\t<meta name=\"twitter:data2\" content=\"Out of stock\" \/>\n<script type=\"application\/ld+json\" class=\"yoast-schema-graph\">{\"@context\":\"https:\/\/schema.org\",\"@graph\":[{\"@type\":[\"WebPage\",\"ItemPage\"],\"@id\":\"https:\/\/bolting.eu\/en\/shop\/speleo-hammer-action\/\",\"url\":\"https:\/\/bolting.eu\/en\/shop\/speleo-hammer-action\/\",\"name\":\"Speleo Hammer Action - perfekt f\u00fcr H\u00f6hlenforschung | bolting.eu\",\"isPartOf\":{\"@id\":\"https:\/\/bolting.eu\/en\/#website\"},\"primaryImageOfPage\":{\"@id\":\"https:\/\/bolting.eu\/en\/shop\/speleo-hammer-action\/#primaryimage\"},\"image\":{\"@id\":\"https:\/\/bolting.eu\/en\/shop\/speleo-hammer-action\/#primaryimage\"},\"thumbnailUrl\":\"https:\/\/bolting.eu\/wp-content\/uploads\/2021\/03\/Speleo-Hammer-Action-1.jpg\",\"datePublished\":\"2021-03-13T22:01:27+00:00\",\"dateModified\":\"2024-09-17T10:10:39+00:00\",\"description\":\"Hier findest du den SPELEO HAMMER ACTION. Einen klasse Felshammer f\u00fcr die H\u00f6hlenfoschung mit M8 - 13mm Muttern Befestigungsm\u00f6glichkeit!\",\"breadcrumb\":{\"@id\":\"https:\/\/bolting.eu\/en\/shop\/speleo-hammer-action\/#breadcrumb\"},\"inLanguage\":\"en-US\",\"potentialAction\":[{\"@type\":\"ReadAction\",\"target\":[\"https:\/\/bolting.eu\/en\/shop\/speleo-hammer-action\/\"]}]},{\"@type\":\"ImageObject\",\"inLanguage\":\"en-US\",\"@id\":\"https:\/\/bolting.eu\/en\/shop\/speleo-hammer-action\/#primaryimage\",\"url\":\"https:\/\/bolting.eu\/wp-content\/uploads\/2021\/03\/Speleo-Hammer-Action-1.jpg\",\"contentUrl\":\"https:\/\/bolting.eu\/wp-content\/uploads\/2021\/03\/Speleo-Hammer-Action-1.jpg\",\"width\":700,\"height\":700,\"caption\":\"Das Bild zeigt den Speleo Hammer Action mit schwarzem Griff und silbernen Hammerkopf.\"},{\"@type\":\"BreadcrumbList\",\"@id\":\"https:\/\/bolting.eu\/en\/shop\/speleo-hammer-action\/#breadcrumb\",\"itemListElement\":[{\"@type\":\"ListItem\",\"position\":1,\"name\":\"Shop\",\"item\":\"https:\/\/bolting.eu\/en\/shop\/\"},{\"@type\":\"ListItem\",\"position\":2,\"name\":\"bolting products\",\"item\":\"https:\/\/bolting.eu\/en\/produkt-kategorie\/bolting-products\/\"},{\"@type\":\"ListItem\",\"position\":3,\"name\":\"Rock hammer\",\"item\":\"https:\/\/bolting.eu\/en\/produkt-kategorie\/rock-hammer\/\"},{\"@type\":\"ListItem\",\"position\":4,\"name\":\"Speleo Hammer Action\"}]},{\"@type\":\"WebSite\",\"@id\":\"https:\/\/bolting.eu\/en\/#website\",\"url\":\"https:\/\/bolting.eu\/en\/\",\"name\":\"bolting.eu\",\"description\":\"we make climbs happen\",\"publisher\":{\"@id\":\"https:\/\/bolting.eu\/en\/#organization\"},\"potentialAction\":[{\"@type\":\"SearchAction\",\"target\":{\"@type\":\"EntryPoint\",\"urlTemplate\":\"https:\/\/bolting.eu\/en\/?s={search_term_string}\"},\"query-input\":{\"@type\":\"PropertyValueSpecification\",\"valueRequired\":true,\"valueName\":\"search_term_string\"}}],\"inLanguage\":\"en-US\"},{\"@type\":[\"Organization\",\"Place\",\"SportingGoodsStore\"],\"@id\":\"https:\/\/bolting.eu\/en\/#organization\",\"name\":\"bolting.eu\",\"url\":\"https:\/\/bolting.eu\/en\/\",\"logo\":{\"@id\":\"https:\/\/bolting.eu\/en\/shop\/speleo-hammer-action\/#local-main-organization-logo\"},\"image\":{\"@id\":\"https:\/\/bolting.eu\/en\/shop\/speleo-hammer-action\/#local-main-organization-logo\"},\"sameAs\":[\"https:\/\/www.facebook.com\/bolting.eu\",\"https:\/\/www.instagram.com\/bolting.eu\/\"],\"address\":{\"@id\":\"https:\/\/bolting.eu\/en\/shop\/speleo-hammer-action\/#local-main-place-address\"},\"geo\":{\"@type\":\"GeoCoordinates\",\"latitude\":\"47.264176340396226\",\"longitude\":\"11.380109057672346\"},\"telephone\":[\"+43 699 19083372\"],\"openingHoursSpecification\":[{\"@type\":\"OpeningHoursSpecification\",\"dayOfWeek\":[\"Monday\",\"Wednesday\",\"Friday\"],\"opens\":\"14:00\",\"closes\":\"18:00\"},{\"@type\":\"OpeningHoursSpecification\",\"dayOfWeek\":[\"Tuesday\",\"Thursday\",\"Saturday\",\"Sunday\"],\"opens\":\"00:00\",\"closes\":\"00:00\"}],\"email\":\"office@bolting.eu\",\"vatID\":\"ATU59999728\",\"priceRange\":\"$$\",\"currenciesAccepted\":\"Euro\"},{\"@type\":\"PostalAddress\",\"@id\":\"https:\/\/bolting.eu\/en\/shop\/speleo-hammer-action\/#local-main-place-address\",\"streetAddress\":\"Fischnalerstra\u00dfe 4\",\"addressLocality\":\"Innsbruck\",\"postalCode\":\"6020\",\"addressRegion\":\"Tirol\",\"addressCountry\":\"AT\"},{\"@type\":\"ImageObject\",\"inLanguage\":\"en-US\",\"@id\":\"https:\/\/bolting.eu\/en\/shop\/speleo-hammer-action\/#local-main-organization-logo\",\"url\":\"https:\/\/bolting.eu\/wp-content\/uploads\/2019\/09\/bolting-logo.png\",\"contentUrl\":\"https:\/\/bolting.eu\/wp-content\/uploads\/2019\/09\/bolting-logo.png\",\"width\":400,\"height\":211,\"caption\":\"bolting.eu\"}]}<\/script>\n<meta property=\"product:price:amount\" content=\"69.90\" \/>\n<meta property=\"product:price:currency\" content=\"EUR\" \/>\n<meta property=\"og:availability\" content=\"out of stock\" \/>\n<meta property=\"product:availability\" content=\"out of stock\" \/>\n<meta property=\"product:retailer_item_id\" content=\"R100\" \/>\n<meta property=\"product:condition\" content=\"new\" \/>\n<meta name=\"geo.placename\" content=\"Innsbruck\" \/>\n<meta name=\"geo.position\" content=\"47.264176340396226;11.380109057672346\" \/>\n<meta name=\"geo.region\" content=\"Austria\" \/>\n<!-- \/ Yoast SEO Premium plugin. -->","yoast_head_json":{"title":"Speleo Hammer Action - perfekt f\u00fcr H\u00f6hlenforschung | bolting.eu","description":"Hier findest du den SPELEO HAMMER ACTION. Einen klasse Felshammer f\u00fcr die H\u00f6hlenfoschung mit M8 - 13mm Muttern Befestigungsm\u00f6glichkeit!","robots":{"index":"index","follow":"follow","max-snippet":"max-snippet:-1","max-image-preview":"max-image-preview:large","max-video-preview":"max-video-preview:-1"},"canonical":"https:\/\/bolting.eu\/en\/shop\/speleo-hammer-action\/","og_locale":"en_US","og_type":"article","og_title":"Speleo Hammer Action","og_description":"Hier findest du den SPELEO HAMMER ACTION. Einen klasse Felshammer f\u00fcr die H\u00f6hlenfoschung mit M8 - 13mm Muttern Befestigungsm\u00f6glichkeit!","og_url":"https:\/\/bolting.eu\/en\/shop\/speleo-hammer-action\/","og_site_name":"bolting.eu","article_publisher":"https:\/\/www.facebook.com\/bolting.eu","article_modified_time":"2024-09-17T10:10:39+00:00","og_image":[{"width":700,"height":700,"url":"https:\/\/bolting.eu\/wp-content\/uploads\/2021\/03\/Speleo-Hammer-Action-1.jpg","type":"image\/jpeg"}],"twitter_card":"summary_large_image","twitter_misc":{"Price":"&euro;&nbsp;69,90","Availability":"Out of stock"},"schema":{"@context":"https:\/\/schema.org","@graph":[{"@type":["WebPage","ItemPage"],"@id":"https:\/\/bolting.eu\/en\/shop\/speleo-hammer-action\/","url":"https:\/\/bolting.eu\/en\/shop\/speleo-hammer-action\/","name":"Speleo Hammer Action - perfekt f\u00fcr H\u00f6hlenforschung | bolting.eu","isPartOf":{"@id":"https:\/\/bolting.eu\/en\/#website"},"primaryImageOfPage":{"@id":"https:\/\/bolting.eu\/en\/shop\/speleo-hammer-action\/#primaryimage"},"image":{"@id":"https:\/\/bolting.eu\/en\/shop\/speleo-hammer-action\/#primaryimage"},"thumbnailUrl":"https:\/\/bolting.eu\/wp-content\/uploads\/2021\/03\/Speleo-Hammer-Action-1.jpg","datePublished":"2021-03-13T22:01:27+00:00","dateModified":"2024-09-17T10:10:39+00:00","description":"Hier findest du den SPELEO HAMMER ACTION. Einen klasse Felshammer f\u00fcr die H\u00f6hlenfoschung mit M8 - 13mm Muttern Befestigungsm\u00f6glichkeit!","breadcrumb":{"@id":"https:\/\/bolting.eu\/en\/shop\/speleo-hammer-action\/#breadcrumb"},"inLanguage":"en-US","potentialAction":[{"@type":"ReadAction","target":["https:\/\/bolting.eu\/en\/shop\/speleo-hammer-action\/"]}]},{"@type":"ImageObject","inLanguage":"en-US","@id":"https:\/\/bolting.eu\/en\/shop\/speleo-hammer-action\/#primaryimage","url":"https:\/\/bolting.eu\/wp-content\/uploads\/2021\/03\/Speleo-Hammer-Action-1.jpg","contentUrl":"https:\/\/bolting.eu\/wp-content\/uploads\/2021\/03\/Speleo-Hammer-Action-1.jpg","width":700,"height":700,"caption":"Das Bild zeigt den Speleo Hammer Action mit schwarzem Griff und silbernen Hammerkopf."},{"@type":"BreadcrumbList","@id":"https:\/\/bolting.eu\/en\/shop\/speleo-hammer-action\/#breadcrumb","itemListElement":[{"@type":"ListItem","position":1,"name":"Shop","item":"https:\/\/bolting.eu\/en\/shop\/"},{"@type":"ListItem","position":2,"name":"bolting products","item":"https:\/\/bolting.eu\/en\/produkt-kategorie\/bolting-products\/"},{"@type":"ListItem","position":3,"name":"Rock hammer","item":"https:\/\/bolting.eu\/en\/produkt-kategorie\/rock-hammer\/"},{"@type":"ListItem","position":4,"name":"Speleo Hammer Action"}]},{"@type":"WebSite","@id":"https:\/\/bolting.eu\/en\/#website","url":"https:\/\/bolting.eu\/en\/","name":"bolting.eu","description":"we make climbs happen","publisher":{"@id":"https:\/\/bolting.eu\/en\/#organization"},"potentialAction":[{"@type":"SearchAction","target":{"@type":"EntryPoint","urlTemplate":"https:\/\/bolting.eu\/en\/?s={search_term_string}"},"query-input":{"@type":"PropertyValueSpecification","valueRequired":true,"valueName":"search_term_string"}}],"inLanguage":"en-US"},{"@type":["Organization","Place","SportingGoodsStore"],"@id":"https:\/\/bolting.eu\/en\/#organization","name":"bolting.eu","url":"https:\/\/bolting.eu\/en\/","logo":{"@id":"https:\/\/bolting.eu\/en\/shop\/speleo-hammer-action\/#local-main-organization-logo"},"image":{"@id":"https:\/\/bolting.eu\/en\/shop\/speleo-hammer-action\/#local-main-organization-logo"},"sameAs":["https:\/\/www.facebook.com\/bolting.eu","https:\/\/www.instagram.com\/bolting.eu\/"],"address":{"@id":"https:\/\/bolting.eu\/en\/shop\/speleo-hammer-action\/#local-main-place-address"},"geo":{"@type":"GeoCoordinates","latitude":"47.264176340396226","longitude":"11.380109057672346"},"telephone":["+43 699 19083372"],"openingHoursSpecification":[{"@type":"OpeningHoursSpecification","dayOfWeek":["Monday","Wednesday","Friday"],"opens":"14:00","closes":"18:00"},{"@type":"OpeningHoursSpecification","dayOfWeek":["Tuesday","Thursday","Saturday","Sunday"],"opens":"00:00","closes":"00:00"}],"email":"office@bolting.eu","vatID":"ATU59999728","priceRange":"$$","currenciesAccepted":"Euro"},{"@type":"PostalAddress","@id":"https:\/\/bolting.eu\/en\/shop\/speleo-hammer-action\/#local-main-place-address","streetAddress":"Fischnalerstra\u00dfe 4","addressLocality":"Innsbruck","postalCode":"6020","addressRegion":"Tirol","addressCountry":"AT"},{"@type":"ImageObject","inLanguage":"en-US","@id":"https:\/\/bolting.eu\/en\/shop\/speleo-hammer-action\/#local-main-organization-logo","url":"https:\/\/bolting.eu\/wp-content\/uploads\/2019\/09\/bolting-logo.png","contentUrl":"https:\/\/bolting.eu\/wp-content\/uploads\/2019\/09\/bolting-logo.png","width":400,"height":211,"caption":"bolting.eu"}]},"product_price_amount":"69.90","product_price_currency":"EUR","og_availability":"out of stock","product_availability":"out of stock","product_retailer_item_id":"R100","product_condition":"new","geo.placename":"Innsbruck","geo.position":{"lat":"47.264176340396226","long":"11.380109057672346"},"geo.region":"Austria"},"_links":{"self":[{"href":"https:\/\/bolting.eu\/en\/wp-json\/wp\/v2\/product\/7946","targetHints":{"allow":["GET"]}}],"collection":[{"href":"https:\/\/bolting.eu\/en\/wp-json\/wp\/v2\/product"}],"about":[{"href":"https:\/\/bolting.eu\/en\/wp-json\/wp\/v2\/types\/product"}],"replies":[{"embeddable":true,"href":"https:\/\/bolting.eu\/en\/wp-json\/wp\/v2\/comments?post=7946"}],"wp:featuredmedia":[{"embeddable":true,"href":"https:\/\/bolting.eu\/en\/wp-json\/wp\/v2\/media\/7947"}],"wp:attachment":[{"href":"https:\/\/bolting.eu\/en\/wp-json\/wp\/v2\/media?parent=7946"}],"wp:term":[{"taxonomy":"product_brand","embeddable":true,"href":"https:\/\/bolting.eu\/en\/wp-json\/wp\/v2\/product_brand?post=7946"},{"taxonomy":"product_cat","embeddable":true,"href":"https:\/\/bolting.eu\/en\/wp-json\/wp\/v2\/product_cat?post=7946"},{"taxonomy":"product_tag","embeddable":true,"href":"https:\/\/bolting.eu\/en\/wp-json\/wp\/v2\/product_tag?post=7946"}],"curies":[{"name":"wp","href":"https:\/\/api.w.org\/{rel}","templated":true}]}}