{"id":7940,"date":"2021-03-13T22:04:51","date_gmt":"2021-03-13T21:04:51","guid":{"rendered":"https:\/\/bolting.eu\/?post_type=product&#038;p=7940"},"modified":"2026-04-22T16:01:29","modified_gmt":"2026-04-22T14:01:29","slug":"edelrid-hudson","status":"publish","type":"product","link":"https:\/\/bolting.eu\/en\/shop\/edelrid-hudson\/","title":{"rendered":"Edelrid Hudson"},"content":{"rendered":"<p>Der Edelrid Hudson ist ein richtig klasser Big Wall Hammer. Denn dieser Felshammer hat mit 670 Gramm einen ordentlichen &#8220;Punch&#8221;.<\/p>\n<p>Dar\u00fcber hinaus besitzt dieser Hammer aber auch einige weitere tolle Features. Folglich ist er auch f\u00fcr Erschlie\u00dfer extrem interessant.<\/p>\n<p>Denn der Felshammer eignet sich aufgrund seiner robusten Bauart besonders f\u00fcr viel Schlag Arbeit. D.h. oftmaliges Einschlagen von Bohrhaken oder Klebehaken. Putzen von Kletterrouten wie das Abschlagen loser Felsschuppen oder Reinigen von Verschneidungen.<\/p>\n<p>Kurzum. Ein hochwertiger Hammer f\u00fcr die <a href=\"https:\/\/bolting.eu\/big-wall-ausruestung\/\">Big Wall Ausr\u00fcstung<\/a> bzw. f\u00fcr den Einsatz von Profis!<\/p>\n<h2>Eigenschaften Edelrid Hudson<\/h2>\n<ul>\n<li>Hersteller: <a href=\"https:\/\/bolting.eu\/produkt-kategorie\/edelrid\/\">Edelrid<\/a><\/li>\n<li>Gewicht: 670 Gramm<\/li>\n<li>Hickory Schaft f\u00fcr vibrationsarmes Schlagen<\/li>\n<li>perfekt ausbalancierter Hammerkopf<\/li>\n<li>Hammerkopf mit Winkel am Schaft verst\u00e4rkt<\/li>\n<li>\u00d6se an Hammernase zum Aushebeln von Normalhaken<\/li>\n<li>elastische Leash mit Fangkarabiner<\/li>\n<li><a href=\"https:\/\/bolting.eu\/shop\/holster-edelrid-hudson\/\">Holster<\/a> als Zubeh\u00f6r erh\u00e4ltlich<\/li>\n<\/ul>\n<h3>Der Schaft macht\u00b4s!<\/h3>\n<p>Big Walls oder regelm\u00e4\u00dfiges Erschlie\u00dfen geht ordentlich in die H\u00e4nde und Arme. Da ist man heil froh, wenn die Handgelenke nicht zu viel Schlagenergie abbekommen.<\/p>\n<p>Wie gut, dass der Edelrid Hudson einen Stiel aus Hickory Holz hat. Denn diese Holzart &#8220;schluckt&#8221; ordentlich die Aufprallenergie und schont somit die Handgelenke.<\/p>\n<p>Eine weitere Eigenschaft dieser Holzart ist seine Langlebigkeit. Egal wie viel man h\u00e4mmert und Haken entfernt. Der Edelrid Felshammer sollte viele, viele Jahre halten.<\/p>\n<p>Daf\u00fcr sorgen auch die beiden zus\u00e4tzlichen Winkel am Schaft. Denn sie fixieren und stabilisieren den Hammerkopf zus\u00e4tzlich.<\/p>\n<h3>Edelrid Hudson &#8211; gut verstaut<\/h3>\n<p>Der Edelrid Big Wall Hammer kann gleich auf mehrere Arten verstaut werden.<\/p>\n<p>Zum einen kann man ihn einfach mit einem ovalen Karabiner an den Gurt h\u00e4ngen. Einfach in die \u00d6se an der Nase h\u00e4ngen und fertig. Zum anderen kann man sich aber auch den Holster als Zubeh\u00f6r zulegen. Dann kann man den Bigwall Hammer sch\u00f6n wackelfrei am Gurt tragen.<\/p>\n<h4><strong>Made in Germany<\/strong><\/h4>\n<p>Betrachtet man die Produktqualit\u00e4t des Edelrid Hudson \u00fcberrascht es wenig. Der Big Wall Hammer wurde zu 100% in Deutschland gebaut.<\/p>\n<p>Sowohl die Materialien als auch die Verarbeitung sind bei diesem Edelrid Hammer echt top! Und das ist auch gut so. Denn bei einem Big Wall darf ein Hammer einfach nicht kaputt werden. Wer hat denn einen zweiten dabei? Genau! Niemand!<\/p>\n","protected":false},"excerpt":{"rendered":"<p>Toller Big Wall Hammer mit Holzstiel, elastischem Fangriemen und Minikarabiner.<\/p>\n<p>Dieses Modell punktet mit einem tollen Preis-Leistungsverh\u00e4ltnis und seiner praktischen Ausstattung.<\/p>\n<p>Versandkostenfrei bis 2kg in <img decoding=\"async\" class=\"emoji\" role=\"img\" draggable=\"false\" src=\"https:\/\/s.w.org\/images\/core\/emoji\/14.0.0\/svg\/1f1e6-1f1f9.svg\" alt=\"\ud83c\udde6\ud83c\uddf9\" \/> ab \u20ac 100,- und <img decoding=\"async\" class=\"emoji\" role=\"img\" draggable=\"false\" src=\"https:\/\/s.w.org\/images\/core\/emoji\/14.0.0\/svg\/1f1e9-1f1ea.svg\" alt=\"\ud83c\udde9\ud83c\uddea\" \/> ab \u20ac 200,-!<\/p>\n","protected":false},"featured_media":7941,"comment_status":"open","ping_status":"closed","template":"","meta":[],"product_brand":[],"product_cat":[38,1210,4655,31],"product_tag":[],"class_list":{"0":"post-7940","1":"product","2":"type-product","3":"status-publish","4":"has-post-thumbnail","6":"product_cat-felshammer","7":"product_cat-einbohrartikel","8":"product_cat-edelrid","9":"product_cat-big-wall-ausruestung","11":"first","12":"instock","13":"sale","14":"taxable","15":"shipping-taxable","16":"purchasable","17":"product-type-simple"},"yoast_head":"<!-- This site is optimized with the Yoast SEO Premium plugin v26.9 (Yoast SEO v26.9) - https:\/\/yoast.com\/product\/yoast-seo-premium-wordpress\/ -->\n<title>Edelrid Hudson - Big Wall Hammer - Felshammer | bolting.eu<\/title>\n<meta name=\"description\" content=\"Hier findest du den EDELRID HUDSON Bigwall Hammer. Der Edelrid Felshammer hat perfekten Zug und super Absorbtionder Schlagenergie!\" \/>\n<meta name=\"robots\" content=\"index, follow, max-snippet:-1, max-image-preview:large, max-video-preview:-1\" \/>\n<link rel=\"canonical\" href=\"https:\/\/bolting.eu\/en\/shop\/edelrid-hudson\/\" \/>\n<meta property=\"og:locale\" content=\"en_US\" \/>\n<meta property=\"og:type\" content=\"article\" \/>\n<meta property=\"og:title\" content=\"Edelrid Hudson\" \/>\n<meta property=\"og:description\" content=\"Hier findest du den EDELRID HUDSON Bigwall Hammer. Der Edelrid Felshammer hat perfekten Zug und super Absorbtionder Schlagenergie!\" \/>\n<meta property=\"og:url\" content=\"https:\/\/bolting.eu\/en\/shop\/edelrid-hudson\/\" \/>\n<meta property=\"og:site_name\" content=\"bolting.eu\" \/>\n<meta property=\"article:publisher\" content=\"https:\/\/www.facebook.com\/bolting.eu\" \/>\n<meta property=\"article:modified_time\" content=\"2026-04-22T14:01:29+00:00\" \/>\n<meta property=\"og:image\" content=\"https:\/\/bolting.eu\/wp-content\/uploads\/2021\/03\/Edelrid-Hudson-1.jpg\" \/>\n\t<meta property=\"og:image:width\" content=\"700\" \/>\n\t<meta property=\"og:image:height\" content=\"700\" \/>\n\t<meta property=\"og:image:type\" content=\"image\/jpeg\" \/>\n<meta name=\"twitter:card\" content=\"summary_large_image\" \/>\n<meta name=\"twitter:label1\" content=\"Price\" \/>\n\t<meta name=\"twitter:data1\" content=\"&euro;&nbsp;85,00\" \/>\n\t<meta name=\"twitter:label2\" content=\"Availability\" \/>\n\t<meta name=\"twitter:data2\" content=\"In stock\" \/>\n<script type=\"application\/ld+json\" class=\"yoast-schema-graph\">{\"@context\":\"https:\/\/schema.org\",\"@graph\":[{\"@type\":[\"WebPage\",\"ItemPage\"],\"@id\":\"https:\/\/bolting.eu\/en\/shop\/edelrid-hudson\/\",\"url\":\"https:\/\/bolting.eu\/en\/shop\/edelrid-hudson\/\",\"name\":\"Edelrid Hudson - Big Wall Hammer - Felshammer | bolting.eu\",\"isPartOf\":{\"@id\":\"https:\/\/bolting.eu\/en\/#website\"},\"primaryImageOfPage\":{\"@id\":\"https:\/\/bolting.eu\/en\/shop\/edelrid-hudson\/#primaryimage\"},\"image\":{\"@id\":\"https:\/\/bolting.eu\/en\/shop\/edelrid-hudson\/#primaryimage\"},\"thumbnailUrl\":\"https:\/\/bolting.eu\/wp-content\/uploads\/2021\/03\/Edelrid-Hudson-1.jpg\",\"datePublished\":\"2021-03-13T21:04:51+00:00\",\"dateModified\":\"2026-04-22T14:01:29+00:00\",\"description\":\"Hier findest du den EDELRID HUDSON Bigwall Hammer. Der Edelrid Felshammer hat perfekten Zug und super Absorbtionder Schlagenergie!\",\"breadcrumb\":{\"@id\":\"https:\/\/bolting.eu\/en\/shop\/edelrid-hudson\/#breadcrumb\"},\"inLanguage\":\"en-US\",\"potentialAction\":[{\"@type\":\"ReadAction\",\"target\":[\"https:\/\/bolting.eu\/en\/shop\/edelrid-hudson\/\"]}]},{\"@type\":\"ImageObject\",\"inLanguage\":\"en-US\",\"@id\":\"https:\/\/bolting.eu\/en\/shop\/edelrid-hudson\/#primaryimage\",\"url\":\"https:\/\/bolting.eu\/wp-content\/uploads\/2021\/03\/Edelrid-Hudson-1.jpg\",\"contentUrl\":\"https:\/\/bolting.eu\/wp-content\/uploads\/2021\/03\/Edelrid-Hudson-1.jpg\",\"width\":700,\"height\":700,\"caption\":\"Das Bild zeigt den Edelrid Hudson Felshammer mit braunem Holzstiel und silbernen Hammerkopf inklusive gr\u00fcner Sicherungsschlaufe.\"},{\"@type\":\"BreadcrumbList\",\"@id\":\"https:\/\/bolting.eu\/en\/shop\/edelrid-hudson\/#breadcrumb\",\"itemListElement\":[{\"@type\":\"ListItem\",\"position\":1,\"name\":\"Shop\",\"item\":\"https:\/\/bolting.eu\/en\/shop\/\"},{\"@type\":\"ListItem\",\"position\":2,\"name\":\"bolting products\",\"item\":\"https:\/\/bolting.eu\/en\/produkt-kategorie\/bolting-products\/\"},{\"@type\":\"ListItem\",\"position\":3,\"name\":\"Rock hammer\",\"item\":\"https:\/\/bolting.eu\/en\/produkt-kategorie\/rock-hammer\/\"},{\"@type\":\"ListItem\",\"position\":4,\"name\":\"Edelrid Hudson\"}]},{\"@type\":\"WebSite\",\"@id\":\"https:\/\/bolting.eu\/en\/#website\",\"url\":\"https:\/\/bolting.eu\/en\/\",\"name\":\"bolting.eu\",\"description\":\"we make climbs happen\",\"publisher\":{\"@id\":\"https:\/\/bolting.eu\/en\/#organization\"},\"potentialAction\":[{\"@type\":\"SearchAction\",\"target\":{\"@type\":\"EntryPoint\",\"urlTemplate\":\"https:\/\/bolting.eu\/en\/?s={search_term_string}\"},\"query-input\":{\"@type\":\"PropertyValueSpecification\",\"valueRequired\":true,\"valueName\":\"search_term_string\"}}],\"inLanguage\":\"en-US\"},{\"@type\":[\"Organization\",\"Place\",\"SportingGoodsStore\"],\"@id\":\"https:\/\/bolting.eu\/en\/#organization\",\"name\":\"bolting.eu\",\"url\":\"https:\/\/bolting.eu\/en\/\",\"logo\":{\"@id\":\"https:\/\/bolting.eu\/en\/shop\/edelrid-hudson\/#local-main-organization-logo\"},\"image\":{\"@id\":\"https:\/\/bolting.eu\/en\/shop\/edelrid-hudson\/#local-main-organization-logo\"},\"sameAs\":[\"https:\/\/www.facebook.com\/bolting.eu\",\"https:\/\/www.instagram.com\/bolting.eu\/\"],\"address\":{\"@id\":\"https:\/\/bolting.eu\/en\/shop\/edelrid-hudson\/#local-main-place-address\"},\"geo\":{\"@type\":\"GeoCoordinates\",\"latitude\":\"47.264176340396226\",\"longitude\":\"11.380109057672346\"},\"telephone\":[\"+43 699 19083372\"],\"openingHoursSpecification\":[{\"@type\":\"OpeningHoursSpecification\",\"dayOfWeek\":[\"Monday\",\"Wednesday\",\"Friday\"],\"opens\":\"14:00\",\"closes\":\"18:00\"},{\"@type\":\"OpeningHoursSpecification\",\"dayOfWeek\":[\"Tuesday\",\"Thursday\",\"Saturday\",\"Sunday\"],\"opens\":\"00:00\",\"closes\":\"00:00\"}],\"email\":\"office@bolting.eu\",\"vatID\":\"ATU59999728\",\"priceRange\":\"$$\",\"currenciesAccepted\":\"Euro\"},{\"@type\":\"PostalAddress\",\"@id\":\"https:\/\/bolting.eu\/en\/shop\/edelrid-hudson\/#local-main-place-address\",\"streetAddress\":\"Fischnalerstra\u00dfe 4\",\"addressLocality\":\"Innsbruck\",\"postalCode\":\"6020\",\"addressRegion\":\"Tirol\",\"addressCountry\":\"AT\"},{\"@type\":\"ImageObject\",\"inLanguage\":\"en-US\",\"@id\":\"https:\/\/bolting.eu\/en\/shop\/edelrid-hudson\/#local-main-organization-logo\",\"url\":\"https:\/\/bolting.eu\/wp-content\/uploads\/2019\/09\/bolting-logo.png\",\"contentUrl\":\"https:\/\/bolting.eu\/wp-content\/uploads\/2019\/09\/bolting-logo.png\",\"width\":400,\"height\":211,\"caption\":\"bolting.eu\"}]}<\/script>\n<meta property=\"product:price:amount\" content=\"85.00\" \/>\n<meta property=\"product:price:currency\" content=\"EUR\" \/>\n<meta property=\"og:availability\" content=\"instock\" \/>\n<meta property=\"product:availability\" content=\"instock\" \/>\n<meta property=\"product:retailer_item_id\" content=\"718790000000\" \/>\n<meta property=\"product:condition\" content=\"new\" \/>\n<meta name=\"geo.placename\" content=\"Innsbruck\" \/>\n<meta name=\"geo.position\" content=\"47.264176340396226;11.380109057672346\" \/>\n<meta name=\"geo.region\" content=\"Austria\" \/>\n<!-- \/ Yoast SEO Premium plugin. -->","yoast_head_json":{"title":"Edelrid Hudson - Big Wall Hammer - Felshammer | bolting.eu","description":"Hier findest du den EDELRID HUDSON Bigwall Hammer. Der Edelrid Felshammer hat perfekten Zug und super Absorbtionder Schlagenergie!","robots":{"index":"index","follow":"follow","max-snippet":"max-snippet:-1","max-image-preview":"max-image-preview:large","max-video-preview":"max-video-preview:-1"},"canonical":"https:\/\/bolting.eu\/en\/shop\/edelrid-hudson\/","og_locale":"en_US","og_type":"article","og_title":"Edelrid Hudson","og_description":"Hier findest du den EDELRID HUDSON Bigwall Hammer. Der Edelrid Felshammer hat perfekten Zug und super Absorbtionder Schlagenergie!","og_url":"https:\/\/bolting.eu\/en\/shop\/edelrid-hudson\/","og_site_name":"bolting.eu","article_publisher":"https:\/\/www.facebook.com\/bolting.eu","article_modified_time":"2026-04-22T14:01:29+00:00","og_image":[{"width":700,"height":700,"url":"https:\/\/bolting.eu\/wp-content\/uploads\/2021\/03\/Edelrid-Hudson-1.jpg","type":"image\/jpeg"}],"twitter_card":"summary_large_image","twitter_misc":{"Price":"&euro;&nbsp;85,00","Availability":"In stock"},"schema":{"@context":"https:\/\/schema.org","@graph":[{"@type":["WebPage","ItemPage"],"@id":"https:\/\/bolting.eu\/en\/shop\/edelrid-hudson\/","url":"https:\/\/bolting.eu\/en\/shop\/edelrid-hudson\/","name":"Edelrid Hudson - Big Wall Hammer - Felshammer | bolting.eu","isPartOf":{"@id":"https:\/\/bolting.eu\/en\/#website"},"primaryImageOfPage":{"@id":"https:\/\/bolting.eu\/en\/shop\/edelrid-hudson\/#primaryimage"},"image":{"@id":"https:\/\/bolting.eu\/en\/shop\/edelrid-hudson\/#primaryimage"},"thumbnailUrl":"https:\/\/bolting.eu\/wp-content\/uploads\/2021\/03\/Edelrid-Hudson-1.jpg","datePublished":"2021-03-13T21:04:51+00:00","dateModified":"2026-04-22T14:01:29+00:00","description":"Hier findest du den EDELRID HUDSON Bigwall Hammer. Der Edelrid Felshammer hat perfekten Zug und super Absorbtionder Schlagenergie!","breadcrumb":{"@id":"https:\/\/bolting.eu\/en\/shop\/edelrid-hudson\/#breadcrumb"},"inLanguage":"en-US","potentialAction":[{"@type":"ReadAction","target":["https:\/\/bolting.eu\/en\/shop\/edelrid-hudson\/"]}]},{"@type":"ImageObject","inLanguage":"en-US","@id":"https:\/\/bolting.eu\/en\/shop\/edelrid-hudson\/#primaryimage","url":"https:\/\/bolting.eu\/wp-content\/uploads\/2021\/03\/Edelrid-Hudson-1.jpg","contentUrl":"https:\/\/bolting.eu\/wp-content\/uploads\/2021\/03\/Edelrid-Hudson-1.jpg","width":700,"height":700,"caption":"Das Bild zeigt den Edelrid Hudson Felshammer mit braunem Holzstiel und silbernen Hammerkopf inklusive gr\u00fcner Sicherungsschlaufe."},{"@type":"BreadcrumbList","@id":"https:\/\/bolting.eu\/en\/shop\/edelrid-hudson\/#breadcrumb","itemListElement":[{"@type":"ListItem","position":1,"name":"Shop","item":"https:\/\/bolting.eu\/en\/shop\/"},{"@type":"ListItem","position":2,"name":"bolting products","item":"https:\/\/bolting.eu\/en\/produkt-kategorie\/bolting-products\/"},{"@type":"ListItem","position":3,"name":"Rock hammer","item":"https:\/\/bolting.eu\/en\/produkt-kategorie\/rock-hammer\/"},{"@type":"ListItem","position":4,"name":"Edelrid Hudson"}]},{"@type":"WebSite","@id":"https:\/\/bolting.eu\/en\/#website","url":"https:\/\/bolting.eu\/en\/","name":"bolting.eu","description":"we make climbs happen","publisher":{"@id":"https:\/\/bolting.eu\/en\/#organization"},"potentialAction":[{"@type":"SearchAction","target":{"@type":"EntryPoint","urlTemplate":"https:\/\/bolting.eu\/en\/?s={search_term_string}"},"query-input":{"@type":"PropertyValueSpecification","valueRequired":true,"valueName":"search_term_string"}}],"inLanguage":"en-US"},{"@type":["Organization","Place","SportingGoodsStore"],"@id":"https:\/\/bolting.eu\/en\/#organization","name":"bolting.eu","url":"https:\/\/bolting.eu\/en\/","logo":{"@id":"https:\/\/bolting.eu\/en\/shop\/edelrid-hudson\/#local-main-organization-logo"},"image":{"@id":"https:\/\/bolting.eu\/en\/shop\/edelrid-hudson\/#local-main-organization-logo"},"sameAs":["https:\/\/www.facebook.com\/bolting.eu","https:\/\/www.instagram.com\/bolting.eu\/"],"address":{"@id":"https:\/\/bolting.eu\/en\/shop\/edelrid-hudson\/#local-main-place-address"},"geo":{"@type":"GeoCoordinates","latitude":"47.264176340396226","longitude":"11.380109057672346"},"telephone":["+43 699 19083372"],"openingHoursSpecification":[{"@type":"OpeningHoursSpecification","dayOfWeek":["Monday","Wednesday","Friday"],"opens":"14:00","closes":"18:00"},{"@type":"OpeningHoursSpecification","dayOfWeek":["Tuesday","Thursday","Saturday","Sunday"],"opens":"00:00","closes":"00:00"}],"email":"office@bolting.eu","vatID":"ATU59999728","priceRange":"$$","currenciesAccepted":"Euro"},{"@type":"PostalAddress","@id":"https:\/\/bolting.eu\/en\/shop\/edelrid-hudson\/#local-main-place-address","streetAddress":"Fischnalerstra\u00dfe 4","addressLocality":"Innsbruck","postalCode":"6020","addressRegion":"Tirol","addressCountry":"AT"},{"@type":"ImageObject","inLanguage":"en-US","@id":"https:\/\/bolting.eu\/en\/shop\/edelrid-hudson\/#local-main-organization-logo","url":"https:\/\/bolting.eu\/wp-content\/uploads\/2019\/09\/bolting-logo.png","contentUrl":"https:\/\/bolting.eu\/wp-content\/uploads\/2019\/09\/bolting-logo.png","width":400,"height":211,"caption":"bolting.eu"}]},"product_price_amount":"85.00","product_price_currency":"EUR","og_availability":"instock","product_availability":"instock","product_retailer_item_id":"718790000000","product_condition":"new","geo.placename":"Innsbruck","geo.position":{"lat":"47.264176340396226","long":"11.380109057672346"},"geo.region":"Austria"},"_links":{"self":[{"href":"https:\/\/bolting.eu\/en\/wp-json\/wp\/v2\/product\/7940","targetHints":{"allow":["GET"]}}],"collection":[{"href":"https:\/\/bolting.eu\/en\/wp-json\/wp\/v2\/product"}],"about":[{"href":"https:\/\/bolting.eu\/en\/wp-json\/wp\/v2\/types\/product"}],"replies":[{"embeddable":true,"href":"https:\/\/bolting.eu\/en\/wp-json\/wp\/v2\/comments?post=7940"}],"wp:featuredmedia":[{"embeddable":true,"href":"https:\/\/bolting.eu\/en\/wp-json\/wp\/v2\/media\/7941"}],"wp:attachment":[{"href":"https:\/\/bolting.eu\/en\/wp-json\/wp\/v2\/media?parent=7940"}],"wp:term":[{"taxonomy":"product_brand","embeddable":true,"href":"https:\/\/bolting.eu\/en\/wp-json\/wp\/v2\/product_brand?post=7940"},{"taxonomy":"product_cat","embeddable":true,"href":"https:\/\/bolting.eu\/en\/wp-json\/wp\/v2\/product_cat?post=7940"},{"taxonomy":"product_tag","embeddable":true,"href":"https:\/\/bolting.eu\/en\/wp-json\/wp\/v2\/product_tag?post=7940"}],"curies":[{"name":"wp","href":"https:\/\/api.w.org\/{rel}","templated":true}]}}