{"id":7910,"date":"2021-03-13T10:34:07","date_gmt":"2021-03-13T09:34:07","guid":{"rendered":"https:\/\/bolting.eu\/?post_type=product&#038;p=7910"},"modified":"2025-09-05T19:28:35","modified_gmt":"2025-09-05T17:28:35","slug":"metolius-bamboo-boars-hair-brush","status":"publish","type":"product","link":"https:\/\/bolting.eu\/en\/shop\/metolius-bamboo-boars-hair-brush\/","title":{"rendered":"Metolius Bamboo Boar\u00b4s Hair Brush"},"content":{"rendered":"<p>Die Metolius Bamboo Boar\u00b4s Hair Brush ist eine kleine Griffb\u00fcrste zum Sportklettern. Denn ihr Stil aus nachhaltigem Bambus ist schmal und passt auf jedes <a href=\"https:\/\/bolting.eu\/produkt-kategorie\/kletterausruestung\/chalkbag\/\">Chalkbag<\/a>. Zudem ist der B\u00fcrstenkopf der Gr\u00f6\u00dfe angepasst. D.h. er ist verh\u00e4ltnism\u00e4\u00dfig klein und ideal um die meisten Griffe an Sportkletterrouten sauber zu bekommen.<\/p>\n<p>Nat\u00fcrlich kann man die B\u00fcrste erg\u00e4nzend auch als Boulderb\u00fcrste f\u00fcr die ganz kleinen Griffe nutzen.<\/p>\n<p>Was wir auch noch klasse finden, ist die Kompostierbarkeit des Produktes!<\/p>\n<h2>Eigenschaften Metolius Bamboo Boar\u00b4s Hair Brush<\/h2>\n<ul>\n<li>Hersteller: <a href=\"https:\/\/bolting.eu\/produkt-kategorie\/metolius\/\">Metolius<\/a><\/li>\n<li>Material Griff: Bambus<\/li>\n<li>Material Borsten: Wildschweinborsten<\/li>\n<li>Gr\u00f6\u00dfe:\u00a0 ca. 1,3 x 19cm<\/li>\n<li>Gr\u00f6\u00dfe B\u00fcrstenkopf: ca. 1,1 x 5cm<\/li>\n<li>kompostierbar!<\/li>\n<li>ideal zum Sportklettern<\/li>\n<li>f\u00fcr kleinen Griffe<\/li>\n<\/ul>\n<h3>Vielseitig einsetzbar<\/h3>\n<p>Die Metolius Bamboo Boar\u00b4s Hair Brush ist sehr vielseitig. Man kann sie n\u00e4mlich sowohl zum Bouldern als auch zum Sportklettern einsetzen.<\/p>\n<p>Durch die Form ist der Einsatz beim Sportklettern nat\u00fcrlich klar. Langer schmaler Stiel, somit passt die Griffb\u00fcrste auf jeden Magnesiubeutel.<\/p>\n<p>Beim Bouldern wird die B\u00fcrste komplement\u00e4r f\u00fcr die kleinen Griffe verwendet. Durch den langen Stiel kann man sch\u00f6n Druck aufbauen. Die dicken und festen Borsten sorgen f\u00fcr gute Putz Arbeit. Somit lassen sich selbst tiefe Rillen und Poren gut reinigen.<\/p>\n<h4><strong>Link Tipp Metolius Bamboo Boar\u00b4s Hair Brush<\/strong><\/h4>\n<p>Probiert eure neue B\u00fcrste doch gleich mal aus, beim <a href=\"https:\/\/maltatal.rocks\" target=\"_blank\" rel=\"noopener\">Klettern in K\u00e4rnten<\/a>!<\/p>\n","protected":false},"excerpt":{"rendered":"<ul>\n<li>Hersteller: <a href=\"https:\/\/bolting.eu\/produkt-kategorie\/metolius\/\">Metolius<\/a><\/li>\n<li>Material Griff: Bambus<\/li>\n<li>Material Borsten: Wildschweinborsten<\/li>\n<li>Gr\u00f6\u00dfe:\u00a0 ca. 1,3 x 19cm<\/li>\n<li>Gr\u00f6\u00dfe B\u00fcrstenkopf: ca. 1,1 x 5cm<\/li>\n<li>kompostierbar!<\/li>\n<li>ideal zum Sportklettern<\/li>\n<li>f\u00fcr kleinen Griffe<\/li>\n<\/ul>\n","protected":false},"featured_media":7911,"comment_status":"open","ping_status":"closed","template":"","meta":[],"product_brand":[],"product_cat":[4657,5284,5707],"product_tag":[],"class_list":{"0":"post-7910","1":"product","2":"type-product","3":"status-publish","4":"has-post-thumbnail","6":"product_cat-metolius","7":"product_cat-boulder-ausruestung","8":"product_cat-boulderbuersten","10":"first","11":"instock","12":"taxable","13":"shipping-taxable","14":"purchasable","15":"product-type-simple"},"yoast_head":"<!-- This site is optimized with the Yoast SEO Premium plugin v26.9 (Yoast SEO v26.9) - https:\/\/yoast.com\/product\/yoast-seo-premium-wordpress\/ -->\n<title>Metolius Bamboo Boar\u00b4s Hair Brush - Griffb\u00fcrste | bolting.eu<\/title>\n<meta name=\"description\" content=\"Hier findest Du die Metolius Bamboo Boar\u00b4s Hair Brush. Eine kleine Griffb\u00fcrste mit Bambus Stil und nat\u00fcrlichen Schweineborsten!\" \/>\n<meta name=\"robots\" content=\"index, follow, max-snippet:-1, max-image-preview:large, max-video-preview:-1\" \/>\n<link rel=\"canonical\" href=\"https:\/\/bolting.eu\/en\/shop\/metolius-bamboo-boars-hair-brush\/\" \/>\n<meta property=\"og:locale\" content=\"en_US\" \/>\n<meta property=\"og:type\" content=\"article\" \/>\n<meta property=\"og:title\" content=\"Metolius Bamboo Boar\u00b4s Hair Brush\" \/>\n<meta property=\"og:description\" content=\"Hier findest Du die Metolius Bamboo Boar\u00b4s Hair Brush. Eine kleine Griffb\u00fcrste mit Bambus Stil und nat\u00fcrlichen Schweineborsten!\" \/>\n<meta property=\"og:url\" content=\"https:\/\/bolting.eu\/en\/shop\/metolius-bamboo-boars-hair-brush\/\" \/>\n<meta property=\"og:site_name\" content=\"bolting.eu\" \/>\n<meta property=\"article:publisher\" content=\"https:\/\/www.facebook.com\/bolting.eu\" \/>\n<meta property=\"article:modified_time\" content=\"2025-09-05T17:28:35+00:00\" \/>\n<meta property=\"og:image\" content=\"https:\/\/bolting.eu\/wp-content\/uploads\/2021\/03\/Metolius-Bamboo-Boar\u00b4s-Hair-Brush-1.jpg\" \/>\n\t<meta property=\"og:image:width\" content=\"700\" \/>\n\t<meta property=\"og:image:height\" content=\"700\" \/>\n\t<meta property=\"og:image:type\" content=\"image\/jpeg\" \/>\n<meta name=\"twitter:card\" content=\"summary_large_image\" \/>\n<meta name=\"twitter:label1\" content=\"Price\" \/>\n\t<meta name=\"twitter:data1\" content=\"&euro;&nbsp;7,00\" \/>\n\t<meta name=\"twitter:label2\" content=\"Availability\" \/>\n\t<meta name=\"twitter:data2\" content=\"In stock\" \/>\n<script type=\"application\/ld+json\" class=\"yoast-schema-graph\">{\"@context\":\"https:\/\/schema.org\",\"@graph\":[{\"@type\":[\"WebPage\",\"ItemPage\"],\"@id\":\"https:\/\/bolting.eu\/en\/shop\/metolius-bamboo-boars-hair-brush\/\",\"url\":\"https:\/\/bolting.eu\/en\/shop\/metolius-bamboo-boars-hair-brush\/\",\"name\":\"Metolius Bamboo Boar\u00b4s Hair Brush - Griffb\u00fcrste | bolting.eu\",\"isPartOf\":{\"@id\":\"https:\/\/bolting.eu\/en\/#website\"},\"primaryImageOfPage\":{\"@id\":\"https:\/\/bolting.eu\/en\/shop\/metolius-bamboo-boars-hair-brush\/#primaryimage\"},\"image\":{\"@id\":\"https:\/\/bolting.eu\/en\/shop\/metolius-bamboo-boars-hair-brush\/#primaryimage\"},\"thumbnailUrl\":\"https:\/\/bolting.eu\/wp-content\/uploads\/2021\/03\/Metolius-Bamboo-Boar\u00b4s-Hair-Brush-1.jpg\",\"datePublished\":\"2021-03-13T09:34:07+00:00\",\"dateModified\":\"2025-09-05T17:28:35+00:00\",\"description\":\"Hier findest Du die Metolius Bamboo Boar\u00b4s Hair Brush. Eine kleine Griffb\u00fcrste mit Bambus Stil und nat\u00fcrlichen Schweineborsten!\",\"breadcrumb\":{\"@id\":\"https:\/\/bolting.eu\/en\/shop\/metolius-bamboo-boars-hair-brush\/#breadcrumb\"},\"inLanguage\":\"en-US\",\"potentialAction\":[{\"@type\":\"ReadAction\",\"target\":[\"https:\/\/bolting.eu\/en\/shop\/metolius-bamboo-boars-hair-brush\/\"]}]},{\"@type\":\"ImageObject\",\"inLanguage\":\"en-US\",\"@id\":\"https:\/\/bolting.eu\/en\/shop\/metolius-bamboo-boars-hair-brush\/#primaryimage\",\"url\":\"https:\/\/bolting.eu\/wp-content\/uploads\/2021\/03\/Metolius-Bamboo-Boar\u00b4s-Hair-Brush-1.jpg\",\"contentUrl\":\"https:\/\/bolting.eu\/wp-content\/uploads\/2021\/03\/Metolius-Bamboo-Boar\u00b4s-Hair-Brush-1.jpg\",\"width\":700,\"height\":700,\"caption\":\"Das Bild zeigt die gelbbraune Metolius Bamboo Boar\u00b4s Hair Brush auf einem wei\u00dfem Quadrat.\"},{\"@type\":\"BreadcrumbList\",\"@id\":\"https:\/\/bolting.eu\/en\/shop\/metolius-bamboo-boars-hair-brush\/#breadcrumb\",\"itemListElement\":[{\"@type\":\"ListItem\",\"position\":1,\"name\":\"Shop\",\"item\":\"https:\/\/bolting.eu\/en\/shop\/\"},{\"@type\":\"ListItem\",\"position\":2,\"name\":\"Boulder Ausr\u00fcstung\",\"item\":\"https:\/\/bolting.eu\/produkt-kategorie\/boulder-ausruestung\/\"},{\"@type\":\"ListItem\",\"position\":3,\"name\":\"Boulder brushes\",\"item\":\"https:\/\/bolting.eu\/en\/produkt-kategorie\/boulder-brushes\/\"},{\"@type\":\"ListItem\",\"position\":4,\"name\":\"Metolius Bamboo Boar\u00b4s Hair Brush\"}]},{\"@type\":\"WebSite\",\"@id\":\"https:\/\/bolting.eu\/en\/#website\",\"url\":\"https:\/\/bolting.eu\/en\/\",\"name\":\"bolting.eu\",\"description\":\"we make climbs happen\",\"publisher\":{\"@id\":\"https:\/\/bolting.eu\/en\/#organization\"},\"potentialAction\":[{\"@type\":\"SearchAction\",\"target\":{\"@type\":\"EntryPoint\",\"urlTemplate\":\"https:\/\/bolting.eu\/en\/?s={search_term_string}\"},\"query-input\":{\"@type\":\"PropertyValueSpecification\",\"valueRequired\":true,\"valueName\":\"search_term_string\"}}],\"inLanguage\":\"en-US\"},{\"@type\":[\"Organization\",\"Place\",\"SportingGoodsStore\"],\"@id\":\"https:\/\/bolting.eu\/en\/#organization\",\"name\":\"bolting.eu\",\"url\":\"https:\/\/bolting.eu\/en\/\",\"logo\":{\"@id\":\"https:\/\/bolting.eu\/en\/shop\/metolius-bamboo-boars-hair-brush\/#local-main-organization-logo\"},\"image\":{\"@id\":\"https:\/\/bolting.eu\/en\/shop\/metolius-bamboo-boars-hair-brush\/#local-main-organization-logo\"},\"sameAs\":[\"https:\/\/www.facebook.com\/bolting.eu\",\"https:\/\/www.instagram.com\/bolting.eu\/\"],\"address\":{\"@id\":\"https:\/\/bolting.eu\/en\/shop\/metolius-bamboo-boars-hair-brush\/#local-main-place-address\"},\"geo\":{\"@type\":\"GeoCoordinates\",\"latitude\":\"47.264176340396226\",\"longitude\":\"11.380109057672346\"},\"telephone\":[\"+43 699 19083372\"],\"openingHoursSpecification\":[{\"@type\":\"OpeningHoursSpecification\",\"dayOfWeek\":[\"Monday\",\"Wednesday\",\"Friday\"],\"opens\":\"14:00\",\"closes\":\"18:00\"},{\"@type\":\"OpeningHoursSpecification\",\"dayOfWeek\":[\"Tuesday\",\"Thursday\",\"Saturday\",\"Sunday\"],\"opens\":\"00:00\",\"closes\":\"00:00\"}],\"email\":\"office@bolting.eu\",\"vatID\":\"ATU59999728\",\"priceRange\":\"$$\",\"currenciesAccepted\":\"Euro\"},{\"@type\":\"PostalAddress\",\"@id\":\"https:\/\/bolting.eu\/en\/shop\/metolius-bamboo-boars-hair-brush\/#local-main-place-address\",\"streetAddress\":\"Fischnalerstra\u00dfe 4\",\"addressLocality\":\"Innsbruck\",\"postalCode\":\"6020\",\"addressRegion\":\"Tirol\",\"addressCountry\":\"AT\"},{\"@type\":\"ImageObject\",\"inLanguage\":\"en-US\",\"@id\":\"https:\/\/bolting.eu\/en\/shop\/metolius-bamboo-boars-hair-brush\/#local-main-organization-logo\",\"url\":\"https:\/\/bolting.eu\/wp-content\/uploads\/2019\/09\/bolting-logo.png\",\"contentUrl\":\"https:\/\/bolting.eu\/wp-content\/uploads\/2019\/09\/bolting-logo.png\",\"width\":400,\"height\":211,\"caption\":\"bolting.eu\"}]}<\/script>\n<meta property=\"product:price:amount\" content=\"7.00\" \/>\n<meta property=\"product:price:currency\" content=\"EUR\" \/>\n<meta property=\"og:availability\" content=\"instock\" \/>\n<meta property=\"product:availability\" content=\"instock\" \/>\n<meta property=\"product:retailer_item_id\" content=\"boar001\" \/>\n<meta property=\"product:condition\" content=\"new\" \/>\n<meta name=\"geo.placename\" content=\"Innsbruck\" \/>\n<meta name=\"geo.position\" content=\"47.264176340396226;11.380109057672346\" \/>\n<meta name=\"geo.region\" content=\"Austria\" \/>\n<!-- \/ Yoast SEO Premium plugin. -->","yoast_head_json":{"title":"Metolius Bamboo Boar\u00b4s Hair Brush - Griffb\u00fcrste | bolting.eu","description":"Hier findest Du die Metolius Bamboo Boar\u00b4s Hair Brush. Eine kleine Griffb\u00fcrste mit Bambus Stil und nat\u00fcrlichen Schweineborsten!","robots":{"index":"index","follow":"follow","max-snippet":"max-snippet:-1","max-image-preview":"max-image-preview:large","max-video-preview":"max-video-preview:-1"},"canonical":"https:\/\/bolting.eu\/en\/shop\/metolius-bamboo-boars-hair-brush\/","og_locale":"en_US","og_type":"article","og_title":"Metolius Bamboo Boar\u00b4s Hair Brush","og_description":"Hier findest Du die Metolius Bamboo Boar\u00b4s Hair Brush. Eine kleine Griffb\u00fcrste mit Bambus Stil und nat\u00fcrlichen Schweineborsten!","og_url":"https:\/\/bolting.eu\/en\/shop\/metolius-bamboo-boars-hair-brush\/","og_site_name":"bolting.eu","article_publisher":"https:\/\/www.facebook.com\/bolting.eu","article_modified_time":"2025-09-05T17:28:35+00:00","og_image":[{"width":700,"height":700,"url":"https:\/\/bolting.eu\/wp-content\/uploads\/2021\/03\/Metolius-Bamboo-Boar\u00b4s-Hair-Brush-1.jpg","type":"image\/jpeg"}],"twitter_card":"summary_large_image","twitter_misc":{"Price":"&euro;&nbsp;7,00","Availability":"In stock"},"schema":{"@context":"https:\/\/schema.org","@graph":[{"@type":["WebPage","ItemPage"],"@id":"https:\/\/bolting.eu\/en\/shop\/metolius-bamboo-boars-hair-brush\/","url":"https:\/\/bolting.eu\/en\/shop\/metolius-bamboo-boars-hair-brush\/","name":"Metolius Bamboo Boar\u00b4s Hair Brush - Griffb\u00fcrste | bolting.eu","isPartOf":{"@id":"https:\/\/bolting.eu\/en\/#website"},"primaryImageOfPage":{"@id":"https:\/\/bolting.eu\/en\/shop\/metolius-bamboo-boars-hair-brush\/#primaryimage"},"image":{"@id":"https:\/\/bolting.eu\/en\/shop\/metolius-bamboo-boars-hair-brush\/#primaryimage"},"thumbnailUrl":"https:\/\/bolting.eu\/wp-content\/uploads\/2021\/03\/Metolius-Bamboo-Boar\u00b4s-Hair-Brush-1.jpg","datePublished":"2021-03-13T09:34:07+00:00","dateModified":"2025-09-05T17:28:35+00:00","description":"Hier findest Du die Metolius Bamboo Boar\u00b4s Hair Brush. Eine kleine Griffb\u00fcrste mit Bambus Stil und nat\u00fcrlichen Schweineborsten!","breadcrumb":{"@id":"https:\/\/bolting.eu\/en\/shop\/metolius-bamboo-boars-hair-brush\/#breadcrumb"},"inLanguage":"en-US","potentialAction":[{"@type":"ReadAction","target":["https:\/\/bolting.eu\/en\/shop\/metolius-bamboo-boars-hair-brush\/"]}]},{"@type":"ImageObject","inLanguage":"en-US","@id":"https:\/\/bolting.eu\/en\/shop\/metolius-bamboo-boars-hair-brush\/#primaryimage","url":"https:\/\/bolting.eu\/wp-content\/uploads\/2021\/03\/Metolius-Bamboo-Boar\u00b4s-Hair-Brush-1.jpg","contentUrl":"https:\/\/bolting.eu\/wp-content\/uploads\/2021\/03\/Metolius-Bamboo-Boar\u00b4s-Hair-Brush-1.jpg","width":700,"height":700,"caption":"Das Bild zeigt die gelbbraune Metolius Bamboo Boar\u00b4s Hair Brush auf einem wei\u00dfem Quadrat."},{"@type":"BreadcrumbList","@id":"https:\/\/bolting.eu\/en\/shop\/metolius-bamboo-boars-hair-brush\/#breadcrumb","itemListElement":[{"@type":"ListItem","position":1,"name":"Shop","item":"https:\/\/bolting.eu\/en\/shop\/"},{"@type":"ListItem","position":2,"name":"Boulder Ausr\u00fcstung","item":"https:\/\/bolting.eu\/produkt-kategorie\/boulder-ausruestung\/"},{"@type":"ListItem","position":3,"name":"Boulder brushes","item":"https:\/\/bolting.eu\/en\/produkt-kategorie\/boulder-brushes\/"},{"@type":"ListItem","position":4,"name":"Metolius Bamboo Boar\u00b4s Hair Brush"}]},{"@type":"WebSite","@id":"https:\/\/bolting.eu\/en\/#website","url":"https:\/\/bolting.eu\/en\/","name":"bolting.eu","description":"we make climbs happen","publisher":{"@id":"https:\/\/bolting.eu\/en\/#organization"},"potentialAction":[{"@type":"SearchAction","target":{"@type":"EntryPoint","urlTemplate":"https:\/\/bolting.eu\/en\/?s={search_term_string}"},"query-input":{"@type":"PropertyValueSpecification","valueRequired":true,"valueName":"search_term_string"}}],"inLanguage":"en-US"},{"@type":["Organization","Place","SportingGoodsStore"],"@id":"https:\/\/bolting.eu\/en\/#organization","name":"bolting.eu","url":"https:\/\/bolting.eu\/en\/","logo":{"@id":"https:\/\/bolting.eu\/en\/shop\/metolius-bamboo-boars-hair-brush\/#local-main-organization-logo"},"image":{"@id":"https:\/\/bolting.eu\/en\/shop\/metolius-bamboo-boars-hair-brush\/#local-main-organization-logo"},"sameAs":["https:\/\/www.facebook.com\/bolting.eu","https:\/\/www.instagram.com\/bolting.eu\/"],"address":{"@id":"https:\/\/bolting.eu\/en\/shop\/metolius-bamboo-boars-hair-brush\/#local-main-place-address"},"geo":{"@type":"GeoCoordinates","latitude":"47.264176340396226","longitude":"11.380109057672346"},"telephone":["+43 699 19083372"],"openingHoursSpecification":[{"@type":"OpeningHoursSpecification","dayOfWeek":["Monday","Wednesday","Friday"],"opens":"14:00","closes":"18:00"},{"@type":"OpeningHoursSpecification","dayOfWeek":["Tuesday","Thursday","Saturday","Sunday"],"opens":"00:00","closes":"00:00"}],"email":"office@bolting.eu","vatID":"ATU59999728","priceRange":"$$","currenciesAccepted":"Euro"},{"@type":"PostalAddress","@id":"https:\/\/bolting.eu\/en\/shop\/metolius-bamboo-boars-hair-brush\/#local-main-place-address","streetAddress":"Fischnalerstra\u00dfe 4","addressLocality":"Innsbruck","postalCode":"6020","addressRegion":"Tirol","addressCountry":"AT"},{"@type":"ImageObject","inLanguage":"en-US","@id":"https:\/\/bolting.eu\/en\/shop\/metolius-bamboo-boars-hair-brush\/#local-main-organization-logo","url":"https:\/\/bolting.eu\/wp-content\/uploads\/2019\/09\/bolting-logo.png","contentUrl":"https:\/\/bolting.eu\/wp-content\/uploads\/2019\/09\/bolting-logo.png","width":400,"height":211,"caption":"bolting.eu"}]},"product_price_amount":"7.00","product_price_currency":"EUR","og_availability":"instock","product_availability":"instock","product_retailer_item_id":"boar001","product_condition":"new","geo.placename":"Innsbruck","geo.position":{"lat":"47.264176340396226","long":"11.380109057672346"},"geo.region":"Austria"},"_links":{"self":[{"href":"https:\/\/bolting.eu\/en\/wp-json\/wp\/v2\/product\/7910","targetHints":{"allow":["GET"]}}],"collection":[{"href":"https:\/\/bolting.eu\/en\/wp-json\/wp\/v2\/product"}],"about":[{"href":"https:\/\/bolting.eu\/en\/wp-json\/wp\/v2\/types\/product"}],"replies":[{"embeddable":true,"href":"https:\/\/bolting.eu\/en\/wp-json\/wp\/v2\/comments?post=7910"}],"wp:featuredmedia":[{"embeddable":true,"href":"https:\/\/bolting.eu\/en\/wp-json\/wp\/v2\/media\/7911"}],"wp:attachment":[{"href":"https:\/\/bolting.eu\/en\/wp-json\/wp\/v2\/media?parent=7910"}],"wp:term":[{"taxonomy":"product_brand","embeddable":true,"href":"https:\/\/bolting.eu\/en\/wp-json\/wp\/v2\/product_brand?post=7910"},{"taxonomy":"product_cat","embeddable":true,"href":"https:\/\/bolting.eu\/en\/wp-json\/wp\/v2\/product_cat?post=7910"},{"taxonomy":"product_tag","embeddable":true,"href":"https:\/\/bolting.eu\/en\/wp-json\/wp\/v2\/product_tag?post=7910"}],"curies":[{"name":"wp","href":"https:\/\/api.w.org\/{rel}","templated":true}]}}