{"id":7886,"date":"2021-03-06T14:36:10","date_gmt":"2021-03-06T13:36:10","guid":{"rendered":"https:\/\/bolting.eu\/?post_type=product&#038;p=7886"},"modified":"2025-06-13T14:26:50","modified_gmt":"2025-06-13T12:26:50","slug":"kong-kasc-klettersteig-fallstossdaempfer","status":"publish","type":"product","link":"https:\/\/bolting.eu\/en\/shop\/kong-kasc-klettersteig-fallstossdaempfer\/","title":{"rendered":"Kong KASC Klettersteig Fallstossd\u00e4mpfer"},"content":{"rendered":"<p>Der Kong KASC Klettersteig Fallstossd\u00e4mpfer ist ein smartes Zubeh\u00f6r. Denn dieser thermoplastische Gummi kann zwei wichtige Funktionen erf\u00fcllen.<\/p>\n<p>Erstens bringt er bei einem Sturz die <a href=\"https:\/\/bolting.eu\/produkt-kategorie\/kletterausruestung\/karabiner-kletterkarabiner\/klettersteigkarabiner\/\">Klettersteigkarabiner<\/a> in eine diagonale Lage. D.h. es kommt zu keiner gef\u00e4hrlichen, reinen Querbelastung. Und zweitens nimmt der Gummi einen Teil der Fallenergie auf. Beide Effekte erh\u00f6hen die Sicherheit von Klettersteigen ganz enorm.<\/p>\n<p>Das gilt vor allem f\u00fcr alte Klettersteige, bei denen nur &#8220;gerade&#8221; Klettersteiganker verwendet wurden.<\/p>\n<h2>Eigenschaften Kong KASC Klettersteig Fallstossd\u00e4mpfer<\/h2>\n<ul>\n<li>Hersteller: <a href=\"https:\/\/bolting.eu\/produkt-kategorie\/kong\/\">Kong Italy<\/a><\/li>\n<li>Material: thermoplastischer Gummi<\/li>\n<li>Gewicht: 350 Gramm<\/li>\n<li>f\u00fcr Drahtseile bis 30mm<\/li>\n<li>bestehend aus 2 H\u00e4lften<\/li>\n<li>wird zusammengeschraubt<\/li>\n<li>kann auf jedem Klettersteig nachger\u00fcstet werden<\/li>\n<\/ul>\n<h3>Installation<\/h3>\n<p>Der Verbau des Kong KASC Klettersteig Fallstossd\u00e4mpfer ist ganz simpel.<\/p>\n<p>Man legt zuerst einfach die beiden H\u00e4lften um das Drahtseil. Mit den beiliegenden Schrauben fixiert man die beiden H\u00e4lften gegenseitig. Beachtet hierbei die Vorgaben des Herstellers. Ja nicht zu fest andrehen. Denn dies kann euch das Gewinde kaputt machen und dann drehen die Schrauben durch.<\/p>\n<h3>F\u00fcr &#8220;alte Klettersteige&#8221; und Schl\u00fcsselstellen<\/h3>\n<p>Der Kong KASC Klettersteig Gummid\u00e4mpfer ist ideal um &#8220;alte&#8221; Klettersteige nachzur\u00fcsten. Das hei\u00dft vor allem jene Wege, bei denen noch ausschlie\u00dflich &#8220;gerade&#8221; Klettersteiganker verbaut wurden. Also jene, wo es bei einem Sturz zu einer gef\u00e4hrlichen Querbelastung der Karabiner kommen kann.<\/p>\n<p>Hierf\u00fcr ist der Klettersteig Gummid\u00e4mpfer ideal. Denn er kann an Drahtseilen bis 30mm Durchmesser installiert werden.<\/p>\n<h3>Kong Kasc Link Tipp<\/h3>\n<p>Hier geht es zum <a href=\"https:\/\/www.kong.it\/\" target=\"_blank\" rel=\"noopener\">Hersteller<\/a> des Klettersteig Gummid\u00e4mpfers.<\/p>\n<p>&nbsp;<\/p>\n","protected":false},"excerpt":{"rendered":"<ul>\n<li>Hersteller: Kong Italy<\/li>\n<li>Material: thermoplastischer Gummi<\/li>\n<li>Gewicht: 350 Gramm<\/li>\n<li>f\u00fcr Drahtseile bis 30mm<\/li>\n<li>bestehend aus 2 H\u00e4lften<\/li>\n<li>wird zusammengeschraubt<\/li>\n<li>kann auf jedem Klettersteig nachger\u00fcstet werden<\/li>\n<\/ul>\n","protected":false},"featured_media":7887,"comment_status":"open","ping_status":"closed","template":"","meta":[],"product_brand":[],"product_cat":[260,1210],"product_tag":[],"class_list":{"0":"post-7886","1":"product","2":"type-product","3":"status-publish","4":"has-post-thumbnail","6":"product_cat-material-fuer-klettersteigbau","7":"product_cat-einbohrartikel","9":"first","10":"instock","11":"sale","12":"taxable","13":"shipping-taxable","14":"purchasable","15":"product-type-simple"},"yoast_head":"<!-- This site is optimized with the Yoast SEO Premium plugin v26.9 (Yoast SEO v26.9) - https:\/\/yoast.com\/product\/yoast-seo-premium-wordpress\/ -->\n<title>Kong KASC Klettersteig Fallstossd\u00e4mpfer online kaufen | bolting.eu<\/title>\n<meta name=\"description\" content=\"Hier findest du den KONG KASC KLETTERSTEIG FALLSTOSSD\u00c4MPFER. Ein Klettersteig Gummid\u00e4mpfer aus Gummi f\u00fcr Drahtseile bis 30mm!\" \/>\n<meta name=\"robots\" content=\"index, follow, max-snippet:-1, max-image-preview:large, max-video-preview:-1\" \/>\n<link rel=\"canonical\" href=\"https:\/\/bolting.eu\/en\/shop\/kong-kasc-klettersteig-fallstossdaempfer\/\" \/>\n<meta property=\"og:locale\" content=\"en_US\" \/>\n<meta property=\"og:type\" content=\"article\" \/>\n<meta property=\"og:title\" content=\"Kong KASC Klettersteig Fallstossd\u00e4mpfer\" \/>\n<meta property=\"og:description\" content=\"Hier findest du den KONG KASC KLETTERSTEIG FALLSTOSSD\u00c4MPFER. Ein Klettersteig Gummid\u00e4mpfer aus Gummi f\u00fcr Drahtseile bis 30mm!\" \/>\n<meta property=\"og:url\" content=\"https:\/\/bolting.eu\/en\/shop\/kong-kasc-klettersteig-fallstossdaempfer\/\" \/>\n<meta property=\"og:site_name\" content=\"bolting.eu\" \/>\n<meta property=\"article:publisher\" content=\"https:\/\/www.facebook.com\/bolting.eu\" \/>\n<meta property=\"article:modified_time\" content=\"2025-06-13T12:26:50+00:00\" \/>\n<meta property=\"og:image\" content=\"https:\/\/bolting.eu\/wp-content\/uploads\/2021\/03\/Kong-KASC-Klettersteig-Fallstossda\u0308mpfer-1.jpg\" \/>\n\t<meta property=\"og:image:width\" content=\"700\" \/>\n\t<meta property=\"og:image:height\" content=\"700\" \/>\n\t<meta property=\"og:image:type\" content=\"image\/jpeg\" \/>\n<meta name=\"twitter:card\" content=\"summary_large_image\" \/>\n<meta name=\"twitter:label1\" content=\"Price\" \/>\n\t<meta name=\"twitter:data1\" content=\"&euro;&nbsp;16,90\" \/>\n\t<meta name=\"twitter:label2\" content=\"Availability\" \/>\n\t<meta name=\"twitter:data2\" content=\"In stock\" \/>\n<script type=\"application\/ld+json\" class=\"yoast-schema-graph\">{\"@context\":\"https:\/\/schema.org\",\"@graph\":[{\"@type\":[\"WebPage\",\"ItemPage\"],\"@id\":\"https:\/\/bolting.eu\/en\/shop\/kong-kasc-klettersteig-fallstossdaempfer\/\",\"url\":\"https:\/\/bolting.eu\/en\/shop\/kong-kasc-klettersteig-fallstossdaempfer\/\",\"name\":\"Kong KASC Klettersteig Fallstossd\u00e4mpfer online kaufen | bolting.eu\",\"isPartOf\":{\"@id\":\"https:\/\/bolting.eu\/en\/#website\"},\"primaryImageOfPage\":{\"@id\":\"https:\/\/bolting.eu\/en\/shop\/kong-kasc-klettersteig-fallstossdaempfer\/#primaryimage\"},\"image\":{\"@id\":\"https:\/\/bolting.eu\/en\/shop\/kong-kasc-klettersteig-fallstossdaempfer\/#primaryimage\"},\"thumbnailUrl\":\"https:\/\/bolting.eu\/wp-content\/uploads\/2021\/03\/Kong-KASC-Klettersteig-Fallstossda\u0308mpfer-1.jpg\",\"datePublished\":\"2021-03-06T13:36:10+00:00\",\"dateModified\":\"2025-06-13T12:26:50+00:00\",\"description\":\"Hier findest du den KONG KASC KLETTERSTEIG FALLSTOSSD\u00c4MPFER. Ein Klettersteig Gummid\u00e4mpfer aus Gummi f\u00fcr Drahtseile bis 30mm!\",\"breadcrumb\":{\"@id\":\"https:\/\/bolting.eu\/en\/shop\/kong-kasc-klettersteig-fallstossdaempfer\/#breadcrumb\"},\"inLanguage\":\"en-US\",\"potentialAction\":[{\"@type\":\"ReadAction\",\"target\":[\"https:\/\/bolting.eu\/en\/shop\/kong-kasc-klettersteig-fallstossdaempfer\/\"]}]},{\"@type\":\"ImageObject\",\"inLanguage\":\"en-US\",\"@id\":\"https:\/\/bolting.eu\/en\/shop\/kong-kasc-klettersteig-fallstossdaempfer\/#primaryimage\",\"url\":\"https:\/\/bolting.eu\/wp-content\/uploads\/2021\/03\/Kong-KASC-Klettersteig-Fallstossda\u0308mpfer-1.jpg\",\"contentUrl\":\"https:\/\/bolting.eu\/wp-content\/uploads\/2021\/03\/Kong-KASC-Klettersteig-Fallstossda\u0308mpfer-1.jpg\",\"width\":700,\"height\":700,\"caption\":\"Das Bild zeigt den Kong KASC Klettersteig Gummid\u00e4mpfers.\"},{\"@type\":\"BreadcrumbList\",\"@id\":\"https:\/\/bolting.eu\/en\/shop\/kong-kasc-klettersteig-fallstossdaempfer\/#breadcrumb\",\"itemListElement\":[{\"@type\":\"ListItem\",\"position\":1,\"name\":\"Shop\",\"item\":\"https:\/\/bolting.eu\/en\/shop\/\"},{\"@type\":\"ListItem\",\"position\":2,\"name\":\"bolting products\",\"item\":\"https:\/\/bolting.eu\/en\/produkt-kategorie\/bolting-products\/\"},{\"@type\":\"ListItem\",\"position\":3,\"name\":\"Kong KASC Klettersteig Fallstossd\u00e4mpfer\"}]},{\"@type\":\"WebSite\",\"@id\":\"https:\/\/bolting.eu\/en\/#website\",\"url\":\"https:\/\/bolting.eu\/en\/\",\"name\":\"bolting.eu\",\"description\":\"we make climbs happen\",\"publisher\":{\"@id\":\"https:\/\/bolting.eu\/en\/#organization\"},\"potentialAction\":[{\"@type\":\"SearchAction\",\"target\":{\"@type\":\"EntryPoint\",\"urlTemplate\":\"https:\/\/bolting.eu\/en\/?s={search_term_string}\"},\"query-input\":{\"@type\":\"PropertyValueSpecification\",\"valueRequired\":true,\"valueName\":\"search_term_string\"}}],\"inLanguage\":\"en-US\"},{\"@type\":[\"Organization\",\"Place\",\"SportingGoodsStore\"],\"@id\":\"https:\/\/bolting.eu\/en\/#organization\",\"name\":\"bolting.eu\",\"url\":\"https:\/\/bolting.eu\/en\/\",\"logo\":{\"@id\":\"https:\/\/bolting.eu\/en\/shop\/kong-kasc-klettersteig-fallstossdaempfer\/#local-main-organization-logo\"},\"image\":{\"@id\":\"https:\/\/bolting.eu\/en\/shop\/kong-kasc-klettersteig-fallstossdaempfer\/#local-main-organization-logo\"},\"sameAs\":[\"https:\/\/www.facebook.com\/bolting.eu\",\"https:\/\/www.instagram.com\/bolting.eu\/\"],\"address\":{\"@id\":\"https:\/\/bolting.eu\/en\/shop\/kong-kasc-klettersteig-fallstossdaempfer\/#local-main-place-address\"},\"geo\":{\"@type\":\"GeoCoordinates\",\"latitude\":\"47.264176340396226\",\"longitude\":\"11.380109057672346\"},\"telephone\":[\"+43 699 19083372\"],\"openingHoursSpecification\":[{\"@type\":\"OpeningHoursSpecification\",\"dayOfWeek\":[\"Monday\",\"Wednesday\",\"Friday\"],\"opens\":\"14:00\",\"closes\":\"18:00\"},{\"@type\":\"OpeningHoursSpecification\",\"dayOfWeek\":[\"Tuesday\",\"Thursday\",\"Saturday\",\"Sunday\"],\"opens\":\"00:00\",\"closes\":\"00:00\"}],\"email\":\"office@bolting.eu\",\"vatID\":\"ATU59999728\",\"priceRange\":\"$$\",\"currenciesAccepted\":\"Euro\"},{\"@type\":\"PostalAddress\",\"@id\":\"https:\/\/bolting.eu\/en\/shop\/kong-kasc-klettersteig-fallstossdaempfer\/#local-main-place-address\",\"streetAddress\":\"Fischnalerstra\u00dfe 4\",\"addressLocality\":\"Innsbruck\",\"postalCode\":\"6020\",\"addressRegion\":\"Tirol\",\"addressCountry\":\"AT\"},{\"@type\":\"ImageObject\",\"inLanguage\":\"en-US\",\"@id\":\"https:\/\/bolting.eu\/en\/shop\/kong-kasc-klettersteig-fallstossdaempfer\/#local-main-organization-logo\",\"url\":\"https:\/\/bolting.eu\/wp-content\/uploads\/2019\/09\/bolting-logo.png\",\"contentUrl\":\"https:\/\/bolting.eu\/wp-content\/uploads\/2019\/09\/bolting-logo.png\",\"width\":400,\"height\":211,\"caption\":\"bolting.eu\"}]}<\/script>\n<meta property=\"product:price:amount\" content=\"16.90\" \/>\n<meta property=\"product:price:currency\" content=\"EUR\" \/>\n<meta property=\"og:availability\" content=\"instock\" \/>\n<meta property=\"product:availability\" content=\"instock\" \/>\n<meta property=\"product:retailer_item_id\" content=\"8983S0000KK\" \/>\n<meta property=\"product:condition\" content=\"new\" \/>\n<meta name=\"geo.placename\" content=\"Innsbruck\" \/>\n<meta name=\"geo.position\" content=\"47.264176340396226;11.380109057672346\" \/>\n<meta name=\"geo.region\" content=\"Austria\" \/>\n<!-- \/ Yoast SEO Premium plugin. -->","yoast_head_json":{"title":"Kong KASC Klettersteig Fallstossd\u00e4mpfer online kaufen | bolting.eu","description":"Hier findest du den KONG KASC KLETTERSTEIG FALLSTOSSD\u00c4MPFER. Ein Klettersteig Gummid\u00e4mpfer aus Gummi f\u00fcr Drahtseile bis 30mm!","robots":{"index":"index","follow":"follow","max-snippet":"max-snippet:-1","max-image-preview":"max-image-preview:large","max-video-preview":"max-video-preview:-1"},"canonical":"https:\/\/bolting.eu\/en\/shop\/kong-kasc-klettersteig-fallstossdaempfer\/","og_locale":"en_US","og_type":"article","og_title":"Kong KASC Klettersteig Fallstossd\u00e4mpfer","og_description":"Hier findest du den KONG KASC KLETTERSTEIG FALLSTOSSD\u00c4MPFER. Ein Klettersteig Gummid\u00e4mpfer aus Gummi f\u00fcr Drahtseile bis 30mm!","og_url":"https:\/\/bolting.eu\/en\/shop\/kong-kasc-klettersteig-fallstossdaempfer\/","og_site_name":"bolting.eu","article_publisher":"https:\/\/www.facebook.com\/bolting.eu","article_modified_time":"2025-06-13T12:26:50+00:00","og_image":[{"width":700,"height":700,"url":"https:\/\/bolting.eu\/wp-content\/uploads\/2021\/03\/Kong-KASC-Klettersteig-Fallstossda\u0308mpfer-1.jpg","type":"image\/jpeg"}],"twitter_card":"summary_large_image","twitter_misc":{"Price":"&euro;&nbsp;16,90","Availability":"In stock"},"schema":{"@context":"https:\/\/schema.org","@graph":[{"@type":["WebPage","ItemPage"],"@id":"https:\/\/bolting.eu\/en\/shop\/kong-kasc-klettersteig-fallstossdaempfer\/","url":"https:\/\/bolting.eu\/en\/shop\/kong-kasc-klettersteig-fallstossdaempfer\/","name":"Kong KASC Klettersteig Fallstossd\u00e4mpfer online kaufen | bolting.eu","isPartOf":{"@id":"https:\/\/bolting.eu\/en\/#website"},"primaryImageOfPage":{"@id":"https:\/\/bolting.eu\/en\/shop\/kong-kasc-klettersteig-fallstossdaempfer\/#primaryimage"},"image":{"@id":"https:\/\/bolting.eu\/en\/shop\/kong-kasc-klettersteig-fallstossdaempfer\/#primaryimage"},"thumbnailUrl":"https:\/\/bolting.eu\/wp-content\/uploads\/2021\/03\/Kong-KASC-Klettersteig-Fallstossda\u0308mpfer-1.jpg","datePublished":"2021-03-06T13:36:10+00:00","dateModified":"2025-06-13T12:26:50+00:00","description":"Hier findest du den KONG KASC KLETTERSTEIG FALLSTOSSD\u00c4MPFER. Ein Klettersteig Gummid\u00e4mpfer aus Gummi f\u00fcr Drahtseile bis 30mm!","breadcrumb":{"@id":"https:\/\/bolting.eu\/en\/shop\/kong-kasc-klettersteig-fallstossdaempfer\/#breadcrumb"},"inLanguage":"en-US","potentialAction":[{"@type":"ReadAction","target":["https:\/\/bolting.eu\/en\/shop\/kong-kasc-klettersteig-fallstossdaempfer\/"]}]},{"@type":"ImageObject","inLanguage":"en-US","@id":"https:\/\/bolting.eu\/en\/shop\/kong-kasc-klettersteig-fallstossdaempfer\/#primaryimage","url":"https:\/\/bolting.eu\/wp-content\/uploads\/2021\/03\/Kong-KASC-Klettersteig-Fallstossda\u0308mpfer-1.jpg","contentUrl":"https:\/\/bolting.eu\/wp-content\/uploads\/2021\/03\/Kong-KASC-Klettersteig-Fallstossda\u0308mpfer-1.jpg","width":700,"height":700,"caption":"Das Bild zeigt den Kong KASC Klettersteig Gummid\u00e4mpfers."},{"@type":"BreadcrumbList","@id":"https:\/\/bolting.eu\/en\/shop\/kong-kasc-klettersteig-fallstossdaempfer\/#breadcrumb","itemListElement":[{"@type":"ListItem","position":1,"name":"Shop","item":"https:\/\/bolting.eu\/en\/shop\/"},{"@type":"ListItem","position":2,"name":"bolting products","item":"https:\/\/bolting.eu\/en\/produkt-kategorie\/bolting-products\/"},{"@type":"ListItem","position":3,"name":"Kong KASC Klettersteig Fallstossd\u00e4mpfer"}]},{"@type":"WebSite","@id":"https:\/\/bolting.eu\/en\/#website","url":"https:\/\/bolting.eu\/en\/","name":"bolting.eu","description":"we make climbs happen","publisher":{"@id":"https:\/\/bolting.eu\/en\/#organization"},"potentialAction":[{"@type":"SearchAction","target":{"@type":"EntryPoint","urlTemplate":"https:\/\/bolting.eu\/en\/?s={search_term_string}"},"query-input":{"@type":"PropertyValueSpecification","valueRequired":true,"valueName":"search_term_string"}}],"inLanguage":"en-US"},{"@type":["Organization","Place","SportingGoodsStore"],"@id":"https:\/\/bolting.eu\/en\/#organization","name":"bolting.eu","url":"https:\/\/bolting.eu\/en\/","logo":{"@id":"https:\/\/bolting.eu\/en\/shop\/kong-kasc-klettersteig-fallstossdaempfer\/#local-main-organization-logo"},"image":{"@id":"https:\/\/bolting.eu\/en\/shop\/kong-kasc-klettersteig-fallstossdaempfer\/#local-main-organization-logo"},"sameAs":["https:\/\/www.facebook.com\/bolting.eu","https:\/\/www.instagram.com\/bolting.eu\/"],"address":{"@id":"https:\/\/bolting.eu\/en\/shop\/kong-kasc-klettersteig-fallstossdaempfer\/#local-main-place-address"},"geo":{"@type":"GeoCoordinates","latitude":"47.264176340396226","longitude":"11.380109057672346"},"telephone":["+43 699 19083372"],"openingHoursSpecification":[{"@type":"OpeningHoursSpecification","dayOfWeek":["Monday","Wednesday","Friday"],"opens":"14:00","closes":"18:00"},{"@type":"OpeningHoursSpecification","dayOfWeek":["Tuesday","Thursday","Saturday","Sunday"],"opens":"00:00","closes":"00:00"}],"email":"office@bolting.eu","vatID":"ATU59999728","priceRange":"$$","currenciesAccepted":"Euro"},{"@type":"PostalAddress","@id":"https:\/\/bolting.eu\/en\/shop\/kong-kasc-klettersteig-fallstossdaempfer\/#local-main-place-address","streetAddress":"Fischnalerstra\u00dfe 4","addressLocality":"Innsbruck","postalCode":"6020","addressRegion":"Tirol","addressCountry":"AT"},{"@type":"ImageObject","inLanguage":"en-US","@id":"https:\/\/bolting.eu\/en\/shop\/kong-kasc-klettersteig-fallstossdaempfer\/#local-main-organization-logo","url":"https:\/\/bolting.eu\/wp-content\/uploads\/2019\/09\/bolting-logo.png","contentUrl":"https:\/\/bolting.eu\/wp-content\/uploads\/2019\/09\/bolting-logo.png","width":400,"height":211,"caption":"bolting.eu"}]},"product_price_amount":"16.90","product_price_currency":"EUR","og_availability":"instock","product_availability":"instock","product_retailer_item_id":"8983S0000KK","product_condition":"new","geo.placename":"Innsbruck","geo.position":{"lat":"47.264176340396226","long":"11.380109057672346"},"geo.region":"Austria"},"_links":{"self":[{"href":"https:\/\/bolting.eu\/en\/wp-json\/wp\/v2\/product\/7886","targetHints":{"allow":["GET"]}}],"collection":[{"href":"https:\/\/bolting.eu\/en\/wp-json\/wp\/v2\/product"}],"about":[{"href":"https:\/\/bolting.eu\/en\/wp-json\/wp\/v2\/types\/product"}],"replies":[{"embeddable":true,"href":"https:\/\/bolting.eu\/en\/wp-json\/wp\/v2\/comments?post=7886"}],"wp:featuredmedia":[{"embeddable":true,"href":"https:\/\/bolting.eu\/en\/wp-json\/wp\/v2\/media\/7887"}],"wp:attachment":[{"href":"https:\/\/bolting.eu\/en\/wp-json\/wp\/v2\/media?parent=7886"}],"wp:term":[{"taxonomy":"product_brand","embeddable":true,"href":"https:\/\/bolting.eu\/en\/wp-json\/wp\/v2\/product_brand?post=7886"},{"taxonomy":"product_cat","embeddable":true,"href":"https:\/\/bolting.eu\/en\/wp-json\/wp\/v2\/product_cat?post=7886"},{"taxonomy":"product_tag","embeddable":true,"href":"https:\/\/bolting.eu\/en\/wp-json\/wp\/v2\/product_tag?post=7886"}],"curies":[{"name":"wp","href":"https:\/\/api.w.org\/{rel}","templated":true}]}}