{"id":7790,"date":"2021-02-16T17:55:25","date_gmt":"2021-02-16T16:55:25","guid":{"rendered":"https:\/\/bolting.eu\/?post_type=product&#038;p=7790"},"modified":"2026-03-20T15:20:32","modified_gmt":"2026-03-20T14:20:32","slug":"grivel-rocker-45-kletterrucksack","status":"publish","type":"product","link":"https:\/\/bolting.eu\/en\/shop\/grivel-rocker-45-kletterrucksack\/","title":{"rendered":"Grivel Rocker 45 Kletterrucksack"},"content":{"rendered":"<p>Der Grivel Rocker 45 Kletterrucksack ist ein absoluter Klassiker. Er wird gleicherma\u00dfen von Sportkletterern wie Boulderern gesch\u00e4tzt. Denn dieser Climbing Pack vereint einige richtige klasse Features die ihn so beliebt machen. Und mit 45 Liter Volumen passt jede Menge <a href=\"https:\/\/bolting.eu\/kletterausruestung\/\">Kletterrausr\u00fcstung<\/a> in diesen Bag.<\/p>\n<p>Erstens seine robuste Verarbeitung. D.h. dieses Produkt ist extrem langlebig und eine nachhaltige Investition. Zweitens das komfortable Tragesystem. Und drittens das gro\u00dfe Platz- sowie Taschenangebot. Abschlie\u00dfend sorgt der gro\u00dfe Rundum Zip f\u00fcr direkten Zugang zum Innraum. All dies machen den Rocker zu einem treuen Weggef\u00e4hrten am Fels.<\/p>\n<p>Kurzum. Wer einen klasse Rucksack zum Sportklettern und Bouldern sucht. Hier ist er!<\/p>\n<h2>Eigenschaften Grivel Rocker 45 Kletterrucksack<\/h2>\n<ul>\n<li>Hersteller: Grivel<\/li>\n<li>Volumen: 45 Liter<\/li>\n<li>Material: Nylon bzw. Tarpaulin (Beschichtung)<\/li>\n<li>Gewicht: 1,3 kg<\/li>\n<li>R\u00fcckenteil aufklappbar<\/li>\n<li>gepolsterte Schulterriemen<\/li>\n<li>Innentaschen und F\u00e4cher<\/li>\n<li>2 Materialschlaufen im Innenbereich<\/li>\n<li>gro\u00dfe Zip Tasche im Innendeckel<\/li>\n<li>kleine Zip Tasche au\u00dfen<\/li>\n<li>gro\u00dfer Trageriemen seitlich<\/li>\n<li>Fixier-Band f\u00fcr Seil am Top<\/li>\n<li>H\u00fcftgurt<\/li>\n<li>inkl. Seilplane<\/li>\n<\/ul>\n<h3>Rucksack mit gro\u00dfer Klappe!<\/h3>\n<p>Der Grivel Rocker 45 Kletterrucksack hat ein richtig cooles Haupt Feature. Seine gro\u00dfe Klappe!<\/p>\n<p>D.h. das gesamte R\u00fcckenteil kann mit einem gro\u00dfen Rundum-Zip ge\u00f6ffnet werden. Somit hat man uneingeschr\u00e4nkten Zugang zum Innenbereich. Dieser bietet dann weitere Merkmale wie z.B.: Materialschlaufen f\u00fcr die <a href=\"https:\/\/bolting.eu\/produkt-kategorie\/kletterausruestung\/expressschlingen\/\">Expressen<\/a>, Zip Tasche, Seilplane usw.<\/p>\n<p>Dieser Rucksack spielt wirklich alle St\u00fcckerln!<\/p>\n<h3>Grivel Rocker 45 Kletterrucksack = Seilsack<\/h3>\n<p>Dieser Climbing Pack hat mit 45 Litern Volumen auch Platz f\u00fcr euer Seil. D.h. ihr bekommt euer <a href=\"https:\/\/bolting.eu\/shop\/edelrid-boa-gym\/\">Hallenseil<\/a> locker innen hinein. Wer ein langes <a href=\"https:\/\/bolting.eu\/produkt-kategorie\/kletterausruestung\/kletterseil\/\">Kletterseil<\/a> ben\u00f6tigt, kann es au\u00dfen mit dem Fixier Band leicht anbringen.<\/p>\n<p>In jedem Fall ist die integrierte Seilplane praktisch. Sie hat auch eine perfekte Gr\u00f6\u00dfe und somit ist man komplett ausgestattet. Oder besser ausgedr\u00fcckt. Man hat den <a href=\"https:\/\/bolting.eu\/produkt-kategorie\/kletterausruestung\/seilsaecke\/\">Seilsack<\/a> immer schon mit!<\/p>\n<h3>Lange Lebensdauer<\/h3>\n<p>Der Grivel Rocker 45 Kletterrucksack ist eine nachhaltige Investition. Denn der gesamte Climbing Pack ist sehr robust ausgef\u00fchrt. D.h. sowohl die Verarbeitung, als auch die N\u00e4hte und die Materialien sind auf eine lange Lebensdauer hin ausgerichtet.<\/p>\n<p>Der Ripstop Nylon ist hierf\u00fcr an den richtigen Stellen mit Tarpaulin beschichtet. Folglich ist die Au\u00dfenseite wasserabweisend und Schmutz l\u00e4sst sich prima abwischen.<\/p>\n<h4><strong>Link Tipp<\/strong><\/h4>\n<p>Hier geht es zum <a href=\"https:\/\/grivel.com\/\" target=\"_blank\" rel=\"noopener\">Hersteller<\/a>!<\/p>\n","protected":false},"excerpt":{"rendered":"<ul>\n<li>Hersteller: Grivel<\/li>\n<li>Volumen: 45 Liter<\/li>\n<li>Material: Nylon bzw. Tarpaulin (Beschichtung)<\/li>\n<li>Gewicht: 1,3 kg<\/li>\n<li>R\u00fcckenteil aufklappbar<\/li>\n<li>gepolsterte Schulterriemen<\/li>\n<li>Innentaschen und F\u00e4cher<\/li>\n<li>gro\u00dfe Zip Tasche im Innendeckel<\/li>\n<li>kleine Zip Tasche au\u00dfen<\/li>\n<\/ul>\n","protected":false},"featured_media":7792,"comment_status":"open","ping_status":"closed","template":"","meta":[],"product_brand":[],"product_cat":[4667,29,4809],"product_tag":[],"class_list":{"0":"post-7790","1":"product","2":"type-product","3":"status-publish","4":"has-post-thumbnail","6":"product_cat-grivel","7":"product_cat-kletterausruestung","8":"product_cat-kletterrucksack","10":"first","11":"instock","12":"taxable","13":"shipping-taxable","14":"purchasable","15":"product-type-simple"},"yoast_head":"<!-- This site is optimized with the Yoast SEO Premium plugin v26.9 (Yoast SEO v26.9) - https:\/\/yoast.com\/product\/yoast-seo-premium-wordpress\/ -->\n<title>Grivel Rocker 45 Kletterrucksack online kaufen | bolting.eu<\/title>\n<meta name=\"description\" content=\"Hier findest Du den GRIVEL ROCKER 45 KLETTERRUCKSACK. Den legend\u00e4ren Climbing Pack in der Version von 2021 beim Kletterprofi kaufen!\" \/>\n<meta name=\"robots\" content=\"index, follow, max-snippet:-1, max-image-preview:large, max-video-preview:-1\" \/>\n<link rel=\"canonical\" href=\"https:\/\/bolting.eu\/en\/shop\/grivel-rocker-45-kletterrucksack\/\" \/>\n<meta property=\"og:locale\" content=\"en_US\" \/>\n<meta property=\"og:type\" content=\"article\" \/>\n<meta property=\"og:title\" content=\"Grivel Rocker 45 Kletterrucksack\" \/>\n<meta property=\"og:description\" content=\"Hier findest Du den GRIVEL ROCKER 45 KLETTERRUCKSACK. Den legend\u00e4ren Climbing Pack in der Version von 2021 beim Kletterprofi kaufen!\" \/>\n<meta property=\"og:url\" content=\"https:\/\/bolting.eu\/en\/shop\/grivel-rocker-45-kletterrucksack\/\" \/>\n<meta property=\"og:site_name\" content=\"bolting.eu\" \/>\n<meta property=\"article:publisher\" content=\"https:\/\/www.facebook.com\/bolting.eu\" \/>\n<meta property=\"article:modified_time\" content=\"2026-03-20T14:20:32+00:00\" \/>\n<meta property=\"og:image\" content=\"https:\/\/bolting.eu\/wp-content\/uploads\/2021\/02\/Grivel-Rocker-45-Kletterrucksack-1.jpg\" \/>\n\t<meta property=\"og:image:width\" content=\"700\" \/>\n\t<meta property=\"og:image:height\" content=\"700\" \/>\n\t<meta property=\"og:image:type\" content=\"image\/jpeg\" \/>\n<meta name=\"twitter:card\" content=\"summary_large_image\" \/>\n<meta name=\"twitter:label1\" content=\"Price\" \/>\n\t<meta name=\"twitter:data1\" content=\"&euro;&nbsp;112,99\" \/>\n\t<meta name=\"twitter:label2\" content=\"Availability\" \/>\n\t<meta name=\"twitter:data2\" content=\"In stock\" \/>\n<script type=\"application\/ld+json\" class=\"yoast-schema-graph\">{\"@context\":\"https:\/\/schema.org\",\"@graph\":[{\"@type\":[\"WebPage\",\"ItemPage\"],\"@id\":\"https:\/\/bolting.eu\/en\/shop\/grivel-rocker-45-kletterrucksack\/\",\"url\":\"https:\/\/bolting.eu\/en\/shop\/grivel-rocker-45-kletterrucksack\/\",\"name\":\"Grivel Rocker 45 Kletterrucksack online kaufen | bolting.eu\",\"isPartOf\":{\"@id\":\"https:\/\/bolting.eu\/en\/#website\"},\"primaryImageOfPage\":{\"@id\":\"https:\/\/bolting.eu\/en\/shop\/grivel-rocker-45-kletterrucksack\/#primaryimage\"},\"image\":{\"@id\":\"https:\/\/bolting.eu\/en\/shop\/grivel-rocker-45-kletterrucksack\/#primaryimage\"},\"thumbnailUrl\":\"https:\/\/bolting.eu\/wp-content\/uploads\/2021\/02\/Grivel-Rocker-45-Kletterrucksack-1.jpg\",\"datePublished\":\"2021-02-16T16:55:25+00:00\",\"dateModified\":\"2026-03-20T14:20:32+00:00\",\"description\":\"Hier findest Du den GRIVEL ROCKER 45 KLETTERRUCKSACK. Den legend\u00e4ren Climbing Pack in der Version von 2021 beim Kletterprofi kaufen!\",\"breadcrumb\":{\"@id\":\"https:\/\/bolting.eu\/en\/shop\/grivel-rocker-45-kletterrucksack\/#breadcrumb\"},\"inLanguage\":\"en-US\",\"potentialAction\":[{\"@type\":\"ReadAction\",\"target\":[\"https:\/\/bolting.eu\/en\/shop\/grivel-rocker-45-kletterrucksack\/\"]}]},{\"@type\":\"ImageObject\",\"inLanguage\":\"en-US\",\"@id\":\"https:\/\/bolting.eu\/en\/shop\/grivel-rocker-45-kletterrucksack\/#primaryimage\",\"url\":\"https:\/\/bolting.eu\/wp-content\/uploads\/2021\/02\/Grivel-Rocker-45-Kletterrucksack-1.jpg\",\"contentUrl\":\"https:\/\/bolting.eu\/wp-content\/uploads\/2021\/02\/Grivel-Rocker-45-Kletterrucksack-1.jpg\",\"width\":700,\"height\":700,\"caption\":\"Das Bild zeigt den schwarz-gelben Grivel Rocker 45 Kletterrucksack in geschlossenem Zustand.\"},{\"@type\":\"BreadcrumbList\",\"@id\":\"https:\/\/bolting.eu\/en\/shop\/grivel-rocker-45-kletterrucksack\/#breadcrumb\",\"itemListElement\":[{\"@type\":\"ListItem\",\"position\":1,\"name\":\"Shop\",\"item\":\"https:\/\/bolting.eu\/en\/shop\/\"},{\"@type\":\"ListItem\",\"position\":2,\"name\":\"climbing equipment\",\"item\":\"https:\/\/bolting.eu\/en\/produkt-kategorie\/climbing-equipment\/\"},{\"@type\":\"ListItem\",\"position\":3,\"name\":\"Kletterrucksack\",\"item\":\"https:\/\/bolting.eu\/produkt-kategorie\/kletterausruestung\/kletterrucksack\/\"},{\"@type\":\"ListItem\",\"position\":4,\"name\":\"Grivel Rocker 45 Kletterrucksack\"}]},{\"@type\":\"WebSite\",\"@id\":\"https:\/\/bolting.eu\/en\/#website\",\"url\":\"https:\/\/bolting.eu\/en\/\",\"name\":\"bolting.eu\",\"description\":\"we make climbs happen\",\"publisher\":{\"@id\":\"https:\/\/bolting.eu\/en\/#organization\"},\"potentialAction\":[{\"@type\":\"SearchAction\",\"target\":{\"@type\":\"EntryPoint\",\"urlTemplate\":\"https:\/\/bolting.eu\/en\/?s={search_term_string}\"},\"query-input\":{\"@type\":\"PropertyValueSpecification\",\"valueRequired\":true,\"valueName\":\"search_term_string\"}}],\"inLanguage\":\"en-US\"},{\"@type\":[\"Organization\",\"Place\",\"SportingGoodsStore\"],\"@id\":\"https:\/\/bolting.eu\/en\/#organization\",\"name\":\"bolting.eu\",\"url\":\"https:\/\/bolting.eu\/en\/\",\"logo\":{\"@id\":\"https:\/\/bolting.eu\/en\/shop\/grivel-rocker-45-kletterrucksack\/#local-main-organization-logo\"},\"image\":{\"@id\":\"https:\/\/bolting.eu\/en\/shop\/grivel-rocker-45-kletterrucksack\/#local-main-organization-logo\"},\"sameAs\":[\"https:\/\/www.facebook.com\/bolting.eu\",\"https:\/\/www.instagram.com\/bolting.eu\/\"],\"address\":{\"@id\":\"https:\/\/bolting.eu\/en\/shop\/grivel-rocker-45-kletterrucksack\/#local-main-place-address\"},\"geo\":{\"@type\":\"GeoCoordinates\",\"latitude\":\"47.264176340396226\",\"longitude\":\"11.380109057672346\"},\"telephone\":[\"+43 699 19083372\"],\"openingHoursSpecification\":[{\"@type\":\"OpeningHoursSpecification\",\"dayOfWeek\":[\"Monday\",\"Wednesday\",\"Friday\"],\"opens\":\"14:00\",\"closes\":\"18:00\"},{\"@type\":\"OpeningHoursSpecification\",\"dayOfWeek\":[\"Tuesday\",\"Thursday\",\"Saturday\",\"Sunday\"],\"opens\":\"00:00\",\"closes\":\"00:00\"}],\"email\":\"office@bolting.eu\",\"vatID\":\"ATU59999728\",\"priceRange\":\"$$\",\"currenciesAccepted\":\"Euro\"},{\"@type\":\"PostalAddress\",\"@id\":\"https:\/\/bolting.eu\/en\/shop\/grivel-rocker-45-kletterrucksack\/#local-main-place-address\",\"streetAddress\":\"Fischnalerstra\u00dfe 4\",\"addressLocality\":\"Innsbruck\",\"postalCode\":\"6020\",\"addressRegion\":\"Tirol\",\"addressCountry\":\"AT\"},{\"@type\":\"ImageObject\",\"inLanguage\":\"en-US\",\"@id\":\"https:\/\/bolting.eu\/en\/shop\/grivel-rocker-45-kletterrucksack\/#local-main-organization-logo\",\"url\":\"https:\/\/bolting.eu\/wp-content\/uploads\/2019\/09\/bolting-logo.png\",\"contentUrl\":\"https:\/\/bolting.eu\/wp-content\/uploads\/2019\/09\/bolting-logo.png\",\"width\":400,\"height\":211,\"caption\":\"bolting.eu\"}]}<\/script>\n<meta property=\"product:price:amount\" content=\"112.99\" \/>\n<meta property=\"product:price:currency\" content=\"EUR\" \/>\n<meta property=\"og:availability\" content=\"instock\" \/>\n<meta property=\"product:availability\" content=\"instock\" \/>\n<meta property=\"product:retailer_item_id\" content=\"rocker45\" \/>\n<meta property=\"product:condition\" content=\"new\" \/>\n<meta name=\"geo.placename\" content=\"Innsbruck\" \/>\n<meta name=\"geo.position\" content=\"47.264176340396226;11.380109057672346\" \/>\n<meta name=\"geo.region\" content=\"Austria\" \/>\n<!-- \/ Yoast SEO Premium plugin. -->","yoast_head_json":{"title":"Grivel Rocker 45 Kletterrucksack online kaufen | bolting.eu","description":"Hier findest Du den GRIVEL ROCKER 45 KLETTERRUCKSACK. Den legend\u00e4ren Climbing Pack in der Version von 2021 beim Kletterprofi kaufen!","robots":{"index":"index","follow":"follow","max-snippet":"max-snippet:-1","max-image-preview":"max-image-preview:large","max-video-preview":"max-video-preview:-1"},"canonical":"https:\/\/bolting.eu\/en\/shop\/grivel-rocker-45-kletterrucksack\/","og_locale":"en_US","og_type":"article","og_title":"Grivel Rocker 45 Kletterrucksack","og_description":"Hier findest Du den GRIVEL ROCKER 45 KLETTERRUCKSACK. Den legend\u00e4ren Climbing Pack in der Version von 2021 beim Kletterprofi kaufen!","og_url":"https:\/\/bolting.eu\/en\/shop\/grivel-rocker-45-kletterrucksack\/","og_site_name":"bolting.eu","article_publisher":"https:\/\/www.facebook.com\/bolting.eu","article_modified_time":"2026-03-20T14:20:32+00:00","og_image":[{"width":700,"height":700,"url":"https:\/\/bolting.eu\/wp-content\/uploads\/2021\/02\/Grivel-Rocker-45-Kletterrucksack-1.jpg","type":"image\/jpeg"}],"twitter_card":"summary_large_image","twitter_misc":{"Price":"&euro;&nbsp;112,99","Availability":"In stock"},"schema":{"@context":"https:\/\/schema.org","@graph":[{"@type":["WebPage","ItemPage"],"@id":"https:\/\/bolting.eu\/en\/shop\/grivel-rocker-45-kletterrucksack\/","url":"https:\/\/bolting.eu\/en\/shop\/grivel-rocker-45-kletterrucksack\/","name":"Grivel Rocker 45 Kletterrucksack online kaufen | bolting.eu","isPartOf":{"@id":"https:\/\/bolting.eu\/en\/#website"},"primaryImageOfPage":{"@id":"https:\/\/bolting.eu\/en\/shop\/grivel-rocker-45-kletterrucksack\/#primaryimage"},"image":{"@id":"https:\/\/bolting.eu\/en\/shop\/grivel-rocker-45-kletterrucksack\/#primaryimage"},"thumbnailUrl":"https:\/\/bolting.eu\/wp-content\/uploads\/2021\/02\/Grivel-Rocker-45-Kletterrucksack-1.jpg","datePublished":"2021-02-16T16:55:25+00:00","dateModified":"2026-03-20T14:20:32+00:00","description":"Hier findest Du den GRIVEL ROCKER 45 KLETTERRUCKSACK. Den legend\u00e4ren Climbing Pack in der Version von 2021 beim Kletterprofi kaufen!","breadcrumb":{"@id":"https:\/\/bolting.eu\/en\/shop\/grivel-rocker-45-kletterrucksack\/#breadcrumb"},"inLanguage":"en-US","potentialAction":[{"@type":"ReadAction","target":["https:\/\/bolting.eu\/en\/shop\/grivel-rocker-45-kletterrucksack\/"]}]},{"@type":"ImageObject","inLanguage":"en-US","@id":"https:\/\/bolting.eu\/en\/shop\/grivel-rocker-45-kletterrucksack\/#primaryimage","url":"https:\/\/bolting.eu\/wp-content\/uploads\/2021\/02\/Grivel-Rocker-45-Kletterrucksack-1.jpg","contentUrl":"https:\/\/bolting.eu\/wp-content\/uploads\/2021\/02\/Grivel-Rocker-45-Kletterrucksack-1.jpg","width":700,"height":700,"caption":"Das Bild zeigt den schwarz-gelben Grivel Rocker 45 Kletterrucksack in geschlossenem Zustand."},{"@type":"BreadcrumbList","@id":"https:\/\/bolting.eu\/en\/shop\/grivel-rocker-45-kletterrucksack\/#breadcrumb","itemListElement":[{"@type":"ListItem","position":1,"name":"Shop","item":"https:\/\/bolting.eu\/en\/shop\/"},{"@type":"ListItem","position":2,"name":"climbing equipment","item":"https:\/\/bolting.eu\/en\/produkt-kategorie\/climbing-equipment\/"},{"@type":"ListItem","position":3,"name":"Kletterrucksack","item":"https:\/\/bolting.eu\/produkt-kategorie\/kletterausruestung\/kletterrucksack\/"},{"@type":"ListItem","position":4,"name":"Grivel Rocker 45 Kletterrucksack"}]},{"@type":"WebSite","@id":"https:\/\/bolting.eu\/en\/#website","url":"https:\/\/bolting.eu\/en\/","name":"bolting.eu","description":"we make climbs happen","publisher":{"@id":"https:\/\/bolting.eu\/en\/#organization"},"potentialAction":[{"@type":"SearchAction","target":{"@type":"EntryPoint","urlTemplate":"https:\/\/bolting.eu\/en\/?s={search_term_string}"},"query-input":{"@type":"PropertyValueSpecification","valueRequired":true,"valueName":"search_term_string"}}],"inLanguage":"en-US"},{"@type":["Organization","Place","SportingGoodsStore"],"@id":"https:\/\/bolting.eu\/en\/#organization","name":"bolting.eu","url":"https:\/\/bolting.eu\/en\/","logo":{"@id":"https:\/\/bolting.eu\/en\/shop\/grivel-rocker-45-kletterrucksack\/#local-main-organization-logo"},"image":{"@id":"https:\/\/bolting.eu\/en\/shop\/grivel-rocker-45-kletterrucksack\/#local-main-organization-logo"},"sameAs":["https:\/\/www.facebook.com\/bolting.eu","https:\/\/www.instagram.com\/bolting.eu\/"],"address":{"@id":"https:\/\/bolting.eu\/en\/shop\/grivel-rocker-45-kletterrucksack\/#local-main-place-address"},"geo":{"@type":"GeoCoordinates","latitude":"47.264176340396226","longitude":"11.380109057672346"},"telephone":["+43 699 19083372"],"openingHoursSpecification":[{"@type":"OpeningHoursSpecification","dayOfWeek":["Monday","Wednesday","Friday"],"opens":"14:00","closes":"18:00"},{"@type":"OpeningHoursSpecification","dayOfWeek":["Tuesday","Thursday","Saturday","Sunday"],"opens":"00:00","closes":"00:00"}],"email":"office@bolting.eu","vatID":"ATU59999728","priceRange":"$$","currenciesAccepted":"Euro"},{"@type":"PostalAddress","@id":"https:\/\/bolting.eu\/en\/shop\/grivel-rocker-45-kletterrucksack\/#local-main-place-address","streetAddress":"Fischnalerstra\u00dfe 4","addressLocality":"Innsbruck","postalCode":"6020","addressRegion":"Tirol","addressCountry":"AT"},{"@type":"ImageObject","inLanguage":"en-US","@id":"https:\/\/bolting.eu\/en\/shop\/grivel-rocker-45-kletterrucksack\/#local-main-organization-logo","url":"https:\/\/bolting.eu\/wp-content\/uploads\/2019\/09\/bolting-logo.png","contentUrl":"https:\/\/bolting.eu\/wp-content\/uploads\/2019\/09\/bolting-logo.png","width":400,"height":211,"caption":"bolting.eu"}]},"product_price_amount":"112.99","product_price_currency":"EUR","og_availability":"instock","product_availability":"instock","product_retailer_item_id":"rocker45","product_condition":"new","geo.placename":"Innsbruck","geo.position":{"lat":"47.264176340396226","long":"11.380109057672346"},"geo.region":"Austria"},"_links":{"self":[{"href":"https:\/\/bolting.eu\/en\/wp-json\/wp\/v2\/product\/7790","targetHints":{"allow":["GET"]}}],"collection":[{"href":"https:\/\/bolting.eu\/en\/wp-json\/wp\/v2\/product"}],"about":[{"href":"https:\/\/bolting.eu\/en\/wp-json\/wp\/v2\/types\/product"}],"replies":[{"embeddable":true,"href":"https:\/\/bolting.eu\/en\/wp-json\/wp\/v2\/comments?post=7790"}],"wp:featuredmedia":[{"embeddable":true,"href":"https:\/\/bolting.eu\/en\/wp-json\/wp\/v2\/media\/7792"}],"wp:attachment":[{"href":"https:\/\/bolting.eu\/en\/wp-json\/wp\/v2\/media?parent=7790"}],"wp:term":[{"taxonomy":"product_brand","embeddable":true,"href":"https:\/\/bolting.eu\/en\/wp-json\/wp\/v2\/product_brand?post=7790"},{"taxonomy":"product_cat","embeddable":true,"href":"https:\/\/bolting.eu\/en\/wp-json\/wp\/v2\/product_cat?post=7790"},{"taxonomy":"product_tag","embeddable":true,"href":"https:\/\/bolting.eu\/en\/wp-json\/wp\/v2\/product_tag?post=7790"}],"curies":[{"name":"wp","href":"https:\/\/api.w.org\/{rel}","templated":true}]}}