{"id":7731,"date":"2021-02-05T11:48:00","date_gmt":"2021-02-05T10:48:00","guid":{"rendered":"https:\/\/bolting.eu\/?post_type=product&#038;p=7731"},"modified":"2024-12-17T17:26:56","modified_gmt":"2024-12-17T16:26:56","slug":"mammut-crashiano-pad","status":"publish","type":"product","link":"https:\/\/bolting.eu\/en\/shop\/mammut-crashiano-pad\/","title":{"rendered":"Mammut Crashiano Pad"},"content":{"rendered":"<p>Das Mammut Crashiano Pad ist eine gro\u00dfe Sache! Denn 156 x 110 x 12cm kann sich f\u00fcr eine Bouldermatte echt sehen lassen. Somit hat man hier zum einen eine ordentliche Landzone. Und zum anderen auch eine sichere Impact Zone auch f\u00fcr Highballs.<\/p>\n<p>Diese Matte besticht aber nicht nur durch ihre Gr\u00f6\u00dfe. Getreu dem Schweizer Qualit\u00e4tsanspruch punktet sie mit vielen hochwertigen Features.<\/p>\n<p>Erstens den Materialien, wie z.B. extrem starker Ripstop Nylon und Alu Schnallen. Dar\u00fcber hinaus bildet der Qualit\u00e4tsschaum im wahrsten Sinne des Wortes den &#8220;kern&#8221; des Produktes.<\/p>\n<p>Zweitens durch die Verarbeitung des Mammut Crashiano Pad. Alle N\u00e4hte sowie die seitlichen Trageschlaufen bzw. das R\u00fccken-Tragesystem sind top verarbeitet.<\/p>\n<p>Und drittens passen auch die kleinen Features. Wie z.B. die elastische Schmutz Plane auf der Unterseite, die Zip Tasche und der Fu\u00dfteppich in Form des Mammut Logos.<\/p>\n<p>Kurzum. Wenn du ein Boulder Enthusiast bist, macht sich dieses Pad in deiner <a href=\"https:\/\/bolting.eu\/boulderausruestung\/\">Boulderausr\u00fcstung<\/a> richtig gut!<\/p>\n<h2>Eigenschaften Mammut Crashiano Pad<\/h2>\n<ul>\n<li>Gr\u00f6\u00dfe: 156 x 110 x 12cm<\/li>\n<li>Schweizer Qualit\u00e4tsschaum f\u00fcr perfekte D\u00e4mpfung<\/li>\n<li>robuste Verarbeitung wie z.B. starke Tragriemen<\/li>\n<li>Tragesystem super gepolstert mit H\u00fcftgurt<\/li>\n<li>Zip Tasche<\/li>\n<li>Schmutz Plane f\u00fcrs Tragen &amp; Lagern<\/li>\n<li>Fu\u00dfabstreifer integriert<\/li>\n<li>Gewicht: 8,1kg<\/li>\n<li>Burito Style Bouldermatte (Spalt in Mitte)<\/li>\n<\/ul>\n<h3>Mammut Crashiano Pad &#8211; sauteuer, aber es wirkt!<\/h3>\n<p>Der Preis dieser Bouldermatte ist schon ganz ordentlich. Zahlt es sich da aus diesen Betrag zu investieren?<\/p>\n<p>Wir\u00a0 meinen in jedem Fall ja! Denn dieses Pad geh\u00f6rt mit seinem au\u00dfergw\u00f6hnlich hochwertigen Schaumstoff zu den besten am Markt. Boulderer in allen Gebieten sch\u00e4tzen die langanhaltende Stabilit\u00e4t bzw. Kompaktheit der beiden Schaumlagen.<\/p>\n<p>Wer sich dieses Pad anschafft, darf sich \u00fcber eine laaaaange, gleichm\u00e4\u00dfige und effektive D\u00e4mpfung freuen.<\/p>\n<h3>Bouldermatte trocken lagern<\/h3>\n<p>Die Lagerung des Mammut Crashiano Pad ist mitunter entscheidend f\u00fcr die Lebensdauer. Deshalb geben wir euch folgenden Rat. Bewahrt euer Pad immer in einer trockenen Umgebung auf.<\/p>\n<p>Denn zu viel Feuchtigkeit bzw. ein nass verstautes Pad, kann zu schimmeln anfangen. Zudem ist dies f\u00fcr den Schaum sehr schlecht wenn er zu lange feucht ist.<\/p>\n<h4><strong>Link Tipp<\/strong><\/h4>\n<p>Hier geht es zum <a href=\"https:\/\/www.mammut.com\">Hersteller<\/a>!<\/p>\n","protected":false},"excerpt":{"rendered":"<ul>\n<li>Gr\u00f6\u00dfe: 156 x 110 x 12cm<\/li>\n<li>Schweizer Qualit\u00e4tsschaum f\u00fcr perfekte D\u00e4mpfung<\/li>\n<li>robuste Verarbeitung wie z.B. starke Tragriemen<\/li>\n<li>Tragesystem super gepolstert mit H\u00fcftgurt<\/li>\n<li>Zip Tasche<\/li>\n<li>Schmutz Plane f\u00fcrs Tragen &amp; Lagern<\/li>\n<li>Fu\u00dfabstreifer integriert<\/li>\n<li>Gewicht: 8,1kg<\/li>\n<li>Burito Style Bouldermatte (Spalt in Mitte)<\/li>\n<\/ul>\n","protected":false},"featured_media":7732,"comment_status":"open","ping_status":"closed","template":"","meta":[],"product_brand":[],"product_cat":[4673,5284,6358],"product_tag":[],"class_list":{"0":"post-7731","1":"product","2":"type-product","3":"status-publish","4":"has-post-thumbnail","6":"product_cat-mammut","7":"product_cat-boulder-ausruestung","8":"product_cat-bouldermatte","10":"first","11":"instock","12":"taxable","13":"shipping-taxable","14":"purchasable","15":"product-type-simple"},"yoast_head":"<!-- This site is optimized with the Yoast SEO Premium plugin v26.9 (Yoast SEO v26.9) - https:\/\/yoast.com\/product\/yoast-seo-premium-wordpress\/ -->\n<title>Mammut Crashiano Pad g\u00fcnstig online kaufen | bolting.eu<\/title>\n<meta name=\"description\" content=\"Hier findest Du das MAMMUT CRASHIANO PAD. Eine 156 x 110 x 12cm dicke Highball Bouldermatte mit Schweizer Qualit\u00e4tsschaum!\" \/>\n<meta name=\"robots\" content=\"index, follow, max-snippet:-1, max-image-preview:large, max-video-preview:-1\" \/>\n<link rel=\"canonical\" href=\"https:\/\/bolting.eu\/en\/shop\/mammut-crashiano-pad\/\" \/>\n<meta property=\"og:locale\" content=\"en_US\" \/>\n<meta property=\"og:type\" content=\"article\" \/>\n<meta property=\"og:title\" content=\"Mammut Crashiano Pad\" \/>\n<meta property=\"og:description\" content=\"Hier findest Du das MAMMUT CRASHIANO PAD. Eine 156 x 110 x 12cm dicke Highball Bouldermatte mit Schweizer Qualit\u00e4tsschaum!\" \/>\n<meta property=\"og:url\" content=\"https:\/\/bolting.eu\/en\/shop\/mammut-crashiano-pad\/\" \/>\n<meta property=\"og:site_name\" content=\"bolting.eu\" \/>\n<meta property=\"article:publisher\" content=\"https:\/\/www.facebook.com\/bolting.eu\" \/>\n<meta property=\"article:modified_time\" content=\"2024-12-17T16:26:56+00:00\" \/>\n<meta property=\"og:image\" content=\"https:\/\/bolting.eu\/wp-content\/uploads\/2021\/02\/Mammut-Crashiano-Pad-1.jpg\" \/>\n\t<meta property=\"og:image:width\" content=\"2400\" \/>\n\t<meta property=\"og:image:height\" content=\"2400\" \/>\n\t<meta property=\"og:image:type\" content=\"image\/jpeg\" \/>\n<meta name=\"twitter:card\" content=\"summary_large_image\" \/>\n<meta name=\"twitter:label1\" content=\"Price\" \/>\n\t<meta name=\"twitter:data1\" content=\"&euro;&nbsp;450,00\" \/>\n\t<meta name=\"twitter:label2\" content=\"Availability\" \/>\n\t<meta name=\"twitter:data2\" content=\"In stock\" \/>\n<script type=\"application\/ld+json\" class=\"yoast-schema-graph\">{\"@context\":\"https:\/\/schema.org\",\"@graph\":[{\"@type\":[\"WebPage\",\"ItemPage\"],\"@id\":\"https:\/\/bolting.eu\/en\/shop\/mammut-crashiano-pad\/\",\"url\":\"https:\/\/bolting.eu\/en\/shop\/mammut-crashiano-pad\/\",\"name\":\"Mammut Crashiano Pad g\u00fcnstig online kaufen | bolting.eu\",\"isPartOf\":{\"@id\":\"https:\/\/bolting.eu\/en\/#website\"},\"primaryImageOfPage\":{\"@id\":\"https:\/\/bolting.eu\/en\/shop\/mammut-crashiano-pad\/#primaryimage\"},\"image\":{\"@id\":\"https:\/\/bolting.eu\/en\/shop\/mammut-crashiano-pad\/#primaryimage\"},\"thumbnailUrl\":\"https:\/\/bolting.eu\/wp-content\/uploads\/2021\/02\/Mammut-Crashiano-Pad-1.jpg\",\"datePublished\":\"2021-02-05T10:48:00+00:00\",\"dateModified\":\"2024-12-17T16:26:56+00:00\",\"description\":\"Hier findest Du das MAMMUT CRASHIANO PAD. Eine 156 x 110 x 12cm dicke Highball Bouldermatte mit Schweizer Qualit\u00e4tsschaum!\",\"breadcrumb\":{\"@id\":\"https:\/\/bolting.eu\/en\/shop\/mammut-crashiano-pad\/#breadcrumb\"},\"inLanguage\":\"en-US\",\"potentialAction\":[{\"@type\":\"ReadAction\",\"target\":[\"https:\/\/bolting.eu\/en\/shop\/mammut-crashiano-pad\/\"]}]},{\"@type\":\"ImageObject\",\"inLanguage\":\"en-US\",\"@id\":\"https:\/\/bolting.eu\/en\/shop\/mammut-crashiano-pad\/#primaryimage\",\"url\":\"https:\/\/bolting.eu\/wp-content\/uploads\/2021\/02\/Mammut-Crashiano-Pad-1.jpg\",\"contentUrl\":\"https:\/\/bolting.eu\/wp-content\/uploads\/2021\/02\/Mammut-Crashiano-Pad-1.jpg\",\"width\":2400,\"height\":2400,\"caption\":\"Das Bild zeigt das Mammut Crashiano Pad in aufgefaltetem Zustand auf einem wei\u00dfem Quadrat.\"},{\"@type\":\"BreadcrumbList\",\"@id\":\"https:\/\/bolting.eu\/en\/shop\/mammut-crashiano-pad\/#breadcrumb\",\"itemListElement\":[{\"@type\":\"ListItem\",\"position\":1,\"name\":\"Shop\",\"item\":\"https:\/\/bolting.eu\/en\/shop\/\"},{\"@type\":\"ListItem\",\"position\":2,\"name\":\"Boulder Ausr\u00fcstung\",\"item\":\"https:\/\/bolting.eu\/produkt-kategorie\/boulder-ausruestung\/\"},{\"@type\":\"ListItem\",\"position\":3,\"name\":\"Bouldermatten\",\"item\":\"https:\/\/bolting.eu\/produkt-kategorie\/boulder-ausruestung\/bouldermatte\/\"},{\"@type\":\"ListItem\",\"position\":4,\"name\":\"Mammut Crashiano Pad\"}]},{\"@type\":\"WebSite\",\"@id\":\"https:\/\/bolting.eu\/en\/#website\",\"url\":\"https:\/\/bolting.eu\/en\/\",\"name\":\"bolting.eu\",\"description\":\"we make climbs happen\",\"publisher\":{\"@id\":\"https:\/\/bolting.eu\/en\/#organization\"},\"potentialAction\":[{\"@type\":\"SearchAction\",\"target\":{\"@type\":\"EntryPoint\",\"urlTemplate\":\"https:\/\/bolting.eu\/en\/?s={search_term_string}\"},\"query-input\":{\"@type\":\"PropertyValueSpecification\",\"valueRequired\":true,\"valueName\":\"search_term_string\"}}],\"inLanguage\":\"en-US\"},{\"@type\":[\"Organization\",\"Place\",\"SportingGoodsStore\"],\"@id\":\"https:\/\/bolting.eu\/en\/#organization\",\"name\":\"bolting.eu\",\"url\":\"https:\/\/bolting.eu\/en\/\",\"logo\":{\"@id\":\"https:\/\/bolting.eu\/en\/shop\/mammut-crashiano-pad\/#local-main-organization-logo\"},\"image\":{\"@id\":\"https:\/\/bolting.eu\/en\/shop\/mammut-crashiano-pad\/#local-main-organization-logo\"},\"sameAs\":[\"https:\/\/www.facebook.com\/bolting.eu\",\"https:\/\/www.instagram.com\/bolting.eu\/\"],\"address\":{\"@id\":\"https:\/\/bolting.eu\/en\/shop\/mammut-crashiano-pad\/#local-main-place-address\"},\"geo\":{\"@type\":\"GeoCoordinates\",\"latitude\":\"47.264176340396226\",\"longitude\":\"11.380109057672346\"},\"telephone\":[\"+43 699 19083372\"],\"openingHoursSpecification\":[{\"@type\":\"OpeningHoursSpecification\",\"dayOfWeek\":[\"Monday\",\"Wednesday\",\"Friday\"],\"opens\":\"14:00\",\"closes\":\"18:00\"},{\"@type\":\"OpeningHoursSpecification\",\"dayOfWeek\":[\"Tuesday\",\"Thursday\",\"Saturday\",\"Sunday\"],\"opens\":\"00:00\",\"closes\":\"00:00\"}],\"email\":\"office@bolting.eu\",\"vatID\":\"ATU59999728\",\"priceRange\":\"$$\",\"currenciesAccepted\":\"Euro\"},{\"@type\":\"PostalAddress\",\"@id\":\"https:\/\/bolting.eu\/en\/shop\/mammut-crashiano-pad\/#local-main-place-address\",\"streetAddress\":\"Fischnalerstra\u00dfe 4\",\"addressLocality\":\"Innsbruck\",\"postalCode\":\"6020\",\"addressRegion\":\"Tirol\",\"addressCountry\":\"AT\"},{\"@type\":\"ImageObject\",\"inLanguage\":\"en-US\",\"@id\":\"https:\/\/bolting.eu\/en\/shop\/mammut-crashiano-pad\/#local-main-organization-logo\",\"url\":\"https:\/\/bolting.eu\/wp-content\/uploads\/2019\/09\/bolting-logo.png\",\"contentUrl\":\"https:\/\/bolting.eu\/wp-content\/uploads\/2019\/09\/bolting-logo.png\",\"width\":400,\"height\":211,\"caption\":\"bolting.eu\"}]}<\/script>\n<meta property=\"product:price:amount\" content=\"450.00\" \/>\n<meta property=\"product:price:currency\" content=\"EUR\" \/>\n<meta property=\"og:availability\" content=\"instock\" \/>\n<meta property=\"product:availability\" content=\"instock\" \/>\n<meta property=\"product:retailer_item_id\" content=\"2290-00800\" \/>\n<meta property=\"product:condition\" content=\"new\" \/>\n<meta name=\"geo.placename\" content=\"Innsbruck\" \/>\n<meta name=\"geo.position\" content=\"47.264176340396226;11.380109057672346\" \/>\n<meta name=\"geo.region\" content=\"Austria\" \/>\n<!-- \/ Yoast SEO Premium plugin. -->","yoast_head_json":{"title":"Mammut Crashiano Pad g\u00fcnstig online kaufen | bolting.eu","description":"Hier findest Du das MAMMUT CRASHIANO PAD. Eine 156 x 110 x 12cm dicke Highball Bouldermatte mit Schweizer Qualit\u00e4tsschaum!","robots":{"index":"index","follow":"follow","max-snippet":"max-snippet:-1","max-image-preview":"max-image-preview:large","max-video-preview":"max-video-preview:-1"},"canonical":"https:\/\/bolting.eu\/en\/shop\/mammut-crashiano-pad\/","og_locale":"en_US","og_type":"article","og_title":"Mammut Crashiano Pad","og_description":"Hier findest Du das MAMMUT CRASHIANO PAD. Eine 156 x 110 x 12cm dicke Highball Bouldermatte mit Schweizer Qualit\u00e4tsschaum!","og_url":"https:\/\/bolting.eu\/en\/shop\/mammut-crashiano-pad\/","og_site_name":"bolting.eu","article_publisher":"https:\/\/www.facebook.com\/bolting.eu","article_modified_time":"2024-12-17T16:26:56+00:00","og_image":[{"width":2400,"height":2400,"url":"https:\/\/bolting.eu\/wp-content\/uploads\/2021\/02\/Mammut-Crashiano-Pad-1.jpg","type":"image\/jpeg"}],"twitter_card":"summary_large_image","twitter_misc":{"Price":"&euro;&nbsp;450,00","Availability":"In stock"},"schema":{"@context":"https:\/\/schema.org","@graph":[{"@type":["WebPage","ItemPage"],"@id":"https:\/\/bolting.eu\/en\/shop\/mammut-crashiano-pad\/","url":"https:\/\/bolting.eu\/en\/shop\/mammut-crashiano-pad\/","name":"Mammut Crashiano Pad g\u00fcnstig online kaufen | bolting.eu","isPartOf":{"@id":"https:\/\/bolting.eu\/en\/#website"},"primaryImageOfPage":{"@id":"https:\/\/bolting.eu\/en\/shop\/mammut-crashiano-pad\/#primaryimage"},"image":{"@id":"https:\/\/bolting.eu\/en\/shop\/mammut-crashiano-pad\/#primaryimage"},"thumbnailUrl":"https:\/\/bolting.eu\/wp-content\/uploads\/2021\/02\/Mammut-Crashiano-Pad-1.jpg","datePublished":"2021-02-05T10:48:00+00:00","dateModified":"2024-12-17T16:26:56+00:00","description":"Hier findest Du das MAMMUT CRASHIANO PAD. Eine 156 x 110 x 12cm dicke Highball Bouldermatte mit Schweizer Qualit\u00e4tsschaum!","breadcrumb":{"@id":"https:\/\/bolting.eu\/en\/shop\/mammut-crashiano-pad\/#breadcrumb"},"inLanguage":"en-US","potentialAction":[{"@type":"ReadAction","target":["https:\/\/bolting.eu\/en\/shop\/mammut-crashiano-pad\/"]}]},{"@type":"ImageObject","inLanguage":"en-US","@id":"https:\/\/bolting.eu\/en\/shop\/mammut-crashiano-pad\/#primaryimage","url":"https:\/\/bolting.eu\/wp-content\/uploads\/2021\/02\/Mammut-Crashiano-Pad-1.jpg","contentUrl":"https:\/\/bolting.eu\/wp-content\/uploads\/2021\/02\/Mammut-Crashiano-Pad-1.jpg","width":2400,"height":2400,"caption":"Das Bild zeigt das Mammut Crashiano Pad in aufgefaltetem Zustand auf einem wei\u00dfem Quadrat."},{"@type":"BreadcrumbList","@id":"https:\/\/bolting.eu\/en\/shop\/mammut-crashiano-pad\/#breadcrumb","itemListElement":[{"@type":"ListItem","position":1,"name":"Shop","item":"https:\/\/bolting.eu\/en\/shop\/"},{"@type":"ListItem","position":2,"name":"Boulder Ausr\u00fcstung","item":"https:\/\/bolting.eu\/produkt-kategorie\/boulder-ausruestung\/"},{"@type":"ListItem","position":3,"name":"Bouldermatten","item":"https:\/\/bolting.eu\/produkt-kategorie\/boulder-ausruestung\/bouldermatte\/"},{"@type":"ListItem","position":4,"name":"Mammut Crashiano Pad"}]},{"@type":"WebSite","@id":"https:\/\/bolting.eu\/en\/#website","url":"https:\/\/bolting.eu\/en\/","name":"bolting.eu","description":"we make climbs happen","publisher":{"@id":"https:\/\/bolting.eu\/en\/#organization"},"potentialAction":[{"@type":"SearchAction","target":{"@type":"EntryPoint","urlTemplate":"https:\/\/bolting.eu\/en\/?s={search_term_string}"},"query-input":{"@type":"PropertyValueSpecification","valueRequired":true,"valueName":"search_term_string"}}],"inLanguage":"en-US"},{"@type":["Organization","Place","SportingGoodsStore"],"@id":"https:\/\/bolting.eu\/en\/#organization","name":"bolting.eu","url":"https:\/\/bolting.eu\/en\/","logo":{"@id":"https:\/\/bolting.eu\/en\/shop\/mammut-crashiano-pad\/#local-main-organization-logo"},"image":{"@id":"https:\/\/bolting.eu\/en\/shop\/mammut-crashiano-pad\/#local-main-organization-logo"},"sameAs":["https:\/\/www.facebook.com\/bolting.eu","https:\/\/www.instagram.com\/bolting.eu\/"],"address":{"@id":"https:\/\/bolting.eu\/en\/shop\/mammut-crashiano-pad\/#local-main-place-address"},"geo":{"@type":"GeoCoordinates","latitude":"47.264176340396226","longitude":"11.380109057672346"},"telephone":["+43 699 19083372"],"openingHoursSpecification":[{"@type":"OpeningHoursSpecification","dayOfWeek":["Monday","Wednesday","Friday"],"opens":"14:00","closes":"18:00"},{"@type":"OpeningHoursSpecification","dayOfWeek":["Tuesday","Thursday","Saturday","Sunday"],"opens":"00:00","closes":"00:00"}],"email":"office@bolting.eu","vatID":"ATU59999728","priceRange":"$$","currenciesAccepted":"Euro"},{"@type":"PostalAddress","@id":"https:\/\/bolting.eu\/en\/shop\/mammut-crashiano-pad\/#local-main-place-address","streetAddress":"Fischnalerstra\u00dfe 4","addressLocality":"Innsbruck","postalCode":"6020","addressRegion":"Tirol","addressCountry":"AT"},{"@type":"ImageObject","inLanguage":"en-US","@id":"https:\/\/bolting.eu\/en\/shop\/mammut-crashiano-pad\/#local-main-organization-logo","url":"https:\/\/bolting.eu\/wp-content\/uploads\/2019\/09\/bolting-logo.png","contentUrl":"https:\/\/bolting.eu\/wp-content\/uploads\/2019\/09\/bolting-logo.png","width":400,"height":211,"caption":"bolting.eu"}]},"product_price_amount":"450.00","product_price_currency":"EUR","og_availability":"instock","product_availability":"instock","product_retailer_item_id":"2290-00800","product_condition":"new","geo.placename":"Innsbruck","geo.position":{"lat":"47.264176340396226","long":"11.380109057672346"},"geo.region":"Austria"},"_links":{"self":[{"href":"https:\/\/bolting.eu\/en\/wp-json\/wp\/v2\/product\/7731","targetHints":{"allow":["GET"]}}],"collection":[{"href":"https:\/\/bolting.eu\/en\/wp-json\/wp\/v2\/product"}],"about":[{"href":"https:\/\/bolting.eu\/en\/wp-json\/wp\/v2\/types\/product"}],"replies":[{"embeddable":true,"href":"https:\/\/bolting.eu\/en\/wp-json\/wp\/v2\/comments?post=7731"}],"wp:featuredmedia":[{"embeddable":true,"href":"https:\/\/bolting.eu\/en\/wp-json\/wp\/v2\/media\/7732"}],"wp:attachment":[{"href":"https:\/\/bolting.eu\/en\/wp-json\/wp\/v2\/media?parent=7731"}],"wp:term":[{"taxonomy":"product_brand","embeddable":true,"href":"https:\/\/bolting.eu\/en\/wp-json\/wp\/v2\/product_brand?post=7731"},{"taxonomy":"product_cat","embeddable":true,"href":"https:\/\/bolting.eu\/en\/wp-json\/wp\/v2\/product_cat?post=7731"},{"taxonomy":"product_tag","embeddable":true,"href":"https:\/\/bolting.eu\/en\/wp-json\/wp\/v2\/product_tag?post=7731"}],"curies":[{"name":"wp","href":"https:\/\/api.w.org\/{rel}","templated":true}]}}