{"id":7672,"date":"2021-02-04T17:52:33","date_gmt":"2021-02-04T16:52:33","guid":{"rendered":"https:\/\/bolting.eu\/?post_type=product&#038;p=7672"},"modified":"2025-09-22T14:01:01","modified_gmt":"2025-09-22T12:01:01","slug":"azimut-haul-bag-climbing-technology","status":"publish","type":"product","link":"https:\/\/bolting.eu\/en\/shop\/azimut-haul-bag-climbing-technology\/","title":{"rendered":"Azimut Haul Bag Climbing Technology"},"content":{"rendered":"<p>Der Azimut Haul Bag Climbing Technology ist ein kleiner Tausendsassa! Denn er hat ein verh\u00e4ltnism\u00e4\u00dfig kleines Volumen von nur 25 bis 35 Liter. D.h. er kann f\u00fcr viele unterschiedliche Bereiche eingesetzt werden.<\/p>\n<p>Erstens als extrem langlebiger Kletterrucksack. Zweitens bei schweren Multi-Pitches zum Nachziehen der Ausr\u00fcstung &#8220;per Hand&#8221;. Oder Drittens zum Einbohren bzw. f\u00fcr H\u00f6henarbeiten. Denn er ist ideal f\u00fcr Werkzeug oder Einbohrmaterial wie z.B. einen Pack <a href=\"https:\/\/bolting.eu\/produkt-kategorie\/einbohrartikel\/klebehaken-buehlerhaken\/\">Klebehaken<\/a> und <a href=\"https:\/\/bolting.eu\/produkt-kategorie\/einbohrartikel\/injektionsmoertel\/\">Injektionsm\u00f6rtel<\/a> in einer Auspresspistole.<\/p>\n<p>Kurzum. Wer einen kleinen und vielseitigen Haul Bag sucht, der ist hier goldrichtig!<\/p>\n<h2>Eigenschaften Azimut Haul Bag Climbing Technology<\/h2>\n<ul>\n<li>Hersteller: <a href=\"https:\/\/bolting.eu\/produkt-kategorie\/climbing-technology\/\">Climbing Technology<\/a><\/li>\n<li>Gewicht: 1,2kg<\/li>\n<li>Volumen: 25 &#8211; 35 Liter<\/li>\n<li>Gr\u00f6\u00dfe: 53 x 29 x 20cm<\/li>\n<li>Material: PVC Gewebe mit Polyester Beschichtung<\/li>\n<li>sehr abriebfest<\/li>\n<li>Farben: blau<\/li>\n<li>2 unterschiedlich lange Hauling Schlaufen<\/li>\n<li>Daisy Chain au\u00dfen<\/li>\n<li>Innentasche mit Zip + 2 Materialschlaufen innen<\/li>\n<li>&#8220;Extension&#8221; Kragen mit Drybag Verschluss System<\/li>\n<li>komfortable Trageriemen + H\u00fcftgurt jeweils abnehmbar<\/li>\n<\/ul>\n<h3>Kleine Haulbags nachziehen<\/h3>\n<p>Kleine Haulbags wie der Azimut Haul Bag Climbing Technology\u00a0werden in der Regel f\u00fcr drei verschiedene Szenarien verwendet. Erstens Multi-Pitch. Zweitens Einbohren. Drittens bei H\u00f6henarbeiten.<\/p>\n<p>Dabei h\u00e4ngt die Art und Weise, wie man sie ggf. nachzieht vom Gewicht der Ladung ab.<\/p>\n<p>F\u00fcr Multi Pitches empfehlen wir ein leichtes Halbseil oder eine Kevlar Static Line. Zudem sollte beim &#8220;Heraufholen&#8221; dieses Seil durch eine kleine Rolle wie die <a href=\"https:\/\/bolting.eu\/shop\/edelrid-spoc-umlenkrolle-mit-ruecklaufsperre\/\">Edelrid Spoc Umlenkrolle<\/a> laufen lassen. Weiters empfehlen wir einen Swivel wie z.B. das g\u00fcnstige <a href=\"https:\/\/bolting.eu\/shop\/wirbel-drehgelenk-fixe-sw1\/\">Wirbel-Drehgelenk Fixe SW1<\/a>.<\/p>\n<p>Beim Einbohren bzw. H\u00f6henarbeiten sollte man den Azimut Haul Bag Climbing Technology vor allem beim Abseilen einsetzen. Einfach direkt in den Karabiner des Abseilger\u00e4tes h\u00e4ngen um den Gurt nicht extra zu belasten.<\/p>\n<p>Ihr wollt ihn nachziehen? dann nehmt zus\u00e4tzlich zur Umlenkrolle unbedingt noch eine Steigklemme mit zur Hand.<\/p>\n<h4><strong>Link Tipp Azimut Haul Bag Climbing Technology<\/strong><\/h4>\n<p>Hier geht es zum <a href=\"https:\/\/www.climbingtechnology.com\/\">Hersteller<\/a><\/p>\n","protected":false},"excerpt":{"rendered":"<p>Kleiner leichter Haulbag f\u00fcr schwere Mehrsseill\u00e4ngen, als Zusatz Bag oder unverw\u00fcstlicher Rucksack.<\/p>\n<p>Ideal auch f\u00fcr Erschlie\u00dfer zum Mitnehmen in die Wand!<\/p>\n<p>Versandkostenfrei bis 2kg in <img decoding=\"async\" class=\"emoji\" role=\"img\" draggable=\"false\" src=\"https:\/\/s.w.org\/images\/core\/emoji\/14.0.0\/svg\/1f1e6-1f1f9.svg\" alt=\"\ud83c\udde6\ud83c\uddf9\" \/> ab \u20ac 100,- und <img decoding=\"async\" class=\"emoji\" role=\"img\" draggable=\"false\" src=\"https:\/\/s.w.org\/images\/core\/emoji\/14.0.0\/svg\/1f1e9-1f1ea.svg\" alt=\"\ud83c\udde9\ud83c\uddea\" \/> ab \u20ac 200,- <img decoding=\"async\" class=\"emoji\" role=\"img\" draggable=\"false\" src=\"https:\/\/s.w.org\/images\/core\/emoji\/14.0.0\/svg\/2705.svg\" alt=\"\u2705\" \/> Trusted Shop zertifiziert<\/p>\n","protected":false},"featured_media":7674,"comment_status":"open","ping_status":"closed","template":"","meta":[],"product_brand":[],"product_cat":[31,4662,42],"product_tag":[],"class_list":{"0":"post-7672","1":"product","2":"type-product","3":"status-publish","4":"has-post-thumbnail","6":"product_cat-big-wall-ausruestung","7":"product_cat-climbing-technology","8":"product_cat-haulbag","10":"first","11":"outofstock","12":"taxable","13":"shipping-taxable","14":"purchasable","15":"product-type-simple"},"yoast_head":"<!-- This site is optimized with the Yoast SEO Premium plugin v26.9 (Yoast SEO v26.9) - https:\/\/yoast.com\/product\/yoast-seo-premium-wordpress\/ -->\n<title>Azimut Haul Bag Climbing Technology online kaufen | bolting.eu<\/title>\n<meta name=\"description\" content=\"AZIMUT HAUL BAG CLIMBING TECHNOLOGY beim Kletterprofi kaufen \u2705 Trusted Shop \u2705 versandkostenfrei* \u2705 14 Tage R\u00fcckgaberecht \u2705 Co2 neutraler Versand\" \/>\n<meta name=\"robots\" content=\"index, follow, max-snippet:-1, max-image-preview:large, max-video-preview:-1\" \/>\n<link rel=\"canonical\" href=\"https:\/\/bolting.eu\/en\/shop\/azimut-haul-bag-climbing-technology\/\" \/>\n<meta property=\"og:locale\" content=\"en_US\" \/>\n<meta property=\"og:type\" content=\"article\" \/>\n<meta property=\"og:title\" content=\"Azimut Haul Bag Climbing Technology\" \/>\n<meta property=\"og:description\" content=\"AZIMUT HAUL BAG CLIMBING TECHNOLOGY beim Kletterprofi kaufen \u2705 Trusted Shop \u2705 versandkostenfrei* \u2705 14 Tage R\u00fcckgaberecht \u2705 Co2 neutraler Versand\" \/>\n<meta property=\"og:url\" content=\"https:\/\/bolting.eu\/en\/shop\/azimut-haul-bag-climbing-technology\/\" \/>\n<meta property=\"og:site_name\" content=\"bolting.eu\" \/>\n<meta property=\"article:publisher\" content=\"https:\/\/www.facebook.com\/bolting.eu\" \/>\n<meta property=\"article:modified_time\" content=\"2025-09-22T12:01:01+00:00\" \/>\n<meta property=\"og:image\" content=\"https:\/\/bolting.eu\/wp-content\/uploads\/2021\/02\/Azimut-Haulbag-Climbing-Technology.jpg\" \/>\n\t<meta property=\"og:image:width\" content=\"700\" \/>\n\t<meta property=\"og:image:height\" content=\"700\" \/>\n\t<meta property=\"og:image:type\" content=\"image\/jpeg\" \/>\n<meta name=\"twitter:card\" content=\"summary_large_image\" \/>\n<meta name=\"twitter:label1\" content=\"Price\" \/>\n\t<meta name=\"twitter:data1\" content=\"&euro;&nbsp;136,90\" \/>\n\t<meta name=\"twitter:label2\" content=\"Availability\" \/>\n\t<meta name=\"twitter:data2\" content=\"Out of stock\" \/>\n<script type=\"application\/ld+json\" class=\"yoast-schema-graph\">{\"@context\":\"https:\/\/schema.org\",\"@graph\":[{\"@type\":[\"WebPage\",\"ItemPage\"],\"@id\":\"https:\/\/bolting.eu\/en\/shop\/azimut-haul-bag-climbing-technology\/\",\"url\":\"https:\/\/bolting.eu\/en\/shop\/azimut-haul-bag-climbing-technology\/\",\"name\":\"Azimut Haul Bag Climbing Technology online kaufen | bolting.eu\",\"isPartOf\":{\"@id\":\"https:\/\/bolting.eu\/en\/#website\"},\"primaryImageOfPage\":{\"@id\":\"https:\/\/bolting.eu\/en\/shop\/azimut-haul-bag-climbing-technology\/#primaryimage\"},\"image\":{\"@id\":\"https:\/\/bolting.eu\/en\/shop\/azimut-haul-bag-climbing-technology\/#primaryimage\"},\"thumbnailUrl\":\"https:\/\/bolting.eu\/wp-content\/uploads\/2021\/02\/Azimut-Haulbag-Climbing-Technology.jpg\",\"datePublished\":\"2021-02-04T16:52:33+00:00\",\"dateModified\":\"2025-09-22T12:01:01+00:00\",\"description\":\"AZIMUT HAUL BAG CLIMBING TECHNOLOGY beim Kletterprofi kaufen \u2705 Trusted Shop \u2705 versandkostenfrei* \u2705 14 Tage R\u00fcckgaberecht \u2705 Co2 neutraler Versand\",\"breadcrumb\":{\"@id\":\"https:\/\/bolting.eu\/en\/shop\/azimut-haul-bag-climbing-technology\/#breadcrumb\"},\"inLanguage\":\"en-US\",\"potentialAction\":[{\"@type\":\"ReadAction\",\"target\":[\"https:\/\/bolting.eu\/en\/shop\/azimut-haul-bag-climbing-technology\/\"]}]},{\"@type\":\"ImageObject\",\"inLanguage\":\"en-US\",\"@id\":\"https:\/\/bolting.eu\/en\/shop\/azimut-haul-bag-climbing-technology\/#primaryimage\",\"url\":\"https:\/\/bolting.eu\/wp-content\/uploads\/2021\/02\/Azimut-Haulbag-Climbing-Technology.jpg\",\"contentUrl\":\"https:\/\/bolting.eu\/wp-content\/uploads\/2021\/02\/Azimut-Haulbag-Climbing-Technology.jpg\",\"width\":700,\"height\":700,\"caption\":\"Das Bild zeigt den blauen Azimut Haul Bag Climbing Technology mit ausgefahrener Hauling Schlaufe.\"},{\"@type\":\"BreadcrumbList\",\"@id\":\"https:\/\/bolting.eu\/en\/shop\/azimut-haul-bag-climbing-technology\/#breadcrumb\",\"itemListElement\":[{\"@type\":\"ListItem\",\"position\":1,\"name\":\"Shop\",\"item\":\"https:\/\/bolting.eu\/en\/shop\/\"},{\"@type\":\"ListItem\",\"position\":2,\"name\":\"Big Wall gear\",\"item\":\"https:\/\/bolting.eu\/en\/produkt-kategorie\/big-wall-gear\/\"},{\"@type\":\"ListItem\",\"position\":3,\"name\":\"Haulbag\",\"item\":\"https:\/\/bolting.eu\/produkt-kategorie\/big-wall-ausruestung\/haulbag\/\"},{\"@type\":\"ListItem\",\"position\":4,\"name\":\"Azimut Haul Bag Climbing Technology\"}]},{\"@type\":\"WebSite\",\"@id\":\"https:\/\/bolting.eu\/en\/#website\",\"url\":\"https:\/\/bolting.eu\/en\/\",\"name\":\"bolting.eu\",\"description\":\"we make climbs happen\",\"publisher\":{\"@id\":\"https:\/\/bolting.eu\/en\/#organization\"},\"potentialAction\":[{\"@type\":\"SearchAction\",\"target\":{\"@type\":\"EntryPoint\",\"urlTemplate\":\"https:\/\/bolting.eu\/en\/?s={search_term_string}\"},\"query-input\":{\"@type\":\"PropertyValueSpecification\",\"valueRequired\":true,\"valueName\":\"search_term_string\"}}],\"inLanguage\":\"en-US\"},{\"@type\":[\"Organization\",\"Place\",\"SportingGoodsStore\"],\"@id\":\"https:\/\/bolting.eu\/en\/#organization\",\"name\":\"bolting.eu\",\"url\":\"https:\/\/bolting.eu\/en\/\",\"logo\":{\"@id\":\"https:\/\/bolting.eu\/en\/shop\/azimut-haul-bag-climbing-technology\/#local-main-organization-logo\"},\"image\":{\"@id\":\"https:\/\/bolting.eu\/en\/shop\/azimut-haul-bag-climbing-technology\/#local-main-organization-logo\"},\"sameAs\":[\"https:\/\/www.facebook.com\/bolting.eu\",\"https:\/\/www.instagram.com\/bolting.eu\/\"],\"address\":{\"@id\":\"https:\/\/bolting.eu\/en\/shop\/azimut-haul-bag-climbing-technology\/#local-main-place-address\"},\"geo\":{\"@type\":\"GeoCoordinates\",\"latitude\":\"47.264176340396226\",\"longitude\":\"11.380109057672346\"},\"telephone\":[\"+43 699 19083372\"],\"openingHoursSpecification\":[{\"@type\":\"OpeningHoursSpecification\",\"dayOfWeek\":[\"Monday\",\"Wednesday\",\"Friday\"],\"opens\":\"14:00\",\"closes\":\"18:00\"},{\"@type\":\"OpeningHoursSpecification\",\"dayOfWeek\":[\"Tuesday\",\"Thursday\",\"Saturday\",\"Sunday\"],\"opens\":\"00:00\",\"closes\":\"00:00\"}],\"email\":\"office@bolting.eu\",\"vatID\":\"ATU59999728\",\"priceRange\":\"$$\",\"currenciesAccepted\":\"Euro\"},{\"@type\":\"PostalAddress\",\"@id\":\"https:\/\/bolting.eu\/en\/shop\/azimut-haul-bag-climbing-technology\/#local-main-place-address\",\"streetAddress\":\"Fischnalerstra\u00dfe 4\",\"addressLocality\":\"Innsbruck\",\"postalCode\":\"6020\",\"addressRegion\":\"Tirol\",\"addressCountry\":\"AT\"},{\"@type\":\"ImageObject\",\"inLanguage\":\"en-US\",\"@id\":\"https:\/\/bolting.eu\/en\/shop\/azimut-haul-bag-climbing-technology\/#local-main-organization-logo\",\"url\":\"https:\/\/bolting.eu\/wp-content\/uploads\/2019\/09\/bolting-logo.png\",\"contentUrl\":\"https:\/\/bolting.eu\/wp-content\/uploads\/2019\/09\/bolting-logo.png\",\"width\":400,\"height\":211,\"caption\":\"bolting.eu\"}]}<\/script>\n<meta property=\"product:price:amount\" content=\"136.90\" \/>\n<meta property=\"product:price:currency\" content=\"EUR\" \/>\n<meta property=\"og:availability\" content=\"out of stock\" \/>\n<meta property=\"product:availability\" content=\"out of stock\" \/>\n<meta property=\"product:retailer_item_id\" content=\"7X98625\" \/>\n<meta property=\"product:condition\" content=\"new\" \/>\n<meta name=\"geo.placename\" content=\"Innsbruck\" \/>\n<meta name=\"geo.position\" content=\"47.264176340396226;11.380109057672346\" \/>\n<meta name=\"geo.region\" content=\"Austria\" \/>\n<!-- \/ Yoast SEO Premium plugin. -->","yoast_head_json":{"title":"Azimut Haul Bag Climbing Technology online kaufen | bolting.eu","description":"AZIMUT HAUL BAG CLIMBING TECHNOLOGY beim Kletterprofi kaufen \u2705 Trusted Shop \u2705 versandkostenfrei* \u2705 14 Tage R\u00fcckgaberecht \u2705 Co2 neutraler Versand","robots":{"index":"index","follow":"follow","max-snippet":"max-snippet:-1","max-image-preview":"max-image-preview:large","max-video-preview":"max-video-preview:-1"},"canonical":"https:\/\/bolting.eu\/en\/shop\/azimut-haul-bag-climbing-technology\/","og_locale":"en_US","og_type":"article","og_title":"Azimut Haul Bag Climbing Technology","og_description":"AZIMUT HAUL BAG CLIMBING TECHNOLOGY beim Kletterprofi kaufen \u2705 Trusted Shop \u2705 versandkostenfrei* \u2705 14 Tage R\u00fcckgaberecht \u2705 Co2 neutraler Versand","og_url":"https:\/\/bolting.eu\/en\/shop\/azimut-haul-bag-climbing-technology\/","og_site_name":"bolting.eu","article_publisher":"https:\/\/www.facebook.com\/bolting.eu","article_modified_time":"2025-09-22T12:01:01+00:00","og_image":[{"width":700,"height":700,"url":"https:\/\/bolting.eu\/wp-content\/uploads\/2021\/02\/Azimut-Haulbag-Climbing-Technology.jpg","type":"image\/jpeg"}],"twitter_card":"summary_large_image","twitter_misc":{"Price":"&euro;&nbsp;136,90","Availability":"Out of stock"},"schema":{"@context":"https:\/\/schema.org","@graph":[{"@type":["WebPage","ItemPage"],"@id":"https:\/\/bolting.eu\/en\/shop\/azimut-haul-bag-climbing-technology\/","url":"https:\/\/bolting.eu\/en\/shop\/azimut-haul-bag-climbing-technology\/","name":"Azimut Haul Bag Climbing Technology online kaufen | bolting.eu","isPartOf":{"@id":"https:\/\/bolting.eu\/en\/#website"},"primaryImageOfPage":{"@id":"https:\/\/bolting.eu\/en\/shop\/azimut-haul-bag-climbing-technology\/#primaryimage"},"image":{"@id":"https:\/\/bolting.eu\/en\/shop\/azimut-haul-bag-climbing-technology\/#primaryimage"},"thumbnailUrl":"https:\/\/bolting.eu\/wp-content\/uploads\/2021\/02\/Azimut-Haulbag-Climbing-Technology.jpg","datePublished":"2021-02-04T16:52:33+00:00","dateModified":"2025-09-22T12:01:01+00:00","description":"AZIMUT HAUL BAG CLIMBING TECHNOLOGY beim Kletterprofi kaufen \u2705 Trusted Shop \u2705 versandkostenfrei* \u2705 14 Tage R\u00fcckgaberecht \u2705 Co2 neutraler Versand","breadcrumb":{"@id":"https:\/\/bolting.eu\/en\/shop\/azimut-haul-bag-climbing-technology\/#breadcrumb"},"inLanguage":"en-US","potentialAction":[{"@type":"ReadAction","target":["https:\/\/bolting.eu\/en\/shop\/azimut-haul-bag-climbing-technology\/"]}]},{"@type":"ImageObject","inLanguage":"en-US","@id":"https:\/\/bolting.eu\/en\/shop\/azimut-haul-bag-climbing-technology\/#primaryimage","url":"https:\/\/bolting.eu\/wp-content\/uploads\/2021\/02\/Azimut-Haulbag-Climbing-Technology.jpg","contentUrl":"https:\/\/bolting.eu\/wp-content\/uploads\/2021\/02\/Azimut-Haulbag-Climbing-Technology.jpg","width":700,"height":700,"caption":"Das Bild zeigt den blauen Azimut Haul Bag Climbing Technology mit ausgefahrener Hauling Schlaufe."},{"@type":"BreadcrumbList","@id":"https:\/\/bolting.eu\/en\/shop\/azimut-haul-bag-climbing-technology\/#breadcrumb","itemListElement":[{"@type":"ListItem","position":1,"name":"Shop","item":"https:\/\/bolting.eu\/en\/shop\/"},{"@type":"ListItem","position":2,"name":"Big Wall gear","item":"https:\/\/bolting.eu\/en\/produkt-kategorie\/big-wall-gear\/"},{"@type":"ListItem","position":3,"name":"Haulbag","item":"https:\/\/bolting.eu\/produkt-kategorie\/big-wall-ausruestung\/haulbag\/"},{"@type":"ListItem","position":4,"name":"Azimut Haul Bag Climbing Technology"}]},{"@type":"WebSite","@id":"https:\/\/bolting.eu\/en\/#website","url":"https:\/\/bolting.eu\/en\/","name":"bolting.eu","description":"we make climbs happen","publisher":{"@id":"https:\/\/bolting.eu\/en\/#organization"},"potentialAction":[{"@type":"SearchAction","target":{"@type":"EntryPoint","urlTemplate":"https:\/\/bolting.eu\/en\/?s={search_term_string}"},"query-input":{"@type":"PropertyValueSpecification","valueRequired":true,"valueName":"search_term_string"}}],"inLanguage":"en-US"},{"@type":["Organization","Place","SportingGoodsStore"],"@id":"https:\/\/bolting.eu\/en\/#organization","name":"bolting.eu","url":"https:\/\/bolting.eu\/en\/","logo":{"@id":"https:\/\/bolting.eu\/en\/shop\/azimut-haul-bag-climbing-technology\/#local-main-organization-logo"},"image":{"@id":"https:\/\/bolting.eu\/en\/shop\/azimut-haul-bag-climbing-technology\/#local-main-organization-logo"},"sameAs":["https:\/\/www.facebook.com\/bolting.eu","https:\/\/www.instagram.com\/bolting.eu\/"],"address":{"@id":"https:\/\/bolting.eu\/en\/shop\/azimut-haul-bag-climbing-technology\/#local-main-place-address"},"geo":{"@type":"GeoCoordinates","latitude":"47.264176340396226","longitude":"11.380109057672346"},"telephone":["+43 699 19083372"],"openingHoursSpecification":[{"@type":"OpeningHoursSpecification","dayOfWeek":["Monday","Wednesday","Friday"],"opens":"14:00","closes":"18:00"},{"@type":"OpeningHoursSpecification","dayOfWeek":["Tuesday","Thursday","Saturday","Sunday"],"opens":"00:00","closes":"00:00"}],"email":"office@bolting.eu","vatID":"ATU59999728","priceRange":"$$","currenciesAccepted":"Euro"},{"@type":"PostalAddress","@id":"https:\/\/bolting.eu\/en\/shop\/azimut-haul-bag-climbing-technology\/#local-main-place-address","streetAddress":"Fischnalerstra\u00dfe 4","addressLocality":"Innsbruck","postalCode":"6020","addressRegion":"Tirol","addressCountry":"AT"},{"@type":"ImageObject","inLanguage":"en-US","@id":"https:\/\/bolting.eu\/en\/shop\/azimut-haul-bag-climbing-technology\/#local-main-organization-logo","url":"https:\/\/bolting.eu\/wp-content\/uploads\/2019\/09\/bolting-logo.png","contentUrl":"https:\/\/bolting.eu\/wp-content\/uploads\/2019\/09\/bolting-logo.png","width":400,"height":211,"caption":"bolting.eu"}]},"product_price_amount":"136.90","product_price_currency":"EUR","og_availability":"out of stock","product_availability":"out of stock","product_retailer_item_id":"7X98625","product_condition":"new","geo.placename":"Innsbruck","geo.position":{"lat":"47.264176340396226","long":"11.380109057672346"},"geo.region":"Austria"},"_links":{"self":[{"href":"https:\/\/bolting.eu\/en\/wp-json\/wp\/v2\/product\/7672","targetHints":{"allow":["GET"]}}],"collection":[{"href":"https:\/\/bolting.eu\/en\/wp-json\/wp\/v2\/product"}],"about":[{"href":"https:\/\/bolting.eu\/en\/wp-json\/wp\/v2\/types\/product"}],"replies":[{"embeddable":true,"href":"https:\/\/bolting.eu\/en\/wp-json\/wp\/v2\/comments?post=7672"}],"wp:featuredmedia":[{"embeddable":true,"href":"https:\/\/bolting.eu\/en\/wp-json\/wp\/v2\/media\/7674"}],"wp:attachment":[{"href":"https:\/\/bolting.eu\/en\/wp-json\/wp\/v2\/media?parent=7672"}],"wp:term":[{"taxonomy":"product_brand","embeddable":true,"href":"https:\/\/bolting.eu\/en\/wp-json\/wp\/v2\/product_brand?post=7672"},{"taxonomy":"product_cat","embeddable":true,"href":"https:\/\/bolting.eu\/en\/wp-json\/wp\/v2\/product_cat?post=7672"},{"taxonomy":"product_tag","embeddable":true,"href":"https:\/\/bolting.eu\/en\/wp-json\/wp\/v2\/product_tag?post=7672"}],"curies":[{"name":"wp","href":"https:\/\/api.w.org\/{rel}","templated":true}]}}