{"id":7594,"date":"2021-02-16T15:29:30","date_gmt":"2021-02-16T14:29:30","guid":{"rendered":"https:\/\/bolting.eu\/?post_type=product&#038;p=7594"},"modified":"2025-08-06T09:52:20","modified_gmt":"2025-08-06T07:52:20","slug":"gelaenderstange-26mm-verzinkt","status":"publish","type":"product","link":"https:\/\/bolting.eu\/en\/shop\/gelaenderstange-26mm-verzinkt\/","title":{"rendered":"Gel\u00e4nderstange 26mm verzinkt"},"content":{"rendered":"<p>Unsere Gel\u00e4nderstange 26mm verzinkt ist f\u00fcr die Absicherung von Wanderwegen bzw. Gel\u00e4ndekanten gedacht. Sie ist ein absoluter Klassiker beim <a href=\"https:\/\/bolting.eu\/alpiner-wegebau\/\">alpinen Wegebau<\/a> wo sie talseitig als Absturzsicherung angebracht wird.<\/p>\n<p>Zudem verwenden wir die Stangen regelm\u00e4\u00dfig beim <a href=\"https:\/\/bolting.eu\/klettersteig-bau\/\">Klettersteigbau<\/a>. Sie sind perfekt um steilere Zu- und Abstiege ordentlich abzusichern.<\/p>\n<p>Von diesem Produkt bieten wir drei L\u00e4ngenvarianten an. Erstens eine 120cm, zweitens eine 150cm und drittens eine 200cm lange.<\/p>\n<p>Dabei haben die k\u00fcrzeren Stangen je zwei Drahtseilfassungen. Die lange Stange drei. Somit kann man jeweils eine ad\u00e4quate Absicherung gegen einen Absturz schaffen.<\/p>\n<p>Kurzum. Wer einen Wanderweg oder eine Gel\u00e4ndekante absichern m\u00f6chte, ist hier genau richtig!<\/p>\n<h2>Eigenschaften Gel\u00e4nderstange 26mm verzinkt<\/h2>\n<ul>\n<li>Hersteller: <a href=\"https:\/\/bolting.eu\/produkt-kategorie\/vertical-evolution\/\">Vertical Evolution<\/a><\/li>\n<li>Material: verzinkter Bewehrungsstahl<\/li>\n<li>Durchmesser: 26mm<\/li>\n<li>L\u00e4nge: 120cm, 150cm und 200cm<\/li>\n<li>Verankerungstiefe: im Fels ca. 30-40cm, Erdreich 80-90cm;<\/li>\n<li>inkl. Drahtseilklemmen und selbstsichernde Muttern<\/li>\n<li>f\u00fcr 10mm &#8211; 14mm Drahtseile<\/li>\n<li>empfohlener M\u00f6rtel: <a href=\"https:\/\/bolting.eu\/shop\/fischer-fis-em-plus-epoxyharz-moertel\/\">Epoxyharz Injektionsm\u00f6rtel<\/a><\/li>\n<\/ul>\n<h3>Inkl. Drahtseilklemme + selbstsichernder Muttern<\/h3>\n<p>Unsere Gel\u00e4nderstange 26mm verzinkt wird mit vormontierten Drahtseilklemmen geliefert. Das ist extrem praktisch. Denn zum einen braucht man sich nicht um die Klemmen bzw. Muttern zu k\u00fcmmern. Und zum anderen hat kann man die Teile bei der Montage auch nicht vergessen!<\/p>\n<p>Durch die selbstsichernden Muttern k\u00f6nnen diese auch nicht abfallen bzw. sich sp\u00e4ter lockern.<\/p>\n<h3>Gel\u00e4nderstange 26mm verzinkt ordentlich anbringen<\/h3>\n<p>Wir empfehlen die Stangen immer sehr gewissenhaft anzubringen. D.h. wie Klettersteiganker in 30mm Bohrl\u00f6cher einzukleben.<\/p>\n<p>Hierzu muss erstens die Einbindetiefe stimmen. Diese sollte im Fels mind. 30-40cm betragen um festen Halt zu garantieren. Zweitens muss das Bohrloch \u00e4u\u00dferst sauber gereinigt werden. Mehrere Reinigungsdurchg\u00e4nge mit Ausbl\u00e4ser und Drahtb\u00fcrste durchf\u00fchren. Drittens mit <a href=\"https:\/\/bolting.eu\/produkt-kategorie\/einbohrartikel\/injektionsmoertel\/\">Injektionsm\u00f6rtel<\/a> sauber einkleben.<\/p>\n<p>Im Erdreich ist die Anbringung eines Betonfundamentes zu empfehlen. Sollte dies nicht m\u00f6glich sein, so sollte unsere l\u00e4ngste Gel\u00e4nderstange ca. 80-90cm eingeschlagen werden.<\/p>\n<h3>Anzugsdrehmoment beachten<\/h3>\n<p>Beachtet! Je nach Seildurchmesser sollten die Drahtseilklemmen an der Gel\u00e4nderstange 26mm verzinkt mit einem ganz bestimmten Drehmoment festgezogen werden.<\/p>\n<table width=\"204\">\n<tbody>\n<tr>\n<td width=\"117\"><strong>Seildurchmesser<\/strong><\/td>\n<td width=\"87\"><strong>Drehmoment<\/strong><\/td>\n<\/tr>\n<tr>\n<td style=\"text-align: center;\">10mm<\/td>\n<td style=\"text-align: center;\">9Nm<\/td>\n<\/tr>\n<tr>\n<td style=\"text-align: center;\">12mm<\/td>\n<td style=\"text-align: center;\">20Nm<\/td>\n<\/tr>\n<tr>\n<td style=\"text-align: center;\">14mm<\/td>\n<td style=\"text-align: center;\">33Nm<\/td>\n<\/tr>\n<tr>\n<td style=\"text-align: center;\">16mm<\/td>\n<td style=\"text-align: center;\">40Nm<\/td>\n<\/tr>\n<\/tbody>\n<\/table>\n<h4><strong>Link Tipp<\/strong><\/h4>\n<p>Im <a href=\"https:\/\/www.alpenverein.at\/portal_wAssets\/docs\/berg-aktiv\/wege_touren\/wegehandbuch_digital.pdf\" target=\"_blank\" rel=\"noopener noreferrer\">Wege Handbuch des Alpenverein<\/a> finden sich viele wertvolle Tipps f\u00fcr den Wegebau.<\/p>\n","protected":false},"excerpt":{"rendered":"<ul>\n<li>Hersteller: Vertical Evolution<\/li>\n<li>Material: verzinkter Bewehrungsstahl<\/li>\n<li>Durchmesser: 26mm<\/li>\n<li>L\u00e4nge: 120cm, 150cm und 200cm<\/li>\n<li>Verankerungstiefe: im Fels ca. 30-40cm, Erdreich 80-90cm;<\/li>\n<li>inkl. Drahtseilklemmen und selbstsichernde Muttern<\/li>\n<li>f\u00fcr 10mm &#8211; 14mm Drahtseile<\/li>\n<\/ul>\n","protected":false},"featured_media":7763,"comment_status":"open","ping_status":"closed","template":"","meta":[],"product_brand":[],"product_cat":[13906,14189,260,482,1210],"product_tag":[],"class_list":{"0":"post-7594","1":"product","2":"type-product","3":"status-publish","4":"has-post-thumbnail","6":"product_cat-sperrgut-gross","7":"product_cat-materialien-fuer-wegebau","8":"product_cat-material-fuer-klettersteigbau","9":"product_cat-vertical-evolution","10":"product_cat-einbohrartikel","12":"first","13":"instock","14":"taxable","15":"shipping-taxable","16":"purchasable","17":"product-type-variable"},"yoast_head":"<!-- This site is optimized with the Yoast SEO Premium plugin v26.9 (Yoast SEO v26.9) - https:\/\/yoast.com\/product\/yoast-seo-premium-wordpress\/ -->\n<title>Gel\u00e4nderstange 26mm verzinkt online kaufen| bolting.eu<\/title>\n<meta name=\"description\" content=\"Hier findest du die GEL\u00c4NDERSTANGE 26mm VERZINKT. Eine robuste Stange mit 2 bzw. 3 Seilfassungen zum Absichern von Wanderwegen!\" \/>\n<meta name=\"robots\" content=\"index, follow, max-snippet:-1, max-image-preview:large, max-video-preview:-1\" \/>\n<link rel=\"canonical\" href=\"https:\/\/bolting.eu\/en\/shop\/gelaenderstange-26mm-verzinkt\/\" \/>\n<meta property=\"og:locale\" content=\"en_US\" \/>\n<meta property=\"og:type\" content=\"article\" \/>\n<meta property=\"og:title\" content=\"Gel\u00e4nderstange 26mm verzinkt\" \/>\n<meta property=\"og:description\" content=\"Hier findest du die GEL\u00c4NDERSTANGE 26mm VERZINKT. Eine robuste Stange mit 2 bzw. 3 Seilfassungen zum Absichern von Wanderwegen!\" \/>\n<meta property=\"og:url\" content=\"https:\/\/bolting.eu\/en\/shop\/gelaenderstange-26mm-verzinkt\/\" \/>\n<meta property=\"og:site_name\" content=\"bolting.eu\" \/>\n<meta property=\"article:publisher\" content=\"https:\/\/www.facebook.com\/bolting.eu\" \/>\n<meta property=\"article:modified_time\" content=\"2025-08-06T07:52:20+00:00\" \/>\n<meta property=\"og:image\" content=\"https:\/\/bolting.eu\/wp-content\/uploads\/2021\/01\/Gela\u0308nderstange-26mm-verzinkt-1.jpg\" \/>\n\t<meta property=\"og:image:width\" content=\"700\" \/>\n\t<meta property=\"og:image:height\" content=\"700\" \/>\n\t<meta property=\"og:image:type\" content=\"image\/jpeg\" \/>\n<meta name=\"twitter:card\" content=\"summary_large_image\" \/>\n<meta name=\"twitter:label1\" content=\"Availability\" \/>\n\t<meta name=\"twitter:data1\" content=\"In stock\" \/>\n<script type=\"application\/ld+json\" class=\"yoast-schema-graph\">{\"@context\":\"https:\/\/schema.org\",\"@graph\":[{\"@type\":[\"WebPage\",\"ItemPage\"],\"@id\":\"https:\/\/bolting.eu\/en\/shop\/gelaenderstange-26mm-verzinkt\/\",\"url\":\"https:\/\/bolting.eu\/en\/shop\/gelaenderstange-26mm-verzinkt\/\",\"name\":\"Gel\u00e4nderstange 26mm verzinkt online kaufen| bolting.eu\",\"isPartOf\":{\"@id\":\"https:\/\/bolting.eu\/en\/#website\"},\"primaryImageOfPage\":{\"@id\":\"https:\/\/bolting.eu\/en\/shop\/gelaenderstange-26mm-verzinkt\/#primaryimage\"},\"image\":{\"@id\":\"https:\/\/bolting.eu\/en\/shop\/gelaenderstange-26mm-verzinkt\/#primaryimage\"},\"thumbnailUrl\":\"https:\/\/bolting.eu\/wp-content\/uploads\/2021\/01\/Gela\u0308nderstange-26mm-verzinkt-1.jpg\",\"datePublished\":\"2021-02-16T14:29:30+00:00\",\"dateModified\":\"2025-08-06T07:52:20+00:00\",\"description\":\"Hier findest du die GEL\u00c4NDERSTANGE 26mm VERZINKT. Eine robuste Stange mit 2 bzw. 3 Seilfassungen zum Absichern von Wanderwegen!\",\"breadcrumb\":{\"@id\":\"https:\/\/bolting.eu\/en\/shop\/gelaenderstange-26mm-verzinkt\/#breadcrumb\"},\"inLanguage\":\"en-US\",\"potentialAction\":[{\"@type\":\"ReadAction\",\"target\":[\"https:\/\/bolting.eu\/en\/shop\/gelaenderstange-26mm-verzinkt\/\"]}]},{\"@type\":\"ImageObject\",\"inLanguage\":\"en-US\",\"@id\":\"https:\/\/bolting.eu\/en\/shop\/gelaenderstange-26mm-verzinkt\/#primaryimage\",\"url\":\"https:\/\/bolting.eu\/wp-content\/uploads\/2021\/01\/Gela\u0308nderstange-26mm-verzinkt-1.jpg\",\"contentUrl\":\"https:\/\/bolting.eu\/wp-content\/uploads\/2021\/01\/Gela\u0308nderstange-26mm-verzinkt-1.jpg\",\"width\":700,\"height\":700,\"caption\":\"Das Bild zeigt drei L\u00e4ngen der Gel\u00e4nderstange 26mm verzinkt. Sie liegen nebeneinander auf einem wei\u00dfem Quadrat.\"},{\"@type\":\"BreadcrumbList\",\"@id\":\"https:\/\/bolting.eu\/en\/shop\/gelaenderstange-26mm-verzinkt\/#breadcrumb\",\"itemListElement\":[{\"@type\":\"ListItem\",\"position\":1,\"name\":\"Shop\",\"item\":\"https:\/\/bolting.eu\/en\/shop\/\"},{\"@type\":\"ListItem\",\"position\":2,\"name\":\"bolting products\",\"item\":\"https:\/\/bolting.eu\/en\/produkt-kategorie\/bolting-products\/\"},{\"@type\":\"ListItem\",\"position\":3,\"name\":\"Materialien f\u00fcr Wegebau\",\"item\":\"https:\/\/bolting.eu\/produkt-kategorie\/einbohrartikel\/materialien-fuer-wegebau\/\"},{\"@type\":\"ListItem\",\"position\":4,\"name\":\"Gel\u00e4nderstange 26mm verzinkt\"}]},{\"@type\":\"WebSite\",\"@id\":\"https:\/\/bolting.eu\/en\/#website\",\"url\":\"https:\/\/bolting.eu\/en\/\",\"name\":\"bolting.eu\",\"description\":\"we make climbs happen\",\"publisher\":{\"@id\":\"https:\/\/bolting.eu\/en\/#organization\"},\"potentialAction\":[{\"@type\":\"SearchAction\",\"target\":{\"@type\":\"EntryPoint\",\"urlTemplate\":\"https:\/\/bolting.eu\/en\/?s={search_term_string}\"},\"query-input\":{\"@type\":\"PropertyValueSpecification\",\"valueRequired\":true,\"valueName\":\"search_term_string\"}}],\"inLanguage\":\"en-US\"},{\"@type\":[\"Organization\",\"Place\",\"SportingGoodsStore\"],\"@id\":\"https:\/\/bolting.eu\/en\/#organization\",\"name\":\"bolting.eu\",\"url\":\"https:\/\/bolting.eu\/en\/\",\"logo\":{\"@id\":\"https:\/\/bolting.eu\/en\/shop\/gelaenderstange-26mm-verzinkt\/#local-main-organization-logo\"},\"image\":{\"@id\":\"https:\/\/bolting.eu\/en\/shop\/gelaenderstange-26mm-verzinkt\/#local-main-organization-logo\"},\"sameAs\":[\"https:\/\/www.facebook.com\/bolting.eu\",\"https:\/\/www.instagram.com\/bolting.eu\/\"],\"address\":{\"@id\":\"https:\/\/bolting.eu\/en\/shop\/gelaenderstange-26mm-verzinkt\/#local-main-place-address\"},\"geo\":{\"@type\":\"GeoCoordinates\",\"latitude\":\"47.264176340396226\",\"longitude\":\"11.380109057672346\"},\"telephone\":[\"+43 699 19083372\"],\"openingHoursSpecification\":[{\"@type\":\"OpeningHoursSpecification\",\"dayOfWeek\":[\"Monday\",\"Wednesday\",\"Friday\"],\"opens\":\"14:00\",\"closes\":\"18:00\"},{\"@type\":\"OpeningHoursSpecification\",\"dayOfWeek\":[\"Tuesday\",\"Thursday\",\"Saturday\",\"Sunday\"],\"opens\":\"00:00\",\"closes\":\"00:00\"}],\"email\":\"office@bolting.eu\",\"vatID\":\"ATU59999728\",\"priceRange\":\"$$\",\"currenciesAccepted\":\"Euro\"},{\"@type\":\"PostalAddress\",\"@id\":\"https:\/\/bolting.eu\/en\/shop\/gelaenderstange-26mm-verzinkt\/#local-main-place-address\",\"streetAddress\":\"Fischnalerstra\u00dfe 4\",\"addressLocality\":\"Innsbruck\",\"postalCode\":\"6020\",\"addressRegion\":\"Tirol\",\"addressCountry\":\"AT\"},{\"@type\":\"ImageObject\",\"inLanguage\":\"en-US\",\"@id\":\"https:\/\/bolting.eu\/en\/shop\/gelaenderstange-26mm-verzinkt\/#local-main-organization-logo\",\"url\":\"https:\/\/bolting.eu\/wp-content\/uploads\/2019\/09\/bolting-logo.png\",\"contentUrl\":\"https:\/\/bolting.eu\/wp-content\/uploads\/2019\/09\/bolting-logo.png\",\"width\":400,\"height\":211,\"caption\":\"bolting.eu\"}]}<\/script>\n<meta property=\"og:availability\" content=\"instock\" \/>\n<meta property=\"product:availability\" content=\"instock\" \/>\n<meta property=\"product:condition\" content=\"new\" \/>\n<meta name=\"geo.placename\" content=\"Innsbruck\" \/>\n<meta name=\"geo.position\" content=\"47.264176340396226;11.380109057672346\" \/>\n<meta name=\"geo.region\" content=\"Austria\" \/>\n<!-- \/ Yoast SEO Premium plugin. -->","yoast_head_json":{"title":"Gel\u00e4nderstange 26mm verzinkt online kaufen| bolting.eu","description":"Hier findest du die GEL\u00c4NDERSTANGE 26mm VERZINKT. Eine robuste Stange mit 2 bzw. 3 Seilfassungen zum Absichern von Wanderwegen!","robots":{"index":"index","follow":"follow","max-snippet":"max-snippet:-1","max-image-preview":"max-image-preview:large","max-video-preview":"max-video-preview:-1"},"canonical":"https:\/\/bolting.eu\/en\/shop\/gelaenderstange-26mm-verzinkt\/","og_locale":"en_US","og_type":"article","og_title":"Gel\u00e4nderstange 26mm verzinkt","og_description":"Hier findest du die GEL\u00c4NDERSTANGE 26mm VERZINKT. Eine robuste Stange mit 2 bzw. 3 Seilfassungen zum Absichern von Wanderwegen!","og_url":"https:\/\/bolting.eu\/en\/shop\/gelaenderstange-26mm-verzinkt\/","og_site_name":"bolting.eu","article_publisher":"https:\/\/www.facebook.com\/bolting.eu","article_modified_time":"2025-08-06T07:52:20+00:00","og_image":[{"width":700,"height":700,"url":"https:\/\/bolting.eu\/wp-content\/uploads\/2021\/01\/Gela\u0308nderstange-26mm-verzinkt-1.jpg","type":"image\/jpeg"}],"twitter_card":"summary_large_image","twitter_misc":{"Availability":"In stock"},"schema":{"@context":"https:\/\/schema.org","@graph":[{"@type":["WebPage","ItemPage"],"@id":"https:\/\/bolting.eu\/en\/shop\/gelaenderstange-26mm-verzinkt\/","url":"https:\/\/bolting.eu\/en\/shop\/gelaenderstange-26mm-verzinkt\/","name":"Gel\u00e4nderstange 26mm verzinkt online kaufen| bolting.eu","isPartOf":{"@id":"https:\/\/bolting.eu\/en\/#website"},"primaryImageOfPage":{"@id":"https:\/\/bolting.eu\/en\/shop\/gelaenderstange-26mm-verzinkt\/#primaryimage"},"image":{"@id":"https:\/\/bolting.eu\/en\/shop\/gelaenderstange-26mm-verzinkt\/#primaryimage"},"thumbnailUrl":"https:\/\/bolting.eu\/wp-content\/uploads\/2021\/01\/Gela\u0308nderstange-26mm-verzinkt-1.jpg","datePublished":"2021-02-16T14:29:30+00:00","dateModified":"2025-08-06T07:52:20+00:00","description":"Hier findest du die GEL\u00c4NDERSTANGE 26mm VERZINKT. Eine robuste Stange mit 2 bzw. 3 Seilfassungen zum Absichern von Wanderwegen!","breadcrumb":{"@id":"https:\/\/bolting.eu\/en\/shop\/gelaenderstange-26mm-verzinkt\/#breadcrumb"},"inLanguage":"en-US","potentialAction":[{"@type":"ReadAction","target":["https:\/\/bolting.eu\/en\/shop\/gelaenderstange-26mm-verzinkt\/"]}]},{"@type":"ImageObject","inLanguage":"en-US","@id":"https:\/\/bolting.eu\/en\/shop\/gelaenderstange-26mm-verzinkt\/#primaryimage","url":"https:\/\/bolting.eu\/wp-content\/uploads\/2021\/01\/Gela\u0308nderstange-26mm-verzinkt-1.jpg","contentUrl":"https:\/\/bolting.eu\/wp-content\/uploads\/2021\/01\/Gela\u0308nderstange-26mm-verzinkt-1.jpg","width":700,"height":700,"caption":"Das Bild zeigt drei L\u00e4ngen der Gel\u00e4nderstange 26mm verzinkt. Sie liegen nebeneinander auf einem wei\u00dfem Quadrat."},{"@type":"BreadcrumbList","@id":"https:\/\/bolting.eu\/en\/shop\/gelaenderstange-26mm-verzinkt\/#breadcrumb","itemListElement":[{"@type":"ListItem","position":1,"name":"Shop","item":"https:\/\/bolting.eu\/en\/shop\/"},{"@type":"ListItem","position":2,"name":"bolting products","item":"https:\/\/bolting.eu\/en\/produkt-kategorie\/bolting-products\/"},{"@type":"ListItem","position":3,"name":"Materialien f\u00fcr Wegebau","item":"https:\/\/bolting.eu\/produkt-kategorie\/einbohrartikel\/materialien-fuer-wegebau\/"},{"@type":"ListItem","position":4,"name":"Gel\u00e4nderstange 26mm verzinkt"}]},{"@type":"WebSite","@id":"https:\/\/bolting.eu\/en\/#website","url":"https:\/\/bolting.eu\/en\/","name":"bolting.eu","description":"we make climbs happen","publisher":{"@id":"https:\/\/bolting.eu\/en\/#organization"},"potentialAction":[{"@type":"SearchAction","target":{"@type":"EntryPoint","urlTemplate":"https:\/\/bolting.eu\/en\/?s={search_term_string}"},"query-input":{"@type":"PropertyValueSpecification","valueRequired":true,"valueName":"search_term_string"}}],"inLanguage":"en-US"},{"@type":["Organization","Place","SportingGoodsStore"],"@id":"https:\/\/bolting.eu\/en\/#organization","name":"bolting.eu","url":"https:\/\/bolting.eu\/en\/","logo":{"@id":"https:\/\/bolting.eu\/en\/shop\/gelaenderstange-26mm-verzinkt\/#local-main-organization-logo"},"image":{"@id":"https:\/\/bolting.eu\/en\/shop\/gelaenderstange-26mm-verzinkt\/#local-main-organization-logo"},"sameAs":["https:\/\/www.facebook.com\/bolting.eu","https:\/\/www.instagram.com\/bolting.eu\/"],"address":{"@id":"https:\/\/bolting.eu\/en\/shop\/gelaenderstange-26mm-verzinkt\/#local-main-place-address"},"geo":{"@type":"GeoCoordinates","latitude":"47.264176340396226","longitude":"11.380109057672346"},"telephone":["+43 699 19083372"],"openingHoursSpecification":[{"@type":"OpeningHoursSpecification","dayOfWeek":["Monday","Wednesday","Friday"],"opens":"14:00","closes":"18:00"},{"@type":"OpeningHoursSpecification","dayOfWeek":["Tuesday","Thursday","Saturday","Sunday"],"opens":"00:00","closes":"00:00"}],"email":"office@bolting.eu","vatID":"ATU59999728","priceRange":"$$","currenciesAccepted":"Euro"},{"@type":"PostalAddress","@id":"https:\/\/bolting.eu\/en\/shop\/gelaenderstange-26mm-verzinkt\/#local-main-place-address","streetAddress":"Fischnalerstra\u00dfe 4","addressLocality":"Innsbruck","postalCode":"6020","addressRegion":"Tirol","addressCountry":"AT"},{"@type":"ImageObject","inLanguage":"en-US","@id":"https:\/\/bolting.eu\/en\/shop\/gelaenderstange-26mm-verzinkt\/#local-main-organization-logo","url":"https:\/\/bolting.eu\/wp-content\/uploads\/2019\/09\/bolting-logo.png","contentUrl":"https:\/\/bolting.eu\/wp-content\/uploads\/2019\/09\/bolting-logo.png","width":400,"height":211,"caption":"bolting.eu"}]},"og_availability":"instock","product_availability":"instock","product_condition":"new","geo.placename":"Innsbruck","geo.position":{"lat":"47.264176340396226","long":"11.380109057672346"},"geo.region":"Austria"},"_links":{"self":[{"href":"https:\/\/bolting.eu\/en\/wp-json\/wp\/v2\/product\/7594","targetHints":{"allow":["GET"]}}],"collection":[{"href":"https:\/\/bolting.eu\/en\/wp-json\/wp\/v2\/product"}],"about":[{"href":"https:\/\/bolting.eu\/en\/wp-json\/wp\/v2\/types\/product"}],"replies":[{"embeddable":true,"href":"https:\/\/bolting.eu\/en\/wp-json\/wp\/v2\/comments?post=7594"}],"wp:featuredmedia":[{"embeddable":true,"href":"https:\/\/bolting.eu\/en\/wp-json\/wp\/v2\/media\/7763"}],"wp:attachment":[{"href":"https:\/\/bolting.eu\/en\/wp-json\/wp\/v2\/media?parent=7594"}],"wp:term":[{"taxonomy":"product_brand","embeddable":true,"href":"https:\/\/bolting.eu\/en\/wp-json\/wp\/v2\/product_brand?post=7594"},{"taxonomy":"product_cat","embeddable":true,"href":"https:\/\/bolting.eu\/en\/wp-json\/wp\/v2\/product_cat?post=7594"},{"taxonomy":"product_tag","embeddable":true,"href":"https:\/\/bolting.eu\/en\/wp-json\/wp\/v2\/product_tag?post=7594"}],"curies":[{"name":"wp","href":"https:\/\/api.w.org\/{rel}","templated":true}]}}