{"id":7583,"date":"2021-02-16T15:34:20","date_gmt":"2021-02-16T14:34:20","guid":{"rendered":"https:\/\/bolting.eu\/?post_type=product&#038;p=7583"},"modified":"2026-04-08T13:17:31","modified_gmt":"2026-04-08T11:17:31","slug":"eck-endanker-16mm-verzinkt","status":"publish","type":"product","link":"https:\/\/bolting.eu\/en\/shop\/eck-endanker-16mm-verzinkt\/","title":{"rendered":"Eck Endanker 16mm verzinkt"},"content":{"rendered":"<p>Unser Eck Endanker 16mm verzinkt ist ein spezielles Produkt. Denn zum einen erlaubt es die Fixierung von zwei Drahtseilen in den Zwillings\u00f6sen. Und zum anderen stehen die Drahtseile dabei 90\u00b0 zu einander. D.h. mit diesem Anker kann man eine &#8220;Ecke&#8221; bauen.<\/p>\n<p>Wir empfehlen dieses Produkt vor allem f\u00fcr die Wege Absicherung bzw. Handl\u00e4ufe. Zudem kann man es auch f\u00fcr kurze Abschnitte verwenden, bei denen ein <a href=\"https:\/\/bolting.eu\/produkt-kategorie\/klettersteigausruestung\/klettersteigset\/\">Klettersteigset<\/a> ratsam ist. Wenn hier keine gro\u00dfe Schneelasten wirken!<\/p>\n<p>F\u00fcr den klassischen <a href=\"https:\/\/bolting.eu\/klettersteig-bau\/\">Klettersteigbau<\/a> eignet sich der Anker weniger. Hierf\u00fcr hat er einen zu kleinen Durchmesser. Wir empfehlen hier unsere soliden 26mm starken Anker.<\/p>\n<h2>Eigenschaften Eck Endanker 16mm verzinkt<\/h2>\n<ul>\n<li>Hersteller: <a href=\"https:\/\/bolting.eu\/produkt-kategorie\/vertical-evolution\/\">Vertical Evolution<\/a><\/li>\n<li>Material: verzinkter Bewehrungsstahl<\/li>\n<li>Durchmesser 16mm<\/li>\n<li>L\u00e4ngen: 200mm, 300mm, 400mm<\/li>\n<li>Einbindetiefe: komplett einkleben<\/li>\n<li>konform EN 16869<\/li>\n<li>konform EN 16968<\/li>\n<li>ideal f\u00fcr Wege Absicherung und Handl\u00e4ufe<\/li>\n<\/ul>\n<h3>Kausche und Drahtseilklemmen anbringen<\/h3>\n<p>Zum Fixieren des Drahtseiles im Eck Endanker 16mm verzinkt sind zwei Zubeh\u00f6r Teile n\u00f6tig. Zum einen je eine verzinkte Kausche abgestimmt auf den Seildurchmesser. Und zum anderen jeweils mind. drei Drahtseilklemmen. Zudem m\u00fcssen sie auch fachgerecht montiert werden.<\/p>\n<p>Beachtet hierf\u00fcr die nachfolgende Skizze. Sie zeigt die korrekte Art der Montage der klemmen!<\/p>\n<figure id=\"attachment_5383\" aria-describedby=\"caption-attachment-5383\" style=\"width: 800px\" class=\"wp-caption alignnone\"><a href=\"https:\/\/bolting.eu\/wp-content\/uploads\/2020\/09\/Klettersteig-Anker-Endanker-Bauweise.jpg\"><img loading=\"lazy\" decoding=\"async\" class=\"wp-image-5383 size-medium\" src=\"https:\/\/bolting.eu\/wp-content\/uploads\/2020\/09\/Klettersteig-Anker-Endanker-Bauweise-800x334.jpg\" alt=\"Das Bild zeigt eine Grafik in welcher der Bau einer Endverankerung mit einem Klettersteig Anker, einem Drahtseil, einer Kausche und Drahtseilklemmen erkl\u00e4rt wird. Man sieht die korrekte Bauweise mit Text der diese erkl\u00e4rt.\" width=\"800\" height=\"334\" srcset=\"https:\/\/bolting.eu\/wp-content\/uploads\/2020\/09\/Klettersteig-Anker-Endanker-Bauweise-800x334.jpg 800w, https:\/\/bolting.eu\/wp-content\/uploads\/2020\/09\/Klettersteig-Anker-Endanker-Bauweise-510x213.jpg 510w, https:\/\/bolting.eu\/wp-content\/uploads\/2020\/09\/Klettersteig-Anker-Endanker-Bauweise-768x320.jpg 768w, https:\/\/bolting.eu\/wp-content\/uploads\/2020\/09\/Klettersteig-Anker-Endanker-Bauweise-600x250.jpg 600w, https:\/\/bolting.eu\/wp-content\/uploads\/2020\/09\/Klettersteig-Anker-Endanker-Bauweise.jpg 1024w\" sizes=\"auto, (max-width: 800px) 100vw, 800px\" \/><\/a><figcaption id=\"caption-attachment-5383\" class=\"wp-caption-text\">Beachtet die richtige Montage der Drahtseilklemmen!<\/figcaption><\/figure>\n<h3>Anzugsdrehmoment beachten<\/h3>\n<p>Beachtet! Je nach Seildurchmesser sollten die Drahtseilklemmen mit einem ganz bestimmten Drehmoment festgezogen werden.<\/p>\n<table width=\"204\">\n<tbody>\n<tr>\n<td width=\"117\"><strong>Seildurchmesser<\/strong><\/td>\n<td width=\"87\"><strong>Drehmoment<\/strong><\/td>\n<\/tr>\n<tr>\n<td style=\"text-align: center;\">10mm<\/td>\n<td style=\"text-align: center;\">9Nm<\/td>\n<\/tr>\n<tr>\n<td style=\"text-align: center;\">12mm<\/td>\n<td style=\"text-align: center;\">20Nm<\/td>\n<\/tr>\n<tr>\n<td style=\"text-align: center;\">14mm<\/td>\n<td style=\"text-align: center;\">33Nm<\/td>\n<\/tr>\n<tr>\n<td style=\"text-align: center;\">16mm<\/td>\n<td style=\"text-align: center;\">40Nm<\/td>\n<\/tr>\n<\/tbody>\n<\/table>\n<p>&nbsp;<\/p>\n<h4><strong>Link Tipp Eck Endanker 16mm verzinkt<\/strong><\/h4>\n<div class=\"product-section\">\n<div class=\"row\">\n<div class=\"large-10 col pb-0 mb-0\">\n<div class=\"panel entry-content\">\n<p>F\u00fcr alle die eine solche Br\u00fccke bzw. Klettersteige bauen wollen, empfehlen wir das Klettersteig Handbuch des <a href=\"https:\/\/www.alpinesicherheit.at\/\" target=\"_blank\" rel=\"noopener\">Kuratoriums f\u00fcr alpine Sicherheit<\/a>.<\/p>\n<\/div>\n<\/div>\n<\/div>\n<\/div>\n","protected":false},"excerpt":{"rendered":"<ul>\n<li>Hersteller: <a href=\"https:\/\/bolting.eu\/produkt-kategorie\/vertical-evolution\/\">Vertical Evolution<\/a><\/li>\n<li>Material: verzinkter Bewehrungsstahl<\/li>\n<li>Durchmesser 16mm<\/li>\n<li>L\u00e4ngen: 200mm, 300mm, 400mm<\/li>\n<li>Einbindetiefe: komplett einkleben<\/li>\n<li>konform EN 16869<\/li>\n<li>konform EN 16968<\/li>\n<li>ideal f\u00fcr Wege Absicherung und Handl\u00e4ufe<\/li>\n<\/ul>\n","protected":false},"featured_media":7769,"comment_status":"open","ping_status":"closed","template":"","meta":[],"product_brand":[],"product_cat":[14189,482,1210],"product_tag":[],"class_list":{"0":"post-7583","1":"product","2":"type-product","3":"status-publish","4":"has-post-thumbnail","6":"product_cat-materialien-fuer-wegebau","7":"product_cat-vertical-evolution","8":"product_cat-einbohrartikel","10":"first","11":"instock","12":"taxable","13":"shipping-taxable","14":"purchasable","15":"product-type-variable"},"yoast_head":"<!-- This site is optimized with the Yoast SEO Premium plugin v26.9 (Yoast SEO v26.9) - https:\/\/yoast.com\/product\/yoast-seo-premium-wordpress\/ -->\n<title>Eck Endanker 16mm verzinkt online kaufen | bolting.eu<\/title>\n<meta name=\"description\" content=\"Hier findest Du den Eck Endanker 16mm verzinkt. Ein Klettersteiganker f\u00fcr 90\u00b0 Verbindungen von zwei Drahtseilen bei der Wegeabsicherung!\" \/>\n<meta name=\"robots\" content=\"index, follow, max-snippet:-1, max-image-preview:large, max-video-preview:-1\" \/>\n<link rel=\"canonical\" href=\"https:\/\/bolting.eu\/en\/shop\/eck-endanker-16mm-verzinkt\/\" \/>\n<meta property=\"og:locale\" content=\"en_US\" \/>\n<meta property=\"og:type\" content=\"article\" \/>\n<meta property=\"og:title\" content=\"Eck Endanker 16mm verzinkt\" \/>\n<meta property=\"og:description\" content=\"Hier findest Du den Eck Endanker 16mm verzinkt. Ein Klettersteiganker f\u00fcr 90\u00b0 Verbindungen von zwei Drahtseilen bei der Wegeabsicherung!\" \/>\n<meta property=\"og:url\" content=\"https:\/\/bolting.eu\/en\/shop\/eck-endanker-16mm-verzinkt\/\" \/>\n<meta property=\"og:site_name\" content=\"bolting.eu\" \/>\n<meta property=\"article:publisher\" content=\"https:\/\/www.facebook.com\/bolting.eu\" \/>\n<meta property=\"article:modified_time\" content=\"2026-04-08T11:17:31+00:00\" \/>\n<meta property=\"og:image\" content=\"https:\/\/bolting.eu\/wp-content\/uploads\/2021\/01\/Eck-Endanker-16mm-verzinkt-1.jpg\" \/>\n\t<meta property=\"og:image:width\" content=\"700\" \/>\n\t<meta property=\"og:image:height\" content=\"700\" \/>\n\t<meta property=\"og:image:type\" content=\"image\/jpeg\" \/>\n<meta name=\"twitter:card\" content=\"summary_large_image\" \/>\n<meta name=\"twitter:label1\" content=\"Availability\" \/>\n\t<meta name=\"twitter:data1\" content=\"In stock\" \/>\n<script type=\"application\/ld+json\" class=\"yoast-schema-graph\">{\"@context\":\"https:\/\/schema.org\",\"@graph\":[{\"@type\":[\"WebPage\",\"ItemPage\"],\"@id\":\"https:\/\/bolting.eu\/en\/shop\/eck-endanker-16mm-verzinkt\/\",\"url\":\"https:\/\/bolting.eu\/en\/shop\/eck-endanker-16mm-verzinkt\/\",\"name\":\"Eck Endanker 16mm verzinkt online kaufen | bolting.eu\",\"isPartOf\":{\"@id\":\"https:\/\/bolting.eu\/en\/#website\"},\"primaryImageOfPage\":{\"@id\":\"https:\/\/bolting.eu\/en\/shop\/eck-endanker-16mm-verzinkt\/#primaryimage\"},\"image\":{\"@id\":\"https:\/\/bolting.eu\/en\/shop\/eck-endanker-16mm-verzinkt\/#primaryimage\"},\"thumbnailUrl\":\"https:\/\/bolting.eu\/wp-content\/uploads\/2021\/01\/Eck-Endanker-16mm-verzinkt-1.jpg\",\"datePublished\":\"2021-02-16T14:34:20+00:00\",\"dateModified\":\"2026-04-08T11:17:31+00:00\",\"description\":\"Hier findest Du den Eck Endanker 16mm verzinkt. Ein Klettersteiganker f\u00fcr 90\u00b0 Verbindungen von zwei Drahtseilen bei der Wegeabsicherung!\",\"breadcrumb\":{\"@id\":\"https:\/\/bolting.eu\/en\/shop\/eck-endanker-16mm-verzinkt\/#breadcrumb\"},\"inLanguage\":\"en-US\",\"potentialAction\":[{\"@type\":\"ReadAction\",\"target\":[\"https:\/\/bolting.eu\/en\/shop\/eck-endanker-16mm-verzinkt\/\"]}]},{\"@type\":\"ImageObject\",\"inLanguage\":\"en-US\",\"@id\":\"https:\/\/bolting.eu\/en\/shop\/eck-endanker-16mm-verzinkt\/#primaryimage\",\"url\":\"https:\/\/bolting.eu\/wp-content\/uploads\/2021\/01\/Eck-Endanker-16mm-verzinkt-1.jpg\",\"contentUrl\":\"https:\/\/bolting.eu\/wp-content\/uploads\/2021\/01\/Eck-Endanker-16mm-verzinkt-1.jpg\",\"width\":700,\"height\":700,\"caption\":\"Das Bild zeigt einen silbernen Eck Endanker 16mm verzinkt f\u00fcr den Klettersteigbau.\"},{\"@type\":\"BreadcrumbList\",\"@id\":\"https:\/\/bolting.eu\/en\/shop\/eck-endanker-16mm-verzinkt\/#breadcrumb\",\"itemListElement\":[{\"@type\":\"ListItem\",\"position\":1,\"name\":\"Shop\",\"item\":\"https:\/\/bolting.eu\/en\/shop\/\"},{\"@type\":\"ListItem\",\"position\":2,\"name\":\"bolting products\",\"item\":\"https:\/\/bolting.eu\/en\/produkt-kategorie\/bolting-products\/\"},{\"@type\":\"ListItem\",\"position\":3,\"name\":\"Materialien f\u00fcr Wegebau\",\"item\":\"https:\/\/bolting.eu\/produkt-kategorie\/einbohrartikel\/materialien-fuer-wegebau\/\"},{\"@type\":\"ListItem\",\"position\":4,\"name\":\"Eck Endanker 16mm verzinkt\"}]},{\"@type\":\"WebSite\",\"@id\":\"https:\/\/bolting.eu\/en\/#website\",\"url\":\"https:\/\/bolting.eu\/en\/\",\"name\":\"bolting.eu\",\"description\":\"we make climbs happen\",\"publisher\":{\"@id\":\"https:\/\/bolting.eu\/en\/#organization\"},\"potentialAction\":[{\"@type\":\"SearchAction\",\"target\":{\"@type\":\"EntryPoint\",\"urlTemplate\":\"https:\/\/bolting.eu\/en\/?s={search_term_string}\"},\"query-input\":{\"@type\":\"PropertyValueSpecification\",\"valueRequired\":true,\"valueName\":\"search_term_string\"}}],\"inLanguage\":\"en-US\"},{\"@type\":[\"Organization\",\"Place\",\"SportingGoodsStore\"],\"@id\":\"https:\/\/bolting.eu\/en\/#organization\",\"name\":\"bolting.eu\",\"url\":\"https:\/\/bolting.eu\/en\/\",\"logo\":{\"@id\":\"https:\/\/bolting.eu\/en\/shop\/eck-endanker-16mm-verzinkt\/#local-main-organization-logo\"},\"image\":{\"@id\":\"https:\/\/bolting.eu\/en\/shop\/eck-endanker-16mm-verzinkt\/#local-main-organization-logo\"},\"sameAs\":[\"https:\/\/www.facebook.com\/bolting.eu\",\"https:\/\/www.instagram.com\/bolting.eu\/\"],\"address\":{\"@id\":\"https:\/\/bolting.eu\/en\/shop\/eck-endanker-16mm-verzinkt\/#local-main-place-address\"},\"geo\":{\"@type\":\"GeoCoordinates\",\"latitude\":\"47.264176340396226\",\"longitude\":\"11.380109057672346\"},\"telephone\":[\"+43 699 19083372\"],\"openingHoursSpecification\":[{\"@type\":\"OpeningHoursSpecification\",\"dayOfWeek\":[\"Monday\",\"Wednesday\",\"Friday\"],\"opens\":\"14:00\",\"closes\":\"18:00\"},{\"@type\":\"OpeningHoursSpecification\",\"dayOfWeek\":[\"Tuesday\",\"Thursday\",\"Saturday\",\"Sunday\"],\"opens\":\"00:00\",\"closes\":\"00:00\"}],\"email\":\"office@bolting.eu\",\"vatID\":\"ATU59999728\",\"priceRange\":\"$$\",\"currenciesAccepted\":\"Euro\"},{\"@type\":\"PostalAddress\",\"@id\":\"https:\/\/bolting.eu\/en\/shop\/eck-endanker-16mm-verzinkt\/#local-main-place-address\",\"streetAddress\":\"Fischnalerstra\u00dfe 4\",\"addressLocality\":\"Innsbruck\",\"postalCode\":\"6020\",\"addressRegion\":\"Tirol\",\"addressCountry\":\"AT\"},{\"@type\":\"ImageObject\",\"inLanguage\":\"en-US\",\"@id\":\"https:\/\/bolting.eu\/en\/shop\/eck-endanker-16mm-verzinkt\/#local-main-organization-logo\",\"url\":\"https:\/\/bolting.eu\/wp-content\/uploads\/2019\/09\/bolting-logo.png\",\"contentUrl\":\"https:\/\/bolting.eu\/wp-content\/uploads\/2019\/09\/bolting-logo.png\",\"width\":400,\"height\":211,\"caption\":\"bolting.eu\"}]}<\/script>\n<meta property=\"og:availability\" content=\"instock\" \/>\n<meta property=\"product:availability\" content=\"instock\" \/>\n<meta property=\"product:condition\" content=\"new\" \/>\n<meta name=\"geo.placename\" content=\"Innsbruck\" \/>\n<meta name=\"geo.position\" content=\"47.264176340396226;11.380109057672346\" \/>\n<meta name=\"geo.region\" content=\"Austria\" \/>\n<!-- \/ Yoast SEO Premium plugin. -->","yoast_head_json":{"title":"Eck Endanker 16mm verzinkt online kaufen | bolting.eu","description":"Hier findest Du den Eck Endanker 16mm verzinkt. Ein Klettersteiganker f\u00fcr 90\u00b0 Verbindungen von zwei Drahtseilen bei der Wegeabsicherung!","robots":{"index":"index","follow":"follow","max-snippet":"max-snippet:-1","max-image-preview":"max-image-preview:large","max-video-preview":"max-video-preview:-1"},"canonical":"https:\/\/bolting.eu\/en\/shop\/eck-endanker-16mm-verzinkt\/","og_locale":"en_US","og_type":"article","og_title":"Eck Endanker 16mm verzinkt","og_description":"Hier findest Du den Eck Endanker 16mm verzinkt. Ein Klettersteiganker f\u00fcr 90\u00b0 Verbindungen von zwei Drahtseilen bei der Wegeabsicherung!","og_url":"https:\/\/bolting.eu\/en\/shop\/eck-endanker-16mm-verzinkt\/","og_site_name":"bolting.eu","article_publisher":"https:\/\/www.facebook.com\/bolting.eu","article_modified_time":"2026-04-08T11:17:31+00:00","og_image":[{"width":700,"height":700,"url":"https:\/\/bolting.eu\/wp-content\/uploads\/2021\/01\/Eck-Endanker-16mm-verzinkt-1.jpg","type":"image\/jpeg"}],"twitter_card":"summary_large_image","twitter_misc":{"Availability":"In stock"},"schema":{"@context":"https:\/\/schema.org","@graph":[{"@type":["WebPage","ItemPage"],"@id":"https:\/\/bolting.eu\/en\/shop\/eck-endanker-16mm-verzinkt\/","url":"https:\/\/bolting.eu\/en\/shop\/eck-endanker-16mm-verzinkt\/","name":"Eck Endanker 16mm verzinkt online kaufen | bolting.eu","isPartOf":{"@id":"https:\/\/bolting.eu\/en\/#website"},"primaryImageOfPage":{"@id":"https:\/\/bolting.eu\/en\/shop\/eck-endanker-16mm-verzinkt\/#primaryimage"},"image":{"@id":"https:\/\/bolting.eu\/en\/shop\/eck-endanker-16mm-verzinkt\/#primaryimage"},"thumbnailUrl":"https:\/\/bolting.eu\/wp-content\/uploads\/2021\/01\/Eck-Endanker-16mm-verzinkt-1.jpg","datePublished":"2021-02-16T14:34:20+00:00","dateModified":"2026-04-08T11:17:31+00:00","description":"Hier findest Du den Eck Endanker 16mm verzinkt. Ein Klettersteiganker f\u00fcr 90\u00b0 Verbindungen von zwei Drahtseilen bei der Wegeabsicherung!","breadcrumb":{"@id":"https:\/\/bolting.eu\/en\/shop\/eck-endanker-16mm-verzinkt\/#breadcrumb"},"inLanguage":"en-US","potentialAction":[{"@type":"ReadAction","target":["https:\/\/bolting.eu\/en\/shop\/eck-endanker-16mm-verzinkt\/"]}]},{"@type":"ImageObject","inLanguage":"en-US","@id":"https:\/\/bolting.eu\/en\/shop\/eck-endanker-16mm-verzinkt\/#primaryimage","url":"https:\/\/bolting.eu\/wp-content\/uploads\/2021\/01\/Eck-Endanker-16mm-verzinkt-1.jpg","contentUrl":"https:\/\/bolting.eu\/wp-content\/uploads\/2021\/01\/Eck-Endanker-16mm-verzinkt-1.jpg","width":700,"height":700,"caption":"Das Bild zeigt einen silbernen Eck Endanker 16mm verzinkt f\u00fcr den Klettersteigbau."},{"@type":"BreadcrumbList","@id":"https:\/\/bolting.eu\/en\/shop\/eck-endanker-16mm-verzinkt\/#breadcrumb","itemListElement":[{"@type":"ListItem","position":1,"name":"Shop","item":"https:\/\/bolting.eu\/en\/shop\/"},{"@type":"ListItem","position":2,"name":"bolting products","item":"https:\/\/bolting.eu\/en\/produkt-kategorie\/bolting-products\/"},{"@type":"ListItem","position":3,"name":"Materialien f\u00fcr Wegebau","item":"https:\/\/bolting.eu\/produkt-kategorie\/einbohrartikel\/materialien-fuer-wegebau\/"},{"@type":"ListItem","position":4,"name":"Eck Endanker 16mm verzinkt"}]},{"@type":"WebSite","@id":"https:\/\/bolting.eu\/en\/#website","url":"https:\/\/bolting.eu\/en\/","name":"bolting.eu","description":"we make climbs happen","publisher":{"@id":"https:\/\/bolting.eu\/en\/#organization"},"potentialAction":[{"@type":"SearchAction","target":{"@type":"EntryPoint","urlTemplate":"https:\/\/bolting.eu\/en\/?s={search_term_string}"},"query-input":{"@type":"PropertyValueSpecification","valueRequired":true,"valueName":"search_term_string"}}],"inLanguage":"en-US"},{"@type":["Organization","Place","SportingGoodsStore"],"@id":"https:\/\/bolting.eu\/en\/#organization","name":"bolting.eu","url":"https:\/\/bolting.eu\/en\/","logo":{"@id":"https:\/\/bolting.eu\/en\/shop\/eck-endanker-16mm-verzinkt\/#local-main-organization-logo"},"image":{"@id":"https:\/\/bolting.eu\/en\/shop\/eck-endanker-16mm-verzinkt\/#local-main-organization-logo"},"sameAs":["https:\/\/www.facebook.com\/bolting.eu","https:\/\/www.instagram.com\/bolting.eu\/"],"address":{"@id":"https:\/\/bolting.eu\/en\/shop\/eck-endanker-16mm-verzinkt\/#local-main-place-address"},"geo":{"@type":"GeoCoordinates","latitude":"47.264176340396226","longitude":"11.380109057672346"},"telephone":["+43 699 19083372"],"openingHoursSpecification":[{"@type":"OpeningHoursSpecification","dayOfWeek":["Monday","Wednesday","Friday"],"opens":"14:00","closes":"18:00"},{"@type":"OpeningHoursSpecification","dayOfWeek":["Tuesday","Thursday","Saturday","Sunday"],"opens":"00:00","closes":"00:00"}],"email":"office@bolting.eu","vatID":"ATU59999728","priceRange":"$$","currenciesAccepted":"Euro"},{"@type":"PostalAddress","@id":"https:\/\/bolting.eu\/en\/shop\/eck-endanker-16mm-verzinkt\/#local-main-place-address","streetAddress":"Fischnalerstra\u00dfe 4","addressLocality":"Innsbruck","postalCode":"6020","addressRegion":"Tirol","addressCountry":"AT"},{"@type":"ImageObject","inLanguage":"en-US","@id":"https:\/\/bolting.eu\/en\/shop\/eck-endanker-16mm-verzinkt\/#local-main-organization-logo","url":"https:\/\/bolting.eu\/wp-content\/uploads\/2019\/09\/bolting-logo.png","contentUrl":"https:\/\/bolting.eu\/wp-content\/uploads\/2019\/09\/bolting-logo.png","width":400,"height":211,"caption":"bolting.eu"}]},"og_availability":"instock","product_availability":"instock","product_condition":"new","geo.placename":"Innsbruck","geo.position":{"lat":"47.264176340396226","long":"11.380109057672346"},"geo.region":"Austria"},"_links":{"self":[{"href":"https:\/\/bolting.eu\/en\/wp-json\/wp\/v2\/product\/7583","targetHints":{"allow":["GET"]}}],"collection":[{"href":"https:\/\/bolting.eu\/en\/wp-json\/wp\/v2\/product"}],"about":[{"href":"https:\/\/bolting.eu\/en\/wp-json\/wp\/v2\/types\/product"}],"replies":[{"embeddable":true,"href":"https:\/\/bolting.eu\/en\/wp-json\/wp\/v2\/comments?post=7583"}],"wp:featuredmedia":[{"embeddable":true,"href":"https:\/\/bolting.eu\/en\/wp-json\/wp\/v2\/media\/7769"}],"wp:attachment":[{"href":"https:\/\/bolting.eu\/en\/wp-json\/wp\/v2\/media?parent=7583"}],"wp:term":[{"taxonomy":"product_brand","embeddable":true,"href":"https:\/\/bolting.eu\/en\/wp-json\/wp\/v2\/product_brand?post=7583"},{"taxonomy":"product_cat","embeddable":true,"href":"https:\/\/bolting.eu\/en\/wp-json\/wp\/v2\/product_cat?post=7583"},{"taxonomy":"product_tag","embeddable":true,"href":"https:\/\/bolting.eu\/en\/wp-json\/wp\/v2\/product_tag?post=7583"}],"curies":[{"name":"wp","href":"https:\/\/api.w.org\/{rel}","templated":true}]}}