{"id":7572,"date":"2021-02-16T15:47:57","date_gmt":"2021-02-16T14:47:57","guid":{"rendered":"https:\/\/bolting.eu\/?post_type=product&#038;p=7572"},"modified":"2026-04-08T14:27:36","modified_gmt":"2026-04-08T12:27:36","slug":"seilgelaender-endanker-16mm-verzinkt","status":"publish","type":"product","link":"https:\/\/bolting.eu\/en\/shop\/seilgelaender-endanker-16mm-verzinkt\/","title":{"rendered":"Seilgel\u00e4nder Endanker 16mm verzinkt"},"content":{"rendered":"<p>Unser Seilgel\u00e4nder Endanker 16mm verzinkt ist f\u00fcr die Absicherung von Wanderwegen gedacht. Hierbei kann er perfekt f\u00fcr den Beginn bzw. den Abschluss von Seilgel\u00e4ndern verwendet werden. Sofern es keine gro\u00dfen Schneelasten gibt. Dieser Anker ist f\u00fcr 10-14mm Seile geeignet.<\/p>\n<p>Aufgrund des kleinen Durchmessers ist er f\u00fcr den regul\u00e4ren Klettersteigbau nicht geeignet. Sein Einsatz sollte auf Wanderwege bzw. kurze Abschnitte mit Verwendung eines <a href=\"https:\/\/bolting.eu\/produkt-kategorie\/klettersteigausruestung\/klettersteigset\/\">Klettersteigsets<\/a> beschr\u00e4nkt bleiben.<\/p>\n<h2>Eigenschaften Seilgel\u00e4nder Endanker 16mm verzinkt<\/h2>\n<ul>\n<li>Hersteller: <a href=\"https:\/\/bolting.eu\/produkt-kategorie\/vertical-evolution\/\">Vertical Evolution<\/a><\/li>\n<li>Material: verzinkter Bewehrungsstahl<\/li>\n<li>konform EN 16869<\/li>\n<li>konform EN 16968<\/li>\n<li>inklusive Drahtseilklemmen bzw. selbstsichernden M10 Muttern<\/li>\n<li>L\u00e4nge: 300mm und 400mm<\/li>\n<li>Gewicht: 1200 bzw. 1400 Gramm<\/li>\n<li>Verankerungstiefen: 200mm bzw. 300mm<\/li>\n<li>auf Anfrage auch in AISI 304L = A2 Edelstahl<\/li>\n<li>f\u00fcr Seilgel\u00e4nder \/ Handl\u00e4ufe bei der Wegeversicherung<\/li>\n<li>nicht f\u00fcr den Klettersteigbau geeignet<\/li>\n<\/ul>\n<h3>Anzugsdrehmoment beachten<\/h3>\n<p>Beachtet! Je nach Seildurchmesser sollten die Drahtseilklemmen mit einem ganz bestimmten Drehmoment festgezogen werden.<\/p>\n<table width=\"204\">\n<tbody>\n<tr>\n<td width=\"117\"><strong>Seildurchmesser<\/strong><\/td>\n<td width=\"87\"><strong>Drehmoment<\/strong><\/td>\n<\/tr>\n<tr>\n<td style=\"text-align: center;\">10mm<\/td>\n<td style=\"text-align: center;\">9Nm<\/td>\n<\/tr>\n<tr>\n<td style=\"text-align: center;\">12mm<\/td>\n<td style=\"text-align: center;\">20Nm<\/td>\n<\/tr>\n<tr>\n<td style=\"text-align: center;\">14mm<\/td>\n<td style=\"text-align: center;\">33Nm<\/td>\n<\/tr>\n<tr>\n<td style=\"text-align: center;\">16mm<\/td>\n<td style=\"text-align: center;\">40Nm<\/td>\n<\/tr>\n<\/tbody>\n<\/table>\n<h3>Unser Verarbeitungstipp<\/h3>\n<p>Unser Seilgel\u00e4nder Endanker 16mm verzinkt ist ein smartes Produkt. Denn damit erspart man sich die oft unsch\u00f6nen &#8220;zur\u00fcckgef\u00e4delten&#8221; Endanker mit Kausche.<\/p>\n<p>Bei diesem Anker wird das Drahtseil einfach in den drei vormontierten Drahtseilklemmen fixiert. Das Restseil empfehlen wir mind. 15cm tief einzukleben.<\/p>\n<figure id=\"attachment_5387\" aria-describedby=\"caption-attachment-5387\" style=\"width: 800px\" class=\"wp-caption alignnone\"><a href=\"https:\/\/bolting.eu\/wp-content\/uploads\/2020\/09\/Klettersteig-Anker-Endanker-Installation.jpg\"><img loading=\"lazy\" decoding=\"async\" class=\"wp-image-5387 size-full\" src=\"https:\/\/bolting.eu\/wp-content\/uploads\/2020\/09\/Klettersteig-Anker-Endanker-Installation.jpg\" alt=\"Das Bild zeigt den korrekten Verbau eines Klettersteig Anker. Ein Endanker ist im Hintergrund zu sehen aus welchem ein Drahtseil heraus kommt. Dieses ist im Vordergrund direkt im Fels eingeklebt.\" width=\"800\" height=\"600\" srcset=\"https:\/\/bolting.eu\/wp-content\/uploads\/2020\/09\/Klettersteig-Anker-Endanker-Installation.jpg 800w, https:\/\/bolting.eu\/wp-content\/uploads\/2020\/09\/Klettersteig-Anker-Endanker-Installation-510x383.jpg 510w, https:\/\/bolting.eu\/wp-content\/uploads\/2020\/09\/Klettersteig-Anker-Endanker-Installation-533x400.jpg 533w, https:\/\/bolting.eu\/wp-content\/uploads\/2020\/09\/Klettersteig-Anker-Endanker-Installation-768x576.jpg 768w, https:\/\/bolting.eu\/wp-content\/uploads\/2020\/09\/Klettersteig-Anker-Endanker-Installation-600x450.jpg 600w\" sizes=\"auto, (max-width: 800px) 100vw, 800px\" \/><\/a><figcaption id=\"caption-attachment-5387\" class=\"wp-caption-text\">So kann eine Endverankerung eines Drahtseiles mit unserem Endanker aussehen.<\/figcaption><\/figure>\n","protected":false},"excerpt":{"rendered":"<ul>\n<li>Hersteller: Vertical Evolution<\/li>\n<li>Material: verzinkter Bewehrungsstahl<\/li>\n<li>konform EN 16869<\/li>\n<li>konform EN 16968<\/li>\n<li>inklusive Drahtseilklemmen bzw. selbstsichernden M10 Muttern<\/li>\n<li>L\u00e4nge: 300mm und 400mm<\/li>\n<li>Gewicht: 1200 bzw. 1400 Gramm<\/li>\n<li>Verankerungstiefen: 200mm bzw. 300mm<\/li>\n<li>auf Anfrage auch in AISI 304L = A2 Edelstahl<\/li>\n<li>f\u00fcr Seilgel\u00e4nder \/ Handl\u00e4ufe bei der Wegeversicherung<\/li>\n<li>nicht f\u00fcr Klettersteigbau geeignet<\/li>\n<\/ul>\n","protected":false},"featured_media":7778,"comment_status":"open","ping_status":"closed","template":"","meta":[],"product_brand":[],"product_cat":[1210,14189,482],"product_tag":[],"class_list":{"0":"post-7572","1":"product","2":"type-product","3":"status-publish","4":"has-post-thumbnail","6":"product_cat-einbohrartikel","7":"product_cat-materialien-fuer-wegebau","8":"product_cat-vertical-evolution","10":"first","11":"instock","12":"taxable","13":"shipping-taxable","14":"purchasable","15":"product-type-variable"},"yoast_head":"<!-- This site is optimized with the Yoast SEO Premium plugin v26.9 (Yoast SEO v26.9) - https:\/\/yoast.com\/product\/yoast-seo-premium-wordpress\/ -->\n<title>Seilgel\u00e4nder Endanker 16mm verzinkt online kaufen | bolting.eu<\/title>\n<meta name=\"description\" content=\"Hier findest Du den Seilgel\u00e4nder Endanker 16mm verzinkt. Einen idealen Klemmanker f\u00fcr Wanderwege und Handl\u00e4ufe bzw. Gel\u00e4nderversicherungen!\" \/>\n<meta name=\"robots\" content=\"index, follow, max-snippet:-1, max-image-preview:large, max-video-preview:-1\" \/>\n<link rel=\"canonical\" href=\"https:\/\/bolting.eu\/en\/shop\/seilgelaender-endanker-16mm-verzinkt\/\" \/>\n<meta property=\"og:locale\" content=\"en_US\" \/>\n<meta property=\"og:type\" content=\"article\" \/>\n<meta property=\"og:title\" content=\"Seilgel\u00e4nder Endanker 16mm verzinkt\" \/>\n<meta property=\"og:description\" content=\"Hier findest Du den Seilgel\u00e4nder Endanker 16mm verzinkt. Einen idealen Klemmanker f\u00fcr Wanderwege und Handl\u00e4ufe bzw. Gel\u00e4nderversicherungen!\" \/>\n<meta property=\"og:url\" content=\"https:\/\/bolting.eu\/en\/shop\/seilgelaender-endanker-16mm-verzinkt\/\" \/>\n<meta property=\"og:site_name\" content=\"bolting.eu\" \/>\n<meta property=\"article:publisher\" content=\"https:\/\/www.facebook.com\/bolting.eu\" \/>\n<meta property=\"article:modified_time\" content=\"2026-04-08T12:27:36+00:00\" \/>\n<meta property=\"og:image\" content=\"https:\/\/bolting.eu\/wp-content\/uploads\/2021\/01\/Seilgela\u0308nder-Endanker-16mm-verzinkt-1.jpg\" \/>\n\t<meta property=\"og:image:width\" content=\"700\" \/>\n\t<meta property=\"og:image:height\" content=\"700\" \/>\n\t<meta property=\"og:image:type\" content=\"image\/jpeg\" \/>\n<meta name=\"twitter:card\" content=\"summary_large_image\" \/>\n<meta name=\"twitter:label1\" content=\"Availability\" \/>\n\t<meta name=\"twitter:data1\" content=\"In stock\" \/>\n<script type=\"application\/ld+json\" class=\"yoast-schema-graph\">{\"@context\":\"https:\/\/schema.org\",\"@graph\":[{\"@type\":[\"WebPage\",\"ItemPage\"],\"@id\":\"https:\/\/bolting.eu\/en\/shop\/seilgelaender-endanker-16mm-verzinkt\/\",\"url\":\"https:\/\/bolting.eu\/en\/shop\/seilgelaender-endanker-16mm-verzinkt\/\",\"name\":\"Seilgel\u00e4nder Endanker 16mm verzinkt online kaufen | bolting.eu\",\"isPartOf\":{\"@id\":\"https:\/\/bolting.eu\/en\/#website\"},\"primaryImageOfPage\":{\"@id\":\"https:\/\/bolting.eu\/en\/shop\/seilgelaender-endanker-16mm-verzinkt\/#primaryimage\"},\"image\":{\"@id\":\"https:\/\/bolting.eu\/en\/shop\/seilgelaender-endanker-16mm-verzinkt\/#primaryimage\"},\"thumbnailUrl\":\"https:\/\/bolting.eu\/wp-content\/uploads\/2021\/01\/Seilgela\u0308nder-Endanker-16mm-verzinkt-1.jpg\",\"datePublished\":\"2021-02-16T14:47:57+00:00\",\"dateModified\":\"2026-04-08T12:27:36+00:00\",\"description\":\"Hier findest Du den Seilgel\u00e4nder Endanker 16mm verzinkt. Einen idealen Klemmanker f\u00fcr Wanderwege und Handl\u00e4ufe bzw. Gel\u00e4nderversicherungen!\",\"breadcrumb\":{\"@id\":\"https:\/\/bolting.eu\/en\/shop\/seilgelaender-endanker-16mm-verzinkt\/#breadcrumb\"},\"inLanguage\":\"en-US\",\"potentialAction\":[{\"@type\":\"ReadAction\",\"target\":[\"https:\/\/bolting.eu\/en\/shop\/seilgelaender-endanker-16mm-verzinkt\/\"]}]},{\"@type\":\"ImageObject\",\"inLanguage\":\"en-US\",\"@id\":\"https:\/\/bolting.eu\/en\/shop\/seilgelaender-endanker-16mm-verzinkt\/#primaryimage\",\"url\":\"https:\/\/bolting.eu\/wp-content\/uploads\/2021\/01\/Seilgela\u0308nder-Endanker-16mm-verzinkt-1.jpg\",\"contentUrl\":\"https:\/\/bolting.eu\/wp-content\/uploads\/2021\/01\/Seilgela\u0308nder-Endanker-16mm-verzinkt-1.jpg\",\"width\":700,\"height\":700,\"caption\":\"Das Bild zeigt zwei Seilgelnder Endanker 16mm verzinkt auf einem wei\u00dfem Quadrat.\"},{\"@type\":\"BreadcrumbList\",\"@id\":\"https:\/\/bolting.eu\/en\/shop\/seilgelaender-endanker-16mm-verzinkt\/#breadcrumb\",\"itemListElement\":[{\"@type\":\"ListItem\",\"position\":1,\"name\":\"Shop\",\"item\":\"https:\/\/bolting.eu\/en\/shop\/\"},{\"@type\":\"ListItem\",\"position\":2,\"name\":\"bolting products\",\"item\":\"https:\/\/bolting.eu\/en\/produkt-kategorie\/bolting-products\/\"},{\"@type\":\"ListItem\",\"position\":3,\"name\":\"Materialien f\u00fcr Wegebau\",\"item\":\"https:\/\/bolting.eu\/produkt-kategorie\/einbohrartikel\/materialien-fuer-wegebau\/\"},{\"@type\":\"ListItem\",\"position\":4,\"name\":\"Seilgel\u00e4nder Endanker 16mm verzinkt\"}]},{\"@type\":\"WebSite\",\"@id\":\"https:\/\/bolting.eu\/en\/#website\",\"url\":\"https:\/\/bolting.eu\/en\/\",\"name\":\"bolting.eu\",\"description\":\"we make climbs happen\",\"publisher\":{\"@id\":\"https:\/\/bolting.eu\/en\/#organization\"},\"potentialAction\":[{\"@type\":\"SearchAction\",\"target\":{\"@type\":\"EntryPoint\",\"urlTemplate\":\"https:\/\/bolting.eu\/en\/?s={search_term_string}\"},\"query-input\":{\"@type\":\"PropertyValueSpecification\",\"valueRequired\":true,\"valueName\":\"search_term_string\"}}],\"inLanguage\":\"en-US\"},{\"@type\":[\"Organization\",\"Place\",\"SportingGoodsStore\"],\"@id\":\"https:\/\/bolting.eu\/en\/#organization\",\"name\":\"bolting.eu\",\"url\":\"https:\/\/bolting.eu\/en\/\",\"logo\":{\"@id\":\"https:\/\/bolting.eu\/en\/shop\/seilgelaender-endanker-16mm-verzinkt\/#local-main-organization-logo\"},\"image\":{\"@id\":\"https:\/\/bolting.eu\/en\/shop\/seilgelaender-endanker-16mm-verzinkt\/#local-main-organization-logo\"},\"sameAs\":[\"https:\/\/www.facebook.com\/bolting.eu\",\"https:\/\/www.instagram.com\/bolting.eu\/\"],\"address\":{\"@id\":\"https:\/\/bolting.eu\/en\/shop\/seilgelaender-endanker-16mm-verzinkt\/#local-main-place-address\"},\"geo\":{\"@type\":\"GeoCoordinates\",\"latitude\":\"47.264176340396226\",\"longitude\":\"11.380109057672346\"},\"telephone\":[\"+43 699 19083372\"],\"openingHoursSpecification\":[{\"@type\":\"OpeningHoursSpecification\",\"dayOfWeek\":[\"Monday\",\"Wednesday\",\"Friday\"],\"opens\":\"14:00\",\"closes\":\"18:00\"},{\"@type\":\"OpeningHoursSpecification\",\"dayOfWeek\":[\"Tuesday\",\"Thursday\",\"Saturday\",\"Sunday\"],\"opens\":\"00:00\",\"closes\":\"00:00\"}],\"email\":\"office@bolting.eu\",\"vatID\":\"ATU59999728\",\"priceRange\":\"$$\",\"currenciesAccepted\":\"Euro\"},{\"@type\":\"PostalAddress\",\"@id\":\"https:\/\/bolting.eu\/en\/shop\/seilgelaender-endanker-16mm-verzinkt\/#local-main-place-address\",\"streetAddress\":\"Fischnalerstra\u00dfe 4\",\"addressLocality\":\"Innsbruck\",\"postalCode\":\"6020\",\"addressRegion\":\"Tirol\",\"addressCountry\":\"AT\"},{\"@type\":\"ImageObject\",\"inLanguage\":\"en-US\",\"@id\":\"https:\/\/bolting.eu\/en\/shop\/seilgelaender-endanker-16mm-verzinkt\/#local-main-organization-logo\",\"url\":\"https:\/\/bolting.eu\/wp-content\/uploads\/2019\/09\/bolting-logo.png\",\"contentUrl\":\"https:\/\/bolting.eu\/wp-content\/uploads\/2019\/09\/bolting-logo.png\",\"width\":400,\"height\":211,\"caption\":\"bolting.eu\"}]}<\/script>\n<meta property=\"og:availability\" content=\"instock\" \/>\n<meta property=\"product:availability\" content=\"instock\" \/>\n<meta property=\"product:condition\" content=\"new\" \/>\n<meta name=\"geo.placename\" content=\"Innsbruck\" \/>\n<meta name=\"geo.position\" content=\"47.264176340396226;11.380109057672346\" \/>\n<meta name=\"geo.region\" content=\"Austria\" \/>\n<!-- \/ Yoast SEO Premium plugin. -->","yoast_head_json":{"title":"Seilgel\u00e4nder Endanker 16mm verzinkt online kaufen | bolting.eu","description":"Hier findest Du den Seilgel\u00e4nder Endanker 16mm verzinkt. Einen idealen Klemmanker f\u00fcr Wanderwege und Handl\u00e4ufe bzw. Gel\u00e4nderversicherungen!","robots":{"index":"index","follow":"follow","max-snippet":"max-snippet:-1","max-image-preview":"max-image-preview:large","max-video-preview":"max-video-preview:-1"},"canonical":"https:\/\/bolting.eu\/en\/shop\/seilgelaender-endanker-16mm-verzinkt\/","og_locale":"en_US","og_type":"article","og_title":"Seilgel\u00e4nder Endanker 16mm verzinkt","og_description":"Hier findest Du den Seilgel\u00e4nder Endanker 16mm verzinkt. Einen idealen Klemmanker f\u00fcr Wanderwege und Handl\u00e4ufe bzw. Gel\u00e4nderversicherungen!","og_url":"https:\/\/bolting.eu\/en\/shop\/seilgelaender-endanker-16mm-verzinkt\/","og_site_name":"bolting.eu","article_publisher":"https:\/\/www.facebook.com\/bolting.eu","article_modified_time":"2026-04-08T12:27:36+00:00","og_image":[{"width":700,"height":700,"url":"https:\/\/bolting.eu\/wp-content\/uploads\/2021\/01\/Seilgela\u0308nder-Endanker-16mm-verzinkt-1.jpg","type":"image\/jpeg"}],"twitter_card":"summary_large_image","twitter_misc":{"Availability":"In stock"},"schema":{"@context":"https:\/\/schema.org","@graph":[{"@type":["WebPage","ItemPage"],"@id":"https:\/\/bolting.eu\/en\/shop\/seilgelaender-endanker-16mm-verzinkt\/","url":"https:\/\/bolting.eu\/en\/shop\/seilgelaender-endanker-16mm-verzinkt\/","name":"Seilgel\u00e4nder Endanker 16mm verzinkt online kaufen | bolting.eu","isPartOf":{"@id":"https:\/\/bolting.eu\/en\/#website"},"primaryImageOfPage":{"@id":"https:\/\/bolting.eu\/en\/shop\/seilgelaender-endanker-16mm-verzinkt\/#primaryimage"},"image":{"@id":"https:\/\/bolting.eu\/en\/shop\/seilgelaender-endanker-16mm-verzinkt\/#primaryimage"},"thumbnailUrl":"https:\/\/bolting.eu\/wp-content\/uploads\/2021\/01\/Seilgela\u0308nder-Endanker-16mm-verzinkt-1.jpg","datePublished":"2021-02-16T14:47:57+00:00","dateModified":"2026-04-08T12:27:36+00:00","description":"Hier findest Du den Seilgel\u00e4nder Endanker 16mm verzinkt. Einen idealen Klemmanker f\u00fcr Wanderwege und Handl\u00e4ufe bzw. Gel\u00e4nderversicherungen!","breadcrumb":{"@id":"https:\/\/bolting.eu\/en\/shop\/seilgelaender-endanker-16mm-verzinkt\/#breadcrumb"},"inLanguage":"en-US","potentialAction":[{"@type":"ReadAction","target":["https:\/\/bolting.eu\/en\/shop\/seilgelaender-endanker-16mm-verzinkt\/"]}]},{"@type":"ImageObject","inLanguage":"en-US","@id":"https:\/\/bolting.eu\/en\/shop\/seilgelaender-endanker-16mm-verzinkt\/#primaryimage","url":"https:\/\/bolting.eu\/wp-content\/uploads\/2021\/01\/Seilgela\u0308nder-Endanker-16mm-verzinkt-1.jpg","contentUrl":"https:\/\/bolting.eu\/wp-content\/uploads\/2021\/01\/Seilgela\u0308nder-Endanker-16mm-verzinkt-1.jpg","width":700,"height":700,"caption":"Das Bild zeigt zwei Seilgelnder Endanker 16mm verzinkt auf einem wei\u00dfem Quadrat."},{"@type":"BreadcrumbList","@id":"https:\/\/bolting.eu\/en\/shop\/seilgelaender-endanker-16mm-verzinkt\/#breadcrumb","itemListElement":[{"@type":"ListItem","position":1,"name":"Shop","item":"https:\/\/bolting.eu\/en\/shop\/"},{"@type":"ListItem","position":2,"name":"bolting products","item":"https:\/\/bolting.eu\/en\/produkt-kategorie\/bolting-products\/"},{"@type":"ListItem","position":3,"name":"Materialien f\u00fcr Wegebau","item":"https:\/\/bolting.eu\/produkt-kategorie\/einbohrartikel\/materialien-fuer-wegebau\/"},{"@type":"ListItem","position":4,"name":"Seilgel\u00e4nder Endanker 16mm verzinkt"}]},{"@type":"WebSite","@id":"https:\/\/bolting.eu\/en\/#website","url":"https:\/\/bolting.eu\/en\/","name":"bolting.eu","description":"we make climbs happen","publisher":{"@id":"https:\/\/bolting.eu\/en\/#organization"},"potentialAction":[{"@type":"SearchAction","target":{"@type":"EntryPoint","urlTemplate":"https:\/\/bolting.eu\/en\/?s={search_term_string}"},"query-input":{"@type":"PropertyValueSpecification","valueRequired":true,"valueName":"search_term_string"}}],"inLanguage":"en-US"},{"@type":["Organization","Place","SportingGoodsStore"],"@id":"https:\/\/bolting.eu\/en\/#organization","name":"bolting.eu","url":"https:\/\/bolting.eu\/en\/","logo":{"@id":"https:\/\/bolting.eu\/en\/shop\/seilgelaender-endanker-16mm-verzinkt\/#local-main-organization-logo"},"image":{"@id":"https:\/\/bolting.eu\/en\/shop\/seilgelaender-endanker-16mm-verzinkt\/#local-main-organization-logo"},"sameAs":["https:\/\/www.facebook.com\/bolting.eu","https:\/\/www.instagram.com\/bolting.eu\/"],"address":{"@id":"https:\/\/bolting.eu\/en\/shop\/seilgelaender-endanker-16mm-verzinkt\/#local-main-place-address"},"geo":{"@type":"GeoCoordinates","latitude":"47.264176340396226","longitude":"11.380109057672346"},"telephone":["+43 699 19083372"],"openingHoursSpecification":[{"@type":"OpeningHoursSpecification","dayOfWeek":["Monday","Wednesday","Friday"],"opens":"14:00","closes":"18:00"},{"@type":"OpeningHoursSpecification","dayOfWeek":["Tuesday","Thursday","Saturday","Sunday"],"opens":"00:00","closes":"00:00"}],"email":"office@bolting.eu","vatID":"ATU59999728","priceRange":"$$","currenciesAccepted":"Euro"},{"@type":"PostalAddress","@id":"https:\/\/bolting.eu\/en\/shop\/seilgelaender-endanker-16mm-verzinkt\/#local-main-place-address","streetAddress":"Fischnalerstra\u00dfe 4","addressLocality":"Innsbruck","postalCode":"6020","addressRegion":"Tirol","addressCountry":"AT"},{"@type":"ImageObject","inLanguage":"en-US","@id":"https:\/\/bolting.eu\/en\/shop\/seilgelaender-endanker-16mm-verzinkt\/#local-main-organization-logo","url":"https:\/\/bolting.eu\/wp-content\/uploads\/2019\/09\/bolting-logo.png","contentUrl":"https:\/\/bolting.eu\/wp-content\/uploads\/2019\/09\/bolting-logo.png","width":400,"height":211,"caption":"bolting.eu"}]},"og_availability":"instock","product_availability":"instock","product_condition":"new","geo.placename":"Innsbruck","geo.position":{"lat":"47.264176340396226","long":"11.380109057672346"},"geo.region":"Austria"},"_links":{"self":[{"href":"https:\/\/bolting.eu\/en\/wp-json\/wp\/v2\/product\/7572","targetHints":{"allow":["GET"]}}],"collection":[{"href":"https:\/\/bolting.eu\/en\/wp-json\/wp\/v2\/product"}],"about":[{"href":"https:\/\/bolting.eu\/en\/wp-json\/wp\/v2\/types\/product"}],"replies":[{"embeddable":true,"href":"https:\/\/bolting.eu\/en\/wp-json\/wp\/v2\/comments?post=7572"}],"wp:featuredmedia":[{"embeddable":true,"href":"https:\/\/bolting.eu\/en\/wp-json\/wp\/v2\/media\/7778"}],"wp:attachment":[{"href":"https:\/\/bolting.eu\/en\/wp-json\/wp\/v2\/media?parent=7572"}],"wp:term":[{"taxonomy":"product_brand","embeddable":true,"href":"https:\/\/bolting.eu\/en\/wp-json\/wp\/v2\/product_brand?post=7572"},{"taxonomy":"product_cat","embeddable":true,"href":"https:\/\/bolting.eu\/en\/wp-json\/wp\/v2\/product_cat?post=7572"},{"taxonomy":"product_tag","embeddable":true,"href":"https:\/\/bolting.eu\/en\/wp-json\/wp\/v2\/product_tag?post=7572"}],"curies":[{"name":"wp","href":"https:\/\/api.w.org\/{rel}","templated":true}]}}