{"id":7553,"date":"2021-01-26T12:26:10","date_gmt":"2021-01-26T11:26:10","guid":{"rendered":"https:\/\/bolting.eu\/?post_type=product&#038;p=7553"},"modified":"2026-04-08T13:27:26","modified_gmt":"2026-04-08T11:27:26","slug":"klemmanker-wegeabsicherung-16mm-verzinkt","status":"publish","type":"product","link":"https:\/\/bolting.eu\/en\/shop\/klemmanker-wegeabsicherung-16mm-verzinkt\/","title":{"rendered":"Klemmanker Wegeabsicherung 16mm verzinkt"},"content":{"rendered":"<p>Unser Klemmanker Wegeabsicherung 16mm verzinkt ist perfekt f\u00fcr horizontale Handl\u00e4ufe und Seilgel\u00e4nder bei der Wegeabsicherung. Hierf\u00fcr bieten wir diesen Anker in zwei L\u00e4ngen an. Erstens in 300mm und zweitens in 400mm. Somit erreicht man ideale Ausstandsl\u00e4ngen bzw. Distanz des Drahtseils zum Fels.<\/p>\n<p>Dieser Klemmanker ist aufgrund des geringen Durchmessers nicht f\u00fcr den <a href=\"https:\/\/bolting.eu\/klettersteig-bau\/\">Klettersteigbau<\/a> geeignet. Sein Einsatz sollte sich auf die Absicherung von Wanderwegen und den Bau von horizontalen Handl\u00e4ufen in steilen Wegabschnitten beschr\u00e4nken.<\/p>\n<p>Kurzum. Wer einen klein dimensionierten Klemmanker f\u00fcr den Wegebau sucht, ist hier goldrichtig!<\/p>\n<h2>Eigenschaften Klemmanker Wegeabsicherung 16mm verzinkt<\/h2>\n<ul>\n<li>Hersteller: <a href=\"https:\/\/bolting.eu\/produkt-kategorie\/vertical-evolution\/\">Vertical Evolution<\/a><\/li>\n<li>Material: verzinkter Bewehrungsstahl<\/li>\n<li>Durchmesser 16mm<\/li>\n<li>L\u00e4nge: 300mm oder 400mm<\/li>\n<li>Verankerungstiefe: mind. 150mm<\/li>\n<li>inkl. Drahtseilklemme +\u00a0selbstsichernder Muttern<\/li>\n<li>konform EN 16869<\/li>\n<li>konform EN 16968<\/li>\n<li>ideal f\u00fcr horizontale Wege Absicherung bzw. Handl\u00e4ufe<\/li>\n<li>nicht f\u00fcr den Klettersteigbau geeignet (gr\u00f6\u00dfere Durchmesser verwenden!)<\/li>\n<\/ul>\n<h3>Inkl. Drahtseilklemme<\/h3>\n<p>Unser Klemmanker Wegeabsicherung 16mm verzinkt wird mit vormontierter Drahtseilklemme geliefert. Das ist sehr praktisch.<\/p>\n<p>Denn erstens kann man die Klemme weder vergessen noch verlieren. Denn sie ist mit selbstsichernden Muttern ausgestattet. Das erleichtert die Logistik ganz ungemein.<\/p>\n<p>Des weiteren k\u00f6nnen sich nach dem Anziehen der Muttern diese auch nicht mehr l\u00f6sen. Anders als die meisten Mitbewerber bieten wir hier eine perfekte, kundenorientierte L\u00f6sung an. Beim Preisvergleich sollte man dies mitunter ber\u00fccksichtigen!<\/p>\n<h3>Bohrlochreinigung Klemmanker Wegeabsicherung 16mm verzinkt<\/h3>\n<p>F\u00fcr die Reinigung des Bohrlochs gilt. Je sauberer, desto besser. Denn bei Verbund Systemen ist ein sauberes Bohrloch essentiell!<\/p>\n<p>D.h. nach dem Bohren mit einem Ausbl\u00e4ser ordentlich s\u00e4ubern. Dann zus\u00e4tzlich mit einer geeigneten 18mm Stahl-Drahtb\u00fcrste ausb\u00fcrsten. Nochmals ausblasen, nochmals b\u00fcrsten und dann final ausblasen.<\/p>\n<p>Nur so ist ein fester Halt des <a href=\"https:\/\/bolting.eu\/produkt-kategorie\/einbohrartikel\/injektionsmoertel\/\">Injektionsm\u00f6rtel<\/a> garantiert!<\/p>\n<h3>Anzugsdrehmoment beachten<\/h3>\n<p>Beachtet! Je nach Seildurchmesser sollten die Drahtseilklemmen mit einem ganz bestimmten Drehmoment festgezogen werden.<\/p>\n<table width=\"204\">\n<tbody>\n<tr>\n<td width=\"117\"><strong>Seildurchmesser<\/strong><\/td>\n<td width=\"87\"><strong>Drehmoment<\/strong><\/td>\n<\/tr>\n<tr>\n<td style=\"text-align: center;\">10mm<\/td>\n<td style=\"text-align: center;\">9Nm<\/td>\n<\/tr>\n<tr>\n<td style=\"text-align: center;\">12mm<\/td>\n<td style=\"text-align: center;\">20Nm<\/td>\n<\/tr>\n<tr>\n<td style=\"text-align: center;\">14mm<\/td>\n<td style=\"text-align: center;\">33Nm<\/td>\n<\/tr>\n<tr>\n<td style=\"text-align: center;\">16mm<\/td>\n<td style=\"text-align: center;\">40Nm<\/td>\n<\/tr>\n<\/tbody>\n<\/table>\n<h4><strong>Link Tipp Klemmanker Wegeabsicherung 16mm verzinkt <\/strong><\/h4>\n<p>F\u00fcr alle die eine solche Br\u00fccke bzw. Klettersteige bauen wollen, empfehlen wir das Klettersteig Handbuch des <a href=\"https:\/\/www.alpinesicherheit.at\/\" target=\"_blank\" rel=\"noopener\">Kuratoriums f\u00fcr alpine Sicherheit<\/a>.<\/p>\n","protected":false},"excerpt":{"rendered":"<ul>\n<li>Hersteller: Vertical Evolution<\/li>\n<li>Material: verzinkter Bewehrungsstahl<\/li>\n<li>Durchmesser 16mm<\/li>\n<li>L\u00e4nge: 300mm oder 400mm<\/li>\n<li>Verankerungstiefe: mind. 150mm<\/li>\n<li>inkl. Drahtseilklemme +\u00a0selbstsichernder Muttern<\/li>\n<li>konform EN 16869<\/li>\n<li>konform EN 16968<\/li>\n<li>ideal f\u00fcr Wege Absicherung bzw. Handl\u00e4ufe<\/li>\n<li>nicht f\u00fcr den Klettersteigbau geeignet (gr\u00f6\u00dfere Durchmesser verwenden)<\/li>\n<\/ul>\n","protected":false},"featured_media":8450,"comment_status":"open","ping_status":"closed","template":"","meta":[],"product_brand":[],"product_cat":[482,1210,14189],"product_tag":[],"class_list":{"0":"post-7553","1":"product","2":"type-product","3":"status-publish","4":"has-post-thumbnail","6":"product_cat-vertical-evolution","7":"product_cat-einbohrartikel","8":"product_cat-materialien-fuer-wegebau","10":"first","11":"instock","12":"taxable","13":"shipping-taxable","14":"purchasable","15":"product-type-variable"},"yoast_head":"<!-- This site is optimized with the Yoast SEO Premium plugin v26.9 (Yoast SEO v26.9) - https:\/\/yoast.com\/product\/yoast-seo-premium-wordpress\/ -->\n<title>Klemmanker Wegeabsicherung 16mm verzinkt online kaufen | bolting.eu<\/title>\n<meta name=\"description\" content=\"Hier findest Du den Klemmanker Wegeabsicherung 16mm verzinkt. Perfekt f\u00fcr Handl\u00e4ufe und Gel\u00e4nder. Jetzt beim Einbohrprofi kaufen!\" \/>\n<meta name=\"robots\" content=\"index, follow, max-snippet:-1, max-image-preview:large, max-video-preview:-1\" \/>\n<link rel=\"canonical\" href=\"https:\/\/bolting.eu\/en\/shop\/klemmanker-wegeabsicherung-16mm-verzinkt\/\" \/>\n<meta property=\"og:locale\" content=\"en_US\" \/>\n<meta property=\"og:type\" content=\"article\" \/>\n<meta property=\"og:title\" content=\"Klemmanker Wegeabsicherung 16mm verzinkt\" \/>\n<meta property=\"og:description\" content=\"Hier findest Du den Klemmanker Wegeabsicherung 16mm verzinkt. Perfekt f\u00fcr Handl\u00e4ufe und Gel\u00e4nder. Jetzt beim Einbohrprofi kaufen!\" \/>\n<meta property=\"og:url\" content=\"https:\/\/bolting.eu\/en\/shop\/klemmanker-wegeabsicherung-16mm-verzinkt\/\" \/>\n<meta property=\"og:site_name\" content=\"bolting.eu\" \/>\n<meta property=\"article:publisher\" content=\"https:\/\/www.facebook.com\/bolting.eu\" \/>\n<meta property=\"article:modified_time\" content=\"2026-04-08T11:27:26+00:00\" \/>\n<meta property=\"og:image\" content=\"https:\/\/bolting.eu\/wp-content\/uploads\/2021\/01\/Klemmanker-Wegeabsicherung-1.jpg\" \/>\n\t<meta property=\"og:image:width\" content=\"700\" \/>\n\t<meta property=\"og:image:height\" content=\"700\" \/>\n\t<meta property=\"og:image:type\" content=\"image\/jpeg\" \/>\n<meta name=\"twitter:card\" content=\"summary_large_image\" \/>\n<meta name=\"twitter:label1\" content=\"Availability\" \/>\n\t<meta name=\"twitter:data1\" content=\"In stock\" \/>\n<script type=\"application\/ld+json\" class=\"yoast-schema-graph\">{\"@context\":\"https:\/\/schema.org\",\"@graph\":[{\"@type\":[\"WebPage\",\"ItemPage\"],\"@id\":\"https:\/\/bolting.eu\/en\/shop\/klemmanker-wegeabsicherung-16mm-verzinkt\/\",\"url\":\"https:\/\/bolting.eu\/en\/shop\/klemmanker-wegeabsicherung-16mm-verzinkt\/\",\"name\":\"Klemmanker Wegeabsicherung 16mm verzinkt online kaufen | bolting.eu\",\"isPartOf\":{\"@id\":\"https:\/\/bolting.eu\/en\/#website\"},\"primaryImageOfPage\":{\"@id\":\"https:\/\/bolting.eu\/en\/shop\/klemmanker-wegeabsicherung-16mm-verzinkt\/#primaryimage\"},\"image\":{\"@id\":\"https:\/\/bolting.eu\/en\/shop\/klemmanker-wegeabsicherung-16mm-verzinkt\/#primaryimage\"},\"thumbnailUrl\":\"https:\/\/bolting.eu\/wp-content\/uploads\/2021\/01\/Klemmanker-Wegeabsicherung-1.jpg\",\"datePublished\":\"2021-01-26T11:26:10+00:00\",\"dateModified\":\"2026-04-08T11:27:26+00:00\",\"description\":\"Hier findest Du den Klemmanker Wegeabsicherung 16mm verzinkt. Perfekt f\u00fcr Handl\u00e4ufe und Gel\u00e4nder. Jetzt beim Einbohrprofi kaufen!\",\"breadcrumb\":{\"@id\":\"https:\/\/bolting.eu\/en\/shop\/klemmanker-wegeabsicherung-16mm-verzinkt\/#breadcrumb\"},\"inLanguage\":\"en-US\",\"potentialAction\":[{\"@type\":\"ReadAction\",\"target\":[\"https:\/\/bolting.eu\/en\/shop\/klemmanker-wegeabsicherung-16mm-verzinkt\/\"]}]},{\"@type\":\"ImageObject\",\"inLanguage\":\"en-US\",\"@id\":\"https:\/\/bolting.eu\/en\/shop\/klemmanker-wegeabsicherung-16mm-verzinkt\/#primaryimage\",\"url\":\"https:\/\/bolting.eu\/wp-content\/uploads\/2021\/01\/Klemmanker-Wegeabsicherung-1.jpg\",\"contentUrl\":\"https:\/\/bolting.eu\/wp-content\/uploads\/2021\/01\/Klemmanker-Wegeabsicherung-1.jpg\",\"width\":700,\"height\":700,\"caption\":\"Das Bild zeigt zwei Klemmanker Wegeabsicherung mit 16mm Durchmesser aus verzinktem Stahl.\"},{\"@type\":\"BreadcrumbList\",\"@id\":\"https:\/\/bolting.eu\/en\/shop\/klemmanker-wegeabsicherung-16mm-verzinkt\/#breadcrumb\",\"itemListElement\":[{\"@type\":\"ListItem\",\"position\":1,\"name\":\"Shop\",\"item\":\"https:\/\/bolting.eu\/en\/shop\/\"},{\"@type\":\"ListItem\",\"position\":2,\"name\":\"bolting products\",\"item\":\"https:\/\/bolting.eu\/en\/produkt-kategorie\/bolting-products\/\"},{\"@type\":\"ListItem\",\"position\":3,\"name\":\"Materialien f\u00fcr Wegebau\",\"item\":\"https:\/\/bolting.eu\/produkt-kategorie\/einbohrartikel\/materialien-fuer-wegebau\/\"},{\"@type\":\"ListItem\",\"position\":4,\"name\":\"Klemmanker Wegeabsicherung 16mm verzinkt\"}]},{\"@type\":\"WebSite\",\"@id\":\"https:\/\/bolting.eu\/en\/#website\",\"url\":\"https:\/\/bolting.eu\/en\/\",\"name\":\"bolting.eu\",\"description\":\"we make climbs happen\",\"publisher\":{\"@id\":\"https:\/\/bolting.eu\/en\/#organization\"},\"potentialAction\":[{\"@type\":\"SearchAction\",\"target\":{\"@type\":\"EntryPoint\",\"urlTemplate\":\"https:\/\/bolting.eu\/en\/?s={search_term_string}\"},\"query-input\":{\"@type\":\"PropertyValueSpecification\",\"valueRequired\":true,\"valueName\":\"search_term_string\"}}],\"inLanguage\":\"en-US\"},{\"@type\":[\"Organization\",\"Place\",\"SportingGoodsStore\"],\"@id\":\"https:\/\/bolting.eu\/en\/#organization\",\"name\":\"bolting.eu\",\"url\":\"https:\/\/bolting.eu\/en\/\",\"logo\":{\"@id\":\"https:\/\/bolting.eu\/en\/shop\/klemmanker-wegeabsicherung-16mm-verzinkt\/#local-main-organization-logo\"},\"image\":{\"@id\":\"https:\/\/bolting.eu\/en\/shop\/klemmanker-wegeabsicherung-16mm-verzinkt\/#local-main-organization-logo\"},\"sameAs\":[\"https:\/\/www.facebook.com\/bolting.eu\",\"https:\/\/www.instagram.com\/bolting.eu\/\"],\"address\":{\"@id\":\"https:\/\/bolting.eu\/en\/shop\/klemmanker-wegeabsicherung-16mm-verzinkt\/#local-main-place-address\"},\"geo\":{\"@type\":\"GeoCoordinates\",\"latitude\":\"47.264176340396226\",\"longitude\":\"11.380109057672346\"},\"telephone\":[\"+43 699 19083372\"],\"openingHoursSpecification\":[{\"@type\":\"OpeningHoursSpecification\",\"dayOfWeek\":[\"Monday\",\"Wednesday\",\"Friday\"],\"opens\":\"14:00\",\"closes\":\"18:00\"},{\"@type\":\"OpeningHoursSpecification\",\"dayOfWeek\":[\"Tuesday\",\"Thursday\",\"Saturday\",\"Sunday\"],\"opens\":\"00:00\",\"closes\":\"00:00\"}],\"email\":\"office@bolting.eu\",\"vatID\":\"ATU59999728\",\"priceRange\":\"$$\",\"currenciesAccepted\":\"Euro\"},{\"@type\":\"PostalAddress\",\"@id\":\"https:\/\/bolting.eu\/en\/shop\/klemmanker-wegeabsicherung-16mm-verzinkt\/#local-main-place-address\",\"streetAddress\":\"Fischnalerstra\u00dfe 4\",\"addressLocality\":\"Innsbruck\",\"postalCode\":\"6020\",\"addressRegion\":\"Tirol\",\"addressCountry\":\"AT\"},{\"@type\":\"ImageObject\",\"inLanguage\":\"en-US\",\"@id\":\"https:\/\/bolting.eu\/en\/shop\/klemmanker-wegeabsicherung-16mm-verzinkt\/#local-main-organization-logo\",\"url\":\"https:\/\/bolting.eu\/wp-content\/uploads\/2019\/09\/bolting-logo.png\",\"contentUrl\":\"https:\/\/bolting.eu\/wp-content\/uploads\/2019\/09\/bolting-logo.png\",\"width\":400,\"height\":211,\"caption\":\"bolting.eu\"}]}<\/script>\n<meta property=\"og:availability\" content=\"instock\" \/>\n<meta property=\"product:availability\" content=\"instock\" \/>\n<meta property=\"product:condition\" content=\"new\" \/>\n<meta name=\"geo.placename\" content=\"Innsbruck\" \/>\n<meta name=\"geo.position\" content=\"47.264176340396226;11.380109057672346\" \/>\n<meta name=\"geo.region\" content=\"Austria\" \/>\n<!-- \/ Yoast SEO Premium plugin. -->","yoast_head_json":{"title":"Klemmanker Wegeabsicherung 16mm verzinkt online kaufen | bolting.eu","description":"Hier findest Du den Klemmanker Wegeabsicherung 16mm verzinkt. Perfekt f\u00fcr Handl\u00e4ufe und Gel\u00e4nder. Jetzt beim Einbohrprofi kaufen!","robots":{"index":"index","follow":"follow","max-snippet":"max-snippet:-1","max-image-preview":"max-image-preview:large","max-video-preview":"max-video-preview:-1"},"canonical":"https:\/\/bolting.eu\/en\/shop\/klemmanker-wegeabsicherung-16mm-verzinkt\/","og_locale":"en_US","og_type":"article","og_title":"Klemmanker Wegeabsicherung 16mm verzinkt","og_description":"Hier findest Du den Klemmanker Wegeabsicherung 16mm verzinkt. Perfekt f\u00fcr Handl\u00e4ufe und Gel\u00e4nder. Jetzt beim Einbohrprofi kaufen!","og_url":"https:\/\/bolting.eu\/en\/shop\/klemmanker-wegeabsicherung-16mm-verzinkt\/","og_site_name":"bolting.eu","article_publisher":"https:\/\/www.facebook.com\/bolting.eu","article_modified_time":"2026-04-08T11:27:26+00:00","og_image":[{"width":700,"height":700,"url":"https:\/\/bolting.eu\/wp-content\/uploads\/2021\/01\/Klemmanker-Wegeabsicherung-1.jpg","type":"image\/jpeg"}],"twitter_card":"summary_large_image","twitter_misc":{"Availability":"In stock"},"schema":{"@context":"https:\/\/schema.org","@graph":[{"@type":["WebPage","ItemPage"],"@id":"https:\/\/bolting.eu\/en\/shop\/klemmanker-wegeabsicherung-16mm-verzinkt\/","url":"https:\/\/bolting.eu\/en\/shop\/klemmanker-wegeabsicherung-16mm-verzinkt\/","name":"Klemmanker Wegeabsicherung 16mm verzinkt online kaufen | bolting.eu","isPartOf":{"@id":"https:\/\/bolting.eu\/en\/#website"},"primaryImageOfPage":{"@id":"https:\/\/bolting.eu\/en\/shop\/klemmanker-wegeabsicherung-16mm-verzinkt\/#primaryimage"},"image":{"@id":"https:\/\/bolting.eu\/en\/shop\/klemmanker-wegeabsicherung-16mm-verzinkt\/#primaryimage"},"thumbnailUrl":"https:\/\/bolting.eu\/wp-content\/uploads\/2021\/01\/Klemmanker-Wegeabsicherung-1.jpg","datePublished":"2021-01-26T11:26:10+00:00","dateModified":"2026-04-08T11:27:26+00:00","description":"Hier findest Du den Klemmanker Wegeabsicherung 16mm verzinkt. Perfekt f\u00fcr Handl\u00e4ufe und Gel\u00e4nder. Jetzt beim Einbohrprofi kaufen!","breadcrumb":{"@id":"https:\/\/bolting.eu\/en\/shop\/klemmanker-wegeabsicherung-16mm-verzinkt\/#breadcrumb"},"inLanguage":"en-US","potentialAction":[{"@type":"ReadAction","target":["https:\/\/bolting.eu\/en\/shop\/klemmanker-wegeabsicherung-16mm-verzinkt\/"]}]},{"@type":"ImageObject","inLanguage":"en-US","@id":"https:\/\/bolting.eu\/en\/shop\/klemmanker-wegeabsicherung-16mm-verzinkt\/#primaryimage","url":"https:\/\/bolting.eu\/wp-content\/uploads\/2021\/01\/Klemmanker-Wegeabsicherung-1.jpg","contentUrl":"https:\/\/bolting.eu\/wp-content\/uploads\/2021\/01\/Klemmanker-Wegeabsicherung-1.jpg","width":700,"height":700,"caption":"Das Bild zeigt zwei Klemmanker Wegeabsicherung mit 16mm Durchmesser aus verzinktem Stahl."},{"@type":"BreadcrumbList","@id":"https:\/\/bolting.eu\/en\/shop\/klemmanker-wegeabsicherung-16mm-verzinkt\/#breadcrumb","itemListElement":[{"@type":"ListItem","position":1,"name":"Shop","item":"https:\/\/bolting.eu\/en\/shop\/"},{"@type":"ListItem","position":2,"name":"bolting products","item":"https:\/\/bolting.eu\/en\/produkt-kategorie\/bolting-products\/"},{"@type":"ListItem","position":3,"name":"Materialien f\u00fcr Wegebau","item":"https:\/\/bolting.eu\/produkt-kategorie\/einbohrartikel\/materialien-fuer-wegebau\/"},{"@type":"ListItem","position":4,"name":"Klemmanker Wegeabsicherung 16mm verzinkt"}]},{"@type":"WebSite","@id":"https:\/\/bolting.eu\/en\/#website","url":"https:\/\/bolting.eu\/en\/","name":"bolting.eu","description":"we make climbs happen","publisher":{"@id":"https:\/\/bolting.eu\/en\/#organization"},"potentialAction":[{"@type":"SearchAction","target":{"@type":"EntryPoint","urlTemplate":"https:\/\/bolting.eu\/en\/?s={search_term_string}"},"query-input":{"@type":"PropertyValueSpecification","valueRequired":true,"valueName":"search_term_string"}}],"inLanguage":"en-US"},{"@type":["Organization","Place","SportingGoodsStore"],"@id":"https:\/\/bolting.eu\/en\/#organization","name":"bolting.eu","url":"https:\/\/bolting.eu\/en\/","logo":{"@id":"https:\/\/bolting.eu\/en\/shop\/klemmanker-wegeabsicherung-16mm-verzinkt\/#local-main-organization-logo"},"image":{"@id":"https:\/\/bolting.eu\/en\/shop\/klemmanker-wegeabsicherung-16mm-verzinkt\/#local-main-organization-logo"},"sameAs":["https:\/\/www.facebook.com\/bolting.eu","https:\/\/www.instagram.com\/bolting.eu\/"],"address":{"@id":"https:\/\/bolting.eu\/en\/shop\/klemmanker-wegeabsicherung-16mm-verzinkt\/#local-main-place-address"},"geo":{"@type":"GeoCoordinates","latitude":"47.264176340396226","longitude":"11.380109057672346"},"telephone":["+43 699 19083372"],"openingHoursSpecification":[{"@type":"OpeningHoursSpecification","dayOfWeek":["Monday","Wednesday","Friday"],"opens":"14:00","closes":"18:00"},{"@type":"OpeningHoursSpecification","dayOfWeek":["Tuesday","Thursday","Saturday","Sunday"],"opens":"00:00","closes":"00:00"}],"email":"office@bolting.eu","vatID":"ATU59999728","priceRange":"$$","currenciesAccepted":"Euro"},{"@type":"PostalAddress","@id":"https:\/\/bolting.eu\/en\/shop\/klemmanker-wegeabsicherung-16mm-verzinkt\/#local-main-place-address","streetAddress":"Fischnalerstra\u00dfe 4","addressLocality":"Innsbruck","postalCode":"6020","addressRegion":"Tirol","addressCountry":"AT"},{"@type":"ImageObject","inLanguage":"en-US","@id":"https:\/\/bolting.eu\/en\/shop\/klemmanker-wegeabsicherung-16mm-verzinkt\/#local-main-organization-logo","url":"https:\/\/bolting.eu\/wp-content\/uploads\/2019\/09\/bolting-logo.png","contentUrl":"https:\/\/bolting.eu\/wp-content\/uploads\/2019\/09\/bolting-logo.png","width":400,"height":211,"caption":"bolting.eu"}]},"og_availability":"instock","product_availability":"instock","product_condition":"new","geo.placename":"Innsbruck","geo.position":{"lat":"47.264176340396226","long":"11.380109057672346"},"geo.region":"Austria"},"_links":{"self":[{"href":"https:\/\/bolting.eu\/en\/wp-json\/wp\/v2\/product\/7553","targetHints":{"allow":["GET"]}}],"collection":[{"href":"https:\/\/bolting.eu\/en\/wp-json\/wp\/v2\/product"}],"about":[{"href":"https:\/\/bolting.eu\/en\/wp-json\/wp\/v2\/types\/product"}],"replies":[{"embeddable":true,"href":"https:\/\/bolting.eu\/en\/wp-json\/wp\/v2\/comments?post=7553"}],"wp:featuredmedia":[{"embeddable":true,"href":"https:\/\/bolting.eu\/en\/wp-json\/wp\/v2\/media\/8450"}],"wp:attachment":[{"href":"https:\/\/bolting.eu\/en\/wp-json\/wp\/v2\/media?parent=7553"}],"wp:term":[{"taxonomy":"product_brand","embeddable":true,"href":"https:\/\/bolting.eu\/en\/wp-json\/wp\/v2\/product_brand?post=7553"},{"taxonomy":"product_cat","embeddable":true,"href":"https:\/\/bolting.eu\/en\/wp-json\/wp\/v2\/product_cat?post=7553"},{"taxonomy":"product_tag","embeddable":true,"href":"https:\/\/bolting.eu\/en\/wp-json\/wp\/v2\/product_tag?post=7553"}],"curies":[{"name":"wp","href":"https:\/\/api.w.org\/{rel}","templated":true}]}}