{"id":7537,"date":"2021-01-25T19:54:22","date_gmt":"2021-01-25T18:54:22","guid":{"rendered":"https:\/\/bolting.eu\/?post_type=product&#038;p=7537"},"modified":"2025-10-08T08:22:05","modified_gmt":"2025-10-08T06:22:05","slug":"drahtseil-kreuzverbindung","status":"publish","type":"product","link":"https:\/\/bolting.eu\/en\/shop\/drahtseil-kreuzverbindung\/","title":{"rendered":"Drahtseil Kreuzverbindung"},"content":{"rendered":"<p>Diese Drahtseil Kreuzverbindung ist f\u00fcr das Fixieren von Stahlseilen &#8220;\u00fcber Kreuz&#8221; gedacht. Dieses Produkt ist folglich essentiell f\u00fcr den <a href=\"https:\/\/bolting.eu\/klettersteig-bau\/\">Klettersteigbau<\/a> bei Tibetan Bridges. Denn dieses Teil fixiert das &#8220;Fu\u00df-Drahtseil&#8221; mit den Handl\u00e4ufen und sorgt so f\u00fcr erh\u00f6hte Stabilit\u00e4t bzw. Lastenverteilung.<\/p>\n<p>Kurzum. Wer eine Klettersteigbr\u00fccke bzw. Tibetan Bridge bauen will, kommt um dieses Bauteil nicht herum!<\/p>\n<h3>Eigenschaften Drahtseil Kreuzverbindung<\/h3>\n<ul>\n<li>Hersteller: <a href=\"https:\/\/bolting.eu\/produkt-kategorie\/vertical-evolution\/\">Vertical Evolution<\/a><\/li>\n<li>Material: verzinkter Stahl<\/li>\n<li>inklusive Drahtseilklemmen<\/li>\n<li>Ma\u00dfe: ca. 5 x 5cm<\/li>\n<li>Gewicht: ca. 180 Gramm<\/li>\n<li>passendes Zubeh\u00f6r f\u00fcr &#8220;Handlauf Verbindungsst\u00fcck&#8221;<\/li>\n<li>f\u00fcr 10mm bis 16mm Drahtseile<\/li>\n<li>auf Anfrage auch in AISI 304L = A2 Edelstahl<\/li>\n<\/ul>\n<h3>Anzugsdrehmoment beachten<\/h3>\n<p>Beachtet! Je nach Seildurchmesser sollten die Drahtseilklemmen mit einem ganz bestimmten Drehmoment festgezogen werden.<\/p>\n<table width=\"204\">\n<tbody>\n<tr>\n<td style=\"text-align: center;\" width=\"117\"><strong>Seildurchmesser<\/strong><\/td>\n<td style=\"text-align: center;\" width=\"87\"><strong>Drehmoment<\/strong><\/td>\n<\/tr>\n<tr>\n<td style=\"text-align: center;\">10mm<\/td>\n<td style=\"text-align: center;\">9Nm<\/td>\n<\/tr>\n<tr>\n<td style=\"text-align: center;\">12mm<\/td>\n<td style=\"text-align: center;\">20Nm<\/td>\n<\/tr>\n<tr>\n<td style=\"text-align: center;\">14mm<\/td>\n<td style=\"text-align: center;\">33Nm<\/td>\n<\/tr>\n<tr>\n<td style=\"text-align: center;\">16mm<\/td>\n<td style=\"text-align: center;\">40Nm<\/td>\n<\/tr>\n<\/tbody>\n<\/table>\n<h4><strong>Link Tipp Klettersteig H\u00e4ngebr\u00fccke Trittblech\u00a0<\/strong><\/h4>\n<p>F\u00fcr alle die eine solche Br\u00fccke bzw. Klettersteige bauen wollen, empfehlen wir das Klettersteig Handbuch des <a href=\"https:\/\/www.alpinesicherheit.at\/\" target=\"_blank\" rel=\"noopener\">Kuratoriums f\u00fcr alpine Sicherheit<\/a>.<\/p>\n","protected":false},"excerpt":{"rendered":"<ul>\n<li>Hersteller: Vertical Evolution<\/li>\n<li>Material: verzinkter Stahl<\/li>\n<li>inklusive Drahtseilklemmen<\/li>\n<li>Ma\u00dfe: ca. 5 x 5cm<\/li>\n<li>Gewicht: ca. 180 Gramm<\/li>\n<li>passendes Zubeh\u00f6r f\u00fcr &#8220;Handlauf Verbindungsst\u00fcck&#8221;<\/li>\n<li>f\u00fcr 10mm bis 16mm Drahtseile<\/li>\n<li>auf Anfrage auch in AISI 304L = A2 Edelstahl<\/li>\n<\/ul>\n","protected":false},"featured_media":7538,"comment_status":"open","ping_status":"closed","template":"","meta":[],"product_brand":[],"product_cat":[260,482,1210],"product_tag":[1870],"class_list":{"0":"post-7537","1":"product","2":"type-product","3":"status-publish","4":"has-post-thumbnail","6":"product_cat-material-fuer-klettersteigbau","7":"product_cat-vertical-evolution","8":"product_cat-einbohrartikel","9":"product_tag-tibetan-bridge","11":"first","12":"instock","13":"taxable","14":"shipping-taxable","15":"purchasable","16":"product-type-simple"},"yoast_head":"<!-- This site is optimized with the Yoast SEO Premium plugin v26.9 (Yoast SEO v26.9) - https:\/\/yoast.com\/product\/yoast-seo-premium-wordpress\/ -->\n<title>Drahtseil Kreuzverbindung f\u00fcr Tibetan Bridge kaufen | bolting.eu<\/title>\n<meta name=\"description\" content=\"Hier findest Du die Drahtseil Kreuzverbindung verzinkt f\u00fcr den Bau einer Tibetan Bridge. Jetzt beim Einbohrprofi kaufen!\" \/>\n<meta name=\"robots\" content=\"index, follow, max-snippet:-1, max-image-preview:large, max-video-preview:-1\" \/>\n<link rel=\"canonical\" href=\"https:\/\/bolting.eu\/en\/shop\/drahtseil-kreuzverbindung\/\" \/>\n<meta property=\"og:locale\" content=\"en_US\" \/>\n<meta property=\"og:type\" content=\"article\" \/>\n<meta property=\"og:title\" content=\"Drahtseil Kreuzverbindung\" \/>\n<meta property=\"og:description\" content=\"Hier findest Du die Drahtseil Kreuzverbindung verzinkt f\u00fcr den Bau einer Tibetan Bridge. Jetzt beim Einbohrprofi kaufen!\" \/>\n<meta property=\"og:url\" content=\"https:\/\/bolting.eu\/en\/shop\/drahtseil-kreuzverbindung\/\" \/>\n<meta property=\"og:site_name\" content=\"bolting.eu\" \/>\n<meta property=\"article:publisher\" content=\"https:\/\/www.facebook.com\/bolting.eu\" \/>\n<meta property=\"article:modified_time\" content=\"2025-10-08T06:22:05+00:00\" \/>\n<meta property=\"og:image\" content=\"https:\/\/bolting.eu\/wp-content\/uploads\/2021\/01\/Klettersteig-Ha\u0308ngebru\u0308cke-Kreuzstu\u0308ck-Fussseil.jpg\" \/>\n\t<meta property=\"og:image:width\" content=\"700\" \/>\n\t<meta property=\"og:image:height\" content=\"700\" \/>\n\t<meta property=\"og:image:type\" content=\"image\/jpeg\" \/>\n<meta name=\"twitter:card\" content=\"summary_large_image\" \/>\n<meta name=\"twitter:label1\" content=\"Price\" \/>\n\t<meta name=\"twitter:data1\" content=\"&euro;&nbsp;8,90\" \/>\n\t<meta name=\"twitter:label2\" content=\"Availability\" \/>\n\t<meta name=\"twitter:data2\" content=\"In stock\" \/>\n<script type=\"application\/ld+json\" class=\"yoast-schema-graph\">{\"@context\":\"https:\/\/schema.org\",\"@graph\":[{\"@type\":[\"WebPage\",\"ItemPage\"],\"@id\":\"https:\/\/bolting.eu\/en\/shop\/drahtseil-kreuzverbindung\/\",\"url\":\"https:\/\/bolting.eu\/en\/shop\/drahtseil-kreuzverbindung\/\",\"name\":\"Drahtseil Kreuzverbindung f\u00fcr Tibetan Bridge kaufen | bolting.eu\",\"isPartOf\":{\"@id\":\"https:\/\/bolting.eu\/en\/#website\"},\"primaryImageOfPage\":{\"@id\":\"https:\/\/bolting.eu\/en\/shop\/drahtseil-kreuzverbindung\/#primaryimage\"},\"image\":{\"@id\":\"https:\/\/bolting.eu\/en\/shop\/drahtseil-kreuzverbindung\/#primaryimage\"},\"thumbnailUrl\":\"https:\/\/bolting.eu\/wp-content\/uploads\/2021\/01\/Klettersteig-Ha\u0308ngebru\u0308cke-Kreuzstu\u0308ck-Fussseil.jpg\",\"datePublished\":\"2021-01-25T18:54:22+00:00\",\"dateModified\":\"2025-10-08T06:22:05+00:00\",\"description\":\"Hier findest Du die Drahtseil Kreuzverbindung verzinkt f\u00fcr den Bau einer Tibetan Bridge. Jetzt beim Einbohrprofi kaufen!\",\"breadcrumb\":{\"@id\":\"https:\/\/bolting.eu\/en\/shop\/drahtseil-kreuzverbindung\/#breadcrumb\"},\"inLanguage\":\"en-US\",\"potentialAction\":[{\"@type\":\"ReadAction\",\"target\":[\"https:\/\/bolting.eu\/en\/shop\/drahtseil-kreuzverbindung\/\"]}]},{\"@type\":\"ImageObject\",\"inLanguage\":\"en-US\",\"@id\":\"https:\/\/bolting.eu\/en\/shop\/drahtseil-kreuzverbindung\/#primaryimage\",\"url\":\"https:\/\/bolting.eu\/wp-content\/uploads\/2021\/01\/Klettersteig-Ha\u0308ngebru\u0308cke-Kreuzstu\u0308ck-Fussseil.jpg\",\"contentUrl\":\"https:\/\/bolting.eu\/wp-content\/uploads\/2021\/01\/Klettersteig-Ha\u0308ngebru\u0308cke-Kreuzstu\u0308ck-Fussseil.jpg\",\"width\":700,\"height\":700,\"caption\":\"Das Bild zeigt eine Drahtseil Kreuzverbindung f\u00fcr den Klettersteigbau.\"},{\"@type\":\"BreadcrumbList\",\"@id\":\"https:\/\/bolting.eu\/en\/shop\/drahtseil-kreuzverbindung\/#breadcrumb\",\"itemListElement\":[{\"@type\":\"ListItem\",\"position\":1,\"name\":\"Shop\",\"item\":\"https:\/\/bolting.eu\/en\/shop\/\"},{\"@type\":\"ListItem\",\"position\":2,\"name\":\"bolting products\",\"item\":\"https:\/\/bolting.eu\/en\/produkt-kategorie\/bolting-products\/\"},{\"@type\":\"ListItem\",\"position\":3,\"name\":\"Material f\u00fcr Klettersteigbau\",\"item\":\"https:\/\/bolting.eu\/produkt-kategorie\/einbohrartikel\/material-fuer-klettersteigbau\/\"},{\"@type\":\"ListItem\",\"position\":4,\"name\":\"Drahtseil Kreuzverbindung\"}]},{\"@type\":\"WebSite\",\"@id\":\"https:\/\/bolting.eu\/en\/#website\",\"url\":\"https:\/\/bolting.eu\/en\/\",\"name\":\"bolting.eu\",\"description\":\"we make climbs happen\",\"publisher\":{\"@id\":\"https:\/\/bolting.eu\/en\/#organization\"},\"potentialAction\":[{\"@type\":\"SearchAction\",\"target\":{\"@type\":\"EntryPoint\",\"urlTemplate\":\"https:\/\/bolting.eu\/en\/?s={search_term_string}\"},\"query-input\":{\"@type\":\"PropertyValueSpecification\",\"valueRequired\":true,\"valueName\":\"search_term_string\"}}],\"inLanguage\":\"en-US\"},{\"@type\":[\"Organization\",\"Place\",\"SportingGoodsStore\"],\"@id\":\"https:\/\/bolting.eu\/en\/#organization\",\"name\":\"bolting.eu\",\"url\":\"https:\/\/bolting.eu\/en\/\",\"logo\":{\"@id\":\"https:\/\/bolting.eu\/en\/shop\/drahtseil-kreuzverbindung\/#local-main-organization-logo\"},\"image\":{\"@id\":\"https:\/\/bolting.eu\/en\/shop\/drahtseil-kreuzverbindung\/#local-main-organization-logo\"},\"sameAs\":[\"https:\/\/www.facebook.com\/bolting.eu\",\"https:\/\/www.instagram.com\/bolting.eu\/\"],\"address\":{\"@id\":\"https:\/\/bolting.eu\/en\/shop\/drahtseil-kreuzverbindung\/#local-main-place-address\"},\"geo\":{\"@type\":\"GeoCoordinates\",\"latitude\":\"47.264176340396226\",\"longitude\":\"11.380109057672346\"},\"telephone\":[\"+43 699 19083372\"],\"openingHoursSpecification\":[{\"@type\":\"OpeningHoursSpecification\",\"dayOfWeek\":[\"Monday\",\"Wednesday\",\"Friday\"],\"opens\":\"14:00\",\"closes\":\"18:00\"},{\"@type\":\"OpeningHoursSpecification\",\"dayOfWeek\":[\"Tuesday\",\"Thursday\",\"Saturday\",\"Sunday\"],\"opens\":\"00:00\",\"closes\":\"00:00\"}],\"email\":\"office@bolting.eu\",\"vatID\":\"ATU59999728\",\"priceRange\":\"$$\",\"currenciesAccepted\":\"Euro\"},{\"@type\":\"PostalAddress\",\"@id\":\"https:\/\/bolting.eu\/en\/shop\/drahtseil-kreuzverbindung\/#local-main-place-address\",\"streetAddress\":\"Fischnalerstra\u00dfe 4\",\"addressLocality\":\"Innsbruck\",\"postalCode\":\"6020\",\"addressRegion\":\"Tirol\",\"addressCountry\":\"AT\"},{\"@type\":\"ImageObject\",\"inLanguage\":\"en-US\",\"@id\":\"https:\/\/bolting.eu\/en\/shop\/drahtseil-kreuzverbindung\/#local-main-organization-logo\",\"url\":\"https:\/\/bolting.eu\/wp-content\/uploads\/2019\/09\/bolting-logo.png\",\"contentUrl\":\"https:\/\/bolting.eu\/wp-content\/uploads\/2019\/09\/bolting-logo.png\",\"width\":400,\"height\":211,\"caption\":\"bolting.eu\"}]}<\/script>\n<meta property=\"product:price:amount\" content=\"8.90\" \/>\n<meta property=\"product:price:currency\" content=\"EUR\" \/>\n<meta property=\"og:availability\" content=\"instock\" \/>\n<meta property=\"product:availability\" content=\"instock\" \/>\n<meta property=\"product:retailer_item_id\" content=\"VE472F\" \/>\n<meta property=\"product:condition\" content=\"new\" \/>\n<meta name=\"geo.placename\" content=\"Innsbruck\" \/>\n<meta name=\"geo.position\" content=\"47.264176340396226;11.380109057672346\" \/>\n<meta name=\"geo.region\" content=\"Austria\" \/>\n<!-- \/ Yoast SEO Premium plugin. -->","yoast_head_json":{"title":"Drahtseil Kreuzverbindung f\u00fcr Tibetan Bridge kaufen | bolting.eu","description":"Hier findest Du die Drahtseil Kreuzverbindung verzinkt f\u00fcr den Bau einer Tibetan Bridge. Jetzt beim Einbohrprofi kaufen!","robots":{"index":"index","follow":"follow","max-snippet":"max-snippet:-1","max-image-preview":"max-image-preview:large","max-video-preview":"max-video-preview:-1"},"canonical":"https:\/\/bolting.eu\/en\/shop\/drahtseil-kreuzverbindung\/","og_locale":"en_US","og_type":"article","og_title":"Drahtseil Kreuzverbindung","og_description":"Hier findest Du die Drahtseil Kreuzverbindung verzinkt f\u00fcr den Bau einer Tibetan Bridge. Jetzt beim Einbohrprofi kaufen!","og_url":"https:\/\/bolting.eu\/en\/shop\/drahtseil-kreuzverbindung\/","og_site_name":"bolting.eu","article_publisher":"https:\/\/www.facebook.com\/bolting.eu","article_modified_time":"2025-10-08T06:22:05+00:00","og_image":[{"width":700,"height":700,"url":"https:\/\/bolting.eu\/wp-content\/uploads\/2021\/01\/Klettersteig-Ha\u0308ngebru\u0308cke-Kreuzstu\u0308ck-Fussseil.jpg","type":"image\/jpeg"}],"twitter_card":"summary_large_image","twitter_misc":{"Price":"&euro;&nbsp;8,90","Availability":"In stock"},"schema":{"@context":"https:\/\/schema.org","@graph":[{"@type":["WebPage","ItemPage"],"@id":"https:\/\/bolting.eu\/en\/shop\/drahtseil-kreuzverbindung\/","url":"https:\/\/bolting.eu\/en\/shop\/drahtseil-kreuzverbindung\/","name":"Drahtseil Kreuzverbindung f\u00fcr Tibetan Bridge kaufen | bolting.eu","isPartOf":{"@id":"https:\/\/bolting.eu\/en\/#website"},"primaryImageOfPage":{"@id":"https:\/\/bolting.eu\/en\/shop\/drahtseil-kreuzverbindung\/#primaryimage"},"image":{"@id":"https:\/\/bolting.eu\/en\/shop\/drahtseil-kreuzverbindung\/#primaryimage"},"thumbnailUrl":"https:\/\/bolting.eu\/wp-content\/uploads\/2021\/01\/Klettersteig-Ha\u0308ngebru\u0308cke-Kreuzstu\u0308ck-Fussseil.jpg","datePublished":"2021-01-25T18:54:22+00:00","dateModified":"2025-10-08T06:22:05+00:00","description":"Hier findest Du die Drahtseil Kreuzverbindung verzinkt f\u00fcr den Bau einer Tibetan Bridge. Jetzt beim Einbohrprofi kaufen!","breadcrumb":{"@id":"https:\/\/bolting.eu\/en\/shop\/drahtseil-kreuzverbindung\/#breadcrumb"},"inLanguage":"en-US","potentialAction":[{"@type":"ReadAction","target":["https:\/\/bolting.eu\/en\/shop\/drahtseil-kreuzverbindung\/"]}]},{"@type":"ImageObject","inLanguage":"en-US","@id":"https:\/\/bolting.eu\/en\/shop\/drahtseil-kreuzverbindung\/#primaryimage","url":"https:\/\/bolting.eu\/wp-content\/uploads\/2021\/01\/Klettersteig-Ha\u0308ngebru\u0308cke-Kreuzstu\u0308ck-Fussseil.jpg","contentUrl":"https:\/\/bolting.eu\/wp-content\/uploads\/2021\/01\/Klettersteig-Ha\u0308ngebru\u0308cke-Kreuzstu\u0308ck-Fussseil.jpg","width":700,"height":700,"caption":"Das Bild zeigt eine Drahtseil Kreuzverbindung f\u00fcr den Klettersteigbau."},{"@type":"BreadcrumbList","@id":"https:\/\/bolting.eu\/en\/shop\/drahtseil-kreuzverbindung\/#breadcrumb","itemListElement":[{"@type":"ListItem","position":1,"name":"Shop","item":"https:\/\/bolting.eu\/en\/shop\/"},{"@type":"ListItem","position":2,"name":"bolting products","item":"https:\/\/bolting.eu\/en\/produkt-kategorie\/bolting-products\/"},{"@type":"ListItem","position":3,"name":"Material f\u00fcr Klettersteigbau","item":"https:\/\/bolting.eu\/produkt-kategorie\/einbohrartikel\/material-fuer-klettersteigbau\/"},{"@type":"ListItem","position":4,"name":"Drahtseil Kreuzverbindung"}]},{"@type":"WebSite","@id":"https:\/\/bolting.eu\/en\/#website","url":"https:\/\/bolting.eu\/en\/","name":"bolting.eu","description":"we make climbs happen","publisher":{"@id":"https:\/\/bolting.eu\/en\/#organization"},"potentialAction":[{"@type":"SearchAction","target":{"@type":"EntryPoint","urlTemplate":"https:\/\/bolting.eu\/en\/?s={search_term_string}"},"query-input":{"@type":"PropertyValueSpecification","valueRequired":true,"valueName":"search_term_string"}}],"inLanguage":"en-US"},{"@type":["Organization","Place","SportingGoodsStore"],"@id":"https:\/\/bolting.eu\/en\/#organization","name":"bolting.eu","url":"https:\/\/bolting.eu\/en\/","logo":{"@id":"https:\/\/bolting.eu\/en\/shop\/drahtseil-kreuzverbindung\/#local-main-organization-logo"},"image":{"@id":"https:\/\/bolting.eu\/en\/shop\/drahtseil-kreuzverbindung\/#local-main-organization-logo"},"sameAs":["https:\/\/www.facebook.com\/bolting.eu","https:\/\/www.instagram.com\/bolting.eu\/"],"address":{"@id":"https:\/\/bolting.eu\/en\/shop\/drahtseil-kreuzverbindung\/#local-main-place-address"},"geo":{"@type":"GeoCoordinates","latitude":"47.264176340396226","longitude":"11.380109057672346"},"telephone":["+43 699 19083372"],"openingHoursSpecification":[{"@type":"OpeningHoursSpecification","dayOfWeek":["Monday","Wednesday","Friday"],"opens":"14:00","closes":"18:00"},{"@type":"OpeningHoursSpecification","dayOfWeek":["Tuesday","Thursday","Saturday","Sunday"],"opens":"00:00","closes":"00:00"}],"email":"office@bolting.eu","vatID":"ATU59999728","priceRange":"$$","currenciesAccepted":"Euro"},{"@type":"PostalAddress","@id":"https:\/\/bolting.eu\/en\/shop\/drahtseil-kreuzverbindung\/#local-main-place-address","streetAddress":"Fischnalerstra\u00dfe 4","addressLocality":"Innsbruck","postalCode":"6020","addressRegion":"Tirol","addressCountry":"AT"},{"@type":"ImageObject","inLanguage":"en-US","@id":"https:\/\/bolting.eu\/en\/shop\/drahtseil-kreuzverbindung\/#local-main-organization-logo","url":"https:\/\/bolting.eu\/wp-content\/uploads\/2019\/09\/bolting-logo.png","contentUrl":"https:\/\/bolting.eu\/wp-content\/uploads\/2019\/09\/bolting-logo.png","width":400,"height":211,"caption":"bolting.eu"}]},"product_price_amount":"8.90","product_price_currency":"EUR","og_availability":"instock","product_availability":"instock","product_retailer_item_id":"VE472F","product_condition":"new","geo.placename":"Innsbruck","geo.position":{"lat":"47.264176340396226","long":"11.380109057672346"},"geo.region":"Austria"},"_links":{"self":[{"href":"https:\/\/bolting.eu\/en\/wp-json\/wp\/v2\/product\/7537","targetHints":{"allow":["GET"]}}],"collection":[{"href":"https:\/\/bolting.eu\/en\/wp-json\/wp\/v2\/product"}],"about":[{"href":"https:\/\/bolting.eu\/en\/wp-json\/wp\/v2\/types\/product"}],"replies":[{"embeddable":true,"href":"https:\/\/bolting.eu\/en\/wp-json\/wp\/v2\/comments?post=7537"}],"wp:featuredmedia":[{"embeddable":true,"href":"https:\/\/bolting.eu\/en\/wp-json\/wp\/v2\/media\/7538"}],"wp:attachment":[{"href":"https:\/\/bolting.eu\/en\/wp-json\/wp\/v2\/media?parent=7537"}],"wp:term":[{"taxonomy":"product_brand","embeddable":true,"href":"https:\/\/bolting.eu\/en\/wp-json\/wp\/v2\/product_brand?post=7537"},{"taxonomy":"product_cat","embeddable":true,"href":"https:\/\/bolting.eu\/en\/wp-json\/wp\/v2\/product_cat?post=7537"},{"taxonomy":"product_tag","embeddable":true,"href":"https:\/\/bolting.eu\/en\/wp-json\/wp\/v2\/product_tag?post=7537"}],"curies":[{"name":"wp","href":"https:\/\/api.w.org\/{rel}","templated":true}]}}