{"id":7534,"date":"2021-01-25T19:37:21","date_gmt":"2021-01-25T18:37:21","guid":{"rendered":"https:\/\/bolting.eu\/?post_type=product&#038;p=7534"},"modified":"2021-01-28T12:23:11","modified_gmt":"2021-01-28T11:23:11","slug":"handlauf-verbindungsstueck-verzinkt","status":"publish","type":"product","link":"https:\/\/bolting.eu\/en\/shop\/handlauf-verbindungsstueck-verzinkt\/","title":{"rendered":"Handlauf Verbindungsst\u00fcck verzinkt"},"content":{"rendered":"<p>Das Handlauf Verbindungsst\u00fcck ist zum zus\u00e4tzlichen Fixieren der Trageseile einer H\u00e4ngebr\u00fccke gedacht. Es ist daher ein notwendiges Zubeh\u00f6r beim <a href=\"https:\/\/bolting.eu\/klettersteig-bau\/\">Klettersteigbau<\/a>, wenn man eine Br\u00fccke baut.<\/p>\n<p>Zum einen vielleicht eine H\u00e4ngebr\u00fccke mit unseren Trittblechen. Oder zum anderen aber auch eine Tibetan Bridge mit dem Kreuz-Verbindungsst\u00fcck.<\/p>\n<p>Egal wof\u00fcr ihr euch entscheidet. Dieses Verbindungsst\u00fcck hilft dabei, die durchh\u00e4ngenden U-Drahtseilst\u00fccke von einem Handlauf zum anderen zu fixieren.<\/p>\n<h3>Eigenschaften Handlauf Verbindungsst\u00fcck<\/h3>\n<ul>\n<li>Hersteller: <a href=\"https:\/\/bolting.eu\/produkt-kategorie\/vertical-evolution\/\">Vertical Evolution<\/a><\/li>\n<li>Material: verzinkter Stahl<\/li>\n<li>inkl. 3 Stk. Drahtseilklemmen<\/li>\n<li>Gewicht: 220 Gramm<\/li>\n<li>Gr\u00f6\u00dfe: ca. 5 x 10cm<\/li>\n<li>f\u00fcr 10mm bis 16mm Seile<\/li>\n<li>auf Wunsch auch in AISI 304L = A2 Edelstahl<\/li>\n<li>passendes Zubeh\u00f6r f\u00fcr &#8220;Trittblech stabil&#8221;<\/li>\n<\/ul>\n<h3>F\u00fcr erh\u00f6hte Stabilit\u00e4t und Tragf\u00e4higkeit<\/h3>\n<p>Das Handlauf Verbindungsst\u00fcck dient zur Fixierung der U-f\u00f6rmigen Drahtseilst\u00fccke am Handlauf.<\/p>\n<p>Zum einen kann es dann am tiefsten Punkt mit einer Drahtseil Kreuzverbindung an einem Drahtseil befestigt werden. Folglich muss man bei dieser Art von Br\u00fccke, auch Tibetan Bridge genannt, am Drahtseil balancieren bzw. steigen.<\/p>\n<figure id=\"attachment_7536\" aria-describedby=\"caption-attachment-7536\" style=\"width: 700px\" class=\"wp-caption alignnone\"><a href=\"https:\/\/bolting.eu\/wp-content\/uploads\/2021\/01\/Klettersteig-Ha\u0308ngebru\u0308cke-Tibetan-Bridge-1.jpg\"><img loading=\"lazy\" decoding=\"async\" class=\"wp-image-7536 size-full\" src=\"https:\/\/bolting.eu\/wp-content\/uploads\/2021\/01\/Klettersteig-Ha\u0308ngebru\u0308cke-Tibetan-Bridge-1.jpg\" alt=\"Das Bild zeigt eine Tibetan Bridge \u00fcber eine Schlucht an einem Klettersteig.\" width=\"700\" height=\"700\" srcset=\"https:\/\/bolting.eu\/wp-content\/uploads\/2021\/01\/Klettersteig-Ha\u0308ngebru\u0308cke-Tibetan-Bridge-1.jpg 700w, https:\/\/bolting.eu\/wp-content\/uploads\/2021\/01\/Klettersteig-Ha\u0308ngebru\u0308cke-Tibetan-Bridge-1-247x247.jpg 247w, https:\/\/bolting.eu\/wp-content\/uploads\/2021\/01\/Klettersteig-Ha\u0308ngebru\u0308cke-Tibetan-Bridge-1-100x100.jpg 100w, https:\/\/bolting.eu\/wp-content\/uploads\/2021\/01\/Klettersteig-Ha\u0308ngebru\u0308cke-Tibetan-Bridge-1-510x510.jpg 510w, https:\/\/bolting.eu\/wp-content\/uploads\/2021\/01\/Klettersteig-Ha\u0308ngebru\u0308cke-Tibetan-Bridge-1-400x400.jpg 400w, https:\/\/bolting.eu\/wp-content\/uploads\/2021\/01\/Klettersteig-Ha\u0308ngebru\u0308cke-Tibetan-Bridge-1-280x280.jpg 280w, https:\/\/bolting.eu\/wp-content\/uploads\/2021\/01\/Klettersteig-Ha\u0308ngebru\u0308cke-Tibetan-Bridge-1-300x300.jpg 300w, https:\/\/bolting.eu\/wp-content\/uploads\/2021\/01\/Klettersteig-Ha\u0308ngebru\u0308cke-Tibetan-Bridge-1-600x600.jpg 600w\" sizes=\"auto, (max-width: 700px) 100vw, 700px\" \/><\/a><figcaption id=\"caption-attachment-7536\" class=\"wp-caption-text\">Die Verwendung des Verbindungsst\u00fcck bei einer von uns errichteten Tibetan Bridge.<\/figcaption><\/figure>\n<p>Zum anderen k\u00f6nnen die Drahseilst\u00fccke aber auch unter dem Trittblech Stabil durchgef\u00fchrt werden. In diesem Fall werden zwei Tragseile f\u00fcr die Trittbleche ben\u00f6tigt. Wir empfehlen das &#8220;Abspannen&#8221; mit diesem Verbindungsst\u00fcck bei jedem 3. oder mindestens 4. Trittblech.<\/p>\n<p><a href=\"https:\/\/bolting.eu\/wp-content\/uploads\/2021\/01\/Ha\u0308ngebru\u0308cke-Klettersteig.jpg\"><img loading=\"lazy\" decoding=\"async\" class=\"alignnone wp-image-7531 size-full\" src=\"https:\/\/bolting.eu\/wp-content\/uploads\/2021\/01\/Ha\u0308ngebru\u0308cke-Klettersteig.jpg\" alt=\"Die Verwendung des Verbindungsst\u00fcck bei einer von uns errichteten H\u00e4ngebr\u00fccke.\" width=\"700\" height=\"700\" srcset=\"https:\/\/bolting.eu\/wp-content\/uploads\/2021\/01\/Ha\u0308ngebru\u0308cke-Klettersteig.jpg 700w, https:\/\/bolting.eu\/wp-content\/uploads\/2021\/01\/Ha\u0308ngebru\u0308cke-Klettersteig-247x247.jpg 247w, https:\/\/bolting.eu\/wp-content\/uploads\/2021\/01\/Ha\u0308ngebru\u0308cke-Klettersteig-100x100.jpg 100w, https:\/\/bolting.eu\/wp-content\/uploads\/2021\/01\/Ha\u0308ngebru\u0308cke-Klettersteig-510x510.jpg 510w, https:\/\/bolting.eu\/wp-content\/uploads\/2021\/01\/Ha\u0308ngebru\u0308cke-Klettersteig-400x400.jpg 400w, https:\/\/bolting.eu\/wp-content\/uploads\/2021\/01\/Ha\u0308ngebru\u0308cke-Klettersteig-280x280.jpg 280w, https:\/\/bolting.eu\/wp-content\/uploads\/2021\/01\/Ha\u0308ngebru\u0308cke-Klettersteig-300x300.jpg 300w, https:\/\/bolting.eu\/wp-content\/uploads\/2021\/01\/Ha\u0308ngebru\u0308cke-Klettersteig-600x600.jpg 600w\" sizes=\"auto, (max-width: 700px) 100vw, 700px\" \/><\/a><\/p>\n<h3>Anzugsdrehmoment beachten<\/h3>\n<p>Beachtet! Je nach Seildurchmesser sollten die Drahtseilklemmen mit einem ganz bestimmten Drehmoment festgezogen werden.<\/p>\n<table width=\"204\">\n<tbody>\n<tr>\n<td style=\"text-align: center;\" width=\"117\"><strong>Seildurchmesser<\/strong><\/td>\n<td style=\"text-align: center;\" width=\"87\"><strong>Drehmoment<\/strong><\/td>\n<\/tr>\n<tr>\n<td style=\"text-align: center;\">10mm<\/td>\n<td style=\"text-align: center;\">9Nm<\/td>\n<\/tr>\n<tr>\n<td style=\"text-align: center;\">12mm<\/td>\n<td style=\"text-align: center;\">20Nm<\/td>\n<\/tr>\n<tr>\n<td style=\"text-align: center;\">14mm<\/td>\n<td style=\"text-align: center;\">33Nm<\/td>\n<\/tr>\n<tr>\n<td style=\"text-align: center;\">16mm<\/td>\n<td style=\"text-align: center;\">40Nm<\/td>\n<\/tr>\n<\/tbody>\n<\/table>\n<h4><strong>Link Tipp<\/strong><\/h4>\n<div class=\"product-section\">\n<div class=\"row\">\n<div class=\"large-10 col pb-0 mb-0\">\n<div class=\"panel entry-content\">\n<p>F\u00fcr alle die eine solche Br\u00fccke bzw. Klettersteige bauen wollen, empfehlen wir das Klettersteig Handbuch des <a href=\"https:\/\/www.alpinesicherheit.at\/\" target=\"_blank\" rel=\"noopener\">Kuratoriums f\u00fcr alpine Sicherheit<\/a>.<\/p>\n<\/div>\n<\/div>\n<\/div>\n<\/div>\n","protected":false},"excerpt":{"rendered":"<ul>\n<li>Hersteller: Vertical Evolution<\/li>\n<li>Material: verzinkter Stahl<\/li>\n<li>inkl. 3 Stk. Drahtseilklemmen<\/li>\n<li>Gewicht: 220 Gramm<\/li>\n<li>Gr\u00f6\u00dfe: ca. 5 x 10cm<\/li>\n<li>f\u00fcr 10mm bis 16mm Seile<\/li>\n<li>auf Wunsch auch in AISI 304L = A2 Edelstahl<\/li>\n<li>passendes Zubeh\u00f6r f\u00fcr &#8220;Trittblech stabil&#8221;<\/li>\n<\/ul>\n","protected":false},"featured_media":7535,"comment_status":"open","ping_status":"closed","template":"","meta":[],"product_brand":[],"product_cat":[1210,260,482],"product_tag":[1870],"class_list":{"0":"post-7534","1":"product","2":"type-product","3":"status-publish","4":"has-post-thumbnail","6":"product_cat-einbohrartikel","7":"product_cat-material-fuer-klettersteigbau","8":"product_cat-vertical-evolution","9":"product_tag-tibetan-bridge","11":"first","12":"instock","13":"taxable","14":"shipping-taxable","15":"purchasable","16":"product-type-simple"},"yoast_head":"<!-- This site is optimized with the Yoast SEO Premium plugin v26.9 (Yoast SEO v26.9) - https:\/\/yoast.com\/product\/yoast-seo-premium-wordpress\/ -->\n<title>Handlauf Verbindungsst\u00fcck verzinkt f\u00fcr Klettersteigbr\u00fccken | bolting.eu<\/title>\n<meta name=\"description\" content=\"Hier findest Du das Handlauf Verbindungsst\u00fcck verzinkt f\u00fcr Klettersteigbr\u00fccken. Perfekt um eine Tibetan Bridge zu bauen!\" \/>\n<meta name=\"robots\" content=\"index, follow, max-snippet:-1, max-image-preview:large, max-video-preview:-1\" \/>\n<link rel=\"canonical\" href=\"https:\/\/bolting.eu\/en\/shop\/handlauf-verbindungsstueck-verzinkt\/\" \/>\n<meta property=\"og:locale\" content=\"en_US\" \/>\n<meta property=\"og:type\" content=\"article\" \/>\n<meta property=\"og:title\" content=\"Handlauf Verbindungsst\u00fcck verzinkt\" \/>\n<meta property=\"og:description\" content=\"Hier findest Du das Handlauf Verbindungsst\u00fcck verzinkt f\u00fcr Klettersteigbr\u00fccken. Perfekt um eine Tibetan Bridge zu bauen!\" \/>\n<meta property=\"og:url\" content=\"https:\/\/bolting.eu\/en\/shop\/handlauf-verbindungsstueck-verzinkt\/\" \/>\n<meta property=\"og:site_name\" content=\"bolting.eu\" \/>\n<meta property=\"article:publisher\" content=\"https:\/\/www.facebook.com\/bolting.eu\" \/>\n<meta property=\"article:modified_time\" content=\"2021-01-28T11:23:11+00:00\" \/>\n<meta property=\"og:image\" content=\"https:\/\/bolting.eu\/wp-content\/uploads\/2021\/01\/Klettersteig-Ha\u0308ngebru\u0308cke-Seilgela\u0308nderverbindung-1.jpg\" \/>\n\t<meta property=\"og:image:width\" content=\"700\" \/>\n\t<meta property=\"og:image:height\" content=\"700\" \/>\n\t<meta property=\"og:image:type\" content=\"image\/jpeg\" \/>\n<meta name=\"twitter:card\" content=\"summary_large_image\" \/>\n<meta name=\"twitter:label1\" content=\"Price\" \/>\n\t<meta name=\"twitter:data1\" content=\"&euro;&nbsp;18,90\" \/>\n\t<meta name=\"twitter:label2\" content=\"Availability\" \/>\n\t<meta name=\"twitter:data2\" content=\"In stock\" \/>\n<script type=\"application\/ld+json\" class=\"yoast-schema-graph\">{\"@context\":\"https:\/\/schema.org\",\"@graph\":[{\"@type\":[\"WebPage\",\"ItemPage\"],\"@id\":\"https:\/\/bolting.eu\/en\/shop\/handlauf-verbindungsstueck-verzinkt\/\",\"url\":\"https:\/\/bolting.eu\/en\/shop\/handlauf-verbindungsstueck-verzinkt\/\",\"name\":\"Handlauf Verbindungsst\u00fcck verzinkt f\u00fcr Klettersteigbr\u00fccken | bolting.eu\",\"isPartOf\":{\"@id\":\"https:\/\/bolting.eu\/en\/#website\"},\"primaryImageOfPage\":{\"@id\":\"https:\/\/bolting.eu\/en\/shop\/handlauf-verbindungsstueck-verzinkt\/#primaryimage\"},\"image\":{\"@id\":\"https:\/\/bolting.eu\/en\/shop\/handlauf-verbindungsstueck-verzinkt\/#primaryimage\"},\"thumbnailUrl\":\"https:\/\/bolting.eu\/wp-content\/uploads\/2021\/01\/Klettersteig-Ha\u0308ngebru\u0308cke-Seilgela\u0308nderverbindung-1.jpg\",\"datePublished\":\"2021-01-25T18:37:21+00:00\",\"dateModified\":\"2021-01-28T11:23:11+00:00\",\"description\":\"Hier findest Du das Handlauf Verbindungsst\u00fcck verzinkt f\u00fcr Klettersteigbr\u00fccken. Perfekt um eine Tibetan Bridge zu bauen!\",\"breadcrumb\":{\"@id\":\"https:\/\/bolting.eu\/en\/shop\/handlauf-verbindungsstueck-verzinkt\/#breadcrumb\"},\"inLanguage\":\"en-US\",\"potentialAction\":[{\"@type\":\"ReadAction\",\"target\":[\"https:\/\/bolting.eu\/en\/shop\/handlauf-verbindungsstueck-verzinkt\/\"]}]},{\"@type\":\"ImageObject\",\"inLanguage\":\"en-US\",\"@id\":\"https:\/\/bolting.eu\/en\/shop\/handlauf-verbindungsstueck-verzinkt\/#primaryimage\",\"url\":\"https:\/\/bolting.eu\/wp-content\/uploads\/2021\/01\/Klettersteig-Ha\u0308ngebru\u0308cke-Seilgela\u0308nderverbindung-1.jpg\",\"contentUrl\":\"https:\/\/bolting.eu\/wp-content\/uploads\/2021\/01\/Klettersteig-Ha\u0308ngebru\u0308cke-Seilgela\u0308nderverbindung-1.jpg\",\"width\":700,\"height\":700,\"caption\":\"Das Bild zeigt ein Handlauf VErbindungsst\u00fcck f\u00fcr eine Klettersteig H\u00e4ngebr\u00fccke.\"},{\"@type\":\"BreadcrumbList\",\"@id\":\"https:\/\/bolting.eu\/en\/shop\/handlauf-verbindungsstueck-verzinkt\/#breadcrumb\",\"itemListElement\":[{\"@type\":\"ListItem\",\"position\":1,\"name\":\"Shop\",\"item\":\"https:\/\/bolting.eu\/en\/shop\/\"},{\"@type\":\"ListItem\",\"position\":2,\"name\":\"bolting products\",\"item\":\"https:\/\/bolting.eu\/en\/produkt-kategorie\/bolting-products\/\"},{\"@type\":\"ListItem\",\"position\":3,\"name\":\"Material f\u00fcr Klettersteigbau\",\"item\":\"https:\/\/bolting.eu\/produkt-kategorie\/einbohrartikel\/material-fuer-klettersteigbau\/\"},{\"@type\":\"ListItem\",\"position\":4,\"name\":\"Handlauf Verbindungsst\u00fcck verzinkt\"}]},{\"@type\":\"WebSite\",\"@id\":\"https:\/\/bolting.eu\/en\/#website\",\"url\":\"https:\/\/bolting.eu\/en\/\",\"name\":\"bolting.eu\",\"description\":\"we make climbs happen\",\"publisher\":{\"@id\":\"https:\/\/bolting.eu\/en\/#organization\"},\"potentialAction\":[{\"@type\":\"SearchAction\",\"target\":{\"@type\":\"EntryPoint\",\"urlTemplate\":\"https:\/\/bolting.eu\/en\/?s={search_term_string}\"},\"query-input\":{\"@type\":\"PropertyValueSpecification\",\"valueRequired\":true,\"valueName\":\"search_term_string\"}}],\"inLanguage\":\"en-US\"},{\"@type\":[\"Organization\",\"Place\",\"SportingGoodsStore\"],\"@id\":\"https:\/\/bolting.eu\/en\/#organization\",\"name\":\"bolting.eu\",\"url\":\"https:\/\/bolting.eu\/en\/\",\"logo\":{\"@id\":\"https:\/\/bolting.eu\/en\/shop\/handlauf-verbindungsstueck-verzinkt\/#local-main-organization-logo\"},\"image\":{\"@id\":\"https:\/\/bolting.eu\/en\/shop\/handlauf-verbindungsstueck-verzinkt\/#local-main-organization-logo\"},\"sameAs\":[\"https:\/\/www.facebook.com\/bolting.eu\",\"https:\/\/www.instagram.com\/bolting.eu\/\"],\"address\":{\"@id\":\"https:\/\/bolting.eu\/en\/shop\/handlauf-verbindungsstueck-verzinkt\/#local-main-place-address\"},\"geo\":{\"@type\":\"GeoCoordinates\",\"latitude\":\"47.264176340396226\",\"longitude\":\"11.380109057672346\"},\"telephone\":[\"+43 699 19083372\"],\"openingHoursSpecification\":[{\"@type\":\"OpeningHoursSpecification\",\"dayOfWeek\":[\"Monday\",\"Wednesday\",\"Friday\"],\"opens\":\"14:00\",\"closes\":\"18:00\"},{\"@type\":\"OpeningHoursSpecification\",\"dayOfWeek\":[\"Tuesday\",\"Thursday\",\"Saturday\",\"Sunday\"],\"opens\":\"00:00\",\"closes\":\"00:00\"}],\"email\":\"office@bolting.eu\",\"vatID\":\"ATU59999728\",\"priceRange\":\"$$\",\"currenciesAccepted\":\"Euro\"},{\"@type\":\"PostalAddress\",\"@id\":\"https:\/\/bolting.eu\/en\/shop\/handlauf-verbindungsstueck-verzinkt\/#local-main-place-address\",\"streetAddress\":\"Fischnalerstra\u00dfe 4\",\"addressLocality\":\"Innsbruck\",\"postalCode\":\"6020\",\"addressRegion\":\"Tirol\",\"addressCountry\":\"AT\"},{\"@type\":\"ImageObject\",\"inLanguage\":\"en-US\",\"@id\":\"https:\/\/bolting.eu\/en\/shop\/handlauf-verbindungsstueck-verzinkt\/#local-main-organization-logo\",\"url\":\"https:\/\/bolting.eu\/wp-content\/uploads\/2019\/09\/bolting-logo.png\",\"contentUrl\":\"https:\/\/bolting.eu\/wp-content\/uploads\/2019\/09\/bolting-logo.png\",\"width\":400,\"height\":211,\"caption\":\"bolting.eu\"}]}<\/script>\n<meta property=\"product:price:amount\" content=\"18.90\" \/>\n<meta property=\"product:price:currency\" content=\"EUR\" \/>\n<meta property=\"og:availability\" content=\"instock\" \/>\n<meta property=\"product:availability\" content=\"instock\" \/>\n<meta property=\"product:retailer_item_id\" content=\"VE471F\" \/>\n<meta property=\"product:condition\" content=\"new\" \/>\n<meta name=\"geo.placename\" content=\"Innsbruck\" \/>\n<meta name=\"geo.position\" content=\"47.264176340396226;11.380109057672346\" \/>\n<meta name=\"geo.region\" content=\"Austria\" \/>\n<!-- \/ Yoast SEO Premium plugin. -->","yoast_head_json":{"title":"Handlauf Verbindungsst\u00fcck verzinkt f\u00fcr Klettersteigbr\u00fccken | bolting.eu","description":"Hier findest Du das Handlauf Verbindungsst\u00fcck verzinkt f\u00fcr Klettersteigbr\u00fccken. Perfekt um eine Tibetan Bridge zu bauen!","robots":{"index":"index","follow":"follow","max-snippet":"max-snippet:-1","max-image-preview":"max-image-preview:large","max-video-preview":"max-video-preview:-1"},"canonical":"https:\/\/bolting.eu\/en\/shop\/handlauf-verbindungsstueck-verzinkt\/","og_locale":"en_US","og_type":"article","og_title":"Handlauf Verbindungsst\u00fcck verzinkt","og_description":"Hier findest Du das Handlauf Verbindungsst\u00fcck verzinkt f\u00fcr Klettersteigbr\u00fccken. Perfekt um eine Tibetan Bridge zu bauen!","og_url":"https:\/\/bolting.eu\/en\/shop\/handlauf-verbindungsstueck-verzinkt\/","og_site_name":"bolting.eu","article_publisher":"https:\/\/www.facebook.com\/bolting.eu","article_modified_time":"2021-01-28T11:23:11+00:00","og_image":[{"width":700,"height":700,"url":"https:\/\/bolting.eu\/wp-content\/uploads\/2021\/01\/Klettersteig-Ha\u0308ngebru\u0308cke-Seilgela\u0308nderverbindung-1.jpg","type":"image\/jpeg"}],"twitter_card":"summary_large_image","twitter_misc":{"Price":"&euro;&nbsp;18,90","Availability":"In stock"},"schema":{"@context":"https:\/\/schema.org","@graph":[{"@type":["WebPage","ItemPage"],"@id":"https:\/\/bolting.eu\/en\/shop\/handlauf-verbindungsstueck-verzinkt\/","url":"https:\/\/bolting.eu\/en\/shop\/handlauf-verbindungsstueck-verzinkt\/","name":"Handlauf Verbindungsst\u00fcck verzinkt f\u00fcr Klettersteigbr\u00fccken | bolting.eu","isPartOf":{"@id":"https:\/\/bolting.eu\/en\/#website"},"primaryImageOfPage":{"@id":"https:\/\/bolting.eu\/en\/shop\/handlauf-verbindungsstueck-verzinkt\/#primaryimage"},"image":{"@id":"https:\/\/bolting.eu\/en\/shop\/handlauf-verbindungsstueck-verzinkt\/#primaryimage"},"thumbnailUrl":"https:\/\/bolting.eu\/wp-content\/uploads\/2021\/01\/Klettersteig-Ha\u0308ngebru\u0308cke-Seilgela\u0308nderverbindung-1.jpg","datePublished":"2021-01-25T18:37:21+00:00","dateModified":"2021-01-28T11:23:11+00:00","description":"Hier findest Du das Handlauf Verbindungsst\u00fcck verzinkt f\u00fcr Klettersteigbr\u00fccken. Perfekt um eine Tibetan Bridge zu bauen!","breadcrumb":{"@id":"https:\/\/bolting.eu\/en\/shop\/handlauf-verbindungsstueck-verzinkt\/#breadcrumb"},"inLanguage":"en-US","potentialAction":[{"@type":"ReadAction","target":["https:\/\/bolting.eu\/en\/shop\/handlauf-verbindungsstueck-verzinkt\/"]}]},{"@type":"ImageObject","inLanguage":"en-US","@id":"https:\/\/bolting.eu\/en\/shop\/handlauf-verbindungsstueck-verzinkt\/#primaryimage","url":"https:\/\/bolting.eu\/wp-content\/uploads\/2021\/01\/Klettersteig-Ha\u0308ngebru\u0308cke-Seilgela\u0308nderverbindung-1.jpg","contentUrl":"https:\/\/bolting.eu\/wp-content\/uploads\/2021\/01\/Klettersteig-Ha\u0308ngebru\u0308cke-Seilgela\u0308nderverbindung-1.jpg","width":700,"height":700,"caption":"Das Bild zeigt ein Handlauf VErbindungsst\u00fcck f\u00fcr eine Klettersteig H\u00e4ngebr\u00fccke."},{"@type":"BreadcrumbList","@id":"https:\/\/bolting.eu\/en\/shop\/handlauf-verbindungsstueck-verzinkt\/#breadcrumb","itemListElement":[{"@type":"ListItem","position":1,"name":"Shop","item":"https:\/\/bolting.eu\/en\/shop\/"},{"@type":"ListItem","position":2,"name":"bolting products","item":"https:\/\/bolting.eu\/en\/produkt-kategorie\/bolting-products\/"},{"@type":"ListItem","position":3,"name":"Material f\u00fcr Klettersteigbau","item":"https:\/\/bolting.eu\/produkt-kategorie\/einbohrartikel\/material-fuer-klettersteigbau\/"},{"@type":"ListItem","position":4,"name":"Handlauf Verbindungsst\u00fcck verzinkt"}]},{"@type":"WebSite","@id":"https:\/\/bolting.eu\/en\/#website","url":"https:\/\/bolting.eu\/en\/","name":"bolting.eu","description":"we make climbs happen","publisher":{"@id":"https:\/\/bolting.eu\/en\/#organization"},"potentialAction":[{"@type":"SearchAction","target":{"@type":"EntryPoint","urlTemplate":"https:\/\/bolting.eu\/en\/?s={search_term_string}"},"query-input":{"@type":"PropertyValueSpecification","valueRequired":true,"valueName":"search_term_string"}}],"inLanguage":"en-US"},{"@type":["Organization","Place","SportingGoodsStore"],"@id":"https:\/\/bolting.eu\/en\/#organization","name":"bolting.eu","url":"https:\/\/bolting.eu\/en\/","logo":{"@id":"https:\/\/bolting.eu\/en\/shop\/handlauf-verbindungsstueck-verzinkt\/#local-main-organization-logo"},"image":{"@id":"https:\/\/bolting.eu\/en\/shop\/handlauf-verbindungsstueck-verzinkt\/#local-main-organization-logo"},"sameAs":["https:\/\/www.facebook.com\/bolting.eu","https:\/\/www.instagram.com\/bolting.eu\/"],"address":{"@id":"https:\/\/bolting.eu\/en\/shop\/handlauf-verbindungsstueck-verzinkt\/#local-main-place-address"},"geo":{"@type":"GeoCoordinates","latitude":"47.264176340396226","longitude":"11.380109057672346"},"telephone":["+43 699 19083372"],"openingHoursSpecification":[{"@type":"OpeningHoursSpecification","dayOfWeek":["Monday","Wednesday","Friday"],"opens":"14:00","closes":"18:00"},{"@type":"OpeningHoursSpecification","dayOfWeek":["Tuesday","Thursday","Saturday","Sunday"],"opens":"00:00","closes":"00:00"}],"email":"office@bolting.eu","vatID":"ATU59999728","priceRange":"$$","currenciesAccepted":"Euro"},{"@type":"PostalAddress","@id":"https:\/\/bolting.eu\/en\/shop\/handlauf-verbindungsstueck-verzinkt\/#local-main-place-address","streetAddress":"Fischnalerstra\u00dfe 4","addressLocality":"Innsbruck","postalCode":"6020","addressRegion":"Tirol","addressCountry":"AT"},{"@type":"ImageObject","inLanguage":"en-US","@id":"https:\/\/bolting.eu\/en\/shop\/handlauf-verbindungsstueck-verzinkt\/#local-main-organization-logo","url":"https:\/\/bolting.eu\/wp-content\/uploads\/2019\/09\/bolting-logo.png","contentUrl":"https:\/\/bolting.eu\/wp-content\/uploads\/2019\/09\/bolting-logo.png","width":400,"height":211,"caption":"bolting.eu"}]},"product_price_amount":"18.90","product_price_currency":"EUR","og_availability":"instock","product_availability":"instock","product_retailer_item_id":"VE471F","product_condition":"new","geo.placename":"Innsbruck","geo.position":{"lat":"47.264176340396226","long":"11.380109057672346"},"geo.region":"Austria"},"_links":{"self":[{"href":"https:\/\/bolting.eu\/en\/wp-json\/wp\/v2\/product\/7534","targetHints":{"allow":["GET"]}}],"collection":[{"href":"https:\/\/bolting.eu\/en\/wp-json\/wp\/v2\/product"}],"about":[{"href":"https:\/\/bolting.eu\/en\/wp-json\/wp\/v2\/types\/product"}],"replies":[{"embeddable":true,"href":"https:\/\/bolting.eu\/en\/wp-json\/wp\/v2\/comments?post=7534"}],"wp:featuredmedia":[{"embeddable":true,"href":"https:\/\/bolting.eu\/en\/wp-json\/wp\/v2\/media\/7535"}],"wp:attachment":[{"href":"https:\/\/bolting.eu\/en\/wp-json\/wp\/v2\/media?parent=7534"}],"wp:term":[{"taxonomy":"product_brand","embeddable":true,"href":"https:\/\/bolting.eu\/en\/wp-json\/wp\/v2\/product_brand?post=7534"},{"taxonomy":"product_cat","embeddable":true,"href":"https:\/\/bolting.eu\/en\/wp-json\/wp\/v2\/product_cat?post=7534"},{"taxonomy":"product_tag","embeddable":true,"href":"https:\/\/bolting.eu\/en\/wp-json\/wp\/v2\/product_tag?post=7534"}],"curies":[{"name":"wp","href":"https:\/\/api.w.org\/{rel}","templated":true}]}}