{"id":7526,"date":"2021-01-25T19:02:15","date_gmt":"2021-01-25T18:02:15","guid":{"rendered":"https:\/\/bolting.eu\/?post_type=product&#038;p=7526"},"modified":"2021-01-26T10:05:25","modified_gmt":"2021-01-26T09:05:25","slug":"klettersteig-haengebruecke-trittblech-verzinkt","status":"publish","type":"product","link":"https:\/\/bolting.eu\/en\/shop\/klettersteig-haengebruecke-trittblech-verzinkt\/","title":{"rendered":"Klettersteig H\u00e4ngebr\u00fccke Trittblech verzinkt"},"content":{"rendered":"<p>Unser Klettersteig H\u00e4ngebr\u00fccke Trittblech ist perfekt f\u00fcr den <a href=\"https:\/\/bolting.eu\/klettersteig-bau\/\">Klettersteigbau<\/a>. Denn es l\u00e4sst sich bei Br\u00fccken mit den vormontierten Seilklammern perfekt an den beiden Tragseilen befestigen.<\/p>\n<p>Wir bieten das Trittblech in zwei Ausf\u00fchrungen an, so wie abgelichtet.<\/p>\n<p>Zum einen das &#8220;Trittblech simpel&#8221;. Es besteht aus dem Trittblech inkl. der Befestigung f\u00fcr die beiden Trageseile an den Seiten. Hierbei sind die Drahtklemmen bereits inkludiert.<\/p>\n<p>Und zum anderen das &#8220;Trittblech stabil&#8221;. Hierbei sind an den Seitenteilen zus\u00e4tzlich Drahtklemmen montiert. Damit l\u00e4sst sich das Trittblech bzw. die ganze H\u00e4ngebr\u00fccke durch ein zus\u00e4tzliches Drahtseil mit dem Handlauf verbinden und somit stabilisieren.<\/p>\n<h3>Eigenschaften Klettersteig H\u00e4ngebr\u00fccke Trittblech verzinkt<\/h3>\n<ul>\n<li>Hersteller: <a href=\"https:\/\/bolting.eu\/produkt-kategorie\/vertical-evolution\/\">Vertical Evolution<\/a><\/li>\n<li>Material: verzinktes Riffelblech<\/li>\n<li>jeweils inklusive Drahtseilklemmen<\/li>\n<li>Ma\u00dfe: ca. 60cm lang und 20 cm breit<\/li>\n<li>Gewicht: ca. 2,3 kg<\/li>\n<li>passendes Zubeh\u00f6r f\u00fcr &#8220;Trittblech stabil&#8221; = Handlauf Verbindungsst\u00fcck<\/li>\n<li>f\u00fcr 14mm und 16mm Drahtseile<\/li>\n<li>auf Anfrage auch in AISI 304L = A2 Edelstahl<\/li>\n<\/ul>\n<h3>Anzugsdrehmoment beachten<\/h3>\n<p>Beachtet! Je nach Seildurchmesser sollten die Drahtseilklemmen mit einem ganz bestimmten Drehmoment festgezogen werden.<\/p>\n<table width=\"204\">\n<tbody>\n<tr>\n<td style=\"text-align: center;\" width=\"117\"><strong>Seildurchmesser<\/strong><\/td>\n<td style=\"text-align: center;\" width=\"87\"><strong>Drehmoment<\/strong><\/td>\n<\/tr>\n<tr>\n<td style=\"text-align: center;\">10mm<\/td>\n<td style=\"text-align: center;\">9Nm<\/td>\n<\/tr>\n<tr>\n<td style=\"text-align: center;\">12mm<\/td>\n<td style=\"text-align: center;\">20Nm<\/td>\n<\/tr>\n<tr>\n<td style=\"text-align: center;\">14mm<\/td>\n<td style=\"text-align: center;\">33Nm<\/td>\n<\/tr>\n<tr>\n<td style=\"text-align: center;\">16mm<\/td>\n<td style=\"text-align: center;\">40Nm<\/td>\n<\/tr>\n<\/tbody>\n<\/table>\n<h3>Perfekt f\u00fcr den Bau einer H\u00e4ngebr\u00fccke<\/h3>\n<p>Das Klettersteig H\u00e4ngebr\u00fccke Trittblech verzinkt ist ideal um eine perfekte Br\u00fccke zu bauen. Durch das smarte Design wird der Bau zu einem Kinderspiel. Einfach zwei Trageseile mit 60cm Abstand und gleichem Durchhang installieren. Dann die Trittbleche montieren. Hierbei empfehlen wir bei jedem 3. oder mindestens 4. Blech das &#8220;Trittblech stabil&#8221; inkl. seitlicher Verbindung zu verbauen.<\/p>\n<p>Somit bekommt man die gew\u00fcnschte Stabilit\u00e4t bzw. Lastverteilung.<\/p>\n<p>&nbsp;<\/p>\n<figure id=\"attachment_7531\" aria-describedby=\"caption-attachment-7531\" style=\"width: 700px\" class=\"wp-caption alignnone\"><a href=\"https:\/\/bolting.eu\/wp-content\/uploads\/2021\/01\/Ha\u0308ngebru\u0308cke-Klettersteig.jpg\"><img loading=\"lazy\" decoding=\"async\" class=\"wp-image-7531 size-full\" src=\"https:\/\/bolting.eu\/wp-content\/uploads\/2021\/01\/Ha\u0308ngebru\u0308cke-Klettersteig.jpg\" alt=\"Das Bild zeigt eine Klettersteig H\u00e4ngebr\u00fccke mit Riffelblech Tritten \u00fcber einer kleinen Schlucht.\" width=\"700\" height=\"700\" srcset=\"https:\/\/bolting.eu\/wp-content\/uploads\/2021\/01\/Ha\u0308ngebru\u0308cke-Klettersteig.jpg 700w, https:\/\/bolting.eu\/wp-content\/uploads\/2021\/01\/Ha\u0308ngebru\u0308cke-Klettersteig-247x247.jpg 247w, https:\/\/bolting.eu\/wp-content\/uploads\/2021\/01\/Ha\u0308ngebru\u0308cke-Klettersteig-100x100.jpg 100w, https:\/\/bolting.eu\/wp-content\/uploads\/2021\/01\/Ha\u0308ngebru\u0308cke-Klettersteig-510x510.jpg 510w, https:\/\/bolting.eu\/wp-content\/uploads\/2021\/01\/Ha\u0308ngebru\u0308cke-Klettersteig-400x400.jpg 400w, https:\/\/bolting.eu\/wp-content\/uploads\/2021\/01\/Ha\u0308ngebru\u0308cke-Klettersteig-280x280.jpg 280w, https:\/\/bolting.eu\/wp-content\/uploads\/2021\/01\/Ha\u0308ngebru\u0308cke-Klettersteig-300x300.jpg 300w, https:\/\/bolting.eu\/wp-content\/uploads\/2021\/01\/Ha\u0308ngebru\u0308cke-Klettersteig-600x600.jpg 600w\" sizes=\"auto, (max-width: 700px) 100vw, 700px\" \/><\/a><figcaption id=\"caption-attachment-7531\" class=\"wp-caption-text\">Eine von uns gebaute H\u00e4ngebr\u00fccke mit den beiden Trittbleche Modellen.<\/figcaption><\/figure>\n<h4><strong>Link Tipp Klettersteig H\u00e4ngebr\u00fccke Trittblech\u00a0<\/strong><\/h4>\n<p>F\u00fcr alle die eine solche Br\u00fccke bzw. Klettersteige bauen wollen, empfehlen wir das Klettersteig Handbuch des <a href=\"https:\/\/www.alpinesicherheit.at\" target=\"_blank\" rel=\"noopener\">Kuratoriums f\u00fcr alpine Sicherheit<\/a>.<\/p>\n","protected":false},"excerpt":{"rendered":"<ul>\n<li>Hersteller: Vertical Evolution<\/li>\n<li>Material: verzinktes Riffelblech<\/li>\n<li>jeweils inklusive Drahtseilklemmen<\/li>\n<li>Ma\u00dfe: ca. 60cm lang und 20 cm breit<\/li>\n<li>Gewicht: ca. 2,3 kg<\/li>\n<li>passendes Zubeh\u00f6r f\u00fcr &#8220;Trittblech stabil&#8221; = Handlauf Verbindungsst\u00fcck<\/li>\n<li>f\u00fcr 14mm und 16mm Drahtseile<\/li>\n<li>auf Anfrage auch in AISI 304L = A2 Edelstahl<\/li>\n<\/ul>\n","protected":false},"featured_media":7528,"comment_status":"open","ping_status":"closed","template":"","meta":[],"product_brand":[],"product_cat":[260,14804,14793],"product_tag":[14901],"class_list":{"0":"post-7526","1":"product","2":"type-product","3":"status-publish","4":"has-post-thumbnail","6":"product_cat-material-fuer-klettersteigbau","7":"product_cat-vertical-evolution-en","8":"product_cat-bolting-products","9":"product_tag-tibetan-bridge-en","11":"first","12":"instock","13":"taxable","14":"shipping-taxable","15":"purchasable","16":"product-type-variable"},"yoast_head":"<!-- This site is optimized with the Yoast SEO Premium plugin v26.9 (Yoast SEO v26.9) - https:\/\/yoast.com\/product\/yoast-seo-premium-wordpress\/ -->\n<title>Klettersteig H\u00e4ngebr\u00fccke Trittblech verzinkt | bolting.eu<\/title>\n<meta name=\"description\" content=\"Hier findest Du das Klettersteig H\u00e4ngebr\u00fccke Trittblech verzinkt. Ein 60 x 20cm Riffelblech mit oder ohne Seitenverstrebung.\" \/>\n<meta name=\"robots\" content=\"index, follow, max-snippet:-1, max-image-preview:large, max-video-preview:-1\" \/>\n<link rel=\"canonical\" href=\"https:\/\/bolting.eu\/en\/shop\/klettersteig-haengebruecke-trittblech-verzinkt\/\" \/>\n<meta property=\"og:locale\" content=\"en_US\" \/>\n<meta property=\"og:type\" content=\"article\" \/>\n<meta property=\"og:title\" content=\"Klettersteig H\u00e4ngebr\u00fccke Trittblech verzinkt\" \/>\n<meta property=\"og:description\" content=\"Hier findest Du das Klettersteig H\u00e4ngebr\u00fccke Trittblech verzinkt. Ein 60 x 20cm Riffelblech mit oder ohne Seitenverstrebung.\" \/>\n<meta property=\"og:url\" content=\"https:\/\/bolting.eu\/en\/shop\/klettersteig-haengebruecke-trittblech-verzinkt\/\" \/>\n<meta property=\"og:site_name\" content=\"bolting.eu\" \/>\n<meta property=\"article:publisher\" content=\"https:\/\/www.facebook.com\/bolting.eu\" \/>\n<meta property=\"article:modified_time\" content=\"2021-01-26T09:05:25+00:00\" \/>\n<meta property=\"og:image\" content=\"https:\/\/bolting.eu\/wp-content\/uploads\/2021\/01\/Klettersteig-Bru\u0308cke-Trittblech-simpel.jpg\" \/>\n\t<meta property=\"og:image:width\" content=\"700\" \/>\n\t<meta property=\"og:image:height\" content=\"700\" \/>\n\t<meta property=\"og:image:type\" content=\"image\/jpeg\" \/>\n<meta name=\"twitter:card\" content=\"summary_large_image\" \/>\n<meta name=\"twitter:label1\" content=\"Availability\" \/>\n\t<meta name=\"twitter:data1\" content=\"In stock\" \/>\n<script type=\"application\/ld+json\" class=\"yoast-schema-graph\">{\"@context\":\"https:\/\/schema.org\",\"@graph\":[{\"@type\":[\"WebPage\",\"ItemPage\"],\"@id\":\"https:\/\/bolting.eu\/en\/shop\/klettersteig-haengebruecke-trittblech-verzinkt\/\",\"url\":\"https:\/\/bolting.eu\/en\/shop\/klettersteig-haengebruecke-trittblech-verzinkt\/\",\"name\":\"Klettersteig H\u00e4ngebr\u00fccke Trittblech verzinkt | bolting.eu\",\"isPartOf\":{\"@id\":\"https:\/\/bolting.eu\/en\/#website\"},\"primaryImageOfPage\":{\"@id\":\"https:\/\/bolting.eu\/en\/shop\/klettersteig-haengebruecke-trittblech-verzinkt\/#primaryimage\"},\"image\":{\"@id\":\"https:\/\/bolting.eu\/en\/shop\/klettersteig-haengebruecke-trittblech-verzinkt\/#primaryimage\"},\"thumbnailUrl\":\"https:\/\/bolting.eu\/wp-content\/uploads\/2021\/01\/Klettersteig-Bru\u0308cke-Trittblech-simpel.jpg\",\"datePublished\":\"2021-01-25T18:02:15+00:00\",\"dateModified\":\"2021-01-26T09:05:25+00:00\",\"description\":\"Hier findest Du das Klettersteig H\u00e4ngebr\u00fccke Trittblech verzinkt. Ein 60 x 20cm Riffelblech mit oder ohne Seitenverstrebung.\",\"breadcrumb\":{\"@id\":\"https:\/\/bolting.eu\/en\/shop\/klettersteig-haengebruecke-trittblech-verzinkt\/#breadcrumb\"},\"inLanguage\":\"en-US\",\"potentialAction\":[{\"@type\":\"ReadAction\",\"target\":[\"https:\/\/bolting.eu\/en\/shop\/klettersteig-haengebruecke-trittblech-verzinkt\/\"]}]},{\"@type\":\"ImageObject\",\"inLanguage\":\"en-US\",\"@id\":\"https:\/\/bolting.eu\/en\/shop\/klettersteig-haengebruecke-trittblech-verzinkt\/#primaryimage\",\"url\":\"https:\/\/bolting.eu\/wp-content\/uploads\/2021\/01\/Klettersteig-Bru\u0308cke-Trittblech-simpel.jpg\",\"contentUrl\":\"https:\/\/bolting.eu\/wp-content\/uploads\/2021\/01\/Klettersteig-Bru\u0308cke-Trittblech-simpel.jpg\",\"width\":700,\"height\":700},{\"@type\":\"BreadcrumbList\",\"@id\":\"https:\/\/bolting.eu\/en\/shop\/klettersteig-haengebruecke-trittblech-verzinkt\/#breadcrumb\",\"itemListElement\":[{\"@type\":\"ListItem\",\"position\":1,\"name\":\"Shop\",\"item\":\"https:\/\/bolting.eu\/en\/shop\/\"},{\"@type\":\"ListItem\",\"position\":2,\"name\":\"bolting products\",\"item\":\"https:\/\/bolting.eu\/en\/produkt-kategorie\/bolting-products\/\"},{\"@type\":\"ListItem\",\"position\":3,\"name\":\"Material f\u00fcr Klettersteigbau\",\"item\":\"https:\/\/bolting.eu\/produkt-kategorie\/einbohrartikel\/material-fuer-klettersteigbau\/\"},{\"@type\":\"ListItem\",\"position\":4,\"name\":\"Klettersteig H\u00e4ngebr\u00fccke Trittblech verzinkt\"}]},{\"@type\":\"WebSite\",\"@id\":\"https:\/\/bolting.eu\/en\/#website\",\"url\":\"https:\/\/bolting.eu\/en\/\",\"name\":\"bolting.eu\",\"description\":\"we make climbs happen\",\"publisher\":{\"@id\":\"https:\/\/bolting.eu\/en\/#organization\"},\"potentialAction\":[{\"@type\":\"SearchAction\",\"target\":{\"@type\":\"EntryPoint\",\"urlTemplate\":\"https:\/\/bolting.eu\/en\/?s={search_term_string}\"},\"query-input\":{\"@type\":\"PropertyValueSpecification\",\"valueRequired\":true,\"valueName\":\"search_term_string\"}}],\"inLanguage\":\"en-US\"},{\"@type\":[\"Organization\",\"Place\",\"SportingGoodsStore\"],\"@id\":\"https:\/\/bolting.eu\/en\/#organization\",\"name\":\"bolting.eu\",\"url\":\"https:\/\/bolting.eu\/en\/\",\"logo\":{\"@id\":\"https:\/\/bolting.eu\/en\/shop\/klettersteig-haengebruecke-trittblech-verzinkt\/#local-main-organization-logo\"},\"image\":{\"@id\":\"https:\/\/bolting.eu\/en\/shop\/klettersteig-haengebruecke-trittblech-verzinkt\/#local-main-organization-logo\"},\"sameAs\":[\"https:\/\/www.facebook.com\/bolting.eu\",\"https:\/\/www.instagram.com\/bolting.eu\/\"],\"address\":{\"@id\":\"https:\/\/bolting.eu\/en\/shop\/klettersteig-haengebruecke-trittblech-verzinkt\/#local-main-place-address\"},\"geo\":{\"@type\":\"GeoCoordinates\",\"latitude\":\"47.264176340396226\",\"longitude\":\"11.380109057672346\"},\"telephone\":[\"+43 699 19083372\"],\"openingHoursSpecification\":[{\"@type\":\"OpeningHoursSpecification\",\"dayOfWeek\":[\"Monday\",\"Wednesday\",\"Friday\"],\"opens\":\"14:00\",\"closes\":\"18:00\"},{\"@type\":\"OpeningHoursSpecification\",\"dayOfWeek\":[\"Tuesday\",\"Thursday\",\"Saturday\",\"Sunday\"],\"opens\":\"00:00\",\"closes\":\"00:00\"}],\"email\":\"office@bolting.eu\",\"vatID\":\"ATU59999728\",\"priceRange\":\"$$\",\"currenciesAccepted\":\"Euro\"},{\"@type\":\"PostalAddress\",\"@id\":\"https:\/\/bolting.eu\/en\/shop\/klettersteig-haengebruecke-trittblech-verzinkt\/#local-main-place-address\",\"streetAddress\":\"Fischnalerstra\u00dfe 4\",\"addressLocality\":\"Innsbruck\",\"postalCode\":\"6020\",\"addressRegion\":\"Tirol\",\"addressCountry\":\"AT\"},{\"@type\":\"ImageObject\",\"inLanguage\":\"en-US\",\"@id\":\"https:\/\/bolting.eu\/en\/shop\/klettersteig-haengebruecke-trittblech-verzinkt\/#local-main-organization-logo\",\"url\":\"https:\/\/bolting.eu\/wp-content\/uploads\/2019\/09\/bolting-logo.png\",\"contentUrl\":\"https:\/\/bolting.eu\/wp-content\/uploads\/2019\/09\/bolting-logo.png\",\"width\":400,\"height\":211,\"caption\":\"bolting.eu\"}]}<\/script>\n<meta property=\"og:availability\" content=\"instock\" \/>\n<meta property=\"product:availability\" content=\"instock\" \/>\n<meta property=\"product:condition\" content=\"new\" \/>\n<meta name=\"geo.placename\" content=\"Innsbruck\" \/>\n<meta name=\"geo.position\" content=\"47.264176340396226;11.380109057672346\" \/>\n<meta name=\"geo.region\" content=\"Austria\" \/>\n<!-- \/ Yoast SEO Premium plugin. -->","yoast_head_json":{"title":"Klettersteig H\u00e4ngebr\u00fccke Trittblech verzinkt | bolting.eu","description":"Hier findest Du das Klettersteig H\u00e4ngebr\u00fccke Trittblech verzinkt. Ein 60 x 20cm Riffelblech mit oder ohne Seitenverstrebung.","robots":{"index":"index","follow":"follow","max-snippet":"max-snippet:-1","max-image-preview":"max-image-preview:large","max-video-preview":"max-video-preview:-1"},"canonical":"https:\/\/bolting.eu\/en\/shop\/klettersteig-haengebruecke-trittblech-verzinkt\/","og_locale":"en_US","og_type":"article","og_title":"Klettersteig H\u00e4ngebr\u00fccke Trittblech verzinkt","og_description":"Hier findest Du das Klettersteig H\u00e4ngebr\u00fccke Trittblech verzinkt. Ein 60 x 20cm Riffelblech mit oder ohne Seitenverstrebung.","og_url":"https:\/\/bolting.eu\/en\/shop\/klettersteig-haengebruecke-trittblech-verzinkt\/","og_site_name":"bolting.eu","article_publisher":"https:\/\/www.facebook.com\/bolting.eu","article_modified_time":"2021-01-26T09:05:25+00:00","og_image":[{"width":700,"height":700,"url":"https:\/\/bolting.eu\/wp-content\/uploads\/2021\/01\/Klettersteig-Bru\u0308cke-Trittblech-simpel.jpg","type":"image\/jpeg"}],"twitter_card":"summary_large_image","twitter_misc":{"Availability":"In stock"},"schema":{"@context":"https:\/\/schema.org","@graph":[{"@type":["WebPage","ItemPage"],"@id":"https:\/\/bolting.eu\/en\/shop\/klettersteig-haengebruecke-trittblech-verzinkt\/","url":"https:\/\/bolting.eu\/en\/shop\/klettersteig-haengebruecke-trittblech-verzinkt\/","name":"Klettersteig H\u00e4ngebr\u00fccke Trittblech verzinkt | bolting.eu","isPartOf":{"@id":"https:\/\/bolting.eu\/en\/#website"},"primaryImageOfPage":{"@id":"https:\/\/bolting.eu\/en\/shop\/klettersteig-haengebruecke-trittblech-verzinkt\/#primaryimage"},"image":{"@id":"https:\/\/bolting.eu\/en\/shop\/klettersteig-haengebruecke-trittblech-verzinkt\/#primaryimage"},"thumbnailUrl":"https:\/\/bolting.eu\/wp-content\/uploads\/2021\/01\/Klettersteig-Bru\u0308cke-Trittblech-simpel.jpg","datePublished":"2021-01-25T18:02:15+00:00","dateModified":"2021-01-26T09:05:25+00:00","description":"Hier findest Du das Klettersteig H\u00e4ngebr\u00fccke Trittblech verzinkt. Ein 60 x 20cm Riffelblech mit oder ohne Seitenverstrebung.","breadcrumb":{"@id":"https:\/\/bolting.eu\/en\/shop\/klettersteig-haengebruecke-trittblech-verzinkt\/#breadcrumb"},"inLanguage":"en-US","potentialAction":[{"@type":"ReadAction","target":["https:\/\/bolting.eu\/en\/shop\/klettersteig-haengebruecke-trittblech-verzinkt\/"]}]},{"@type":"ImageObject","inLanguage":"en-US","@id":"https:\/\/bolting.eu\/en\/shop\/klettersteig-haengebruecke-trittblech-verzinkt\/#primaryimage","url":"https:\/\/bolting.eu\/wp-content\/uploads\/2021\/01\/Klettersteig-Bru\u0308cke-Trittblech-simpel.jpg","contentUrl":"https:\/\/bolting.eu\/wp-content\/uploads\/2021\/01\/Klettersteig-Bru\u0308cke-Trittblech-simpel.jpg","width":700,"height":700},{"@type":"BreadcrumbList","@id":"https:\/\/bolting.eu\/en\/shop\/klettersteig-haengebruecke-trittblech-verzinkt\/#breadcrumb","itemListElement":[{"@type":"ListItem","position":1,"name":"Shop","item":"https:\/\/bolting.eu\/en\/shop\/"},{"@type":"ListItem","position":2,"name":"bolting products","item":"https:\/\/bolting.eu\/en\/produkt-kategorie\/bolting-products\/"},{"@type":"ListItem","position":3,"name":"Material f\u00fcr Klettersteigbau","item":"https:\/\/bolting.eu\/produkt-kategorie\/einbohrartikel\/material-fuer-klettersteigbau\/"},{"@type":"ListItem","position":4,"name":"Klettersteig H\u00e4ngebr\u00fccke Trittblech verzinkt"}]},{"@type":"WebSite","@id":"https:\/\/bolting.eu\/en\/#website","url":"https:\/\/bolting.eu\/en\/","name":"bolting.eu","description":"we make climbs happen","publisher":{"@id":"https:\/\/bolting.eu\/en\/#organization"},"potentialAction":[{"@type":"SearchAction","target":{"@type":"EntryPoint","urlTemplate":"https:\/\/bolting.eu\/en\/?s={search_term_string}"},"query-input":{"@type":"PropertyValueSpecification","valueRequired":true,"valueName":"search_term_string"}}],"inLanguage":"en-US"},{"@type":["Organization","Place","SportingGoodsStore"],"@id":"https:\/\/bolting.eu\/en\/#organization","name":"bolting.eu","url":"https:\/\/bolting.eu\/en\/","logo":{"@id":"https:\/\/bolting.eu\/en\/shop\/klettersteig-haengebruecke-trittblech-verzinkt\/#local-main-organization-logo"},"image":{"@id":"https:\/\/bolting.eu\/en\/shop\/klettersteig-haengebruecke-trittblech-verzinkt\/#local-main-organization-logo"},"sameAs":["https:\/\/www.facebook.com\/bolting.eu","https:\/\/www.instagram.com\/bolting.eu\/"],"address":{"@id":"https:\/\/bolting.eu\/en\/shop\/klettersteig-haengebruecke-trittblech-verzinkt\/#local-main-place-address"},"geo":{"@type":"GeoCoordinates","latitude":"47.264176340396226","longitude":"11.380109057672346"},"telephone":["+43 699 19083372"],"openingHoursSpecification":[{"@type":"OpeningHoursSpecification","dayOfWeek":["Monday","Wednesday","Friday"],"opens":"14:00","closes":"18:00"},{"@type":"OpeningHoursSpecification","dayOfWeek":["Tuesday","Thursday","Saturday","Sunday"],"opens":"00:00","closes":"00:00"}],"email":"office@bolting.eu","vatID":"ATU59999728","priceRange":"$$","currenciesAccepted":"Euro"},{"@type":"PostalAddress","@id":"https:\/\/bolting.eu\/en\/shop\/klettersteig-haengebruecke-trittblech-verzinkt\/#local-main-place-address","streetAddress":"Fischnalerstra\u00dfe 4","addressLocality":"Innsbruck","postalCode":"6020","addressRegion":"Tirol","addressCountry":"AT"},{"@type":"ImageObject","inLanguage":"en-US","@id":"https:\/\/bolting.eu\/en\/shop\/klettersteig-haengebruecke-trittblech-verzinkt\/#local-main-organization-logo","url":"https:\/\/bolting.eu\/wp-content\/uploads\/2019\/09\/bolting-logo.png","contentUrl":"https:\/\/bolting.eu\/wp-content\/uploads\/2019\/09\/bolting-logo.png","width":400,"height":211,"caption":"bolting.eu"}]},"og_availability":"instock","product_availability":"instock","product_condition":"new","geo.placename":"Innsbruck","geo.position":{"lat":"47.264176340396226","long":"11.380109057672346"},"geo.region":"Austria"},"_links":{"self":[{"href":"https:\/\/bolting.eu\/en\/wp-json\/wp\/v2\/product\/7526","targetHints":{"allow":["GET"]}}],"collection":[{"href":"https:\/\/bolting.eu\/en\/wp-json\/wp\/v2\/product"}],"about":[{"href":"https:\/\/bolting.eu\/en\/wp-json\/wp\/v2\/types\/product"}],"replies":[{"embeddable":true,"href":"https:\/\/bolting.eu\/en\/wp-json\/wp\/v2\/comments?post=7526"}],"wp:featuredmedia":[{"embeddable":true,"href":"https:\/\/bolting.eu\/en\/wp-json\/wp\/v2\/media\/7528"}],"wp:attachment":[{"href":"https:\/\/bolting.eu\/en\/wp-json\/wp\/v2\/media?parent=7526"}],"wp:term":[{"taxonomy":"product_brand","embeddable":true,"href":"https:\/\/bolting.eu\/en\/wp-json\/wp\/v2\/product_brand?post=7526"},{"taxonomy":"product_cat","embeddable":true,"href":"https:\/\/bolting.eu\/en\/wp-json\/wp\/v2\/product_cat?post=7526"},{"taxonomy":"product_tag","embeddable":true,"href":"https:\/\/bolting.eu\/en\/wp-json\/wp\/v2\/product_tag?post=7526"}],"curies":[{"name":"wp","href":"https:\/\/api.w.org\/{rel}","templated":true}]}}