{"id":7373,"date":"2021-01-06T17:14:04","date_gmt":"2021-01-06T16:14:04","guid":{"rendered":"https:\/\/bolting.eu\/?post_type=product&#038;p=7373"},"modified":"2026-04-18T08:48:11","modified_gmt":"2026-04-18T06:48:11","slug":"lacd-clipstick","status":"publish","type":"product","link":"https:\/\/bolting.eu\/en\/shop\/lacd-clipstick\/","title":{"rendered":"LACD Clipstick Plus"},"content":{"rendered":"<p>Der LACD Clipstick ist eine 320cm lange Einh\u00e4ngehilfe f\u00fcr <a href=\"https:\/\/bolting.eu\/produkt-kategorie\/kletterausruestung\/expressschlingen\/\">Expressschlingen<\/a>.<\/p>\n<p>Dieses Kletterzubeh\u00f6r ist extrem praktisch. Denn zum einen hilft es sehr hoch gelegene 1. Haken direkt vom Boden einzuh\u00e4ngen. Und zum anderen kann man damit im Ernstfall auch in einer Route zum n\u00e4chsten Haken &#8220;hochschwindeln&#8221;. \u00dcberdies wird der Stick auch gerne beim Big Wall Klettern verwendet.<\/p>\n<p>Der faltbare LACD Clipstick ist verpackt 56cm lang. Er wird in einem eigenen Packsack geliefert und ist blitzschnell einsatzbereit. F\u00fcr den ordentlichen Halt des <a href=\"https:\/\/bolting.eu\/produkt-kategorie\/kletterausruestung\/karabiner-kletterkarabiner\/\">Kletterkarabiner<\/a> bzw. der Expressschlinge sorgt eine Metallklammer am Ende des Stockes.<\/p>\n<p>Kurzum. Wer immer wieder mal gef\u00e4hrliche Einstiege lieber mit eingeh\u00e4ngter 1. Schlinge klettert. Hier bist du richtig!<\/p>\n<h2>Eigenschaften LACD Clipstick<\/h2>\n<ul>\n<li>Hersteller: <a href=\"https:\/\/bolting.eu\/produkt-kategorie\/lacd\/\">LACD<\/a><\/li>\n<li>Material: Aluminium<\/li>\n<li>Gewicht: 650 Gramm<\/li>\n<li>Packma\u00df: 6x6x56cm<\/li>\n<li>inkl. Packsack<\/li>\n<li>Metallklammer f\u00fcr festen Halt des Karabiners \/ Express<\/li>\n<li>Stahlkabel zum Fixieren der Stangen<\/li>\n<\/ul>\n<h3>Gefahrenpotential am Routeneinstieg<\/h3>\n<p>Der LACD Clipstick soll ein Hilfsmittel bei unangenehmen Einstiegen sein. Denn zum einen kann dort der 1. Haken leider extrem gef\u00e4hrlich hoch gebohrt sein. Und zum anderen k\u00f6nnen Einstiege schwere Boulderpassagen haben. In beiden F\u00e4llen ist da nat\u00fcrlich eine Seilsicherung von oben wesentlich sicherer.<\/p>\n<p>Und dieses Problem l\u00f6st dieser Stick perfekt. Denn die eigene K\u00f6rpergr\u00f6\u00dfe bzw. Reichweite mit eingerechnet, lassen sich Haken bis zu etwa 4,5 Metern H\u00f6he noch perfekt einh\u00e4ngen.<\/p>\n<h3>LACD Clipstick &#8211; ordentliche Metallklammer<\/h3>\n<p>Der Vorteil dieser professionellen L\u00f6sung gegen\u00fcber Eigenbau Modellen ist die ausgekl\u00fcgelte Metallklammer. Denn sie sorgt sowohl f\u00fcr einen festen Halt des eingeh\u00e4ngten Karabiners als auch f\u00fcr einen offenen Schnapper.<\/p>\n<p>D.h. man kann zum einen auch schon sein Seil in die Express h\u00e4ngen. Dabei wird euch die Exe nicht herausfallen. Und zum anderen bleibt der Schnapper garantiert offen, sodass man auch im 1. Versuch den Karabiner einh\u00e4ngen kann.<\/p>\n<h3>Langlebiges Aluminium bzw. Stahlkabel<\/h3>\n<p>Der LACD Clipstick hat unserer Meinung nach folgende Vorteile. Erstens hat er einen super Preis. Zweitens sind 320cm eine ordentliche L\u00e4nge f\u00fcr einen Stick. Und drittens hat er keine Plastikteile die kaputt gehen k\u00f6nnen.<\/p>\n<p>D.h. seine Alu Stangen bzw. das Stahlkabel zum Fixieren der Elemente sind sehr langlebig. Wer ordentlich auf seinen Stick Acht gibt, wird lange eine Freude daran haben.<\/p>\n<h4><strong>Link Tipp<\/strong><\/h4>\n<p>Hier geht es zum <a href=\"https:\/\/www.lacd.de\/\" target=\"_blank\" rel=\"noopener\">Hersteller<\/a>.<\/p>\n","protected":false},"excerpt":{"rendered":"<p>320cm langer Clipstick von LACD inkl. Vorrichtung zum Einspannen von Karabinern zum leichteren Einh\u00e4ngen.<\/p>\n<p>Zusammengefaltet nur 56cm lang. Ideal f\u00fcr Massive mit hohem 1. Haken oder zum Techno Klettern.<\/p>\n<p>Versandkostenfrei bis 2kg in <img decoding=\"async\" class=\"emoji\" role=\"img\" draggable=\"false\" src=\"https:\/\/s.w.org\/images\/core\/emoji\/14.0.0\/svg\/1f1e6-1f1f9.svg\" alt=\"\ud83c\udde6\ud83c\uddf9\" \/> ab \u20ac 100,- und <img decoding=\"async\" class=\"emoji\" role=\"img\" draggable=\"false\" src=\"https:\/\/s.w.org\/images\/core\/emoji\/14.0.0\/svg\/1f1e9-1f1ea.svg\" alt=\"\ud83c\udde9\ud83c\uddea\" \/> ab \u20ac 200,-!<\/p>\n<p>&nbsp;<\/p>\n","protected":false},"featured_media":7374,"comment_status":"open","ping_status":"closed","template":"","meta":[],"product_brand":[],"product_cat":[4669,5061,13992,29,220],"product_tag":[],"class_list":{"0":"post-7373","1":"product","2":"type-product","3":"status-publish","4":"has-post-thumbnail","6":"product_cat-lacd","7":"product_cat-kletterzubehoer","8":"product_cat-clipstick","9":"product_cat-kletterausruestung","10":"product_cat-expressschlingen","12":"first","13":"outofstock","14":"taxable","15":"shipping-taxable","16":"purchasable","17":"product-type-simple"},"yoast_head":"<!-- This site is optimized with the Yoast SEO Premium plugin v26.9 (Yoast SEO v26.9) - https:\/\/yoast.com\/product\/yoast-seo-premium-wordpress\/ -->\n<title>LACD Clipstick Plus 320cm g\u00fcnstig online kaufen | bolting.eu<\/title>\n<meta name=\"description\" content=\"LACD CLIPSTICK Plus beim Kletter Hardwareprofi kaufen \u2705 Trusted Shop \u2705 kostenloser Versand* \u2705 14 Tage R\u00fcckgaberecht \u2705 Co2 neutrale Zustellung\" \/>\n<meta name=\"robots\" content=\"index, follow, max-snippet:-1, max-image-preview:large, max-video-preview:-1\" \/>\n<link rel=\"canonical\" href=\"https:\/\/bolting.eu\/en\/shop\/lacd-clipstick\/\" \/>\n<meta property=\"og:locale\" content=\"en_US\" \/>\n<meta property=\"og:type\" content=\"article\" \/>\n<meta property=\"og:title\" content=\"LACD Clipstick Plus\" \/>\n<meta property=\"og:description\" content=\"LACD CLIPSTICK Plus beim Kletter Hardwareprofi kaufen \u2705 Trusted Shop \u2705 kostenloser Versand* \u2705 14 Tage R\u00fcckgaberecht \u2705 Co2 neutrale Zustellung\" \/>\n<meta property=\"og:url\" content=\"https:\/\/bolting.eu\/en\/shop\/lacd-clipstick\/\" \/>\n<meta property=\"og:site_name\" content=\"bolting.eu\" \/>\n<meta property=\"article:publisher\" content=\"https:\/\/www.facebook.com\/bolting.eu\" \/>\n<meta property=\"article:modified_time\" content=\"2026-04-18T06:48:11+00:00\" \/>\n<meta property=\"og:image\" content=\"https:\/\/bolting.eu\/wp-content\/uploads\/2021\/01\/LACD-Clipstick-1.jpg\" \/>\n\t<meta property=\"og:image:width\" content=\"700\" \/>\n\t<meta property=\"og:image:height\" content=\"700\" \/>\n\t<meta property=\"og:image:type\" content=\"image\/jpeg\" \/>\n<meta name=\"twitter:card\" content=\"summary_large_image\" \/>\n<meta name=\"twitter:label1\" content=\"Price\" \/>\n\t<meta name=\"twitter:data1\" content=\"&euro;&nbsp;69,90\" \/>\n\t<meta name=\"twitter:label2\" content=\"Availability\" \/>\n\t<meta name=\"twitter:data2\" content=\"Out of stock\" \/>\n<script type=\"application\/ld+json\" class=\"yoast-schema-graph\">{\"@context\":\"https:\/\/schema.org\",\"@graph\":[{\"@type\":[\"WebPage\",\"ItemPage\"],\"@id\":\"https:\/\/bolting.eu\/en\/shop\/lacd-clipstick\/\",\"url\":\"https:\/\/bolting.eu\/en\/shop\/lacd-clipstick\/\",\"name\":\"LACD Clipstick Plus 320cm g\u00fcnstig online kaufen | bolting.eu\",\"isPartOf\":{\"@id\":\"https:\/\/bolting.eu\/en\/#website\"},\"primaryImageOfPage\":{\"@id\":\"https:\/\/bolting.eu\/en\/shop\/lacd-clipstick\/#primaryimage\"},\"image\":{\"@id\":\"https:\/\/bolting.eu\/en\/shop\/lacd-clipstick\/#primaryimage\"},\"thumbnailUrl\":\"https:\/\/bolting.eu\/wp-content\/uploads\/2021\/01\/LACD-Clipstick-1.jpg\",\"datePublished\":\"2021-01-06T16:14:04+00:00\",\"dateModified\":\"2026-04-18T06:48:11+00:00\",\"description\":\"LACD CLIPSTICK Plus beim Kletter Hardwareprofi kaufen \u2705 Trusted Shop \u2705 kostenloser Versand* \u2705 14 Tage R\u00fcckgaberecht \u2705 Co2 neutrale Zustellung\",\"breadcrumb\":{\"@id\":\"https:\/\/bolting.eu\/en\/shop\/lacd-clipstick\/#breadcrumb\"},\"inLanguage\":\"en-US\",\"potentialAction\":[{\"@type\":\"ReadAction\",\"target\":[\"https:\/\/bolting.eu\/en\/shop\/lacd-clipstick\/\"]}]},{\"@type\":\"ImageObject\",\"inLanguage\":\"en-US\",\"@id\":\"https:\/\/bolting.eu\/en\/shop\/lacd-clipstick\/#primaryimage\",\"url\":\"https:\/\/bolting.eu\/wp-content\/uploads\/2021\/01\/LACD-Clipstick-1.jpg\",\"contentUrl\":\"https:\/\/bolting.eu\/wp-content\/uploads\/2021\/01\/LACD-Clipstick-1.jpg\",\"width\":700,\"height\":700,\"caption\":\"DAs Bild zeigt die Metallklammer des LACD Clipstick mit einer eingeh\u00e4ngten Expressschlinge.\"},{\"@type\":\"BreadcrumbList\",\"@id\":\"https:\/\/bolting.eu\/en\/shop\/lacd-clipstick\/#breadcrumb\",\"itemListElement\":[{\"@type\":\"ListItem\",\"position\":1,\"name\":\"Shop\",\"item\":\"https:\/\/bolting.eu\/en\/shop\/\"},{\"@type\":\"ListItem\",\"position\":2,\"name\":\"climbing equipment\",\"item\":\"https:\/\/bolting.eu\/en\/produkt-kategorie\/climbing-equipment\/\"},{\"@type\":\"ListItem\",\"position\":3,\"name\":\"Climbing accessories\",\"item\":\"https:\/\/bolting.eu\/en\/produkt-kategorie\/climbing-accessories\/\"},{\"@type\":\"ListItem\",\"position\":4,\"name\":\"Clipstick\",\"item\":\"https:\/\/bolting.eu\/produkt-kategorie\/kletterausruestung\/kletterzubehoer\/clipstick\/\"},{\"@type\":\"ListItem\",\"position\":5,\"name\":\"LACD Clipstick Plus\"}]},{\"@type\":\"WebSite\",\"@id\":\"https:\/\/bolting.eu\/en\/#website\",\"url\":\"https:\/\/bolting.eu\/en\/\",\"name\":\"bolting.eu\",\"description\":\"we make climbs happen\",\"publisher\":{\"@id\":\"https:\/\/bolting.eu\/en\/#organization\"},\"potentialAction\":[{\"@type\":\"SearchAction\",\"target\":{\"@type\":\"EntryPoint\",\"urlTemplate\":\"https:\/\/bolting.eu\/en\/?s={search_term_string}\"},\"query-input\":{\"@type\":\"PropertyValueSpecification\",\"valueRequired\":true,\"valueName\":\"search_term_string\"}}],\"inLanguage\":\"en-US\"},{\"@type\":[\"Organization\",\"Place\",\"SportingGoodsStore\"],\"@id\":\"https:\/\/bolting.eu\/en\/#organization\",\"name\":\"bolting.eu\",\"url\":\"https:\/\/bolting.eu\/en\/\",\"logo\":{\"@id\":\"https:\/\/bolting.eu\/en\/shop\/lacd-clipstick\/#local-main-organization-logo\"},\"image\":{\"@id\":\"https:\/\/bolting.eu\/en\/shop\/lacd-clipstick\/#local-main-organization-logo\"},\"sameAs\":[\"https:\/\/www.facebook.com\/bolting.eu\",\"https:\/\/www.instagram.com\/bolting.eu\/\"],\"address\":{\"@id\":\"https:\/\/bolting.eu\/en\/shop\/lacd-clipstick\/#local-main-place-address\"},\"geo\":{\"@type\":\"GeoCoordinates\",\"latitude\":\"47.264176340396226\",\"longitude\":\"11.380109057672346\"},\"telephone\":[\"+43 699 19083372\"],\"openingHoursSpecification\":[{\"@type\":\"OpeningHoursSpecification\",\"dayOfWeek\":[\"Monday\",\"Wednesday\",\"Friday\"],\"opens\":\"14:00\",\"closes\":\"18:00\"},{\"@type\":\"OpeningHoursSpecification\",\"dayOfWeek\":[\"Tuesday\",\"Thursday\",\"Saturday\",\"Sunday\"],\"opens\":\"00:00\",\"closes\":\"00:00\"}],\"email\":\"office@bolting.eu\",\"vatID\":\"ATU59999728\",\"priceRange\":\"$$\",\"currenciesAccepted\":\"Euro\"},{\"@type\":\"PostalAddress\",\"@id\":\"https:\/\/bolting.eu\/en\/shop\/lacd-clipstick\/#local-main-place-address\",\"streetAddress\":\"Fischnalerstra\u00dfe 4\",\"addressLocality\":\"Innsbruck\",\"postalCode\":\"6020\",\"addressRegion\":\"Tirol\",\"addressCountry\":\"AT\"},{\"@type\":\"ImageObject\",\"inLanguage\":\"en-US\",\"@id\":\"https:\/\/bolting.eu\/en\/shop\/lacd-clipstick\/#local-main-organization-logo\",\"url\":\"https:\/\/bolting.eu\/wp-content\/uploads\/2019\/09\/bolting-logo.png\",\"contentUrl\":\"https:\/\/bolting.eu\/wp-content\/uploads\/2019\/09\/bolting-logo.png\",\"width\":400,\"height\":211,\"caption\":\"bolting.eu\"}]}<\/script>\n<meta property=\"product:price:amount\" content=\"69.90\" \/>\n<meta property=\"product:price:currency\" content=\"EUR\" \/>\n<meta property=\"og:availability\" content=\"out of stock\" \/>\n<meta property=\"product:availability\" content=\"out of stock\" \/>\n<meta property=\"product:retailer_item_id\" content=\"1305\" \/>\n<meta property=\"product:condition\" content=\"new\" \/>\n<meta name=\"geo.placename\" content=\"Innsbruck\" \/>\n<meta name=\"geo.position\" content=\"47.264176340396226;11.380109057672346\" \/>\n<meta name=\"geo.region\" content=\"Austria\" \/>\n<!-- \/ Yoast SEO Premium plugin. -->","yoast_head_json":{"title":"LACD Clipstick Plus 320cm g\u00fcnstig online kaufen | bolting.eu","description":"LACD CLIPSTICK Plus beim Kletter Hardwareprofi kaufen \u2705 Trusted Shop \u2705 kostenloser Versand* \u2705 14 Tage R\u00fcckgaberecht \u2705 Co2 neutrale Zustellung","robots":{"index":"index","follow":"follow","max-snippet":"max-snippet:-1","max-image-preview":"max-image-preview:large","max-video-preview":"max-video-preview:-1"},"canonical":"https:\/\/bolting.eu\/en\/shop\/lacd-clipstick\/","og_locale":"en_US","og_type":"article","og_title":"LACD Clipstick Plus","og_description":"LACD CLIPSTICK Plus beim Kletter Hardwareprofi kaufen \u2705 Trusted Shop \u2705 kostenloser Versand* \u2705 14 Tage R\u00fcckgaberecht \u2705 Co2 neutrale Zustellung","og_url":"https:\/\/bolting.eu\/en\/shop\/lacd-clipstick\/","og_site_name":"bolting.eu","article_publisher":"https:\/\/www.facebook.com\/bolting.eu","article_modified_time":"2026-04-18T06:48:11+00:00","og_image":[{"width":700,"height":700,"url":"https:\/\/bolting.eu\/wp-content\/uploads\/2021\/01\/LACD-Clipstick-1.jpg","type":"image\/jpeg"}],"twitter_card":"summary_large_image","twitter_misc":{"Price":"&euro;&nbsp;69,90","Availability":"Out of stock"},"schema":{"@context":"https:\/\/schema.org","@graph":[{"@type":["WebPage","ItemPage"],"@id":"https:\/\/bolting.eu\/en\/shop\/lacd-clipstick\/","url":"https:\/\/bolting.eu\/en\/shop\/lacd-clipstick\/","name":"LACD Clipstick Plus 320cm g\u00fcnstig online kaufen | bolting.eu","isPartOf":{"@id":"https:\/\/bolting.eu\/en\/#website"},"primaryImageOfPage":{"@id":"https:\/\/bolting.eu\/en\/shop\/lacd-clipstick\/#primaryimage"},"image":{"@id":"https:\/\/bolting.eu\/en\/shop\/lacd-clipstick\/#primaryimage"},"thumbnailUrl":"https:\/\/bolting.eu\/wp-content\/uploads\/2021\/01\/LACD-Clipstick-1.jpg","datePublished":"2021-01-06T16:14:04+00:00","dateModified":"2026-04-18T06:48:11+00:00","description":"LACD CLIPSTICK Plus beim Kletter Hardwareprofi kaufen \u2705 Trusted Shop \u2705 kostenloser Versand* \u2705 14 Tage R\u00fcckgaberecht \u2705 Co2 neutrale Zustellung","breadcrumb":{"@id":"https:\/\/bolting.eu\/en\/shop\/lacd-clipstick\/#breadcrumb"},"inLanguage":"en-US","potentialAction":[{"@type":"ReadAction","target":["https:\/\/bolting.eu\/en\/shop\/lacd-clipstick\/"]}]},{"@type":"ImageObject","inLanguage":"en-US","@id":"https:\/\/bolting.eu\/en\/shop\/lacd-clipstick\/#primaryimage","url":"https:\/\/bolting.eu\/wp-content\/uploads\/2021\/01\/LACD-Clipstick-1.jpg","contentUrl":"https:\/\/bolting.eu\/wp-content\/uploads\/2021\/01\/LACD-Clipstick-1.jpg","width":700,"height":700,"caption":"DAs Bild zeigt die Metallklammer des LACD Clipstick mit einer eingeh\u00e4ngten Expressschlinge."},{"@type":"BreadcrumbList","@id":"https:\/\/bolting.eu\/en\/shop\/lacd-clipstick\/#breadcrumb","itemListElement":[{"@type":"ListItem","position":1,"name":"Shop","item":"https:\/\/bolting.eu\/en\/shop\/"},{"@type":"ListItem","position":2,"name":"climbing equipment","item":"https:\/\/bolting.eu\/en\/produkt-kategorie\/climbing-equipment\/"},{"@type":"ListItem","position":3,"name":"Climbing accessories","item":"https:\/\/bolting.eu\/en\/produkt-kategorie\/climbing-accessories\/"},{"@type":"ListItem","position":4,"name":"Clipstick","item":"https:\/\/bolting.eu\/produkt-kategorie\/kletterausruestung\/kletterzubehoer\/clipstick\/"},{"@type":"ListItem","position":5,"name":"LACD Clipstick Plus"}]},{"@type":"WebSite","@id":"https:\/\/bolting.eu\/en\/#website","url":"https:\/\/bolting.eu\/en\/","name":"bolting.eu","description":"we make climbs happen","publisher":{"@id":"https:\/\/bolting.eu\/en\/#organization"},"potentialAction":[{"@type":"SearchAction","target":{"@type":"EntryPoint","urlTemplate":"https:\/\/bolting.eu\/en\/?s={search_term_string}"},"query-input":{"@type":"PropertyValueSpecification","valueRequired":true,"valueName":"search_term_string"}}],"inLanguage":"en-US"},{"@type":["Organization","Place","SportingGoodsStore"],"@id":"https:\/\/bolting.eu\/en\/#organization","name":"bolting.eu","url":"https:\/\/bolting.eu\/en\/","logo":{"@id":"https:\/\/bolting.eu\/en\/shop\/lacd-clipstick\/#local-main-organization-logo"},"image":{"@id":"https:\/\/bolting.eu\/en\/shop\/lacd-clipstick\/#local-main-organization-logo"},"sameAs":["https:\/\/www.facebook.com\/bolting.eu","https:\/\/www.instagram.com\/bolting.eu\/"],"address":{"@id":"https:\/\/bolting.eu\/en\/shop\/lacd-clipstick\/#local-main-place-address"},"geo":{"@type":"GeoCoordinates","latitude":"47.264176340396226","longitude":"11.380109057672346"},"telephone":["+43 699 19083372"],"openingHoursSpecification":[{"@type":"OpeningHoursSpecification","dayOfWeek":["Monday","Wednesday","Friday"],"opens":"14:00","closes":"18:00"},{"@type":"OpeningHoursSpecification","dayOfWeek":["Tuesday","Thursday","Saturday","Sunday"],"opens":"00:00","closes":"00:00"}],"email":"office@bolting.eu","vatID":"ATU59999728","priceRange":"$$","currenciesAccepted":"Euro"},{"@type":"PostalAddress","@id":"https:\/\/bolting.eu\/en\/shop\/lacd-clipstick\/#local-main-place-address","streetAddress":"Fischnalerstra\u00dfe 4","addressLocality":"Innsbruck","postalCode":"6020","addressRegion":"Tirol","addressCountry":"AT"},{"@type":"ImageObject","inLanguage":"en-US","@id":"https:\/\/bolting.eu\/en\/shop\/lacd-clipstick\/#local-main-organization-logo","url":"https:\/\/bolting.eu\/wp-content\/uploads\/2019\/09\/bolting-logo.png","contentUrl":"https:\/\/bolting.eu\/wp-content\/uploads\/2019\/09\/bolting-logo.png","width":400,"height":211,"caption":"bolting.eu"}]},"product_price_amount":"69.90","product_price_currency":"EUR","og_availability":"out of stock","product_availability":"out of stock","product_retailer_item_id":"1305","product_condition":"new","geo.placename":"Innsbruck","geo.position":{"lat":"47.264176340396226","long":"11.380109057672346"},"geo.region":"Austria"},"_links":{"self":[{"href":"https:\/\/bolting.eu\/en\/wp-json\/wp\/v2\/product\/7373","targetHints":{"allow":["GET"]}}],"collection":[{"href":"https:\/\/bolting.eu\/en\/wp-json\/wp\/v2\/product"}],"about":[{"href":"https:\/\/bolting.eu\/en\/wp-json\/wp\/v2\/types\/product"}],"replies":[{"embeddable":true,"href":"https:\/\/bolting.eu\/en\/wp-json\/wp\/v2\/comments?post=7373"}],"wp:featuredmedia":[{"embeddable":true,"href":"https:\/\/bolting.eu\/en\/wp-json\/wp\/v2\/media\/7374"}],"wp:attachment":[{"href":"https:\/\/bolting.eu\/en\/wp-json\/wp\/v2\/media?parent=7373"}],"wp:term":[{"taxonomy":"product_brand","embeddable":true,"href":"https:\/\/bolting.eu\/en\/wp-json\/wp\/v2\/product_brand?post=7373"},{"taxonomy":"product_cat","embeddable":true,"href":"https:\/\/bolting.eu\/en\/wp-json\/wp\/v2\/product_cat?post=7373"},{"taxonomy":"product_tag","embeddable":true,"href":"https:\/\/bolting.eu\/en\/wp-json\/wp\/v2\/product_tag?post=7373"}],"curies":[{"name":"wp","href":"https:\/\/api.w.org\/{rel}","templated":true}]}}