{"id":7335,"date":"2021-01-03T17:09:35","date_gmt":"2021-01-03T16:09:35","guid":{"rendered":"https:\/\/bolting.eu\/?post_type=product&#038;p=7335"},"modified":"2025-07-25T17:15:13","modified_gmt":"2025-07-25T15:15:13","slug":"edelrid-hms-bulletproof-screw-fg","status":"publish","type":"product","link":"https:\/\/bolting.eu\/en\/shop\/edelrid-hms-bulletproof-screw-fg\/","title":{"rendered":"Edelrid HMS Bulletproof Screw FG"},"content":{"rendered":"<p>Der Edelrid HMS Bulletproof Screw FG ist ein extrem abriebfester HMS Karabiner. Er geh\u00f6rt zu neuen Generation an Karabinern von Edelrid mit einem Edelstahl Einsatz im Scheitel. Dieses Inlet macht ihn extrem langlebig im Vergleich zu &#8220;normalen&#8221; Alu Karabinern.<\/p>\n<p>Dieses Produkt ist nat\u00fcrlich zu allen Edelrid Sicherungsger\u00e4ten kompatibel. Hier spielt das Edelstahl Inlet besonders gut seine gro\u00dfe St\u00e4rke aus. Die oben bereits angef\u00fchrte Abriebfestigkeit. Denn w\u00e4hren Alu Karabiner rasch Rillen bekommen k\u00f6nnen, macht die Belastung den Bulletproof Modellen nichts aus.<\/p>\n<p>Zudem sorgt beim Edelrid <a href=\"https:\/\/bolting.eu\/produkt-kategorie\/kletterausruestung\/kletterkarabiner\/hms-karabiner\/\">HMS<\/a> Bulletproof Screw FG ein Verdrehschutz f\u00fcr zus\u00e4tzliche Sicherheit. Denn ein kleiner Drahtb\u00fcgel sorgt f\u00fcr die fixe Ausrichtung des Karabiners in L\u00e4ngsrichtung. Somit gibt es keine gef\u00e4hrliche Querbelastung!<\/p>\n<p>Kurzum. Ihr m\u00f6chtet zu eurem Edelrid Jul Ger\u00e4ten bzw. Tuber oder Reverso einen extrem langlebigen Karabiner dazu kaufen? Hier seid ihr goldrichtig!<\/p>\n<h2>Eigenschaften Edelrid HMS Bulletproof Screw FG<\/h2>\n<ul>\n<li>Hersteller: <a href=\"https:\/\/bolting.eu\/produkt-kategorie\/edelrid\/\">Edelrid<\/a><\/li>\n<li>Material: Aluminium bzw. Einsatz aus Edelstahl<\/li>\n<li>Farbe: oasis (gelb-gr\u00fcn)<\/li>\n<li>EN Norm 12275, EN 362 bzw. UIAA 121<\/li>\n<li>Verschluss: Schraubverschluss<\/li>\n<li>Verdrehschutz: kleiner Drahtb\u00fcgel<\/li>\n<li>Bruchlasten 25kN l\u00e4ngs \/ 9kN offen \/ 9kN Querachse<\/li>\n<li>Gr\u00f6\u00dfe 110 x 89mm<\/li>\n<li>Schnapper\u00f6ffnung: 24mm<\/li>\n<li>Gewicht: 82 Gramm<\/li>\n<li>Made in Germany<\/li>\n<\/ul>\n<h3>Kompatibel zu allen Jul Ger\u00e4ten<\/h3>\n<p>Der Edelrid HMS Bulletproof Screw FG ist ja speziell f\u00fcr das Sichern mit Auto Tubern gebaut. Folglich ist er zu allen <a href=\"https:\/\/bolting.eu\/produkt-kategorie\/kletterausruestung\/sicherungsgeraete-klettern\/edelrid-sicherungsgeraet\/\">Edelrid Sicherungsger\u00e4ten<\/a> der Jul Familie kompatibel.<\/p>\n<p>Hierbei sorgt er f\u00fcr bestes Handling bei voller Funktion. Was ihn dabei auszeichnet ist nat\u00fcrlich die bereits beschriebene Langlebigkeit. Dem Stahl Inlet sei Dank!<\/p>\n<h3>Ideal f\u00fcr HMS Sicherung<\/h3>\n<p>Der Edelrid HMS Bulletproof Screw FG ist aber auch alleine eine feine Sache. Denn wie der Name es andeutet, er ist perfekt f\u00fcr die Halbmastwurf Sicherung.<\/p>\n<p>Das Seil springt dabei zum einen perfekt um den Scheitel. Und zum anderen ist der Karabiner ja perfekt in L\u00e4ngsrichtung gedreht. Somit steht einem Sichern bzw. dem Abseilen mit dieser klassischen Methode nichts mehr im Wege!<\/p>\n<h4><strong>Link Tipp<\/strong><\/h4>\n<p>Hier geht es zum <a href=\"https:\/\/www.edelrid.de\" target=\"_blank\" rel=\"noopener\">Hersteller<\/a>!<\/p>\n","protected":false},"excerpt":{"rendered":"<p>Spezieller HMS Karabiner mit Stahlinlet im gro\u00dfen Schenkel. Verhindert schnellen Abrieb am Aluminium.<\/p>\n<p>Mit kleiner Feder zum Fixieren an der Anseilschlaufe. Ideal f\u00fcr Verwendung mit Jul Ger\u00e4ten, allen Arten von Tubern und als HMS Sicherung.<\/p>\n<p>Versandkostenfrei bis 2kg in <img decoding=\"async\" class=\"emoji\" role=\"img\" draggable=\"false\" src=\"https:\/\/s.w.org\/images\/core\/emoji\/13.1.0\/svg\/1f1e6-1f1f9.svg\" alt=\"\ud83c\udde6\ud83c\uddf9\" \/> ab \u20ac 100,- und <img decoding=\"async\" class=\"emoji\" role=\"img\" draggable=\"false\" src=\"https:\/\/s.w.org\/images\/core\/emoji\/13.1.0\/svg\/1f1e9-1f1ea.svg\" alt=\"\ud83c\udde9\ud83c\uddea\" \/> ab \u20ac 200,-!<\/p>\n","protected":false},"featured_media":7336,"comment_status":"open","ping_status":"closed","template":"","meta":[],"product_brand":[],"product_cat":[44,3009,4655,13358,14193,29],"product_tag":[],"class_list":{"0":"post-7335","1":"product","2":"type-product","3":"status-publish","4":"has-post-thumbnail","6":"product_cat-kletterkarabiner","7":"product_cat-schraubkarabiner","8":"product_cat-edelrid","9":"product_cat-hms-karabiner","10":"product_cat-sicherungskarabiner","11":"product_cat-kletterausruestung","13":"first","14":"instock","15":"taxable","16":"shipping-taxable","17":"purchasable","18":"product-type-simple"},"yoast_head":"<!-- This site is optimized with the Yoast SEO Premium plugin v26.9 (Yoast SEO v26.9) - https:\/\/yoast.com\/product\/yoast-seo-premium-wordpress\/ -->\n<title>Edelrid HMS Bulletproof Screw FG online kaufen | bolting.eu<\/title>\n<meta name=\"description\" content=\"Hier findest Du den EDELRID HMS BULLETPROOF SCREW FG. Einen super abriebfesten HMS Schraubkarabiner inklusive Verdrehschutz!\" \/>\n<meta name=\"robots\" content=\"index, follow, max-snippet:-1, max-image-preview:large, max-video-preview:-1\" \/>\n<link rel=\"canonical\" href=\"https:\/\/bolting.eu\/en\/shop\/edelrid-hms-bulletproof-screw-fg\/\" \/>\n<meta property=\"og:locale\" content=\"en_US\" \/>\n<meta property=\"og:type\" content=\"article\" \/>\n<meta property=\"og:title\" content=\"Edelrid HMS Bulletproof Screw FG\" \/>\n<meta property=\"og:description\" content=\"Hier findest Du den EDELRID HMS BULLETPROOF SCREW FG. Einen super abriebfesten HMS Schraubkarabiner inklusive Verdrehschutz!\" \/>\n<meta property=\"og:url\" content=\"https:\/\/bolting.eu\/en\/shop\/edelrid-hms-bulletproof-screw-fg\/\" \/>\n<meta property=\"og:site_name\" content=\"bolting.eu\" \/>\n<meta property=\"article:publisher\" content=\"https:\/\/www.facebook.com\/bolting.eu\" \/>\n<meta property=\"article:modified_time\" content=\"2025-07-25T15:15:13+00:00\" \/>\n<meta property=\"og:image\" content=\"https:\/\/bolting.eu\/wp-content\/uploads\/2021\/01\/Edelrid-HMS-Bulletproof-Screw-FG-1.jpg\" \/>\n\t<meta property=\"og:image:width\" content=\"700\" \/>\n\t<meta property=\"og:image:height\" content=\"700\" \/>\n\t<meta property=\"og:image:type\" content=\"image\/jpeg\" \/>\n<meta name=\"twitter:card\" content=\"summary_large_image\" \/>\n<meta name=\"twitter:label1\" content=\"Price\" \/>\n\t<meta name=\"twitter:data1\" content=\"&euro;&nbsp;26,00\" \/>\n\t<meta name=\"twitter:label2\" content=\"Availability\" \/>\n\t<meta name=\"twitter:data2\" content=\"In stock\" \/>\n<script type=\"application\/ld+json\" class=\"yoast-schema-graph\">{\"@context\":\"https:\/\/schema.org\",\"@graph\":[{\"@type\":[\"WebPage\",\"ItemPage\"],\"@id\":\"https:\/\/bolting.eu\/en\/shop\/edelrid-hms-bulletproof-screw-fg\/\",\"url\":\"https:\/\/bolting.eu\/en\/shop\/edelrid-hms-bulletproof-screw-fg\/\",\"name\":\"Edelrid HMS Bulletproof Screw FG online kaufen | bolting.eu\",\"isPartOf\":{\"@id\":\"https:\/\/bolting.eu\/en\/#website\"},\"primaryImageOfPage\":{\"@id\":\"https:\/\/bolting.eu\/en\/shop\/edelrid-hms-bulletproof-screw-fg\/#primaryimage\"},\"image\":{\"@id\":\"https:\/\/bolting.eu\/en\/shop\/edelrid-hms-bulletproof-screw-fg\/#primaryimage\"},\"thumbnailUrl\":\"https:\/\/bolting.eu\/wp-content\/uploads\/2021\/01\/Edelrid-HMS-Bulletproof-Screw-FG-1.jpg\",\"datePublished\":\"2021-01-03T16:09:35+00:00\",\"dateModified\":\"2025-07-25T15:15:13+00:00\",\"description\":\"Hier findest Du den EDELRID HMS BULLETPROOF SCREW FG. Einen super abriebfesten HMS Schraubkarabiner inklusive Verdrehschutz!\",\"breadcrumb\":{\"@id\":\"https:\/\/bolting.eu\/en\/shop\/edelrid-hms-bulletproof-screw-fg\/#breadcrumb\"},\"inLanguage\":\"en-US\",\"potentialAction\":[{\"@type\":\"ReadAction\",\"target\":[\"https:\/\/bolting.eu\/en\/shop\/edelrid-hms-bulletproof-screw-fg\/\"]}]},{\"@type\":\"ImageObject\",\"inLanguage\":\"en-US\",\"@id\":\"https:\/\/bolting.eu\/en\/shop\/edelrid-hms-bulletproof-screw-fg\/#primaryimage\",\"url\":\"https:\/\/bolting.eu\/wp-content\/uploads\/2021\/01\/Edelrid-HMS-Bulletproof-Screw-FG-1.jpg\",\"contentUrl\":\"https:\/\/bolting.eu\/wp-content\/uploads\/2021\/01\/Edelrid-HMS-Bulletproof-Screw-FG-1.jpg\",\"width\":700,\"height\":700,\"caption\":\"Das Bild zeigt den gelben Edelrid HMS Bulletproof Screw FG Karabiner. Er steht in Bildmitte eines wei\u00dfen Quadrates mit dem Shraubverschluss links. Oben im Scheitel der helle Stahleinsatz unten der kleine Verdrehschutz Drahtb\u00fcgel.\"},{\"@type\":\"BreadcrumbList\",\"@id\":\"https:\/\/bolting.eu\/en\/shop\/edelrid-hms-bulletproof-screw-fg\/#breadcrumb\",\"itemListElement\":[{\"@type\":\"ListItem\",\"position\":1,\"name\":\"Shop\",\"item\":\"https:\/\/bolting.eu\/en\/shop\/\"},{\"@type\":\"ListItem\",\"position\":2,\"name\":\"climbing equipment\",\"item\":\"https:\/\/bolting.eu\/en\/produkt-kategorie\/climbing-equipment\/\"},{\"@type\":\"ListItem\",\"position\":3,\"name\":\"Climbing carabiner\",\"item\":\"https:\/\/bolting.eu\/en\/produkt-kategorie\/climbing-carabiner\/\"},{\"@type\":\"ListItem\",\"position\":4,\"name\":\"Sicherungskarabiner\",\"item\":\"https:\/\/bolting.eu\/produkt-kategorie\/kletterausruestung\/kletterkarabiner\/sicherungskarabiner\/\"},{\"@type\":\"ListItem\",\"position\":5,\"name\":\"Edelrid HMS Bulletproof Screw FG\"}]},{\"@type\":\"WebSite\",\"@id\":\"https:\/\/bolting.eu\/en\/#website\",\"url\":\"https:\/\/bolting.eu\/en\/\",\"name\":\"bolting.eu\",\"description\":\"we make climbs happen\",\"publisher\":{\"@id\":\"https:\/\/bolting.eu\/en\/#organization\"},\"potentialAction\":[{\"@type\":\"SearchAction\",\"target\":{\"@type\":\"EntryPoint\",\"urlTemplate\":\"https:\/\/bolting.eu\/en\/?s={search_term_string}\"},\"query-input\":{\"@type\":\"PropertyValueSpecification\",\"valueRequired\":true,\"valueName\":\"search_term_string\"}}],\"inLanguage\":\"en-US\"},{\"@type\":[\"Organization\",\"Place\",\"SportingGoodsStore\"],\"@id\":\"https:\/\/bolting.eu\/en\/#organization\",\"name\":\"bolting.eu\",\"url\":\"https:\/\/bolting.eu\/en\/\",\"logo\":{\"@id\":\"https:\/\/bolting.eu\/en\/shop\/edelrid-hms-bulletproof-screw-fg\/#local-main-organization-logo\"},\"image\":{\"@id\":\"https:\/\/bolting.eu\/en\/shop\/edelrid-hms-bulletproof-screw-fg\/#local-main-organization-logo\"},\"sameAs\":[\"https:\/\/www.facebook.com\/bolting.eu\",\"https:\/\/www.instagram.com\/bolting.eu\/\"],\"address\":{\"@id\":\"https:\/\/bolting.eu\/en\/shop\/edelrid-hms-bulletproof-screw-fg\/#local-main-place-address\"},\"geo\":{\"@type\":\"GeoCoordinates\",\"latitude\":\"47.264176340396226\",\"longitude\":\"11.380109057672346\"},\"telephone\":[\"+43 699 19083372\"],\"openingHoursSpecification\":[{\"@type\":\"OpeningHoursSpecification\",\"dayOfWeek\":[\"Monday\",\"Wednesday\",\"Friday\"],\"opens\":\"14:00\",\"closes\":\"18:00\"},{\"@type\":\"OpeningHoursSpecification\",\"dayOfWeek\":[\"Tuesday\",\"Thursday\",\"Saturday\",\"Sunday\"],\"opens\":\"00:00\",\"closes\":\"00:00\"}],\"email\":\"office@bolting.eu\",\"vatID\":\"ATU59999728\",\"priceRange\":\"$$\",\"currenciesAccepted\":\"Euro\"},{\"@type\":\"PostalAddress\",\"@id\":\"https:\/\/bolting.eu\/en\/shop\/edelrid-hms-bulletproof-screw-fg\/#local-main-place-address\",\"streetAddress\":\"Fischnalerstra\u00dfe 4\",\"addressLocality\":\"Innsbruck\",\"postalCode\":\"6020\",\"addressRegion\":\"Tirol\",\"addressCountry\":\"AT\"},{\"@type\":\"ImageObject\",\"inLanguage\":\"en-US\",\"@id\":\"https:\/\/bolting.eu\/en\/shop\/edelrid-hms-bulletproof-screw-fg\/#local-main-organization-logo\",\"url\":\"https:\/\/bolting.eu\/wp-content\/uploads\/2019\/09\/bolting-logo.png\",\"contentUrl\":\"https:\/\/bolting.eu\/wp-content\/uploads\/2019\/09\/bolting-logo.png\",\"width\":400,\"height\":211,\"caption\":\"bolting.eu\"}]}<\/script>\n<meta property=\"product:price:amount\" content=\"26.00\" \/>\n<meta property=\"product:price:currency\" content=\"EUR\" \/>\n<meta property=\"og:availability\" content=\"instock\" \/>\n<meta property=\"product:availability\" content=\"instock\" \/>\n<meta property=\"product:retailer_item_id\" content=\"738130001380\" \/>\n<meta property=\"product:condition\" content=\"new\" \/>\n<meta name=\"geo.placename\" content=\"Innsbruck\" \/>\n<meta name=\"geo.position\" content=\"47.264176340396226;11.380109057672346\" \/>\n<meta name=\"geo.region\" content=\"Austria\" \/>\n<!-- \/ Yoast SEO Premium plugin. -->","yoast_head_json":{"title":"Edelrid HMS Bulletproof Screw FG online kaufen | bolting.eu","description":"Hier findest Du den EDELRID HMS BULLETPROOF SCREW FG. Einen super abriebfesten HMS Schraubkarabiner inklusive Verdrehschutz!","robots":{"index":"index","follow":"follow","max-snippet":"max-snippet:-1","max-image-preview":"max-image-preview:large","max-video-preview":"max-video-preview:-1"},"canonical":"https:\/\/bolting.eu\/en\/shop\/edelrid-hms-bulletproof-screw-fg\/","og_locale":"en_US","og_type":"article","og_title":"Edelrid HMS Bulletproof Screw FG","og_description":"Hier findest Du den EDELRID HMS BULLETPROOF SCREW FG. Einen super abriebfesten HMS Schraubkarabiner inklusive Verdrehschutz!","og_url":"https:\/\/bolting.eu\/en\/shop\/edelrid-hms-bulletproof-screw-fg\/","og_site_name":"bolting.eu","article_publisher":"https:\/\/www.facebook.com\/bolting.eu","article_modified_time":"2025-07-25T15:15:13+00:00","og_image":[{"width":700,"height":700,"url":"https:\/\/bolting.eu\/wp-content\/uploads\/2021\/01\/Edelrid-HMS-Bulletproof-Screw-FG-1.jpg","type":"image\/jpeg"}],"twitter_card":"summary_large_image","twitter_misc":{"Price":"&euro;&nbsp;26,00","Availability":"In stock"},"schema":{"@context":"https:\/\/schema.org","@graph":[{"@type":["WebPage","ItemPage"],"@id":"https:\/\/bolting.eu\/en\/shop\/edelrid-hms-bulletproof-screw-fg\/","url":"https:\/\/bolting.eu\/en\/shop\/edelrid-hms-bulletproof-screw-fg\/","name":"Edelrid HMS Bulletproof Screw FG online kaufen | bolting.eu","isPartOf":{"@id":"https:\/\/bolting.eu\/en\/#website"},"primaryImageOfPage":{"@id":"https:\/\/bolting.eu\/en\/shop\/edelrid-hms-bulletproof-screw-fg\/#primaryimage"},"image":{"@id":"https:\/\/bolting.eu\/en\/shop\/edelrid-hms-bulletproof-screw-fg\/#primaryimage"},"thumbnailUrl":"https:\/\/bolting.eu\/wp-content\/uploads\/2021\/01\/Edelrid-HMS-Bulletproof-Screw-FG-1.jpg","datePublished":"2021-01-03T16:09:35+00:00","dateModified":"2025-07-25T15:15:13+00:00","description":"Hier findest Du den EDELRID HMS BULLETPROOF SCREW FG. Einen super abriebfesten HMS Schraubkarabiner inklusive Verdrehschutz!","breadcrumb":{"@id":"https:\/\/bolting.eu\/en\/shop\/edelrid-hms-bulletproof-screw-fg\/#breadcrumb"},"inLanguage":"en-US","potentialAction":[{"@type":"ReadAction","target":["https:\/\/bolting.eu\/en\/shop\/edelrid-hms-bulletproof-screw-fg\/"]}]},{"@type":"ImageObject","inLanguage":"en-US","@id":"https:\/\/bolting.eu\/en\/shop\/edelrid-hms-bulletproof-screw-fg\/#primaryimage","url":"https:\/\/bolting.eu\/wp-content\/uploads\/2021\/01\/Edelrid-HMS-Bulletproof-Screw-FG-1.jpg","contentUrl":"https:\/\/bolting.eu\/wp-content\/uploads\/2021\/01\/Edelrid-HMS-Bulletproof-Screw-FG-1.jpg","width":700,"height":700,"caption":"Das Bild zeigt den gelben Edelrid HMS Bulletproof Screw FG Karabiner. Er steht in Bildmitte eines wei\u00dfen Quadrates mit dem Shraubverschluss links. Oben im Scheitel der helle Stahleinsatz unten der kleine Verdrehschutz Drahtb\u00fcgel."},{"@type":"BreadcrumbList","@id":"https:\/\/bolting.eu\/en\/shop\/edelrid-hms-bulletproof-screw-fg\/#breadcrumb","itemListElement":[{"@type":"ListItem","position":1,"name":"Shop","item":"https:\/\/bolting.eu\/en\/shop\/"},{"@type":"ListItem","position":2,"name":"climbing equipment","item":"https:\/\/bolting.eu\/en\/produkt-kategorie\/climbing-equipment\/"},{"@type":"ListItem","position":3,"name":"Climbing carabiner","item":"https:\/\/bolting.eu\/en\/produkt-kategorie\/climbing-carabiner\/"},{"@type":"ListItem","position":4,"name":"Sicherungskarabiner","item":"https:\/\/bolting.eu\/produkt-kategorie\/kletterausruestung\/kletterkarabiner\/sicherungskarabiner\/"},{"@type":"ListItem","position":5,"name":"Edelrid HMS Bulletproof Screw FG"}]},{"@type":"WebSite","@id":"https:\/\/bolting.eu\/en\/#website","url":"https:\/\/bolting.eu\/en\/","name":"bolting.eu","description":"we make climbs happen","publisher":{"@id":"https:\/\/bolting.eu\/en\/#organization"},"potentialAction":[{"@type":"SearchAction","target":{"@type":"EntryPoint","urlTemplate":"https:\/\/bolting.eu\/en\/?s={search_term_string}"},"query-input":{"@type":"PropertyValueSpecification","valueRequired":true,"valueName":"search_term_string"}}],"inLanguage":"en-US"},{"@type":["Organization","Place","SportingGoodsStore"],"@id":"https:\/\/bolting.eu\/en\/#organization","name":"bolting.eu","url":"https:\/\/bolting.eu\/en\/","logo":{"@id":"https:\/\/bolting.eu\/en\/shop\/edelrid-hms-bulletproof-screw-fg\/#local-main-organization-logo"},"image":{"@id":"https:\/\/bolting.eu\/en\/shop\/edelrid-hms-bulletproof-screw-fg\/#local-main-organization-logo"},"sameAs":["https:\/\/www.facebook.com\/bolting.eu","https:\/\/www.instagram.com\/bolting.eu\/"],"address":{"@id":"https:\/\/bolting.eu\/en\/shop\/edelrid-hms-bulletproof-screw-fg\/#local-main-place-address"},"geo":{"@type":"GeoCoordinates","latitude":"47.264176340396226","longitude":"11.380109057672346"},"telephone":["+43 699 19083372"],"openingHoursSpecification":[{"@type":"OpeningHoursSpecification","dayOfWeek":["Monday","Wednesday","Friday"],"opens":"14:00","closes":"18:00"},{"@type":"OpeningHoursSpecification","dayOfWeek":["Tuesday","Thursday","Saturday","Sunday"],"opens":"00:00","closes":"00:00"}],"email":"office@bolting.eu","vatID":"ATU59999728","priceRange":"$$","currenciesAccepted":"Euro"},{"@type":"PostalAddress","@id":"https:\/\/bolting.eu\/en\/shop\/edelrid-hms-bulletproof-screw-fg\/#local-main-place-address","streetAddress":"Fischnalerstra\u00dfe 4","addressLocality":"Innsbruck","postalCode":"6020","addressRegion":"Tirol","addressCountry":"AT"},{"@type":"ImageObject","inLanguage":"en-US","@id":"https:\/\/bolting.eu\/en\/shop\/edelrid-hms-bulletproof-screw-fg\/#local-main-organization-logo","url":"https:\/\/bolting.eu\/wp-content\/uploads\/2019\/09\/bolting-logo.png","contentUrl":"https:\/\/bolting.eu\/wp-content\/uploads\/2019\/09\/bolting-logo.png","width":400,"height":211,"caption":"bolting.eu"}]},"product_price_amount":"26.00","product_price_currency":"EUR","og_availability":"instock","product_availability":"instock","product_retailer_item_id":"738130001380","product_condition":"new","geo.placename":"Innsbruck","geo.position":{"lat":"47.264176340396226","long":"11.380109057672346"},"geo.region":"Austria"},"_links":{"self":[{"href":"https:\/\/bolting.eu\/en\/wp-json\/wp\/v2\/product\/7335","targetHints":{"allow":["GET"]}}],"collection":[{"href":"https:\/\/bolting.eu\/en\/wp-json\/wp\/v2\/product"}],"about":[{"href":"https:\/\/bolting.eu\/en\/wp-json\/wp\/v2\/types\/product"}],"replies":[{"embeddable":true,"href":"https:\/\/bolting.eu\/en\/wp-json\/wp\/v2\/comments?post=7335"}],"wp:featuredmedia":[{"embeddable":true,"href":"https:\/\/bolting.eu\/en\/wp-json\/wp\/v2\/media\/7336"}],"wp:attachment":[{"href":"https:\/\/bolting.eu\/en\/wp-json\/wp\/v2\/media?parent=7335"}],"wp:term":[{"taxonomy":"product_brand","embeddable":true,"href":"https:\/\/bolting.eu\/en\/wp-json\/wp\/v2\/product_brand?post=7335"},{"taxonomy":"product_cat","embeddable":true,"href":"https:\/\/bolting.eu\/en\/wp-json\/wp\/v2\/product_cat?post=7335"},{"taxonomy":"product_tag","embeddable":true,"href":"https:\/\/bolting.eu\/en\/wp-json\/wp\/v2\/product_tag?post=7335"}],"curies":[{"name":"wp","href":"https:\/\/api.w.org\/{rel}","templated":true}]}}