{"id":7331,"date":"2021-01-03T16:32:05","date_gmt":"2021-01-03T15:32:05","guid":{"rendered":"https:\/\/bolting.eu\/?post_type=product&#038;p=7331"},"modified":"2026-01-09T11:08:27","modified_gmt":"2026-01-09T10:08:27","slug":"edelrid-bulletproof-triple-fg","status":"publish","type":"product","link":"https:\/\/bolting.eu\/en\/shop\/edelrid-bulletproof-triple-fg\/","title":{"rendered":"Edelrid Bulletproof Triple FG"},"content":{"rendered":"<p>Der Edelrid Bulletproof Triple FG ist ein spezieller HMS <a href=\"https:\/\/bolting.eu\/produkt-kategorie\/kletterausruestung\/karabiner-kletterkarabiner\/twist-lock-karabiner\/\">Twist-Lock Karabiner<\/a>. Denn er besitzt zum einen einen kleinen Drahtb\u00fcgel als Verdrehschutz. Er kann sich in der Anseilschlaufe des <a href=\"https:\/\/bolting.eu\/produkt-kategorie\/kletterausruestung\/klettergurte\/\">Klettergurt<\/a> nicht einfach verdrehen.<\/p>\n<p>Und zum anderen ein Edelstahl Inlet im gro\u00dfen Karabinerscheitel.<\/p>\n<p>Das macht ihn zum perfekten Karabiner f\u00fcr alle Edelrid <a href=\"https:\/\/bolting.eu\/produkt-kategorie\/kletterausruestung\/sicherungsgeraete-klettern\/\">Sicherungsger\u00e4te<\/a> bzw. die HMS Sicherung!<\/p>\n<p>Des weiteren bietet der Twist-Lock Karabiner alle hochwertigen Edelrid Features. Erstens eine H-Konstruktion f\u00fcr geringes Gewicht. Zweitens einen Keylock Schnapper f\u00fcr perfektes und sicheres Handling. Und drittens einen 3-fach Twist Lock Verschluss.<\/p>\n<p>Kurzum. Wer einen extrem abriebfesten HMS Karabiner f\u00fcr sein Edelrid Jul Sicherungsger\u00e4t sucht, hier ist er!<\/p>\n<h2>Eigenschaften Edelrid Bulletproof Triple FG<\/h2>\n<ul>\n<li>Hersteller: <a href=\"https:\/\/bolting.eu\/produkt-kategorie\/edelrid\/\">Edelrid<\/a><\/li>\n<li>Material: Aluminium bzw. Einsatz aus Edelstahl<\/li>\n<li>Farbe: icemint<\/li>\n<li>EN Norm <a href=\"https:\/\/bolting.eu\/en-12275-norm\/\">12275<\/a><\/li>\n<li>Verschluss: 3-fach Twist Lock Verschluss<\/li>\n<li>kleiner Drahtb\u00fcgel als Verdrehschutz<\/li>\n<li>Bruchlasten 25kN l\u00e4ngs \/ 9kN offen \/ 9kN Querachse<\/li>\n<li>Gr\u00f6\u00dfe 110 x 89mm<\/li>\n<li>Schnapper\u00f6ffnung: 24mm<\/li>\n<li>Gewicht: 91 Gramm<\/li>\n<li>Made in Germany<\/li>\n<\/ul>\n<h3>F\u00fcr alle Edelrid Sicherungsger\u00e4te<\/h3>\n<p>Der Edelrid Bulletproof Triple FG ist perfekt f\u00fcr alle <a href=\"https:\/\/bolting.eu\/produkt-kategorie\/klettersteigausruestung\/sicherungsgeraete-klettern\/edelrid-sicherungsgeraet\/\">Edelrid Sicherungsger\u00e4te<\/a>. Denn f\u00fcr Micro Jul, Giga Jul usw. braucht man unbedingt einen kompatiblen HMS Karabiner. Wie eben den Triple FG.<\/p>\n<p>Denn die Sicherungsger\u00e4te funktionieren nur mit ausgew\u00e4hlten Modellen. Andernfalls kann es zu gef\u00e4hrlichen Fehlfunktionen f\u00fchren. Wie z.B. ein Aussetzen der Blockierfunktion.<\/p>\n<h3>Edelrid Bulletproof Triple FG &#8211; ideal f\u00fcr Klettersteig Rastschlinge<\/h3>\n<p>Wir empfehlen diesen Karabiner zum Bau einer Klettersteig Rastschlinge. Denn zum einen ist der Edelstahleinsatz super abriebfest. Und zum anderen verhindert der Drahtb\u00fcgel ein Ausf\u00e4deln des Mastwurfes der Bandschlinge.<\/p>\n<p>Somit l\u00e4sst sich mit z.B. einer 60cm Bandschlinge problemlos eine sichere Rastschlinge bauen.<\/p>\n<p>Achtung! Eine Rastschlinge ersetzt in keinem Fall ein Klettersteigset. Ein Sturz in die statische Sicherung ist extrem gef\u00e4hrlich!<\/p>\n<h3>Extrem langlebig<\/h3>\n<p>Der Edelrid Bulletproof Triple FG Twist-Lock Karabiner ist extrem langlebig. Denn sein Edelstahl Inlet sch\u00fctzt vor intensivem Abrieb.<\/p>\n<p>Dieses Feature ist eine wirklich klasse Innovation von Edelrid. Denn sie verleiht normalen Alu Karabinern bei geringstem Mehr an Gewicht eine viel l\u00e4ngere Lebensdauer!<\/p>\n<h4><strong>Link Tipp<\/strong><\/h4>\n<p>Hier geht es zur <a href=\"https:\/\/media.edelrid.de\/images\/attribut\/54530_GAL_KARABINER_ANSICHT.pdf\" target=\"_blank\" rel=\"noopener\">Gebrauchsanleitung<\/a>!<\/p>\n","protected":false},"excerpt":{"rendered":"<p>HMS Sicherungskarabiner mit Mini-Drahtschnapper zum Fixieren in Belastungsrichtung.<\/p>\n<p>Das Stahl Inlet sorgt f\u00fcr enorme Lebensdauer durch wenig Abrieb. Ideal f\u00fcr Verwendung mit Uber beim Alpinklettern.<\/p>\n<p>Versandkostenfrei bis 2kg in <img decoding=\"async\" class=\"emoji\" role=\"img\" draggable=\"false\" src=\"https:\/\/s.w.org\/images\/core\/emoji\/14.0.0\/svg\/1f1e6-1f1f9.svg\" alt=\"\ud83c\udde6\ud83c\uddf9\" \/> ab \u20ac 100,- und <img decoding=\"async\" class=\"emoji\" role=\"img\" draggable=\"false\" src=\"https:\/\/s.w.org\/images\/core\/emoji\/14.0.0\/svg\/1f1e9-1f1ea.svg\" alt=\"\ud83c\udde9\ud83c\uddea\" \/> ab \u20ac 200,-!<\/p>\n","protected":false},"featured_media":7332,"comment_status":"open","ping_status":"closed","template":"","meta":[],"product_brand":[],"product_cat":[15102,13358,15030,15064,14193,13932],"product_tag":[],"class_list":{"0":"post-7331","1":"product","2":"type-product","3":"status-publish","4":"has-post-thumbnail","6":"product_cat-edelrid-en","7":"product_cat-hms-karabiner","8":"product_cat-climbing-equipment","9":"product_cat-climbing-carabiner","10":"product_cat-sicherungskarabiner","11":"product_cat-twist-lock-karabiner","13":"first","14":"instock","15":"taxable","16":"shipping-taxable","17":"purchasable","18":"product-type-simple"},"yoast_head":"<!-- This site is optimized with the Yoast SEO Premium plugin v26.9 (Yoast SEO v26.9) - https:\/\/yoast.com\/product\/yoast-seo-premium-wordpress\/ -->\n<title>Edelrid Bulletproof Triple FG Twist-Lock Karabiner kaufen | bolting.eu<\/title>\n<meta name=\"description\" content=\"EDELRID BULLETPROOF TRIPLE FG beim Kletter Hardwareprofi kaufen \u2705 Trusted Shop \u2705 kostenloser Versand* \u2705 14 Tage R\u00fcckgaberecht \u2705 Co2 neutrale Zustellung\" \/>\n<meta name=\"robots\" content=\"index, follow, max-snippet:-1, max-image-preview:large, max-video-preview:-1\" \/>\n<link rel=\"canonical\" href=\"https:\/\/bolting.eu\/en\/shop\/edelrid-bulletproof-triple-fg\/\" \/>\n<meta property=\"og:locale\" content=\"en_US\" \/>\n<meta property=\"og:type\" content=\"article\" \/>\n<meta property=\"og:title\" content=\"Edelrid Bulletproof Triple FG\" \/>\n<meta property=\"og:description\" content=\"EDELRID BULLETPROOF TRIPLE FG beim Kletter Hardwareprofi kaufen \u2705 Trusted Shop \u2705 kostenloser Versand* \u2705 14 Tage R\u00fcckgaberecht \u2705 Co2 neutrale Zustellung\" \/>\n<meta property=\"og:url\" content=\"https:\/\/bolting.eu\/en\/shop\/edelrid-bulletproof-triple-fg\/\" \/>\n<meta property=\"og:site_name\" content=\"bolting.eu\" \/>\n<meta property=\"article:publisher\" content=\"https:\/\/www.facebook.com\/bolting.eu\" \/>\n<meta property=\"article:modified_time\" content=\"2026-01-09T10:08:27+00:00\" \/>\n<meta property=\"og:image\" content=\"https:\/\/bolting.eu\/wp-content\/uploads\/2021\/01\/Edelrid-Bulletproof-Triple-FG-1.jpg\" \/>\n\t<meta property=\"og:image:width\" content=\"700\" \/>\n\t<meta property=\"og:image:height\" content=\"700\" \/>\n\t<meta property=\"og:image:type\" content=\"image\/jpeg\" \/>\n<meta name=\"twitter:card\" content=\"summary_large_image\" \/>\n<meta name=\"twitter:label1\" content=\"Price\" \/>\n\t<meta name=\"twitter:data1\" content=\"&euro;&nbsp;32,00\" \/>\n\t<meta name=\"twitter:label2\" content=\"Availability\" \/>\n\t<meta name=\"twitter:data2\" content=\"In stock\" \/>\n<script type=\"application\/ld+json\" class=\"yoast-schema-graph\">{\"@context\":\"https:\/\/schema.org\",\"@graph\":[{\"@type\":[\"WebPage\",\"ItemPage\"],\"@id\":\"https:\/\/bolting.eu\/en\/shop\/edelrid-bulletproof-triple-fg\/\",\"url\":\"https:\/\/bolting.eu\/en\/shop\/edelrid-bulletproof-triple-fg\/\",\"name\":\"Edelrid Bulletproof Triple FG Twist-Lock Karabiner kaufen | bolting.eu\",\"isPartOf\":{\"@id\":\"https:\/\/bolting.eu\/en\/#website\"},\"primaryImageOfPage\":{\"@id\":\"https:\/\/bolting.eu\/en\/shop\/edelrid-bulletproof-triple-fg\/#primaryimage\"},\"image\":{\"@id\":\"https:\/\/bolting.eu\/en\/shop\/edelrid-bulletproof-triple-fg\/#primaryimage\"},\"thumbnailUrl\":\"https:\/\/bolting.eu\/wp-content\/uploads\/2021\/01\/Edelrid-Bulletproof-Triple-FG-1.jpg\",\"datePublished\":\"2021-01-03T15:32:05+00:00\",\"dateModified\":\"2026-01-09T10:08:27+00:00\",\"description\":\"EDELRID BULLETPROOF TRIPLE FG beim Kletter Hardwareprofi kaufen \u2705 Trusted Shop \u2705 kostenloser Versand* \u2705 14 Tage R\u00fcckgaberecht \u2705 Co2 neutrale Zustellung\",\"breadcrumb\":{\"@id\":\"https:\/\/bolting.eu\/en\/shop\/edelrid-bulletproof-triple-fg\/#breadcrumb\"},\"inLanguage\":\"en-US\",\"potentialAction\":[{\"@type\":\"ReadAction\",\"target\":[\"https:\/\/bolting.eu\/en\/shop\/edelrid-bulletproof-triple-fg\/\"]}]},{\"@type\":\"ImageObject\",\"inLanguage\":\"en-US\",\"@id\":\"https:\/\/bolting.eu\/en\/shop\/edelrid-bulletproof-triple-fg\/#primaryimage\",\"url\":\"https:\/\/bolting.eu\/wp-content\/uploads\/2021\/01\/Edelrid-Bulletproof-Triple-FG-1.jpg\",\"contentUrl\":\"https:\/\/bolting.eu\/wp-content\/uploads\/2021\/01\/Edelrid-Bulletproof-Triple-FG-1.jpg\",\"width\":700,\"height\":700,\"caption\":\"Das Bild zeigt den Edelrid Bulletproof Triple FG Karabiner. Er steht in Bildmitte eines wei\u00dfen Quadrates mit der Twist Lock \u00d6ffnung links. Oben im Scheitel der helle Stahleinsatz unten der kleine Verdrehschutz Drahtb\u00fcgel.\"},{\"@type\":\"BreadcrumbList\",\"@id\":\"https:\/\/bolting.eu\/en\/shop\/edelrid-bulletproof-triple-fg\/#breadcrumb\",\"itemListElement\":[{\"@type\":\"ListItem\",\"position\":1,\"name\":\"Shop\",\"item\":\"https:\/\/bolting.eu\/en\/shop\/\"},{\"@type\":\"ListItem\",\"position\":2,\"name\":\"climbing equipment\",\"item\":\"https:\/\/bolting.eu\/en\/produkt-kategorie\/climbing-equipment\/\"},{\"@type\":\"ListItem\",\"position\":3,\"name\":\"Climbing carabiner\",\"item\":\"https:\/\/bolting.eu\/en\/produkt-kategorie\/climbing-carabiner\/\"},{\"@type\":\"ListItem\",\"position\":4,\"name\":\"Sicherungskarabiner\",\"item\":\"https:\/\/bolting.eu\/produkt-kategorie\/kletterausruestung\/kletterkarabiner\/sicherungskarabiner\/\"},{\"@type\":\"ListItem\",\"position\":5,\"name\":\"Edelrid Bulletproof Triple FG\"}]},{\"@type\":\"WebSite\",\"@id\":\"https:\/\/bolting.eu\/en\/#website\",\"url\":\"https:\/\/bolting.eu\/en\/\",\"name\":\"bolting.eu\",\"description\":\"we make climbs happen\",\"publisher\":{\"@id\":\"https:\/\/bolting.eu\/en\/#organization\"},\"potentialAction\":[{\"@type\":\"SearchAction\",\"target\":{\"@type\":\"EntryPoint\",\"urlTemplate\":\"https:\/\/bolting.eu\/en\/?s={search_term_string}\"},\"query-input\":{\"@type\":\"PropertyValueSpecification\",\"valueRequired\":true,\"valueName\":\"search_term_string\"}}],\"inLanguage\":\"en-US\"},{\"@type\":[\"Organization\",\"Place\",\"SportingGoodsStore\"],\"@id\":\"https:\/\/bolting.eu\/en\/#organization\",\"name\":\"bolting.eu\",\"url\":\"https:\/\/bolting.eu\/en\/\",\"logo\":{\"@id\":\"https:\/\/bolting.eu\/en\/shop\/edelrid-bulletproof-triple-fg\/#local-main-organization-logo\"},\"image\":{\"@id\":\"https:\/\/bolting.eu\/en\/shop\/edelrid-bulletproof-triple-fg\/#local-main-organization-logo\"},\"sameAs\":[\"https:\/\/www.facebook.com\/bolting.eu\",\"https:\/\/www.instagram.com\/bolting.eu\/\"],\"address\":{\"@id\":\"https:\/\/bolting.eu\/en\/shop\/edelrid-bulletproof-triple-fg\/#local-main-place-address\"},\"geo\":{\"@type\":\"GeoCoordinates\",\"latitude\":\"47.264176340396226\",\"longitude\":\"11.380109057672346\"},\"telephone\":[\"+43 699 19083372\"],\"openingHoursSpecification\":[{\"@type\":\"OpeningHoursSpecification\",\"dayOfWeek\":[\"Monday\",\"Wednesday\",\"Friday\"],\"opens\":\"14:00\",\"closes\":\"18:00\"},{\"@type\":\"OpeningHoursSpecification\",\"dayOfWeek\":[\"Tuesday\",\"Thursday\",\"Saturday\",\"Sunday\"],\"opens\":\"00:00\",\"closes\":\"00:00\"}],\"email\":\"office@bolting.eu\",\"vatID\":\"ATU59999728\",\"priceRange\":\"$$\",\"currenciesAccepted\":\"Euro\"},{\"@type\":\"PostalAddress\",\"@id\":\"https:\/\/bolting.eu\/en\/shop\/edelrid-bulletproof-triple-fg\/#local-main-place-address\",\"streetAddress\":\"Fischnalerstra\u00dfe 4\",\"addressLocality\":\"Innsbruck\",\"postalCode\":\"6020\",\"addressRegion\":\"Tirol\",\"addressCountry\":\"AT\"},{\"@type\":\"ImageObject\",\"inLanguage\":\"en-US\",\"@id\":\"https:\/\/bolting.eu\/en\/shop\/edelrid-bulletproof-triple-fg\/#local-main-organization-logo\",\"url\":\"https:\/\/bolting.eu\/wp-content\/uploads\/2019\/09\/bolting-logo.png\",\"contentUrl\":\"https:\/\/bolting.eu\/wp-content\/uploads\/2019\/09\/bolting-logo.png\",\"width\":400,\"height\":211,\"caption\":\"bolting.eu\"}]}<\/script>\n<meta property=\"product:price:amount\" content=\"32.00\" \/>\n<meta property=\"product:price:currency\" content=\"EUR\" \/>\n<meta property=\"og:availability\" content=\"instock\" \/>\n<meta property=\"product:availability\" content=\"instock\" \/>\n<meta property=\"product:retailer_item_id\" content=\"737280003290\" \/>\n<meta property=\"product:condition\" content=\"new\" \/>\n<meta name=\"geo.placename\" content=\"Innsbruck\" \/>\n<meta name=\"geo.position\" content=\"47.264176340396226;11.380109057672346\" \/>\n<meta name=\"geo.region\" content=\"Austria\" \/>\n<!-- \/ Yoast SEO Premium plugin. -->","yoast_head_json":{"title":"Edelrid Bulletproof Triple FG Twist-Lock Karabiner kaufen | bolting.eu","description":"EDELRID BULLETPROOF TRIPLE FG beim Kletter Hardwareprofi kaufen \u2705 Trusted Shop \u2705 kostenloser Versand* \u2705 14 Tage R\u00fcckgaberecht \u2705 Co2 neutrale Zustellung","robots":{"index":"index","follow":"follow","max-snippet":"max-snippet:-1","max-image-preview":"max-image-preview:large","max-video-preview":"max-video-preview:-1"},"canonical":"https:\/\/bolting.eu\/en\/shop\/edelrid-bulletproof-triple-fg\/","og_locale":"en_US","og_type":"article","og_title":"Edelrid Bulletproof Triple FG","og_description":"EDELRID BULLETPROOF TRIPLE FG beim Kletter Hardwareprofi kaufen \u2705 Trusted Shop \u2705 kostenloser Versand* \u2705 14 Tage R\u00fcckgaberecht \u2705 Co2 neutrale Zustellung","og_url":"https:\/\/bolting.eu\/en\/shop\/edelrid-bulletproof-triple-fg\/","og_site_name":"bolting.eu","article_publisher":"https:\/\/www.facebook.com\/bolting.eu","article_modified_time":"2026-01-09T10:08:27+00:00","og_image":[{"width":700,"height":700,"url":"https:\/\/bolting.eu\/wp-content\/uploads\/2021\/01\/Edelrid-Bulletproof-Triple-FG-1.jpg","type":"image\/jpeg"}],"twitter_card":"summary_large_image","twitter_misc":{"Price":"&euro;&nbsp;32,00","Availability":"In stock"},"schema":{"@context":"https:\/\/schema.org","@graph":[{"@type":["WebPage","ItemPage"],"@id":"https:\/\/bolting.eu\/en\/shop\/edelrid-bulletproof-triple-fg\/","url":"https:\/\/bolting.eu\/en\/shop\/edelrid-bulletproof-triple-fg\/","name":"Edelrid Bulletproof Triple FG Twist-Lock Karabiner kaufen | bolting.eu","isPartOf":{"@id":"https:\/\/bolting.eu\/en\/#website"},"primaryImageOfPage":{"@id":"https:\/\/bolting.eu\/en\/shop\/edelrid-bulletproof-triple-fg\/#primaryimage"},"image":{"@id":"https:\/\/bolting.eu\/en\/shop\/edelrid-bulletproof-triple-fg\/#primaryimage"},"thumbnailUrl":"https:\/\/bolting.eu\/wp-content\/uploads\/2021\/01\/Edelrid-Bulletproof-Triple-FG-1.jpg","datePublished":"2021-01-03T15:32:05+00:00","dateModified":"2026-01-09T10:08:27+00:00","description":"EDELRID BULLETPROOF TRIPLE FG beim Kletter Hardwareprofi kaufen \u2705 Trusted Shop \u2705 kostenloser Versand* \u2705 14 Tage R\u00fcckgaberecht \u2705 Co2 neutrale Zustellung","breadcrumb":{"@id":"https:\/\/bolting.eu\/en\/shop\/edelrid-bulletproof-triple-fg\/#breadcrumb"},"inLanguage":"en-US","potentialAction":[{"@type":"ReadAction","target":["https:\/\/bolting.eu\/en\/shop\/edelrid-bulletproof-triple-fg\/"]}]},{"@type":"ImageObject","inLanguage":"en-US","@id":"https:\/\/bolting.eu\/en\/shop\/edelrid-bulletproof-triple-fg\/#primaryimage","url":"https:\/\/bolting.eu\/wp-content\/uploads\/2021\/01\/Edelrid-Bulletproof-Triple-FG-1.jpg","contentUrl":"https:\/\/bolting.eu\/wp-content\/uploads\/2021\/01\/Edelrid-Bulletproof-Triple-FG-1.jpg","width":700,"height":700,"caption":"Das Bild zeigt den Edelrid Bulletproof Triple FG Karabiner. Er steht in Bildmitte eines wei\u00dfen Quadrates mit der Twist Lock \u00d6ffnung links. Oben im Scheitel der helle Stahleinsatz unten der kleine Verdrehschutz Drahtb\u00fcgel."},{"@type":"BreadcrumbList","@id":"https:\/\/bolting.eu\/en\/shop\/edelrid-bulletproof-triple-fg\/#breadcrumb","itemListElement":[{"@type":"ListItem","position":1,"name":"Shop","item":"https:\/\/bolting.eu\/en\/shop\/"},{"@type":"ListItem","position":2,"name":"climbing equipment","item":"https:\/\/bolting.eu\/en\/produkt-kategorie\/climbing-equipment\/"},{"@type":"ListItem","position":3,"name":"Climbing carabiner","item":"https:\/\/bolting.eu\/en\/produkt-kategorie\/climbing-carabiner\/"},{"@type":"ListItem","position":4,"name":"Sicherungskarabiner","item":"https:\/\/bolting.eu\/produkt-kategorie\/kletterausruestung\/kletterkarabiner\/sicherungskarabiner\/"},{"@type":"ListItem","position":5,"name":"Edelrid Bulletproof Triple FG"}]},{"@type":"WebSite","@id":"https:\/\/bolting.eu\/en\/#website","url":"https:\/\/bolting.eu\/en\/","name":"bolting.eu","description":"we make climbs happen","publisher":{"@id":"https:\/\/bolting.eu\/en\/#organization"},"potentialAction":[{"@type":"SearchAction","target":{"@type":"EntryPoint","urlTemplate":"https:\/\/bolting.eu\/en\/?s={search_term_string}"},"query-input":{"@type":"PropertyValueSpecification","valueRequired":true,"valueName":"search_term_string"}}],"inLanguage":"en-US"},{"@type":["Organization","Place","SportingGoodsStore"],"@id":"https:\/\/bolting.eu\/en\/#organization","name":"bolting.eu","url":"https:\/\/bolting.eu\/en\/","logo":{"@id":"https:\/\/bolting.eu\/en\/shop\/edelrid-bulletproof-triple-fg\/#local-main-organization-logo"},"image":{"@id":"https:\/\/bolting.eu\/en\/shop\/edelrid-bulletproof-triple-fg\/#local-main-organization-logo"},"sameAs":["https:\/\/www.facebook.com\/bolting.eu","https:\/\/www.instagram.com\/bolting.eu\/"],"address":{"@id":"https:\/\/bolting.eu\/en\/shop\/edelrid-bulletproof-triple-fg\/#local-main-place-address"},"geo":{"@type":"GeoCoordinates","latitude":"47.264176340396226","longitude":"11.380109057672346"},"telephone":["+43 699 19083372"],"openingHoursSpecification":[{"@type":"OpeningHoursSpecification","dayOfWeek":["Monday","Wednesday","Friday"],"opens":"14:00","closes":"18:00"},{"@type":"OpeningHoursSpecification","dayOfWeek":["Tuesday","Thursday","Saturday","Sunday"],"opens":"00:00","closes":"00:00"}],"email":"office@bolting.eu","vatID":"ATU59999728","priceRange":"$$","currenciesAccepted":"Euro"},{"@type":"PostalAddress","@id":"https:\/\/bolting.eu\/en\/shop\/edelrid-bulletproof-triple-fg\/#local-main-place-address","streetAddress":"Fischnalerstra\u00dfe 4","addressLocality":"Innsbruck","postalCode":"6020","addressRegion":"Tirol","addressCountry":"AT"},{"@type":"ImageObject","inLanguage":"en-US","@id":"https:\/\/bolting.eu\/en\/shop\/edelrid-bulletproof-triple-fg\/#local-main-organization-logo","url":"https:\/\/bolting.eu\/wp-content\/uploads\/2019\/09\/bolting-logo.png","contentUrl":"https:\/\/bolting.eu\/wp-content\/uploads\/2019\/09\/bolting-logo.png","width":400,"height":211,"caption":"bolting.eu"}]},"product_price_amount":"32.00","product_price_currency":"EUR","og_availability":"instock","product_availability":"instock","product_retailer_item_id":"737280003290","product_condition":"new","geo.placename":"Innsbruck","geo.position":{"lat":"47.264176340396226","long":"11.380109057672346"},"geo.region":"Austria"},"_links":{"self":[{"href":"https:\/\/bolting.eu\/en\/wp-json\/wp\/v2\/product\/7331","targetHints":{"allow":["GET"]}}],"collection":[{"href":"https:\/\/bolting.eu\/en\/wp-json\/wp\/v2\/product"}],"about":[{"href":"https:\/\/bolting.eu\/en\/wp-json\/wp\/v2\/types\/product"}],"replies":[{"embeddable":true,"href":"https:\/\/bolting.eu\/en\/wp-json\/wp\/v2\/comments?post=7331"}],"wp:featuredmedia":[{"embeddable":true,"href":"https:\/\/bolting.eu\/en\/wp-json\/wp\/v2\/media\/7332"}],"wp:attachment":[{"href":"https:\/\/bolting.eu\/en\/wp-json\/wp\/v2\/media?parent=7331"}],"wp:term":[{"taxonomy":"product_brand","embeddable":true,"href":"https:\/\/bolting.eu\/en\/wp-json\/wp\/v2\/product_brand?post=7331"},{"taxonomy":"product_cat","embeddable":true,"href":"https:\/\/bolting.eu\/en\/wp-json\/wp\/v2\/product_cat?post=7331"},{"taxonomy":"product_tag","embeddable":true,"href":"https:\/\/bolting.eu\/en\/wp-json\/wp\/v2\/product_tag?post=7331"}],"curies":[{"name":"wp","href":"https:\/\/api.w.org\/{rel}","templated":true}]}}