{"id":7327,"date":"2021-01-03T15:35:49","date_gmt":"2021-01-03T14:35:49","guid":{"rendered":"https:\/\/bolting.eu\/?post_type=product&#038;p=7327"},"modified":"2026-04-08T17:40:27","modified_gmt":"2026-04-08T15:40:27","slug":"edelrid-hms-strike-triple-fg","status":"publish","type":"product","link":"https:\/\/bolting.eu\/en\/shop\/edelrid-hms-strike-triple-fg\/","title":{"rendered":"Edelrid HMS Strike Triple FG"},"content":{"rendered":"<p>Der Edelrid HMS Strike Triple FG ist ein HMS <a href=\"https:\/\/bolting.eu\/produkt-kategorie\/kletterausruestung\/karabiner-kletterkarabiner\/twist-lock-karabiner\/\">Twist-Lock Karabiner<\/a> f\u00fcr Sicherungsger\u00e4te bzw. zur HMS Sicherung. Denn er hat ein <strong>F<\/strong>ixier <strong>G<\/strong>elenk, welchen diesem Produkt den Zusatznamen gibt.<\/p>\n<p>Mit diesem kleinen Drahtb\u00fcgel l\u00e4sst sich der Karabiner perfekt in der Sicherungsschlaufe des Gurtes fixieren. Somit wird ein Verdrehen verhindert und es k\u00f6nnen keine gef\u00e4hrlichen Querbelastungen auftreten.<\/p>\n<p>Dar\u00fcber hinaus bietet dieses Modell alle soliden Features der hochwertigen Edelrid Karabiner. Erstens ein geringes Gewicht durch H-Profil Konstruktion. Zweitens einen Keylock Schnapper f\u00fcr perfektes Handling beim Ein- bzw. Aush\u00e4ngen. Und drittens einen langlebigen Triple Twist-Lock Verschluss.<\/p>\n<p>Kurzum. Wer einen leichten HMS Twist-Lock Karabiner zum Sichern bzw. f\u00fcr Sicherungsger\u00e4te sucht Hier ist eine super Option!<\/p>\n<h2>Eigenschaften Edelrid HMS Strike FG<\/h2>\n<ul>\n<li>Hersteller: <a href=\"https:\/\/bolting.eu\/produkt-kategorie\/edelrid\/\">Edelrid<\/a><\/li>\n<li>Material: Aluminium<\/li>\n<li>Farbe: grau<\/li>\n<li>EN Norm 12275<\/li>\n<li>Verschluss: 3-fach Twist-Lock Verschluss<\/li>\n<li>Bruchlasten 23kN l\u00e4ngs \/ 7kN offen \/ 8kN Querachse<\/li>\n<li>Gr\u00f6\u00dfe 100 x 70mm<\/li>\n<li>Schnapper\u00f6ffnung: 21mm<\/li>\n<li>Gewicht: 70 Gramm<\/li>\n<li>Made in Germany<\/li>\n<\/ul>\n<h3>Perfekt f\u00fcr Edelrid Sicherungsger\u00e4te<\/h3>\n<p>Der Edelrid HMS Strike Triple FG ist mit allen Sicherungsger\u00e4ten dieser Marke kompatibel. So z.B. Jul, Mega Jul, Jul2, usw&#8230;<\/p>\n<p>Wer f\u00fcr diese Ger\u00e4te also einen passenden Karabiner sucht, ist hier genau richtig. Denn man muss unbedingt einen kompatiblen HMS Karabiner verwenden.<\/p>\n<p>Wieso? Weil die Brems- und Blockierfunktion der Sicherungsger\u00e4te entscheidend von der Form des verwendeten Karabiners abh\u00e4ngt. Falsche Modelle k\u00f6nnen zum Versagen der Bremsfunktion und schweren Unf\u00e4llen f\u00fchren.<\/p>\n<h3>Edelrid HMS Strike Triple FG = <strong>F<\/strong>ixier <strong>G<\/strong>elenk<\/h3>\n<p>Habt ihr euch schon mal gefragt, was die Zusatzbezeichnung FG bedeutet? Ganz Einfach! Es steht f\u00fcr Fixier Gelenk!<\/p>\n<p>Denn mit diesem kleinen Drahtschnapper in schmalen Scheitel l\u00e4sst sich der Karabiner fixieren. D.h. er wird einfach in die Sicherungsschlaufe des Klettergurtes geh\u00e4ngt. Somit gibt es kein Verdrehen und ergo keine gef\u00e4hrliche Querbelastung mehr!<\/p>\n<h3>Pflegetipp<\/h3>\n<p>Wascht euren Edelrid HMS Strike Triple FG von Zeit zu Zeit. Einfach unter lauwarmen Wasser aussp\u00fclen und ordentlich trocknen.<\/p>\n<p>Das hilft Micro Staub aus dem Drehgelenk bzw. Schnappergelenk zu bekommen. Zudem bringen ein paar Tropfen <a href=\"https:\/\/bolting.eu\/shop\/kong-kletterausruestung-pflegeoel\/\">Karabiner Pflege\u00f6l<\/a> die Gelenke wieder ordentlich in Schwung!<\/p>\n<h4><strong>Link Tipp<\/strong><\/h4>\n<p>Hier geht es zur <a href=\"https:\/\/media.edelrid.de\/images\/attribut\/54530_GAL_KARABINER_ANSICHT.pdf\" target=\"_blank\" rel=\"noopener\">Gebrauchsanleitung<\/a>!<\/p>\n","protected":false},"excerpt":{"rendered":"<p>Kleiner Triple Lock HMS Karabiner mit Feder im kleinen Scheitel.<\/p>\n<p>Ideal als Sicherungskarabiner, da die Feder das Verbindungsmittel stabil in der L\u00e4ngsachse halt.<\/p>\n<p>Versandkostenfrei bis 2kg in\u00a0<img decoding=\"async\" class=\"emoji\" role=\"img\" draggable=\"false\" src=\"https:\/\/s.w.org\/images\/core\/emoji\/14.0.0\/svg\/1f1e6-1f1f9.svg\" alt=\"\ud83c\udde6\ud83c\uddf9\" \/>\u00a0ab \u20ac 100,- und\u00a0<img decoding=\"async\" class=\"emoji\" role=\"img\" draggable=\"false\" src=\"https:\/\/s.w.org\/images\/core\/emoji\/14.0.0\/svg\/1f1e9-1f1ea.svg\" alt=\"\ud83c\udde9\ud83c\uddea\" \/>\u00a0ab \u20ac 200,-!<\/p>\n","protected":false},"featured_media":30598,"comment_status":"open","ping_status":"closed","template":"","meta":[],"product_brand":[],"product_cat":[44,4655,13358,13932,14193,29],"product_tag":[],"class_list":{"0":"post-7327","1":"product","2":"type-product","3":"status-publish","4":"has-post-thumbnail","6":"product_cat-kletterkarabiner","7":"product_cat-edelrid","8":"product_cat-hms-karabiner","9":"product_cat-twist-lock-karabiner","10":"product_cat-sicherungskarabiner","11":"product_cat-kletterausruestung","13":"first","14":"instock","15":"taxable","16":"shipping-taxable","17":"purchasable","18":"product-type-simple"},"yoast_head":"<!-- This site is optimized with the Yoast SEO Premium plugin v26.9 (Yoast SEO v26.9) - https:\/\/yoast.com\/product\/yoast-seo-premium-wordpress\/ -->\n<title>Edelrid HMS Strike Triple FG mit Verdrehschutz | bolting.eu<\/title>\n<meta name=\"description\" content=\"EDELRID HMS STRIKE TRIPLE FG beim Kletter Hardwareprofi kaufen \u2705 Trusted Shop \u2705 kostenloser Versand* \u2705 14 Tage R\u00fcckgaberecht \u2705 Co2 neutrale Zu\" \/>\n<meta name=\"robots\" content=\"index, follow, max-snippet:-1, max-image-preview:large, max-video-preview:-1\" \/>\n<link rel=\"canonical\" href=\"https:\/\/bolting.eu\/en\/shop\/edelrid-hms-strike-triple-fg\/\" \/>\n<meta property=\"og:locale\" content=\"en_US\" \/>\n<meta property=\"og:type\" content=\"article\" \/>\n<meta property=\"og:title\" content=\"Edelrid HMS Strike Triple FG\" \/>\n<meta property=\"og:description\" content=\"EDELRID HMS STRIKE TRIPLE FG beim Kletter Hardwareprofi kaufen \u2705 Trusted Shop \u2705 kostenloser Versand* \u2705 14 Tage R\u00fcckgaberecht \u2705 Co2 neutrale Zu\" \/>\n<meta property=\"og:url\" content=\"https:\/\/bolting.eu\/en\/shop\/edelrid-hms-strike-triple-fg\/\" \/>\n<meta property=\"og:site_name\" content=\"bolting.eu\" \/>\n<meta property=\"article:publisher\" content=\"https:\/\/www.facebook.com\/bolting.eu\" \/>\n<meta property=\"article:modified_time\" content=\"2026-04-08T15:40:27+00:00\" \/>\n<meta property=\"og:image\" content=\"https:\/\/bolting.eu\/wp-content\/uploads\/2025\/01\/Edelrid-Strike-HMS-Triple-FG-1.jpg\" \/>\n\t<meta property=\"og:image:width\" content=\"700\" \/>\n\t<meta property=\"og:image:height\" content=\"700\" \/>\n\t<meta property=\"og:image:type\" content=\"image\/jpeg\" \/>\n<meta name=\"twitter:card\" content=\"summary_large_image\" \/>\n<meta name=\"twitter:label1\" content=\"Price\" \/>\n\t<meta name=\"twitter:data1\" content=\"&euro;&nbsp;27,00\" \/>\n\t<meta name=\"twitter:label2\" content=\"Availability\" \/>\n\t<meta name=\"twitter:data2\" content=\"In stock\" \/>\n<script type=\"application\/ld+json\" class=\"yoast-schema-graph\">{\"@context\":\"https:\/\/schema.org\",\"@graph\":[{\"@type\":[\"WebPage\",\"ItemPage\"],\"@id\":\"https:\/\/bolting.eu\/en\/shop\/edelrid-hms-strike-triple-fg\/\",\"url\":\"https:\/\/bolting.eu\/en\/shop\/edelrid-hms-strike-triple-fg\/\",\"name\":\"Edelrid HMS Strike Triple FG mit Verdrehschutz | bolting.eu\",\"isPartOf\":{\"@id\":\"https:\/\/bolting.eu\/en\/#website\"},\"primaryImageOfPage\":{\"@id\":\"https:\/\/bolting.eu\/en\/shop\/edelrid-hms-strike-triple-fg\/#primaryimage\"},\"image\":{\"@id\":\"https:\/\/bolting.eu\/en\/shop\/edelrid-hms-strike-triple-fg\/#primaryimage\"},\"thumbnailUrl\":\"https:\/\/bolting.eu\/wp-content\/uploads\/2025\/01\/Edelrid-Strike-HMS-Triple-FG-1.jpg\",\"datePublished\":\"2021-01-03T14:35:49+00:00\",\"dateModified\":\"2026-04-08T15:40:27+00:00\",\"description\":\"EDELRID HMS STRIKE TRIPLE FG beim Kletter Hardwareprofi kaufen \u2705 Trusted Shop \u2705 kostenloser Versand* \u2705 14 Tage R\u00fcckgaberecht \u2705 Co2 neutrale Zu\",\"breadcrumb\":{\"@id\":\"https:\/\/bolting.eu\/en\/shop\/edelrid-hms-strike-triple-fg\/#breadcrumb\"},\"inLanguage\":\"en-US\",\"potentialAction\":[{\"@type\":\"ReadAction\",\"target\":[\"https:\/\/bolting.eu\/en\/shop\/edelrid-hms-strike-triple-fg\/\"]}]},{\"@type\":\"ImageObject\",\"inLanguage\":\"en-US\",\"@id\":\"https:\/\/bolting.eu\/en\/shop\/edelrid-hms-strike-triple-fg\/#primaryimage\",\"url\":\"https:\/\/bolting.eu\/wp-content\/uploads\/2025\/01\/Edelrid-Strike-HMS-Triple-FG-1.jpg\",\"contentUrl\":\"https:\/\/bolting.eu\/wp-content\/uploads\/2025\/01\/Edelrid-Strike-HMS-Triple-FG-1.jpg\",\"width\":700,\"height\":700,\"caption\":\"T\u00fcrkiser Edelrid HMS Strike Triple FG von der Seite auf wei\u00dfem Quadrat.\"},{\"@type\":\"BreadcrumbList\",\"@id\":\"https:\/\/bolting.eu\/en\/shop\/edelrid-hms-strike-triple-fg\/#breadcrumb\",\"itemListElement\":[{\"@type\":\"ListItem\",\"position\":1,\"name\":\"Shop\",\"item\":\"https:\/\/bolting.eu\/en\/shop\/\"},{\"@type\":\"ListItem\",\"position\":2,\"name\":\"climbing equipment\",\"item\":\"https:\/\/bolting.eu\/en\/produkt-kategorie\/climbing-equipment\/\"},{\"@type\":\"ListItem\",\"position\":3,\"name\":\"Climbing carabiner\",\"item\":\"https:\/\/bolting.eu\/en\/produkt-kategorie\/climbing-carabiner\/\"},{\"@type\":\"ListItem\",\"position\":4,\"name\":\"Sicherungskarabiner\",\"item\":\"https:\/\/bolting.eu\/produkt-kategorie\/kletterausruestung\/kletterkarabiner\/sicherungskarabiner\/\"},{\"@type\":\"ListItem\",\"position\":5,\"name\":\"Edelrid HMS Strike Triple FG\"}]},{\"@type\":\"WebSite\",\"@id\":\"https:\/\/bolting.eu\/en\/#website\",\"url\":\"https:\/\/bolting.eu\/en\/\",\"name\":\"bolting.eu\",\"description\":\"we make climbs happen\",\"publisher\":{\"@id\":\"https:\/\/bolting.eu\/en\/#organization\"},\"potentialAction\":[{\"@type\":\"SearchAction\",\"target\":{\"@type\":\"EntryPoint\",\"urlTemplate\":\"https:\/\/bolting.eu\/en\/?s={search_term_string}\"},\"query-input\":{\"@type\":\"PropertyValueSpecification\",\"valueRequired\":true,\"valueName\":\"search_term_string\"}}],\"inLanguage\":\"en-US\"},{\"@type\":[\"Organization\",\"Place\",\"SportingGoodsStore\"],\"@id\":\"https:\/\/bolting.eu\/en\/#organization\",\"name\":\"bolting.eu\",\"url\":\"https:\/\/bolting.eu\/en\/\",\"logo\":{\"@id\":\"https:\/\/bolting.eu\/en\/shop\/edelrid-hms-strike-triple-fg\/#local-main-organization-logo\"},\"image\":{\"@id\":\"https:\/\/bolting.eu\/en\/shop\/edelrid-hms-strike-triple-fg\/#local-main-organization-logo\"},\"sameAs\":[\"https:\/\/www.facebook.com\/bolting.eu\",\"https:\/\/www.instagram.com\/bolting.eu\/\"],\"address\":{\"@id\":\"https:\/\/bolting.eu\/en\/shop\/edelrid-hms-strike-triple-fg\/#local-main-place-address\"},\"geo\":{\"@type\":\"GeoCoordinates\",\"latitude\":\"47.264176340396226\",\"longitude\":\"11.380109057672346\"},\"telephone\":[\"+43 699 19083372\"],\"openingHoursSpecification\":[{\"@type\":\"OpeningHoursSpecification\",\"dayOfWeek\":[\"Monday\",\"Wednesday\",\"Friday\"],\"opens\":\"14:00\",\"closes\":\"18:00\"},{\"@type\":\"OpeningHoursSpecification\",\"dayOfWeek\":[\"Tuesday\",\"Thursday\",\"Saturday\",\"Sunday\"],\"opens\":\"00:00\",\"closes\":\"00:00\"}],\"email\":\"office@bolting.eu\",\"vatID\":\"ATU59999728\",\"priceRange\":\"$$\",\"currenciesAccepted\":\"Euro\"},{\"@type\":\"PostalAddress\",\"@id\":\"https:\/\/bolting.eu\/en\/shop\/edelrid-hms-strike-triple-fg\/#local-main-place-address\",\"streetAddress\":\"Fischnalerstra\u00dfe 4\",\"addressLocality\":\"Innsbruck\",\"postalCode\":\"6020\",\"addressRegion\":\"Tirol\",\"addressCountry\":\"AT\"},{\"@type\":\"ImageObject\",\"inLanguage\":\"en-US\",\"@id\":\"https:\/\/bolting.eu\/en\/shop\/edelrid-hms-strike-triple-fg\/#local-main-organization-logo\",\"url\":\"https:\/\/bolting.eu\/wp-content\/uploads\/2019\/09\/bolting-logo.png\",\"contentUrl\":\"https:\/\/bolting.eu\/wp-content\/uploads\/2019\/09\/bolting-logo.png\",\"width\":400,\"height\":211,\"caption\":\"bolting.eu\"}]}<\/script>\n<meta property=\"product:price:amount\" content=\"27.00\" \/>\n<meta property=\"product:price:currency\" content=\"EUR\" \/>\n<meta property=\"og:availability\" content=\"instock\" \/>\n<meta property=\"product:availability\" content=\"instock\" \/>\n<meta property=\"product:retailer_item_id\" content=\"737020001180\" \/>\n<meta property=\"product:condition\" content=\"new\" \/>\n<meta name=\"geo.placename\" content=\"Innsbruck\" \/>\n<meta name=\"geo.position\" content=\"47.264176340396226;11.380109057672346\" \/>\n<meta name=\"geo.region\" content=\"Austria\" \/>\n<!-- \/ Yoast SEO Premium plugin. -->","yoast_head_json":{"title":"Edelrid HMS Strike Triple FG mit Verdrehschutz | bolting.eu","description":"EDELRID HMS STRIKE TRIPLE FG beim Kletter Hardwareprofi kaufen \u2705 Trusted Shop \u2705 kostenloser Versand* \u2705 14 Tage R\u00fcckgaberecht \u2705 Co2 neutrale Zu","robots":{"index":"index","follow":"follow","max-snippet":"max-snippet:-1","max-image-preview":"max-image-preview:large","max-video-preview":"max-video-preview:-1"},"canonical":"https:\/\/bolting.eu\/en\/shop\/edelrid-hms-strike-triple-fg\/","og_locale":"en_US","og_type":"article","og_title":"Edelrid HMS Strike Triple FG","og_description":"EDELRID HMS STRIKE TRIPLE FG beim Kletter Hardwareprofi kaufen \u2705 Trusted Shop \u2705 kostenloser Versand* \u2705 14 Tage R\u00fcckgaberecht \u2705 Co2 neutrale Zu","og_url":"https:\/\/bolting.eu\/en\/shop\/edelrid-hms-strike-triple-fg\/","og_site_name":"bolting.eu","article_publisher":"https:\/\/www.facebook.com\/bolting.eu","article_modified_time":"2026-04-08T15:40:27+00:00","og_image":[{"width":700,"height":700,"url":"https:\/\/bolting.eu\/wp-content\/uploads\/2025\/01\/Edelrid-Strike-HMS-Triple-FG-1.jpg","type":"image\/jpeg"}],"twitter_card":"summary_large_image","twitter_misc":{"Price":"&euro;&nbsp;27,00","Availability":"In stock"},"schema":{"@context":"https:\/\/schema.org","@graph":[{"@type":["WebPage","ItemPage"],"@id":"https:\/\/bolting.eu\/en\/shop\/edelrid-hms-strike-triple-fg\/","url":"https:\/\/bolting.eu\/en\/shop\/edelrid-hms-strike-triple-fg\/","name":"Edelrid HMS Strike Triple FG mit Verdrehschutz | bolting.eu","isPartOf":{"@id":"https:\/\/bolting.eu\/en\/#website"},"primaryImageOfPage":{"@id":"https:\/\/bolting.eu\/en\/shop\/edelrid-hms-strike-triple-fg\/#primaryimage"},"image":{"@id":"https:\/\/bolting.eu\/en\/shop\/edelrid-hms-strike-triple-fg\/#primaryimage"},"thumbnailUrl":"https:\/\/bolting.eu\/wp-content\/uploads\/2025\/01\/Edelrid-Strike-HMS-Triple-FG-1.jpg","datePublished":"2021-01-03T14:35:49+00:00","dateModified":"2026-04-08T15:40:27+00:00","description":"EDELRID HMS STRIKE TRIPLE FG beim Kletter Hardwareprofi kaufen \u2705 Trusted Shop \u2705 kostenloser Versand* \u2705 14 Tage R\u00fcckgaberecht \u2705 Co2 neutrale Zu","breadcrumb":{"@id":"https:\/\/bolting.eu\/en\/shop\/edelrid-hms-strike-triple-fg\/#breadcrumb"},"inLanguage":"en-US","potentialAction":[{"@type":"ReadAction","target":["https:\/\/bolting.eu\/en\/shop\/edelrid-hms-strike-triple-fg\/"]}]},{"@type":"ImageObject","inLanguage":"en-US","@id":"https:\/\/bolting.eu\/en\/shop\/edelrid-hms-strike-triple-fg\/#primaryimage","url":"https:\/\/bolting.eu\/wp-content\/uploads\/2025\/01\/Edelrid-Strike-HMS-Triple-FG-1.jpg","contentUrl":"https:\/\/bolting.eu\/wp-content\/uploads\/2025\/01\/Edelrid-Strike-HMS-Triple-FG-1.jpg","width":700,"height":700,"caption":"T\u00fcrkiser Edelrid HMS Strike Triple FG von der Seite auf wei\u00dfem Quadrat."},{"@type":"BreadcrumbList","@id":"https:\/\/bolting.eu\/en\/shop\/edelrid-hms-strike-triple-fg\/#breadcrumb","itemListElement":[{"@type":"ListItem","position":1,"name":"Shop","item":"https:\/\/bolting.eu\/en\/shop\/"},{"@type":"ListItem","position":2,"name":"climbing equipment","item":"https:\/\/bolting.eu\/en\/produkt-kategorie\/climbing-equipment\/"},{"@type":"ListItem","position":3,"name":"Climbing carabiner","item":"https:\/\/bolting.eu\/en\/produkt-kategorie\/climbing-carabiner\/"},{"@type":"ListItem","position":4,"name":"Sicherungskarabiner","item":"https:\/\/bolting.eu\/produkt-kategorie\/kletterausruestung\/kletterkarabiner\/sicherungskarabiner\/"},{"@type":"ListItem","position":5,"name":"Edelrid HMS Strike Triple FG"}]},{"@type":"WebSite","@id":"https:\/\/bolting.eu\/en\/#website","url":"https:\/\/bolting.eu\/en\/","name":"bolting.eu","description":"we make climbs happen","publisher":{"@id":"https:\/\/bolting.eu\/en\/#organization"},"potentialAction":[{"@type":"SearchAction","target":{"@type":"EntryPoint","urlTemplate":"https:\/\/bolting.eu\/en\/?s={search_term_string}"},"query-input":{"@type":"PropertyValueSpecification","valueRequired":true,"valueName":"search_term_string"}}],"inLanguage":"en-US"},{"@type":["Organization","Place","SportingGoodsStore"],"@id":"https:\/\/bolting.eu\/en\/#organization","name":"bolting.eu","url":"https:\/\/bolting.eu\/en\/","logo":{"@id":"https:\/\/bolting.eu\/en\/shop\/edelrid-hms-strike-triple-fg\/#local-main-organization-logo"},"image":{"@id":"https:\/\/bolting.eu\/en\/shop\/edelrid-hms-strike-triple-fg\/#local-main-organization-logo"},"sameAs":["https:\/\/www.facebook.com\/bolting.eu","https:\/\/www.instagram.com\/bolting.eu\/"],"address":{"@id":"https:\/\/bolting.eu\/en\/shop\/edelrid-hms-strike-triple-fg\/#local-main-place-address"},"geo":{"@type":"GeoCoordinates","latitude":"47.264176340396226","longitude":"11.380109057672346"},"telephone":["+43 699 19083372"],"openingHoursSpecification":[{"@type":"OpeningHoursSpecification","dayOfWeek":["Monday","Wednesday","Friday"],"opens":"14:00","closes":"18:00"},{"@type":"OpeningHoursSpecification","dayOfWeek":["Tuesday","Thursday","Saturday","Sunday"],"opens":"00:00","closes":"00:00"}],"email":"office@bolting.eu","vatID":"ATU59999728","priceRange":"$$","currenciesAccepted":"Euro"},{"@type":"PostalAddress","@id":"https:\/\/bolting.eu\/en\/shop\/edelrid-hms-strike-triple-fg\/#local-main-place-address","streetAddress":"Fischnalerstra\u00dfe 4","addressLocality":"Innsbruck","postalCode":"6020","addressRegion":"Tirol","addressCountry":"AT"},{"@type":"ImageObject","inLanguage":"en-US","@id":"https:\/\/bolting.eu\/en\/shop\/edelrid-hms-strike-triple-fg\/#local-main-organization-logo","url":"https:\/\/bolting.eu\/wp-content\/uploads\/2019\/09\/bolting-logo.png","contentUrl":"https:\/\/bolting.eu\/wp-content\/uploads\/2019\/09\/bolting-logo.png","width":400,"height":211,"caption":"bolting.eu"}]},"product_price_amount":"27.00","product_price_currency":"EUR","og_availability":"instock","product_availability":"instock","product_retailer_item_id":"737020001180","product_condition":"new","geo.placename":"Innsbruck","geo.position":{"lat":"47.264176340396226","long":"11.380109057672346"},"geo.region":"Austria"},"_links":{"self":[{"href":"https:\/\/bolting.eu\/en\/wp-json\/wp\/v2\/product\/7327","targetHints":{"allow":["GET"]}}],"collection":[{"href":"https:\/\/bolting.eu\/en\/wp-json\/wp\/v2\/product"}],"about":[{"href":"https:\/\/bolting.eu\/en\/wp-json\/wp\/v2\/types\/product"}],"replies":[{"embeddable":true,"href":"https:\/\/bolting.eu\/en\/wp-json\/wp\/v2\/comments?post=7327"}],"wp:featuredmedia":[{"embeddable":true,"href":"https:\/\/bolting.eu\/en\/wp-json\/wp\/v2\/media\/30598"}],"wp:attachment":[{"href":"https:\/\/bolting.eu\/en\/wp-json\/wp\/v2\/media?parent=7327"}],"wp:term":[{"taxonomy":"product_brand","embeddable":true,"href":"https:\/\/bolting.eu\/en\/wp-json\/wp\/v2\/product_brand?post=7327"},{"taxonomy":"product_cat","embeddable":true,"href":"https:\/\/bolting.eu\/en\/wp-json\/wp\/v2\/product_cat?post=7327"},{"taxonomy":"product_tag","embeddable":true,"href":"https:\/\/bolting.eu\/en\/wp-json\/wp\/v2\/product_tag?post=7327"}],"curies":[{"name":"wp","href":"https:\/\/api.w.org\/{rel}","templated":true}]}}