{"id":7323,"date":"2021-01-03T15:35:32","date_gmt":"2021-01-03T14:35:32","guid":{"rendered":"https:\/\/bolting.eu\/?post_type=product&#038;p=7323"},"modified":"2023-06-16T14:49:16","modified_gmt":"2023-06-16T12:49:16","slug":"edelrid-hms-strike-fg","status":"publish","type":"product","link":"https:\/\/bolting.eu\/en\/shop\/edelrid-hms-strike-fg\/","title":{"rendered":"Edelrid HMS Strike FG"},"content":{"rendered":"<p>Der Edelrid HMS Strike FG ist ein <a href=\"https:\/\/bolting.eu\/produkt-kategorie\/kletterausruestung\/karabiner-kletterkarabiner\/hms-karabiner\/\">HMS Karabiner<\/a> f\u00fcr Sicherungsger\u00e4te bzw. zur HMS Sicherung. Denn er hat ein <strong>F<\/strong>ixier <strong>G<\/strong>elenk, welchen diesem Produkt den Zusatznamen gibt.<\/p>\n<p>Mit diesem kleinen Drahtb\u00fcgel l\u00e4sst sich der Karabiner perfekt in der Sicherungsschlaufe des Gurtes fixieren. Somit wird ein Verdrehen verhindert und es k\u00f6nnen keine gef\u00e4hrlichen Querbelastungen auftreten.<\/p>\n<p>Dar\u00fcber hinaus bietet dieses Modell alle soliden Features der hochwertigen Edelrid Karabiner. Erstens ein geringes Gewicht durch H-Profil Konstruktion. Zweitens einen Keylock Verschluss f\u00fcr perfektes Handling beim Ein- bzw. Aush\u00e4ngen. Und drittens einen langlebigen Schraubverschluss.<\/p>\n<p>Kurzum. Wer einen leichten HMS Karabiner zum Sichern bzw. f\u00fcr Sicherungsger\u00e4te sucht Hier ist eine super Option!<\/p>\n<h2>Eigenschaften Edelrid HMS Strike FG<\/h2>\n<ul>\n<li>Hersteller: <a href=\"https:\/\/bolting.eu\/produkt-kategorie\/edelrid\/\">Edelrid<\/a><\/li>\n<li>Material: Aluminium<\/li>\n<li>Farbe: grau<\/li>\n<li>EN Norm 12275<\/li>\n<li>Verschluss: Schraubverschluss<\/li>\n<li>Bruchlasten 23kN l\u00e4ngs \/ 7kN offen \/ 8kN Querachse<\/li>\n<li>Gr\u00f6\u00dfe 100 x 70mm<\/li>\n<li>Schnapper\u00f6ffnung: 21mm<\/li>\n<li>Gewicht: 70 Gramm<\/li>\n<li>Made in Germany<\/li>\n<\/ul>\n<h3>Perfekt f\u00fcr Edelrid Sicherungsger\u00e4te<\/h3>\n<p>Der Edelrid HMS Strike FG ist mit allen Sicherungsger\u00e4ten dieser Marke kompatibel. So z.B. Jul, Mega Jul, Jul2, usw&#8230;<\/p>\n<p>Wer f\u00fcr diese Ger\u00e4te also einen passenden Karabiner sucht, ist hier genau richtig. Denn man muss unbedingt einen kompatiblen HMS Karabiner verwenden.<\/p>\n<p>Wieso? Weil die Brems- und Blockierfunktion der Sicherungsger\u00e4te entscheidend von der Form des verwendeten Karabiners abh\u00e4ngt. Falsche Modelle k\u00f6nnen zum Versagen der Bremsfunktion und schweren Unf\u00e4llen f\u00fchren.<\/p>\n<h3>Edelrid HMS Strike FG = <strong>F<\/strong>ixier <strong>G<\/strong>elenk<\/h3>\n<p>Habt ihr euch schon mal gefragt, was die Zusatzbezeichnung FG bedeutet? Ganz Einfach! Es steht f\u00fcr Fixier Gelenk!<\/p>\n<p>Denn mit diesem kleinen Drahtschnapper in schmalen Scheitel l\u00e4sst sich der Karabiner fixieren. D.h. er wird einfach in die Sicherungsschlaufe des Klettergurtes geh\u00e4ngt. Somit gibt es kein Verdrehen und ergo keine gef\u00e4hrliche Querbelastung mehr!<\/p>\n<h3>Pflegetipp<\/h3>\n<p>Wascht euren Edelrid HMS Strike FG von Zeit zu Zeit. Einfach unter lauwarmen Wasser aussp\u00fclen und ordentlich trocknen.<\/p>\n<p>Das hilft Micro Staub aus dem Drehgelenk bzw. Schnappergelenk zu bekommen. Zudem bringen ein paar Tropfen <a href=\"https:\/\/bolting.eu\/shop\/kong-kletterausruestung-pflegeoel\/\">Karabiner Pflege\u00f6l<\/a> die Gelenke wieder ordentlich in Schwung!<\/p>\n<h4><strong>Link Tipp<\/strong><\/h4>\n<p>Hier geht es zur <a href=\"https:\/\/media.edelrid.de\/images\/attribut\/54530_GAL_KARABINER_ANSICHT.pdf\" target=\"_blank\" rel=\"noopener\">Gebrauchsanleitung<\/a>!<\/p>\n","protected":false},"excerpt":{"rendered":"<ul>\n<li>Hersteller: Edelrid<\/li>\n<li>Material: Aluminium<\/li>\n<li>Farbe: grau<\/li>\n<li>EN Norm 12275<\/li>\n<li>Verschluss: Schraubverschluss<\/li>\n<li>Bruchlasten 23kN l\u00e4ngs \/ 7kN offen \/ 8kN Querachse<\/li>\n<li>Gr\u00f6\u00dfe 100 x 70mm<\/li>\n<li>Schnapper\u00f6ffnung: 21mm<\/li>\n<li>Gewicht: 70 Gramm<\/li>\n<li>Made in Germany<\/li>\n<\/ul>\n","protected":false},"featured_media":7324,"comment_status":"open","ping_status":"closed","template":"","meta":[],"product_brand":[],"product_cat":[29,44,3009,13358,4655,14193],"product_tag":[],"class_list":{"0":"post-7323","1":"product","2":"type-product","3":"status-publish","4":"has-post-thumbnail","6":"product_cat-kletterausruestung","7":"product_cat-kletterkarabiner","8":"product_cat-schraubkarabiner","9":"product_cat-hms-karabiner","10":"product_cat-edelrid","11":"product_cat-sicherungskarabiner","13":"first","14":"instock","15":"taxable","16":"shipping-taxable","17":"purchasable","18":"product-type-simple"},"yoast_head":"<!-- This site is optimized with the Yoast SEO Premium plugin v26.9 (Yoast SEO v26.9) - https:\/\/yoast.com\/product\/yoast-seo-premium-wordpress\/ -->\n<title>Edelrid HMS Strike FG Schraubkarabiner mit Verdrehschutz | bolting.eu<\/title>\n<meta name=\"description\" content=\"Hier findest Du den EDELRID HMS STRIKE FG Schraubkarabiner mit Verdrehschutz. Ein idealer HMS Karabiner f\u00fcr Sicherungsger\u00e4te!\" \/>\n<meta name=\"robots\" content=\"index, follow, max-snippet:-1, max-image-preview:large, max-video-preview:-1\" \/>\n<link rel=\"canonical\" href=\"https:\/\/bolting.eu\/en\/shop\/edelrid-hms-strike-fg\/\" \/>\n<meta property=\"og:locale\" content=\"en_US\" \/>\n<meta property=\"og:type\" content=\"article\" \/>\n<meta property=\"og:title\" content=\"Edelrid HMS Strike FG\" \/>\n<meta property=\"og:description\" content=\"Hier findest Du den EDELRID HMS STRIKE FG Schraubkarabiner mit Verdrehschutz. Ein idealer HMS Karabiner f\u00fcr Sicherungsger\u00e4te!\" \/>\n<meta property=\"og:url\" content=\"https:\/\/bolting.eu\/en\/shop\/edelrid-hms-strike-fg\/\" \/>\n<meta property=\"og:site_name\" content=\"bolting.eu\" \/>\n<meta property=\"article:publisher\" content=\"https:\/\/www.facebook.com\/bolting.eu\" \/>\n<meta property=\"article:modified_time\" content=\"2023-06-16T12:49:16+00:00\" \/>\n<meta property=\"og:image\" content=\"https:\/\/bolting.eu\/wp-content\/uploads\/2021\/01\/Edelrid-HMS-Strike-FG-1.jpg\" \/>\n\t<meta property=\"og:image:width\" content=\"700\" \/>\n\t<meta property=\"og:image:height\" content=\"700\" \/>\n\t<meta property=\"og:image:type\" content=\"image\/jpeg\" \/>\n<meta name=\"twitter:card\" content=\"summary_large_image\" \/>\n<meta name=\"twitter:label1\" content=\"Price\" \/>\n\t<meta name=\"twitter:data1\" content=\"&euro;&nbsp;21,00\" \/>\n\t<meta name=\"twitter:label2\" content=\"Availability\" \/>\n\t<meta name=\"twitter:data2\" content=\"In stock\" \/>\n<script type=\"application\/ld+json\" class=\"yoast-schema-graph\">{\"@context\":\"https:\/\/schema.org\",\"@graph\":[{\"@type\":[\"WebPage\",\"ItemPage\"],\"@id\":\"https:\/\/bolting.eu\/en\/shop\/edelrid-hms-strike-fg\/\",\"url\":\"https:\/\/bolting.eu\/en\/shop\/edelrid-hms-strike-fg\/\",\"name\":\"Edelrid HMS Strike FG Schraubkarabiner mit Verdrehschutz | bolting.eu\",\"isPartOf\":{\"@id\":\"https:\/\/bolting.eu\/en\/#website\"},\"primaryImageOfPage\":{\"@id\":\"https:\/\/bolting.eu\/en\/shop\/edelrid-hms-strike-fg\/#primaryimage\"},\"image\":{\"@id\":\"https:\/\/bolting.eu\/en\/shop\/edelrid-hms-strike-fg\/#primaryimage\"},\"thumbnailUrl\":\"https:\/\/bolting.eu\/wp-content\/uploads\/2021\/01\/Edelrid-HMS-Strike-FG-1.jpg\",\"datePublished\":\"2021-01-03T14:35:32+00:00\",\"dateModified\":\"2023-06-16T12:49:16+00:00\",\"description\":\"Hier findest Du den EDELRID HMS STRIKE FG Schraubkarabiner mit Verdrehschutz. Ein idealer HMS Karabiner f\u00fcr Sicherungsger\u00e4te!\",\"breadcrumb\":{\"@id\":\"https:\/\/bolting.eu\/en\/shop\/edelrid-hms-strike-fg\/#breadcrumb\"},\"inLanguage\":\"en-US\",\"potentialAction\":[{\"@type\":\"ReadAction\",\"target\":[\"https:\/\/bolting.eu\/en\/shop\/edelrid-hms-strike-fg\/\"]}]},{\"@type\":\"ImageObject\",\"inLanguage\":\"en-US\",\"@id\":\"https:\/\/bolting.eu\/en\/shop\/edelrid-hms-strike-fg\/#primaryimage\",\"url\":\"https:\/\/bolting.eu\/wp-content\/uploads\/2021\/01\/Edelrid-HMS-Strike-FG-1.jpg\",\"contentUrl\":\"https:\/\/bolting.eu\/wp-content\/uploads\/2021\/01\/Edelrid-HMS-Strike-FG-1.jpg\",\"width\":700,\"height\":700,\"caption\":\"as Bild zeigt den silbernen Edelrid HMS Strike FG. Der HMS KArabiner steht aufrecht im Bild, links der Schnapper und unten im kleinen Scheitel der Mini Drahtb\u00fcgel als Verdrehschutz.\"},{\"@type\":\"BreadcrumbList\",\"@id\":\"https:\/\/bolting.eu\/en\/shop\/edelrid-hms-strike-fg\/#breadcrumb\",\"itemListElement\":[{\"@type\":\"ListItem\",\"position\":1,\"name\":\"Shop\",\"item\":\"https:\/\/bolting.eu\/en\/shop\/\"},{\"@type\":\"ListItem\",\"position\":2,\"name\":\"climbing equipment\",\"item\":\"https:\/\/bolting.eu\/en\/produkt-kategorie\/climbing-equipment\/\"},{\"@type\":\"ListItem\",\"position\":3,\"name\":\"Climbing carabiner\",\"item\":\"https:\/\/bolting.eu\/en\/produkt-kategorie\/climbing-carabiner\/\"},{\"@type\":\"ListItem\",\"position\":4,\"name\":\"Sicherungskarabiner\",\"item\":\"https:\/\/bolting.eu\/produkt-kategorie\/kletterausruestung\/kletterkarabiner\/sicherungskarabiner\/\"},{\"@type\":\"ListItem\",\"position\":5,\"name\":\"Edelrid HMS Strike FG\"}]},{\"@type\":\"WebSite\",\"@id\":\"https:\/\/bolting.eu\/en\/#website\",\"url\":\"https:\/\/bolting.eu\/en\/\",\"name\":\"bolting.eu\",\"description\":\"we make climbs happen\",\"publisher\":{\"@id\":\"https:\/\/bolting.eu\/en\/#organization\"},\"potentialAction\":[{\"@type\":\"SearchAction\",\"target\":{\"@type\":\"EntryPoint\",\"urlTemplate\":\"https:\/\/bolting.eu\/en\/?s={search_term_string}\"},\"query-input\":{\"@type\":\"PropertyValueSpecification\",\"valueRequired\":true,\"valueName\":\"search_term_string\"}}],\"inLanguage\":\"en-US\"},{\"@type\":[\"Organization\",\"Place\",\"SportingGoodsStore\"],\"@id\":\"https:\/\/bolting.eu\/en\/#organization\",\"name\":\"bolting.eu\",\"url\":\"https:\/\/bolting.eu\/en\/\",\"logo\":{\"@id\":\"https:\/\/bolting.eu\/en\/shop\/edelrid-hms-strike-fg\/#local-main-organization-logo\"},\"image\":{\"@id\":\"https:\/\/bolting.eu\/en\/shop\/edelrid-hms-strike-fg\/#local-main-organization-logo\"},\"sameAs\":[\"https:\/\/www.facebook.com\/bolting.eu\",\"https:\/\/www.instagram.com\/bolting.eu\/\"],\"address\":{\"@id\":\"https:\/\/bolting.eu\/en\/shop\/edelrid-hms-strike-fg\/#local-main-place-address\"},\"geo\":{\"@type\":\"GeoCoordinates\",\"latitude\":\"47.264176340396226\",\"longitude\":\"11.380109057672346\"},\"telephone\":[\"+43 699 19083372\"],\"openingHoursSpecification\":[{\"@type\":\"OpeningHoursSpecification\",\"dayOfWeek\":[\"Monday\",\"Wednesday\",\"Friday\"],\"opens\":\"14:00\",\"closes\":\"18:00\"},{\"@type\":\"OpeningHoursSpecification\",\"dayOfWeek\":[\"Tuesday\",\"Thursday\",\"Saturday\",\"Sunday\"],\"opens\":\"00:00\",\"closes\":\"00:00\"}],\"email\":\"office@bolting.eu\",\"vatID\":\"ATU59999728\",\"priceRange\":\"$$\",\"currenciesAccepted\":\"Euro\"},{\"@type\":\"PostalAddress\",\"@id\":\"https:\/\/bolting.eu\/en\/shop\/edelrid-hms-strike-fg\/#local-main-place-address\",\"streetAddress\":\"Fischnalerstra\u00dfe 4\",\"addressLocality\":\"Innsbruck\",\"postalCode\":\"6020\",\"addressRegion\":\"Tirol\",\"addressCountry\":\"AT\"},{\"@type\":\"ImageObject\",\"inLanguage\":\"en-US\",\"@id\":\"https:\/\/bolting.eu\/en\/shop\/edelrid-hms-strike-fg\/#local-main-organization-logo\",\"url\":\"https:\/\/bolting.eu\/wp-content\/uploads\/2019\/09\/bolting-logo.png\",\"contentUrl\":\"https:\/\/bolting.eu\/wp-content\/uploads\/2019\/09\/bolting-logo.png\",\"width\":400,\"height\":211,\"caption\":\"bolting.eu\"}]}<\/script>\n<meta property=\"product:price:amount\" content=\"21.00\" \/>\n<meta property=\"product:price:currency\" content=\"EUR\" \/>\n<meta property=\"og:availability\" content=\"instock\" \/>\n<meta property=\"product:availability\" content=\"instock\" \/>\n<meta property=\"product:retailer_item_id\" content=\"719670000060\" \/>\n<meta property=\"product:condition\" content=\"new\" \/>\n<meta name=\"geo.placename\" content=\"Innsbruck\" \/>\n<meta name=\"geo.position\" content=\"47.264176340396226;11.380109057672346\" \/>\n<meta name=\"geo.region\" content=\"Austria\" \/>\n<!-- \/ Yoast SEO Premium plugin. -->","yoast_head_json":{"title":"Edelrid HMS Strike FG Schraubkarabiner mit Verdrehschutz | bolting.eu","description":"Hier findest Du den EDELRID HMS STRIKE FG Schraubkarabiner mit Verdrehschutz. Ein idealer HMS Karabiner f\u00fcr Sicherungsger\u00e4te!","robots":{"index":"index","follow":"follow","max-snippet":"max-snippet:-1","max-image-preview":"max-image-preview:large","max-video-preview":"max-video-preview:-1"},"canonical":"https:\/\/bolting.eu\/en\/shop\/edelrid-hms-strike-fg\/","og_locale":"en_US","og_type":"article","og_title":"Edelrid HMS Strike FG","og_description":"Hier findest Du den EDELRID HMS STRIKE FG Schraubkarabiner mit Verdrehschutz. Ein idealer HMS Karabiner f\u00fcr Sicherungsger\u00e4te!","og_url":"https:\/\/bolting.eu\/en\/shop\/edelrid-hms-strike-fg\/","og_site_name":"bolting.eu","article_publisher":"https:\/\/www.facebook.com\/bolting.eu","article_modified_time":"2023-06-16T12:49:16+00:00","og_image":[{"width":700,"height":700,"url":"https:\/\/bolting.eu\/wp-content\/uploads\/2021\/01\/Edelrid-HMS-Strike-FG-1.jpg","type":"image\/jpeg"}],"twitter_card":"summary_large_image","twitter_misc":{"Price":"&euro;&nbsp;21,00","Availability":"In stock"},"schema":{"@context":"https:\/\/schema.org","@graph":[{"@type":["WebPage","ItemPage"],"@id":"https:\/\/bolting.eu\/en\/shop\/edelrid-hms-strike-fg\/","url":"https:\/\/bolting.eu\/en\/shop\/edelrid-hms-strike-fg\/","name":"Edelrid HMS Strike FG Schraubkarabiner mit Verdrehschutz | bolting.eu","isPartOf":{"@id":"https:\/\/bolting.eu\/en\/#website"},"primaryImageOfPage":{"@id":"https:\/\/bolting.eu\/en\/shop\/edelrid-hms-strike-fg\/#primaryimage"},"image":{"@id":"https:\/\/bolting.eu\/en\/shop\/edelrid-hms-strike-fg\/#primaryimage"},"thumbnailUrl":"https:\/\/bolting.eu\/wp-content\/uploads\/2021\/01\/Edelrid-HMS-Strike-FG-1.jpg","datePublished":"2021-01-03T14:35:32+00:00","dateModified":"2023-06-16T12:49:16+00:00","description":"Hier findest Du den EDELRID HMS STRIKE FG Schraubkarabiner mit Verdrehschutz. Ein idealer HMS Karabiner f\u00fcr Sicherungsger\u00e4te!","breadcrumb":{"@id":"https:\/\/bolting.eu\/en\/shop\/edelrid-hms-strike-fg\/#breadcrumb"},"inLanguage":"en-US","potentialAction":[{"@type":"ReadAction","target":["https:\/\/bolting.eu\/en\/shop\/edelrid-hms-strike-fg\/"]}]},{"@type":"ImageObject","inLanguage":"en-US","@id":"https:\/\/bolting.eu\/en\/shop\/edelrid-hms-strike-fg\/#primaryimage","url":"https:\/\/bolting.eu\/wp-content\/uploads\/2021\/01\/Edelrid-HMS-Strike-FG-1.jpg","contentUrl":"https:\/\/bolting.eu\/wp-content\/uploads\/2021\/01\/Edelrid-HMS-Strike-FG-1.jpg","width":700,"height":700,"caption":"as Bild zeigt den silbernen Edelrid HMS Strike FG. Der HMS KArabiner steht aufrecht im Bild, links der Schnapper und unten im kleinen Scheitel der Mini Drahtb\u00fcgel als Verdrehschutz."},{"@type":"BreadcrumbList","@id":"https:\/\/bolting.eu\/en\/shop\/edelrid-hms-strike-fg\/#breadcrumb","itemListElement":[{"@type":"ListItem","position":1,"name":"Shop","item":"https:\/\/bolting.eu\/en\/shop\/"},{"@type":"ListItem","position":2,"name":"climbing equipment","item":"https:\/\/bolting.eu\/en\/produkt-kategorie\/climbing-equipment\/"},{"@type":"ListItem","position":3,"name":"Climbing carabiner","item":"https:\/\/bolting.eu\/en\/produkt-kategorie\/climbing-carabiner\/"},{"@type":"ListItem","position":4,"name":"Sicherungskarabiner","item":"https:\/\/bolting.eu\/produkt-kategorie\/kletterausruestung\/kletterkarabiner\/sicherungskarabiner\/"},{"@type":"ListItem","position":5,"name":"Edelrid HMS Strike FG"}]},{"@type":"WebSite","@id":"https:\/\/bolting.eu\/en\/#website","url":"https:\/\/bolting.eu\/en\/","name":"bolting.eu","description":"we make climbs happen","publisher":{"@id":"https:\/\/bolting.eu\/en\/#organization"},"potentialAction":[{"@type":"SearchAction","target":{"@type":"EntryPoint","urlTemplate":"https:\/\/bolting.eu\/en\/?s={search_term_string}"},"query-input":{"@type":"PropertyValueSpecification","valueRequired":true,"valueName":"search_term_string"}}],"inLanguage":"en-US"},{"@type":["Organization","Place","SportingGoodsStore"],"@id":"https:\/\/bolting.eu\/en\/#organization","name":"bolting.eu","url":"https:\/\/bolting.eu\/en\/","logo":{"@id":"https:\/\/bolting.eu\/en\/shop\/edelrid-hms-strike-fg\/#local-main-organization-logo"},"image":{"@id":"https:\/\/bolting.eu\/en\/shop\/edelrid-hms-strike-fg\/#local-main-organization-logo"},"sameAs":["https:\/\/www.facebook.com\/bolting.eu","https:\/\/www.instagram.com\/bolting.eu\/"],"address":{"@id":"https:\/\/bolting.eu\/en\/shop\/edelrid-hms-strike-fg\/#local-main-place-address"},"geo":{"@type":"GeoCoordinates","latitude":"47.264176340396226","longitude":"11.380109057672346"},"telephone":["+43 699 19083372"],"openingHoursSpecification":[{"@type":"OpeningHoursSpecification","dayOfWeek":["Monday","Wednesday","Friday"],"opens":"14:00","closes":"18:00"},{"@type":"OpeningHoursSpecification","dayOfWeek":["Tuesday","Thursday","Saturday","Sunday"],"opens":"00:00","closes":"00:00"}],"email":"office@bolting.eu","vatID":"ATU59999728","priceRange":"$$","currenciesAccepted":"Euro"},{"@type":"PostalAddress","@id":"https:\/\/bolting.eu\/en\/shop\/edelrid-hms-strike-fg\/#local-main-place-address","streetAddress":"Fischnalerstra\u00dfe 4","addressLocality":"Innsbruck","postalCode":"6020","addressRegion":"Tirol","addressCountry":"AT"},{"@type":"ImageObject","inLanguage":"en-US","@id":"https:\/\/bolting.eu\/en\/shop\/edelrid-hms-strike-fg\/#local-main-organization-logo","url":"https:\/\/bolting.eu\/wp-content\/uploads\/2019\/09\/bolting-logo.png","contentUrl":"https:\/\/bolting.eu\/wp-content\/uploads\/2019\/09\/bolting-logo.png","width":400,"height":211,"caption":"bolting.eu"}]},"product_price_amount":"21.00","product_price_currency":"EUR","og_availability":"instock","product_availability":"instock","product_retailer_item_id":"719670000060","product_condition":"new","geo.placename":"Innsbruck","geo.position":{"lat":"47.264176340396226","long":"11.380109057672346"},"geo.region":"Austria"},"_links":{"self":[{"href":"https:\/\/bolting.eu\/en\/wp-json\/wp\/v2\/product\/7323","targetHints":{"allow":["GET"]}}],"collection":[{"href":"https:\/\/bolting.eu\/en\/wp-json\/wp\/v2\/product"}],"about":[{"href":"https:\/\/bolting.eu\/en\/wp-json\/wp\/v2\/types\/product"}],"replies":[{"embeddable":true,"href":"https:\/\/bolting.eu\/en\/wp-json\/wp\/v2\/comments?post=7323"}],"wp:featuredmedia":[{"embeddable":true,"href":"https:\/\/bolting.eu\/en\/wp-json\/wp\/v2\/media\/7324"}],"wp:attachment":[{"href":"https:\/\/bolting.eu\/en\/wp-json\/wp\/v2\/media?parent=7323"}],"wp:term":[{"taxonomy":"product_brand","embeddable":true,"href":"https:\/\/bolting.eu\/en\/wp-json\/wp\/v2\/product_brand?post=7323"},{"taxonomy":"product_cat","embeddable":true,"href":"https:\/\/bolting.eu\/en\/wp-json\/wp\/v2\/product_cat?post=7323"},{"taxonomy":"product_tag","embeddable":true,"href":"https:\/\/bolting.eu\/en\/wp-json\/wp\/v2\/product_tag?post=7323"}],"curies":[{"name":"wp","href":"https:\/\/api.w.org\/{rel}","templated":true}]}}