{"id":7306,"date":"2021-01-03T11:52:01","date_gmt":"2021-01-03T10:52:01","guid":{"rendered":"https:\/\/bolting.eu\/?post_type=product&#038;p=7306"},"modified":"2023-05-28T22:00:42","modified_gmt":"2023-05-28T20:00:42","slug":"edelrid-core-plus-triple-lock","status":"publish","type":"product","link":"https:\/\/bolting.eu\/en\/shop\/edelrid-core-plus-triple-lock\/","title":{"rendered":"Edelrid Core Plus Triple Lock"},"content":{"rendered":"<p>Der Edelrid Core Plus Triple Lock ist ein universeller H\u00f6henarbeiter Gurt. Er weist die Zertifizierung f\u00fcr alle relevanten EN Normen Auf.<\/p>\n<p>Erstens EN 813, zweitens EN 358 sowie drittens EN 361 auf. D.h. er ist f\u00fcr alle Arten von H\u00f6henarbeiten zugelassen. Folglich ist der Uni-Gr\u00f6\u00dfen Gurt (S-XL) ein ideales Modell f\u00fcr alle professionellen H\u00f6henarbeiter. Zudem ist der Gurt perfekt f\u00fcr den <a href=\"https:\/\/bolting.eu\/klettersteig-bau\/\">Klettersteigbau<\/a>.<\/p>\n<p>Denn dieser Rope-Acccess-Gurt l\u00e4sst keine W\u00fcnsche \u00fcbrig. Kurzum. Wer einen preisg\u00fcnstigen, voll zertifizierten H\u00f6henarbeiter Gurt sucht, hat ihn gefunden!<\/p>\n<h2>Eigenschaften Edelrid Core Plus Triple Lock<\/h2>\n<ul>\n<li>Hersteller: <a href=\"https:\/\/bolting.eu\/produkt-kategorie\/edelrid\/\">Edelrid<\/a><\/li>\n<li>Normen: EN 813, EN 358, EN 361<\/li>\n<li>Gr\u00f6\u00dfe: Uni S-XL<\/li>\n<li>Gewicht: 1580 Gramm<\/li>\n<li>Auffang\u00f6sen f\u00fcr Auffangsystem: vorne und hinten<\/li>\n<li>Halte\u00f6sen zur Positionierung: 2 x Alu Ringe seitlich + 4 Textilschlaufen<\/li>\n<li>stufenlos anpassbar<\/li>\n<li>hoher Tragekomfort und Bewegungsfreiheit<\/li>\n<li>symmetrische Anpassung durch Easy Glider Schnallen<\/li>\n<li>4 versteifte Materialschlaufen<\/li>\n<li>zentrale Textile Anseilschlaufe<\/li>\n<\/ul>\n<h3>Video Edelrid Core Plus Triple Lock<\/h3>\n<p>Ein Bild sagt mehr als tausend Worte&#8230; Deshalb wollen wir euch diesen Rope Access Gurt im folgenden Video n\u00e4her vorstellen.<\/p>\n<p><iframe loading=\"lazy\" src=\"https:\/\/www.youtube.com\/embed\/fslnDXHnB4g\" width=\"75%\" height=\"350\" frameborder=\"0\" allowfullscreen=\"allowfullscreen\"><span data-mce-type=\"bookmark\" style=\"display: inline-block; width: 0px; overflow: hidden; line-height: 0;\" class=\"mce_SELRES_start\">\ufeff<\/span><\/iframe><\/p>\n<h3>Perfekt f\u00fcr Klettersteigbau<\/h3>\n<p>Wir bei bolting.eu f\u00fchren den Edelrid Core Plus Triple Lock aus einem bestimmten Grund. Denn bei uns kaufen viele Klettersteigbauer ein. F\u00fcr sie ist ein H\u00f6henarbeiter Gurt bei steilerem Gel\u00e4nde eine ganz wichtiger Ausr\u00fcstungsgegenstand.<\/p>\n<p>Denn dieser Rope Access Gurt stabilisiert zum einen den gesamten Oberk\u00f6rper. Das spart nat\u00fcrlich enorm an Kraft. Und zum andern bietet der Gurt die M\u00f6glichkeit der redundanten Sicherung. Hierzu ist die Auffang\u00f6se am R\u00fccken bzw. im Brustbereich (nach EN 361) ideal!<\/p>\n<p>Des weiteren bietet dieser Gurt zwei seitliche Screw D-Alu-Ringe (nach EN 358) zum Anh\u00e4ngen bzw. textile Schlaufen f\u00fcr die Positionierung.<\/p>\n<h3>Vollwertiger H\u00f6henarbeiter Gurt<\/h3>\n<p>Durch die Zertifizierung mit den drei relevanten EN Normen ist dieser H\u00f6henarbeiter Gurt perfekt f\u00fcr Rope Access Work. Wer z.B. IRATA Kurs absolvieren m\u00f6chte, ist mit dem Edelrid Core Plus Triple Lock perfekt ausgestattet.<\/p>\n<p>D.h. er hat alle n\u00f6tigen Zulassungen um bei zertifizierten Ausbildungen bzw. Firmen verwendet werden zu k\u00f6nnen!<\/p>\n<p>Zudem kann man diesen H\u00f6henarbeiter Gurt mit folgenden Erweiterungen aufr\u00fcsten.<br \/>\nErstens dem Padding Kit f\u00fcr noch mehr Tragekomfort. Und zweitens dem Core Sliding D-Kit f\u00fcr bessere Positionierung.<\/p>\n<h4><strong>Link Tipp<\/strong><\/h4>\n<p>Hier geht es zur <a href=\"https:\/\/media.edelrid.de\/images\/attribut\/54547_GAL_Gurte_Arbeitssicherheit_ANSICHT.pdf\" target=\"_blank\" rel=\"noopener\">Gebrauchsanleitung<\/a> des H\u00f6henarbeiter Gurtes.<\/p>\n","protected":false},"excerpt":{"rendered":"<ul>\n<li>Hersteller: <a href=\"https:\/\/bolting.eu\/produkt-kategorie\/edelrid\/\">Edelrid<\/a><\/li>\n<li>Normen: EN 813, EN 358, EN 361<\/li>\n<li>Gr\u00f6\u00dfe: Uni S-XL<\/li>\n<li>Gewicht: 1580 Gramm<\/li>\n<li>Auffang\u00f6sen f\u00fcr Auffangsystem: vorne und hinten<\/li>\n<li>Halte\u00f6sen zur Positionierung: 2 x Alu Ringe seitlich + 4 Textilschlaufen<\/li>\n<li>stufenlos anpassbar<\/li>\n<li>hoher Tragekomfort und Bewegungsfreiheit<\/li>\n<li>symmetrische Anpassung durch Easy Glider Schnallen<\/li>\n<li>4 versteifte Materialschlaufen<\/li>\n<li>zentrale Textile Anseilschlaufe<\/li>\n<\/ul>\n","protected":false},"featured_media":7307,"comment_status":"open","ping_status":"closed","template":"","meta":[],"product_brand":[],"product_cat":[4655,14055,1210],"product_tag":[2228],"class_list":{"0":"post-7306","1":"product","2":"type-product","3":"status-publish","4":"has-post-thumbnail","6":"product_cat-edelrid","7":"product_cat-absturzsicherung","8":"product_cat-einbohrartikel","9":"product_tag-hoehenarbeiten","11":"first","12":"outofstock","13":"sale","14":"taxable","15":"shipping-taxable","16":"purchasable","17":"product-type-simple"},"yoast_head":"<!-- This site is optimized with the Yoast SEO Premium plugin v26.9 (Yoast SEO v26.9) - https:\/\/yoast.com\/product\/yoast-seo-premium-wordpress\/ -->\n<title>Edelrid Core Plus Triple Lock - H\u00f6henarbeiter Gurt | bolting.eu<\/title>\n<meta name=\"description\" content=\"Hier findest Du den EDELRID CORE PLUS TRIPLE LOCK H\u00f6henarbeiter Gurt. Einen voll zertifizierten Rope Access Gut mit allen EN Normen!\" \/>\n<meta name=\"robots\" content=\"index, follow, max-snippet:-1, max-image-preview:large, max-video-preview:-1\" \/>\n<link rel=\"canonical\" href=\"https:\/\/bolting.eu\/en\/shop\/edelrid-core-plus-triple-lock\/\" \/>\n<meta property=\"og:locale\" content=\"en_US\" \/>\n<meta property=\"og:type\" content=\"article\" \/>\n<meta property=\"og:title\" content=\"Edelrid Core Plus Triple Lock\" \/>\n<meta property=\"og:description\" content=\"Hier findest Du den EDELRID CORE PLUS TRIPLE LOCK H\u00f6henarbeiter Gurt. Einen voll zertifizierten Rope Access Gut mit allen EN Normen!\" \/>\n<meta property=\"og:url\" content=\"https:\/\/bolting.eu\/en\/shop\/edelrid-core-plus-triple-lock\/\" \/>\n<meta property=\"og:site_name\" content=\"bolting.eu\" \/>\n<meta property=\"article:publisher\" content=\"https:\/\/www.facebook.com\/bolting.eu\" \/>\n<meta property=\"article:modified_time\" content=\"2023-05-28T20:00:42+00:00\" \/>\n<meta property=\"og:image\" content=\"https:\/\/bolting.eu\/wp-content\/uploads\/2021\/01\/Edelrid-Core-Plus-Triple-Lock-1.jpg\" \/>\n\t<meta property=\"og:image:width\" content=\"700\" \/>\n\t<meta property=\"og:image:height\" content=\"700\" \/>\n\t<meta property=\"og:image:type\" content=\"image\/jpeg\" \/>\n<meta name=\"twitter:card\" content=\"summary_large_image\" \/>\n<meta name=\"twitter:label1\" content=\"Price\" \/>\n\t<meta name=\"twitter:data1\" content=\"&euro;&nbsp;289,90\" \/>\n\t<meta name=\"twitter:label2\" content=\"Availability\" \/>\n\t<meta name=\"twitter:data2\" content=\"Out of stock\" \/>\n<script type=\"application\/ld+json\" class=\"yoast-schema-graph\">{\"@context\":\"https:\/\/schema.org\",\"@graph\":[{\"@type\":[\"WebPage\",\"ItemPage\"],\"@id\":\"https:\/\/bolting.eu\/en\/shop\/edelrid-core-plus-triple-lock\/\",\"url\":\"https:\/\/bolting.eu\/en\/shop\/edelrid-core-plus-triple-lock\/\",\"name\":\"Edelrid Core Plus Triple Lock - H\u00f6henarbeiter Gurt | bolting.eu\",\"isPartOf\":{\"@id\":\"https:\/\/bolting.eu\/en\/#website\"},\"primaryImageOfPage\":{\"@id\":\"https:\/\/bolting.eu\/en\/shop\/edelrid-core-plus-triple-lock\/#primaryimage\"},\"image\":{\"@id\":\"https:\/\/bolting.eu\/en\/shop\/edelrid-core-plus-triple-lock\/#primaryimage\"},\"thumbnailUrl\":\"https:\/\/bolting.eu\/wp-content\/uploads\/2021\/01\/Edelrid-Core-Plus-Triple-Lock-1.jpg\",\"datePublished\":\"2021-01-03T10:52:01+00:00\",\"dateModified\":\"2023-05-28T20:00:42+00:00\",\"description\":\"Hier findest Du den EDELRID CORE PLUS TRIPLE LOCK H\u00f6henarbeiter Gurt. Einen voll zertifizierten Rope Access Gut mit allen EN Normen!\",\"breadcrumb\":{\"@id\":\"https:\/\/bolting.eu\/en\/shop\/edelrid-core-plus-triple-lock\/#breadcrumb\"},\"inLanguage\":\"en-US\",\"potentialAction\":[{\"@type\":\"ReadAction\",\"target\":[\"https:\/\/bolting.eu\/en\/shop\/edelrid-core-plus-triple-lock\/\"]}]},{\"@type\":\"ImageObject\",\"inLanguage\":\"en-US\",\"@id\":\"https:\/\/bolting.eu\/en\/shop\/edelrid-core-plus-triple-lock\/#primaryimage\",\"url\":\"https:\/\/bolting.eu\/wp-content\/uploads\/2021\/01\/Edelrid-Core-Plus-Triple-Lock-1.jpg\",\"contentUrl\":\"https:\/\/bolting.eu\/wp-content\/uploads\/2021\/01\/Edelrid-Core-Plus-Triple-Lock-1.jpg\",\"width\":700,\"height\":700,\"caption\":\"Das Bild zeigt den Edelrid Core Plus Triple Lock H\u00f6henarbeiter Gurt von der Vorderseite. Man erkennt alle produktdetails wie Form, Schnallen und Materialschlaufen.\"},{\"@type\":\"BreadcrumbList\",\"@id\":\"https:\/\/bolting.eu\/en\/shop\/edelrid-core-plus-triple-lock\/#breadcrumb\",\"itemListElement\":[{\"@type\":\"ListItem\",\"position\":1,\"name\":\"Shop\",\"item\":\"https:\/\/bolting.eu\/en\/shop\/\"},{\"@type\":\"ListItem\",\"position\":2,\"name\":\"bolting products\",\"item\":\"https:\/\/bolting.eu\/en\/produkt-kategorie\/bolting-products\/\"},{\"@type\":\"ListItem\",\"position\":3,\"name\":\"Fall protection\",\"item\":\"https:\/\/bolting.eu\/en\/produkt-kategorie\/fall-protection\/\"},{\"@type\":\"ListItem\",\"position\":4,\"name\":\"Edelrid Core Plus Triple Lock\"}]},{\"@type\":\"WebSite\",\"@id\":\"https:\/\/bolting.eu\/en\/#website\",\"url\":\"https:\/\/bolting.eu\/en\/\",\"name\":\"bolting.eu\",\"description\":\"we make climbs happen\",\"publisher\":{\"@id\":\"https:\/\/bolting.eu\/en\/#organization\"},\"potentialAction\":[{\"@type\":\"SearchAction\",\"target\":{\"@type\":\"EntryPoint\",\"urlTemplate\":\"https:\/\/bolting.eu\/en\/?s={search_term_string}\"},\"query-input\":{\"@type\":\"PropertyValueSpecification\",\"valueRequired\":true,\"valueName\":\"search_term_string\"}}],\"inLanguage\":\"en-US\"},{\"@type\":[\"Organization\",\"Place\",\"SportingGoodsStore\"],\"@id\":\"https:\/\/bolting.eu\/en\/#organization\",\"name\":\"bolting.eu\",\"url\":\"https:\/\/bolting.eu\/en\/\",\"logo\":{\"@id\":\"https:\/\/bolting.eu\/en\/shop\/edelrid-core-plus-triple-lock\/#local-main-organization-logo\"},\"image\":{\"@id\":\"https:\/\/bolting.eu\/en\/shop\/edelrid-core-plus-triple-lock\/#local-main-organization-logo\"},\"sameAs\":[\"https:\/\/www.facebook.com\/bolting.eu\",\"https:\/\/www.instagram.com\/bolting.eu\/\"],\"address\":{\"@id\":\"https:\/\/bolting.eu\/en\/shop\/edelrid-core-plus-triple-lock\/#local-main-place-address\"},\"geo\":{\"@type\":\"GeoCoordinates\",\"latitude\":\"47.264176340396226\",\"longitude\":\"11.380109057672346\"},\"telephone\":[\"+43 699 19083372\"],\"openingHoursSpecification\":[{\"@type\":\"OpeningHoursSpecification\",\"dayOfWeek\":[\"Monday\",\"Wednesday\",\"Friday\"],\"opens\":\"14:00\",\"closes\":\"18:00\"},{\"@type\":\"OpeningHoursSpecification\",\"dayOfWeek\":[\"Tuesday\",\"Thursday\",\"Saturday\",\"Sunday\"],\"opens\":\"00:00\",\"closes\":\"00:00\"}],\"email\":\"office@bolting.eu\",\"vatID\":\"ATU59999728\",\"priceRange\":\"$$\",\"currenciesAccepted\":\"Euro\"},{\"@type\":\"PostalAddress\",\"@id\":\"https:\/\/bolting.eu\/en\/shop\/edelrid-core-plus-triple-lock\/#local-main-place-address\",\"streetAddress\":\"Fischnalerstra\u00dfe 4\",\"addressLocality\":\"Innsbruck\",\"postalCode\":\"6020\",\"addressRegion\":\"Tirol\",\"addressCountry\":\"AT\"},{\"@type\":\"ImageObject\",\"inLanguage\":\"en-US\",\"@id\":\"https:\/\/bolting.eu\/en\/shop\/edelrid-core-plus-triple-lock\/#local-main-organization-logo\",\"url\":\"https:\/\/bolting.eu\/wp-content\/uploads\/2019\/09\/bolting-logo.png\",\"contentUrl\":\"https:\/\/bolting.eu\/wp-content\/uploads\/2019\/09\/bolting-logo.png\",\"width\":400,\"height\":211,\"caption\":\"bolting.eu\"}]}<\/script>\n<meta property=\"product:price:amount\" content=\"289.90\" \/>\n<meta property=\"product:price:currency\" content=\"EUR\" \/>\n<meta property=\"og:availability\" content=\"out of stock\" \/>\n<meta property=\"product:availability\" content=\"out of stock\" \/>\n<meta property=\"product:retailer_item_id\" content=\"880370232190\" \/>\n<meta property=\"product:condition\" content=\"new\" \/>\n<meta name=\"geo.placename\" content=\"Innsbruck\" \/>\n<meta name=\"geo.position\" content=\"47.264176340396226;11.380109057672346\" \/>\n<meta name=\"geo.region\" content=\"Austria\" \/>\n<!-- \/ Yoast SEO Premium plugin. -->","yoast_head_json":{"title":"Edelrid Core Plus Triple Lock - H\u00f6henarbeiter Gurt | bolting.eu","description":"Hier findest Du den EDELRID CORE PLUS TRIPLE LOCK H\u00f6henarbeiter Gurt. Einen voll zertifizierten Rope Access Gut mit allen EN Normen!","robots":{"index":"index","follow":"follow","max-snippet":"max-snippet:-1","max-image-preview":"max-image-preview:large","max-video-preview":"max-video-preview:-1"},"canonical":"https:\/\/bolting.eu\/en\/shop\/edelrid-core-plus-triple-lock\/","og_locale":"en_US","og_type":"article","og_title":"Edelrid Core Plus Triple Lock","og_description":"Hier findest Du den EDELRID CORE PLUS TRIPLE LOCK H\u00f6henarbeiter Gurt. Einen voll zertifizierten Rope Access Gut mit allen EN Normen!","og_url":"https:\/\/bolting.eu\/en\/shop\/edelrid-core-plus-triple-lock\/","og_site_name":"bolting.eu","article_publisher":"https:\/\/www.facebook.com\/bolting.eu","article_modified_time":"2023-05-28T20:00:42+00:00","og_image":[{"width":700,"height":700,"url":"https:\/\/bolting.eu\/wp-content\/uploads\/2021\/01\/Edelrid-Core-Plus-Triple-Lock-1.jpg","type":"image\/jpeg"}],"twitter_card":"summary_large_image","twitter_misc":{"Price":"&euro;&nbsp;289,90","Availability":"Out of stock"},"schema":{"@context":"https:\/\/schema.org","@graph":[{"@type":["WebPage","ItemPage"],"@id":"https:\/\/bolting.eu\/en\/shop\/edelrid-core-plus-triple-lock\/","url":"https:\/\/bolting.eu\/en\/shop\/edelrid-core-plus-triple-lock\/","name":"Edelrid Core Plus Triple Lock - H\u00f6henarbeiter Gurt | bolting.eu","isPartOf":{"@id":"https:\/\/bolting.eu\/en\/#website"},"primaryImageOfPage":{"@id":"https:\/\/bolting.eu\/en\/shop\/edelrid-core-plus-triple-lock\/#primaryimage"},"image":{"@id":"https:\/\/bolting.eu\/en\/shop\/edelrid-core-plus-triple-lock\/#primaryimage"},"thumbnailUrl":"https:\/\/bolting.eu\/wp-content\/uploads\/2021\/01\/Edelrid-Core-Plus-Triple-Lock-1.jpg","datePublished":"2021-01-03T10:52:01+00:00","dateModified":"2023-05-28T20:00:42+00:00","description":"Hier findest Du den EDELRID CORE PLUS TRIPLE LOCK H\u00f6henarbeiter Gurt. Einen voll zertifizierten Rope Access Gut mit allen EN Normen!","breadcrumb":{"@id":"https:\/\/bolting.eu\/en\/shop\/edelrid-core-plus-triple-lock\/#breadcrumb"},"inLanguage":"en-US","potentialAction":[{"@type":"ReadAction","target":["https:\/\/bolting.eu\/en\/shop\/edelrid-core-plus-triple-lock\/"]}]},{"@type":"ImageObject","inLanguage":"en-US","@id":"https:\/\/bolting.eu\/en\/shop\/edelrid-core-plus-triple-lock\/#primaryimage","url":"https:\/\/bolting.eu\/wp-content\/uploads\/2021\/01\/Edelrid-Core-Plus-Triple-Lock-1.jpg","contentUrl":"https:\/\/bolting.eu\/wp-content\/uploads\/2021\/01\/Edelrid-Core-Plus-Triple-Lock-1.jpg","width":700,"height":700,"caption":"Das Bild zeigt den Edelrid Core Plus Triple Lock H\u00f6henarbeiter Gurt von der Vorderseite. Man erkennt alle produktdetails wie Form, Schnallen und Materialschlaufen."},{"@type":"BreadcrumbList","@id":"https:\/\/bolting.eu\/en\/shop\/edelrid-core-plus-triple-lock\/#breadcrumb","itemListElement":[{"@type":"ListItem","position":1,"name":"Shop","item":"https:\/\/bolting.eu\/en\/shop\/"},{"@type":"ListItem","position":2,"name":"bolting products","item":"https:\/\/bolting.eu\/en\/produkt-kategorie\/bolting-products\/"},{"@type":"ListItem","position":3,"name":"Fall protection","item":"https:\/\/bolting.eu\/en\/produkt-kategorie\/fall-protection\/"},{"@type":"ListItem","position":4,"name":"Edelrid Core Plus Triple Lock"}]},{"@type":"WebSite","@id":"https:\/\/bolting.eu\/en\/#website","url":"https:\/\/bolting.eu\/en\/","name":"bolting.eu","description":"we make climbs happen","publisher":{"@id":"https:\/\/bolting.eu\/en\/#organization"},"potentialAction":[{"@type":"SearchAction","target":{"@type":"EntryPoint","urlTemplate":"https:\/\/bolting.eu\/en\/?s={search_term_string}"},"query-input":{"@type":"PropertyValueSpecification","valueRequired":true,"valueName":"search_term_string"}}],"inLanguage":"en-US"},{"@type":["Organization","Place","SportingGoodsStore"],"@id":"https:\/\/bolting.eu\/en\/#organization","name":"bolting.eu","url":"https:\/\/bolting.eu\/en\/","logo":{"@id":"https:\/\/bolting.eu\/en\/shop\/edelrid-core-plus-triple-lock\/#local-main-organization-logo"},"image":{"@id":"https:\/\/bolting.eu\/en\/shop\/edelrid-core-plus-triple-lock\/#local-main-organization-logo"},"sameAs":["https:\/\/www.facebook.com\/bolting.eu","https:\/\/www.instagram.com\/bolting.eu\/"],"address":{"@id":"https:\/\/bolting.eu\/en\/shop\/edelrid-core-plus-triple-lock\/#local-main-place-address"},"geo":{"@type":"GeoCoordinates","latitude":"47.264176340396226","longitude":"11.380109057672346"},"telephone":["+43 699 19083372"],"openingHoursSpecification":[{"@type":"OpeningHoursSpecification","dayOfWeek":["Monday","Wednesday","Friday"],"opens":"14:00","closes":"18:00"},{"@type":"OpeningHoursSpecification","dayOfWeek":["Tuesday","Thursday","Saturday","Sunday"],"opens":"00:00","closes":"00:00"}],"email":"office@bolting.eu","vatID":"ATU59999728","priceRange":"$$","currenciesAccepted":"Euro"},{"@type":"PostalAddress","@id":"https:\/\/bolting.eu\/en\/shop\/edelrid-core-plus-triple-lock\/#local-main-place-address","streetAddress":"Fischnalerstra\u00dfe 4","addressLocality":"Innsbruck","postalCode":"6020","addressRegion":"Tirol","addressCountry":"AT"},{"@type":"ImageObject","inLanguage":"en-US","@id":"https:\/\/bolting.eu\/en\/shop\/edelrid-core-plus-triple-lock\/#local-main-organization-logo","url":"https:\/\/bolting.eu\/wp-content\/uploads\/2019\/09\/bolting-logo.png","contentUrl":"https:\/\/bolting.eu\/wp-content\/uploads\/2019\/09\/bolting-logo.png","width":400,"height":211,"caption":"bolting.eu"}]},"product_price_amount":"289.90","product_price_currency":"EUR","og_availability":"out of stock","product_availability":"out of stock","product_retailer_item_id":"880370232190","product_condition":"new","geo.placename":"Innsbruck","geo.position":{"lat":"47.264176340396226","long":"11.380109057672346"},"geo.region":"Austria"},"_links":{"self":[{"href":"https:\/\/bolting.eu\/en\/wp-json\/wp\/v2\/product\/7306","targetHints":{"allow":["GET"]}}],"collection":[{"href":"https:\/\/bolting.eu\/en\/wp-json\/wp\/v2\/product"}],"about":[{"href":"https:\/\/bolting.eu\/en\/wp-json\/wp\/v2\/types\/product"}],"replies":[{"embeddable":true,"href":"https:\/\/bolting.eu\/en\/wp-json\/wp\/v2\/comments?post=7306"}],"wp:featuredmedia":[{"embeddable":true,"href":"https:\/\/bolting.eu\/en\/wp-json\/wp\/v2\/media\/7307"}],"wp:attachment":[{"href":"https:\/\/bolting.eu\/en\/wp-json\/wp\/v2\/media?parent=7306"}],"wp:term":[{"taxonomy":"product_brand","embeddable":true,"href":"https:\/\/bolting.eu\/en\/wp-json\/wp\/v2\/product_brand?post=7306"},{"taxonomy":"product_cat","embeddable":true,"href":"https:\/\/bolting.eu\/en\/wp-json\/wp\/v2\/product_cat?post=7306"},{"taxonomy":"product_tag","embeddable":true,"href":"https:\/\/bolting.eu\/en\/wp-json\/wp\/v2\/product_tag?post=7306"}],"curies":[{"name":"wp","href":"https:\/\/api.w.org\/{rel}","templated":true}]}}