{"id":7293,"date":"2021-01-01T19:28:58","date_gmt":"2021-01-01T18:28:58","guid":{"rendered":"https:\/\/bolting.eu\/?post_type=product&#038;p=7293"},"modified":"2026-03-04T18:36:08","modified_gmt":"2026-03-04T17:36:08","slug":"edelrid-boa-gym","status":"publish","type":"product","link":"https:\/\/bolting.eu\/en\/shop\/edelrid-boa-gym\/","title":{"rendered":"Edelrid Boa Gym"},"content":{"rendered":"<p>Das Edelrid Boa Gym ist ein perfektes Seil f\u00fcr die Kletterhalle. Denn dieses Hallenseil hat einen besonders abriebfesten Mantel aus Polyester.<\/p>\n<p>Zum einen weil es sich dabei um eine zweiflechtige Konstruktion handelt. D.h. dieser Fertigigungsprozess ergibt eine besonders kompakte und glatte Mantelstruktur. Und zum anderen wegen der Thermo Shield Behandlung. Diese W\u00e4rmebehandlung sorgt weiters f\u00fcr einen abriebfesten Mantel.<\/p>\n<p>Zudem hat dieses Produkt alle hochwertigen Eigenschaften der Edelrid Seil Familie.<\/p>\n<p>Kurzum. Wer ein hochwertiges, langlebiges Hallen <a href=\"https:\/\/bolting.eu\/produkt-kategorie\/kletterausruestung\/kletterseil\/\">Kletterseil<\/a> sucht, der hat es soeben gefunden!<\/p>\n<h2>Eigenschaften Boa Gym<\/h2>\n<ul>\n<li>Hersteller: <a href=\"https:\/\/bolting.eu\/produkt-kategorie\/edelrid\/\">Edelrid<\/a><\/li>\n<li>Seilart: Einfachseil<\/li>\n<li>Impr\u00e4gnierung: Thermo Shield Behandlung<\/li>\n<li>spezielles Hallenseil<\/li>\n<li>zweifl\u00e4chtiger Mantel f\u00fcr kompakte + glatte Struktur<\/li>\n<li>Normst\u00fcrze: 7<\/li>\n<li>Durchmesser 9,8mm<\/li>\n<li>Gewicht \/ Meter: 68 Gramm<\/li>\n<li>Fangstoss: 8,8kN<\/li>\n<li>stat. \/ dyn. Dehnung: 5,5% \/ 32%<\/li>\n<li>EN Norm: EN 892<\/li>\n<li>UIAA 101 bzw. CE 123<\/li>\n<li>Mantelverschiebung: keine<\/li>\n<li>f\u00fcr alle g\u00e4ngigen Sicherungsger\u00e4te geeignet<\/li>\n<\/ul>\n<h3>Der Mantel macht\u00b4s!<\/h3>\n<p>Das Boa Gym von Edelrid ist wegen seines Mantels ein so spezielles Hallen Kletterseil. Denn dieser ist aus Polyester und speziell konstruiert. N\u00e4mlich mit einer zweiflechtigen Konstruktionsmethode. Hiermit ergibt sich ein besonders kompakter und glatter Mantel.<\/p>\n<p>Zudem wird das Hallenseil einer Thermo Shield Behandlung unterzogen. D.h. sowohl die Fasern des Kerns als auch des Mantels werden einer Kombination aus Hitze und Druck ausgesetzt. Das macht die Fasern deutlich k\u00fcrzer und somit belastbarer.<\/p>\n<p>Zusammengefasst hei\u00dft dies: der behandelte Mantel aus Polyester machts! Denn er sorgt gegen\u00fcber &#8220;normalen&#8221; Seilen f\u00fcr die hohe Abriebfestigkeit bzw. die lange Lebensdauer dieses Hallenseiles.<\/p>\n<h3>Praxistipp<\/h3>\n<p>Ihr wollt die Lebensdauer eures Boa Gym zus\u00e4tzlich verl\u00e4ngern? Dann versucht diese Tipps zu ber\u00fccksichtigen.<\/p>\n<p>Achtet erstens immer auf dynamisches Sichern. Je besser der Sicherer mit springt und einen Sturz dynamisch abf\u00e4ngt, desto besser f\u00fcr euer Seil.<\/p>\n<p>Zweitens solltet ihr vermeiden, das Euer Seil zwischen Kletterwand und Griffen eingeklemmt wird. Das kann euren Seilmantel in wenigen Sessions g\u00e4nzlich kaputt machen.<\/p>\n<p>Drittens lohnt es sich euer Hallenseil von Zeit zu Zeit mal zu waschen.<\/p>\n<h4><strong>Link Tipp<\/strong><\/h4>\n<p>Hier geht es zur <a href=\"https:\/\/media.edelrid.de\/images\/attribut\/54517_GAL_DynamicRope_Seilteppich_ANSICHT.pdf\" target=\"_blank\" rel=\"noopener\">Gebrauchsanleitung<\/a>!<\/p>\n","protected":false},"excerpt":{"rendered":"<p>Spezielles 9,8mm Hallenseil mit Polyester Mantel. Dieser ist besonders abriebfest.<\/p>\n<p>Die Thermo Shield Behandlung sorgt f\u00fcr perfektes Handling. F\u00fcr alle Sicherungsger\u00e4te und Anf\u00e4nger geeignet.<\/p>\n<p>Versandkostenfrei bis 2kg in <img decoding=\"async\" class=\"emoji\" role=\"img\" draggable=\"false\" src=\"https:\/\/s.w.org\/images\/core\/emoji\/14.0.0\/svg\/1f1e6-1f1f9.svg\" alt=\"\ud83c\udde6\ud83c\uddf9\" \/> ab \u20ac 100,- und <img decoding=\"async\" class=\"emoji\" role=\"img\" draggable=\"false\" src=\"https:\/\/s.w.org\/images\/core\/emoji\/14.0.0\/svg\/1f1e9-1f1ea.svg\" alt=\"\ud83c\udde9\ud83c\uddea\" \/> ab \u20ac 200,-!<\/p>\n<p>&nbsp;<\/p>\n","protected":false},"featured_media":7295,"comment_status":"open","ping_status":"closed","template":"","meta":[],"product_brand":[],"product_cat":[4655,29,6727],"product_tag":[3465],"class_list":{"0":"post-7293","1":"product","2":"type-product","3":"status-publish","4":"has-post-thumbnail","6":"product_cat-edelrid","7":"product_cat-kletterausruestung","8":"product_cat-kletterseil","9":"product_tag-kletterhalle","11":"first","12":"outofstock","13":"sale","14":"taxable","15":"shipping-taxable","16":"purchasable","17":"product-type-variable"},"yoast_head":"<!-- This site is optimized with the Yoast SEO Premium plugin v26.9 (Yoast SEO v26.9) - https:\/\/yoast.com\/product\/yoast-seo-premium-wordpress\/ -->\n<title>Edelrid Boa Gym 9,8mm - Hallen Kletterseil online kaufen | bolting.eu<\/title>\n<meta name=\"description\" content=\"Hier findest Du das EDELRID BOA GYM Kletterseil. Ein 9,8mm Hallenseil mit extra abriebfestem Mantel f\u00fcr lange Lebensdauer!\" \/>\n<meta name=\"robots\" content=\"index, follow, max-snippet:-1, max-image-preview:large, max-video-preview:-1\" \/>\n<link rel=\"canonical\" href=\"https:\/\/bolting.eu\/en\/shop\/edelrid-boa-gym\/\" \/>\n<meta property=\"og:locale\" content=\"en_US\" \/>\n<meta property=\"og:type\" content=\"article\" \/>\n<meta property=\"og:title\" content=\"Edelrid Boa Gym\" \/>\n<meta property=\"og:description\" content=\"Hier findest Du das EDELRID BOA GYM Kletterseil. Ein 9,8mm Hallenseil mit extra abriebfestem Mantel f\u00fcr lange Lebensdauer!\" \/>\n<meta property=\"og:url\" content=\"https:\/\/bolting.eu\/en\/shop\/edelrid-boa-gym\/\" \/>\n<meta property=\"og:site_name\" content=\"bolting.eu\" \/>\n<meta property=\"article:publisher\" content=\"https:\/\/www.facebook.com\/bolting.eu\" \/>\n<meta property=\"article:modified_time\" content=\"2026-03-04T17:36:08+00:00\" \/>\n<meta property=\"og:image\" content=\"https:\/\/bolting.eu\/wp-content\/uploads\/2021\/01\/Edelrid-Boa-Gym-1.jpg\" \/>\n\t<meta property=\"og:image:width\" content=\"700\" \/>\n\t<meta property=\"og:image:height\" content=\"700\" \/>\n\t<meta property=\"og:image:type\" content=\"image\/jpeg\" \/>\n<meta name=\"twitter:card\" content=\"summary_large_image\" \/>\n<meta name=\"twitter:label1\" content=\"Availability\" \/>\n\t<meta name=\"twitter:data1\" content=\"Out of stock\" \/>\n<script type=\"application\/ld+json\" class=\"yoast-schema-graph\">{\"@context\":\"https:\/\/schema.org\",\"@graph\":[{\"@type\":[\"WebPage\",\"ItemPage\"],\"@id\":\"https:\/\/bolting.eu\/en\/shop\/edelrid-boa-gym\/\",\"url\":\"https:\/\/bolting.eu\/en\/shop\/edelrid-boa-gym\/\",\"name\":\"Edelrid Boa Gym 9,8mm - Hallen Kletterseil online kaufen | bolting.eu\",\"isPartOf\":{\"@id\":\"https:\/\/bolting.eu\/en\/#website\"},\"primaryImageOfPage\":{\"@id\":\"https:\/\/bolting.eu\/en\/shop\/edelrid-boa-gym\/#primaryimage\"},\"image\":{\"@id\":\"https:\/\/bolting.eu\/en\/shop\/edelrid-boa-gym\/#primaryimage\"},\"thumbnailUrl\":\"https:\/\/bolting.eu\/wp-content\/uploads\/2021\/01\/Edelrid-Boa-Gym-1.jpg\",\"datePublished\":\"2021-01-01T18:28:58+00:00\",\"dateModified\":\"2026-03-04T17:36:08+00:00\",\"description\":\"Hier findest Du das EDELRID BOA GYM Kletterseil. Ein 9,8mm Hallenseil mit extra abriebfestem Mantel f\u00fcr lange Lebensdauer!\",\"breadcrumb\":{\"@id\":\"https:\/\/bolting.eu\/en\/shop\/edelrid-boa-gym\/#breadcrumb\"},\"inLanguage\":\"en-US\",\"potentialAction\":[{\"@type\":\"ReadAction\",\"target\":[\"https:\/\/bolting.eu\/en\/shop\/edelrid-boa-gym\/\"]}]},{\"@type\":\"ImageObject\",\"inLanguage\":\"en-US\",\"@id\":\"https:\/\/bolting.eu\/en\/shop\/edelrid-boa-gym\/#primaryimage\",\"url\":\"https:\/\/bolting.eu\/wp-content\/uploads\/2021\/01\/Edelrid-Boa-Gym-1.jpg\",\"contentUrl\":\"https:\/\/bolting.eu\/wp-content\/uploads\/2021\/01\/Edelrid-Boa-Gym-1.jpg\",\"width\":700,\"height\":700,\"caption\":\"Das Bild zeigt das Edelrid Boa Gym Hallenseil. Der verpackte, gr\u00fcne Seilstrang ist aufrecht in Bildmitte zu sehen. Um die Mitte das schwarze Verpackungslabel.\"},{\"@type\":\"BreadcrumbList\",\"@id\":\"https:\/\/bolting.eu\/en\/shop\/edelrid-boa-gym\/#breadcrumb\",\"itemListElement\":[{\"@type\":\"ListItem\",\"position\":1,\"name\":\"Shop\",\"item\":\"https:\/\/bolting.eu\/en\/shop\/\"},{\"@type\":\"ListItem\",\"position\":2,\"name\":\"climbing equipment\",\"item\":\"https:\/\/bolting.eu\/en\/produkt-kategorie\/climbing-equipment\/\"},{\"@type\":\"ListItem\",\"position\":3,\"name\":\"Kletterseil\",\"item\":\"https:\/\/bolting.eu\/produkt-kategorie\/kletterausruestung\/kletterseil\/\"},{\"@type\":\"ListItem\",\"position\":4,\"name\":\"Edelrid Boa Gym\"}]},{\"@type\":\"WebSite\",\"@id\":\"https:\/\/bolting.eu\/en\/#website\",\"url\":\"https:\/\/bolting.eu\/en\/\",\"name\":\"bolting.eu\",\"description\":\"we make climbs happen\",\"publisher\":{\"@id\":\"https:\/\/bolting.eu\/en\/#organization\"},\"potentialAction\":[{\"@type\":\"SearchAction\",\"target\":{\"@type\":\"EntryPoint\",\"urlTemplate\":\"https:\/\/bolting.eu\/en\/?s={search_term_string}\"},\"query-input\":{\"@type\":\"PropertyValueSpecification\",\"valueRequired\":true,\"valueName\":\"search_term_string\"}}],\"inLanguage\":\"en-US\"},{\"@type\":[\"Organization\",\"Place\",\"SportingGoodsStore\"],\"@id\":\"https:\/\/bolting.eu\/en\/#organization\",\"name\":\"bolting.eu\",\"url\":\"https:\/\/bolting.eu\/en\/\",\"logo\":{\"@id\":\"https:\/\/bolting.eu\/en\/shop\/edelrid-boa-gym\/#local-main-organization-logo\"},\"image\":{\"@id\":\"https:\/\/bolting.eu\/en\/shop\/edelrid-boa-gym\/#local-main-organization-logo\"},\"sameAs\":[\"https:\/\/www.facebook.com\/bolting.eu\",\"https:\/\/www.instagram.com\/bolting.eu\/\"],\"address\":{\"@id\":\"https:\/\/bolting.eu\/en\/shop\/edelrid-boa-gym\/#local-main-place-address\"},\"geo\":{\"@type\":\"GeoCoordinates\",\"latitude\":\"47.264176340396226\",\"longitude\":\"11.380109057672346\"},\"telephone\":[\"+43 699 19083372\"],\"openingHoursSpecification\":[{\"@type\":\"OpeningHoursSpecification\",\"dayOfWeek\":[\"Monday\",\"Wednesday\",\"Friday\"],\"opens\":\"14:00\",\"closes\":\"18:00\"},{\"@type\":\"OpeningHoursSpecification\",\"dayOfWeek\":[\"Tuesday\",\"Thursday\",\"Saturday\",\"Sunday\"],\"opens\":\"00:00\",\"closes\":\"00:00\"}],\"email\":\"office@bolting.eu\",\"vatID\":\"ATU59999728\",\"priceRange\":\"$$\",\"currenciesAccepted\":\"Euro\"},{\"@type\":\"PostalAddress\",\"@id\":\"https:\/\/bolting.eu\/en\/shop\/edelrid-boa-gym\/#local-main-place-address\",\"streetAddress\":\"Fischnalerstra\u00dfe 4\",\"addressLocality\":\"Innsbruck\",\"postalCode\":\"6020\",\"addressRegion\":\"Tirol\",\"addressCountry\":\"AT\"},{\"@type\":\"ImageObject\",\"inLanguage\":\"en-US\",\"@id\":\"https:\/\/bolting.eu\/en\/shop\/edelrid-boa-gym\/#local-main-organization-logo\",\"url\":\"https:\/\/bolting.eu\/wp-content\/uploads\/2019\/09\/bolting-logo.png\",\"contentUrl\":\"https:\/\/bolting.eu\/wp-content\/uploads\/2019\/09\/bolting-logo.png\",\"width\":400,\"height\":211,\"caption\":\"bolting.eu\"}]}<\/script>\n<meta property=\"og:availability\" content=\"out of stock\" \/>\n<meta property=\"product:availability\" content=\"out of stock\" \/>\n<meta property=\"product:condition\" content=\"new\" \/>\n<meta name=\"geo.placename\" content=\"Innsbruck\" \/>\n<meta name=\"geo.position\" content=\"47.264176340396226;11.380109057672346\" \/>\n<meta name=\"geo.region\" content=\"Austria\" \/>\n<!-- \/ Yoast SEO Premium plugin. -->","yoast_head_json":{"title":"Edelrid Boa Gym 9,8mm - Hallen Kletterseil online kaufen | bolting.eu","description":"Hier findest Du das EDELRID BOA GYM Kletterseil. Ein 9,8mm Hallenseil mit extra abriebfestem Mantel f\u00fcr lange Lebensdauer!","robots":{"index":"index","follow":"follow","max-snippet":"max-snippet:-1","max-image-preview":"max-image-preview:large","max-video-preview":"max-video-preview:-1"},"canonical":"https:\/\/bolting.eu\/en\/shop\/edelrid-boa-gym\/","og_locale":"en_US","og_type":"article","og_title":"Edelrid Boa Gym","og_description":"Hier findest Du das EDELRID BOA GYM Kletterseil. Ein 9,8mm Hallenseil mit extra abriebfestem Mantel f\u00fcr lange Lebensdauer!","og_url":"https:\/\/bolting.eu\/en\/shop\/edelrid-boa-gym\/","og_site_name":"bolting.eu","article_publisher":"https:\/\/www.facebook.com\/bolting.eu","article_modified_time":"2026-03-04T17:36:08+00:00","og_image":[{"width":700,"height":700,"url":"https:\/\/bolting.eu\/wp-content\/uploads\/2021\/01\/Edelrid-Boa-Gym-1.jpg","type":"image\/jpeg"}],"twitter_card":"summary_large_image","twitter_misc":{"Availability":"Out of stock"},"schema":{"@context":"https:\/\/schema.org","@graph":[{"@type":["WebPage","ItemPage"],"@id":"https:\/\/bolting.eu\/en\/shop\/edelrid-boa-gym\/","url":"https:\/\/bolting.eu\/en\/shop\/edelrid-boa-gym\/","name":"Edelrid Boa Gym 9,8mm - Hallen Kletterseil online kaufen | bolting.eu","isPartOf":{"@id":"https:\/\/bolting.eu\/en\/#website"},"primaryImageOfPage":{"@id":"https:\/\/bolting.eu\/en\/shop\/edelrid-boa-gym\/#primaryimage"},"image":{"@id":"https:\/\/bolting.eu\/en\/shop\/edelrid-boa-gym\/#primaryimage"},"thumbnailUrl":"https:\/\/bolting.eu\/wp-content\/uploads\/2021\/01\/Edelrid-Boa-Gym-1.jpg","datePublished":"2021-01-01T18:28:58+00:00","dateModified":"2026-03-04T17:36:08+00:00","description":"Hier findest Du das EDELRID BOA GYM Kletterseil. Ein 9,8mm Hallenseil mit extra abriebfestem Mantel f\u00fcr lange Lebensdauer!","breadcrumb":{"@id":"https:\/\/bolting.eu\/en\/shop\/edelrid-boa-gym\/#breadcrumb"},"inLanguage":"en-US","potentialAction":[{"@type":"ReadAction","target":["https:\/\/bolting.eu\/en\/shop\/edelrid-boa-gym\/"]}]},{"@type":"ImageObject","inLanguage":"en-US","@id":"https:\/\/bolting.eu\/en\/shop\/edelrid-boa-gym\/#primaryimage","url":"https:\/\/bolting.eu\/wp-content\/uploads\/2021\/01\/Edelrid-Boa-Gym-1.jpg","contentUrl":"https:\/\/bolting.eu\/wp-content\/uploads\/2021\/01\/Edelrid-Boa-Gym-1.jpg","width":700,"height":700,"caption":"Das Bild zeigt das Edelrid Boa Gym Hallenseil. Der verpackte, gr\u00fcne Seilstrang ist aufrecht in Bildmitte zu sehen. Um die Mitte das schwarze Verpackungslabel."},{"@type":"BreadcrumbList","@id":"https:\/\/bolting.eu\/en\/shop\/edelrid-boa-gym\/#breadcrumb","itemListElement":[{"@type":"ListItem","position":1,"name":"Shop","item":"https:\/\/bolting.eu\/en\/shop\/"},{"@type":"ListItem","position":2,"name":"climbing equipment","item":"https:\/\/bolting.eu\/en\/produkt-kategorie\/climbing-equipment\/"},{"@type":"ListItem","position":3,"name":"Kletterseil","item":"https:\/\/bolting.eu\/produkt-kategorie\/kletterausruestung\/kletterseil\/"},{"@type":"ListItem","position":4,"name":"Edelrid Boa Gym"}]},{"@type":"WebSite","@id":"https:\/\/bolting.eu\/en\/#website","url":"https:\/\/bolting.eu\/en\/","name":"bolting.eu","description":"we make climbs happen","publisher":{"@id":"https:\/\/bolting.eu\/en\/#organization"},"potentialAction":[{"@type":"SearchAction","target":{"@type":"EntryPoint","urlTemplate":"https:\/\/bolting.eu\/en\/?s={search_term_string}"},"query-input":{"@type":"PropertyValueSpecification","valueRequired":true,"valueName":"search_term_string"}}],"inLanguage":"en-US"},{"@type":["Organization","Place","SportingGoodsStore"],"@id":"https:\/\/bolting.eu\/en\/#organization","name":"bolting.eu","url":"https:\/\/bolting.eu\/en\/","logo":{"@id":"https:\/\/bolting.eu\/en\/shop\/edelrid-boa-gym\/#local-main-organization-logo"},"image":{"@id":"https:\/\/bolting.eu\/en\/shop\/edelrid-boa-gym\/#local-main-organization-logo"},"sameAs":["https:\/\/www.facebook.com\/bolting.eu","https:\/\/www.instagram.com\/bolting.eu\/"],"address":{"@id":"https:\/\/bolting.eu\/en\/shop\/edelrid-boa-gym\/#local-main-place-address"},"geo":{"@type":"GeoCoordinates","latitude":"47.264176340396226","longitude":"11.380109057672346"},"telephone":["+43 699 19083372"],"openingHoursSpecification":[{"@type":"OpeningHoursSpecification","dayOfWeek":["Monday","Wednesday","Friday"],"opens":"14:00","closes":"18:00"},{"@type":"OpeningHoursSpecification","dayOfWeek":["Tuesday","Thursday","Saturday","Sunday"],"opens":"00:00","closes":"00:00"}],"email":"office@bolting.eu","vatID":"ATU59999728","priceRange":"$$","currenciesAccepted":"Euro"},{"@type":"PostalAddress","@id":"https:\/\/bolting.eu\/en\/shop\/edelrid-boa-gym\/#local-main-place-address","streetAddress":"Fischnalerstra\u00dfe 4","addressLocality":"Innsbruck","postalCode":"6020","addressRegion":"Tirol","addressCountry":"AT"},{"@type":"ImageObject","inLanguage":"en-US","@id":"https:\/\/bolting.eu\/en\/shop\/edelrid-boa-gym\/#local-main-organization-logo","url":"https:\/\/bolting.eu\/wp-content\/uploads\/2019\/09\/bolting-logo.png","contentUrl":"https:\/\/bolting.eu\/wp-content\/uploads\/2019\/09\/bolting-logo.png","width":400,"height":211,"caption":"bolting.eu"}]},"og_availability":"out of stock","product_availability":"out of stock","product_condition":"new","geo.placename":"Innsbruck","geo.position":{"lat":"47.264176340396226","long":"11.380109057672346"},"geo.region":"Austria"},"_links":{"self":[{"href":"https:\/\/bolting.eu\/en\/wp-json\/wp\/v2\/product\/7293","targetHints":{"allow":["GET"]}}],"collection":[{"href":"https:\/\/bolting.eu\/en\/wp-json\/wp\/v2\/product"}],"about":[{"href":"https:\/\/bolting.eu\/en\/wp-json\/wp\/v2\/types\/product"}],"replies":[{"embeddable":true,"href":"https:\/\/bolting.eu\/en\/wp-json\/wp\/v2\/comments?post=7293"}],"wp:featuredmedia":[{"embeddable":true,"href":"https:\/\/bolting.eu\/en\/wp-json\/wp\/v2\/media\/7295"}],"wp:attachment":[{"href":"https:\/\/bolting.eu\/en\/wp-json\/wp\/v2\/media?parent=7293"}],"wp:term":[{"taxonomy":"product_brand","embeddable":true,"href":"https:\/\/bolting.eu\/en\/wp-json\/wp\/v2\/product_brand?post=7293"},{"taxonomy":"product_cat","embeddable":true,"href":"https:\/\/bolting.eu\/en\/wp-json\/wp\/v2\/product_cat?post=7293"},{"taxonomy":"product_tag","embeddable":true,"href":"https:\/\/bolting.eu\/en\/wp-json\/wp\/v2\/product_tag?post=7293"}],"curies":[{"name":"wp","href":"https:\/\/api.w.org\/{rel}","templated":true}]}}