{"id":7282,"date":"2021-01-01T18:01:19","date_gmt":"2021-01-01T17:01:19","guid":{"rendered":"https:\/\/bolting.eu\/?post_type=product&#038;p=7282"},"modified":"2026-02-17T13:30:13","modified_gmt":"2026-02-17T12:30:13","slug":"edelrid-parrot","status":"publish","type":"product","link":"https:\/\/bolting.eu\/en\/shop\/edelrid-parrot\/","title":{"rendered":"Edelrid Parrot"},"content":{"rendered":"<p>Das Edelrid Parrot ist ein nachhaltiges Allround <a href=\"https:\/\/bolting.eu\/produkt-kategorie\/kletterausruestung\/kletterseil\/\">Kletterseil<\/a>.<\/p>\n<p>Denn dieses Produkt ist zum einen aus Restgarn der Edelrid Seilfabrik hergestellt. Zudem h\u00e4lt das 9,8mm dicke Seil auch mehr aus als sehr d\u00fcnne Modelle.<\/p>\n<p>Somit eignet sich dieses Kletterseil sowohl f\u00fcr das Sportklettern, Alpinklettern sowie die Halle.<\/p>\n<p>Die Thermo Shield Behandlung macht es abschlie\u00dfend geschmeidig und leichtl\u00e4ufig.<\/p>\n<h2>Eigenschaften Edelrid Parrot<\/h2>\n<ul>\n<li>Hersteller: <a href=\"https:\/\/bolting.eu\/produkt-kategorie\/edelrid\/\">Edelrid<\/a><\/li>\n<li>Seilart: Einfachseil<\/li>\n<li>Impr\u00e4gnierung: Thermo Shield Behandlung<\/li>\n<li>Normst\u00fcrze: 7<\/li>\n<li>Durchmesser 9,8mm<\/li>\n<li>Gewicht \/ Meter: 62 Gramm<\/li>\n<li>Fangstoss: 8,8kN<\/li>\n<li>stat. \/ dyn. Dehnung: 9,3% \/ 32%<\/li>\n<li>EN Norm: EN 892<\/li>\n<li>UIAA 101 bzw. CE 123<\/li>\n<li>Mantelverschiebung: keine<\/li>\n<li>f\u00fcr alle g\u00e4ngigen Sicherungsger\u00e4te bestens geeignet<\/li>\n<li><strong>Farbe sich vom Bild unterscheiden!<\/strong><\/li>\n<\/ul>\n<h3>Bunt wie ein Papagei<\/h3>\n<p>Den Namen hat das Edelrid Parrot (Englisch f\u00fcr Papagei) von seinem bunten Mantel. Denn f\u00fcr dieses Produkt werden die hochwertigen Restfasern der &#8220;normalen&#8221; Seile verwendet. Das bedeutet drei Dinge.<\/p>\n<p>Erstens werden Ressourcen geschont.<\/p>\n<p><strong>Zweitens f\u00fchrt das zu alles Unikaten. Die Farbe kann zudem stark variieren.<\/strong><\/p>\n<p>Und drittens bedeutet es nachhaltiges Einkaufen dank zertifiziertem &#8220;bluesign \u00ae Label .<\/p>\n<h3>Pflegetipp<\/h3>\n<p>Wascht euer Edelrid Parrot Kletterseil regelm\u00e4\u00dfig. Das verl\u00e4ngert die Lebensdauer und ist daher auch \u00f6kologisch sinnvoll.<\/p>\n<p>Erstens einfach mit etwas <a href=\"https:\/\/bolting.eu\/shop\/beal-seilwaschmittel-rope-cleaner\/\">Seilwaschmittel<\/a> in der Badewanne durchwaschen. Zweitens mit reinem Wasser ordentlich aussp\u00fclen. Dann drittens an einem schattigen Ort trocknen lassen. Fertig!<\/p>\n<h4><strong>Link Tipp<\/strong><\/h4>\n<p>Hier geht es zur <a href=\"https:\/\/media.edelrid.de\/images\/attribut\/54517_GAL_DynamicRope_Seilteppich_ANSICHT.pdf\" target=\"_blank\" rel=\"noopener\">Gebrauchsanleitung<\/a>!<\/p>\n<p>&nbsp;<\/p>\n","protected":false},"excerpt":{"rendered":"<p>Nachhaltiges, Bluesign \u00ae zertifiziertes 9,8mm Kletterseil aus Restfasern der Edelrid Seilproduktion.<\/p>\n<p>Kann daher in der Farbe stark variieren.<\/p>\n<p>Dank Thermo Shield Behandlung sch\u00f6n weich und glatt f\u00fcr perfektes Handling.<\/p>\n<p>Versandkostenfrei bis 2kg in\u00a0<img decoding=\"async\" class=\"emoji\" role=\"img\" draggable=\"false\" src=\"https:\/\/s.w.org\/images\/core\/emoji\/14.0.0\/svg\/1f1e6-1f1f9.svg\" alt=\"\ud83c\udde6\ud83c\uddf9\" \/>\u00a0ab \u20ac 100,- und\u00a0<img decoding=\"async\" class=\"emoji\" role=\"img\" draggable=\"false\" src=\"https:\/\/s.w.org\/images\/core\/emoji\/14.0.0\/svg\/1f1e9-1f1ea.svg\" alt=\"\ud83c\udde9\ud83c\uddea\" \/>\u00a0ab \u20ac 200,-!<\/p>\n","protected":false},"featured_media":7283,"comment_status":"open","ping_status":"closed","template":"","meta":[],"product_brand":[],"product_cat":[4655,29,6727],"product_tag":[],"class_list":{"0":"post-7282","1":"product","2":"type-product","3":"status-publish","4":"has-post-thumbnail","6":"product_cat-edelrid","7":"product_cat-kletterausruestung","8":"product_cat-kletterseil","10":"first","11":"instock","12":"sale","13":"taxable","14":"shipping-taxable","15":"purchasable","16":"product-type-variable"},"yoast_head":"<!-- This site is optimized with the Yoast SEO Premium plugin v26.9 (Yoast SEO v26.9) - https:\/\/yoast.com\/product\/yoast-seo-premium-wordpress\/ -->\n<title>Edelrid Parrot - 9,8mm Einfachseil online kaufen | bolting.eu<\/title>\n<meta name=\"description\" content=\"EDELRID PARROT 9,8mm Kletterseil beim Kletterprofi kaufen \u2705 Trusted Shop \u2705 kostenloser Versand* \u2705 14 Tage R\u00fcckgaberecht \u2705 Co2 neutrale Zustellung\" \/>\n<meta name=\"robots\" content=\"index, follow, max-snippet:-1, max-image-preview:large, max-video-preview:-1\" \/>\n<link rel=\"canonical\" href=\"https:\/\/bolting.eu\/en\/shop\/edelrid-parrot\/\" \/>\n<meta property=\"og:locale\" content=\"en_US\" \/>\n<meta property=\"og:type\" content=\"article\" \/>\n<meta property=\"og:title\" content=\"Edelrid Parrot\" \/>\n<meta property=\"og:description\" content=\"EDELRID PARROT 9,8mm Kletterseil beim Kletterprofi kaufen \u2705 Trusted Shop \u2705 kostenloser Versand* \u2705 14 Tage R\u00fcckgaberecht \u2705 Co2 neutrale Zustellung\" \/>\n<meta property=\"og:url\" content=\"https:\/\/bolting.eu\/en\/shop\/edelrid-parrot\/\" \/>\n<meta property=\"og:site_name\" content=\"bolting.eu\" \/>\n<meta property=\"article:publisher\" content=\"https:\/\/www.facebook.com\/bolting.eu\" \/>\n<meta property=\"article:modified_time\" content=\"2026-02-17T12:30:13+00:00\" \/>\n<meta property=\"og:image\" content=\"https:\/\/bolting.eu\/wp-content\/uploads\/2021\/01\/Edelrid-Parrot-1.jpg\" \/>\n\t<meta property=\"og:image:width\" content=\"700\" \/>\n\t<meta property=\"og:image:height\" content=\"700\" \/>\n\t<meta property=\"og:image:type\" content=\"image\/jpeg\" \/>\n<meta name=\"twitter:card\" content=\"summary_large_image\" \/>\n<meta name=\"twitter:label1\" content=\"Availability\" \/>\n\t<meta name=\"twitter:data1\" content=\"In stock\" \/>\n<script type=\"application\/ld+json\" class=\"yoast-schema-graph\">{\"@context\":\"https:\/\/schema.org\",\"@graph\":[{\"@type\":[\"WebPage\",\"ItemPage\"],\"@id\":\"https:\/\/bolting.eu\/en\/shop\/edelrid-parrot\/\",\"url\":\"https:\/\/bolting.eu\/en\/shop\/edelrid-parrot\/\",\"name\":\"Edelrid Parrot - 9,8mm Einfachseil online kaufen | bolting.eu\",\"isPartOf\":{\"@id\":\"https:\/\/bolting.eu\/en\/#website\"},\"primaryImageOfPage\":{\"@id\":\"https:\/\/bolting.eu\/en\/shop\/edelrid-parrot\/#primaryimage\"},\"image\":{\"@id\":\"https:\/\/bolting.eu\/en\/shop\/edelrid-parrot\/#primaryimage\"},\"thumbnailUrl\":\"https:\/\/bolting.eu\/wp-content\/uploads\/2021\/01\/Edelrid-Parrot-1.jpg\",\"datePublished\":\"2021-01-01T17:01:19+00:00\",\"dateModified\":\"2026-02-17T12:30:13+00:00\",\"description\":\"EDELRID PARROT 9,8mm Kletterseil beim Kletterprofi kaufen \u2705 Trusted Shop \u2705 kostenloser Versand* \u2705 14 Tage R\u00fcckgaberecht \u2705 Co2 neutrale Zustellung\",\"breadcrumb\":{\"@id\":\"https:\/\/bolting.eu\/en\/shop\/edelrid-parrot\/#breadcrumb\"},\"inLanguage\":\"en-US\",\"potentialAction\":[{\"@type\":\"ReadAction\",\"target\":[\"https:\/\/bolting.eu\/en\/shop\/edelrid-parrot\/\"]}]},{\"@type\":\"ImageObject\",\"inLanguage\":\"en-US\",\"@id\":\"https:\/\/bolting.eu\/en\/shop\/edelrid-parrot\/#primaryimage\",\"url\":\"https:\/\/bolting.eu\/wp-content\/uploads\/2021\/01\/Edelrid-Parrot-1.jpg\",\"contentUrl\":\"https:\/\/bolting.eu\/wp-content\/uploads\/2021\/01\/Edelrid-Parrot-1.jpg\",\"width\":700,\"height\":700,\"caption\":\"das Bild zeigt ein Edelrid Parrot 9,8mm Einfachseil. Das aufgerollte Seil steht aufrecht in Originalverpackung in der Mitte eines wei\u00dfen Quadrates. Man erkennt den bunten Seilstrang und das schwarz-gr\u00fcne Verpackungslabel.\"},{\"@type\":\"BreadcrumbList\",\"@id\":\"https:\/\/bolting.eu\/en\/shop\/edelrid-parrot\/#breadcrumb\",\"itemListElement\":[{\"@type\":\"ListItem\",\"position\":1,\"name\":\"Shop\",\"item\":\"https:\/\/bolting.eu\/en\/shop\/\"},{\"@type\":\"ListItem\",\"position\":2,\"name\":\"climbing equipment\",\"item\":\"https:\/\/bolting.eu\/en\/produkt-kategorie\/climbing-equipment\/\"},{\"@type\":\"ListItem\",\"position\":3,\"name\":\"Kletterseil\",\"item\":\"https:\/\/bolting.eu\/produkt-kategorie\/kletterausruestung\/kletterseil\/\"},{\"@type\":\"ListItem\",\"position\":4,\"name\":\"Edelrid Parrot\"}]},{\"@type\":\"WebSite\",\"@id\":\"https:\/\/bolting.eu\/en\/#website\",\"url\":\"https:\/\/bolting.eu\/en\/\",\"name\":\"bolting.eu\",\"description\":\"we make climbs happen\",\"publisher\":{\"@id\":\"https:\/\/bolting.eu\/en\/#organization\"},\"potentialAction\":[{\"@type\":\"SearchAction\",\"target\":{\"@type\":\"EntryPoint\",\"urlTemplate\":\"https:\/\/bolting.eu\/en\/?s={search_term_string}\"},\"query-input\":{\"@type\":\"PropertyValueSpecification\",\"valueRequired\":true,\"valueName\":\"search_term_string\"}}],\"inLanguage\":\"en-US\"},{\"@type\":[\"Organization\",\"Place\",\"SportingGoodsStore\"],\"@id\":\"https:\/\/bolting.eu\/en\/#organization\",\"name\":\"bolting.eu\",\"url\":\"https:\/\/bolting.eu\/en\/\",\"logo\":{\"@id\":\"https:\/\/bolting.eu\/en\/shop\/edelrid-parrot\/#local-main-organization-logo\"},\"image\":{\"@id\":\"https:\/\/bolting.eu\/en\/shop\/edelrid-parrot\/#local-main-organization-logo\"},\"sameAs\":[\"https:\/\/www.facebook.com\/bolting.eu\",\"https:\/\/www.instagram.com\/bolting.eu\/\"],\"address\":{\"@id\":\"https:\/\/bolting.eu\/en\/shop\/edelrid-parrot\/#local-main-place-address\"},\"geo\":{\"@type\":\"GeoCoordinates\",\"latitude\":\"47.264176340396226\",\"longitude\":\"11.380109057672346\"},\"telephone\":[\"+43 699 19083372\"],\"openingHoursSpecification\":[{\"@type\":\"OpeningHoursSpecification\",\"dayOfWeek\":[\"Monday\",\"Wednesday\",\"Friday\"],\"opens\":\"14:00\",\"closes\":\"18:00\"},{\"@type\":\"OpeningHoursSpecification\",\"dayOfWeek\":[\"Tuesday\",\"Thursday\",\"Saturday\",\"Sunday\"],\"opens\":\"00:00\",\"closes\":\"00:00\"}],\"email\":\"office@bolting.eu\",\"vatID\":\"ATU59999728\",\"priceRange\":\"$$\",\"currenciesAccepted\":\"Euro\"},{\"@type\":\"PostalAddress\",\"@id\":\"https:\/\/bolting.eu\/en\/shop\/edelrid-parrot\/#local-main-place-address\",\"streetAddress\":\"Fischnalerstra\u00dfe 4\",\"addressLocality\":\"Innsbruck\",\"postalCode\":\"6020\",\"addressRegion\":\"Tirol\",\"addressCountry\":\"AT\"},{\"@type\":\"ImageObject\",\"inLanguage\":\"en-US\",\"@id\":\"https:\/\/bolting.eu\/en\/shop\/edelrid-parrot\/#local-main-organization-logo\",\"url\":\"https:\/\/bolting.eu\/wp-content\/uploads\/2019\/09\/bolting-logo.png\",\"contentUrl\":\"https:\/\/bolting.eu\/wp-content\/uploads\/2019\/09\/bolting-logo.png\",\"width\":400,\"height\":211,\"caption\":\"bolting.eu\"}]}<\/script>\n<meta property=\"og:availability\" content=\"instock\" \/>\n<meta property=\"product:availability\" content=\"instock\" \/>\n<meta property=\"product:condition\" content=\"new\" \/>\n<meta name=\"geo.placename\" content=\"Innsbruck\" \/>\n<meta name=\"geo.position\" content=\"47.264176340396226;11.380109057672346\" \/>\n<meta name=\"geo.region\" content=\"Austria\" \/>\n<!-- \/ Yoast SEO Premium plugin. -->","yoast_head_json":{"title":"Edelrid Parrot - 9,8mm Einfachseil online kaufen | bolting.eu","description":"EDELRID PARROT 9,8mm Kletterseil beim Kletterprofi kaufen \u2705 Trusted Shop \u2705 kostenloser Versand* \u2705 14 Tage R\u00fcckgaberecht \u2705 Co2 neutrale Zustellung","robots":{"index":"index","follow":"follow","max-snippet":"max-snippet:-1","max-image-preview":"max-image-preview:large","max-video-preview":"max-video-preview:-1"},"canonical":"https:\/\/bolting.eu\/en\/shop\/edelrid-parrot\/","og_locale":"en_US","og_type":"article","og_title":"Edelrid Parrot","og_description":"EDELRID PARROT 9,8mm Kletterseil beim Kletterprofi kaufen \u2705 Trusted Shop \u2705 kostenloser Versand* \u2705 14 Tage R\u00fcckgaberecht \u2705 Co2 neutrale Zustellung","og_url":"https:\/\/bolting.eu\/en\/shop\/edelrid-parrot\/","og_site_name":"bolting.eu","article_publisher":"https:\/\/www.facebook.com\/bolting.eu","article_modified_time":"2026-02-17T12:30:13+00:00","og_image":[{"width":700,"height":700,"url":"https:\/\/bolting.eu\/wp-content\/uploads\/2021\/01\/Edelrid-Parrot-1.jpg","type":"image\/jpeg"}],"twitter_card":"summary_large_image","twitter_misc":{"Availability":"In stock"},"schema":{"@context":"https:\/\/schema.org","@graph":[{"@type":["WebPage","ItemPage"],"@id":"https:\/\/bolting.eu\/en\/shop\/edelrid-parrot\/","url":"https:\/\/bolting.eu\/en\/shop\/edelrid-parrot\/","name":"Edelrid Parrot - 9,8mm Einfachseil online kaufen | bolting.eu","isPartOf":{"@id":"https:\/\/bolting.eu\/en\/#website"},"primaryImageOfPage":{"@id":"https:\/\/bolting.eu\/en\/shop\/edelrid-parrot\/#primaryimage"},"image":{"@id":"https:\/\/bolting.eu\/en\/shop\/edelrid-parrot\/#primaryimage"},"thumbnailUrl":"https:\/\/bolting.eu\/wp-content\/uploads\/2021\/01\/Edelrid-Parrot-1.jpg","datePublished":"2021-01-01T17:01:19+00:00","dateModified":"2026-02-17T12:30:13+00:00","description":"EDELRID PARROT 9,8mm Kletterseil beim Kletterprofi kaufen \u2705 Trusted Shop \u2705 kostenloser Versand* \u2705 14 Tage R\u00fcckgaberecht \u2705 Co2 neutrale Zustellung","breadcrumb":{"@id":"https:\/\/bolting.eu\/en\/shop\/edelrid-parrot\/#breadcrumb"},"inLanguage":"en-US","potentialAction":[{"@type":"ReadAction","target":["https:\/\/bolting.eu\/en\/shop\/edelrid-parrot\/"]}]},{"@type":"ImageObject","inLanguage":"en-US","@id":"https:\/\/bolting.eu\/en\/shop\/edelrid-parrot\/#primaryimage","url":"https:\/\/bolting.eu\/wp-content\/uploads\/2021\/01\/Edelrid-Parrot-1.jpg","contentUrl":"https:\/\/bolting.eu\/wp-content\/uploads\/2021\/01\/Edelrid-Parrot-1.jpg","width":700,"height":700,"caption":"das Bild zeigt ein Edelrid Parrot 9,8mm Einfachseil. Das aufgerollte Seil steht aufrecht in Originalverpackung in der Mitte eines wei\u00dfen Quadrates. Man erkennt den bunten Seilstrang und das schwarz-gr\u00fcne Verpackungslabel."},{"@type":"BreadcrumbList","@id":"https:\/\/bolting.eu\/en\/shop\/edelrid-parrot\/#breadcrumb","itemListElement":[{"@type":"ListItem","position":1,"name":"Shop","item":"https:\/\/bolting.eu\/en\/shop\/"},{"@type":"ListItem","position":2,"name":"climbing equipment","item":"https:\/\/bolting.eu\/en\/produkt-kategorie\/climbing-equipment\/"},{"@type":"ListItem","position":3,"name":"Kletterseil","item":"https:\/\/bolting.eu\/produkt-kategorie\/kletterausruestung\/kletterseil\/"},{"@type":"ListItem","position":4,"name":"Edelrid Parrot"}]},{"@type":"WebSite","@id":"https:\/\/bolting.eu\/en\/#website","url":"https:\/\/bolting.eu\/en\/","name":"bolting.eu","description":"we make climbs happen","publisher":{"@id":"https:\/\/bolting.eu\/en\/#organization"},"potentialAction":[{"@type":"SearchAction","target":{"@type":"EntryPoint","urlTemplate":"https:\/\/bolting.eu\/en\/?s={search_term_string}"},"query-input":{"@type":"PropertyValueSpecification","valueRequired":true,"valueName":"search_term_string"}}],"inLanguage":"en-US"},{"@type":["Organization","Place","SportingGoodsStore"],"@id":"https:\/\/bolting.eu\/en\/#organization","name":"bolting.eu","url":"https:\/\/bolting.eu\/en\/","logo":{"@id":"https:\/\/bolting.eu\/en\/shop\/edelrid-parrot\/#local-main-organization-logo"},"image":{"@id":"https:\/\/bolting.eu\/en\/shop\/edelrid-parrot\/#local-main-organization-logo"},"sameAs":["https:\/\/www.facebook.com\/bolting.eu","https:\/\/www.instagram.com\/bolting.eu\/"],"address":{"@id":"https:\/\/bolting.eu\/en\/shop\/edelrid-parrot\/#local-main-place-address"},"geo":{"@type":"GeoCoordinates","latitude":"47.264176340396226","longitude":"11.380109057672346"},"telephone":["+43 699 19083372"],"openingHoursSpecification":[{"@type":"OpeningHoursSpecification","dayOfWeek":["Monday","Wednesday","Friday"],"opens":"14:00","closes":"18:00"},{"@type":"OpeningHoursSpecification","dayOfWeek":["Tuesday","Thursday","Saturday","Sunday"],"opens":"00:00","closes":"00:00"}],"email":"office@bolting.eu","vatID":"ATU59999728","priceRange":"$$","currenciesAccepted":"Euro"},{"@type":"PostalAddress","@id":"https:\/\/bolting.eu\/en\/shop\/edelrid-parrot\/#local-main-place-address","streetAddress":"Fischnalerstra\u00dfe 4","addressLocality":"Innsbruck","postalCode":"6020","addressRegion":"Tirol","addressCountry":"AT"},{"@type":"ImageObject","inLanguage":"en-US","@id":"https:\/\/bolting.eu\/en\/shop\/edelrid-parrot\/#local-main-organization-logo","url":"https:\/\/bolting.eu\/wp-content\/uploads\/2019\/09\/bolting-logo.png","contentUrl":"https:\/\/bolting.eu\/wp-content\/uploads\/2019\/09\/bolting-logo.png","width":400,"height":211,"caption":"bolting.eu"}]},"og_availability":"instock","product_availability":"instock","product_condition":"new","geo.placename":"Innsbruck","geo.position":{"lat":"47.264176340396226","long":"11.380109057672346"},"geo.region":"Austria"},"_links":{"self":[{"href":"https:\/\/bolting.eu\/en\/wp-json\/wp\/v2\/product\/7282","targetHints":{"allow":["GET"]}}],"collection":[{"href":"https:\/\/bolting.eu\/en\/wp-json\/wp\/v2\/product"}],"about":[{"href":"https:\/\/bolting.eu\/en\/wp-json\/wp\/v2\/types\/product"}],"replies":[{"embeddable":true,"href":"https:\/\/bolting.eu\/en\/wp-json\/wp\/v2\/comments?post=7282"}],"wp:featuredmedia":[{"embeddable":true,"href":"https:\/\/bolting.eu\/en\/wp-json\/wp\/v2\/media\/7283"}],"wp:attachment":[{"href":"https:\/\/bolting.eu\/en\/wp-json\/wp\/v2\/media?parent=7282"}],"wp:term":[{"taxonomy":"product_brand","embeddable":true,"href":"https:\/\/bolting.eu\/en\/wp-json\/wp\/v2\/product_brand?post=7282"},{"taxonomy":"product_cat","embeddable":true,"href":"https:\/\/bolting.eu\/en\/wp-json\/wp\/v2\/product_cat?post=7282"},{"taxonomy":"product_tag","embeddable":true,"href":"https:\/\/bolting.eu\/en\/wp-json\/wp\/v2\/product_tag?post=7282"}],"curies":[{"name":"wp","href":"https:\/\/api.w.org\/{rel}","templated":true}]}}