{"id":7278,"date":"2021-01-01T16:21:06","date_gmt":"2021-01-01T15:21:06","guid":{"rendered":"https:\/\/bolting.eu\/?post_type=product&#038;p=7278"},"modified":"2026-01-21T16:43:11","modified_gmt":"2026-01-21T15:43:11","slug":"edelrid-bulletproof-triple","status":"publish","type":"product","link":"https:\/\/bolting.eu\/en\/shop\/edelrid-bulletproof-triple\/","title":{"rendered":"Edelrid Bulletproof Triple"},"content":{"rendered":"<p>Der Edelrid Bulletproof Triple ist ein extrem robuster HMS <a href=\"https:\/\/bolting.eu\/produkt-kategorie\/kletterausruestung\/kletterkarabiner\/karabiner-schwarz\/\">Karabiner schwarz<\/a> mit Twist-Lock Verschluss. Was dieses Produkt so besonders macht, ist sein Edelstahl Einsatz im Scheitel.<\/p>\n<p>Dieses typische Merkmal dieser Modellreihe macht diese Karabiner extrem langlebig!<\/p>\n<p>Denn somit kann sich der Innenbereich des Scheitels nicht abn\u00fctzen wie normale Alu Karabiner. Dies macht die Edelrid Bulletproof Produkte zu einer wirklichen Neuerung mit einigen gro\u00dfen Vorteilen.<\/p>\n<p>Erstens ein geringes Gewicht und dennoch extreme Abriebfestigkeit. Zweitens eine viel h\u00f6here Lebensdauer als modellgleiche Alu Karabiner. Und drittens ergibt sich trotz h\u00f6herem Anschaffungspreis ein super Preis-Leistungsverh\u00e4ltnis.<\/p>\n<p>Kurzum. Wer einen extrem langlebigen und abriebfesten <a href=\"https:\/\/bolting.eu\/produkt-kategorie\/kletterausruestung\/karabiner-kletterkarabiner\/twist-lock-karabiner\/\">Twist Lock<\/a> HMS-Karabiner zulegen will. Hier ist er!<\/p>\n<h2>Eigenschaften Edelrid Bulletproof Triple<\/h2>\n<ul>\n<li>Hersteller: <a href=\"https:\/\/bolting.eu\/produkt-kategorie\/edelrid\/\">Edelrid<\/a><\/li>\n<li>Material: Aluminium bzw. Einsatz aus Edelstahl<\/li>\n<li>Farbe: slate oder schwarz<\/li>\n<li>EN Norm 12275, EN 362 bzw. UIAA 121<\/li>\n<li>Verschluss: 3-fach Twist Lock Verschluss<\/li>\n<li>Bruchlasten 25kN l\u00e4ngs \/ 9kN offen \/ 9kN Querachse<\/li>\n<li>Gr\u00f6\u00dfe 110 x 89mm<\/li>\n<li>Schnapper\u00f6ffnung: 24mm<\/li>\n<li>Gewicht: 89 Gramm<\/li>\n<li>Made in Germany<\/li>\n<\/ul>\n<h3>Edelrid Bulletproof Triple = 3fach Twist Lock<\/h3>\n<p>Das Word Triple im Produktnamen bezieht sich auf den Twist Lock Verschluss. Denn dieser l\u00e4sst sich nur in 3 Schritten \u00f6ffnen.<\/p>\n<p>Schieben &#8211; Verdrehen &#8211; Knicken. Somit bietet der Karabiner ein extrem hohes Ma\u00df an Sicherheit.<\/p>\n<h3>Ideal f\u00fcr Standplatzbau<\/h3>\n<p>Der Bulletproof Triple ist ideal f\u00fcr den Standplatzbau. Denn zum einen l\u00e4sst sich der Karabiner ideal mit nur einer Hand bedienen. Und zum anderen ist er sowohl sicher als auch ger\u00e4umig.<\/p>\n<p>Als Zentralkarabiner macht er durch seinen gro\u00dfen Innenraum (8cm breit!) eine gute Figur. Oder anders ausgedr\u00fcckt. Durch die gro\u00dfe Breite kann man hier richtig viele Karabiner und Seil einh\u00e4ngen!<\/p>\n<h3>Ideal f\u00fcr Sicherungs- und Abseilger\u00e4te<\/h3>\n<p>Durch das Stahl-Inlet ergibt sich die extreme Abriebfestigkeit des Edelrid Bulletproof Triple. Folglich ist er nat\u00fcrlich f\u00fcr alle <a href=\"https:\/\/bolting.eu\/produkt-kategorie\/klettersteigausruestung\/sicherungsgeraete-klettern\/\">Sicherungsger\u00e4te<\/a> wie Reverso, Tuber bzw. viele Auto-Tuber ideal.<\/p>\n<p>Des weiteren kann der Twist-Lock Karabiner alleine auch zum Sichern bzw. zum Abseilen verwendet werden.<\/p>\n<h4><strong>Link Tipp<\/strong><\/h4>\n<p>Hier geht es zum <a href=\"https:\/\/www.edelrid.de\" target=\"_blank\" rel=\"noopener\">Hersteller<\/a>!<\/p>\n","protected":false},"excerpt":{"rendered":"<p>Gro\u00dfer HMS Karabiner mit Stahl Inlet im gro\u00dfen Scheitel. Somit ist er extrem abriebfest.<\/p>\n<p>Ideal f\u00fcr tuber\u00e4hnliche Abseilger\u00e4te, als Rastkarabiner f\u00fcr Klettersteige oder als Zentralkarabiner.<\/p>\n<p>Versandkostenfrei bis 2kg in\u00a0<img decoding=\"async\" class=\"emoji\" role=\"img\" draggable=\"false\" src=\"https:\/\/s.w.org\/images\/core\/emoji\/14.0.0\/svg\/1f1e6-1f1f9.svg\" alt=\"\ud83c\udde6\ud83c\uddf9\" \/>\u00a0ab \u20ac 100,- und\u00a0<img decoding=\"async\" class=\"emoji\" role=\"img\" draggable=\"false\" src=\"https:\/\/s.w.org\/images\/core\/emoji\/14.0.0\/svg\/1f1e9-1f1ea.svg\" alt=\"\ud83c\udde9\ud83c\uddea\" \/>\u00a0ab \u20ac 200,-!<\/p>\n","protected":false},"featured_media":33273,"comment_status":"open","ping_status":"closed","template":"","meta":[],"product_brand":[],"product_cat":[13932,15205,29,44,3007,13358,4655],"product_tag":[],"class_list":{"0":"post-7278","1":"product","2":"type-product","3":"status-publish","4":"has-post-thumbnail","6":"product_cat-twist-lock-karabiner","7":"product_cat-karabiner-schwarz","8":"product_cat-kletterausruestung","9":"product_cat-kletterkarabiner","10":"product_cat-einhandkarabiner","11":"product_cat-hms-karabiner","12":"product_cat-edelrid","14":"first","15":"instock","16":"sale","17":"taxable","18":"shipping-taxable","19":"purchasable","20":"product-type-variable"},"yoast_head":"<!-- This site is optimized with the Yoast SEO Premium plugin v26.9 (Yoast SEO v26.9) - https:\/\/yoast.com\/product\/yoast-seo-premium-wordpress\/ -->\n<title>Edelrid Bulletproof Triple - HMS Karabiner online kaufen | bolting.eu<\/title>\n<meta name=\"description\" content=\"Hier findest Du den EDELRID BULLETPROOF TRIPLE. Einen super abriebfesten 3-fach Twist Lock HMS Karabiner mit Stahleinsatz!\" \/>\n<meta name=\"robots\" content=\"index, follow, max-snippet:-1, max-image-preview:large, max-video-preview:-1\" \/>\n<link rel=\"canonical\" href=\"https:\/\/bolting.eu\/en\/shop\/edelrid-bulletproof-triple\/\" \/>\n<meta property=\"og:locale\" content=\"en_US\" \/>\n<meta property=\"og:type\" content=\"article\" \/>\n<meta property=\"og:title\" content=\"Edelrid Bulletproof Triple\" \/>\n<meta property=\"og:description\" content=\"Hier findest Du den EDELRID BULLETPROOF TRIPLE. Einen super abriebfesten 3-fach Twist Lock HMS Karabiner mit Stahleinsatz!\" \/>\n<meta property=\"og:url\" content=\"https:\/\/bolting.eu\/en\/shop\/edelrid-bulletproof-triple\/\" \/>\n<meta property=\"og:site_name\" content=\"bolting.eu\" \/>\n<meta property=\"article:publisher\" content=\"https:\/\/www.facebook.com\/bolting.eu\" \/>\n<meta property=\"article:modified_time\" content=\"2026-01-21T15:43:11+00:00\" \/>\n<meta property=\"og:image\" content=\"https:\/\/bolting.eu\/wp-content\/uploads\/2025\/07\/Edelrid-HMS-Bulletproof-Triple-schwarz.jpg\" \/>\n\t<meta property=\"og:image:width\" content=\"700\" \/>\n\t<meta property=\"og:image:height\" content=\"700\" \/>\n\t<meta property=\"og:image:type\" content=\"image\/jpeg\" \/>\n<meta name=\"twitter:card\" content=\"summary_large_image\" \/>\n<meta name=\"twitter:label1\" content=\"Availability\" \/>\n\t<meta name=\"twitter:data1\" content=\"In stock\" \/>\n<script type=\"application\/ld+json\" class=\"yoast-schema-graph\">{\"@context\":\"https:\/\/schema.org\",\"@graph\":[{\"@type\":[\"WebPage\",\"ItemPage\"],\"@id\":\"https:\/\/bolting.eu\/en\/shop\/edelrid-bulletproof-triple\/\",\"url\":\"https:\/\/bolting.eu\/en\/shop\/edelrid-bulletproof-triple\/\",\"name\":\"Edelrid Bulletproof Triple - HMS Karabiner online kaufen | bolting.eu\",\"isPartOf\":{\"@id\":\"https:\/\/bolting.eu\/en\/#website\"},\"primaryImageOfPage\":{\"@id\":\"https:\/\/bolting.eu\/en\/shop\/edelrid-bulletproof-triple\/#primaryimage\"},\"image\":{\"@id\":\"https:\/\/bolting.eu\/en\/shop\/edelrid-bulletproof-triple\/#primaryimage\"},\"thumbnailUrl\":\"https:\/\/bolting.eu\/wp-content\/uploads\/2025\/07\/Edelrid-HMS-Bulletproof-Triple-schwarz.jpg\",\"datePublished\":\"2021-01-01T15:21:06+00:00\",\"dateModified\":\"2026-01-21T15:43:11+00:00\",\"description\":\"Hier findest Du den EDELRID BULLETPROOF TRIPLE. Einen super abriebfesten 3-fach Twist Lock HMS Karabiner mit Stahleinsatz!\",\"breadcrumb\":{\"@id\":\"https:\/\/bolting.eu\/en\/shop\/edelrid-bulletproof-triple\/#breadcrumb\"},\"inLanguage\":\"en-US\",\"potentialAction\":[{\"@type\":\"ReadAction\",\"target\":[\"https:\/\/bolting.eu\/en\/shop\/edelrid-bulletproof-triple\/\"]}]},{\"@type\":\"ImageObject\",\"inLanguage\":\"en-US\",\"@id\":\"https:\/\/bolting.eu\/en\/shop\/edelrid-bulletproof-triple\/#primaryimage\",\"url\":\"https:\/\/bolting.eu\/wp-content\/uploads\/2025\/07\/Edelrid-HMS-Bulletproof-Triple-schwarz.jpg\",\"contentUrl\":\"https:\/\/bolting.eu\/wp-content\/uploads\/2025\/07\/Edelrid-HMS-Bulletproof-Triple-schwarz.jpg\",\"width\":700,\"height\":700,\"caption\":\"Edelrid HMS Bulletproof Tripe Karabiner schwarz aufrecht in wei\u00dfem Quadrat.\"},{\"@type\":\"BreadcrumbList\",\"@id\":\"https:\/\/bolting.eu\/en\/shop\/edelrid-bulletproof-triple\/#breadcrumb\",\"itemListElement\":[{\"@type\":\"ListItem\",\"position\":1,\"name\":\"Shop\",\"item\":\"https:\/\/bolting.eu\/en\/shop\/\"},{\"@type\":\"ListItem\",\"position\":2,\"name\":\"climbing equipment\",\"item\":\"https:\/\/bolting.eu\/en\/produkt-kategorie\/climbing-equipment\/\"},{\"@type\":\"ListItem\",\"position\":3,\"name\":\"Climbing carabiner\",\"item\":\"https:\/\/bolting.eu\/en\/produkt-kategorie\/climbing-carabiner\/\"},{\"@type\":\"ListItem\",\"position\":4,\"name\":\"Twist Lock Karabiner\",\"item\":\"https:\/\/bolting.eu\/produkt-kategorie\/kletterausruestung\/kletterkarabiner\/twist-lock-karabiner\/\"},{\"@type\":\"ListItem\",\"position\":5,\"name\":\"Edelrid Bulletproof Triple\"}]},{\"@type\":\"WebSite\",\"@id\":\"https:\/\/bolting.eu\/en\/#website\",\"url\":\"https:\/\/bolting.eu\/en\/\",\"name\":\"bolting.eu\",\"description\":\"we make climbs happen\",\"publisher\":{\"@id\":\"https:\/\/bolting.eu\/en\/#organization\"},\"potentialAction\":[{\"@type\":\"SearchAction\",\"target\":{\"@type\":\"EntryPoint\",\"urlTemplate\":\"https:\/\/bolting.eu\/en\/?s={search_term_string}\"},\"query-input\":{\"@type\":\"PropertyValueSpecification\",\"valueRequired\":true,\"valueName\":\"search_term_string\"}}],\"inLanguage\":\"en-US\"},{\"@type\":[\"Organization\",\"Place\",\"SportingGoodsStore\"],\"@id\":\"https:\/\/bolting.eu\/en\/#organization\",\"name\":\"bolting.eu\",\"url\":\"https:\/\/bolting.eu\/en\/\",\"logo\":{\"@id\":\"https:\/\/bolting.eu\/en\/shop\/edelrid-bulletproof-triple\/#local-main-organization-logo\"},\"image\":{\"@id\":\"https:\/\/bolting.eu\/en\/shop\/edelrid-bulletproof-triple\/#local-main-organization-logo\"},\"sameAs\":[\"https:\/\/www.facebook.com\/bolting.eu\",\"https:\/\/www.instagram.com\/bolting.eu\/\"],\"address\":{\"@id\":\"https:\/\/bolting.eu\/en\/shop\/edelrid-bulletproof-triple\/#local-main-place-address\"},\"geo\":{\"@type\":\"GeoCoordinates\",\"latitude\":\"47.264176340396226\",\"longitude\":\"11.380109057672346\"},\"telephone\":[\"+43 699 19083372\"],\"openingHoursSpecification\":[{\"@type\":\"OpeningHoursSpecification\",\"dayOfWeek\":[\"Monday\",\"Wednesday\",\"Friday\"],\"opens\":\"14:00\",\"closes\":\"18:00\"},{\"@type\":\"OpeningHoursSpecification\",\"dayOfWeek\":[\"Tuesday\",\"Thursday\",\"Saturday\",\"Sunday\"],\"opens\":\"00:00\",\"closes\":\"00:00\"}],\"email\":\"office@bolting.eu\",\"vatID\":\"ATU59999728\",\"priceRange\":\"$$\",\"currenciesAccepted\":\"Euro\"},{\"@type\":\"PostalAddress\",\"@id\":\"https:\/\/bolting.eu\/en\/shop\/edelrid-bulletproof-triple\/#local-main-place-address\",\"streetAddress\":\"Fischnalerstra\u00dfe 4\",\"addressLocality\":\"Innsbruck\",\"postalCode\":\"6020\",\"addressRegion\":\"Tirol\",\"addressCountry\":\"AT\"},{\"@type\":\"ImageObject\",\"inLanguage\":\"en-US\",\"@id\":\"https:\/\/bolting.eu\/en\/shop\/edelrid-bulletproof-triple\/#local-main-organization-logo\",\"url\":\"https:\/\/bolting.eu\/wp-content\/uploads\/2019\/09\/bolting-logo.png\",\"contentUrl\":\"https:\/\/bolting.eu\/wp-content\/uploads\/2019\/09\/bolting-logo.png\",\"width\":400,\"height\":211,\"caption\":\"bolting.eu\"}]}<\/script>\n<meta property=\"og:availability\" content=\"instock\" \/>\n<meta property=\"product:availability\" content=\"instock\" \/>\n<meta property=\"product:retailer_item_id\" content=\"738140006630\" \/>\n<meta property=\"product:condition\" content=\"new\" \/>\n<meta name=\"geo.placename\" content=\"Innsbruck\" \/>\n<meta name=\"geo.position\" content=\"47.264176340396226;11.380109057672346\" \/>\n<meta name=\"geo.region\" content=\"Austria\" \/>\n<!-- \/ Yoast SEO Premium plugin. -->","yoast_head_json":{"title":"Edelrid Bulletproof Triple - HMS Karabiner online kaufen | bolting.eu","description":"Hier findest Du den EDELRID BULLETPROOF TRIPLE. Einen super abriebfesten 3-fach Twist Lock HMS Karabiner mit Stahleinsatz!","robots":{"index":"index","follow":"follow","max-snippet":"max-snippet:-1","max-image-preview":"max-image-preview:large","max-video-preview":"max-video-preview:-1"},"canonical":"https:\/\/bolting.eu\/en\/shop\/edelrid-bulletproof-triple\/","og_locale":"en_US","og_type":"article","og_title":"Edelrid Bulletproof Triple","og_description":"Hier findest Du den EDELRID BULLETPROOF TRIPLE. Einen super abriebfesten 3-fach Twist Lock HMS Karabiner mit Stahleinsatz!","og_url":"https:\/\/bolting.eu\/en\/shop\/edelrid-bulletproof-triple\/","og_site_name":"bolting.eu","article_publisher":"https:\/\/www.facebook.com\/bolting.eu","article_modified_time":"2026-01-21T15:43:11+00:00","og_image":[{"width":700,"height":700,"url":"https:\/\/bolting.eu\/wp-content\/uploads\/2025\/07\/Edelrid-HMS-Bulletproof-Triple-schwarz.jpg","type":"image\/jpeg"}],"twitter_card":"summary_large_image","twitter_misc":{"Availability":"In stock"},"schema":{"@context":"https:\/\/schema.org","@graph":[{"@type":["WebPage","ItemPage"],"@id":"https:\/\/bolting.eu\/en\/shop\/edelrid-bulletproof-triple\/","url":"https:\/\/bolting.eu\/en\/shop\/edelrid-bulletproof-triple\/","name":"Edelrid Bulletproof Triple - HMS Karabiner online kaufen | bolting.eu","isPartOf":{"@id":"https:\/\/bolting.eu\/en\/#website"},"primaryImageOfPage":{"@id":"https:\/\/bolting.eu\/en\/shop\/edelrid-bulletproof-triple\/#primaryimage"},"image":{"@id":"https:\/\/bolting.eu\/en\/shop\/edelrid-bulletproof-triple\/#primaryimage"},"thumbnailUrl":"https:\/\/bolting.eu\/wp-content\/uploads\/2025\/07\/Edelrid-HMS-Bulletproof-Triple-schwarz.jpg","datePublished":"2021-01-01T15:21:06+00:00","dateModified":"2026-01-21T15:43:11+00:00","description":"Hier findest Du den EDELRID BULLETPROOF TRIPLE. Einen super abriebfesten 3-fach Twist Lock HMS Karabiner mit Stahleinsatz!","breadcrumb":{"@id":"https:\/\/bolting.eu\/en\/shop\/edelrid-bulletproof-triple\/#breadcrumb"},"inLanguage":"en-US","potentialAction":[{"@type":"ReadAction","target":["https:\/\/bolting.eu\/en\/shop\/edelrid-bulletproof-triple\/"]}]},{"@type":"ImageObject","inLanguage":"en-US","@id":"https:\/\/bolting.eu\/en\/shop\/edelrid-bulletproof-triple\/#primaryimage","url":"https:\/\/bolting.eu\/wp-content\/uploads\/2025\/07\/Edelrid-HMS-Bulletproof-Triple-schwarz.jpg","contentUrl":"https:\/\/bolting.eu\/wp-content\/uploads\/2025\/07\/Edelrid-HMS-Bulletproof-Triple-schwarz.jpg","width":700,"height":700,"caption":"Edelrid HMS Bulletproof Tripe Karabiner schwarz aufrecht in wei\u00dfem Quadrat."},{"@type":"BreadcrumbList","@id":"https:\/\/bolting.eu\/en\/shop\/edelrid-bulletproof-triple\/#breadcrumb","itemListElement":[{"@type":"ListItem","position":1,"name":"Shop","item":"https:\/\/bolting.eu\/en\/shop\/"},{"@type":"ListItem","position":2,"name":"climbing equipment","item":"https:\/\/bolting.eu\/en\/produkt-kategorie\/climbing-equipment\/"},{"@type":"ListItem","position":3,"name":"Climbing carabiner","item":"https:\/\/bolting.eu\/en\/produkt-kategorie\/climbing-carabiner\/"},{"@type":"ListItem","position":4,"name":"Twist Lock Karabiner","item":"https:\/\/bolting.eu\/produkt-kategorie\/kletterausruestung\/kletterkarabiner\/twist-lock-karabiner\/"},{"@type":"ListItem","position":5,"name":"Edelrid Bulletproof Triple"}]},{"@type":"WebSite","@id":"https:\/\/bolting.eu\/en\/#website","url":"https:\/\/bolting.eu\/en\/","name":"bolting.eu","description":"we make climbs happen","publisher":{"@id":"https:\/\/bolting.eu\/en\/#organization"},"potentialAction":[{"@type":"SearchAction","target":{"@type":"EntryPoint","urlTemplate":"https:\/\/bolting.eu\/en\/?s={search_term_string}"},"query-input":{"@type":"PropertyValueSpecification","valueRequired":true,"valueName":"search_term_string"}}],"inLanguage":"en-US"},{"@type":["Organization","Place","SportingGoodsStore"],"@id":"https:\/\/bolting.eu\/en\/#organization","name":"bolting.eu","url":"https:\/\/bolting.eu\/en\/","logo":{"@id":"https:\/\/bolting.eu\/en\/shop\/edelrid-bulletproof-triple\/#local-main-organization-logo"},"image":{"@id":"https:\/\/bolting.eu\/en\/shop\/edelrid-bulletproof-triple\/#local-main-organization-logo"},"sameAs":["https:\/\/www.facebook.com\/bolting.eu","https:\/\/www.instagram.com\/bolting.eu\/"],"address":{"@id":"https:\/\/bolting.eu\/en\/shop\/edelrid-bulletproof-triple\/#local-main-place-address"},"geo":{"@type":"GeoCoordinates","latitude":"47.264176340396226","longitude":"11.380109057672346"},"telephone":["+43 699 19083372"],"openingHoursSpecification":[{"@type":"OpeningHoursSpecification","dayOfWeek":["Monday","Wednesday","Friday"],"opens":"14:00","closes":"18:00"},{"@type":"OpeningHoursSpecification","dayOfWeek":["Tuesday","Thursday","Saturday","Sunday"],"opens":"00:00","closes":"00:00"}],"email":"office@bolting.eu","vatID":"ATU59999728","priceRange":"$$","currenciesAccepted":"Euro"},{"@type":"PostalAddress","@id":"https:\/\/bolting.eu\/en\/shop\/edelrid-bulletproof-triple\/#local-main-place-address","streetAddress":"Fischnalerstra\u00dfe 4","addressLocality":"Innsbruck","postalCode":"6020","addressRegion":"Tirol","addressCountry":"AT"},{"@type":"ImageObject","inLanguage":"en-US","@id":"https:\/\/bolting.eu\/en\/shop\/edelrid-bulletproof-triple\/#local-main-organization-logo","url":"https:\/\/bolting.eu\/wp-content\/uploads\/2019\/09\/bolting-logo.png","contentUrl":"https:\/\/bolting.eu\/wp-content\/uploads\/2019\/09\/bolting-logo.png","width":400,"height":211,"caption":"bolting.eu"}]},"og_availability":"instock","product_availability":"instock","product_retailer_item_id":"738140006630","product_condition":"new","geo.placename":"Innsbruck","geo.position":{"lat":"47.264176340396226","long":"11.380109057672346"},"geo.region":"Austria"},"_links":{"self":[{"href":"https:\/\/bolting.eu\/en\/wp-json\/wp\/v2\/product\/7278","targetHints":{"allow":["GET"]}}],"collection":[{"href":"https:\/\/bolting.eu\/en\/wp-json\/wp\/v2\/product"}],"about":[{"href":"https:\/\/bolting.eu\/en\/wp-json\/wp\/v2\/types\/product"}],"replies":[{"embeddable":true,"href":"https:\/\/bolting.eu\/en\/wp-json\/wp\/v2\/comments?post=7278"}],"wp:featuredmedia":[{"embeddable":true,"href":"https:\/\/bolting.eu\/en\/wp-json\/wp\/v2\/media\/33273"}],"wp:attachment":[{"href":"https:\/\/bolting.eu\/en\/wp-json\/wp\/v2\/media?parent=7278"}],"wp:term":[{"taxonomy":"product_brand","embeddable":true,"href":"https:\/\/bolting.eu\/en\/wp-json\/wp\/v2\/product_brand?post=7278"},{"taxonomy":"product_cat","embeddable":true,"href":"https:\/\/bolting.eu\/en\/wp-json\/wp\/v2\/product_cat?post=7278"},{"taxonomy":"product_tag","embeddable":true,"href":"https:\/\/bolting.eu\/en\/wp-json\/wp\/v2\/product_tag?post=7278"}],"curies":[{"name":"wp","href":"https:\/\/api.w.org\/{rel}","templated":true}]}}