{"id":7275,"date":"2021-01-01T13:39:14","date_gmt":"2021-01-01T12:39:14","guid":{"rendered":"https:\/\/bolting.eu\/?post_type=product&#038;p=7275"},"modified":"2026-01-21T16:42:11","modified_gmt":"2026-01-21T15:42:11","slug":"edelrid-hms-bulletproof-screw","status":"publish","type":"product","link":"https:\/\/bolting.eu\/en\/shop\/edelrid-hms-bulletproof-screw\/","title":{"rendered":"Edelrid HMS Bulletproof Screw"},"content":{"rendered":"<p>Der Edelrid HMS Bulletproof Screw ist ein extrem robuster <a href=\"https:\/\/bolting.eu\/produkt-kategorie\/kletterausruestung\/karabiner-kletterkarabiner\/hms-karabiner\/\">HMS-Karabiner<\/a>.\u00a0 Denn ein Edelstahl Einsatz genau im Scheitel verhindert vorzeitigen Verschlei\u00df. Somit ist dieses Bulletproof Modell viel langlebiger als &#8220;normale&#8221; Alu HMS Karabiner.<\/p>\n<p>Zudem pr\u00e4destiniert es dieses Karabiner f\u00fcr alle Anwendungszwecke, wo viel Abrieb zu erwarten. Erstens als Sicherungskarabiner mit Tubern bzw. Auto-Tubern. Zweitens f\u00fcr die Verwendung mit Abseilger\u00e4ten. Drittens bei der Halbmastwurfsicherung. Und viertens als Klettersteig Rastkarabiner!<\/p>\n<p>Kurzum. Wer einen richtig abriebfesten Karabiner sucht, ist hier richtig!<\/p>\n<h2>Eigenschaften Edelrid HMS Bulletproof Screw<\/h2>\n<ul>\n<li>Hersteller: <a href=\"https:\/\/bolting.eu\/produkt-kategorie\/edelrid\/\">Edelrid<\/a><\/li>\n<li>Material: Aluminium bzw. Einsatz aus Edelstahl<\/li>\n<li>Farbe: slate<\/li>\n<li>EN Norm 12275, EN 362 bzw. UIAA 121<\/li>\n<li>Verschluss: Schraubverschluss<\/li>\n<li>Bruchlasten 25kN l\u00e4ngs \/ 9kN offen \/ 9kN Querachse<\/li>\n<li>Gr\u00f6\u00dfe 110 x 89mm<\/li>\n<li>Schnapper\u00f6ffnung: 24mm<\/li>\n<li>Gewicht: 82 Gramm<\/li>\n<li>Made in Germany<\/li>\n<\/ul>\n<h3>Edelrid HMS Bulletproof Screw = Arbeitstier<\/h3>\n<p>Dieser Schrauber ist ein echtes Arbeitstier. Denn durch den Stahleinsatz im Scheitel trotzt er selbst h\u00e4rtesten Eins\u00e4tzen. Wie z.B. der Verwendung in einer Klettersteig Rastschlinge!<\/p>\n<p>Dar\u00fcber hinaus hat dieser Karabiner aber auch weitere klasse Features. Da w\u00e4re zum einen seine enorme Breite. Denn mit 89mm passen in den birnenf\u00f6rmigen Innenbereich richtig gro\u00dfe Teile. Wie z.B. ein robustes, breites Seil bei H\u00f6henarbeiten bzw. eine breite Seilrolle.<\/p>\n<p>Diese Eigenschaft macht den Karabiner besonders bei Rettungsorganisationen bzw. Rope-Access Arbeitern sehr beliebt. Zudem ist er ein klassischer Bergf\u00fchrer Karabiner der ideal zum Sichern ist.<\/p>\n<h3>Video Edelrid HMS Bulletproof Screw<\/h3>\n<p>Im folgenden Video wird die Bulletproof Familie n\u00e4her vorgestellt. Was dabei besonders gut heraus kommt. Erstens die Vorteile der Kombination von Alu und Edelstahl. Und zweitens die breite Palette an Karabinern die Edelrid bereit stellt.<\/p>\n<p>Drittens finden wir, da\u00df hier wirklich einmal eine &#8220;echte&#8221; Neuheit gelungen ist.<\/p>\n<p><iframe loading=\"lazy\" src=\"https:\/\/www.youtube.com\/embed\/XNZTKXZzJ5A\" width=\"75%\" height=\"350\" frameborder=\"0\" allowfullscreen=\"allowfullscreen\"><span data-mce-type=\"bookmark\" style=\"display: inline-block; width: 0px; overflow: hidden; line-height: 0;\" class=\"mce_SELRES_start\">\ufeff<\/span><\/iframe><\/p>\n<h3>Perfekt f\u00fcr Sicherungs- und Abseilger\u00e4te<\/h3>\n<p>Der Stahleinsatz im Scheitel des Edelrid HMS Bulletproof Screw ist nat\u00fcrlich ideal gegen starken Abrieb. Wie bei <a href=\"https:\/\/bolting.eu\/produkt-kategorie\/klettersteigausruestung\/sicherungsgeraete-klettern\/\">Sicherungsger\u00e4ten<\/a> bzw. Abseilger\u00e4ten. Egal ob man hierbei ein Einfach &#8211; oder ein Doppelseil verwendet. Der breite Stahleinsatz bietet immer besten Schutz gegen Kerben durch die Seilstr\u00e4nge.<\/p>\n<p>Folglich empfiehlt sich dieser Karabiner, wenn man viele Klettermeter hinter sich bringt bzw. viel alpin unterwegs ist.<\/p>\n<h3>Perfekt als Umlenkkarabiner<\/h3>\n<p>Immer mehr Klettergebiete installieren nur mehr Standketten mit einem Ring. Deshalb bietet sich der Edelrid HMS Bulletproof Screw als attraktive Alternative f\u00fcr einen tempor\u00e4ren Umlenkkarabiner als.<\/p>\n<p>Denn normalerweise l\u00e4sst der 1. Vorsteiger f\u00fcr seinen Seilpartner eine oder zwei Expressschlingen am Top zur\u00fcck. Wer seine Exen also schonen will, sollte \u00fcber diese Alternative ernsthaft nachdenke!<\/p>\n<h4><strong>Link Tipp<\/strong><\/h4>\n<p>Hier geht es zu <a href=\"https:\/\/media.edelrid.de\/images\/attribut\/54530_GAL_KARABINER_ANSICHT.pdf\" target=\"_blank\" rel=\"noopener\">Gebrauchsanleitung<\/a>!<\/p>\n","protected":false},"excerpt":{"rendered":"<ul>\n<li>super abriebfester Karabiner<\/li>\n<li>Material: Aluminium bzw. Einsatz aus Edelstahl<\/li>\n<li>Farbe: slate<\/li>\n<li>EN Norm 12275, EN 362 bzw. UIAA 121<\/li>\n<li>Verschluss: Schraubverschluss<\/li>\n<li>Bruchlasten 25kN l\u00e4ngs \/ 9kN offen \/ 9kN Querachse<\/li>\n<li>Gr\u00f6\u00dfe 110 x 89mm<\/li>\n<li>Schnapper\u00f6ffnung: 24mm<\/li>\n<li>Gewicht: 82 Gramm<\/li>\n<li>Made in Germany<\/li>\n<\/ul>\n","protected":false},"featured_media":7277,"comment_status":"open","ping_status":"closed","template":"","meta":[],"product_brand":[],"product_cat":[4655,13358,29,44,3009],"product_tag":[],"class_list":{"0":"post-7275","1":"product","2":"type-product","3":"status-publish","4":"has-post-thumbnail","6":"product_cat-edelrid","7":"product_cat-hms-karabiner","8":"product_cat-kletterausruestung","9":"product_cat-kletterkarabiner","10":"product_cat-schraubkarabiner","12":"first","13":"instock","14":"taxable","15":"shipping-taxable","16":"purchasable","17":"product-type-simple"},"yoast_head":"<!-- This site is optimized with the Yoast SEO Premium plugin v26.9 (Yoast SEO v26.9) - https:\/\/yoast.com\/product\/yoast-seo-premium-wordpress\/ -->\n<title>Edelrid HMS Bulletproof Screw online kaufen | bolting.eu<\/title>\n<meta name=\"description\" content=\"Hier findest du den Edelrid HMS Bulletproof Screw. Einen super abriebfesten Schraubkarabiner mit Edelstahl Einsatz im Scheitel!\" \/>\n<meta name=\"robots\" content=\"index, follow, max-snippet:-1, max-image-preview:large, max-video-preview:-1\" \/>\n<link rel=\"canonical\" href=\"https:\/\/bolting.eu\/en\/shop\/edelrid-hms-bulletproof-screw\/\" \/>\n<meta property=\"og:locale\" content=\"en_US\" \/>\n<meta property=\"og:type\" content=\"article\" \/>\n<meta property=\"og:title\" content=\"Edelrid HMS Bulletproof Screw\" \/>\n<meta property=\"og:description\" content=\"Hier findest du den Edelrid HMS Bulletproof Screw. Einen super abriebfesten Schraubkarabiner mit Edelstahl Einsatz im Scheitel!\" \/>\n<meta property=\"og:url\" content=\"https:\/\/bolting.eu\/en\/shop\/edelrid-hms-bulletproof-screw\/\" \/>\n<meta property=\"og:site_name\" content=\"bolting.eu\" \/>\n<meta property=\"article:publisher\" content=\"https:\/\/www.facebook.com\/bolting.eu\" \/>\n<meta property=\"article:modified_time\" content=\"2026-01-21T15:42:11+00:00\" \/>\n<meta property=\"og:image\" content=\"https:\/\/bolting.eu\/wp-content\/uploads\/2021\/01\/Edelrid-HMS-Bulletproof-Screw-1.jpg\" \/>\n\t<meta property=\"og:image:width\" content=\"700\" \/>\n\t<meta property=\"og:image:height\" content=\"700\" \/>\n\t<meta property=\"og:image:type\" content=\"image\/jpeg\" \/>\n<meta name=\"twitter:card\" content=\"summary_large_image\" \/>\n<meta name=\"twitter:label1\" content=\"Price\" \/>\n\t<meta name=\"twitter:data1\" content=\"&euro;&nbsp;24,00\" \/>\n\t<meta name=\"twitter:label2\" content=\"Availability\" \/>\n\t<meta name=\"twitter:data2\" content=\"In stock\" \/>\n<script type=\"application\/ld+json\" class=\"yoast-schema-graph\">{\"@context\":\"https:\/\/schema.org\",\"@graph\":[{\"@type\":[\"WebPage\",\"ItemPage\"],\"@id\":\"https:\/\/bolting.eu\/en\/shop\/edelrid-hms-bulletproof-screw\/\",\"url\":\"https:\/\/bolting.eu\/en\/shop\/edelrid-hms-bulletproof-screw\/\",\"name\":\"Edelrid HMS Bulletproof Screw online kaufen | bolting.eu\",\"isPartOf\":{\"@id\":\"https:\/\/bolting.eu\/en\/#website\"},\"primaryImageOfPage\":{\"@id\":\"https:\/\/bolting.eu\/en\/shop\/edelrid-hms-bulletproof-screw\/#primaryimage\"},\"image\":{\"@id\":\"https:\/\/bolting.eu\/en\/shop\/edelrid-hms-bulletproof-screw\/#primaryimage\"},\"thumbnailUrl\":\"https:\/\/bolting.eu\/wp-content\/uploads\/2021\/01\/Edelrid-HMS-Bulletproof-Screw-1.jpg\",\"datePublished\":\"2021-01-01T12:39:14+00:00\",\"dateModified\":\"2026-01-21T15:42:11+00:00\",\"description\":\"Hier findest du den Edelrid HMS Bulletproof Screw. Einen super abriebfesten Schraubkarabiner mit Edelstahl Einsatz im Scheitel!\",\"breadcrumb\":{\"@id\":\"https:\/\/bolting.eu\/en\/shop\/edelrid-hms-bulletproof-screw\/#breadcrumb\"},\"inLanguage\":\"en-US\",\"potentialAction\":[{\"@type\":\"ReadAction\",\"target\":[\"https:\/\/bolting.eu\/en\/shop\/edelrid-hms-bulletproof-screw\/\"]}]},{\"@type\":\"ImageObject\",\"inLanguage\":\"en-US\",\"@id\":\"https:\/\/bolting.eu\/en\/shop\/edelrid-hms-bulletproof-screw\/#primaryimage\",\"url\":\"https:\/\/bolting.eu\/wp-content\/uploads\/2021\/01\/Edelrid-HMS-Bulletproof-Screw-1.jpg\",\"contentUrl\":\"https:\/\/bolting.eu\/wp-content\/uploads\/2021\/01\/Edelrid-HMS-Bulletproof-Screw-1.jpg\",\"width\":700,\"height\":700,\"caption\":\"Das Bild zeigt den Edelrid HMS Bulletproof Screw. Der silberne Karabiner steht aufrecht in Bildmitte mit dem Schraubgelenk links. Man erkennt den Stahleinsatz im Scheitel oben.\"},{\"@type\":\"BreadcrumbList\",\"@id\":\"https:\/\/bolting.eu\/en\/shop\/edelrid-hms-bulletproof-screw\/#breadcrumb\",\"itemListElement\":[{\"@type\":\"ListItem\",\"position\":1,\"name\":\"Shop\",\"item\":\"https:\/\/bolting.eu\/en\/shop\/\"},{\"@type\":\"ListItem\",\"position\":2,\"name\":\"climbing equipment\",\"item\":\"https:\/\/bolting.eu\/en\/produkt-kategorie\/climbing-equipment\/\"},{\"@type\":\"ListItem\",\"position\":3,\"name\":\"Climbing carabiner\",\"item\":\"https:\/\/bolting.eu\/en\/produkt-kategorie\/climbing-carabiner\/\"},{\"@type\":\"ListItem\",\"position\":4,\"name\":\"HMS Karabiner\",\"item\":\"https:\/\/bolting.eu\/produkt-kategorie\/kletterausruestung\/kletterkarabiner\/hms-karabiner\/\"},{\"@type\":\"ListItem\",\"position\":5,\"name\":\"Edelrid HMS Bulletproof Screw\"}]},{\"@type\":\"WebSite\",\"@id\":\"https:\/\/bolting.eu\/en\/#website\",\"url\":\"https:\/\/bolting.eu\/en\/\",\"name\":\"bolting.eu\",\"description\":\"we make climbs happen\",\"publisher\":{\"@id\":\"https:\/\/bolting.eu\/en\/#organization\"},\"potentialAction\":[{\"@type\":\"SearchAction\",\"target\":{\"@type\":\"EntryPoint\",\"urlTemplate\":\"https:\/\/bolting.eu\/en\/?s={search_term_string}\"},\"query-input\":{\"@type\":\"PropertyValueSpecification\",\"valueRequired\":true,\"valueName\":\"search_term_string\"}}],\"inLanguage\":\"en-US\"},{\"@type\":[\"Organization\",\"Place\",\"SportingGoodsStore\"],\"@id\":\"https:\/\/bolting.eu\/en\/#organization\",\"name\":\"bolting.eu\",\"url\":\"https:\/\/bolting.eu\/en\/\",\"logo\":{\"@id\":\"https:\/\/bolting.eu\/en\/shop\/edelrid-hms-bulletproof-screw\/#local-main-organization-logo\"},\"image\":{\"@id\":\"https:\/\/bolting.eu\/en\/shop\/edelrid-hms-bulletproof-screw\/#local-main-organization-logo\"},\"sameAs\":[\"https:\/\/www.facebook.com\/bolting.eu\",\"https:\/\/www.instagram.com\/bolting.eu\/\"],\"address\":{\"@id\":\"https:\/\/bolting.eu\/en\/shop\/edelrid-hms-bulletproof-screw\/#local-main-place-address\"},\"geo\":{\"@type\":\"GeoCoordinates\",\"latitude\":\"47.264176340396226\",\"longitude\":\"11.380109057672346\"},\"telephone\":[\"+43 699 19083372\"],\"openingHoursSpecification\":[{\"@type\":\"OpeningHoursSpecification\",\"dayOfWeek\":[\"Monday\",\"Wednesday\",\"Friday\"],\"opens\":\"14:00\",\"closes\":\"18:00\"},{\"@type\":\"OpeningHoursSpecification\",\"dayOfWeek\":[\"Tuesday\",\"Thursday\",\"Saturday\",\"Sunday\"],\"opens\":\"00:00\",\"closes\":\"00:00\"}],\"email\":\"office@bolting.eu\",\"vatID\":\"ATU59999728\",\"priceRange\":\"$$\",\"currenciesAccepted\":\"Euro\"},{\"@type\":\"PostalAddress\",\"@id\":\"https:\/\/bolting.eu\/en\/shop\/edelrid-hms-bulletproof-screw\/#local-main-place-address\",\"streetAddress\":\"Fischnalerstra\u00dfe 4\",\"addressLocality\":\"Innsbruck\",\"postalCode\":\"6020\",\"addressRegion\":\"Tirol\",\"addressCountry\":\"AT\"},{\"@type\":\"ImageObject\",\"inLanguage\":\"en-US\",\"@id\":\"https:\/\/bolting.eu\/en\/shop\/edelrid-hms-bulletproof-screw\/#local-main-organization-logo\",\"url\":\"https:\/\/bolting.eu\/wp-content\/uploads\/2019\/09\/bolting-logo.png\",\"contentUrl\":\"https:\/\/bolting.eu\/wp-content\/uploads\/2019\/09\/bolting-logo.png\",\"width\":400,\"height\":211,\"caption\":\"bolting.eu\"}]}<\/script>\n<meta property=\"og:video\" content=\"https:\/\/www.youtube.com\/embed\/XNZTKXZzJ5A\" \/>\n<meta property=\"og:video:type\" content=\"text\/html\" \/>\n<meta property=\"og:video:duration\" content=\"317\" \/>\n<meta property=\"og:video:width\" content=\"480\" \/>\n<meta property=\"og:video:height\" content=\"270\" \/>\n<meta property=\"ya:ovs:adult\" content=\"false\" \/>\n<meta property=\"ya:ovs:upload_date\" content=\"2021-01-01T12:39:14+00:00\" \/>\n<meta property=\"ya:ovs:allow_embed\" content=\"true\" \/>\n<meta property=\"product:price:amount\" content=\"24.00\" \/>\n<meta property=\"product:price:currency\" content=\"EUR\" \/>\n<meta property=\"og:availability\" content=\"instock\" \/>\n<meta property=\"product:availability\" content=\"instock\" \/>\n<meta property=\"product:retailer_item_id\" content=\"737250006630\" \/>\n<meta property=\"product:condition\" content=\"new\" \/>\n<meta name=\"geo.placename\" content=\"Innsbruck\" \/>\n<meta name=\"geo.position\" content=\"47.264176340396226;11.380109057672346\" \/>\n<meta name=\"geo.region\" content=\"Austria\" \/>\n<!-- \/ Yoast SEO Premium plugin. -->","yoast_head_json":{"title":"Edelrid HMS Bulletproof Screw online kaufen | bolting.eu","description":"Hier findest du den Edelrid HMS Bulletproof Screw. Einen super abriebfesten Schraubkarabiner mit Edelstahl Einsatz im Scheitel!","robots":{"index":"index","follow":"follow","max-snippet":"max-snippet:-1","max-image-preview":"max-image-preview:large","max-video-preview":"max-video-preview:-1"},"canonical":"https:\/\/bolting.eu\/en\/shop\/edelrid-hms-bulletproof-screw\/","og_locale":"en_US","og_type":"article","og_title":"Edelrid HMS Bulletproof Screw","og_description":"Hier findest du den Edelrid HMS Bulletproof Screw. Einen super abriebfesten Schraubkarabiner mit Edelstahl Einsatz im Scheitel!","og_url":"https:\/\/bolting.eu\/en\/shop\/edelrid-hms-bulletproof-screw\/","og_site_name":"bolting.eu","article_publisher":"https:\/\/www.facebook.com\/bolting.eu","article_modified_time":"2026-01-21T15:42:11+00:00","og_image":[{"width":700,"height":700,"url":"https:\/\/bolting.eu\/wp-content\/uploads\/2021\/01\/Edelrid-HMS-Bulletproof-Screw-1.jpg","type":"image\/jpeg"}],"twitter_card":"summary_large_image","twitter_misc":{"Price":"&euro;&nbsp;24,00","Availability":"In stock"},"schema":{"@context":"https:\/\/schema.org","@graph":[{"@type":["WebPage","ItemPage"],"@id":"https:\/\/bolting.eu\/en\/shop\/edelrid-hms-bulletproof-screw\/","url":"https:\/\/bolting.eu\/en\/shop\/edelrid-hms-bulletproof-screw\/","name":"Edelrid HMS Bulletproof Screw online kaufen | bolting.eu","isPartOf":{"@id":"https:\/\/bolting.eu\/en\/#website"},"primaryImageOfPage":{"@id":"https:\/\/bolting.eu\/en\/shop\/edelrid-hms-bulletproof-screw\/#primaryimage"},"image":{"@id":"https:\/\/bolting.eu\/en\/shop\/edelrid-hms-bulletproof-screw\/#primaryimage"},"thumbnailUrl":"https:\/\/bolting.eu\/wp-content\/uploads\/2021\/01\/Edelrid-HMS-Bulletproof-Screw-1.jpg","datePublished":"2021-01-01T12:39:14+00:00","dateModified":"2026-01-21T15:42:11+00:00","description":"Hier findest du den Edelrid HMS Bulletproof Screw. Einen super abriebfesten Schraubkarabiner mit Edelstahl Einsatz im Scheitel!","breadcrumb":{"@id":"https:\/\/bolting.eu\/en\/shop\/edelrid-hms-bulletproof-screw\/#breadcrumb"},"inLanguage":"en-US","potentialAction":[{"@type":"ReadAction","target":["https:\/\/bolting.eu\/en\/shop\/edelrid-hms-bulletproof-screw\/"]}]},{"@type":"ImageObject","inLanguage":"en-US","@id":"https:\/\/bolting.eu\/en\/shop\/edelrid-hms-bulletproof-screw\/#primaryimage","url":"https:\/\/bolting.eu\/wp-content\/uploads\/2021\/01\/Edelrid-HMS-Bulletproof-Screw-1.jpg","contentUrl":"https:\/\/bolting.eu\/wp-content\/uploads\/2021\/01\/Edelrid-HMS-Bulletproof-Screw-1.jpg","width":700,"height":700,"caption":"Das Bild zeigt den Edelrid HMS Bulletproof Screw. Der silberne Karabiner steht aufrecht in Bildmitte mit dem Schraubgelenk links. Man erkennt den Stahleinsatz im Scheitel oben."},{"@type":"BreadcrumbList","@id":"https:\/\/bolting.eu\/en\/shop\/edelrid-hms-bulletproof-screw\/#breadcrumb","itemListElement":[{"@type":"ListItem","position":1,"name":"Shop","item":"https:\/\/bolting.eu\/en\/shop\/"},{"@type":"ListItem","position":2,"name":"climbing equipment","item":"https:\/\/bolting.eu\/en\/produkt-kategorie\/climbing-equipment\/"},{"@type":"ListItem","position":3,"name":"Climbing carabiner","item":"https:\/\/bolting.eu\/en\/produkt-kategorie\/climbing-carabiner\/"},{"@type":"ListItem","position":4,"name":"HMS Karabiner","item":"https:\/\/bolting.eu\/produkt-kategorie\/kletterausruestung\/kletterkarabiner\/hms-karabiner\/"},{"@type":"ListItem","position":5,"name":"Edelrid HMS Bulletproof Screw"}]},{"@type":"WebSite","@id":"https:\/\/bolting.eu\/en\/#website","url":"https:\/\/bolting.eu\/en\/","name":"bolting.eu","description":"we make climbs happen","publisher":{"@id":"https:\/\/bolting.eu\/en\/#organization"},"potentialAction":[{"@type":"SearchAction","target":{"@type":"EntryPoint","urlTemplate":"https:\/\/bolting.eu\/en\/?s={search_term_string}"},"query-input":{"@type":"PropertyValueSpecification","valueRequired":true,"valueName":"search_term_string"}}],"inLanguage":"en-US"},{"@type":["Organization","Place","SportingGoodsStore"],"@id":"https:\/\/bolting.eu\/en\/#organization","name":"bolting.eu","url":"https:\/\/bolting.eu\/en\/","logo":{"@id":"https:\/\/bolting.eu\/en\/shop\/edelrid-hms-bulletproof-screw\/#local-main-organization-logo"},"image":{"@id":"https:\/\/bolting.eu\/en\/shop\/edelrid-hms-bulletproof-screw\/#local-main-organization-logo"},"sameAs":["https:\/\/www.facebook.com\/bolting.eu","https:\/\/www.instagram.com\/bolting.eu\/"],"address":{"@id":"https:\/\/bolting.eu\/en\/shop\/edelrid-hms-bulletproof-screw\/#local-main-place-address"},"geo":{"@type":"GeoCoordinates","latitude":"47.264176340396226","longitude":"11.380109057672346"},"telephone":["+43 699 19083372"],"openingHoursSpecification":[{"@type":"OpeningHoursSpecification","dayOfWeek":["Monday","Wednesday","Friday"],"opens":"14:00","closes":"18:00"},{"@type":"OpeningHoursSpecification","dayOfWeek":["Tuesday","Thursday","Saturday","Sunday"],"opens":"00:00","closes":"00:00"}],"email":"office@bolting.eu","vatID":"ATU59999728","priceRange":"$$","currenciesAccepted":"Euro"},{"@type":"PostalAddress","@id":"https:\/\/bolting.eu\/en\/shop\/edelrid-hms-bulletproof-screw\/#local-main-place-address","streetAddress":"Fischnalerstra\u00dfe 4","addressLocality":"Innsbruck","postalCode":"6020","addressRegion":"Tirol","addressCountry":"AT"},{"@type":"ImageObject","inLanguage":"en-US","@id":"https:\/\/bolting.eu\/en\/shop\/edelrid-hms-bulletproof-screw\/#local-main-organization-logo","url":"https:\/\/bolting.eu\/wp-content\/uploads\/2019\/09\/bolting-logo.png","contentUrl":"https:\/\/bolting.eu\/wp-content\/uploads\/2019\/09\/bolting-logo.png","width":400,"height":211,"caption":"bolting.eu"}]},"og_video":"https:\/\/www.youtube.com\/embed\/XNZTKXZzJ5A","og_video_type":"text\/html","og_video_duration":"317","og_video_width":"480","og_video_height":"270","ya_ovs_adult":"false","ya_ovs_upload_date":"2021-01-01T12:39:14+00:00","ya_ovs_allow_embed":"true","product_price_amount":"24.00","product_price_currency":"EUR","og_availability":"instock","product_availability":"instock","product_retailer_item_id":"737250006630","product_condition":"new","geo.placename":"Innsbruck","geo.position":{"lat":"47.264176340396226","long":"11.380109057672346"},"geo.region":"Austria"},"_links":{"self":[{"href":"https:\/\/bolting.eu\/en\/wp-json\/wp\/v2\/product\/7275","targetHints":{"allow":["GET"]}}],"collection":[{"href":"https:\/\/bolting.eu\/en\/wp-json\/wp\/v2\/product"}],"about":[{"href":"https:\/\/bolting.eu\/en\/wp-json\/wp\/v2\/types\/product"}],"replies":[{"embeddable":true,"href":"https:\/\/bolting.eu\/en\/wp-json\/wp\/v2\/comments?post=7275"}],"wp:featuredmedia":[{"embeddable":true,"href":"https:\/\/bolting.eu\/en\/wp-json\/wp\/v2\/media\/7277"}],"wp:attachment":[{"href":"https:\/\/bolting.eu\/en\/wp-json\/wp\/v2\/media?parent=7275"}],"wp:term":[{"taxonomy":"product_brand","embeddable":true,"href":"https:\/\/bolting.eu\/en\/wp-json\/wp\/v2\/product_brand?post=7275"},{"taxonomy":"product_cat","embeddable":true,"href":"https:\/\/bolting.eu\/en\/wp-json\/wp\/v2\/product_cat?post=7275"},{"taxonomy":"product_tag","embeddable":true,"href":"https:\/\/bolting.eu\/en\/wp-json\/wp\/v2\/product_tag?post=7275"}],"curies":[{"name":"wp","href":"https:\/\/api.w.org\/{rel}","templated":true}]}}