{"id":7267,"date":"2021-01-01T11:54:30","date_gmt":"2021-01-01T10:54:30","guid":{"rendered":"https:\/\/bolting.eu\/?post_type=product&#038;p=7267"},"modified":"2026-05-04T11:17:34","modified_gmt":"2026-05-04T09:17:34","slug":"edelrid-pure-screw","status":"publish","type":"product","link":"https:\/\/bolting.eu\/en\/shop\/edelrid-pure-screw\/","title":{"rendered":"Edelrid Pure Screw"},"content":{"rendered":"<p>Der Edelrid Pure Screw ist sicher einer der beliebtesten kleinen <a href=\"https:\/\/bolting.eu\/produkt-kategorie\/kletterausruestung\/karabiner-kletterkarabiner\/schraubkarabiner\/\">Schraubkarabiner<\/a> am Markt. Der Grund daf\u00fcr ist auch ganz leicht erkl\u00e4rt.<\/p>\n<p>Denn erstens hat dieser kleine Schrauber nur 46 Gramm. Das ist extrem leicht f\u00fcr einen Karabiner mit Schraubverschluss.<\/p>\n<p>Zweitens basiert er auf einer H-Konstruktion. Folglich das geringe Gewicht aber auch ein perfektes Seilhandling.<\/p>\n<p>Drittens hat dieser Schraubkarabiner ein enorm breites Einsatzspektrum. D.h. er kann aufgrund seiner Normen in allen vertikalen Sportarten und bei H\u00f6henarbeiten eingesetzt werden.<\/p>\n<p>Kurzum. Wer einen preiswerten und leichten Schraubkarabiner f\u00fcr seine <a href=\"https:\/\/bolting.eu\/kletterausruestung\/\">Kletterausr\u00fcstung<\/a> sucht. Voila!<\/p>\n<h2>Eigenschaften Edelrid Pure Screw<\/h2>\n<ul>\n<li>Hersteller: <a href=\"https:\/\/bolting.eu\/produkt-kategorie\/edelrid\/\">Edelrid<\/a><\/li>\n<li>Material: Aluminium<\/li>\n<li>Farbe: alu<\/li>\n<li>EN Norm 12275, EN 362 bzw. UIAA 121<\/li>\n<li>Verschluss: Schraubverschluss<\/li>\n<li>Bruchlasten 23kN l\u00e4ngs \/ 8kN offen \/ 8 kN Querachse<\/li>\n<li>Gr\u00f6\u00dfe 100 x 58mm<\/li>\n<li>Schnapper\u00f6ffnung: 17mm<\/li>\n<li>Gewicht: 46 Gramm<\/li>\n<li>Made in Germany<\/li>\n<\/ul>\n<h3>Praxis Tipp Edelrid Pure Screw<\/h3>\n<figure id=\"attachment_7270\" aria-describedby=\"caption-attachment-7270\" style=\"width: 400px\" class=\"wp-caption alignleft\"><a href=\"https:\/\/bolting.eu\/wp-content\/uploads\/2021\/01\/Edelrid-Pure-Screw-3.jpg\"><img loading=\"lazy\" decoding=\"async\" class=\"wp-image-7270\" src=\"https:\/\/bolting.eu\/wp-content\/uploads\/2021\/01\/Edelrid-Pure-Screw-3.jpg\" alt=\"Das Bild zeigt eine Felswand in den Dolomiten mit einer Seilschaft ganz klein darauf, als Beispiel f\u00fcr den Einsatz des Edelrid Pure Screw Schraubkarabiner.\" width=\"400\" height=\"267\" srcset=\"https:\/\/bolting.eu\/wp-content\/uploads\/2021\/01\/Edelrid-Pure-Screw-3.jpg 600w, https:\/\/bolting.eu\/wp-content\/uploads\/2021\/01\/Edelrid-Pure-Screw-3-510x340.jpg 510w\" sizes=\"auto, (max-width: 400px) 100vw, 400px\" \/><\/a><figcaption id=\"caption-attachment-7270\" class=\"wp-caption-text\">Kleine Schrauber wie der Edelrid Pure Screw sind v.a. beim Alpinklettern gefragt!<\/figcaption><\/figure>\n<p>Dieser Karabinertyp spielt bei vielen Alpinsportarten eine ganz wichtige Rolle. Denn kleine Schraubkarabiner braucht man vor allem am Stand sowie bei Seilman\u00f6vern.<\/p>\n<p>Wie z.B. beim Einh\u00e4ngen von <a href=\"https:\/\/bolting.eu\/produkt-kategorie\/kletterausruestung\/bandschlinge\/\">Bandschlingen<\/a> in Fixpunkte, zur Selbsicherung, beim Flaschenzug, usw&#8230;<\/p>\n<p>Deshalb sollte man in seiner Kletterausr\u00fcstung mindestens 2-3 St\u00fcck kleiner Schraubkarabiner zulegen. Gemeinsam mit jeweils 1-2 mittleren und gr\u00f6\u00dferen HMS hat man dann eine klasse Grundausstattung!<\/p>\n<h3>Karabinerpflege<\/h3>\n<p>Von Zeit zu Zeit sollte man den Edelrid Pure Screw &#8211; wie alle seine Karabiner &#8211; pflegen. Hierf\u00fcr erstens einmal mit lauwarmen Wasser absp\u00fclen. Ihr k\u00f6nnt dabei die Karabiner auf ein dickes Tuch mehrmals &#8220;aufschlagen&#8221;. Das bringt durch die tr\u00e4ghet den Schmutz besser heraus.<\/p>\n<p>Zweitens solltet ihr das Material dann gut trocknen lassen.<\/p>\n<p>Drittens sollte man die Drehgelenke bzw. Schnapper mit <a href=\"https:\/\/bolting.eu\/shop\/metolius-cam-lube\/\">Cam Lube<\/a> oder einem <a href=\"https:\/\/bolting.eu\/shop\/kong-kletterausruestung-pflegeoel\/\">Kletterausr\u00fcstung Pflege\u00f6l<\/a> schmieren.<\/p>\n<h3>Wann geh\u00f6rt der Karabiner ausgetauscht?<\/h3>\n<p>Der Edelrid Pure Screw ist ein verh\u00e4ltnism\u00e4\u00dfig d\u00fcnner Karabiner. D.h. er hat etwas weniger Dicke beim Aluminium als &#8220;dicke&#8221; Schraubkarabiner. Folglich h\u00e4ngt der Zeitpunkt eines Austausches vom Grad der Abnutzung ab.<\/p>\n<p>Oder besser ausgedr\u00fcckt. Durch das st\u00e4ndige Belasten in z.B. scharfen <a href=\"https:\/\/bolting.eu\/produkt-kategorie\/einbohrartikel\/bohrhakenlasche\/\">Bohrhakenlaschen<\/a>, entstehen scharfe &#8220;Schnitte&#8221; oder auch &#8220;Grate&#8221; im Scheitel.<\/p>\n<p>Werden diese zu gro\u00df bzw. zu scharf, so k\u00f6nnen einerseits Seile kaputt werden. Und andererseits k\u00f6nnen die Normwerte der Bruchlast unterschritten werden. Somit kann es bei Maximalbelastungen zum Bruch kommen.<\/p>\n<p>Daher unser Tipp. Wenn der Karabiner offensichtlich stark abgenutzt ist, besser aussortieren. F\u00fcr die H\u00e4ngematte beim Camping ist er in jeden Fall dann gut zu gebrauchen!<\/p>\n<h4><strong>Link Tipp<\/strong><\/h4>\n<p>Das folgende <a href=\"https:\/\/youtu.be\/WcRIGA-pN58\">Video<\/a> gibt einen \u00dcberblick zu den Edelrid Karabinern.<\/p>\n","protected":false},"excerpt":{"rendered":"<p>Kleiner, super g\u00fcnstiger Schraubkarabiner f\u00fcr vielseitige Anwendungen.<\/p>\n<p>Die St\u00e4rken liegen beim Alpinklettern bzw. bei der Verwendung als sicheres Verbindungsmittel.<\/p>\n<p>Versandkostenfrei bis 2kg in\u00a0<img decoding=\"async\" class=\"emoji\" role=\"img\" draggable=\"false\" src=\"https:\/\/s.w.org\/images\/core\/emoji\/14.0.0\/svg\/1f1e6-1f1f9.svg\" alt=\"\ud83c\udde6\ud83c\uddf9\" \/>\u00a0ab \u20ac 100,- und\u00a0<img decoding=\"async\" class=\"emoji\" role=\"img\" draggable=\"false\" src=\"https:\/\/s.w.org\/images\/core\/emoji\/14.0.0\/svg\/1f1e9-1f1ea.svg\" alt=\"\ud83c\udde9\ud83c\uddea\" \/>\u00a0ab \u20ac 200,-!<\/p>\n","protected":false},"featured_media":7268,"comment_status":"open","ping_status":"closed","template":"","meta":[],"product_brand":[],"product_cat":[29,44,3009,4655],"product_tag":[],"class_list":{"0":"post-7267","1":"product","2":"type-product","3":"status-publish","4":"has-post-thumbnail","6":"product_cat-kletterausruestung","7":"product_cat-kletterkarabiner","8":"product_cat-schraubkarabiner","9":"product_cat-edelrid","11":"first","12":"instock","13":"sale","14":"taxable","15":"shipping-taxable","16":"purchasable","17":"product-type-simple"},"yoast_head":"<!-- This site is optimized with the Yoast SEO Premium plugin v26.9 (Yoast SEO v26.9) - https:\/\/yoast.com\/product\/yoast-seo-premium-wordpress\/ -->\n<title>Edelrid Pure Screw - Schraubkarabiner online kaufen | bolting.eu<\/title>\n<meta name=\"description\" content=\"EDELRID PURE SCREW Schraubkarabiner beim Kletterprofi kaufen \u2705 Trusted Shop \u2705 kostenloser Versand* \u2705 14 Tage R\u00fcckgaberecht \u2705 Co2 neutrale Zustellung\" \/>\n<meta name=\"robots\" content=\"index, follow, max-snippet:-1, max-image-preview:large, max-video-preview:-1\" \/>\n<link rel=\"canonical\" href=\"https:\/\/bolting.eu\/en\/shop\/edelrid-pure-screw\/\" \/>\n<meta property=\"og:locale\" content=\"en_US\" \/>\n<meta property=\"og:type\" content=\"article\" \/>\n<meta property=\"og:title\" content=\"Edelrid Pure Screw\" \/>\n<meta property=\"og:description\" content=\"EDELRID PURE SCREW Schraubkarabiner beim Kletterprofi kaufen \u2705 Trusted Shop \u2705 kostenloser Versand* \u2705 14 Tage R\u00fcckgaberecht \u2705 Co2 neutrale Zustellung\" \/>\n<meta property=\"og:url\" content=\"https:\/\/bolting.eu\/en\/shop\/edelrid-pure-screw\/\" \/>\n<meta property=\"og:site_name\" content=\"bolting.eu\" \/>\n<meta property=\"article:publisher\" content=\"https:\/\/www.facebook.com\/bolting.eu\" \/>\n<meta property=\"article:modified_time\" content=\"2026-05-04T09:17:34+00:00\" \/>\n<meta property=\"og:image\" content=\"https:\/\/bolting.eu\/wp-content\/uploads\/2021\/01\/Edelrid-Pure-Screw-1.jpg\" \/>\n\t<meta property=\"og:image:width\" content=\"700\" \/>\n\t<meta property=\"og:image:height\" content=\"700\" \/>\n\t<meta property=\"og:image:type\" content=\"image\/jpeg\" \/>\n<meta name=\"twitter:card\" content=\"summary_large_image\" \/>\n<meta name=\"twitter:label1\" content=\"Price\" \/>\n\t<meta name=\"twitter:data1\" content=\"&euro;&nbsp;11,90\" \/>\n\t<meta name=\"twitter:label2\" content=\"Availability\" \/>\n\t<meta name=\"twitter:data2\" content=\"In stock\" \/>\n<script type=\"application\/ld+json\" class=\"yoast-schema-graph\">{\"@context\":\"https:\/\/schema.org\",\"@graph\":[{\"@type\":[\"WebPage\",\"ItemPage\"],\"@id\":\"https:\/\/bolting.eu\/en\/shop\/edelrid-pure-screw\/\",\"url\":\"https:\/\/bolting.eu\/en\/shop\/edelrid-pure-screw\/\",\"name\":\"Edelrid Pure Screw - Schraubkarabiner online kaufen | bolting.eu\",\"isPartOf\":{\"@id\":\"https:\/\/bolting.eu\/en\/#website\"},\"primaryImageOfPage\":{\"@id\":\"https:\/\/bolting.eu\/en\/shop\/edelrid-pure-screw\/#primaryimage\"},\"image\":{\"@id\":\"https:\/\/bolting.eu\/en\/shop\/edelrid-pure-screw\/#primaryimage\"},\"thumbnailUrl\":\"https:\/\/bolting.eu\/wp-content\/uploads\/2021\/01\/Edelrid-Pure-Screw-1.jpg\",\"datePublished\":\"2021-01-01T10:54:30+00:00\",\"dateModified\":\"2026-05-04T09:17:34+00:00\",\"description\":\"EDELRID PURE SCREW Schraubkarabiner beim Kletterprofi kaufen \u2705 Trusted Shop \u2705 kostenloser Versand* \u2705 14 Tage R\u00fcckgaberecht \u2705 Co2 neutrale Zustellung\",\"breadcrumb\":{\"@id\":\"https:\/\/bolting.eu\/en\/shop\/edelrid-pure-screw\/#breadcrumb\"},\"inLanguage\":\"en-US\",\"potentialAction\":[{\"@type\":\"ReadAction\",\"target\":[\"https:\/\/bolting.eu\/en\/shop\/edelrid-pure-screw\/\"]}]},{\"@type\":\"ImageObject\",\"inLanguage\":\"en-US\",\"@id\":\"https:\/\/bolting.eu\/en\/shop\/edelrid-pure-screw\/#primaryimage\",\"url\":\"https:\/\/bolting.eu\/wp-content\/uploads\/2021\/01\/Edelrid-Pure-Screw-1.jpg\",\"contentUrl\":\"https:\/\/bolting.eu\/wp-content\/uploads\/2021\/01\/Edelrid-Pure-Screw-1.jpg\",\"width\":700,\"height\":700,\"caption\":\"Das Bild zeigt den Edelrid Pure Screw Schraubkarabiner. Er steht in Bildmitte aufrecht mit dem Drehverschluss links.\"},{\"@type\":\"BreadcrumbList\",\"@id\":\"https:\/\/bolting.eu\/en\/shop\/edelrid-pure-screw\/#breadcrumb\",\"itemListElement\":[{\"@type\":\"ListItem\",\"position\":1,\"name\":\"Shop\",\"item\":\"https:\/\/bolting.eu\/en\/shop\/\"},{\"@type\":\"ListItem\",\"position\":2,\"name\":\"climbing equipment\",\"item\":\"https:\/\/bolting.eu\/en\/produkt-kategorie\/climbing-equipment\/\"},{\"@type\":\"ListItem\",\"position\":3,\"name\":\"Climbing carabiner\",\"item\":\"https:\/\/bolting.eu\/en\/produkt-kategorie\/climbing-carabiner\/\"},{\"@type\":\"ListItem\",\"position\":4,\"name\":\"Schraubkarabiner\",\"item\":\"https:\/\/bolting.eu\/produkt-kategorie\/kletterausruestung\/kletterkarabiner\/schraubkarabiner\/\"},{\"@type\":\"ListItem\",\"position\":5,\"name\":\"Edelrid Pure Screw\"}]},{\"@type\":\"WebSite\",\"@id\":\"https:\/\/bolting.eu\/en\/#website\",\"url\":\"https:\/\/bolting.eu\/en\/\",\"name\":\"bolting.eu\",\"description\":\"we make climbs happen\",\"publisher\":{\"@id\":\"https:\/\/bolting.eu\/en\/#organization\"},\"potentialAction\":[{\"@type\":\"SearchAction\",\"target\":{\"@type\":\"EntryPoint\",\"urlTemplate\":\"https:\/\/bolting.eu\/en\/?s={search_term_string}\"},\"query-input\":{\"@type\":\"PropertyValueSpecification\",\"valueRequired\":true,\"valueName\":\"search_term_string\"}}],\"inLanguage\":\"en-US\"},{\"@type\":[\"Organization\",\"Place\",\"SportingGoodsStore\"],\"@id\":\"https:\/\/bolting.eu\/en\/#organization\",\"name\":\"bolting.eu\",\"url\":\"https:\/\/bolting.eu\/en\/\",\"logo\":{\"@id\":\"https:\/\/bolting.eu\/en\/shop\/edelrid-pure-screw\/#local-main-organization-logo\"},\"image\":{\"@id\":\"https:\/\/bolting.eu\/en\/shop\/edelrid-pure-screw\/#local-main-organization-logo\"},\"sameAs\":[\"https:\/\/www.facebook.com\/bolting.eu\",\"https:\/\/www.instagram.com\/bolting.eu\/\"],\"address\":{\"@id\":\"https:\/\/bolting.eu\/en\/shop\/edelrid-pure-screw\/#local-main-place-address\"},\"geo\":{\"@type\":\"GeoCoordinates\",\"latitude\":\"47.264176340396226\",\"longitude\":\"11.380109057672346\"},\"telephone\":[\"+43 699 19083372\"],\"openingHoursSpecification\":[{\"@type\":\"OpeningHoursSpecification\",\"dayOfWeek\":[\"Monday\",\"Wednesday\",\"Friday\"],\"opens\":\"14:00\",\"closes\":\"18:00\"},{\"@type\":\"OpeningHoursSpecification\",\"dayOfWeek\":[\"Tuesday\",\"Thursday\",\"Saturday\",\"Sunday\"],\"opens\":\"00:00\",\"closes\":\"00:00\"}],\"email\":\"office@bolting.eu\",\"vatID\":\"ATU59999728\",\"priceRange\":\"$$\",\"currenciesAccepted\":\"Euro\"},{\"@type\":\"PostalAddress\",\"@id\":\"https:\/\/bolting.eu\/en\/shop\/edelrid-pure-screw\/#local-main-place-address\",\"streetAddress\":\"Fischnalerstra\u00dfe 4\",\"addressLocality\":\"Innsbruck\",\"postalCode\":\"6020\",\"addressRegion\":\"Tirol\",\"addressCountry\":\"AT\"},{\"@type\":\"ImageObject\",\"inLanguage\":\"en-US\",\"@id\":\"https:\/\/bolting.eu\/en\/shop\/edelrid-pure-screw\/#local-main-organization-logo\",\"url\":\"https:\/\/bolting.eu\/wp-content\/uploads\/2019\/09\/bolting-logo.png\",\"contentUrl\":\"https:\/\/bolting.eu\/wp-content\/uploads\/2019\/09\/bolting-logo.png\",\"width\":400,\"height\":211,\"caption\":\"bolting.eu\"}]}<\/script>\n<meta property=\"product:price:amount\" content=\"11.90\" \/>\n<meta property=\"product:price:currency\" content=\"EUR\" \/>\n<meta property=\"og:availability\" content=\"instock\" \/>\n<meta property=\"product:availability\" content=\"instock\" \/>\n<meta property=\"product:retailer_item_id\" content=\"737790000060\" \/>\n<meta property=\"product:condition\" content=\"new\" \/>\n<meta name=\"geo.placename\" content=\"Innsbruck\" \/>\n<meta name=\"geo.position\" content=\"47.264176340396226;11.380109057672346\" \/>\n<meta name=\"geo.region\" content=\"Austria\" \/>\n<!-- \/ Yoast SEO Premium plugin. -->","yoast_head_json":{"title":"Edelrid Pure Screw - Schraubkarabiner online kaufen | bolting.eu","description":"EDELRID PURE SCREW Schraubkarabiner beim Kletterprofi kaufen \u2705 Trusted Shop \u2705 kostenloser Versand* \u2705 14 Tage R\u00fcckgaberecht \u2705 Co2 neutrale Zustellung","robots":{"index":"index","follow":"follow","max-snippet":"max-snippet:-1","max-image-preview":"max-image-preview:large","max-video-preview":"max-video-preview:-1"},"canonical":"https:\/\/bolting.eu\/en\/shop\/edelrid-pure-screw\/","og_locale":"en_US","og_type":"article","og_title":"Edelrid Pure Screw","og_description":"EDELRID PURE SCREW Schraubkarabiner beim Kletterprofi kaufen \u2705 Trusted Shop \u2705 kostenloser Versand* \u2705 14 Tage R\u00fcckgaberecht \u2705 Co2 neutrale Zustellung","og_url":"https:\/\/bolting.eu\/en\/shop\/edelrid-pure-screw\/","og_site_name":"bolting.eu","article_publisher":"https:\/\/www.facebook.com\/bolting.eu","article_modified_time":"2026-05-04T09:17:34+00:00","og_image":[{"width":700,"height":700,"url":"https:\/\/bolting.eu\/wp-content\/uploads\/2021\/01\/Edelrid-Pure-Screw-1.jpg","type":"image\/jpeg"}],"twitter_card":"summary_large_image","twitter_misc":{"Price":"&euro;&nbsp;11,90","Availability":"In stock"},"schema":{"@context":"https:\/\/schema.org","@graph":[{"@type":["WebPage","ItemPage"],"@id":"https:\/\/bolting.eu\/en\/shop\/edelrid-pure-screw\/","url":"https:\/\/bolting.eu\/en\/shop\/edelrid-pure-screw\/","name":"Edelrid Pure Screw - Schraubkarabiner online kaufen | bolting.eu","isPartOf":{"@id":"https:\/\/bolting.eu\/en\/#website"},"primaryImageOfPage":{"@id":"https:\/\/bolting.eu\/en\/shop\/edelrid-pure-screw\/#primaryimage"},"image":{"@id":"https:\/\/bolting.eu\/en\/shop\/edelrid-pure-screw\/#primaryimage"},"thumbnailUrl":"https:\/\/bolting.eu\/wp-content\/uploads\/2021\/01\/Edelrid-Pure-Screw-1.jpg","datePublished":"2021-01-01T10:54:30+00:00","dateModified":"2026-05-04T09:17:34+00:00","description":"EDELRID PURE SCREW Schraubkarabiner beim Kletterprofi kaufen \u2705 Trusted Shop \u2705 kostenloser Versand* \u2705 14 Tage R\u00fcckgaberecht \u2705 Co2 neutrale Zustellung","breadcrumb":{"@id":"https:\/\/bolting.eu\/en\/shop\/edelrid-pure-screw\/#breadcrumb"},"inLanguage":"en-US","potentialAction":[{"@type":"ReadAction","target":["https:\/\/bolting.eu\/en\/shop\/edelrid-pure-screw\/"]}]},{"@type":"ImageObject","inLanguage":"en-US","@id":"https:\/\/bolting.eu\/en\/shop\/edelrid-pure-screw\/#primaryimage","url":"https:\/\/bolting.eu\/wp-content\/uploads\/2021\/01\/Edelrid-Pure-Screw-1.jpg","contentUrl":"https:\/\/bolting.eu\/wp-content\/uploads\/2021\/01\/Edelrid-Pure-Screw-1.jpg","width":700,"height":700,"caption":"Das Bild zeigt den Edelrid Pure Screw Schraubkarabiner. Er steht in Bildmitte aufrecht mit dem Drehverschluss links."},{"@type":"BreadcrumbList","@id":"https:\/\/bolting.eu\/en\/shop\/edelrid-pure-screw\/#breadcrumb","itemListElement":[{"@type":"ListItem","position":1,"name":"Shop","item":"https:\/\/bolting.eu\/en\/shop\/"},{"@type":"ListItem","position":2,"name":"climbing equipment","item":"https:\/\/bolting.eu\/en\/produkt-kategorie\/climbing-equipment\/"},{"@type":"ListItem","position":3,"name":"Climbing carabiner","item":"https:\/\/bolting.eu\/en\/produkt-kategorie\/climbing-carabiner\/"},{"@type":"ListItem","position":4,"name":"Schraubkarabiner","item":"https:\/\/bolting.eu\/produkt-kategorie\/kletterausruestung\/kletterkarabiner\/schraubkarabiner\/"},{"@type":"ListItem","position":5,"name":"Edelrid Pure Screw"}]},{"@type":"WebSite","@id":"https:\/\/bolting.eu\/en\/#website","url":"https:\/\/bolting.eu\/en\/","name":"bolting.eu","description":"we make climbs happen","publisher":{"@id":"https:\/\/bolting.eu\/en\/#organization"},"potentialAction":[{"@type":"SearchAction","target":{"@type":"EntryPoint","urlTemplate":"https:\/\/bolting.eu\/en\/?s={search_term_string}"},"query-input":{"@type":"PropertyValueSpecification","valueRequired":true,"valueName":"search_term_string"}}],"inLanguage":"en-US"},{"@type":["Organization","Place","SportingGoodsStore"],"@id":"https:\/\/bolting.eu\/en\/#organization","name":"bolting.eu","url":"https:\/\/bolting.eu\/en\/","logo":{"@id":"https:\/\/bolting.eu\/en\/shop\/edelrid-pure-screw\/#local-main-organization-logo"},"image":{"@id":"https:\/\/bolting.eu\/en\/shop\/edelrid-pure-screw\/#local-main-organization-logo"},"sameAs":["https:\/\/www.facebook.com\/bolting.eu","https:\/\/www.instagram.com\/bolting.eu\/"],"address":{"@id":"https:\/\/bolting.eu\/en\/shop\/edelrid-pure-screw\/#local-main-place-address"},"geo":{"@type":"GeoCoordinates","latitude":"47.264176340396226","longitude":"11.380109057672346"},"telephone":["+43 699 19083372"],"openingHoursSpecification":[{"@type":"OpeningHoursSpecification","dayOfWeek":["Monday","Wednesday","Friday"],"opens":"14:00","closes":"18:00"},{"@type":"OpeningHoursSpecification","dayOfWeek":["Tuesday","Thursday","Saturday","Sunday"],"opens":"00:00","closes":"00:00"}],"email":"office@bolting.eu","vatID":"ATU59999728","priceRange":"$$","currenciesAccepted":"Euro"},{"@type":"PostalAddress","@id":"https:\/\/bolting.eu\/en\/shop\/edelrid-pure-screw\/#local-main-place-address","streetAddress":"Fischnalerstra\u00dfe 4","addressLocality":"Innsbruck","postalCode":"6020","addressRegion":"Tirol","addressCountry":"AT"},{"@type":"ImageObject","inLanguage":"en-US","@id":"https:\/\/bolting.eu\/en\/shop\/edelrid-pure-screw\/#local-main-organization-logo","url":"https:\/\/bolting.eu\/wp-content\/uploads\/2019\/09\/bolting-logo.png","contentUrl":"https:\/\/bolting.eu\/wp-content\/uploads\/2019\/09\/bolting-logo.png","width":400,"height":211,"caption":"bolting.eu"}]},"product_price_amount":"11.90","product_price_currency":"EUR","og_availability":"instock","product_availability":"instock","product_retailer_item_id":"737790000060","product_condition":"new","geo.placename":"Innsbruck","geo.position":{"lat":"47.264176340396226","long":"11.380109057672346"},"geo.region":"Austria"},"_links":{"self":[{"href":"https:\/\/bolting.eu\/en\/wp-json\/wp\/v2\/product\/7267","targetHints":{"allow":["GET"]}}],"collection":[{"href":"https:\/\/bolting.eu\/en\/wp-json\/wp\/v2\/product"}],"about":[{"href":"https:\/\/bolting.eu\/en\/wp-json\/wp\/v2\/types\/product"}],"replies":[{"embeddable":true,"href":"https:\/\/bolting.eu\/en\/wp-json\/wp\/v2\/comments?post=7267"}],"wp:featuredmedia":[{"embeddable":true,"href":"https:\/\/bolting.eu\/en\/wp-json\/wp\/v2\/media\/7268"}],"wp:attachment":[{"href":"https:\/\/bolting.eu\/en\/wp-json\/wp\/v2\/media?parent=7267"}],"wp:term":[{"taxonomy":"product_brand","embeddable":true,"href":"https:\/\/bolting.eu\/en\/wp-json\/wp\/v2\/product_brand?post=7267"},{"taxonomy":"product_cat","embeddable":true,"href":"https:\/\/bolting.eu\/en\/wp-json\/wp\/v2\/product_cat?post=7267"},{"taxonomy":"product_tag","embeddable":true,"href":"https:\/\/bolting.eu\/en\/wp-json\/wp\/v2\/product_tag?post=7267"}],"curies":[{"name":"wp","href":"https:\/\/api.w.org\/{rel}","templated":true}]}}