{"id":7249,"date":"2020-12-30T20:15:25","date_gmt":"2020-12-30T19:15:25","guid":{"rendered":"https:\/\/bolting.eu\/?post_type=product&#038;p=7249"},"modified":"2024-09-12T20:13:40","modified_gmt":"2024-09-12T18:13:40","slug":"edelrid-zodiac","status":"publish","type":"product","link":"https:\/\/bolting.eu\/en\/shop\/edelrid-zodiac\/","title":{"rendered":"Edelrid Zodiac"},"content":{"rendered":"<p>Der Edelrid Zodiac ist ein sehr beliebter Hybrid Kletterhelm. D.h. er besteht zum einen aus einer verh\u00e4ltnism\u00e4\u00dfig d\u00fcnnen Lage gesch\u00e4umten EPS Schaumstoff innen. Und zum anderen aus der harten Schalenkonstruktion au\u00dfen. Diese Bauweise gibt dem Kopf sowohl genug Schutz gegen Steinschlag auf auch gegen einen Aufprall.<\/p>\n<p>Dieser Helm hat ein breites Einsatzspektrum. Er wird einerseits bei allen Kletterdisziplinen verwendet. Wie z.B. Klettersteig, Sportklettern und Alpinklettern. Andererseits wird er aber auch sehr gerne von Bergsteigern benutzt.<\/p>\n<p>Kurzum. Ein super beliebter Allrounder der in keiner <a href=\"https:\/\/bolting.eu\/klettersteigausruestung\/\">Klettersteigausr\u00fcstung<\/a> bzw. <a href=\"https:\/\/bolting.eu\/bergsteiger-ausruestung\/\">Bergsteiger Ausr\u00fcstung<\/a> fehlen sollte!<\/p>\n<h2>Eigenschaften Edelrid Zodiac<\/h2>\n<ul>\n<li>Hersteller: <a href=\"https:\/\/bolting.eu\/produkt-kategorie\/edelrid\/\">Edelrid<\/a><\/li>\n<li>leichtgewichtiger Hybrid Helm<\/li>\n<li>Innenschale aus gesch\u00e4umten EPS<\/li>\n<li>gespritzte ABS Schalenkonstruktion au\u00dfen<\/li>\n<li>Gewicht: 359 Gramm<\/li>\n<li>Normen: EN 12492<\/li>\n<li>Wing-Fit System mit Drehknopf am Hinterkopf<\/li>\n<li>perfekte Bel\u00fcftung<\/li>\n<li>angenehmes Kinnband<\/li>\n<li>4 Stirnlampenclips<\/li>\n<\/ul>\n<h3>Perfekter Allrounder<\/h3>\n<p>Was den Edelrid Zodiac so beliebt macht, sind seine Allround Eigenschaften.<\/p>\n<p>Erstens toller Preis. Zweitens hohe Qualit\u00e4t. Drittens vern\u00fcnftiges Gewicht und viertens bester Komfort.<\/p>\n<p>Kein Wunder also, dass viele Bergsportler zu diesem Helm greifen. Denn er ist sowohl beim Sport und Alpinklettern ein treuer Begleiter. Als auch am Klettersteig bzw. am Berg.<\/p>\n<p>Zudem spricht viele auch das simple, aber zeitlose Design an. Auch die Auswahl an sch\u00f6nen Farben macht dieses Modell so beliebt.<\/p>\n<h3>Edelrid Zodiac &#8211; angenehmer Tragekomfort<\/h3>\n<p>Etwas da\u00df wir von Kunden zu h\u00f6ren bekommen ist, wie angenehm sich der Helm tragen l\u00e4sst. Hier hat Edelrid einfach ganz sauber gearbeitet und bei den kleinen Details prima Arbeit geleistet.<\/p>\n<p>Denn zum einen l\u00e4sst sich mit dem Wing-Fit System der Helm am kopf rasch einstellen. Ein paar Drehungen am Drehknopf, schon sitzt der Helm ideal auf den meisten Kopf Formen. Des weiteren ist das Kinnband leicht verstellbar und schon weich. D.h. es reibt unter dem Kinn nicht.<\/p>\n<p>Abschlie\u00dfend ist der eingesch\u00e4umte EPS Schaumstoff angenehm weich. Zudem stimmt auch die Bel\u00fcftung durch die sechs gro\u00dfen Schlitze.<\/p>\n<h4><strong>Link Tipp<\/strong><\/h4>\n<p>Hier geht es zur <a href=\"https:\/\/media.edelrid.de\/images\/attribut\/54514_GAL_Helme_ANSICHT.pdf\" target=\"_blank\" rel=\"noopener\">Bedienungsanleitung<\/a> des Edelrid Zodiac.<\/p>\n","protected":false},"excerpt":{"rendered":"<ul>\n<li>Hersteller: Edelrid<\/li>\n<li>leichtgewichtiger Hybrid Helm<\/li>\n<li>Innenschale aus gesch\u00e4umten EPS<\/li>\n<li>gespritzte ABS Schalenkonstruktion au\u00dfen<\/li>\n<li>Gewicht: 359 Gramm<\/li>\n<li>Normen: EN 12492<\/li>\n<li>Wing-Fit System mit Drehknopf am Hinterkopf<\/li>\n<li>perfekte Bel\u00fcftung<\/li>\n<li>angenehmes Kinnband<\/li>\n<li>4 Strinlampenclips<\/li>\n<\/ul>\n","protected":false},"featured_media":7254,"comment_status":"open","ping_status":"closed","template":"","meta":[],"product_brand":[],"product_cat":[6757,6758,4655,29,6755],"product_tag":[],"class_list":{"0":"post-7249","1":"product","2":"type-product","3":"status-publish","4":"has-post-thumbnail","6":"product_cat-kletterhelm-damen","7":"product_cat-kletterhelm-herren","8":"product_cat-edelrid","9":"product_cat-kletterausruestung","10":"product_cat-kletterhelme","12":"first","13":"outofstock","14":"sale","15":"taxable","16":"shipping-taxable","17":"purchasable","18":"product-type-variable"},"yoast_head":"<!-- This site is optimized with the Yoast SEO Premium plugin v26.9 (Yoast SEO v26.9) - https:\/\/yoast.com\/product\/yoast-seo-premium-wordpress\/ -->\n<title>Edelrid Zodiac Hybrid Kletterhelm zum Top Preis | bolting.eu<\/title>\n<meta name=\"description\" content=\"Hier findest Du den EDELRID ZODIAC Hybrid Kletterhelm. DEN preisg\u00fcnstigen Helm f\u00fcr Klettern, Berg und Klettersteig &quot;Made in Germany&quot;!\" \/>\n<meta name=\"robots\" content=\"index, follow, max-snippet:-1, max-image-preview:large, max-video-preview:-1\" \/>\n<link rel=\"canonical\" href=\"https:\/\/bolting.eu\/en\/shop\/edelrid-zodiac\/\" \/>\n<meta property=\"og:locale\" content=\"en_US\" \/>\n<meta property=\"og:type\" content=\"article\" \/>\n<meta property=\"og:title\" content=\"Edelrid Zodiac\" \/>\n<meta property=\"og:description\" content=\"Hier findest Du den EDELRID ZODIAC Hybrid Kletterhelm. DEN preisg\u00fcnstigen Helm f\u00fcr Klettern, Berg und Klettersteig &quot;Made in Germany&quot;!\" \/>\n<meta property=\"og:url\" content=\"https:\/\/bolting.eu\/en\/shop\/edelrid-zodiac\/\" \/>\n<meta property=\"og:site_name\" content=\"bolting.eu\" \/>\n<meta property=\"article:publisher\" content=\"https:\/\/www.facebook.com\/bolting.eu\" \/>\n<meta property=\"article:modified_time\" content=\"2024-09-12T18:13:40+00:00\" \/>\n<meta property=\"og:image\" content=\"https:\/\/bolting.eu\/wp-content\/uploads\/2020\/12\/Edelrid-Zodiac-snow.jpg\" \/>\n\t<meta property=\"og:image:width\" content=\"700\" \/>\n\t<meta property=\"og:image:height\" content=\"700\" \/>\n\t<meta property=\"og:image:type\" content=\"image\/jpeg\" \/>\n<meta name=\"twitter:card\" content=\"summary_large_image\" \/>\n<meta name=\"twitter:label1\" content=\"Availability\" \/>\n\t<meta name=\"twitter:data1\" content=\"Out of stock\" \/>\n<script type=\"application\/ld+json\" class=\"yoast-schema-graph\">{\"@context\":\"https:\/\/schema.org\",\"@graph\":[{\"@type\":[\"WebPage\",\"ItemPage\"],\"@id\":\"https:\/\/bolting.eu\/en\/shop\/edelrid-zodiac\/\",\"url\":\"https:\/\/bolting.eu\/en\/shop\/edelrid-zodiac\/\",\"name\":\"Edelrid Zodiac Hybrid Kletterhelm zum Top Preis | bolting.eu\",\"isPartOf\":{\"@id\":\"https:\/\/bolting.eu\/en\/#website\"},\"primaryImageOfPage\":{\"@id\":\"https:\/\/bolting.eu\/en\/shop\/edelrid-zodiac\/#primaryimage\"},\"image\":{\"@id\":\"https:\/\/bolting.eu\/en\/shop\/edelrid-zodiac\/#primaryimage\"},\"thumbnailUrl\":\"https:\/\/bolting.eu\/wp-content\/uploads\/2020\/12\/Edelrid-Zodiac-snow.jpg\",\"datePublished\":\"2020-12-30T19:15:25+00:00\",\"dateModified\":\"2024-09-12T18:13:40+00:00\",\"description\":\"Hier findest Du den EDELRID ZODIAC Hybrid Kletterhelm. DEN preisg\u00fcnstigen Helm f\u00fcr Klettern, Berg und Klettersteig \\\"Made in Germany\\\"!\",\"breadcrumb\":{\"@id\":\"https:\/\/bolting.eu\/en\/shop\/edelrid-zodiac\/#breadcrumb\"},\"inLanguage\":\"en-US\",\"potentialAction\":[{\"@type\":\"ReadAction\",\"target\":[\"https:\/\/bolting.eu\/en\/shop\/edelrid-zodiac\/\"]}]},{\"@type\":\"ImageObject\",\"inLanguage\":\"en-US\",\"@id\":\"https:\/\/bolting.eu\/en\/shop\/edelrid-zodiac\/#primaryimage\",\"url\":\"https:\/\/bolting.eu\/wp-content\/uploads\/2020\/12\/Edelrid-Zodiac-snow.jpg\",\"contentUrl\":\"https:\/\/bolting.eu\/wp-content\/uploads\/2020\/12\/Edelrid-Zodiac-snow.jpg\",\"width\":700,\"height\":700,\"caption\":\"Das Bild zeigt den Edelrid Zodiac Kletterhelm in der Farbe Snow. Er steht in Bildmitte, man erkennt alle Produktdetails und den Edelrid Schriftzug.\"},{\"@type\":\"BreadcrumbList\",\"@id\":\"https:\/\/bolting.eu\/en\/shop\/edelrid-zodiac\/#breadcrumb\",\"itemListElement\":[{\"@type\":\"ListItem\",\"position\":1,\"name\":\"Shop\",\"item\":\"https:\/\/bolting.eu\/en\/shop\/\"},{\"@type\":\"ListItem\",\"position\":2,\"name\":\"climbing equipment\",\"item\":\"https:\/\/bolting.eu\/en\/produkt-kategorie\/climbing-equipment\/\"},{\"@type\":\"ListItem\",\"position\":3,\"name\":\"Kletterhelme\",\"item\":\"https:\/\/bolting.eu\/produkt-kategorie\/kletterausruestung\/kletterhelme\/\"},{\"@type\":\"ListItem\",\"position\":4,\"name\":\"Edelrid Zodiac\"}]},{\"@type\":\"WebSite\",\"@id\":\"https:\/\/bolting.eu\/en\/#website\",\"url\":\"https:\/\/bolting.eu\/en\/\",\"name\":\"bolting.eu\",\"description\":\"we make climbs happen\",\"publisher\":{\"@id\":\"https:\/\/bolting.eu\/en\/#organization\"},\"potentialAction\":[{\"@type\":\"SearchAction\",\"target\":{\"@type\":\"EntryPoint\",\"urlTemplate\":\"https:\/\/bolting.eu\/en\/?s={search_term_string}\"},\"query-input\":{\"@type\":\"PropertyValueSpecification\",\"valueRequired\":true,\"valueName\":\"search_term_string\"}}],\"inLanguage\":\"en-US\"},{\"@type\":[\"Organization\",\"Place\",\"SportingGoodsStore\"],\"@id\":\"https:\/\/bolting.eu\/en\/#organization\",\"name\":\"bolting.eu\",\"url\":\"https:\/\/bolting.eu\/en\/\",\"logo\":{\"@id\":\"https:\/\/bolting.eu\/en\/shop\/edelrid-zodiac\/#local-main-organization-logo\"},\"image\":{\"@id\":\"https:\/\/bolting.eu\/en\/shop\/edelrid-zodiac\/#local-main-organization-logo\"},\"sameAs\":[\"https:\/\/www.facebook.com\/bolting.eu\",\"https:\/\/www.instagram.com\/bolting.eu\/\"],\"address\":{\"@id\":\"https:\/\/bolting.eu\/en\/shop\/edelrid-zodiac\/#local-main-place-address\"},\"geo\":{\"@type\":\"GeoCoordinates\",\"latitude\":\"47.264176340396226\",\"longitude\":\"11.380109057672346\"},\"telephone\":[\"+43 699 19083372\"],\"openingHoursSpecification\":[{\"@type\":\"OpeningHoursSpecification\",\"dayOfWeek\":[\"Monday\",\"Wednesday\",\"Friday\"],\"opens\":\"14:00\",\"closes\":\"18:00\"},{\"@type\":\"OpeningHoursSpecification\",\"dayOfWeek\":[\"Tuesday\",\"Thursday\",\"Saturday\",\"Sunday\"],\"opens\":\"00:00\",\"closes\":\"00:00\"}],\"email\":\"office@bolting.eu\",\"vatID\":\"ATU59999728\",\"priceRange\":\"$$\",\"currenciesAccepted\":\"Euro\"},{\"@type\":\"PostalAddress\",\"@id\":\"https:\/\/bolting.eu\/en\/shop\/edelrid-zodiac\/#local-main-place-address\",\"streetAddress\":\"Fischnalerstra\u00dfe 4\",\"addressLocality\":\"Innsbruck\",\"postalCode\":\"6020\",\"addressRegion\":\"Tirol\",\"addressCountry\":\"AT\"},{\"@type\":\"ImageObject\",\"inLanguage\":\"en-US\",\"@id\":\"https:\/\/bolting.eu\/en\/shop\/edelrid-zodiac\/#local-main-organization-logo\",\"url\":\"https:\/\/bolting.eu\/wp-content\/uploads\/2019\/09\/bolting-logo.png\",\"contentUrl\":\"https:\/\/bolting.eu\/wp-content\/uploads\/2019\/09\/bolting-logo.png\",\"width\":400,\"height\":211,\"caption\":\"bolting.eu\"}]}<\/script>\n<meta property=\"og:availability\" content=\"out of stock\" \/>\n<meta property=\"product:availability\" content=\"out of stock\" \/>\n<meta property=\"product:condition\" content=\"new\" \/>\n<meta name=\"geo.placename\" content=\"Innsbruck\" \/>\n<meta name=\"geo.position\" content=\"47.264176340396226;11.380109057672346\" \/>\n<meta name=\"geo.region\" content=\"Austria\" \/>\n<!-- \/ Yoast SEO Premium plugin. -->","yoast_head_json":{"title":"Edelrid Zodiac Hybrid Kletterhelm zum Top Preis | bolting.eu","description":"Hier findest Du den EDELRID ZODIAC Hybrid Kletterhelm. DEN preisg\u00fcnstigen Helm f\u00fcr Klettern, Berg und Klettersteig \"Made in Germany\"!","robots":{"index":"index","follow":"follow","max-snippet":"max-snippet:-1","max-image-preview":"max-image-preview:large","max-video-preview":"max-video-preview:-1"},"canonical":"https:\/\/bolting.eu\/en\/shop\/edelrid-zodiac\/","og_locale":"en_US","og_type":"article","og_title":"Edelrid Zodiac","og_description":"Hier findest Du den EDELRID ZODIAC Hybrid Kletterhelm. DEN preisg\u00fcnstigen Helm f\u00fcr Klettern, Berg und Klettersteig \"Made in Germany\"!","og_url":"https:\/\/bolting.eu\/en\/shop\/edelrid-zodiac\/","og_site_name":"bolting.eu","article_publisher":"https:\/\/www.facebook.com\/bolting.eu","article_modified_time":"2024-09-12T18:13:40+00:00","og_image":[{"width":700,"height":700,"url":"https:\/\/bolting.eu\/wp-content\/uploads\/2020\/12\/Edelrid-Zodiac-snow.jpg","type":"image\/jpeg"}],"twitter_card":"summary_large_image","twitter_misc":{"Availability":"Out of stock"},"schema":{"@context":"https:\/\/schema.org","@graph":[{"@type":["WebPage","ItemPage"],"@id":"https:\/\/bolting.eu\/en\/shop\/edelrid-zodiac\/","url":"https:\/\/bolting.eu\/en\/shop\/edelrid-zodiac\/","name":"Edelrid Zodiac Hybrid Kletterhelm zum Top Preis | bolting.eu","isPartOf":{"@id":"https:\/\/bolting.eu\/en\/#website"},"primaryImageOfPage":{"@id":"https:\/\/bolting.eu\/en\/shop\/edelrid-zodiac\/#primaryimage"},"image":{"@id":"https:\/\/bolting.eu\/en\/shop\/edelrid-zodiac\/#primaryimage"},"thumbnailUrl":"https:\/\/bolting.eu\/wp-content\/uploads\/2020\/12\/Edelrid-Zodiac-snow.jpg","datePublished":"2020-12-30T19:15:25+00:00","dateModified":"2024-09-12T18:13:40+00:00","description":"Hier findest Du den EDELRID ZODIAC Hybrid Kletterhelm. DEN preisg\u00fcnstigen Helm f\u00fcr Klettern, Berg und Klettersteig \"Made in Germany\"!","breadcrumb":{"@id":"https:\/\/bolting.eu\/en\/shop\/edelrid-zodiac\/#breadcrumb"},"inLanguage":"en-US","potentialAction":[{"@type":"ReadAction","target":["https:\/\/bolting.eu\/en\/shop\/edelrid-zodiac\/"]}]},{"@type":"ImageObject","inLanguage":"en-US","@id":"https:\/\/bolting.eu\/en\/shop\/edelrid-zodiac\/#primaryimage","url":"https:\/\/bolting.eu\/wp-content\/uploads\/2020\/12\/Edelrid-Zodiac-snow.jpg","contentUrl":"https:\/\/bolting.eu\/wp-content\/uploads\/2020\/12\/Edelrid-Zodiac-snow.jpg","width":700,"height":700,"caption":"Das Bild zeigt den Edelrid Zodiac Kletterhelm in der Farbe Snow. Er steht in Bildmitte, man erkennt alle Produktdetails und den Edelrid Schriftzug."},{"@type":"BreadcrumbList","@id":"https:\/\/bolting.eu\/en\/shop\/edelrid-zodiac\/#breadcrumb","itemListElement":[{"@type":"ListItem","position":1,"name":"Shop","item":"https:\/\/bolting.eu\/en\/shop\/"},{"@type":"ListItem","position":2,"name":"climbing equipment","item":"https:\/\/bolting.eu\/en\/produkt-kategorie\/climbing-equipment\/"},{"@type":"ListItem","position":3,"name":"Kletterhelme","item":"https:\/\/bolting.eu\/produkt-kategorie\/kletterausruestung\/kletterhelme\/"},{"@type":"ListItem","position":4,"name":"Edelrid Zodiac"}]},{"@type":"WebSite","@id":"https:\/\/bolting.eu\/en\/#website","url":"https:\/\/bolting.eu\/en\/","name":"bolting.eu","description":"we make climbs happen","publisher":{"@id":"https:\/\/bolting.eu\/en\/#organization"},"potentialAction":[{"@type":"SearchAction","target":{"@type":"EntryPoint","urlTemplate":"https:\/\/bolting.eu\/en\/?s={search_term_string}"},"query-input":{"@type":"PropertyValueSpecification","valueRequired":true,"valueName":"search_term_string"}}],"inLanguage":"en-US"},{"@type":["Organization","Place","SportingGoodsStore"],"@id":"https:\/\/bolting.eu\/en\/#organization","name":"bolting.eu","url":"https:\/\/bolting.eu\/en\/","logo":{"@id":"https:\/\/bolting.eu\/en\/shop\/edelrid-zodiac\/#local-main-organization-logo"},"image":{"@id":"https:\/\/bolting.eu\/en\/shop\/edelrid-zodiac\/#local-main-organization-logo"},"sameAs":["https:\/\/www.facebook.com\/bolting.eu","https:\/\/www.instagram.com\/bolting.eu\/"],"address":{"@id":"https:\/\/bolting.eu\/en\/shop\/edelrid-zodiac\/#local-main-place-address"},"geo":{"@type":"GeoCoordinates","latitude":"47.264176340396226","longitude":"11.380109057672346"},"telephone":["+43 699 19083372"],"openingHoursSpecification":[{"@type":"OpeningHoursSpecification","dayOfWeek":["Monday","Wednesday","Friday"],"opens":"14:00","closes":"18:00"},{"@type":"OpeningHoursSpecification","dayOfWeek":["Tuesday","Thursday","Saturday","Sunday"],"opens":"00:00","closes":"00:00"}],"email":"office@bolting.eu","vatID":"ATU59999728","priceRange":"$$","currenciesAccepted":"Euro"},{"@type":"PostalAddress","@id":"https:\/\/bolting.eu\/en\/shop\/edelrid-zodiac\/#local-main-place-address","streetAddress":"Fischnalerstra\u00dfe 4","addressLocality":"Innsbruck","postalCode":"6020","addressRegion":"Tirol","addressCountry":"AT"},{"@type":"ImageObject","inLanguage":"en-US","@id":"https:\/\/bolting.eu\/en\/shop\/edelrid-zodiac\/#local-main-organization-logo","url":"https:\/\/bolting.eu\/wp-content\/uploads\/2019\/09\/bolting-logo.png","contentUrl":"https:\/\/bolting.eu\/wp-content\/uploads\/2019\/09\/bolting-logo.png","width":400,"height":211,"caption":"bolting.eu"}]},"og_availability":"out of stock","product_availability":"out of stock","product_condition":"new","geo.placename":"Innsbruck","geo.position":{"lat":"47.264176340396226","long":"11.380109057672346"},"geo.region":"Austria"},"_links":{"self":[{"href":"https:\/\/bolting.eu\/en\/wp-json\/wp\/v2\/product\/7249","targetHints":{"allow":["GET"]}}],"collection":[{"href":"https:\/\/bolting.eu\/en\/wp-json\/wp\/v2\/product"}],"about":[{"href":"https:\/\/bolting.eu\/en\/wp-json\/wp\/v2\/types\/product"}],"replies":[{"embeddable":true,"href":"https:\/\/bolting.eu\/en\/wp-json\/wp\/v2\/comments?post=7249"}],"wp:featuredmedia":[{"embeddable":true,"href":"https:\/\/bolting.eu\/en\/wp-json\/wp\/v2\/media\/7254"}],"wp:attachment":[{"href":"https:\/\/bolting.eu\/en\/wp-json\/wp\/v2\/media?parent=7249"}],"wp:term":[{"taxonomy":"product_brand","embeddable":true,"href":"https:\/\/bolting.eu\/en\/wp-json\/wp\/v2\/product_brand?post=7249"},{"taxonomy":"product_cat","embeddable":true,"href":"https:\/\/bolting.eu\/en\/wp-json\/wp\/v2\/product_cat?post=7249"},{"taxonomy":"product_tag","embeddable":true,"href":"https:\/\/bolting.eu\/en\/wp-json\/wp\/v2\/product_tag?post=7249"}],"curies":[{"name":"wp","href":"https:\/\/api.w.org\/{rel}","templated":true}]}}