{"id":7233,"date":"2020-12-30T18:56:28","date_gmt":"2020-12-30T17:56:28","guid":{"rendered":"https:\/\/bolting.eu\/?post_type=product&#038;p=7233"},"modified":"2026-04-30T15:30:42","modified_gmt":"2026-04-30T13:30:42","slug":"edelrid-shield-2","status":"publish","type":"product","link":"https:\/\/bolting.eu\/en\/shop\/edelrid-shield-2\/","title":{"rendered":"Edelrid Shield 2"},"content":{"rendered":"<p>Der Edelrid Shield 2 ist ein extrem leichter und robuster Softshell Kletterhelm. Er ist nach der sogenannten In-Mold-Konstruktion Methode gebaut. D.h. ein gesch\u00e4umter EPS Kern innen, sowie eine robuste Polycarbonat Schale au\u00dfen.<\/p>\n<p>Diese Technology macht den Kletterhelm zum einen extrem leicht. Der Shield wiegt gerade einmal 248 Gramm. Und zum anderen sind In-Mold Helme sehr gut &#8220;verknautschbar&#8221;. Das hei\u00dft sie absorbieren gut die Aufprallenergie.<\/p>\n<p>Kurzum. Wer regelm\u00e4\u00dfig abspruchsvolle Routen unternimmt, sollte diesen Helm in seiner <a href=\"https:\/\/bolting.eu\/kletterausruestung\/\">Kletterausr\u00fcstung<\/a> haben!<\/p>\n<h2>Eigenschaften\u00a0Edelrid Shield 2<\/h2>\n<ul>\n<li>Hersteller: <a href=\"https:\/\/bolting.eu\/produkt-kategorie\/edelrid\/\">Edelrid<\/a><\/li>\n<li>Gewicht: 248 Gramm<\/li>\n<li>Gr\u00f6\u00dfe 1 = 48-56cm; Gr\u00f6\u00dfe 2 = 52-62cm<\/li>\n<li>Material: EPS Schaum innen &#8211; Polycarbonat au\u00dfen<\/li>\n<li>Normen: EN 12492, UIAA 106<\/li>\n<li>super Bel\u00fcftung<\/li>\n<li>voll verstellbares Kinnband<\/li>\n<li>Wing-Fit System mit Drehknopf am Hinterkopf<\/li>\n<li>4 Stirnlampenclips<\/li>\n<\/ul>\n<h3>Edelrid Shield 2 = In-Mould Kletterhelm<\/h3>\n<p>Wie bereits erw\u00e4hnt basiert diese Technology auf zwei Elementen. Erstens dem &#8220;weichen&#8221; EPS Schaumstoff auf der Innneseite. Dieser sorgt f\u00fcr die entsprechende Durchschlagsfestigkeit. Und zweitens der harten Polycarbonath\u00fclle. Diese soll den Druck bei einem Aufprall verteilen.<\/p>\n<p>Nachteil bei der Sache. Diese Methode macht den Helm relativ &#8220;steif&#8221; und empfindlich auf Knickbelastungen. Folglich sollte man sich nie darauf sitzen oder mit vollem K\u00f6rpergewicht daran lehnen. Der Helm kann dann einfach brechen!<\/p>\n<h3>Viele durchdachte Details<\/h3>\n<p>Beim Edelrid Shield 2 hat man wirklich genau gearbeitet. Das beweisen zum einen die vielen kleinen Details. Wie z.B. das extrem angenehm zu tragende Kinnband bzw. der Steckverschluss. Oder das Wing-Fit System mit dem Drehknopf am Hinterkopf. So ist der Helm im Nu optimal eingestellt.<\/p>\n<p>Zum anderen sind es aber auch Dinge wie die waschbaren Innenpolster bzw. die Bel\u00fcftung. All diese Details machen den Helm zu einem Top Produkt.<\/p>\n<h3>Edelrid Shield 2 f\u00fcr Damen und Herren<\/h3>\n<p>Dieser Kletterhelm wird in zwei Gr\u00f6\u00dfen angeboten. D.h. es gibt eigene Dimensionen f\u00fcr Personen mit kleinen und gro\u00dfen K\u00f6pfen. In der Regel passen dabei die Gr\u00f6\u00dfe 1 den Damen bzw. die Gr\u00f6\u00dfe 2 den Herren.<\/p>\n<p><strong>Gr\u00f6\u00dfe 1 = 48-56cm<\/strong>: f\u00fcr kleine Kopfumf\u00e4nge bzw. Damen<\/p>\n<p><strong>Gr\u00f6\u00dfe 2 = 52-62cm<\/strong>: f\u00fcr gro\u00dfe Kopfumf\u00e4nge bzw. Herren<\/p>\n<h4><strong>Link Tipp<\/strong><\/h4>\n<p>Hier geht es zur <a href=\"https:\/\/media.edelrid.de\/images\/attribut\/54514_GAL_Helme_ANSICHT.pdf\" target=\"_blank\" rel=\"noopener\">Gebrauchsanleitung<\/a>!<\/p>\n<p>&nbsp;<\/p>\n<p>&nbsp;<\/p>\n","protected":false},"excerpt":{"rendered":"<ul>\n<li>Hersteller: Edelrid<\/li>\n<li>Gewicht: 248 Gramm<\/li>\n<li>Gr\u00f6\u00dfe 1 = 48-56cm; Gr\u00f6\u00dfe 2 = 52-62cm<\/li>\n<li>Material: EPS Schaum innen &#8211; Polycarbonat au\u00dfen<\/li>\n<li>Normen: EN 12492, UIAA 106<\/li>\n<li>super Bel\u00fcftung<\/li>\n<li>voll verstellbares Kinnband<\/li>\n<li>Wing-Fit System mit Drehknopf am Hinterkopf<\/li>\n<li>4 Stirnlampenclips<\/li>\n<\/ul>\n","protected":false},"featured_media":7238,"comment_status":"open","ping_status":"closed","template":"","meta":[],"product_brand":[],"product_cat":[4655,29,6757,6758,6755],"product_tag":[],"class_list":{"0":"post-7233","1":"product","2":"type-product","3":"status-publish","4":"has-post-thumbnail","6":"product_cat-edelrid","7":"product_cat-kletterausruestung","8":"product_cat-kletterhelm-damen","9":"product_cat-kletterhelm-herren","10":"product_cat-kletterhelme","12":"first","13":"instock","14":"sale","15":"taxable","16":"shipping-taxable","17":"purchasable","18":"product-type-variable"},"yoast_head":"<!-- This site is optimized with the Yoast SEO Premium plugin v26.9 (Yoast SEO v26.9) - https:\/\/yoast.com\/product\/yoast-seo-premium-wordpress\/ -->\n<title>Edelrid Shield 2 - Softshell In-Mold Kletterhelm | bolting.eu<\/title>\n<meta name=\"description\" content=\"Hier findest Du den EDELRID SHIELD 2 Softshell In-Mold Kletterhelm. DER Helm Klassiker von Edelrid &quot;Made in Germany&quot; zum Top Preis.\" \/>\n<meta name=\"robots\" content=\"index, follow, max-snippet:-1, max-image-preview:large, max-video-preview:-1\" \/>\n<link rel=\"canonical\" href=\"https:\/\/bolting.eu\/en\/shop\/edelrid-shield-2\/\" \/>\n<meta property=\"og:locale\" content=\"en_US\" \/>\n<meta property=\"og:type\" content=\"article\" \/>\n<meta property=\"og:title\" content=\"Edelrid Shield 2\" \/>\n<meta property=\"og:description\" content=\"Hier findest Du den EDELRID SHIELD 2 Softshell In-Mold Kletterhelm. DER Helm Klassiker von Edelrid &quot;Made in Germany&quot; zum Top Preis.\" \/>\n<meta property=\"og:url\" content=\"https:\/\/bolting.eu\/en\/shop\/edelrid-shield-2\/\" \/>\n<meta property=\"og:site_name\" content=\"bolting.eu\" \/>\n<meta property=\"article:publisher\" content=\"https:\/\/www.facebook.com\/bolting.eu\" \/>\n<meta property=\"article:modified_time\" content=\"2026-04-30T13:30:42+00:00\" \/>\n<meta property=\"og:image\" content=\"https:\/\/bolting.eu\/wp-content\/uploads\/2020\/12\/Edelrid-Shield-2-petrol.jpg\" \/>\n\t<meta property=\"og:image:width\" content=\"700\" \/>\n\t<meta property=\"og:image:height\" content=\"700\" \/>\n\t<meta property=\"og:image:type\" content=\"image\/jpeg\" \/>\n<meta name=\"twitter:card\" content=\"summary_large_image\" \/>\n<meta name=\"twitter:label1\" content=\"Availability\" \/>\n\t<meta name=\"twitter:data1\" content=\"In stock\" \/>\n<script type=\"application\/ld+json\" class=\"yoast-schema-graph\">{\"@context\":\"https:\/\/schema.org\",\"@graph\":[{\"@type\":[\"WebPage\",\"ItemPage\"],\"@id\":\"https:\/\/bolting.eu\/en\/shop\/edelrid-shield-2\/\",\"url\":\"https:\/\/bolting.eu\/en\/shop\/edelrid-shield-2\/\",\"name\":\"Edelrid Shield 2 - Softshell In-Mold Kletterhelm | bolting.eu\",\"isPartOf\":{\"@id\":\"https:\/\/bolting.eu\/en\/#website\"},\"primaryImageOfPage\":{\"@id\":\"https:\/\/bolting.eu\/en\/shop\/edelrid-shield-2\/#primaryimage\"},\"image\":{\"@id\":\"https:\/\/bolting.eu\/en\/shop\/edelrid-shield-2\/#primaryimage\"},\"thumbnailUrl\":\"https:\/\/bolting.eu\/wp-content\/uploads\/2020\/12\/Edelrid-Shield-2-petrol.jpg\",\"datePublished\":\"2020-12-30T17:56:28+00:00\",\"dateModified\":\"2026-04-30T13:30:42+00:00\",\"description\":\"Hier findest Du den EDELRID SHIELD 2 Softshell In-Mold Kletterhelm. DER Helm Klassiker von Edelrid \\\"Made in Germany\\\" zum Top Preis.\",\"breadcrumb\":{\"@id\":\"https:\/\/bolting.eu\/en\/shop\/edelrid-shield-2\/#breadcrumb\"},\"inLanguage\":\"en-US\",\"potentialAction\":[{\"@type\":\"ReadAction\",\"target\":[\"https:\/\/bolting.eu\/en\/shop\/edelrid-shield-2\/\"]}]},{\"@type\":\"ImageObject\",\"inLanguage\":\"en-US\",\"@id\":\"https:\/\/bolting.eu\/en\/shop\/edelrid-shield-2\/#primaryimage\",\"url\":\"https:\/\/bolting.eu\/wp-content\/uploads\/2020\/12\/Edelrid-Shield-2-petrol.jpg\",\"contentUrl\":\"https:\/\/bolting.eu\/wp-content\/uploads\/2020\/12\/Edelrid-Shield-2-petrol.jpg\",\"width\":700,\"height\":700,\"caption\":\"Das Bild zeigt den Edelrid Shield 2 Kletterhelm in der Farbe petrol. Er ist gro\u00df in Bildmitte zu sehen, man erkennt alle Produktdetails.\"},{\"@type\":\"BreadcrumbList\",\"@id\":\"https:\/\/bolting.eu\/en\/shop\/edelrid-shield-2\/#breadcrumb\",\"itemListElement\":[{\"@type\":\"ListItem\",\"position\":1,\"name\":\"Shop\",\"item\":\"https:\/\/bolting.eu\/en\/shop\/\"},{\"@type\":\"ListItem\",\"position\":2,\"name\":\"climbing equipment\",\"item\":\"https:\/\/bolting.eu\/en\/produkt-kategorie\/climbing-equipment\/\"},{\"@type\":\"ListItem\",\"position\":3,\"name\":\"Kletterhelme\",\"item\":\"https:\/\/bolting.eu\/produkt-kategorie\/kletterausruestung\/kletterhelme\/\"},{\"@type\":\"ListItem\",\"position\":4,\"name\":\"Edelrid Shield 2\"}]},{\"@type\":\"WebSite\",\"@id\":\"https:\/\/bolting.eu\/en\/#website\",\"url\":\"https:\/\/bolting.eu\/en\/\",\"name\":\"bolting.eu\",\"description\":\"we make climbs happen\",\"publisher\":{\"@id\":\"https:\/\/bolting.eu\/en\/#organization\"},\"potentialAction\":[{\"@type\":\"SearchAction\",\"target\":{\"@type\":\"EntryPoint\",\"urlTemplate\":\"https:\/\/bolting.eu\/en\/?s={search_term_string}\"},\"query-input\":{\"@type\":\"PropertyValueSpecification\",\"valueRequired\":true,\"valueName\":\"search_term_string\"}}],\"inLanguage\":\"en-US\"},{\"@type\":[\"Organization\",\"Place\",\"SportingGoodsStore\"],\"@id\":\"https:\/\/bolting.eu\/en\/#organization\",\"name\":\"bolting.eu\",\"url\":\"https:\/\/bolting.eu\/en\/\",\"logo\":{\"@id\":\"https:\/\/bolting.eu\/en\/shop\/edelrid-shield-2\/#local-main-organization-logo\"},\"image\":{\"@id\":\"https:\/\/bolting.eu\/en\/shop\/edelrid-shield-2\/#local-main-organization-logo\"},\"sameAs\":[\"https:\/\/www.facebook.com\/bolting.eu\",\"https:\/\/www.instagram.com\/bolting.eu\/\"],\"address\":{\"@id\":\"https:\/\/bolting.eu\/en\/shop\/edelrid-shield-2\/#local-main-place-address\"},\"geo\":{\"@type\":\"GeoCoordinates\",\"latitude\":\"47.264176340396226\",\"longitude\":\"11.380109057672346\"},\"telephone\":[\"+43 699 19083372\"],\"openingHoursSpecification\":[{\"@type\":\"OpeningHoursSpecification\",\"dayOfWeek\":[\"Monday\",\"Wednesday\",\"Friday\"],\"opens\":\"14:00\",\"closes\":\"18:00\"},{\"@type\":\"OpeningHoursSpecification\",\"dayOfWeek\":[\"Tuesday\",\"Thursday\",\"Saturday\",\"Sunday\"],\"opens\":\"00:00\",\"closes\":\"00:00\"}],\"email\":\"office@bolting.eu\",\"vatID\":\"ATU59999728\",\"priceRange\":\"$$\",\"currenciesAccepted\":\"Euro\"},{\"@type\":\"PostalAddress\",\"@id\":\"https:\/\/bolting.eu\/en\/shop\/edelrid-shield-2\/#local-main-place-address\",\"streetAddress\":\"Fischnalerstra\u00dfe 4\",\"addressLocality\":\"Innsbruck\",\"postalCode\":\"6020\",\"addressRegion\":\"Tirol\",\"addressCountry\":\"AT\"},{\"@type\":\"ImageObject\",\"inLanguage\":\"en-US\",\"@id\":\"https:\/\/bolting.eu\/en\/shop\/edelrid-shield-2\/#local-main-organization-logo\",\"url\":\"https:\/\/bolting.eu\/wp-content\/uploads\/2019\/09\/bolting-logo.png\",\"contentUrl\":\"https:\/\/bolting.eu\/wp-content\/uploads\/2019\/09\/bolting-logo.png\",\"width\":400,\"height\":211,\"caption\":\"bolting.eu\"}]}<\/script>\n<meta property=\"og:availability\" content=\"instock\" \/>\n<meta property=\"product:availability\" content=\"instock\" \/>\n<meta property=\"product:condition\" content=\"new\" \/>\n<meta name=\"geo.placename\" content=\"Innsbruck\" \/>\n<meta name=\"geo.position\" content=\"47.264176340396226;11.380109057672346\" \/>\n<meta name=\"geo.region\" content=\"Austria\" \/>\n<!-- \/ Yoast SEO Premium plugin. -->","yoast_head_json":{"title":"Edelrid Shield 2 - Softshell In-Mold Kletterhelm | bolting.eu","description":"Hier findest Du den EDELRID SHIELD 2 Softshell In-Mold Kletterhelm. DER Helm Klassiker von Edelrid \"Made in Germany\" zum Top Preis.","robots":{"index":"index","follow":"follow","max-snippet":"max-snippet:-1","max-image-preview":"max-image-preview:large","max-video-preview":"max-video-preview:-1"},"canonical":"https:\/\/bolting.eu\/en\/shop\/edelrid-shield-2\/","og_locale":"en_US","og_type":"article","og_title":"Edelrid Shield 2","og_description":"Hier findest Du den EDELRID SHIELD 2 Softshell In-Mold Kletterhelm. DER Helm Klassiker von Edelrid \"Made in Germany\" zum Top Preis.","og_url":"https:\/\/bolting.eu\/en\/shop\/edelrid-shield-2\/","og_site_name":"bolting.eu","article_publisher":"https:\/\/www.facebook.com\/bolting.eu","article_modified_time":"2026-04-30T13:30:42+00:00","og_image":[{"width":700,"height":700,"url":"https:\/\/bolting.eu\/wp-content\/uploads\/2020\/12\/Edelrid-Shield-2-petrol.jpg","type":"image\/jpeg"}],"twitter_card":"summary_large_image","twitter_misc":{"Availability":"In stock"},"schema":{"@context":"https:\/\/schema.org","@graph":[{"@type":["WebPage","ItemPage"],"@id":"https:\/\/bolting.eu\/en\/shop\/edelrid-shield-2\/","url":"https:\/\/bolting.eu\/en\/shop\/edelrid-shield-2\/","name":"Edelrid Shield 2 - Softshell In-Mold Kletterhelm | bolting.eu","isPartOf":{"@id":"https:\/\/bolting.eu\/en\/#website"},"primaryImageOfPage":{"@id":"https:\/\/bolting.eu\/en\/shop\/edelrid-shield-2\/#primaryimage"},"image":{"@id":"https:\/\/bolting.eu\/en\/shop\/edelrid-shield-2\/#primaryimage"},"thumbnailUrl":"https:\/\/bolting.eu\/wp-content\/uploads\/2020\/12\/Edelrid-Shield-2-petrol.jpg","datePublished":"2020-12-30T17:56:28+00:00","dateModified":"2026-04-30T13:30:42+00:00","description":"Hier findest Du den EDELRID SHIELD 2 Softshell In-Mold Kletterhelm. DER Helm Klassiker von Edelrid \"Made in Germany\" zum Top Preis.","breadcrumb":{"@id":"https:\/\/bolting.eu\/en\/shop\/edelrid-shield-2\/#breadcrumb"},"inLanguage":"en-US","potentialAction":[{"@type":"ReadAction","target":["https:\/\/bolting.eu\/en\/shop\/edelrid-shield-2\/"]}]},{"@type":"ImageObject","inLanguage":"en-US","@id":"https:\/\/bolting.eu\/en\/shop\/edelrid-shield-2\/#primaryimage","url":"https:\/\/bolting.eu\/wp-content\/uploads\/2020\/12\/Edelrid-Shield-2-petrol.jpg","contentUrl":"https:\/\/bolting.eu\/wp-content\/uploads\/2020\/12\/Edelrid-Shield-2-petrol.jpg","width":700,"height":700,"caption":"Das Bild zeigt den Edelrid Shield 2 Kletterhelm in der Farbe petrol. Er ist gro\u00df in Bildmitte zu sehen, man erkennt alle Produktdetails."},{"@type":"BreadcrumbList","@id":"https:\/\/bolting.eu\/en\/shop\/edelrid-shield-2\/#breadcrumb","itemListElement":[{"@type":"ListItem","position":1,"name":"Shop","item":"https:\/\/bolting.eu\/en\/shop\/"},{"@type":"ListItem","position":2,"name":"climbing equipment","item":"https:\/\/bolting.eu\/en\/produkt-kategorie\/climbing-equipment\/"},{"@type":"ListItem","position":3,"name":"Kletterhelme","item":"https:\/\/bolting.eu\/produkt-kategorie\/kletterausruestung\/kletterhelme\/"},{"@type":"ListItem","position":4,"name":"Edelrid Shield 2"}]},{"@type":"WebSite","@id":"https:\/\/bolting.eu\/en\/#website","url":"https:\/\/bolting.eu\/en\/","name":"bolting.eu","description":"we make climbs happen","publisher":{"@id":"https:\/\/bolting.eu\/en\/#organization"},"potentialAction":[{"@type":"SearchAction","target":{"@type":"EntryPoint","urlTemplate":"https:\/\/bolting.eu\/en\/?s={search_term_string}"},"query-input":{"@type":"PropertyValueSpecification","valueRequired":true,"valueName":"search_term_string"}}],"inLanguage":"en-US"},{"@type":["Organization","Place","SportingGoodsStore"],"@id":"https:\/\/bolting.eu\/en\/#organization","name":"bolting.eu","url":"https:\/\/bolting.eu\/en\/","logo":{"@id":"https:\/\/bolting.eu\/en\/shop\/edelrid-shield-2\/#local-main-organization-logo"},"image":{"@id":"https:\/\/bolting.eu\/en\/shop\/edelrid-shield-2\/#local-main-organization-logo"},"sameAs":["https:\/\/www.facebook.com\/bolting.eu","https:\/\/www.instagram.com\/bolting.eu\/"],"address":{"@id":"https:\/\/bolting.eu\/en\/shop\/edelrid-shield-2\/#local-main-place-address"},"geo":{"@type":"GeoCoordinates","latitude":"47.264176340396226","longitude":"11.380109057672346"},"telephone":["+43 699 19083372"],"openingHoursSpecification":[{"@type":"OpeningHoursSpecification","dayOfWeek":["Monday","Wednesday","Friday"],"opens":"14:00","closes":"18:00"},{"@type":"OpeningHoursSpecification","dayOfWeek":["Tuesday","Thursday","Saturday","Sunday"],"opens":"00:00","closes":"00:00"}],"email":"office@bolting.eu","vatID":"ATU59999728","priceRange":"$$","currenciesAccepted":"Euro"},{"@type":"PostalAddress","@id":"https:\/\/bolting.eu\/en\/shop\/edelrid-shield-2\/#local-main-place-address","streetAddress":"Fischnalerstra\u00dfe 4","addressLocality":"Innsbruck","postalCode":"6020","addressRegion":"Tirol","addressCountry":"AT"},{"@type":"ImageObject","inLanguage":"en-US","@id":"https:\/\/bolting.eu\/en\/shop\/edelrid-shield-2\/#local-main-organization-logo","url":"https:\/\/bolting.eu\/wp-content\/uploads\/2019\/09\/bolting-logo.png","contentUrl":"https:\/\/bolting.eu\/wp-content\/uploads\/2019\/09\/bolting-logo.png","width":400,"height":211,"caption":"bolting.eu"}]},"og_availability":"instock","product_availability":"instock","product_condition":"new","geo.placename":"Innsbruck","geo.position":{"lat":"47.264176340396226","long":"11.380109057672346"},"geo.region":"Austria"},"_links":{"self":[{"href":"https:\/\/bolting.eu\/en\/wp-json\/wp\/v2\/product\/7233","targetHints":{"allow":["GET"]}}],"collection":[{"href":"https:\/\/bolting.eu\/en\/wp-json\/wp\/v2\/product"}],"about":[{"href":"https:\/\/bolting.eu\/en\/wp-json\/wp\/v2\/types\/product"}],"replies":[{"embeddable":true,"href":"https:\/\/bolting.eu\/en\/wp-json\/wp\/v2\/comments?post=7233"}],"wp:featuredmedia":[{"embeddable":true,"href":"https:\/\/bolting.eu\/en\/wp-json\/wp\/v2\/media\/7238"}],"wp:attachment":[{"href":"https:\/\/bolting.eu\/en\/wp-json\/wp\/v2\/media?parent=7233"}],"wp:term":[{"taxonomy":"product_brand","embeddable":true,"href":"https:\/\/bolting.eu\/en\/wp-json\/wp\/v2\/product_brand?post=7233"},{"taxonomy":"product_cat","embeddable":true,"href":"https:\/\/bolting.eu\/en\/wp-json\/wp\/v2\/product_cat?post=7233"},{"taxonomy":"product_tag","embeddable":true,"href":"https:\/\/bolting.eu\/en\/wp-json\/wp\/v2\/product_tag?post=7233"}],"curies":[{"name":"wp","href":"https:\/\/api.w.org\/{rel}","templated":true}]}}