{"id":7214,"date":"2020-12-30T14:41:58","date_gmt":"2020-12-30T13:41:58","guid":{"rendered":"https:\/\/bolting.eu\/?post_type=product&#038;p=7214"},"modified":"2025-07-15T23:55:29","modified_gmt":"2025-07-15T21:55:29","slug":"climbing-technology-alp-loop","status":"publish","type":"product","link":"https:\/\/bolting.eu\/en\/shop\/climbing-technology-alp-loop\/","title":{"rendered":"Climbing Technology Alp Loop"},"content":{"rendered":"<p>Die <a href=\"https:\/\/bolting.eu\/produkt-kategorie\/climbing-technology\/\">Climbing Technology<\/a> Alp Loop ist eine fix vern\u00e4hte Seilschlinge. Es gibt sie in 60cm und 120cm L\u00e4nge. Sie besteht aus dynamischem (dehnbaren) 8,3mm Seilmaterial und absorbiert somit die Sturzenergie.<\/p>\n<p>Folglich ist diese Schlinge bei folgenden Anwendungsbereichen sinnvoll:<\/p>\n<ul>\n<li>Selbstsicherungsschlinge<\/li>\n<li>als Zwischensicherung wie bei einer Express (v.a. Trad Klettern und Alpin)<\/li>\n<li>als Abseilschlinge<\/li>\n<li>zum Abbinden \/ Herumlegen bei Felsk\u00f6pfen<\/li>\n<li>F\u00e4deln von Sanduhren<\/li>\n<li>Standplatzbau<\/li>\n<li>Klettersteig Rastschlinge<\/li>\n<\/ul>\n<p>Kurzum. Diese neuartige Seilschlinge ist etwas f\u00fcr Alpinkletterer. Sie sollten bei ihnen in keiner <a href=\"https:\/\/bolting.eu\/kletterausruestung\/\">Kletterausr\u00fcstung<\/a> fehlen!<\/p>\n<h2>Eigenschaften Climbing Technology Alp Loop<\/h2>\n<ul>\n<li>Hersteller: Climbing Technology<\/li>\n<li>L\u00e4ngen: 60cm und 120cm<\/li>\n<li>Material: dynamisches Seilmaterial 8,3mm<\/li>\n<li>Normen: EN 566:2017, CE 0333, UIAA 109<\/li>\n<li>Gewicht: 70 Gramm bzw. 140 Gramm<\/li>\n<li>Farben: blau (60cm) und rot (120cm)<\/li>\n<li>Bruchlast: 22kN<\/li>\n<\/ul>\n<h3>Problem statischer Schlingen gel\u00f6st<\/h3>\n<p>Die Climbing Technology Alp Loop Seilschlinge l\u00f6st das Problem der statischen Bandschlingen. N\u00e4mlich das statische Verhalten bzw. die direkte Kraft\u00fcbertragung. Denn diese Schlinge besteht aus dynamischen, 8,3mm Seilmaterial.<\/p>\n<p>D.h. die fix vern\u00e4hte Schlinge absorbiert ordentlich Fallenergie. Zum einen wenn man sie als Selbstsicherungsschlinge verwendet und direkt hinein f\u00e4llt. Z.b. wenn man am Stand ausrutscht (mit H\u00fcfte Einh\u00e4ngepunkt nicht \u00fcberklettern!!!). Und zum anderen wenn man die Schlinge wie eine Zwischensicherung ben\u00fctzt.<\/p>\n<h3>Perfekt als Klettersteig Rastschlinge<\/h3>\n<p>Ihre Eigenschaften machen die Climbing Technology Alp Loop zu perfekten Klettersteig Rastschlinge. Besonders die 60cm Variante hat die ideale L\u00e4nge daf\u00fcr.<\/p>\n<p>Erstens einen Ankerstich zur Befestigung an der Anseilschlaufe des <a href=\"https:\/\/bolting.eu\/produkt-kategorie\/kletterausruestung\/klettergurte\/\">Klettergurtes<\/a>. Zweitens einen passenden Karabiner (Schraubkarabiner, <a href=\"https:\/\/bolting.eu\/produkt-kategorie\/kletterausruestung\/karabiner-kletterkarabiner\/klettersteigkarabiner\/\">Klettersteigkarabiner<\/a>) mit einem Mastwurf am anderen Ende einbinden. Fertig!<\/p>\n<p><strong>Wichtig!!!<\/strong> Diese Schlinge ersetzt kein Klettersteigset. Es dient ausschlie\u00dflich als Rastschlinge!<\/p>\n<p><a href=\"https:\/\/bolting.eu\/wp-content\/uploads\/2020\/12\/Climbing-Technology-Alp-Loop-60cm-Rastschlinge.jpg\"><img loading=\"lazy\" decoding=\"async\" class=\"alignnone wp-image-7217\" src=\"https:\/\/bolting.eu\/wp-content\/uploads\/2020\/12\/Climbing-Technology-Alp-Loop-60cm-Rastschlinge.jpg\" alt=\"Das Bild zeigt drei Grafiken, welche die Ben\u00fctzung einer Seilschlinge als Selbstsicherungsschlinge erkl\u00e4ren.\" width=\"600\" height=\"118\" srcset=\"https:\/\/bolting.eu\/wp-content\/uploads\/2020\/12\/Climbing-Technology-Alp-Loop-60cm-Rastschlinge.jpg 800w, https:\/\/bolting.eu\/wp-content\/uploads\/2020\/12\/Climbing-Technology-Alp-Loop-60cm-Rastschlinge-510x100.jpg 510w, https:\/\/bolting.eu\/wp-content\/uploads\/2020\/12\/Climbing-Technology-Alp-Loop-60cm-Rastschlinge-768x151.jpg 768w, https:\/\/bolting.eu\/wp-content\/uploads\/2020\/12\/Climbing-Technology-Alp-Loop-60cm-Rastschlinge-600x118.jpg 600w\" sizes=\"auto, (max-width: 600px) 100vw, 600px\" \/><\/a><\/p>\n<h3>Video Climbing Technology Alp Loop<\/h3>\n<p>Im folgenden Video wird das Produkt ausf\u00fchrlicher vorgestellt. Es kommt dabei die dynamische Eigenschaft der Seilschlinge besonders gut heraus.<\/p>\n<p><iframe loading=\"lazy\" src=\"https:\/\/www.youtube.com\/embed\/39e0WMwSgaM\" width=\"75%\" height=\"350\" frameborder=\"0\" allowfullscreen=\"allowfullscreen\"><span data-mce-type=\"bookmark\" style=\"display: inline-block; width: 0px; overflow: hidden; line-height: 0;\" class=\"mce_SELRES_start\">\ufeff<\/span><\/iframe><\/p>\n<h4><strong>Link Tipp<\/strong><\/h4>\n<p>Hier geht es zum <a href=\"https:\/\/www.climbingtechnology.com\/wp-content\/uploads\/2019\/03\/instruction-manual-alp-loop.pdf\" target=\"_blank\" rel=\"noopener\">Technikblatt<\/a> des Produktes.<\/p>\n","protected":false},"excerpt":{"rendered":"<p>Dynamische, fix vern\u00e4hte Seilschlaufe. Ideal als Selbstsicherungsschlinge, Zwischensicherung oder zum Standplatzbau.<\/p>\n<p>Nimmt bei Belastung deutlich mehr Energie auf als statische Bandschlinge.<\/p>\n<p>Versandkostenfrei bis 2kg in <img decoding=\"async\" class=\"emoji\" role=\"img\" draggable=\"false\" src=\"https:\/\/s.w.org\/images\/core\/emoji\/14.0.0\/svg\/1f1e6-1f1f9.svg\" alt=\"\ud83c\udde6\ud83c\uddf9\" \/> ab \u20ac 100,- und <img decoding=\"async\" class=\"emoji\" role=\"img\" draggable=\"false\" src=\"https:\/\/s.w.org\/images\/core\/emoji\/14.0.0\/svg\/1f1e9-1f1ea.svg\" alt=\"\ud83c\udde9\ud83c\uddea\" \/> ab \u20ac 200,- \u2705 Trusted Shop zertifiziert<\/p>\n","protected":false},"featured_media":7215,"comment_status":"open","ping_status":"closed","template":"","meta":[],"product_brand":[],"product_cat":[29,55,14692,259,14739,4662],"product_tag":[],"class_list":{"0":"post-7214","1":"product","2":"type-product","3":"status-publish","4":"has-post-thumbnail","6":"product_cat-kletterausruestung","7":"product_cat-reepschnur","8":"product_cat-seilschlingen","9":"product_cat-bandschlinge","10":"product_cat-selbstsicherungsschlinge","11":"product_cat-climbing-technology","13":"first","14":"instock","15":"taxable","16":"shipping-taxable","17":"purchasable","18":"product-type-variable"},"yoast_head":"<!-- This site is optimized with the Yoast SEO Premium plugin v26.9 (Yoast SEO v26.9) - https:\/\/yoast.com\/product\/yoast-seo-premium-wordpress\/ -->\n<title>Climbing Technology Alp Loop - dynamische Seilschlinge | bolting.eu<\/title>\n<meta name=\"description\" content=\"CLIMBING TECHNOLOGY ALP LOOP beim Kletter Hardwareprofi kaufen \u2705 Trusted Shop \u2705 kostenloser Versand* \u2705 14 Tage R\u00fcckgaberecht \u2705 Co2 neutraler Versand\" \/>\n<meta name=\"robots\" content=\"index, follow, max-snippet:-1, max-image-preview:large, max-video-preview:-1\" \/>\n<link rel=\"canonical\" href=\"https:\/\/bolting.eu\/en\/shop\/climbing-technology-alp-loop\/\" \/>\n<meta property=\"og:locale\" content=\"en_US\" \/>\n<meta property=\"og:type\" content=\"article\" \/>\n<meta property=\"og:title\" content=\"Climbing Technology Alp Loop\" \/>\n<meta property=\"og:description\" content=\"CLIMBING TECHNOLOGY ALP LOOP beim Kletter Hardwareprofi kaufen \u2705 Trusted Shop \u2705 kostenloser Versand* \u2705 14 Tage R\u00fcckgaberecht \u2705 Co2 neutraler Versand\" \/>\n<meta property=\"og:url\" content=\"https:\/\/bolting.eu\/en\/shop\/climbing-technology-alp-loop\/\" \/>\n<meta property=\"og:site_name\" content=\"bolting.eu\" \/>\n<meta property=\"article:publisher\" content=\"https:\/\/www.facebook.com\/bolting.eu\" \/>\n<meta property=\"article:modified_time\" content=\"2025-07-15T21:55:29+00:00\" \/>\n<meta property=\"og:image\" content=\"https:\/\/bolting.eu\/wp-content\/uploads\/2020\/12\/Climbing-Technology-Alp-Loop-60cm.jpg\" \/>\n\t<meta property=\"og:image:width\" content=\"700\" \/>\n\t<meta property=\"og:image:height\" content=\"700\" \/>\n\t<meta property=\"og:image:type\" content=\"image\/jpeg\" \/>\n<meta name=\"twitter:card\" content=\"summary_large_image\" \/>\n<meta name=\"twitter:label1\" content=\"Availability\" \/>\n\t<meta name=\"twitter:data1\" content=\"In stock\" \/>\n<script type=\"application\/ld+json\" class=\"yoast-schema-graph\">{\"@context\":\"https:\/\/schema.org\",\"@graph\":[{\"@type\":[\"WebPage\",\"ItemPage\"],\"@id\":\"https:\/\/bolting.eu\/en\/shop\/climbing-technology-alp-loop\/\",\"url\":\"https:\/\/bolting.eu\/en\/shop\/climbing-technology-alp-loop\/\",\"name\":\"Climbing Technology Alp Loop - dynamische Seilschlinge | bolting.eu\",\"isPartOf\":{\"@id\":\"https:\/\/bolting.eu\/en\/#website\"},\"primaryImageOfPage\":{\"@id\":\"https:\/\/bolting.eu\/en\/shop\/climbing-technology-alp-loop\/#primaryimage\"},\"image\":{\"@id\":\"https:\/\/bolting.eu\/en\/shop\/climbing-technology-alp-loop\/#primaryimage\"},\"thumbnailUrl\":\"https:\/\/bolting.eu\/wp-content\/uploads\/2020\/12\/Climbing-Technology-Alp-Loop-60cm.jpg\",\"datePublished\":\"2020-12-30T13:41:58+00:00\",\"dateModified\":\"2025-07-15T21:55:29+00:00\",\"description\":\"CLIMBING TECHNOLOGY ALP LOOP beim Kletter Hardwareprofi kaufen \u2705 Trusted Shop \u2705 kostenloser Versand* \u2705 14 Tage R\u00fcckgaberecht \u2705 Co2 neutraler Versand\",\"breadcrumb\":{\"@id\":\"https:\/\/bolting.eu\/en\/shop\/climbing-technology-alp-loop\/#breadcrumb\"},\"inLanguage\":\"en-US\",\"potentialAction\":[{\"@type\":\"ReadAction\",\"target\":[\"https:\/\/bolting.eu\/en\/shop\/climbing-technology-alp-loop\/\"]}]},{\"@type\":\"ImageObject\",\"inLanguage\":\"en-US\",\"@id\":\"https:\/\/bolting.eu\/en\/shop\/climbing-technology-alp-loop\/#primaryimage\",\"url\":\"https:\/\/bolting.eu\/wp-content\/uploads\/2020\/12\/Climbing-Technology-Alp-Loop-60cm.jpg\",\"contentUrl\":\"https:\/\/bolting.eu\/wp-content\/uploads\/2020\/12\/Climbing-Technology-Alp-Loop-60cm.jpg\",\"width\":700,\"height\":700,\"caption\":\"Das Bild zeigt die Climbing Technology Alp Loop Schlinge. Die blaue Seilschlinge ist auf einem wei\u00dfem Quadrat ausgelegt.\"},{\"@type\":\"BreadcrumbList\",\"@id\":\"https:\/\/bolting.eu\/en\/shop\/climbing-technology-alp-loop\/#breadcrumb\",\"itemListElement\":[{\"@type\":\"ListItem\",\"position\":1,\"name\":\"Shop\",\"item\":\"https:\/\/bolting.eu\/en\/shop\/\"},{\"@type\":\"ListItem\",\"position\":2,\"name\":\"Industrial climbing gear\",\"item\":\"https:\/\/bolting.eu\/en\/produkt-kategorie\/industrial-climbing-gear\/\"},{\"@type\":\"ListItem\",\"position\":3,\"name\":\"Seilschlingen\",\"item\":\"https:\/\/bolting.eu\/produkt-kategorie\/industriekletter-ausruestung\/seilschlingen\/\"},{\"@type\":\"ListItem\",\"position\":4,\"name\":\"Climbing Technology Alp Loop\"}]},{\"@type\":\"WebSite\",\"@id\":\"https:\/\/bolting.eu\/en\/#website\",\"url\":\"https:\/\/bolting.eu\/en\/\",\"name\":\"bolting.eu\",\"description\":\"we make climbs happen\",\"publisher\":{\"@id\":\"https:\/\/bolting.eu\/en\/#organization\"},\"potentialAction\":[{\"@type\":\"SearchAction\",\"target\":{\"@type\":\"EntryPoint\",\"urlTemplate\":\"https:\/\/bolting.eu\/en\/?s={search_term_string}\"},\"query-input\":{\"@type\":\"PropertyValueSpecification\",\"valueRequired\":true,\"valueName\":\"search_term_string\"}}],\"inLanguage\":\"en-US\"},{\"@type\":[\"Organization\",\"Place\",\"SportingGoodsStore\"],\"@id\":\"https:\/\/bolting.eu\/en\/#organization\",\"name\":\"bolting.eu\",\"url\":\"https:\/\/bolting.eu\/en\/\",\"logo\":{\"@id\":\"https:\/\/bolting.eu\/en\/shop\/climbing-technology-alp-loop\/#local-main-organization-logo\"},\"image\":{\"@id\":\"https:\/\/bolting.eu\/en\/shop\/climbing-technology-alp-loop\/#local-main-organization-logo\"},\"sameAs\":[\"https:\/\/www.facebook.com\/bolting.eu\",\"https:\/\/www.instagram.com\/bolting.eu\/\"],\"address\":{\"@id\":\"https:\/\/bolting.eu\/en\/shop\/climbing-technology-alp-loop\/#local-main-place-address\"},\"geo\":{\"@type\":\"GeoCoordinates\",\"latitude\":\"47.264176340396226\",\"longitude\":\"11.380109057672346\"},\"telephone\":[\"+43 699 19083372\"],\"openingHoursSpecification\":[{\"@type\":\"OpeningHoursSpecification\",\"dayOfWeek\":[\"Monday\",\"Wednesday\",\"Friday\"],\"opens\":\"14:00\",\"closes\":\"18:00\"},{\"@type\":\"OpeningHoursSpecification\",\"dayOfWeek\":[\"Tuesday\",\"Thursday\",\"Saturday\",\"Sunday\"],\"opens\":\"00:00\",\"closes\":\"00:00\"}],\"email\":\"office@bolting.eu\",\"vatID\":\"ATU59999728\",\"priceRange\":\"$$\",\"currenciesAccepted\":\"Euro\"},{\"@type\":\"PostalAddress\",\"@id\":\"https:\/\/bolting.eu\/en\/shop\/climbing-technology-alp-loop\/#local-main-place-address\",\"streetAddress\":\"Fischnalerstra\u00dfe 4\",\"addressLocality\":\"Innsbruck\",\"postalCode\":\"6020\",\"addressRegion\":\"Tirol\",\"addressCountry\":\"AT\"},{\"@type\":\"ImageObject\",\"inLanguage\":\"en-US\",\"@id\":\"https:\/\/bolting.eu\/en\/shop\/climbing-technology-alp-loop\/#local-main-organization-logo\",\"url\":\"https:\/\/bolting.eu\/wp-content\/uploads\/2019\/09\/bolting-logo.png\",\"contentUrl\":\"https:\/\/bolting.eu\/wp-content\/uploads\/2019\/09\/bolting-logo.png\",\"width\":400,\"height\":211,\"caption\":\"bolting.eu\"}]}<\/script>\n<meta property=\"og:video\" content=\"https:\/\/www.youtube.com\/embed\/39e0WMwSgaM\" \/>\n<meta property=\"og:video:type\" content=\"text\/html\" \/>\n<meta property=\"og:video:duration\" content=\"67\" \/>\n<meta property=\"og:video:width\" content=\"480\" \/>\n<meta property=\"og:video:height\" content=\"270\" \/>\n<meta property=\"ya:ovs:adult\" content=\"false\" \/>\n<meta property=\"ya:ovs:upload_date\" content=\"2020-12-30T13:41:58+00:00\" \/>\n<meta property=\"ya:ovs:allow_embed\" content=\"true\" \/>\n<meta property=\"og:availability\" content=\"instock\" \/>\n<meta property=\"product:availability\" content=\"instock\" \/>\n<meta property=\"product:condition\" content=\"new\" \/>\n<meta name=\"geo.placename\" content=\"Innsbruck\" \/>\n<meta name=\"geo.position\" content=\"47.264176340396226;11.380109057672346\" \/>\n<meta name=\"geo.region\" content=\"Austria\" \/>\n<!-- \/ Yoast SEO Premium plugin. -->","yoast_head_json":{"title":"Climbing Technology Alp Loop - dynamische Seilschlinge | bolting.eu","description":"CLIMBING TECHNOLOGY ALP LOOP beim Kletter Hardwareprofi kaufen \u2705 Trusted Shop \u2705 kostenloser Versand* \u2705 14 Tage R\u00fcckgaberecht \u2705 Co2 neutraler Versand","robots":{"index":"index","follow":"follow","max-snippet":"max-snippet:-1","max-image-preview":"max-image-preview:large","max-video-preview":"max-video-preview:-1"},"canonical":"https:\/\/bolting.eu\/en\/shop\/climbing-technology-alp-loop\/","og_locale":"en_US","og_type":"article","og_title":"Climbing Technology Alp Loop","og_description":"CLIMBING TECHNOLOGY ALP LOOP beim Kletter Hardwareprofi kaufen \u2705 Trusted Shop \u2705 kostenloser Versand* \u2705 14 Tage R\u00fcckgaberecht \u2705 Co2 neutraler Versand","og_url":"https:\/\/bolting.eu\/en\/shop\/climbing-technology-alp-loop\/","og_site_name":"bolting.eu","article_publisher":"https:\/\/www.facebook.com\/bolting.eu","article_modified_time":"2025-07-15T21:55:29+00:00","og_image":[{"width":700,"height":700,"url":"https:\/\/bolting.eu\/wp-content\/uploads\/2020\/12\/Climbing-Technology-Alp-Loop-60cm.jpg","type":"image\/jpeg"}],"twitter_card":"summary_large_image","twitter_misc":{"Availability":"In stock"},"schema":{"@context":"https:\/\/schema.org","@graph":[{"@type":["WebPage","ItemPage"],"@id":"https:\/\/bolting.eu\/en\/shop\/climbing-technology-alp-loop\/","url":"https:\/\/bolting.eu\/en\/shop\/climbing-technology-alp-loop\/","name":"Climbing Technology Alp Loop - dynamische Seilschlinge | bolting.eu","isPartOf":{"@id":"https:\/\/bolting.eu\/en\/#website"},"primaryImageOfPage":{"@id":"https:\/\/bolting.eu\/en\/shop\/climbing-technology-alp-loop\/#primaryimage"},"image":{"@id":"https:\/\/bolting.eu\/en\/shop\/climbing-technology-alp-loop\/#primaryimage"},"thumbnailUrl":"https:\/\/bolting.eu\/wp-content\/uploads\/2020\/12\/Climbing-Technology-Alp-Loop-60cm.jpg","datePublished":"2020-12-30T13:41:58+00:00","dateModified":"2025-07-15T21:55:29+00:00","description":"CLIMBING TECHNOLOGY ALP LOOP beim Kletter Hardwareprofi kaufen \u2705 Trusted Shop \u2705 kostenloser Versand* \u2705 14 Tage R\u00fcckgaberecht \u2705 Co2 neutraler Versand","breadcrumb":{"@id":"https:\/\/bolting.eu\/en\/shop\/climbing-technology-alp-loop\/#breadcrumb"},"inLanguage":"en-US","potentialAction":[{"@type":"ReadAction","target":["https:\/\/bolting.eu\/en\/shop\/climbing-technology-alp-loop\/"]}]},{"@type":"ImageObject","inLanguage":"en-US","@id":"https:\/\/bolting.eu\/en\/shop\/climbing-technology-alp-loop\/#primaryimage","url":"https:\/\/bolting.eu\/wp-content\/uploads\/2020\/12\/Climbing-Technology-Alp-Loop-60cm.jpg","contentUrl":"https:\/\/bolting.eu\/wp-content\/uploads\/2020\/12\/Climbing-Technology-Alp-Loop-60cm.jpg","width":700,"height":700,"caption":"Das Bild zeigt die Climbing Technology Alp Loop Schlinge. Die blaue Seilschlinge ist auf einem wei\u00dfem Quadrat ausgelegt."},{"@type":"BreadcrumbList","@id":"https:\/\/bolting.eu\/en\/shop\/climbing-technology-alp-loop\/#breadcrumb","itemListElement":[{"@type":"ListItem","position":1,"name":"Shop","item":"https:\/\/bolting.eu\/en\/shop\/"},{"@type":"ListItem","position":2,"name":"Industrial climbing gear","item":"https:\/\/bolting.eu\/en\/produkt-kategorie\/industrial-climbing-gear\/"},{"@type":"ListItem","position":3,"name":"Seilschlingen","item":"https:\/\/bolting.eu\/produkt-kategorie\/industriekletter-ausruestung\/seilschlingen\/"},{"@type":"ListItem","position":4,"name":"Climbing Technology Alp Loop"}]},{"@type":"WebSite","@id":"https:\/\/bolting.eu\/en\/#website","url":"https:\/\/bolting.eu\/en\/","name":"bolting.eu","description":"we make climbs happen","publisher":{"@id":"https:\/\/bolting.eu\/en\/#organization"},"potentialAction":[{"@type":"SearchAction","target":{"@type":"EntryPoint","urlTemplate":"https:\/\/bolting.eu\/en\/?s={search_term_string}"},"query-input":{"@type":"PropertyValueSpecification","valueRequired":true,"valueName":"search_term_string"}}],"inLanguage":"en-US"},{"@type":["Organization","Place","SportingGoodsStore"],"@id":"https:\/\/bolting.eu\/en\/#organization","name":"bolting.eu","url":"https:\/\/bolting.eu\/en\/","logo":{"@id":"https:\/\/bolting.eu\/en\/shop\/climbing-technology-alp-loop\/#local-main-organization-logo"},"image":{"@id":"https:\/\/bolting.eu\/en\/shop\/climbing-technology-alp-loop\/#local-main-organization-logo"},"sameAs":["https:\/\/www.facebook.com\/bolting.eu","https:\/\/www.instagram.com\/bolting.eu\/"],"address":{"@id":"https:\/\/bolting.eu\/en\/shop\/climbing-technology-alp-loop\/#local-main-place-address"},"geo":{"@type":"GeoCoordinates","latitude":"47.264176340396226","longitude":"11.380109057672346"},"telephone":["+43 699 19083372"],"openingHoursSpecification":[{"@type":"OpeningHoursSpecification","dayOfWeek":["Monday","Wednesday","Friday"],"opens":"14:00","closes":"18:00"},{"@type":"OpeningHoursSpecification","dayOfWeek":["Tuesday","Thursday","Saturday","Sunday"],"opens":"00:00","closes":"00:00"}],"email":"office@bolting.eu","vatID":"ATU59999728","priceRange":"$$","currenciesAccepted":"Euro"},{"@type":"PostalAddress","@id":"https:\/\/bolting.eu\/en\/shop\/climbing-technology-alp-loop\/#local-main-place-address","streetAddress":"Fischnalerstra\u00dfe 4","addressLocality":"Innsbruck","postalCode":"6020","addressRegion":"Tirol","addressCountry":"AT"},{"@type":"ImageObject","inLanguage":"en-US","@id":"https:\/\/bolting.eu\/en\/shop\/climbing-technology-alp-loop\/#local-main-organization-logo","url":"https:\/\/bolting.eu\/wp-content\/uploads\/2019\/09\/bolting-logo.png","contentUrl":"https:\/\/bolting.eu\/wp-content\/uploads\/2019\/09\/bolting-logo.png","width":400,"height":211,"caption":"bolting.eu"}]},"og_video":"https:\/\/www.youtube.com\/embed\/39e0WMwSgaM","og_video_type":"text\/html","og_video_duration":"67","og_video_width":"480","og_video_height":"270","ya_ovs_adult":"false","ya_ovs_upload_date":"2020-12-30T13:41:58+00:00","ya_ovs_allow_embed":"true","og_availability":"instock","product_availability":"instock","product_condition":"new","geo.placename":"Innsbruck","geo.position":{"lat":"47.264176340396226","long":"11.380109057672346"},"geo.region":"Austria"},"_links":{"self":[{"href":"https:\/\/bolting.eu\/en\/wp-json\/wp\/v2\/product\/7214","targetHints":{"allow":["GET"]}}],"collection":[{"href":"https:\/\/bolting.eu\/en\/wp-json\/wp\/v2\/product"}],"about":[{"href":"https:\/\/bolting.eu\/en\/wp-json\/wp\/v2\/types\/product"}],"replies":[{"embeddable":true,"href":"https:\/\/bolting.eu\/en\/wp-json\/wp\/v2\/comments?post=7214"}],"wp:featuredmedia":[{"embeddable":true,"href":"https:\/\/bolting.eu\/en\/wp-json\/wp\/v2\/media\/7215"}],"wp:attachment":[{"href":"https:\/\/bolting.eu\/en\/wp-json\/wp\/v2\/media?parent=7214"}],"wp:term":[{"taxonomy":"product_brand","embeddable":true,"href":"https:\/\/bolting.eu\/en\/wp-json\/wp\/v2\/product_brand?post=7214"},{"taxonomy":"product_cat","embeddable":true,"href":"https:\/\/bolting.eu\/en\/wp-json\/wp\/v2\/product_cat?post=7214"},{"taxonomy":"product_tag","embeddable":true,"href":"https:\/\/bolting.eu\/en\/wp-json\/wp\/v2\/product_tag?post=7214"}],"curies":[{"name":"wp","href":"https:\/\/api.w.org\/{rel}","templated":true}]}}