{"id":7213,"date":"2020-12-30T13:26:02","date_gmt":"2020-12-30T12:26:02","guid":{"rendered":"https:\/\/bolting.eu\/?post_type=product&#038;p=7213"},"modified":"2025-06-02T17:24:28","modified_gmt":"2025-06-02T15:24:28","slug":"sport-chain-climbing-technology","status":"publish","type":"product","link":"https:\/\/bolting.eu\/en\/shop\/sport-chain-climbing-technology\/","title":{"rendered":"Sport Chain Climbing Technology"},"content":{"rendered":"<p>Die Sport Chain Climbing Technology ist eine kurze Daisy Chain mit fixem Schraubkarabiner. Sie ist universell einsetzbar. Beispielsweise als Selbstsicherungsschlinge beim Umf\u00e4deln am Stand oder Klettersteig Rastschlinge. Dar\u00fcber hinaus ist sie auch perfekt als Abseilschlinge verwendbar.<\/p>\n<p><a href=\"https:\/\/bolting.eu\/wp-content\/uploads\/2020\/12\/Sport-Chain-Climbing-Technology-1.jpg\"><img loading=\"lazy\" decoding=\"async\" class=\"alignleft wp-image-7212 size-thumbnail\" src=\"https:\/\/bolting.eu\/wp-content\/uploads\/2020\/12\/Sport-Chain-Climbing-Technology-1-280x280.jpg\" alt=\"Das Bild zeigt eine Grafik mit den Bruchlasten der Ringe der Sport Chain Vertical Evolution.\" width=\"280\" height=\"280\" srcset=\"https:\/\/bolting.eu\/wp-content\/uploads\/2020\/12\/Sport-Chain-Climbing-Technology-1-280x280.jpg 280w, https:\/\/bolting.eu\/wp-content\/uploads\/2020\/12\/Sport-Chain-Climbing-Technology-1-100x100.jpg 100w, https:\/\/bolting.eu\/wp-content\/uploads\/2020\/12\/Sport-Chain-Climbing-Technology-1-510x510.jpg 510w, https:\/\/bolting.eu\/wp-content\/uploads\/2020\/12\/Sport-Chain-Climbing-Technology-1-400x400.jpg 400w, https:\/\/bolting.eu\/wp-content\/uploads\/2020\/12\/Sport-Chain-Climbing-Technology-1-300x300.jpg 300w, https:\/\/bolting.eu\/wp-content\/uploads\/2020\/12\/Sport-Chain-Climbing-Technology-1-600x600.jpg 600w, https:\/\/bolting.eu\/wp-content\/uploads\/2020\/12\/Sport-Chain-Climbing-Technology-1.jpg 700w\" sizes=\"auto, (max-width: 280px) 100vw, 280px\" \/><\/a>Diese Schlinge besteht zum einen aus einzelnen Dyneema Ringen. Jeder davon kann mit ganzen 24kN belastet werden. Und zum anderen aus drei unterschiedlichen Ring Typen. Erstens der schwarzen Anseilschlaufe. Zweitens den f\u00fcnf blauen Mittelringen. Und drittens der gr\u00fcnen Karabinerschlaufe mit dem fixen Schraubkarabiner.<\/p>\n<p>Kurzum. Wer eine universelle Daisy Chain sucht, hat sie gefunden.<\/p>\n<h2>Eigenschaften Sport Chain Climbing Technology<\/h2>\n<ul>\n<li>Hersteller: <a href=\"https:\/\/bolting.eu\/produkt-kategorie\/climbing-technology\/\">Climbing Technology<\/a><\/li>\n<li>L\u00e4nge: 10cm<\/li>\n<li>5 individuelle Dyneema Schlaufen + Einbindeschlaufe + Karabinerschlaufe<\/li>\n<li>Bruchlast: 24kN<\/li>\n<li>EN Norm: EN 566<\/li>\n<li>13mm und 15mm Dyneema<\/li>\n<li>f\u00fcr Selbstsicherung, Abseilen,<\/li>\n<li>perfekt f\u00fcr Klettergarten, Mehrseill\u00e4nge und Klettersteig Rastschlinge<\/li>\n<\/ul>\n<h3>Video Sport Chain Climbing Technology<\/h3>\n<p>Das folgende Video stellt dieses Produkt ausf\u00fchrlich vor. Ihr seht, dass sich die Empfehlungen auf die drei Bereiche Selbstsicherung, Rastschlinge und Abseilen konzentrieren. Die Sprache des Videos ist Englisch!<\/p>\n<p><iframe loading=\"lazy\" src=\"https:\/\/www.youtube.com\/embed\/P5x_w7StXyI\" width=\"75%\" height=\"350\" frameborder=\"0\" allowfullscreen=\"allowfullscreen\"><span data-mce-type=\"bookmark\" style=\"display: inline-block; width: 0px; overflow: hidden; line-height: 0;\" class=\"mce_SELRES_start\">\ufeff<\/span><\/iframe><\/p>\n<h3>Klettersteig Rastschlinge<\/h3>\n<p>Die Sport Chain Climbing Technology ist auch eine sehr gute Klettersteig Rastschlinge. Ihr braucht daf\u00fcr nur einen klassischen Klettersteigkarabiner in die Endschlaufe montieren, schon ist sie fertig!<\/p>\n<p><strong>WICHTIG!<\/strong> Diese Daisy Chain ist eine statische Schlinge. Sie darf ausschlie\u00dflich zum Rasten verwendet werden. Sie ersetzt in keinem Fall ein Klettersteigset!<\/p>\n<h3>Unterschied zur Multi Chain Evo<\/h3>\n<figure id=\"attachment_7208\" aria-describedby=\"caption-attachment-7208\" style=\"width: 280px\" class=\"wp-caption alignleft\"><a href=\"https:\/\/bolting.eu\/wp-content\/uploads\/2020\/12\/Multi-Chain-Evo-Climbing-Technology-2.jpg\"><img loading=\"lazy\" decoding=\"async\" class=\"wp-image-7208 size-thumbnail\" src=\"https:\/\/bolting.eu\/wp-content\/uploads\/2020\/12\/Multi-Chain-Evo-Climbing-Technology-2-280x280.jpg\" alt=\"Das Bild zeigt die Multi Chain Evo in ausgelegten Zustand. Die Daisy Chain liegt in Bildmitte mit den einzelnen Seilringen in U-Form. Oben rechts die schwarze Anseilschlaufe, dann das u mit den gr\u00fcnen Mittelringen, links unten die blaue Karabinerschlaufe.\" width=\"280\" height=\"280\" srcset=\"https:\/\/bolting.eu\/wp-content\/uploads\/2020\/12\/Multi-Chain-Evo-Climbing-Technology-2-280x280.jpg 280w, https:\/\/bolting.eu\/wp-content\/uploads\/2020\/12\/Multi-Chain-Evo-Climbing-Technology-2-247x247.jpg 247w, https:\/\/bolting.eu\/wp-content\/uploads\/2020\/12\/Multi-Chain-Evo-Climbing-Technology-2-100x100.jpg 100w, https:\/\/bolting.eu\/wp-content\/uploads\/2020\/12\/Multi-Chain-Evo-Climbing-Technology-2-510x510.jpg 510w, https:\/\/bolting.eu\/wp-content\/uploads\/2020\/12\/Multi-Chain-Evo-Climbing-Technology-2-400x400.jpg 400w, https:\/\/bolting.eu\/wp-content\/uploads\/2020\/12\/Multi-Chain-Evo-Climbing-Technology-2-300x300.jpg 300w, https:\/\/bolting.eu\/wp-content\/uploads\/2020\/12\/Multi-Chain-Evo-Climbing-Technology-2-600x600.jpg 600w, https:\/\/bolting.eu\/wp-content\/uploads\/2020\/12\/Multi-Chain-Evo-Climbing-Technology-2.jpg 700w\" sizes=\"auto, (max-width: 280px) 100vw, 280px\" \/><\/a><figcaption id=\"caption-attachment-7208\" class=\"wp-caption-text\">Die Multi Chain Evo ist l\u00e4nger, vielseitiger und hat keinen fixen Karabiner!<\/figcaption><\/figure>\n<p>Die Sport Chain Climbing Technology ist um 25cm k\u00fcrzer als die Multi Chain. Zudem hat sie den fixen Schraubkarabiner.<\/p>\n<p>Des weiteren liegt ihr Anwendungsgebiet eher ausschlie\u00dflich bei diesen drei Situationen. Erstens Selbstsicherung. Zweitens Rastschlinge. Drittens Abseilen.<\/p>\n<p>Die Multi Chain &#8211; nomen est omen &#8211; wird eher im alpinen Gel\u00e4nde eingesetzt. Vor allem aber wird sie auch f\u00fcr den Standplatzbau empfohlen. Hierf\u00fcr ist das Sport Modell etwas zu kurz um sinnvolle Ausgleichsverankerungen bauen zu k\u00f6nnen.<\/p>\n<h4><strong>Link Tipp<\/strong><\/h4>\n<p>Hier geht es zum <a href=\"https:\/\/www.climbingtechnology.com\/\" target=\"_blank\" rel=\"noopener\">Hersteller<\/a>!<\/p>\n","protected":false},"excerpt":{"rendered":"<ul>\n<li>Hersteller: Climbing Technology<\/li>\n<li>L\u00e4nge: 10cm<\/li>\n<li>5 individuelle Dyneema Schlaufen + Einbindeschlaufe + Karabinerschlaufe<\/li>\n<li>Bruchlast: 24kN<\/li>\n<li>EN Norm: EN 566<\/li>\n<li>13mm und 15mm Dyneema<\/li>\n<li>f\u00fcr Selbstsicherung, Abseilen,<\/li>\n<li>perfekt f\u00fcr Klettergarten, Mehrseill\u00e4nge und Klettersteig Rastschlinge<\/li>\n<\/ul>\n","protected":false},"featured_media":7210,"comment_status":"open","ping_status":"closed","template":"","meta":[],"product_brand":[],"product_cat":[259,4662,8207,29,14739],"product_tag":[],"class_list":{"0":"post-7213","1":"product","2":"type-product","3":"status-publish","4":"has-post-thumbnail","6":"product_cat-bandschlinge","7":"product_cat-climbing-technology","8":"product_cat-daisy-chain-klettern","9":"product_cat-kletterausruestung","10":"product_cat-selbstsicherungsschlinge","12":"first","13":"instock","14":"taxable","15":"shipping-taxable","16":"purchasable","17":"product-type-simple"},"yoast_head":"<!-- This site is optimized with the Yoast SEO Premium plugin v26.9 (Yoast SEO v26.9) - https:\/\/yoast.com\/product\/yoast-seo-premium-wordpress\/ -->\n<title>Sport Chain Climbing Technology - online kaufen | bolting.eu<\/title>\n<meta name=\"description\" content=\"Hier findest Du du die SPORT CHAIN CLIMBING TECHNOLOGY. Eine 100cm lange Daisy Chain zum Klettern bzw. als Klettersteig Rastschlinge!\" \/>\n<meta name=\"robots\" content=\"index, follow, max-snippet:-1, max-image-preview:large, max-video-preview:-1\" \/>\n<link rel=\"canonical\" href=\"https:\/\/bolting.eu\/en\/shop\/sport-chain-climbing-technology\/\" \/>\n<meta property=\"og:locale\" content=\"en_US\" \/>\n<meta property=\"og:type\" content=\"article\" \/>\n<meta property=\"og:title\" content=\"Sport Chain Climbing Technology\" \/>\n<meta property=\"og:description\" content=\"Hier findest Du du die SPORT CHAIN CLIMBING TECHNOLOGY. Eine 100cm lange Daisy Chain zum Klettern bzw. als Klettersteig Rastschlinge!\" \/>\n<meta property=\"og:url\" content=\"https:\/\/bolting.eu\/en\/shop\/sport-chain-climbing-technology\/\" \/>\n<meta property=\"og:site_name\" content=\"bolting.eu\" \/>\n<meta property=\"article:publisher\" content=\"https:\/\/www.facebook.com\/bolting.eu\" \/>\n<meta property=\"article:modified_time\" content=\"2025-06-02T15:24:28+00:00\" \/>\n<meta property=\"og:image\" content=\"https:\/\/bolting.eu\/wp-content\/uploads\/2020\/12\/Sport-Chain-Climbing-Technology-3.jpg\" \/>\n\t<meta property=\"og:image:width\" content=\"700\" \/>\n\t<meta property=\"og:image:height\" content=\"700\" \/>\n\t<meta property=\"og:image:type\" content=\"image\/jpeg\" \/>\n<meta name=\"twitter:card\" content=\"summary_large_image\" \/>\n<meta name=\"twitter:label1\" content=\"Price\" \/>\n\t<meta name=\"twitter:data1\" content=\"&euro;&nbsp;49,90\" \/>\n\t<meta name=\"twitter:label2\" content=\"Availability\" \/>\n\t<meta name=\"twitter:data2\" content=\"In stock\" \/>\n<script type=\"application\/ld+json\" class=\"yoast-schema-graph\">{\"@context\":\"https:\/\/schema.org\",\"@graph\":[{\"@type\":[\"WebPage\",\"ItemPage\"],\"@id\":\"https:\/\/bolting.eu\/en\/shop\/sport-chain-climbing-technology\/\",\"url\":\"https:\/\/bolting.eu\/en\/shop\/sport-chain-climbing-technology\/\",\"name\":\"Sport Chain Climbing Technology - online kaufen | bolting.eu\",\"isPartOf\":{\"@id\":\"https:\/\/bolting.eu\/en\/#website\"},\"primaryImageOfPage\":{\"@id\":\"https:\/\/bolting.eu\/en\/shop\/sport-chain-climbing-technology\/#primaryimage\"},\"image\":{\"@id\":\"https:\/\/bolting.eu\/en\/shop\/sport-chain-climbing-technology\/#primaryimage\"},\"thumbnailUrl\":\"https:\/\/bolting.eu\/wp-content\/uploads\/2020\/12\/Sport-Chain-Climbing-Technology-3.jpg\",\"datePublished\":\"2020-12-30T12:26:02+00:00\",\"dateModified\":\"2025-06-02T15:24:28+00:00\",\"description\":\"Hier findest Du du die SPORT CHAIN CLIMBING TECHNOLOGY. Eine 100cm lange Daisy Chain zum Klettern bzw. als Klettersteig Rastschlinge!\",\"breadcrumb\":{\"@id\":\"https:\/\/bolting.eu\/en\/shop\/sport-chain-climbing-technology\/#breadcrumb\"},\"inLanguage\":\"en-US\",\"potentialAction\":[{\"@type\":\"ReadAction\",\"target\":[\"https:\/\/bolting.eu\/en\/shop\/sport-chain-climbing-technology\/\"]}]},{\"@type\":\"ImageObject\",\"inLanguage\":\"en-US\",\"@id\":\"https:\/\/bolting.eu\/en\/shop\/sport-chain-climbing-technology\/#primaryimage\",\"url\":\"https:\/\/bolting.eu\/wp-content\/uploads\/2020\/12\/Sport-Chain-Climbing-Technology-3.jpg\",\"contentUrl\":\"https:\/\/bolting.eu\/wp-content\/uploads\/2020\/12\/Sport-Chain-Climbing-Technology-3.jpg\",\"width\":700,\"height\":700,\"caption\":\"Das Bild zeigt die Sport Chain Climbing Technology in ausgelegten Zustand. Die Daisy Chain liegt in Bildmitte mit den einzelnen Seilringen in U-Form. Oben rechts die schwarze Anseilschlaufe, dann das u mit den gr\u00fcnen Mittelringen, links unten die blaue Karabinerschlaufe.\"},{\"@type\":\"BreadcrumbList\",\"@id\":\"https:\/\/bolting.eu\/en\/shop\/sport-chain-climbing-technology\/#breadcrumb\",\"itemListElement\":[{\"@type\":\"ListItem\",\"position\":1,\"name\":\"Shop\",\"item\":\"https:\/\/bolting.eu\/en\/shop\/\"},{\"@type\":\"ListItem\",\"position\":2,\"name\":\"climbing equipment\",\"item\":\"https:\/\/bolting.eu\/en\/produkt-kategorie\/climbing-equipment\/\"},{\"@type\":\"ListItem\",\"position\":3,\"name\":\"Selbstsicherungsschlinge\",\"item\":\"https:\/\/bolting.eu\/produkt-kategorie\/kletterausruestung\/selbstsicherungsschlinge\/\"},{\"@type\":\"ListItem\",\"position\":4,\"name\":\"Sport Chain Climbing Technology\"}]},{\"@type\":\"WebSite\",\"@id\":\"https:\/\/bolting.eu\/en\/#website\",\"url\":\"https:\/\/bolting.eu\/en\/\",\"name\":\"bolting.eu\",\"description\":\"we make climbs happen\",\"publisher\":{\"@id\":\"https:\/\/bolting.eu\/en\/#organization\"},\"potentialAction\":[{\"@type\":\"SearchAction\",\"target\":{\"@type\":\"EntryPoint\",\"urlTemplate\":\"https:\/\/bolting.eu\/en\/?s={search_term_string}\"},\"query-input\":{\"@type\":\"PropertyValueSpecification\",\"valueRequired\":true,\"valueName\":\"search_term_string\"}}],\"inLanguage\":\"en-US\"},{\"@type\":[\"Organization\",\"Place\",\"SportingGoodsStore\"],\"@id\":\"https:\/\/bolting.eu\/en\/#organization\",\"name\":\"bolting.eu\",\"url\":\"https:\/\/bolting.eu\/en\/\",\"logo\":{\"@id\":\"https:\/\/bolting.eu\/en\/shop\/sport-chain-climbing-technology\/#local-main-organization-logo\"},\"image\":{\"@id\":\"https:\/\/bolting.eu\/en\/shop\/sport-chain-climbing-technology\/#local-main-organization-logo\"},\"sameAs\":[\"https:\/\/www.facebook.com\/bolting.eu\",\"https:\/\/www.instagram.com\/bolting.eu\/\"],\"address\":{\"@id\":\"https:\/\/bolting.eu\/en\/shop\/sport-chain-climbing-technology\/#local-main-place-address\"},\"geo\":{\"@type\":\"GeoCoordinates\",\"latitude\":\"47.264176340396226\",\"longitude\":\"11.380109057672346\"},\"telephone\":[\"+43 699 19083372\"],\"openingHoursSpecification\":[{\"@type\":\"OpeningHoursSpecification\",\"dayOfWeek\":[\"Monday\",\"Wednesday\",\"Friday\"],\"opens\":\"14:00\",\"closes\":\"18:00\"},{\"@type\":\"OpeningHoursSpecification\",\"dayOfWeek\":[\"Tuesday\",\"Thursday\",\"Saturday\",\"Sunday\"],\"opens\":\"00:00\",\"closes\":\"00:00\"}],\"email\":\"office@bolting.eu\",\"vatID\":\"ATU59999728\",\"priceRange\":\"$$\",\"currenciesAccepted\":\"Euro\"},{\"@type\":\"PostalAddress\",\"@id\":\"https:\/\/bolting.eu\/en\/shop\/sport-chain-climbing-technology\/#local-main-place-address\",\"streetAddress\":\"Fischnalerstra\u00dfe 4\",\"addressLocality\":\"Innsbruck\",\"postalCode\":\"6020\",\"addressRegion\":\"Tirol\",\"addressCountry\":\"AT\"},{\"@type\":\"ImageObject\",\"inLanguage\":\"en-US\",\"@id\":\"https:\/\/bolting.eu\/en\/shop\/sport-chain-climbing-technology\/#local-main-organization-logo\",\"url\":\"https:\/\/bolting.eu\/wp-content\/uploads\/2019\/09\/bolting-logo.png\",\"contentUrl\":\"https:\/\/bolting.eu\/wp-content\/uploads\/2019\/09\/bolting-logo.png\",\"width\":400,\"height\":211,\"caption\":\"bolting.eu\"}]}<\/script>\n<meta property=\"og:video\" content=\"https:\/\/www.youtube.com\/embed\/P5x_w7StXyI\" \/>\n<meta property=\"og:video:type\" content=\"text\/html\" \/>\n<meta property=\"og:video:duration\" content=\"128\" \/>\n<meta property=\"og:video:width\" content=\"480\" \/>\n<meta property=\"og:video:height\" content=\"270\" \/>\n<meta property=\"ya:ovs:adult\" content=\"false\" \/>\n<meta property=\"ya:ovs:upload_date\" content=\"2020-12-30T12:26:02+00:00\" \/>\n<meta property=\"ya:ovs:allow_embed\" content=\"true\" \/>\n<meta property=\"product:price:amount\" content=\"49.90\" \/>\n<meta property=\"product:price:currency\" content=\"EUR\" \/>\n<meta property=\"og:availability\" content=\"instock\" \/>\n<meta property=\"product:availability\" content=\"instock\" \/>\n<meta property=\"product:condition\" content=\"new\" \/>\n<meta name=\"geo.placename\" content=\"Innsbruck\" \/>\n<meta name=\"geo.position\" content=\"47.264176340396226;11.380109057672346\" \/>\n<meta name=\"geo.region\" content=\"Austria\" \/>\n<!-- \/ Yoast SEO Premium plugin. -->","yoast_head_json":{"title":"Sport Chain Climbing Technology - online kaufen | bolting.eu","description":"Hier findest Du du die SPORT CHAIN CLIMBING TECHNOLOGY. Eine 100cm lange Daisy Chain zum Klettern bzw. als Klettersteig Rastschlinge!","robots":{"index":"index","follow":"follow","max-snippet":"max-snippet:-1","max-image-preview":"max-image-preview:large","max-video-preview":"max-video-preview:-1"},"canonical":"https:\/\/bolting.eu\/en\/shop\/sport-chain-climbing-technology\/","og_locale":"en_US","og_type":"article","og_title":"Sport Chain Climbing Technology","og_description":"Hier findest Du du die SPORT CHAIN CLIMBING TECHNOLOGY. Eine 100cm lange Daisy Chain zum Klettern bzw. als Klettersteig Rastschlinge!","og_url":"https:\/\/bolting.eu\/en\/shop\/sport-chain-climbing-technology\/","og_site_name":"bolting.eu","article_publisher":"https:\/\/www.facebook.com\/bolting.eu","article_modified_time":"2025-06-02T15:24:28+00:00","og_image":[{"width":700,"height":700,"url":"https:\/\/bolting.eu\/wp-content\/uploads\/2020\/12\/Sport-Chain-Climbing-Technology-3.jpg","type":"image\/jpeg"}],"twitter_card":"summary_large_image","twitter_misc":{"Price":"&euro;&nbsp;49,90","Availability":"In stock"},"schema":{"@context":"https:\/\/schema.org","@graph":[{"@type":["WebPage","ItemPage"],"@id":"https:\/\/bolting.eu\/en\/shop\/sport-chain-climbing-technology\/","url":"https:\/\/bolting.eu\/en\/shop\/sport-chain-climbing-technology\/","name":"Sport Chain Climbing Technology - online kaufen | bolting.eu","isPartOf":{"@id":"https:\/\/bolting.eu\/en\/#website"},"primaryImageOfPage":{"@id":"https:\/\/bolting.eu\/en\/shop\/sport-chain-climbing-technology\/#primaryimage"},"image":{"@id":"https:\/\/bolting.eu\/en\/shop\/sport-chain-climbing-technology\/#primaryimage"},"thumbnailUrl":"https:\/\/bolting.eu\/wp-content\/uploads\/2020\/12\/Sport-Chain-Climbing-Technology-3.jpg","datePublished":"2020-12-30T12:26:02+00:00","dateModified":"2025-06-02T15:24:28+00:00","description":"Hier findest Du du die SPORT CHAIN CLIMBING TECHNOLOGY. Eine 100cm lange Daisy Chain zum Klettern bzw. als Klettersteig Rastschlinge!","breadcrumb":{"@id":"https:\/\/bolting.eu\/en\/shop\/sport-chain-climbing-technology\/#breadcrumb"},"inLanguage":"en-US","potentialAction":[{"@type":"ReadAction","target":["https:\/\/bolting.eu\/en\/shop\/sport-chain-climbing-technology\/"]}]},{"@type":"ImageObject","inLanguage":"en-US","@id":"https:\/\/bolting.eu\/en\/shop\/sport-chain-climbing-technology\/#primaryimage","url":"https:\/\/bolting.eu\/wp-content\/uploads\/2020\/12\/Sport-Chain-Climbing-Technology-3.jpg","contentUrl":"https:\/\/bolting.eu\/wp-content\/uploads\/2020\/12\/Sport-Chain-Climbing-Technology-3.jpg","width":700,"height":700,"caption":"Das Bild zeigt die Sport Chain Climbing Technology in ausgelegten Zustand. Die Daisy Chain liegt in Bildmitte mit den einzelnen Seilringen in U-Form. Oben rechts die schwarze Anseilschlaufe, dann das u mit den gr\u00fcnen Mittelringen, links unten die blaue Karabinerschlaufe."},{"@type":"BreadcrumbList","@id":"https:\/\/bolting.eu\/en\/shop\/sport-chain-climbing-technology\/#breadcrumb","itemListElement":[{"@type":"ListItem","position":1,"name":"Shop","item":"https:\/\/bolting.eu\/en\/shop\/"},{"@type":"ListItem","position":2,"name":"climbing equipment","item":"https:\/\/bolting.eu\/en\/produkt-kategorie\/climbing-equipment\/"},{"@type":"ListItem","position":3,"name":"Selbstsicherungsschlinge","item":"https:\/\/bolting.eu\/produkt-kategorie\/kletterausruestung\/selbstsicherungsschlinge\/"},{"@type":"ListItem","position":4,"name":"Sport Chain Climbing Technology"}]},{"@type":"WebSite","@id":"https:\/\/bolting.eu\/en\/#website","url":"https:\/\/bolting.eu\/en\/","name":"bolting.eu","description":"we make climbs happen","publisher":{"@id":"https:\/\/bolting.eu\/en\/#organization"},"potentialAction":[{"@type":"SearchAction","target":{"@type":"EntryPoint","urlTemplate":"https:\/\/bolting.eu\/en\/?s={search_term_string}"},"query-input":{"@type":"PropertyValueSpecification","valueRequired":true,"valueName":"search_term_string"}}],"inLanguage":"en-US"},{"@type":["Organization","Place","SportingGoodsStore"],"@id":"https:\/\/bolting.eu\/en\/#organization","name":"bolting.eu","url":"https:\/\/bolting.eu\/en\/","logo":{"@id":"https:\/\/bolting.eu\/en\/shop\/sport-chain-climbing-technology\/#local-main-organization-logo"},"image":{"@id":"https:\/\/bolting.eu\/en\/shop\/sport-chain-climbing-technology\/#local-main-organization-logo"},"sameAs":["https:\/\/www.facebook.com\/bolting.eu","https:\/\/www.instagram.com\/bolting.eu\/"],"address":{"@id":"https:\/\/bolting.eu\/en\/shop\/sport-chain-climbing-technology\/#local-main-place-address"},"geo":{"@type":"GeoCoordinates","latitude":"47.264176340396226","longitude":"11.380109057672346"},"telephone":["+43 699 19083372"],"openingHoursSpecification":[{"@type":"OpeningHoursSpecification","dayOfWeek":["Monday","Wednesday","Friday"],"opens":"14:00","closes":"18:00"},{"@type":"OpeningHoursSpecification","dayOfWeek":["Tuesday","Thursday","Saturday","Sunday"],"opens":"00:00","closes":"00:00"}],"email":"office@bolting.eu","vatID":"ATU59999728","priceRange":"$$","currenciesAccepted":"Euro"},{"@type":"PostalAddress","@id":"https:\/\/bolting.eu\/en\/shop\/sport-chain-climbing-technology\/#local-main-place-address","streetAddress":"Fischnalerstra\u00dfe 4","addressLocality":"Innsbruck","postalCode":"6020","addressRegion":"Tirol","addressCountry":"AT"},{"@type":"ImageObject","inLanguage":"en-US","@id":"https:\/\/bolting.eu\/en\/shop\/sport-chain-climbing-technology\/#local-main-organization-logo","url":"https:\/\/bolting.eu\/wp-content\/uploads\/2019\/09\/bolting-logo.png","contentUrl":"https:\/\/bolting.eu\/wp-content\/uploads\/2019\/09\/bolting-logo.png","width":400,"height":211,"caption":"bolting.eu"}]},"og_video":"https:\/\/www.youtube.com\/embed\/P5x_w7StXyI","og_video_type":"text\/html","og_video_duration":"128","og_video_width":"480","og_video_height":"270","ya_ovs_adult":"false","ya_ovs_upload_date":"2020-12-30T12:26:02+00:00","ya_ovs_allow_embed":"true","product_price_amount":"49.90","product_price_currency":"EUR","og_availability":"instock","product_availability":"instock","product_condition":"new","geo.placename":"Innsbruck","geo.position":{"lat":"47.264176340396226","long":"11.380109057672346"},"geo.region":"Austria"},"_links":{"self":[{"href":"https:\/\/bolting.eu\/en\/wp-json\/wp\/v2\/product\/7213","targetHints":{"allow":["GET"]}}],"collection":[{"href":"https:\/\/bolting.eu\/en\/wp-json\/wp\/v2\/product"}],"about":[{"href":"https:\/\/bolting.eu\/en\/wp-json\/wp\/v2\/types\/product"}],"replies":[{"embeddable":true,"href":"https:\/\/bolting.eu\/en\/wp-json\/wp\/v2\/comments?post=7213"}],"wp:featuredmedia":[{"embeddable":true,"href":"https:\/\/bolting.eu\/en\/wp-json\/wp\/v2\/media\/7210"}],"wp:attachment":[{"href":"https:\/\/bolting.eu\/en\/wp-json\/wp\/v2\/media?parent=7213"}],"wp:term":[{"taxonomy":"product_brand","embeddable":true,"href":"https:\/\/bolting.eu\/en\/wp-json\/wp\/v2\/product_brand?post=7213"},{"taxonomy":"product_cat","embeddable":true,"href":"https:\/\/bolting.eu\/en\/wp-json\/wp\/v2\/product_cat?post=7213"},{"taxonomy":"product_tag","embeddable":true,"href":"https:\/\/bolting.eu\/en\/wp-json\/wp\/v2\/product_tag?post=7213"}],"curies":[{"name":"wp","href":"https:\/\/api.w.org\/{rel}","templated":true}]}}