{"id":7200,"date":"2020-12-30T11:16:23","date_gmt":"2020-12-30T10:16:23","guid":{"rendered":"https:\/\/bolting.eu\/?post_type=product&#038;p=7200"},"modified":"2025-03-07T15:49:59","modified_gmt":"2025-03-07T14:49:59","slug":"clippy-evo-chalkbag-guertel","status":"publish","type":"product","link":"https:\/\/bolting.eu\/en\/shop\/clippy-evo-chalkbag-guertel\/","title":{"rendered":"Clippy Evo Chalkbag G\u00fcrtel"},"content":{"rendered":"<p>Der Clippy Evo Chalkbag G\u00fcrtel ist ein 15mm breites Polyamid Band mit Steckschnalle. Wie der Name bereits sagt, ist es perfekt zum <a href=\"https:\/\/bolting.eu\/produkt-kategorie\/kletterausruestung\/chalkbag\/\">Chalkbag<\/a> befestigen.<\/p>\n<p>Der G\u00fcrtel f\u00fcr Magnesiumbeutel ist 120cm lang. Somit passt er sowohl kleinen als auch gro\u00dfen Personen. Das \u00fcberstehende Gurt Band kann mit einem elastischen Ring beim Zur\u00fcckf\u00e4deln gut fixiert werden. Also eine rundum durchdachte Sache!<\/p>\n<h2>Eigenschaften Clippy Evo Chalkbag G\u00fcrtel<\/h2>\n<ul>\n<li>Hersteller: <a href=\"https:\/\/bolting.eu\/produkt-kategorie\/climbing-technology\/\">Climbing Technology<\/a><\/li>\n<li>L\u00e4nge: 120cm<\/li>\n<li>Material: Polyamid<\/li>\n<li>Steckschnalle aus Kunststoff<\/li>\n<li>Breite 15mm<\/li>\n<li>Gewicht: 28 Gramm<\/li>\n<li>Farben: blau und gr\u00fcn<\/li>\n<\/ul>\n<h3>Clippy Evo Chalkbag G\u00fcrtel &#8211; gebogene Schnalle<\/h3>\n<p>Uns gef\u00e4llt bei diesem G\u00fcrtel, dass CT hier wieder einmal im Detail gut gearbeitet hat.<\/p>\n<p>Denn die kleine Steckschnalle wurde sch\u00f6n rund produziert. Somit schmiegt sie sich dem Bauch perfekt an. Folglich st\u00f6rt die Schnalle auch nicht, wenn sie einmal auf der blo\u00dfen Haut liegt. Wie beispielsweise im Sommer&#8230;<\/p>\n<h3>Praxis Tipp<\/h3>\n<p>Der Clippy Evo Chalkbag G\u00fcrtel wird kleinen Personen viel zu lang sein. Ihr k\u00f6nnt ihn aber zum einen mit dem kleinen Fixierring gut zur\u00fcck f\u00e4deln. Und zum anderen auch problemlos k\u00fcrzen wenn euch das lange Restst\u00fcck st\u00f6rt<\/p>\n<p>Hierf\u00fcr unser Praxis Tipp:<\/p>\n<p>1.) heizt ein Cutter Messer mit einem Feuerzeug auf<br \/>\n2.) schmelzt das Gurtband schr\u00e4g durch<br \/>\n3.) versengt ggf. abstehende Fasern mit dem Feuerzeug<\/p>\n<p>Somit m\u00fcsst ihr nicht immer ein gro\u00dfes St\u00fcck Gurtband beim Zur\u00fcckf\u00e4deln einsortieren!<\/p>\n<h3>Universell einsetzbar<\/h3>\n<p>Der Clippy Evo Chalkbag G\u00fcrtel macht auch an der Kletterhose oder einer Jeans eine gute Figur. Das macht dieses produkt zu einem guten Begleiter bei allen Klettertrips bei denen Gewicht oberste Priorit\u00e4t hat.<\/p>\n<p>Ebenso ist dieser G\u00fcrtel handy, wenn es gilt eine Unterlagsmatte zu verstauen. Zudem kann man damit auch Sachen an Rucks\u00e4cken fixieren. Kurzum. Dieser G\u00fcrtel ist wirklich universell einsetzbar!<\/p>\n<h4><strong>Link Tipp<\/strong><\/h4>\n<p>Hier geht es zum <a href=\"https:\/\/www.climbingtechnology.com\" target=\"_blank\" rel=\"noopener\">Hersteller<\/a>!<\/p>\n","protected":false},"excerpt":{"rendered":"<ul>\n<li>Hersteller: Climbing Technology<\/li>\n<li>L\u00e4nge: 120cm<\/li>\n<li>Material: Polyamid<\/li>\n<li>Steckschnalle aus Kunststoff<\/li>\n<li>Breite 15mm<\/li>\n<li>Gewicht: 28 Gramm<\/li>\n<li>Farben: blau und gr\u00fcn<\/li>\n<li>ideal auch als Hoseng\u00fcrtel!<\/li>\n<\/ul>\n","protected":false},"featured_media":7202,"comment_status":"open","ping_status":"closed","template":"","meta":[],"product_brand":[],"product_cat":[14917,5006,13975,15030],"product_tag":[],"class_list":{"0":"post-7200","1":"product","2":"type-product","3":"status-publish","4":"has-post-thumbnail","6":"product_cat-climbing-technology-en","7":"product_cat-chalkbag","8":"product_cat-chalkbag-befestigen","9":"product_cat-climbing-equipment","11":"first","12":"instock","13":"taxable","14":"shipping-taxable","15":"purchasable","16":"product-type-variable"},"yoast_head":"<!-- This site is optimized with the Yoast SEO Premium plugin v26.9 (Yoast SEO v26.9) - https:\/\/yoast.com\/product\/yoast-seo-premium-wordpress\/ -->\n<title>Clippy Evo Chalkbag G\u00fcrtel - 120cm online kaufen | bolting.eu<\/title>\n<meta name=\"description\" content=\"Hier findest Du den CLIPPY EVO CHALKBAG G\u00dcRTEL von Climbing Technology. Ein 120cm G\u00fcrtel mit 15mm Gurtband und gebogener Schnalle!\" \/>\n<meta name=\"robots\" content=\"index, follow, max-snippet:-1, max-image-preview:large, max-video-preview:-1\" \/>\n<link rel=\"canonical\" href=\"https:\/\/bolting.eu\/en\/shop\/clippy-evo-chalkbag-guertel\/\" \/>\n<meta property=\"og:locale\" content=\"en_US\" \/>\n<meta property=\"og:type\" content=\"article\" \/>\n<meta property=\"og:title\" content=\"Clippy Evo Chalkbag G\u00fcrtel\" \/>\n<meta property=\"og:description\" content=\"Hier findest Du den CLIPPY EVO CHALKBAG G\u00dcRTEL von Climbing Technology. Ein 120cm G\u00fcrtel mit 15mm Gurtband und gebogener Schnalle!\" \/>\n<meta property=\"og:url\" content=\"https:\/\/bolting.eu\/en\/shop\/clippy-evo-chalkbag-guertel\/\" \/>\n<meta property=\"og:site_name\" content=\"bolting.eu\" \/>\n<meta property=\"article:publisher\" content=\"https:\/\/www.facebook.com\/bolting.eu\" \/>\n<meta property=\"article:modified_time\" content=\"2025-03-07T14:49:59+00:00\" \/>\n<meta property=\"og:image\" content=\"https:\/\/bolting.eu\/wp-content\/uploads\/2020\/12\/Clippy-Evo-Chalkbag-Guertel-1.jpg\" \/>\n\t<meta property=\"og:image:width\" content=\"700\" \/>\n\t<meta property=\"og:image:height\" content=\"700\" \/>\n\t<meta property=\"og:image:type\" content=\"image\/jpeg\" \/>\n<meta name=\"twitter:card\" content=\"summary_large_image\" \/>\n<meta name=\"twitter:label1\" content=\"Availability\" \/>\n\t<meta name=\"twitter:data1\" content=\"In stock\" \/>\n<script type=\"application\/ld+json\" class=\"yoast-schema-graph\">{\"@context\":\"https:\/\/schema.org\",\"@graph\":[{\"@type\":[\"WebPage\",\"ItemPage\"],\"@id\":\"https:\/\/bolting.eu\/en\/shop\/clippy-evo-chalkbag-guertel\/\",\"url\":\"https:\/\/bolting.eu\/en\/shop\/clippy-evo-chalkbag-guertel\/\",\"name\":\"Clippy Evo Chalkbag G\u00fcrtel - 120cm online kaufen | bolting.eu\",\"isPartOf\":{\"@id\":\"https:\/\/bolting.eu\/en\/#website\"},\"primaryImageOfPage\":{\"@id\":\"https:\/\/bolting.eu\/en\/shop\/clippy-evo-chalkbag-guertel\/#primaryimage\"},\"image\":{\"@id\":\"https:\/\/bolting.eu\/en\/shop\/clippy-evo-chalkbag-guertel\/#primaryimage\"},\"thumbnailUrl\":\"https:\/\/bolting.eu\/wp-content\/uploads\/2020\/12\/Clippy-Evo-Chalkbag-Guertel-1.jpg\",\"datePublished\":\"2020-12-30T10:16:23+00:00\",\"dateModified\":\"2025-03-07T14:49:59+00:00\",\"description\":\"Hier findest Du den CLIPPY EVO CHALKBAG G\u00dcRTEL von Climbing Technology. Ein 120cm G\u00fcrtel mit 15mm Gurtband und gebogener Schnalle!\",\"breadcrumb\":{\"@id\":\"https:\/\/bolting.eu\/en\/shop\/clippy-evo-chalkbag-guertel\/#breadcrumb\"},\"inLanguage\":\"en-US\",\"potentialAction\":[{\"@type\":\"ReadAction\",\"target\":[\"https:\/\/bolting.eu\/en\/shop\/clippy-evo-chalkbag-guertel\/\"]}]},{\"@type\":\"ImageObject\",\"inLanguage\":\"en-US\",\"@id\":\"https:\/\/bolting.eu\/en\/shop\/clippy-evo-chalkbag-guertel\/#primaryimage\",\"url\":\"https:\/\/bolting.eu\/wp-content\/uploads\/2020\/12\/Clippy-Evo-Chalkbag-Guertel-1.jpg\",\"contentUrl\":\"https:\/\/bolting.eu\/wp-content\/uploads\/2020\/12\/Clippy-Evo-Chalkbag-Guertel-1.jpg\",\"width\":700,\"height\":700,\"caption\":\"Das Bild zeigt den Clippy Evo Chalkbag G\u00fcrtel in gr\u00fcn. Er ist eingerollt in der Mitte eines wei\u00dfen Quadrates zu sehen, mit der schwarzen Steckschnalle links.\"},{\"@type\":\"BreadcrumbList\",\"@id\":\"https:\/\/bolting.eu\/en\/shop\/clippy-evo-chalkbag-guertel\/#breadcrumb\",\"itemListElement\":[{\"@type\":\"ListItem\",\"position\":1,\"name\":\"Shop\",\"item\":\"https:\/\/bolting.eu\/en\/shop\/\"},{\"@type\":\"ListItem\",\"position\":2,\"name\":\"Climbing Technology\",\"item\":\"https:\/\/bolting.eu\/en\/produkt-kategorie\/climbing-technology-en\/\"},{\"@type\":\"ListItem\",\"position\":3,\"name\":\"Clippy Evo Chalkbag G\u00fcrtel\"}]},{\"@type\":\"WebSite\",\"@id\":\"https:\/\/bolting.eu\/en\/#website\",\"url\":\"https:\/\/bolting.eu\/en\/\",\"name\":\"bolting.eu\",\"description\":\"we make climbs happen\",\"publisher\":{\"@id\":\"https:\/\/bolting.eu\/en\/#organization\"},\"potentialAction\":[{\"@type\":\"SearchAction\",\"target\":{\"@type\":\"EntryPoint\",\"urlTemplate\":\"https:\/\/bolting.eu\/en\/?s={search_term_string}\"},\"query-input\":{\"@type\":\"PropertyValueSpecification\",\"valueRequired\":true,\"valueName\":\"search_term_string\"}}],\"inLanguage\":\"en-US\"},{\"@type\":[\"Organization\",\"Place\",\"SportingGoodsStore\"],\"@id\":\"https:\/\/bolting.eu\/en\/#organization\",\"name\":\"bolting.eu\",\"url\":\"https:\/\/bolting.eu\/en\/\",\"logo\":{\"@id\":\"https:\/\/bolting.eu\/en\/shop\/clippy-evo-chalkbag-guertel\/#local-main-organization-logo\"},\"image\":{\"@id\":\"https:\/\/bolting.eu\/en\/shop\/clippy-evo-chalkbag-guertel\/#local-main-organization-logo\"},\"sameAs\":[\"https:\/\/www.facebook.com\/bolting.eu\",\"https:\/\/www.instagram.com\/bolting.eu\/\"],\"address\":{\"@id\":\"https:\/\/bolting.eu\/en\/shop\/clippy-evo-chalkbag-guertel\/#local-main-place-address\"},\"geo\":{\"@type\":\"GeoCoordinates\",\"latitude\":\"47.264176340396226\",\"longitude\":\"11.380109057672346\"},\"telephone\":[\"+43 699 19083372\"],\"openingHoursSpecification\":[{\"@type\":\"OpeningHoursSpecification\",\"dayOfWeek\":[\"Monday\",\"Wednesday\",\"Friday\"],\"opens\":\"14:00\",\"closes\":\"18:00\"},{\"@type\":\"OpeningHoursSpecification\",\"dayOfWeek\":[\"Tuesday\",\"Thursday\",\"Saturday\",\"Sunday\"],\"opens\":\"00:00\",\"closes\":\"00:00\"}],\"email\":\"office@bolting.eu\",\"vatID\":\"ATU59999728\",\"priceRange\":\"$$\",\"currenciesAccepted\":\"Euro\"},{\"@type\":\"PostalAddress\",\"@id\":\"https:\/\/bolting.eu\/en\/shop\/clippy-evo-chalkbag-guertel\/#local-main-place-address\",\"streetAddress\":\"Fischnalerstra\u00dfe 4\",\"addressLocality\":\"Innsbruck\",\"postalCode\":\"6020\",\"addressRegion\":\"Tirol\",\"addressCountry\":\"AT\"},{\"@type\":\"ImageObject\",\"inLanguage\":\"en-US\",\"@id\":\"https:\/\/bolting.eu\/en\/shop\/clippy-evo-chalkbag-guertel\/#local-main-organization-logo\",\"url\":\"https:\/\/bolting.eu\/wp-content\/uploads\/2019\/09\/bolting-logo.png\",\"contentUrl\":\"https:\/\/bolting.eu\/wp-content\/uploads\/2019\/09\/bolting-logo.png\",\"width\":400,\"height\":211,\"caption\":\"bolting.eu\"}]}<\/script>\n<meta property=\"og:availability\" content=\"instock\" \/>\n<meta property=\"product:availability\" content=\"instock\" \/>\n<meta property=\"product:condition\" content=\"new\" \/>\n<meta name=\"geo.placename\" content=\"Innsbruck\" \/>\n<meta name=\"geo.position\" content=\"47.264176340396226;11.380109057672346\" \/>\n<meta name=\"geo.region\" content=\"Austria\" \/>\n<!-- \/ Yoast SEO Premium plugin. -->","yoast_head_json":{"title":"Clippy Evo Chalkbag G\u00fcrtel - 120cm online kaufen | bolting.eu","description":"Hier findest Du den CLIPPY EVO CHALKBAG G\u00dcRTEL von Climbing Technology. Ein 120cm G\u00fcrtel mit 15mm Gurtband und gebogener Schnalle!","robots":{"index":"index","follow":"follow","max-snippet":"max-snippet:-1","max-image-preview":"max-image-preview:large","max-video-preview":"max-video-preview:-1"},"canonical":"https:\/\/bolting.eu\/en\/shop\/clippy-evo-chalkbag-guertel\/","og_locale":"en_US","og_type":"article","og_title":"Clippy Evo Chalkbag G\u00fcrtel","og_description":"Hier findest Du den CLIPPY EVO CHALKBAG G\u00dcRTEL von Climbing Technology. Ein 120cm G\u00fcrtel mit 15mm Gurtband und gebogener Schnalle!","og_url":"https:\/\/bolting.eu\/en\/shop\/clippy-evo-chalkbag-guertel\/","og_site_name":"bolting.eu","article_publisher":"https:\/\/www.facebook.com\/bolting.eu","article_modified_time":"2025-03-07T14:49:59+00:00","og_image":[{"width":700,"height":700,"url":"https:\/\/bolting.eu\/wp-content\/uploads\/2020\/12\/Clippy-Evo-Chalkbag-Guertel-1.jpg","type":"image\/jpeg"}],"twitter_card":"summary_large_image","twitter_misc":{"Availability":"In stock"},"schema":{"@context":"https:\/\/schema.org","@graph":[{"@type":["WebPage","ItemPage"],"@id":"https:\/\/bolting.eu\/en\/shop\/clippy-evo-chalkbag-guertel\/","url":"https:\/\/bolting.eu\/en\/shop\/clippy-evo-chalkbag-guertel\/","name":"Clippy Evo Chalkbag G\u00fcrtel - 120cm online kaufen | bolting.eu","isPartOf":{"@id":"https:\/\/bolting.eu\/en\/#website"},"primaryImageOfPage":{"@id":"https:\/\/bolting.eu\/en\/shop\/clippy-evo-chalkbag-guertel\/#primaryimage"},"image":{"@id":"https:\/\/bolting.eu\/en\/shop\/clippy-evo-chalkbag-guertel\/#primaryimage"},"thumbnailUrl":"https:\/\/bolting.eu\/wp-content\/uploads\/2020\/12\/Clippy-Evo-Chalkbag-Guertel-1.jpg","datePublished":"2020-12-30T10:16:23+00:00","dateModified":"2025-03-07T14:49:59+00:00","description":"Hier findest Du den CLIPPY EVO CHALKBAG G\u00dcRTEL von Climbing Technology. Ein 120cm G\u00fcrtel mit 15mm Gurtband und gebogener Schnalle!","breadcrumb":{"@id":"https:\/\/bolting.eu\/en\/shop\/clippy-evo-chalkbag-guertel\/#breadcrumb"},"inLanguage":"en-US","potentialAction":[{"@type":"ReadAction","target":["https:\/\/bolting.eu\/en\/shop\/clippy-evo-chalkbag-guertel\/"]}]},{"@type":"ImageObject","inLanguage":"en-US","@id":"https:\/\/bolting.eu\/en\/shop\/clippy-evo-chalkbag-guertel\/#primaryimage","url":"https:\/\/bolting.eu\/wp-content\/uploads\/2020\/12\/Clippy-Evo-Chalkbag-Guertel-1.jpg","contentUrl":"https:\/\/bolting.eu\/wp-content\/uploads\/2020\/12\/Clippy-Evo-Chalkbag-Guertel-1.jpg","width":700,"height":700,"caption":"Das Bild zeigt den Clippy Evo Chalkbag G\u00fcrtel in gr\u00fcn. Er ist eingerollt in der Mitte eines wei\u00dfen Quadrates zu sehen, mit der schwarzen Steckschnalle links."},{"@type":"BreadcrumbList","@id":"https:\/\/bolting.eu\/en\/shop\/clippy-evo-chalkbag-guertel\/#breadcrumb","itemListElement":[{"@type":"ListItem","position":1,"name":"Shop","item":"https:\/\/bolting.eu\/en\/shop\/"},{"@type":"ListItem","position":2,"name":"Climbing Technology","item":"https:\/\/bolting.eu\/en\/produkt-kategorie\/climbing-technology-en\/"},{"@type":"ListItem","position":3,"name":"Clippy Evo Chalkbag G\u00fcrtel"}]},{"@type":"WebSite","@id":"https:\/\/bolting.eu\/en\/#website","url":"https:\/\/bolting.eu\/en\/","name":"bolting.eu","description":"we make climbs happen","publisher":{"@id":"https:\/\/bolting.eu\/en\/#organization"},"potentialAction":[{"@type":"SearchAction","target":{"@type":"EntryPoint","urlTemplate":"https:\/\/bolting.eu\/en\/?s={search_term_string}"},"query-input":{"@type":"PropertyValueSpecification","valueRequired":true,"valueName":"search_term_string"}}],"inLanguage":"en-US"},{"@type":["Organization","Place","SportingGoodsStore"],"@id":"https:\/\/bolting.eu\/en\/#organization","name":"bolting.eu","url":"https:\/\/bolting.eu\/en\/","logo":{"@id":"https:\/\/bolting.eu\/en\/shop\/clippy-evo-chalkbag-guertel\/#local-main-organization-logo"},"image":{"@id":"https:\/\/bolting.eu\/en\/shop\/clippy-evo-chalkbag-guertel\/#local-main-organization-logo"},"sameAs":["https:\/\/www.facebook.com\/bolting.eu","https:\/\/www.instagram.com\/bolting.eu\/"],"address":{"@id":"https:\/\/bolting.eu\/en\/shop\/clippy-evo-chalkbag-guertel\/#local-main-place-address"},"geo":{"@type":"GeoCoordinates","latitude":"47.264176340396226","longitude":"11.380109057672346"},"telephone":["+43 699 19083372"],"openingHoursSpecification":[{"@type":"OpeningHoursSpecification","dayOfWeek":["Monday","Wednesday","Friday"],"opens":"14:00","closes":"18:00"},{"@type":"OpeningHoursSpecification","dayOfWeek":["Tuesday","Thursday","Saturday","Sunday"],"opens":"00:00","closes":"00:00"}],"email":"office@bolting.eu","vatID":"ATU59999728","priceRange":"$$","currenciesAccepted":"Euro"},{"@type":"PostalAddress","@id":"https:\/\/bolting.eu\/en\/shop\/clippy-evo-chalkbag-guertel\/#local-main-place-address","streetAddress":"Fischnalerstra\u00dfe 4","addressLocality":"Innsbruck","postalCode":"6020","addressRegion":"Tirol","addressCountry":"AT"},{"@type":"ImageObject","inLanguage":"en-US","@id":"https:\/\/bolting.eu\/en\/shop\/clippy-evo-chalkbag-guertel\/#local-main-organization-logo","url":"https:\/\/bolting.eu\/wp-content\/uploads\/2019\/09\/bolting-logo.png","contentUrl":"https:\/\/bolting.eu\/wp-content\/uploads\/2019\/09\/bolting-logo.png","width":400,"height":211,"caption":"bolting.eu"}]},"og_availability":"instock","product_availability":"instock","product_condition":"new","geo.placename":"Innsbruck","geo.position":{"lat":"47.264176340396226","long":"11.380109057672346"},"geo.region":"Austria"},"_links":{"self":[{"href":"https:\/\/bolting.eu\/en\/wp-json\/wp\/v2\/product\/7200","targetHints":{"allow":["GET"]}}],"collection":[{"href":"https:\/\/bolting.eu\/en\/wp-json\/wp\/v2\/product"}],"about":[{"href":"https:\/\/bolting.eu\/en\/wp-json\/wp\/v2\/types\/product"}],"replies":[{"embeddable":true,"href":"https:\/\/bolting.eu\/en\/wp-json\/wp\/v2\/comments?post=7200"}],"wp:featuredmedia":[{"embeddable":true,"href":"https:\/\/bolting.eu\/en\/wp-json\/wp\/v2\/media\/7202"}],"wp:attachment":[{"href":"https:\/\/bolting.eu\/en\/wp-json\/wp\/v2\/media?parent=7200"}],"wp:term":[{"taxonomy":"product_brand","embeddable":true,"href":"https:\/\/bolting.eu\/en\/wp-json\/wp\/v2\/product_brand?post=7200"},{"taxonomy":"product_cat","embeddable":true,"href":"https:\/\/bolting.eu\/en\/wp-json\/wp\/v2\/product_cat?post=7200"},{"taxonomy":"product_tag","embeddable":true,"href":"https:\/\/bolting.eu\/en\/wp-json\/wp\/v2\/product_tag?post=7200"}],"curies":[{"name":"wp","href":"https:\/\/api.w.org\/{rel}","templated":true}]}}