{"id":7190,"date":"2020-12-29T23:15:22","date_gmt":"2020-12-29T22:15:22","guid":{"rendered":"https:\/\/bolting.eu\/?post_type=product&#038;p=7190"},"modified":"2025-07-07T23:48:17","modified_gmt":"2025-07-07T21:48:17","slug":"climbing-technology-belt","status":"publish","type":"product","link":"https:\/\/bolting.eu\/en\/shop\/climbing-technology-belt\/","title":{"rendered":"Climbing Technology Belt"},"content":{"rendered":"<p>Der Climbing Technology Belt ist ein breiter und starker <a href=\"https:\/\/bolting.eu\/produkt-kategorie\/kletterausruestung\/chalkbag\/\">Chalkbag<\/a> G\u00fcrtel. Er ist zwei Zentimeter breit und besitzt eine unzerbrechliche Alu Schnalle. Folglich kann er gerne auch an einer Hose getragen werden. Denn dieser G\u00fcrtel sieht auch sehr gut aus!<\/p>\n<p>Dieser Chalkbag G\u00fcrtel hat eine Uni-Gr\u00f6\u00dfe und ist 120cm lang. Zudem besitzt er eine eloxierte Alu Schnalle die sehr leicht zu bedienen ist. Ein elastischer Gummiring sorgt f\u00fcr die Fixierung des \u00fcberstehenden Gurtbandes beim Zur\u00fcckf\u00e4deln.<\/p>\n<h2>Eigenschaften Climbing Technology Belt<\/h2>\n<ul>\n<li>Hersteller: <a href=\"https:\/\/bolting.eu\/produkt-kategorie\/climbing-technology\/\">Climbing Technology<\/a><\/li>\n<li>L\u00e4nge: 120cm<\/li>\n<li>Breite: 20mm<\/li>\n<li>Material: Polyamid bzw. Alu<\/li>\n<li>Farben: anthrazit bzw. hellblau<\/li>\n<\/ul>\n<h3>Angenehm auch auf der Haut<\/h3>\n<p>Der Climbing Technology Belt hat ein angenehm weiches Polyamid Gewebe. Somit ist er auch auf der blo\u00dfen Haut angenehm zu tragen. Nichts reibt oder kratzt hier. Da haben die italienischen Produzenten wie so oft ordentlich mit gedacht!<\/p>\n<h3>Climbing Technology Belt &#8211; f\u00fcr gr\u00f6\u00dfere Chalkbags<\/h3>\n<p>Bevor ihr diesesn Chalkbag G\u00fcrtel kauft kl\u00e4rt bitte ab. Wie gro\u00df ist die Aufh\u00e4ngung bei eurem Bag? Sie sollte mind. 20mm breit sein, exakt so gro\u00df wie der G\u00fcrtel. Denn dann passt er perfekt durch und muss nicht geknickt werden!<\/p>\n<h3>Unzerbrechliche Schnalle<\/h3>\n<p>Der Climbing Technology Belt hat eine eloxierte Schnalle aus Alu. D.h. sie ist zum einen unzerbrechlich. Denn entgegen Kunststoff Schnallen kann diese nicht kaputt gehen. Und zum anderen sieht so sehr edel aus. Deshalb l\u00e4sst sie sich auch prima zu einer Jeans bzw. Kletterhose tragen.<\/p>\n<h3>Climbing Technology Belt &#8211; Praxis Tipp<\/h3>\n<p>Wer sehr schmal ist, wird den 120cm langen G\u00fcrtel wohl k\u00fcrzen wollen. Hierzu unser Praxis Tipp.<\/p>\n<p>1.) ein Cutter Messer mit Feuerzeug ganz hei\u00df machen<\/p>\n<p>2.) G\u00fcrtel an gew\u00fcnschter Stelle schr\u00e4g durchschmelzen<\/p>\n<p>3.) Enden nochmals leicht ansengen<\/p>\n<p>So bekommt ihr einen k\u00fcrzeren G\u00fcrtel, dessen Ende sich leicht durch die Schnalle f\u00e4deln l\u00e4sst.<\/p>\n<h4><strong>Link Tipp<\/strong><\/h4>\n<p>Hier geht es zum <a href=\"https:\/\/www.climbingtechnology.com\/\" target=\"_blank\" rel=\"noopener\">Hersteller<\/a>.<\/p>\n<p>&nbsp;<\/p>\n","protected":false},"excerpt":{"rendered":"<p>120cm langer und 2cm breiter G\u00fcrtel mit Schnalle. Ideal f\u00fcr Chalkbags, Kletterhose, usw&#8230;<\/p>\n<p>Erh\u00e4ltlich in den Farben anthrazit bzw. hellblau.<\/p>\n<p>Versandkostenfrei bis 2kg in <img decoding=\"async\" class=\"emoji\" role=\"img\" draggable=\"false\" src=\"https:\/\/s.w.org\/images\/core\/emoji\/14.0.0\/svg\/1f1e6-1f1f9.svg\" alt=\"\ud83c\udde6\ud83c\uddf9\" \/> ab \u20ac 100,- und <img decoding=\"async\" class=\"emoji\" role=\"img\" draggable=\"false\" src=\"https:\/\/s.w.org\/images\/core\/emoji\/14.0.0\/svg\/1f1e9-1f1ea.svg\" alt=\"\ud83c\udde9\ud83c\uddea\" \/> ab \u20ac 200,- \u2705 Trusted Shop zertifiziert<\/p>\n","protected":false},"featured_media":7192,"comment_status":"open","ping_status":"closed","template":"","meta":[],"product_brand":[],"product_cat":[5006,13975,4662,29,5061],"product_tag":[],"class_list":{"0":"post-7190","1":"product","2":"type-product","3":"status-publish","4":"has-post-thumbnail","6":"product_cat-chalkbag","7":"product_cat-chalkbag-befestigen","8":"product_cat-climbing-technology","9":"product_cat-kletterausruestung","10":"product_cat-kletterzubehoer","12":"first","13":"instock","14":"taxable","15":"shipping-taxable","16":"purchasable","17":"product-type-variable"},"yoast_head":"<!-- This site is optimized with the Yoast SEO Premium plugin v26.9 (Yoast SEO v26.9) - https:\/\/yoast.com\/product\/yoast-seo-premium-wordpress\/ -->\n<title>Climbing Technology Belt - 120cm mit Alu Schnalle | bolting.eu<\/title>\n<meta name=\"description\" content=\"CLIMBING TECHNOLOGY BELT beim Kletterprofi kaufen \u2705 Trusted Shop \u2705 kostenloser Versand* \u2705 14 Tage R\u00fcckgaberecht \u2705 Co2 neutraler Versand\" \/>\n<meta name=\"robots\" content=\"index, follow, max-snippet:-1, max-image-preview:large, max-video-preview:-1\" \/>\n<link rel=\"canonical\" href=\"https:\/\/bolting.eu\/en\/shop\/climbing-technology-belt\/\" \/>\n<meta property=\"og:locale\" content=\"en_US\" \/>\n<meta property=\"og:type\" content=\"article\" \/>\n<meta property=\"og:title\" content=\"Climbing Technology Belt\" \/>\n<meta property=\"og:description\" content=\"CLIMBING TECHNOLOGY BELT beim Kletterprofi kaufen \u2705 Trusted Shop \u2705 kostenloser Versand* \u2705 14 Tage R\u00fcckgaberecht \u2705 Co2 neutraler Versand\" \/>\n<meta property=\"og:url\" content=\"https:\/\/bolting.eu\/en\/shop\/climbing-technology-belt\/\" \/>\n<meta property=\"og:site_name\" content=\"bolting.eu\" \/>\n<meta property=\"article:publisher\" content=\"https:\/\/www.facebook.com\/bolting.eu\" \/>\n<meta property=\"article:modified_time\" content=\"2025-07-07T21:48:17+00:00\" \/>\n<meta property=\"og:image\" content=\"https:\/\/bolting.eu\/wp-content\/uploads\/2020\/12\/Climbing-Technology-Belt-2.jpg\" \/>\n\t<meta property=\"og:image:width\" content=\"700\" \/>\n\t<meta property=\"og:image:height\" content=\"700\" \/>\n\t<meta property=\"og:image:type\" content=\"image\/jpeg\" \/>\n<meta name=\"twitter:card\" content=\"summary_large_image\" \/>\n<meta name=\"twitter:label1\" content=\"Availability\" \/>\n\t<meta name=\"twitter:data1\" content=\"In stock\" \/>\n<script type=\"application\/ld+json\" class=\"yoast-schema-graph\">{\"@context\":\"https:\/\/schema.org\",\"@graph\":[{\"@type\":[\"WebPage\",\"ItemPage\"],\"@id\":\"https:\/\/bolting.eu\/en\/shop\/climbing-technology-belt\/\",\"url\":\"https:\/\/bolting.eu\/en\/shop\/climbing-technology-belt\/\",\"name\":\"Climbing Technology Belt - 120cm mit Alu Schnalle | bolting.eu\",\"isPartOf\":{\"@id\":\"https:\/\/bolting.eu\/en\/#website\"},\"primaryImageOfPage\":{\"@id\":\"https:\/\/bolting.eu\/en\/shop\/climbing-technology-belt\/#primaryimage\"},\"image\":{\"@id\":\"https:\/\/bolting.eu\/en\/shop\/climbing-technology-belt\/#primaryimage\"},\"thumbnailUrl\":\"https:\/\/bolting.eu\/wp-content\/uploads\/2020\/12\/Climbing-Technology-Belt-2.jpg\",\"datePublished\":\"2020-12-29T22:15:22+00:00\",\"dateModified\":\"2025-07-07T21:48:17+00:00\",\"description\":\"CLIMBING TECHNOLOGY BELT beim Kletterprofi kaufen \u2705 Trusted Shop \u2705 kostenloser Versand* \u2705 14 Tage R\u00fcckgaberecht \u2705 Co2 neutraler Versand\",\"breadcrumb\":{\"@id\":\"https:\/\/bolting.eu\/en\/shop\/climbing-technology-belt\/#breadcrumb\"},\"inLanguage\":\"en-US\",\"potentialAction\":[{\"@type\":\"ReadAction\",\"target\":[\"https:\/\/bolting.eu\/en\/shop\/climbing-technology-belt\/\"]}]},{\"@type\":\"ImageObject\",\"inLanguage\":\"en-US\",\"@id\":\"https:\/\/bolting.eu\/en\/shop\/climbing-technology-belt\/#primaryimage\",\"url\":\"https:\/\/bolting.eu\/wp-content\/uploads\/2020\/12\/Climbing-Technology-Belt-2.jpg\",\"contentUrl\":\"https:\/\/bolting.eu\/wp-content\/uploads\/2020\/12\/Climbing-Technology-Belt-2.jpg\",\"width\":700,\"height\":700,\"caption\":\"Das Bild zeigt den blauen Climbing Technology Belt auf einem wei\u00dfem Quadrat. Der Chalkbag G\u00fcrtel ist eingerollt mit der Schnalle rechts.\"},{\"@type\":\"BreadcrumbList\",\"@id\":\"https:\/\/bolting.eu\/en\/shop\/climbing-technology-belt\/#breadcrumb\",\"itemListElement\":[{\"@type\":\"ListItem\",\"position\":1,\"name\":\"Shop\",\"item\":\"https:\/\/bolting.eu\/en\/shop\/\"},{\"@type\":\"ListItem\",\"position\":2,\"name\":\"climbing equipment\",\"item\":\"https:\/\/bolting.eu\/en\/produkt-kategorie\/climbing-equipment\/\"},{\"@type\":\"ListItem\",\"position\":3,\"name\":\"Chalkbag\",\"item\":\"https:\/\/bolting.eu\/produkt-kategorie\/kletterausruestung\/chalkbag\/\"},{\"@type\":\"ListItem\",\"position\":4,\"name\":\"Chalkbag befestigen\",\"item\":\"https:\/\/bolting.eu\/produkt-kategorie\/kletterausruestung\/chalkbag\/chalkbag-befestigen\/\"},{\"@type\":\"ListItem\",\"position\":5,\"name\":\"Climbing Technology Belt\"}]},{\"@type\":\"WebSite\",\"@id\":\"https:\/\/bolting.eu\/en\/#website\",\"url\":\"https:\/\/bolting.eu\/en\/\",\"name\":\"bolting.eu\",\"description\":\"we make climbs happen\",\"publisher\":{\"@id\":\"https:\/\/bolting.eu\/en\/#organization\"},\"potentialAction\":[{\"@type\":\"SearchAction\",\"target\":{\"@type\":\"EntryPoint\",\"urlTemplate\":\"https:\/\/bolting.eu\/en\/?s={search_term_string}\"},\"query-input\":{\"@type\":\"PropertyValueSpecification\",\"valueRequired\":true,\"valueName\":\"search_term_string\"}}],\"inLanguage\":\"en-US\"},{\"@type\":[\"Organization\",\"Place\",\"SportingGoodsStore\"],\"@id\":\"https:\/\/bolting.eu\/en\/#organization\",\"name\":\"bolting.eu\",\"url\":\"https:\/\/bolting.eu\/en\/\",\"logo\":{\"@id\":\"https:\/\/bolting.eu\/en\/shop\/climbing-technology-belt\/#local-main-organization-logo\"},\"image\":{\"@id\":\"https:\/\/bolting.eu\/en\/shop\/climbing-technology-belt\/#local-main-organization-logo\"},\"sameAs\":[\"https:\/\/www.facebook.com\/bolting.eu\",\"https:\/\/www.instagram.com\/bolting.eu\/\"],\"address\":{\"@id\":\"https:\/\/bolting.eu\/en\/shop\/climbing-technology-belt\/#local-main-place-address\"},\"geo\":{\"@type\":\"GeoCoordinates\",\"latitude\":\"47.264176340396226\",\"longitude\":\"11.380109057672346\"},\"telephone\":[\"+43 699 19083372\"],\"openingHoursSpecification\":[{\"@type\":\"OpeningHoursSpecification\",\"dayOfWeek\":[\"Monday\",\"Wednesday\",\"Friday\"],\"opens\":\"14:00\",\"closes\":\"18:00\"},{\"@type\":\"OpeningHoursSpecification\",\"dayOfWeek\":[\"Tuesday\",\"Thursday\",\"Saturday\",\"Sunday\"],\"opens\":\"00:00\",\"closes\":\"00:00\"}],\"email\":\"office@bolting.eu\",\"vatID\":\"ATU59999728\",\"priceRange\":\"$$\",\"currenciesAccepted\":\"Euro\"},{\"@type\":\"PostalAddress\",\"@id\":\"https:\/\/bolting.eu\/en\/shop\/climbing-technology-belt\/#local-main-place-address\",\"streetAddress\":\"Fischnalerstra\u00dfe 4\",\"addressLocality\":\"Innsbruck\",\"postalCode\":\"6020\",\"addressRegion\":\"Tirol\",\"addressCountry\":\"AT\"},{\"@type\":\"ImageObject\",\"inLanguage\":\"en-US\",\"@id\":\"https:\/\/bolting.eu\/en\/shop\/climbing-technology-belt\/#local-main-organization-logo\",\"url\":\"https:\/\/bolting.eu\/wp-content\/uploads\/2019\/09\/bolting-logo.png\",\"contentUrl\":\"https:\/\/bolting.eu\/wp-content\/uploads\/2019\/09\/bolting-logo.png\",\"width\":400,\"height\":211,\"caption\":\"bolting.eu\"}]}<\/script>\n<meta property=\"og:availability\" content=\"instock\" \/>\n<meta property=\"product:availability\" content=\"instock\" \/>\n<meta property=\"product:condition\" content=\"new\" \/>\n<meta name=\"geo.placename\" content=\"Innsbruck\" \/>\n<meta name=\"geo.position\" content=\"47.264176340396226;11.380109057672346\" \/>\n<meta name=\"geo.region\" content=\"Austria\" \/>\n<!-- \/ Yoast SEO Premium plugin. -->","yoast_head_json":{"title":"Climbing Technology Belt - 120cm mit Alu Schnalle | bolting.eu","description":"CLIMBING TECHNOLOGY BELT beim Kletterprofi kaufen \u2705 Trusted Shop \u2705 kostenloser Versand* \u2705 14 Tage R\u00fcckgaberecht \u2705 Co2 neutraler Versand","robots":{"index":"index","follow":"follow","max-snippet":"max-snippet:-1","max-image-preview":"max-image-preview:large","max-video-preview":"max-video-preview:-1"},"canonical":"https:\/\/bolting.eu\/en\/shop\/climbing-technology-belt\/","og_locale":"en_US","og_type":"article","og_title":"Climbing Technology Belt","og_description":"CLIMBING TECHNOLOGY BELT beim Kletterprofi kaufen \u2705 Trusted Shop \u2705 kostenloser Versand* \u2705 14 Tage R\u00fcckgaberecht \u2705 Co2 neutraler Versand","og_url":"https:\/\/bolting.eu\/en\/shop\/climbing-technology-belt\/","og_site_name":"bolting.eu","article_publisher":"https:\/\/www.facebook.com\/bolting.eu","article_modified_time":"2025-07-07T21:48:17+00:00","og_image":[{"width":700,"height":700,"url":"https:\/\/bolting.eu\/wp-content\/uploads\/2020\/12\/Climbing-Technology-Belt-2.jpg","type":"image\/jpeg"}],"twitter_card":"summary_large_image","twitter_misc":{"Availability":"In stock"},"schema":{"@context":"https:\/\/schema.org","@graph":[{"@type":["WebPage","ItemPage"],"@id":"https:\/\/bolting.eu\/en\/shop\/climbing-technology-belt\/","url":"https:\/\/bolting.eu\/en\/shop\/climbing-technology-belt\/","name":"Climbing Technology Belt - 120cm mit Alu Schnalle | bolting.eu","isPartOf":{"@id":"https:\/\/bolting.eu\/en\/#website"},"primaryImageOfPage":{"@id":"https:\/\/bolting.eu\/en\/shop\/climbing-technology-belt\/#primaryimage"},"image":{"@id":"https:\/\/bolting.eu\/en\/shop\/climbing-technology-belt\/#primaryimage"},"thumbnailUrl":"https:\/\/bolting.eu\/wp-content\/uploads\/2020\/12\/Climbing-Technology-Belt-2.jpg","datePublished":"2020-12-29T22:15:22+00:00","dateModified":"2025-07-07T21:48:17+00:00","description":"CLIMBING TECHNOLOGY BELT beim Kletterprofi kaufen \u2705 Trusted Shop \u2705 kostenloser Versand* \u2705 14 Tage R\u00fcckgaberecht \u2705 Co2 neutraler Versand","breadcrumb":{"@id":"https:\/\/bolting.eu\/en\/shop\/climbing-technology-belt\/#breadcrumb"},"inLanguage":"en-US","potentialAction":[{"@type":"ReadAction","target":["https:\/\/bolting.eu\/en\/shop\/climbing-technology-belt\/"]}]},{"@type":"ImageObject","inLanguage":"en-US","@id":"https:\/\/bolting.eu\/en\/shop\/climbing-technology-belt\/#primaryimage","url":"https:\/\/bolting.eu\/wp-content\/uploads\/2020\/12\/Climbing-Technology-Belt-2.jpg","contentUrl":"https:\/\/bolting.eu\/wp-content\/uploads\/2020\/12\/Climbing-Technology-Belt-2.jpg","width":700,"height":700,"caption":"Das Bild zeigt den blauen Climbing Technology Belt auf einem wei\u00dfem Quadrat. Der Chalkbag G\u00fcrtel ist eingerollt mit der Schnalle rechts."},{"@type":"BreadcrumbList","@id":"https:\/\/bolting.eu\/en\/shop\/climbing-technology-belt\/#breadcrumb","itemListElement":[{"@type":"ListItem","position":1,"name":"Shop","item":"https:\/\/bolting.eu\/en\/shop\/"},{"@type":"ListItem","position":2,"name":"climbing equipment","item":"https:\/\/bolting.eu\/en\/produkt-kategorie\/climbing-equipment\/"},{"@type":"ListItem","position":3,"name":"Chalkbag","item":"https:\/\/bolting.eu\/produkt-kategorie\/kletterausruestung\/chalkbag\/"},{"@type":"ListItem","position":4,"name":"Chalkbag befestigen","item":"https:\/\/bolting.eu\/produkt-kategorie\/kletterausruestung\/chalkbag\/chalkbag-befestigen\/"},{"@type":"ListItem","position":5,"name":"Climbing Technology Belt"}]},{"@type":"WebSite","@id":"https:\/\/bolting.eu\/en\/#website","url":"https:\/\/bolting.eu\/en\/","name":"bolting.eu","description":"we make climbs happen","publisher":{"@id":"https:\/\/bolting.eu\/en\/#organization"},"potentialAction":[{"@type":"SearchAction","target":{"@type":"EntryPoint","urlTemplate":"https:\/\/bolting.eu\/en\/?s={search_term_string}"},"query-input":{"@type":"PropertyValueSpecification","valueRequired":true,"valueName":"search_term_string"}}],"inLanguage":"en-US"},{"@type":["Organization","Place","SportingGoodsStore"],"@id":"https:\/\/bolting.eu\/en\/#organization","name":"bolting.eu","url":"https:\/\/bolting.eu\/en\/","logo":{"@id":"https:\/\/bolting.eu\/en\/shop\/climbing-technology-belt\/#local-main-organization-logo"},"image":{"@id":"https:\/\/bolting.eu\/en\/shop\/climbing-technology-belt\/#local-main-organization-logo"},"sameAs":["https:\/\/www.facebook.com\/bolting.eu","https:\/\/www.instagram.com\/bolting.eu\/"],"address":{"@id":"https:\/\/bolting.eu\/en\/shop\/climbing-technology-belt\/#local-main-place-address"},"geo":{"@type":"GeoCoordinates","latitude":"47.264176340396226","longitude":"11.380109057672346"},"telephone":["+43 699 19083372"],"openingHoursSpecification":[{"@type":"OpeningHoursSpecification","dayOfWeek":["Monday","Wednesday","Friday"],"opens":"14:00","closes":"18:00"},{"@type":"OpeningHoursSpecification","dayOfWeek":["Tuesday","Thursday","Saturday","Sunday"],"opens":"00:00","closes":"00:00"}],"email":"office@bolting.eu","vatID":"ATU59999728","priceRange":"$$","currenciesAccepted":"Euro"},{"@type":"PostalAddress","@id":"https:\/\/bolting.eu\/en\/shop\/climbing-technology-belt\/#local-main-place-address","streetAddress":"Fischnalerstra\u00dfe 4","addressLocality":"Innsbruck","postalCode":"6020","addressRegion":"Tirol","addressCountry":"AT"},{"@type":"ImageObject","inLanguage":"en-US","@id":"https:\/\/bolting.eu\/en\/shop\/climbing-technology-belt\/#local-main-organization-logo","url":"https:\/\/bolting.eu\/wp-content\/uploads\/2019\/09\/bolting-logo.png","contentUrl":"https:\/\/bolting.eu\/wp-content\/uploads\/2019\/09\/bolting-logo.png","width":400,"height":211,"caption":"bolting.eu"}]},"og_availability":"instock","product_availability":"instock","product_condition":"new","geo.placename":"Innsbruck","geo.position":{"lat":"47.264176340396226","long":"11.380109057672346"},"geo.region":"Austria"},"_links":{"self":[{"href":"https:\/\/bolting.eu\/en\/wp-json\/wp\/v2\/product\/7190","targetHints":{"allow":["GET"]}}],"collection":[{"href":"https:\/\/bolting.eu\/en\/wp-json\/wp\/v2\/product"}],"about":[{"href":"https:\/\/bolting.eu\/en\/wp-json\/wp\/v2\/types\/product"}],"replies":[{"embeddable":true,"href":"https:\/\/bolting.eu\/en\/wp-json\/wp\/v2\/comments?post=7190"}],"wp:featuredmedia":[{"embeddable":true,"href":"https:\/\/bolting.eu\/en\/wp-json\/wp\/v2\/media\/7192"}],"wp:attachment":[{"href":"https:\/\/bolting.eu\/en\/wp-json\/wp\/v2\/media?parent=7190"}],"wp:term":[{"taxonomy":"product_brand","embeddable":true,"href":"https:\/\/bolting.eu\/en\/wp-json\/wp\/v2\/product_brand?post=7190"},{"taxonomy":"product_cat","embeddable":true,"href":"https:\/\/bolting.eu\/en\/wp-json\/wp\/v2\/product_cat?post=7190"},{"taxonomy":"product_tag","embeddable":true,"href":"https:\/\/bolting.eu\/en\/wp-json\/wp\/v2\/product_tag?post=7190"}],"curies":[{"name":"wp","href":"https:\/\/api.w.org\/{rel}","templated":true}]}}