{"id":7185,"date":"2020-12-29T16:40:33","date_gmt":"2020-12-29T15:40:33","guid":{"rendered":"https:\/\/bolting.eu\/?post_type=product&#038;p=7185"},"modified":"2023-02-16T19:34:29","modified_gmt":"2023-02-16T18:34:29","slug":"climbers-hand-repair-balm","status":"publish","type":"product","link":"https:\/\/bolting.eu\/en\/shop\/climbers-hand-repair-balm\/","title":{"rendered":"Climbers Hand Repair Balm"},"content":{"rendered":"<p>Der Climbers Hand Repair Balm ist eine Kletter Handcreme von Metolius Climbing. Es wird in einer 28 Gramm Dose angeboten, die kein Ablaufdatum besitzt.<\/p>\n<p>Dieser Kletter Handbalsam ist besonders auf die Bed\u00fcrfnisse von Kletterern abgestimmt. D.h. rasche Hautbildung, entz\u00fcndungshemmend und heilend zugleich.<\/p>\n<p>Zudem sind die Bestandteile alle nat\u00fcrlich. Neben Bienenwachs sorgen Mandel \u00d6l, Aprikosen \u00d6l usw. f\u00fcr die w\u00fcnschenswerten Eigenschaften.<\/p>\n<p>Kurzum. Wer viel klettert und Bedarf an einem nat\u00fcrlichen Handbalsam hat, ist hier richtig!<\/p>\n<h2>Eigenschaften Climbers Hand Repair Balm<\/h2>\n<ul>\n<li>Hersteller: <a href=\"https:\/\/bolting.eu\/produkt-kategorie\/metolius\/\">Metolius<\/a><\/li>\n<li>Inhalt: 28 Gramm Kletterer Handbalsam<\/li>\n<li>Verpackung: Alu Dose<\/li>\n<li>Anwendung: nach dem Klettern auf gewaschene H\u00e4nde auftragen<\/li>\n<li>100% nat\u00fcrliche Inhaltsstoffe<\/li>\n<li>Bienenwachs, Mandel \u00d6l, Aprikosen \u00d6l, Cacoabutter, Mangobutter, Ringelblume, Kamille, Oliven\u00f6l, Aloe Vera, etc&#8230;<\/li>\n<\/ul>\n<h3>F\u00fcr richtigen Handbalsam &#8211; ausprobieren!<\/h3>\n<figure id=\"attachment_2868\" aria-describedby=\"caption-attachment-2868\" style=\"width: 300px\" class=\"wp-caption alignleft\"><a href=\"https:\/\/bolting.eu\/wp-content\/uploads\/2020\/03\/Klettern-Chalk-Haut-eingeweicht.jpg\"><img loading=\"lazy\" decoding=\"async\" class=\"wp-image-2868\" src=\"https:\/\/bolting.eu\/wp-content\/uploads\/2020\/03\/Klettern-Chalk-Haut-eingeweicht-600x400.jpg\" alt=\"Das Bild zeigt die eingeweichten, ganz wild verschrumpelten Fingerkuppen eines Kletterers nach einem langem BAd in einem Hot Spring.\" width=\"300\" height=\"200\" srcset=\"https:\/\/bolting.eu\/wp-content\/uploads\/2020\/03\/Klettern-Chalk-Haut-eingeweicht-600x400.jpg 600w, https:\/\/bolting.eu\/wp-content\/uploads\/2020\/03\/Klettern-Chalk-Haut-eingeweicht-510x340.jpg 510w, https:\/\/bolting.eu\/wp-content\/uploads\/2020\/03\/Klettern-Chalk-Haut-eingeweicht-768x512.jpg 768w, https:\/\/bolting.eu\/wp-content\/uploads\/2020\/03\/Klettern-Chalk-Haut-eingeweicht.jpg 800w\" sizes=\"auto, (max-width: 300px) 100vw, 300px\" \/><\/a><figcaption id=\"caption-attachment-2868\" class=\"wp-caption-text\">Diese Finger vertragen eine gute Portion Hand Balsam!<\/figcaption><\/figure>\n<p>Der Climbers Hand Repair Balm von Metolius kann bei dir super funktionieren. Aber er kann auch nicht die gew\u00fcnschte Wirkung entfalten. Hierf\u00fcr musst du meist mehrere Kletter Handcremen ausprobieren.<\/p>\n<p>Denn jede Haut ist anders! Erstens haben wir alle einen anderen Haut ph-Wert. Zweitens reagieren wir alle auf die Inhaltsstoffe ganz unterschiedlich.<\/p>\n<p>Wenn man daher mehrere Cremen ausprobiert, kommt man bald darauf was einem hilft!<\/p>\n<h3>Climbers Hand Repair Balm &#8211; 100% nat\u00fcrlich<\/h3>\n<p>Dieser Kletter Handbalsam hat ausschlie\u00dflich nat\u00fcrliche Inhaltsstoffe. Der wohlriechende Balsam basiert auf Bienenwachs bzw. nat\u00fcrlichen \u00f6len. Wie Mandel und Aprikosen. Zudem kommen heilende Wirkstoffe der Kamille und Ringelblume dazu. Zudem befinden sich aus Aloe Vera sowie Jojoba und zudem Oliven\u00f6l im Balsam. Feine Sache!<\/p>\n<h4><strong>Link Tipp<\/strong><\/h4>\n<p>Cooles <a href=\"https:\/\/youtu.be\/WoftTE0RPl0\" target=\"_blank\" rel=\"noopener\">Video<\/a> zum Thema Hautpflege bei Kletterern.<\/p>\n","protected":false},"excerpt":{"rendered":"<ul>\n<li>Hersteller: <a href=\"https:\/\/bolting.eu\/produkt-kategorie\/metolius\/\">Metolius<\/a><\/li>\n<li>Inhalt: 28 Gramm Kletterer Handbalsam<\/li>\n<li>Verpackung: Alu Dose<\/li>\n<li>Anwendung: nach dem Klettern auf gewaschene H\u00e4nde auftragen<\/li>\n<li>100% nat\u00fcrliche Inhaltsstoffe<\/li>\n<\/ul>\n","protected":false},"featured_media":7187,"comment_status":"open","ping_status":"closed","template":"","meta":[],"product_brand":[],"product_cat":[4657,5061,29,5284,6357],"product_tag":[],"class_list":{"0":"post-7185","1":"product","2":"type-product","3":"status-publish","4":"has-post-thumbnail","6":"product_cat-metolius","7":"product_cat-kletterzubehoer","8":"product_cat-kletterausruestung","9":"product_cat-boulder-ausruestung","10":"product_cat-boulder-zubehoer","12":"first","13":"outofstock","14":"taxable","15":"shipping-taxable","16":"purchasable","17":"product-type-simple"},"yoast_head":"<!-- This site is optimized with the Yoast SEO Premium plugin v26.9 (Yoast SEO v26.9) - https:\/\/yoast.com\/product\/yoast-seo-premium-wordpress\/ -->\n<title>Climbers Hand Repair Balm Metolius - 100% nat\u00fcrlich | bolting.eu<\/title>\n<meta name=\"description\" content=\"Hier findest Du den CLIMBERS HAND REPAIR BALM von Metolius. 28 Gramm Dose mit 100% nat\u00fcrlichen Inhaltsstoffen f\u00fcr optimale Hautregeneration!\" \/>\n<meta name=\"robots\" content=\"index, follow, max-snippet:-1, max-image-preview:large, max-video-preview:-1\" \/>\n<link rel=\"canonical\" href=\"https:\/\/bolting.eu\/en\/shop\/climbers-hand-repair-balm\/\" \/>\n<meta property=\"og:locale\" content=\"en_US\" \/>\n<meta property=\"og:type\" content=\"article\" \/>\n<meta property=\"og:title\" content=\"Climbers Hand Repair Balm\" \/>\n<meta property=\"og:description\" content=\"Hier findest Du den CLIMBERS HAND REPAIR BALM von Metolius. 28 Gramm Dose mit 100% nat\u00fcrlichen Inhaltsstoffen f\u00fcr optimale Hautregeneration!\" \/>\n<meta property=\"og:url\" content=\"https:\/\/bolting.eu\/en\/shop\/climbers-hand-repair-balm\/\" \/>\n<meta property=\"og:site_name\" content=\"bolting.eu\" \/>\n<meta property=\"article:publisher\" content=\"https:\/\/www.facebook.com\/bolting.eu\" \/>\n<meta property=\"article:modified_time\" content=\"2023-02-16T18:34:29+00:00\" \/>\n<meta property=\"og:image\" content=\"https:\/\/bolting.eu\/wp-content\/uploads\/2020\/12\/Climbers-Hand-Repair-Balm-2.jpg\" \/>\n\t<meta property=\"og:image:width\" content=\"700\" \/>\n\t<meta property=\"og:image:height\" content=\"700\" \/>\n\t<meta property=\"og:image:type\" content=\"image\/jpeg\" \/>\n<meta name=\"twitter:card\" content=\"summary_large_image\" \/>\n<meta name=\"twitter:label1\" content=\"Price\" \/>\n\t<meta name=\"twitter:data1\" content=\"&euro;&nbsp;12,90\" \/>\n\t<meta name=\"twitter:label2\" content=\"Availability\" \/>\n\t<meta name=\"twitter:data2\" content=\"Out of stock\" \/>\n<script type=\"application\/ld+json\" class=\"yoast-schema-graph\">{\"@context\":\"https:\/\/schema.org\",\"@graph\":[{\"@type\":[\"WebPage\",\"ItemPage\"],\"@id\":\"https:\/\/bolting.eu\/en\/shop\/climbers-hand-repair-balm\/\",\"url\":\"https:\/\/bolting.eu\/en\/shop\/climbers-hand-repair-balm\/\",\"name\":\"Climbers Hand Repair Balm Metolius - 100% nat\u00fcrlich | bolting.eu\",\"isPartOf\":{\"@id\":\"https:\/\/bolting.eu\/en\/#website\"},\"primaryImageOfPage\":{\"@id\":\"https:\/\/bolting.eu\/en\/shop\/climbers-hand-repair-balm\/#primaryimage\"},\"image\":{\"@id\":\"https:\/\/bolting.eu\/en\/shop\/climbers-hand-repair-balm\/#primaryimage\"},\"thumbnailUrl\":\"https:\/\/bolting.eu\/wp-content\/uploads\/2020\/12\/Climbers-Hand-Repair-Balm-2.jpg\",\"datePublished\":\"2020-12-29T15:40:33+00:00\",\"dateModified\":\"2023-02-16T18:34:29+00:00\",\"description\":\"Hier findest Du den CLIMBERS HAND REPAIR BALM von Metolius. 28 Gramm Dose mit 100% nat\u00fcrlichen Inhaltsstoffen f\u00fcr optimale Hautregeneration!\",\"breadcrumb\":{\"@id\":\"https:\/\/bolting.eu\/en\/shop\/climbers-hand-repair-balm\/#breadcrumb\"},\"inLanguage\":\"en-US\",\"potentialAction\":[{\"@type\":\"ReadAction\",\"target\":[\"https:\/\/bolting.eu\/en\/shop\/climbers-hand-repair-balm\/\"]}]},{\"@type\":\"ImageObject\",\"inLanguage\":\"en-US\",\"@id\":\"https:\/\/bolting.eu\/en\/shop\/climbers-hand-repair-balm\/#primaryimage\",\"url\":\"https:\/\/bolting.eu\/wp-content\/uploads\/2020\/12\/Climbers-Hand-Repair-Balm-2.jpg\",\"contentUrl\":\"https:\/\/bolting.eu\/wp-content\/uploads\/2020\/12\/Climbers-Hand-Repair-Balm-2.jpg\",\"width\":700,\"height\":700,\"caption\":\"Das Bild zeigt eine Dose Metolius Climbers Hand Repair Balm. Man erkennt die kleine Aludose und den blauen Aufkleber mit dem Produktnamen und Logo.\"},{\"@type\":\"BreadcrumbList\",\"@id\":\"https:\/\/bolting.eu\/en\/shop\/climbers-hand-repair-balm\/#breadcrumb\",\"itemListElement\":[{\"@type\":\"ListItem\",\"position\":1,\"name\":\"Shop\",\"item\":\"https:\/\/bolting.eu\/en\/shop\/\"},{\"@type\":\"ListItem\",\"position\":2,\"name\":\"Boulder Ausr\u00fcstung\",\"item\":\"https:\/\/bolting.eu\/produkt-kategorie\/boulder-ausruestung\/\"},{\"@type\":\"ListItem\",\"position\":3,\"name\":\"Boulder accessories\",\"item\":\"https:\/\/bolting.eu\/en\/produkt-kategorie\/boulder-accessories\/\"},{\"@type\":\"ListItem\",\"position\":4,\"name\":\"Climbers Hand Repair Balm\"}]},{\"@type\":\"WebSite\",\"@id\":\"https:\/\/bolting.eu\/en\/#website\",\"url\":\"https:\/\/bolting.eu\/en\/\",\"name\":\"bolting.eu\",\"description\":\"we make climbs happen\",\"publisher\":{\"@id\":\"https:\/\/bolting.eu\/en\/#organization\"},\"potentialAction\":[{\"@type\":\"SearchAction\",\"target\":{\"@type\":\"EntryPoint\",\"urlTemplate\":\"https:\/\/bolting.eu\/en\/?s={search_term_string}\"},\"query-input\":{\"@type\":\"PropertyValueSpecification\",\"valueRequired\":true,\"valueName\":\"search_term_string\"}}],\"inLanguage\":\"en-US\"},{\"@type\":[\"Organization\",\"Place\",\"SportingGoodsStore\"],\"@id\":\"https:\/\/bolting.eu\/en\/#organization\",\"name\":\"bolting.eu\",\"url\":\"https:\/\/bolting.eu\/en\/\",\"logo\":{\"@id\":\"https:\/\/bolting.eu\/en\/shop\/climbers-hand-repair-balm\/#local-main-organization-logo\"},\"image\":{\"@id\":\"https:\/\/bolting.eu\/en\/shop\/climbers-hand-repair-balm\/#local-main-organization-logo\"},\"sameAs\":[\"https:\/\/www.facebook.com\/bolting.eu\",\"https:\/\/www.instagram.com\/bolting.eu\/\"],\"address\":{\"@id\":\"https:\/\/bolting.eu\/en\/shop\/climbers-hand-repair-balm\/#local-main-place-address\"},\"geo\":{\"@type\":\"GeoCoordinates\",\"latitude\":\"47.264176340396226\",\"longitude\":\"11.380109057672346\"},\"telephone\":[\"+43 699 19083372\"],\"openingHoursSpecification\":[{\"@type\":\"OpeningHoursSpecification\",\"dayOfWeek\":[\"Monday\",\"Wednesday\",\"Friday\"],\"opens\":\"14:00\",\"closes\":\"18:00\"},{\"@type\":\"OpeningHoursSpecification\",\"dayOfWeek\":[\"Tuesday\",\"Thursday\",\"Saturday\",\"Sunday\"],\"opens\":\"00:00\",\"closes\":\"00:00\"}],\"email\":\"office@bolting.eu\",\"vatID\":\"ATU59999728\",\"priceRange\":\"$$\",\"currenciesAccepted\":\"Euro\"},{\"@type\":\"PostalAddress\",\"@id\":\"https:\/\/bolting.eu\/en\/shop\/climbers-hand-repair-balm\/#local-main-place-address\",\"streetAddress\":\"Fischnalerstra\u00dfe 4\",\"addressLocality\":\"Innsbruck\",\"postalCode\":\"6020\",\"addressRegion\":\"Tirol\",\"addressCountry\":\"AT\"},{\"@type\":\"ImageObject\",\"inLanguage\":\"en-US\",\"@id\":\"https:\/\/bolting.eu\/en\/shop\/climbers-hand-repair-balm\/#local-main-organization-logo\",\"url\":\"https:\/\/bolting.eu\/wp-content\/uploads\/2019\/09\/bolting-logo.png\",\"contentUrl\":\"https:\/\/bolting.eu\/wp-content\/uploads\/2019\/09\/bolting-logo.png\",\"width\":400,\"height\":211,\"caption\":\"bolting.eu\"}]}<\/script>\n<meta property=\"product:price:amount\" content=\"12.90\" \/>\n<meta property=\"product:price:currency\" content=\"EUR\" \/>\n<meta property=\"og:availability\" content=\"out of stock\" \/>\n<meta property=\"product:availability\" content=\"out of stock\" \/>\n<meta property=\"product:retailer_item_id\" content=\"hand010\" \/>\n<meta property=\"product:condition\" content=\"new\" \/>\n<meta name=\"geo.placename\" content=\"Innsbruck\" \/>\n<meta name=\"geo.position\" content=\"47.264176340396226;11.380109057672346\" \/>\n<meta name=\"geo.region\" content=\"Austria\" \/>\n<!-- \/ Yoast SEO Premium plugin. -->","yoast_head_json":{"title":"Climbers Hand Repair Balm Metolius - 100% nat\u00fcrlich | bolting.eu","description":"Hier findest Du den CLIMBERS HAND REPAIR BALM von Metolius. 28 Gramm Dose mit 100% nat\u00fcrlichen Inhaltsstoffen f\u00fcr optimale Hautregeneration!","robots":{"index":"index","follow":"follow","max-snippet":"max-snippet:-1","max-image-preview":"max-image-preview:large","max-video-preview":"max-video-preview:-1"},"canonical":"https:\/\/bolting.eu\/en\/shop\/climbers-hand-repair-balm\/","og_locale":"en_US","og_type":"article","og_title":"Climbers Hand Repair Balm","og_description":"Hier findest Du den CLIMBERS HAND REPAIR BALM von Metolius. 28 Gramm Dose mit 100% nat\u00fcrlichen Inhaltsstoffen f\u00fcr optimale Hautregeneration!","og_url":"https:\/\/bolting.eu\/en\/shop\/climbers-hand-repair-balm\/","og_site_name":"bolting.eu","article_publisher":"https:\/\/www.facebook.com\/bolting.eu","article_modified_time":"2023-02-16T18:34:29+00:00","og_image":[{"width":700,"height":700,"url":"https:\/\/bolting.eu\/wp-content\/uploads\/2020\/12\/Climbers-Hand-Repair-Balm-2.jpg","type":"image\/jpeg"}],"twitter_card":"summary_large_image","twitter_misc":{"Price":"&euro;&nbsp;12,90","Availability":"Out of stock"},"schema":{"@context":"https:\/\/schema.org","@graph":[{"@type":["WebPage","ItemPage"],"@id":"https:\/\/bolting.eu\/en\/shop\/climbers-hand-repair-balm\/","url":"https:\/\/bolting.eu\/en\/shop\/climbers-hand-repair-balm\/","name":"Climbers Hand Repair Balm Metolius - 100% nat\u00fcrlich | bolting.eu","isPartOf":{"@id":"https:\/\/bolting.eu\/en\/#website"},"primaryImageOfPage":{"@id":"https:\/\/bolting.eu\/en\/shop\/climbers-hand-repair-balm\/#primaryimage"},"image":{"@id":"https:\/\/bolting.eu\/en\/shop\/climbers-hand-repair-balm\/#primaryimage"},"thumbnailUrl":"https:\/\/bolting.eu\/wp-content\/uploads\/2020\/12\/Climbers-Hand-Repair-Balm-2.jpg","datePublished":"2020-12-29T15:40:33+00:00","dateModified":"2023-02-16T18:34:29+00:00","description":"Hier findest Du den CLIMBERS HAND REPAIR BALM von Metolius. 28 Gramm Dose mit 100% nat\u00fcrlichen Inhaltsstoffen f\u00fcr optimale Hautregeneration!","breadcrumb":{"@id":"https:\/\/bolting.eu\/en\/shop\/climbers-hand-repair-balm\/#breadcrumb"},"inLanguage":"en-US","potentialAction":[{"@type":"ReadAction","target":["https:\/\/bolting.eu\/en\/shop\/climbers-hand-repair-balm\/"]}]},{"@type":"ImageObject","inLanguage":"en-US","@id":"https:\/\/bolting.eu\/en\/shop\/climbers-hand-repair-balm\/#primaryimage","url":"https:\/\/bolting.eu\/wp-content\/uploads\/2020\/12\/Climbers-Hand-Repair-Balm-2.jpg","contentUrl":"https:\/\/bolting.eu\/wp-content\/uploads\/2020\/12\/Climbers-Hand-Repair-Balm-2.jpg","width":700,"height":700,"caption":"Das Bild zeigt eine Dose Metolius Climbers Hand Repair Balm. Man erkennt die kleine Aludose und den blauen Aufkleber mit dem Produktnamen und Logo."},{"@type":"BreadcrumbList","@id":"https:\/\/bolting.eu\/en\/shop\/climbers-hand-repair-balm\/#breadcrumb","itemListElement":[{"@type":"ListItem","position":1,"name":"Shop","item":"https:\/\/bolting.eu\/en\/shop\/"},{"@type":"ListItem","position":2,"name":"Boulder Ausr\u00fcstung","item":"https:\/\/bolting.eu\/produkt-kategorie\/boulder-ausruestung\/"},{"@type":"ListItem","position":3,"name":"Boulder accessories","item":"https:\/\/bolting.eu\/en\/produkt-kategorie\/boulder-accessories\/"},{"@type":"ListItem","position":4,"name":"Climbers Hand Repair Balm"}]},{"@type":"WebSite","@id":"https:\/\/bolting.eu\/en\/#website","url":"https:\/\/bolting.eu\/en\/","name":"bolting.eu","description":"we make climbs happen","publisher":{"@id":"https:\/\/bolting.eu\/en\/#organization"},"potentialAction":[{"@type":"SearchAction","target":{"@type":"EntryPoint","urlTemplate":"https:\/\/bolting.eu\/en\/?s={search_term_string}"},"query-input":{"@type":"PropertyValueSpecification","valueRequired":true,"valueName":"search_term_string"}}],"inLanguage":"en-US"},{"@type":["Organization","Place","SportingGoodsStore"],"@id":"https:\/\/bolting.eu\/en\/#organization","name":"bolting.eu","url":"https:\/\/bolting.eu\/en\/","logo":{"@id":"https:\/\/bolting.eu\/en\/shop\/climbers-hand-repair-balm\/#local-main-organization-logo"},"image":{"@id":"https:\/\/bolting.eu\/en\/shop\/climbers-hand-repair-balm\/#local-main-organization-logo"},"sameAs":["https:\/\/www.facebook.com\/bolting.eu","https:\/\/www.instagram.com\/bolting.eu\/"],"address":{"@id":"https:\/\/bolting.eu\/en\/shop\/climbers-hand-repair-balm\/#local-main-place-address"},"geo":{"@type":"GeoCoordinates","latitude":"47.264176340396226","longitude":"11.380109057672346"},"telephone":["+43 699 19083372"],"openingHoursSpecification":[{"@type":"OpeningHoursSpecification","dayOfWeek":["Monday","Wednesday","Friday"],"opens":"14:00","closes":"18:00"},{"@type":"OpeningHoursSpecification","dayOfWeek":["Tuesday","Thursday","Saturday","Sunday"],"opens":"00:00","closes":"00:00"}],"email":"office@bolting.eu","vatID":"ATU59999728","priceRange":"$$","currenciesAccepted":"Euro"},{"@type":"PostalAddress","@id":"https:\/\/bolting.eu\/en\/shop\/climbers-hand-repair-balm\/#local-main-place-address","streetAddress":"Fischnalerstra\u00dfe 4","addressLocality":"Innsbruck","postalCode":"6020","addressRegion":"Tirol","addressCountry":"AT"},{"@type":"ImageObject","inLanguage":"en-US","@id":"https:\/\/bolting.eu\/en\/shop\/climbers-hand-repair-balm\/#local-main-organization-logo","url":"https:\/\/bolting.eu\/wp-content\/uploads\/2019\/09\/bolting-logo.png","contentUrl":"https:\/\/bolting.eu\/wp-content\/uploads\/2019\/09\/bolting-logo.png","width":400,"height":211,"caption":"bolting.eu"}]},"product_price_amount":"12.90","product_price_currency":"EUR","og_availability":"out of stock","product_availability":"out of stock","product_retailer_item_id":"hand010","product_condition":"new","geo.placename":"Innsbruck","geo.position":{"lat":"47.264176340396226","long":"11.380109057672346"},"geo.region":"Austria"},"_links":{"self":[{"href":"https:\/\/bolting.eu\/en\/wp-json\/wp\/v2\/product\/7185","targetHints":{"allow":["GET"]}}],"collection":[{"href":"https:\/\/bolting.eu\/en\/wp-json\/wp\/v2\/product"}],"about":[{"href":"https:\/\/bolting.eu\/en\/wp-json\/wp\/v2\/types\/product"}],"replies":[{"embeddable":true,"href":"https:\/\/bolting.eu\/en\/wp-json\/wp\/v2\/comments?post=7185"}],"wp:featuredmedia":[{"embeddable":true,"href":"https:\/\/bolting.eu\/en\/wp-json\/wp\/v2\/media\/7187"}],"wp:attachment":[{"href":"https:\/\/bolting.eu\/en\/wp-json\/wp\/v2\/media?parent=7185"}],"wp:term":[{"taxonomy":"product_brand","embeddable":true,"href":"https:\/\/bolting.eu\/en\/wp-json\/wp\/v2\/product_brand?post=7185"},{"taxonomy":"product_cat","embeddable":true,"href":"https:\/\/bolting.eu\/en\/wp-json\/wp\/v2\/product_cat?post=7185"},{"taxonomy":"product_tag","embeddable":true,"href":"https:\/\/bolting.eu\/en\/wp-json\/wp\/v2\/product_tag?post=7185"}],"curies":[{"name":"wp","href":"https:\/\/api.w.org\/{rel}","templated":true}]}}